{"id":654,"date":"2024-04-19T13:24:42","date_gmt":"2024-04-19T11:24:42","guid":{"rendered":"https:\/\/www.artisanlocal.ch\/c\/depannage-urgence-chauffagiste-a-martigny\/"},"modified":"2025-08-26T19:29:53","modified_gmt":"2025-08-26T17:29:53","slug":"depannage-urgence-chauffagiste-a-martigny","status":"publish","type":"page","link":"https:\/\/www.artisanlocal.ch\/c\/depannage-urgence-chauffagiste-a-martigny\/","title":{"rendered":"D\u00e9pannage Urgence Chauffagiste \u00e0 Martigny ?"},"content":{"rendered":"<p>Vous recherchez un expert en chauffage \u00e0 Martigny ? Dans le cas o\u00f9 vous seriez un Octodurien, Artisanlocal s&rsquo;occupe de l&rsquo;installation et de la r\u00e9paration de votre \u00e9quipement de chauffage. Si vous travaillez avec nous, vous b\u00e9n\u00e9ficiez :<\/p>\n<ul>\n<li>de prix clair,<\/li>\n<li>de services de qualit\u00e9,<\/li>\n<li>de services \u00e0 Martigny et dans les municipalit\u00e9s proches,<\/li>\n<li>d&rsquo;un personnel qualifi\u00e9 et avec de l&rsquo;exp\u00e9rience,<\/li>\n<li>d&rsquo;estimations sans frais,<\/li>\n<li>d&rsquo;une \u00e9quipe accessible du lundi au samedi.<\/li>\n<\/ul>\n\r\n<div class=\"box\">\r\n            <div class=\"company-info\">\r\n            <img decoding=\"async\" class=\"company-info__logo\" src=\"https:\/\/www.artisanlocal.ch\/media\/cache\/thumb\/images\/companies\/68ee12ef46336297758106.png\" alt=\"Logo\">\r\n            <h2 class=\"company-info__name\">Valtherm Tech S\u00e0rl<\/h2>\r\n            <p class=\"company-info__business\">Chauffages - Sanitaire - D\u00e9pannage - Bureau d'ing\u00e9nieur - R\u00e9novation - Climatisation<\/p>\r\n        <\/div>\r\n        <div class=\"company-contact\">\r\n            <p class=\"company-info__address\">Rue de B\u00e9vignoux 5<\/p>\r\n                            <div class=\"links\">\r\n                                            <a class=\"btn has-accent-background-color js-phoneNumber\" href=\"tel:0792825438\" title=\"Appelez\" data-id=\"29371\" data-type=\"11\">079 282 54 38<\/a>\r\n                                                                <a class=\"btn has-accent-background-color\" href=\"https:\/\/valtherm-tech.ch\/\" target=\"_blank\" title=\"Voir le site internet\" data-id=\"29371\" data-type=\"20\">Site internet<\/a>\r\n                                    <\/div>\r\n                    <\/div>\r\n    \r\n            \r\n<form action=\"https:\/\/www.artisanlocal.ch\/c\/wp-admin\/admin-ajax.php\" method=\"post\" class=\"form-contact\" id=\"artisan_form_contact_company_inline\">\r\n    <div><input type=\"hidden\" name=\"action\" value=\"company_contact\"><\/div>\r\n    <div><input type=\"hidden\" name=\"nonce\" value=\"85ec494698\"><\/div>\r\n    <div><input type=\"hidden\" name=\"company_id\" value=\"29371\"><\/div>\r\n    <div><input type=\"hidden\" name=\"form_id\" value=\"artisan_form_contact_company_inline\"><\/div>\r\n    <div class=\"gglcptch gglcptch_v3 gglcptch_custom\"><input type=\"hidden\" id=\"g-recaptcha-response\" name=\"g-recaptcha-response\" \/><br \/><div class=\"gglcptch_error_text\">La p\u00e9riode de v\u00e9rification reCAPTCHA a expir\u00e9. Veuillez recharger la page.<\/div><\/div>    <div class=\"form-content\">\r\n        <div class=\"form-group\">\r\n            <label for=\"contact_firstName\" class=\"required\">Pr\u00e9nom<\/label>\r\n            <input type=\"text\" name=\"firstName\" class=\"form-control\" required>\r\n        <\/div>\r\n        <div class=\"form-group\">\r\n            <label for=\"contact_lastName\" class=\"required\">Nom<\/label>\r\n            <input type=\"text\" name=\"lastName\" class=\"form-control\" required>\r\n        <\/div>\r\n        <div class=\"form-group\">\r\n            <label for=\"contact_email\" class=\"required\">Email<\/label>\r\n            <input type=\"email\" name=\"email\" class=\"form-control\" required>\r\n        <\/div>\r\n        <div class=\"form-group\">\r\n            <label for=\"contact_phone\" class=\"required\">Num\u00e9ro de t\u00e9l\u00e9phone<\/label>\r\n            <input type=\"tel\" name=\"phone\" class=\"form-control\" placeholder=\"0787117165\" pattern=\"^[0-9]{10}$\" required>\r\n        <\/div>\r\n        <div class=\"form-group\">\r\n            <label for=\"contact_postalCode\" class=\"required\">Code postal et localit\u00e9<\/label>\r\n            <input type=\"text\" name=\"postalCode\" class=\"form-control\" required>\r\n        <\/div>\r\n        <div class=\"form-group\">\r\n            <label for=\"contact_address\" class=\"required\">Adresse<\/label>\r\n            <input type=\"text\" name=\"address\" class=\"form-control\" required>\r\n        <\/div>\r\n        <div class=\"full-width topic\">\r\n            <p class=\"required\">Je souhaite \u00eatre contact\u00e9 pour :<\/p>\r\n            <div class=\"form-check\">\r\n                <input type=\"radio\" name=\"topic\" value=\"D\u00e9pannage\" class=\"form-control\" required>\r\n                <label for=\"d\u00e9pannage\">D\u00e9pannage<\/label>\r\n            <\/div>\r\n            <div class=\"form-check\">\r\n                <input type=\"radio\" name=\"topic\" value=\"Entretien\" class=\"form-control\" required>\r\n                <label for=\"entretien\">Entretien<\/label>\r\n            <\/div>\r\n            <div class=\"form-check\">\r\n                <input type=\"radio\" name=\"topic\" value=\"R\u00e9novation\" class=\"form-control\" required>\r\n                <label for=\"r\u00e9novation\">R\u00e9novation<\/label>\r\n            <\/div>\r\n            <div class=\"form-check\">\r\n                <input type=\"radio\" name=\"topic\" value=\"Autre\" class=\"form-control\" required>\r\n                <label for=\"autre\">Autre<\/label>\r\n            <\/div>\r\n        <\/div>\r\n        <div class=\"form-group full-width\">\r\n            <label for=\"contact_message\">Message<\/label>\r\n            <textarea name=\"message\" rows=\"3\" class=\"form-control\"><\/textarea>\r\n        <\/div>\r\n    <\/div>\r\n    <div class=\"form-actions\">\r\n        <button class=\"wp-block-button__link has-accent-background-color\">Contacter<\/button>\r\n    <\/div>\r\n<\/form>\r\n<div class=\"form-feedback\"><\/div>    <\/div>\n<h2>Pourquoi choisir Artisanlocal ?<\/h2>\n<p>\u00c9valuation rapide de votre projet : une fois que nous recevons votre demande de contact, notre technicien \u00e0 Martigny prend contact avec vous dans la journ\u00e9e.<\/p>\n<p>D\u00e9placement de notre chauffagiste chez vous : notre chauffagiste Octodurien se d\u00e9place \u00e0 votre domicile le jour m\u00eame pour estimer le montant de votre chantier et contr\u00f4ler la faisabilit\u00e9 de votre projet. Vous recevrez un devis et pourrez poser toutes vos questions.<\/p>\n<p>Mise en place de votre chauffage en 24 \u00e0 48 heures : une fois que vous avez accept\u00e9 notre offre. Nous fixerons le jour de notre intervention avec vous.<\/p>\n<p>D\u00e9pannage et entretien : si une panne survient chaudi\u00e8re, chauffe-eau ou syst\u00e8me de chauffage. Nous sommes pr\u00eats \u00e0 intervenir \u00e0 Martigny ainsi que dans les villes proches.<\/p>\n<h2>Pourquoi est-il important de d\u00e9panner votre chauffage ?<\/h2>\n<p>Avoir un chauffage qui marche est important, si vous avez de jeunes enfants. Nos chauffagistes vous aident \u00e0 param\u00e9trer la temp\u00e9rature id\u00e9ale et le taux de monoxyde de carbone g\u00e9n\u00e9r\u00e9 par votre \u00e9quipement de chauffage. Nos experts assurent la maintenance et l&rsquo;entretien de votre chauffage, peu importe le mod\u00e8le : \u00e0 accumulation, basse temp\u00e9rature, \u00e9lectrique, fioul, condensation ou \u00e0 gaz.<\/p>\n<h2>Votre entreprise propose-t-elle une assistance t\u00e9l\u00e9phonique ?<\/h2>\n<p>Absolument, nous pouvons vous aider par t\u00e9l\u00e9phone. En nous expliquant votre probl\u00e8me par mail ou t\u00e9l\u00e9phone, nous identifierons la meilleure solution pour r\u00e9soudre votre probl\u00e8me. Il faut garder en t\u00eate que dans la majorit\u00e9 des cas, un technicien doit se d\u00e9placer chez vous pour d\u00e9celer et corriger votre probl\u00e8me de chauffage.<\/p>\n<h2>Comment fonctionne Artisanlocal ?<\/h2>\n<ol>\n<li>Premi\u00e8re prise de contact : il est n\u00e9cessaire que vous preniez contact avec nous par e-mail ou par t\u00e9l\u00e9phone.<\/li>\n<li>D\u00e9placement : un de nos techniciens intervient \u00e0 votre logement.<\/li>\n<li>Estimation : le technicien estimera votre situation actuelle dans le but de calculer le volume de vos pi\u00e8ces, et prendre en compte l&rsquo;isolation existante et la superficie totale.<\/li>\n<li>Indication : une proposition vous sera propos\u00e9e en fonction de vos besoins et votre budget.<\/li>\n<li>Devis : vous obtenez une estimation d\u00e9taill\u00e9e, vous pr\u00e9sentant les diverses d\u00e9penses.<\/li>\n<li>Pose : apr\u00e8s avoir accept\u00e9 notre estimation et en fonction de votre agenda, nous installons votre syst\u00e8me de chauffage, et r\u00e9glons le thermostat.<\/li>\n<\/ol>\n<h2>Quelle est la solution de chauffage la plus adapt\u00e9e pour votre habitation ?<\/h2>\n<p>Notre expert chauffagiste vous conseille pour trouver la meilleure solution, il vous conseille parmi les chauffages existants, comme les chauffages : \u00e0 gaz, \u00e9lectriques, fioul, classiques, condensation ou basses temp\u00e9ratures.<\/p>\n<p>Bien que les chauffages \u00e0 condensation ou basses temp\u00e9ratures valent plus cher \u00e0 l&rsquo;achat, mais ils contribuent \u00e0 r\u00e9aliser des \u00e9conomies sur la dur\u00e9e.<\/p>\n<p>De plus, avant de poser votre chauffage, il convient de configurer votre thermostat selon votre habitation et vos besoins. Le technicien chauffagiste qui intervient chez vous a une grande exp\u00e9rience. Vous trouverez dans notre estimation les \u00e9l\u00e9ments de notre intervention.<\/p>\n<h2>Maintenance de votre chauffage \u00e0 Martigny<\/h2>\n<p>Assurez-vous de faire l&rsquo;entretien de votre chauffage chaque ann\u00e9e, qu&rsquo;il soit au gaz ou au fioul. L&rsquo;entretien de votre syst\u00e8me de chauffage permet de contr\u00f4ler le taux de monoxyde de carbone qui se d\u00e9gage. \u00c0 noter, si votre chauffage produit excessivement de monoxyde de carbone, il est probable d&rsquo;intoxiquer les membres de votre maison. Le chauffagiste qui se d\u00e9place chez vous contr\u00f4le et r\u00e8gle le taux de monoxyde de carbone de mani\u00e8re \u00e0 vous \u00e9viter d&rsquo;avoir des potentiels soucis de sant\u00e9.<\/p>\n<h2>Contrat de r\u00e9vision pour votre chauffage \u00e0 Martigny<\/h2>\n<p>Nous proposons des contrats de maintenance pour votre chauffage afin d&rsquo;en assurer le fonctionnement optimal. Avec un entretien r\u00e9gulier, vous faites des \u00e9conomies en emp\u00eachant les dysfonctionnements et les interventions en urgence.<\/p>\n<p>D&rsquo;autre part, dans le cas o\u00f9 vous auriez un d\u00e9g\u00e2t ou un sinistre, votre assurance vous demande le contrat de maintenance afin de comparer l&rsquo;\u00e9tat de votre chauffage en amont l&rsquo;accident. Vous avez le choix de signer avec notre entreprise un contrat d&rsquo;assistance pluriannuel ou annuel.<\/p>\n<h2>Pourquoi signer un contrat de maintenance pour votre chauffage ?<\/h2>\n<p>Si vous avez une pi\u00e8ce qui est endommag\u00e9e, nous la rempla\u00e7ons en priorit\u00e9, nous nous engageons \u00e0 v\u00e9rifier l&rsquo;ensemble de votre chauffage, comme :<\/p>\n<ul>\n<li>Les pressions de vos tuyaux,<\/li>\n<li>l&rsquo;entretien des tuyaux de raccordement, et des parties chauffantes.<\/li>\n<\/ul>\n<h2>Quelles sont les diff\u00e9rentes prestations propos\u00e9es par votre soci\u00e9t\u00e9 ?<\/h2>\n<p>Nos chauffagistes se d\u00e9placent dans votre foyer, pour effectuer :<\/p>\n<ul>\n<li>le d\u00e9tartrage et le d\u00e9sembouage de radiateur,<\/li>\n<li>la purge de l&rsquo;air de vos radiateurs,<\/li>\n<li>l\u2019entretien de votre chauffage, chaudi\u00e8re et chauffe-eau,<\/li>\n<li>l&rsquo;ajustement des thermostats,<\/li>\n<li>l&rsquo;entretien des chaudi\u00e8res \u00e0 condensation, basses temp\u00e9ratures, \u00e0 gaz, \u00e0 fioul, \u00e0 accumulation et \u00e9lectriques,<\/li>\n<li>la r\u00e9paration de la vanne de purge,<\/li>\n<li>l&rsquo;intervention et la r\u00e9paration de vos pannes : fuite de canalisation, radiateur qui ne marche plus, chaudi\u00e8re, etc.<\/li>\n<li>la mise en place de : radiateur \u00e9lectrique, plancher chauffant, pompe \u00e0 chaleur, chauffage, chaudi\u00e8re, etc.<\/li>\n<\/ul>\n<h2>Foire aux questions<\/h2>\n<h3>Pourquoi avoir recours \u00e0 un technicien chauffagiste Octodurien ?<\/h3>\n<p>D\u00e9velopper votre confort : un chauffage efficace permet de garder une temp\u00e9rature stable dans votre logement.<\/p>\n<p>Faire des \u00e9conomies : en investissant dans des \u00e9quipements de qualit\u00e9, par exemple l&rsquo;isolation et le chauffage, vous baissez vos \u00e9missions de carbone et vous faites des \u00e9conomies.<\/p>\n<p>Renforcer la s\u00fbret\u00e9 de vos installations : un bon syst\u00e8me de chauffage permet de r\u00e9pondre aux normes de fiabilit\u00e9 actuelles (par exemple, pour diminuer les taux de monoxyde de carbone).<\/p>\n<p>Pr\u00e9venir les probl\u00e8mes : un technicien peut anticiper de potentiels dommages provoqu\u00e9s par vos \u00e9quipements, juste en examinant vos installations.<\/p>\n<h3>Comment choisir le bon chauffagiste \u00e0 Martigny ?<\/h3>\n<p>La qualification : v\u00e9rifiez les certifications qui atteste que l\u2019entreprise \u00e0 un v\u00e9ritable savoir-faire dans son domaine d&rsquo;expertise.<\/p>\n<p>Les cas clients : prenez le temps de consulter les avis des clients ayant d\u00e9j\u00e0 collabor\u00e9 avec les entreprises.<\/p>\n<p>Les garanties : assurez-vous que l&rsquo;entreprise de chauffage dispose d&rsquo;une garantie assurance qui couvrira les possibles dommages occasionn\u00e9s lors de ses interventions.<\/p>\n<h3>\u00c0 quelle rapidit\u00e9 intervenez-vous dans un foyer Octodurien ?<\/h3>\n<p>Nous op\u00e9rons chez vous dans un d\u00e9lai de deux heures (pour les situations d&rsquo;urgence) dans le cas contraire, nous pouvons agir au cours de la journ\u00e9e.<\/p>\n<h3>Intervenez-vous \u00e0 Martigny et aux alentours ?<\/h3>\n<p>Effectivement, nous effectuons nos interventions \u00e0 Martigny et dans les localit\u00e9s aux environs, comme : Charrat, Saxon, Riddes, Dugny (Leytron), Leytron, Montagnon (Leytron), Produit (Leytron), Saillon, Is\u00e9rables, Auddes-sur-Riddes, La Tzoumaz, Martigny-Croix, Fully, Chemin, Ravoire, Trient, Bovernier, Les Valettes (Bovernier), Chamoille (Sembrancher), La Garde (Sembrancher), Sembrancher, Vens (Sembrancher), Bruson, Le Ch\u00e2ble VS, Verbier, Orsi\u00e8res, Champex-Lac, Cries (Voll\u00e8ges), Voll\u00e8ges, Levron, Praz-de-Fort, La Fouly VS, Chandonne (Liddes), Chez Petit (Liddes), Dranse (Liddes), Fontaine Dessous (Liddes), Fontaine Dessus (Liddes), Fornex (Liddes), Les Moulins VS (Liddes), Liddes, Palasuit (Liddes), Petit Vich\u00e8res (Liddes), Rive Haute (Liddes), Vich\u00e8res (Liddes), Bourg-St-Pierre, Champsec, Verseg\u00e8res, Fionnay, Lourtier, Sarreyer, Mayens-de-Chamoson, Ovronnaz.<\/p>\n","protected":false},"excerpt":{"rendered":"<p>Vous recherchez un expert en chauffage \u00e0 Martigny ? Dans le cas o\u00f9 vous seriez un Octodurien, Artisanlocal s&rsquo;occupe de l&rsquo;installation et de la r\u00e9paration de votre \u00e9quipement de chauffage. Si vous travaillez avec nous, vous b\u00e9n\u00e9ficiez : de prix clair, de services de qualit\u00e9, de services \u00e0 Martigny et dans les municipalit\u00e9s proches, d&rsquo;un [&hellip;]<\/p>\n","protected":false},"author":4,"featured_media":2757,"parent":0,"menu_order":0,"comment_status":"closed","ping_status":"closed","template":"","meta":{"footnotes":""},"profession":[120],"location":[23],"canton":[110],"class_list":["post-654","page","type-page","status-publish","has-post-thumbnail","hentry","profession-chauffagiste","location-martigny","canton-vs"],"yoast_head":"<!-- This site is optimized with the Yoast SEO Premium plugin v25.7.1 (Yoast SEO v27.3) - https:\/\/yoast.com\/product\/yoast-seo-premium-wordpress\/ -->\n<title>D\u00e9pannage Urgence Chauffagiste \u00e0 Martigny ? - Artisanlocal<\/title>\n<meta name=\"robots\" content=\"index, follow, max-snippet:-1, max-image-preview:large, max-video-preview:-1\" \/>\n<link rel=\"canonical\" href=\"https:\/\/www.artisanlocal.ch\/c\/depannage-urgence-chauffagiste-a-martigny\/\" \/>\n<meta property=\"og:locale\" content=\"fr_FR\" \/>\n<meta property=\"og:type\" content=\"article\" \/>\n<meta property=\"og:title\" content=\"D\u00e9pannage Urgence Chauffagiste \u00e0 Martigny ?\" \/>\n<meta property=\"og:description\" content=\"Vous recherchez un expert en chauffage \u00e0 Martigny ? Dans le cas o\u00f9 vous seriez un Octodurien, Artisanlocal s&rsquo;occupe de l&rsquo;installation et de la r\u00e9paration de votre \u00e9quipement de chauffage. Si vous travaillez avec nous, vous b\u00e9n\u00e9ficiez : de prix clair, de services de qualit\u00e9, de services \u00e0 Martigny et dans les municipalit\u00e9s proches, d&rsquo;un [&hellip;]\" \/>\n<meta property=\"og:url\" content=\"https:\/\/www.artisanlocal.ch\/c\/depannage-urgence-chauffagiste-a-martigny\/\" \/>\n<meta property=\"og:site_name\" content=\"Artisanlocal\" \/>\n<meta property=\"article:modified_time\" content=\"2025-08-26T17:29:53+00:00\" \/>\n<meta property=\"og:image\" content=\"https:\/\/www.artisanlocal.ch\/c\/wp-content\/uploads\/2024\/10\/chauffagiste.jpg\" \/>\n\t<meta property=\"og:image:width\" content=\"1920\" \/>\n\t<meta property=\"og:image:height\" content=\"300\" \/>\n\t<meta property=\"og:image:type\" content=\"image\/jpeg\" \/>\n<meta name=\"twitter:card\" content=\"summary_large_image\" \/>\n<meta name=\"twitter:label1\" content=\"Dur\u00e9e de lecture estim\u00e9e\" \/>\n\t<meta name=\"twitter:data1\" content=\"6 minutes\" \/>\n<script type=\"application\/ld+json\" class=\"yoast-schema-graph\">{\"@context\":\"https:\\\/\\\/schema.org\",\"@graph\":[{\"@type\":\"WebPage\",\"@id\":\"https:\\\/\\\/www.artisanlocal.ch\\\/c\\\/depannage-urgence-chauffagiste-a-martigny\\\/\",\"url\":\"https:\\\/\\\/www.artisanlocal.ch\\\/c\\\/depannage-urgence-chauffagiste-a-martigny\\\/\",\"name\":\"D\u00e9pannage Urgence Chauffagiste \u00e0 Martigny ? - Artisanlocal\",\"isPartOf\":{\"@id\":\"https:\\\/\\\/www.artisanlocal.ch\\\/c\\\/#website\"},\"primaryImageOfPage\":{\"@id\":\"https:\\\/\\\/www.artisanlocal.ch\\\/c\\\/depannage-urgence-chauffagiste-a-martigny\\\/#primaryimage\"},\"image\":{\"@id\":\"https:\\\/\\\/www.artisanlocal.ch\\\/c\\\/depannage-urgence-chauffagiste-a-martigny\\\/#primaryimage\"},\"thumbnailUrl\":\"https:\\\/\\\/www.artisanlocal.ch\\\/c\\\/wp-content\\\/uploads\\\/2024\\\/10\\\/chauffagiste.jpg\",\"datePublished\":\"2024-04-19T11:24:42+00:00\",\"dateModified\":\"2025-08-26T17:29:53+00:00\",\"breadcrumb\":{\"@id\":\"https:\\\/\\\/www.artisanlocal.ch\\\/c\\\/depannage-urgence-chauffagiste-a-martigny\\\/#breadcrumb\"},\"inLanguage\":\"fr-FR\",\"potentialAction\":[{\"@type\":\"ReadAction\",\"target\":[\"https:\\\/\\\/www.artisanlocal.ch\\\/c\\\/depannage-urgence-chauffagiste-a-martigny\\\/\"]}]},{\"@type\":\"ImageObject\",\"inLanguage\":\"fr-FR\",\"@id\":\"https:\\\/\\\/www.artisanlocal.ch\\\/c\\\/depannage-urgence-chauffagiste-a-martigny\\\/#primaryimage\",\"url\":\"https:\\\/\\\/www.artisanlocal.ch\\\/c\\\/wp-content\\\/uploads\\\/2024\\\/10\\\/chauffagiste.jpg\",\"contentUrl\":\"https:\\\/\\\/www.artisanlocal.ch\\\/c\\\/wp-content\\\/uploads\\\/2024\\\/10\\\/chauffagiste.jpg\",\"width\":1920,\"height\":300},{\"@type\":\"BreadcrumbList\",\"@id\":\"https:\\\/\\\/www.artisanlocal.ch\\\/c\\\/depannage-urgence-chauffagiste-a-martigny\\\/#breadcrumb\",\"itemListElement\":[{\"@type\":\"ListItem\",\"position\":1,\"name\":\"Accueil\",\"item\":\"https:\\\/\\\/www.artisanlocal.ch\\\/c\\\/\"},{\"@type\":\"ListItem\",\"position\":2,\"name\":\"D\u00e9pannage Urgence Chauffagiste \u00e0 Martigny ?\"}]},{\"@type\":\"WebSite\",\"@id\":\"https:\\\/\\\/www.artisanlocal.ch\\\/c\\\/#website\",\"url\":\"https:\\\/\\\/www.artisanlocal.ch\\\/c\\\/\",\"name\":\"Artisanlocal\",\"description\":\"\",\"publisher\":{\"@id\":\"https:\\\/\\\/www.artisanlocal.ch\\\/c\\\/#organization\"},\"potentialAction\":[{\"@type\":\"SearchAction\",\"target\":{\"@type\":\"EntryPoint\",\"urlTemplate\":\"https:\\\/\\\/www.artisanlocal.ch\\\/c\\\/?s={search_term_string}\"},\"query-input\":{\"@type\":\"PropertyValueSpecification\",\"valueRequired\":true,\"valueName\":\"search_term_string\"}}],\"inLanguage\":\"fr-FR\"},{\"@type\":\"Organization\",\"@id\":\"https:\\\/\\\/www.artisanlocal.ch\\\/c\\\/#organization\",\"name\":\"Artisanlocal\",\"url\":\"https:\\\/\\\/www.artisanlocal.ch\\\/c\\\/\",\"logo\":{\"@type\":\"ImageObject\",\"inLanguage\":\"fr-FR\",\"@id\":\"https:\\\/\\\/www.artisanlocal.ch\\\/c\\\/#\\\/schema\\\/logo\\\/image\\\/\",\"url\":\"https:\\\/\\\/www.artisanlocal.ch\\\/c\\\/wp-content\\\/uploads\\\/2024\\\/02\\\/logo-artisanlocal-h.svg\",\"contentUrl\":\"https:\\\/\\\/www.artisanlocal.ch\\\/c\\\/wp-content\\\/uploads\\\/2024\\\/02\\\/logo-artisanlocal-h.svg\",\"caption\":\"Artisanlocal\"},\"image\":{\"@id\":\"https:\\\/\\\/www.artisanlocal.ch\\\/c\\\/#\\\/schema\\\/logo\\\/image\\\/\"}}]}<\/script>\n<!-- \/ Yoast SEO Premium plugin. -->","yoast_head_json":{"title":"D\u00e9pannage Urgence Chauffagiste \u00e0 Martigny ? - Artisanlocal","robots":{"index":"index","follow":"follow","max-snippet":"max-snippet:-1","max-image-preview":"max-image-preview:large","max-video-preview":"max-video-preview:-1"},"canonical":"https:\/\/www.artisanlocal.ch\/c\/depannage-urgence-chauffagiste-a-martigny\/","og_locale":"fr_FR","og_type":"article","og_title":"D\u00e9pannage Urgence Chauffagiste \u00e0 Martigny ?","og_description":"Vous recherchez un expert en chauffage \u00e0 Martigny ? Dans le cas o\u00f9 vous seriez un Octodurien, Artisanlocal s&rsquo;occupe de l&rsquo;installation et de la r\u00e9paration de votre \u00e9quipement de chauffage. Si vous travaillez avec nous, vous b\u00e9n\u00e9ficiez : de prix clair, de services de qualit\u00e9, de services \u00e0 Martigny et dans les municipalit\u00e9s proches, d&rsquo;un [&hellip;]","og_url":"https:\/\/www.artisanlocal.ch\/c\/depannage-urgence-chauffagiste-a-martigny\/","og_site_name":"Artisanlocal","article_modified_time":"2025-08-26T17:29:53+00:00","og_image":[{"width":1920,"height":300,"url":"https:\/\/www.artisanlocal.ch\/c\/wp-content\/uploads\/2024\/10\/chauffagiste.jpg","type":"image\/jpeg"}],"twitter_card":"summary_large_image","twitter_misc":{"Dur\u00e9e de lecture estim\u00e9e":"6 minutes"},"schema":{"@context":"https:\/\/schema.org","@graph":[{"@type":"WebPage","@id":"https:\/\/www.artisanlocal.ch\/c\/depannage-urgence-chauffagiste-a-martigny\/","url":"https:\/\/www.artisanlocal.ch\/c\/depannage-urgence-chauffagiste-a-martigny\/","name":"D\u00e9pannage Urgence Chauffagiste \u00e0 Martigny ? - Artisanlocal","isPartOf":{"@id":"https:\/\/www.artisanlocal.ch\/c\/#website"},"primaryImageOfPage":{"@id":"https:\/\/www.artisanlocal.ch\/c\/depannage-urgence-chauffagiste-a-martigny\/#primaryimage"},"image":{"@id":"https:\/\/www.artisanlocal.ch\/c\/depannage-urgence-chauffagiste-a-martigny\/#primaryimage"},"thumbnailUrl":"https:\/\/www.artisanlocal.ch\/c\/wp-content\/uploads\/2024\/10\/chauffagiste.jpg","datePublished":"2024-04-19T11:24:42+00:00","dateModified":"2025-08-26T17:29:53+00:00","breadcrumb":{"@id":"https:\/\/www.artisanlocal.ch\/c\/depannage-urgence-chauffagiste-a-martigny\/#breadcrumb"},"inLanguage":"fr-FR","potentialAction":[{"@type":"ReadAction","target":["https:\/\/www.artisanlocal.ch\/c\/depannage-urgence-chauffagiste-a-martigny\/"]}]},{"@type":"ImageObject","inLanguage":"fr-FR","@id":"https:\/\/www.artisanlocal.ch\/c\/depannage-urgence-chauffagiste-a-martigny\/#primaryimage","url":"https:\/\/www.artisanlocal.ch\/c\/wp-content\/uploads\/2024\/10\/chauffagiste.jpg","contentUrl":"https:\/\/www.artisanlocal.ch\/c\/wp-content\/uploads\/2024\/10\/chauffagiste.jpg","width":1920,"height":300},{"@type":"BreadcrumbList","@id":"https:\/\/www.artisanlocal.ch\/c\/depannage-urgence-chauffagiste-a-martigny\/#breadcrumb","itemListElement":[{"@type":"ListItem","position":1,"name":"Accueil","item":"https:\/\/www.artisanlocal.ch\/c\/"},{"@type":"ListItem","position":2,"name":"D\u00e9pannage Urgence Chauffagiste \u00e0 Martigny ?"}]},{"@type":"WebSite","@id":"https:\/\/www.artisanlocal.ch\/c\/#website","url":"https:\/\/www.artisanlocal.ch\/c\/","name":"Artisanlocal","description":"","publisher":{"@id":"https:\/\/www.artisanlocal.ch\/c\/#organization"},"potentialAction":[{"@type":"SearchAction","target":{"@type":"EntryPoint","urlTemplate":"https:\/\/www.artisanlocal.ch\/c\/?s={search_term_string}"},"query-input":{"@type":"PropertyValueSpecification","valueRequired":true,"valueName":"search_term_string"}}],"inLanguage":"fr-FR"},{"@type":"Organization","@id":"https:\/\/www.artisanlocal.ch\/c\/#organization","name":"Artisanlocal","url":"https:\/\/www.artisanlocal.ch\/c\/","logo":{"@type":"ImageObject","inLanguage":"fr-FR","@id":"https:\/\/www.artisanlocal.ch\/c\/#\/schema\/logo\/image\/","url":"https:\/\/www.artisanlocal.ch\/c\/wp-content\/uploads\/2024\/02\/logo-artisanlocal-h.svg","contentUrl":"https:\/\/www.artisanlocal.ch\/c\/wp-content\/uploads\/2024\/02\/logo-artisanlocal-h.svg","caption":"Artisanlocal"},"image":{"@id":"https:\/\/www.artisanlocal.ch\/c\/#\/schema\/logo\/image\/"}}]}},"_links":{"self":[{"href":"https:\/\/www.artisanlocal.ch\/c\/wp-json\/wp\/v2\/pages\/654","targetHints":{"allow":["GET"]}}],"collection":[{"href":"https:\/\/www.artisanlocal.ch\/c\/wp-json\/wp\/v2\/pages"}],"about":[{"href":"https:\/\/www.artisanlocal.ch\/c\/wp-json\/wp\/v2\/types\/page"}],"author":[{"embeddable":true,"href":"https:\/\/www.artisanlocal.ch\/c\/wp-json\/wp\/v2\/users\/4"}],"replies":[{"embeddable":true,"href":"https:\/\/www.artisanlocal.ch\/c\/wp-json\/wp\/v2\/comments?post=654"}],"version-history":[{"count":0,"href":"https:\/\/www.artisanlocal.ch\/c\/wp-json\/wp\/v2\/pages\/654\/revisions"}],"wp:featuredmedia":[{"embeddable":true,"href":"https:\/\/www.artisanlocal.ch\/c\/wp-json\/wp\/v2\/media\/2757"}],"wp:attachment":[{"href":"https:\/\/www.artisanlocal.ch\/c\/wp-json\/wp\/v2\/media?parent=654"}],"wp:term":[{"taxonomy":"profession","embeddable":true,"href":"https:\/\/www.artisanlocal.ch\/c\/wp-json\/wp\/v2\/profession?post=654"},{"taxonomy":"location","embeddable":true,"href":"https:\/\/www.artisanlocal.ch\/c\/wp-json\/wp\/v2\/location?post=654"},{"taxonomy":"canton","embeddable":true,"href":"https:\/\/www.artisanlocal.ch\/c\/wp-json\/wp\/v2\/canton?post=654"}],"curies":[{"name":"wp","href":"https:\/\/api.w.org\/{rel}","templated":true}]}}