{"id":655,"date":"2024-04-19T21:04:07","date_gmt":"2024-04-19T19:04:07","guid":{"rendered":"https:\/\/www.artisanlocal.ch\/c\/chauffagiste-a-monthey\/"},"modified":"2025-10-22T20:18:29","modified_gmt":"2025-10-22T18:18:29","slug":"chauffagiste-a-monthey","status":"publish","type":"page","link":"https:\/\/www.artisanlocal.ch\/c\/chauffagiste-a-monthey\/","title":{"rendered":"Chauffagiste \u00e0 Monthey"},"content":{"rendered":"<p>Besoin d&rsquo;un chauffagiste \u00e0 Monthey ? Artisanlocal intervient pour r\u00e9parer et installer votre chauffage.<\/p>\n\r\n<div class=\"box\">\r\n    <h2 class=\"text-dark\">Nous cherchons un <em class=\"text-primary\">Chauffagiste<\/em> dans la r\u00e9gion de <em class=\"text-primary\">Monthey<\/em>  en exclusivit\u00e9, afin de proposer vos services \u00e0 nos clients propri\u00e9taires.<\/h2>\r\n    <p>Une opportunit\u00e9 unique pour booster votre activit\u00e9 \u00e0 <strong>Monthey<\/strong> et aux alentours dans votre domaine (Chauffagiste).<\/p>\r\n    <p>Nous travaillons en exclusivit\u00e9 avec qu'une soci\u00e9t\u00e9 par m\u00e9tier et par r\u00e9gion. <br>Votre entreprise est pr\u00e9sente sur tous les documents immobiliers. Afin d'\u00eatre mieux vu sur le net, vous \u00eates \u00e9galement visible sur nos deux sites et sur les pages de r\u00e9f\u00e9rencement de votre r\u00e9gion.<\/p>\r\n    <a href=\"\/contact\" class=\"wp-block-button__link has-accent-background-color has-text-align-center wp-element-button\">R\u00e9server<\/a>\r\n<\/div>\n<h2>Pourquoi choisir notre soci\u00e9t\u00e9 ?<\/h2>\n<ul>\n<li>Devis gratuit.<\/li>\n<li>Visite \u00e0 domicile avant intervention.<\/li>\n<li>Installation rapide de votre chauffage.<\/li>\n<li>Entretien et d\u00e9pannage \u00e0 Monthey et dans les villes proches.<\/li>\n<\/ul>\n<h2>Pourquoi est-il important d&rsquo;entretenir votre chauffage ?<\/h2>\n<p>Avoir un chauffage qui fonctionne correctement est essentiel, surtout si vous avez des enfants en bas \u00e2ge. Nos chauffagistes vous aident \u00e0 ajuster la bonne temp\u00e9rature et r\u00e8gle la concentration de monoxyde de carbone cr\u00e9e par votre chauffage.<\/p>\n<h2>Votre entreprise offre-t-elle une assistance t\u00e9l\u00e9phonique ?<\/h2>\n<p>Oui, nous pouvons vous d\u00e9panner par t\u00e9l\u00e9phone. En nous d\u00e9crivant votre probl\u00e8me par t\u00e9l\u00e9phone, nous trouverons la meilleure solution pour r\u00e9gler votre probl\u00e8me de chauffage. Il faut garder en t\u00eate que dans la plupart des situations, un expert doit se d\u00e9placer chez vous pour identifier et corriger votre probl\u00e8me.<\/p>\n<h2>Comment fonctionne Artisanlocal ?<\/h2>\n<ol>\n<li>Premi\u00e8re prise de contact : il est n\u00e9cessaire de nous joindre par e-mail ou par t\u00e9l\u00e9phone.<\/li>\n<li>Intervention : un de nos techniciens intervient \u00e0 votre logement.<\/li>\n<li>Estimation : on analysera la taille de vos pi\u00e8ces, l&rsquo;isolation et l&rsquo;\u00e9quipement actuel pour \u00e9valuer et trouver la meilleure solution.<\/li>\n<li>Indication : nous vous orienterons pour choisir le meilleur syst\u00e8me de chauffage, en prenant compte de la rentabilit\u00e9 et le rendement que vous souhaitez obtenir.<\/li>\n<li>Devis : vous recevez un devis gratuit et d\u00e9taill\u00e9.<\/li>\n<li>Installation : une fois que vous avec accept\u00e9 notre devis et en fonction de vos disponibilit\u00e9s, nous mettons en place votre syst\u00e8me de chauffage, et ajustons votre thermostat.<\/li>\n<\/ol>\n<h2>Quels sont les chauffages les plus performants pour votre maison ?<\/h2>\n<p>Notre technicien chauffagiste vous conseille pour choisir la meilleure option, il vous conseille parmi les chauffages existants, parmi les chauffages :<\/p>\n<ul>\n<li>\u00e0 condensation,<\/li>\n<li>\u00e0 gaz,<\/li>\n<li>\u00e9lectriques,<\/li>\n<li>classiques,<\/li>\n<li>fioul,<\/li>\n<li>ou encore basses temp\u00e9ratures.<\/li>\n<\/ul>\n<p>Les chauffages <strong>\u00e0 basses temp\u00e9ratures<\/strong> ou<strong> \u00e0 condensation<\/strong> valent plus cher \u00e0 l&rsquo;acquisition, mais ils contribuent \u00e0 faire<strong> des \u00e9conomies sur la dur\u00e9e<\/strong>.<\/p>\n<p>Avant d\u2019installer votre chauffage, il faut s\u00e9lectionner le bon thermostat. L&rsquo;expert qui vient chez vous est un professionnel avec une grande exp\u00e9rience. Dans notre devis, vous trouvez les d\u00e9tails de l\u2019intervention, tel que le montant des \u00e9quipements et de la main-d&rsquo;\u0153uvre.<\/p>\n<h2>Service de maintenance de votre chauffage \u00e0 Monthey<\/h2>\n<p>Vous devez r\u00e9aliser la r\u00e9vision annuelle de votre chauffage, qu&rsquo;il soit \u00e0 gaz ou au fioul. La maintenance de votre syst\u00e8me de chauffage offre la possibilit\u00e9 de contr\u00f4ler les \u00e9missions de monoxyde de carbone qui se d\u00e9gage. \u00c0 noter, si votre chauffage produit beaucoup de monoxyde de carbone, cela peut provoquer une intoxication.<\/p>\n<h2>Contrat d&rsquo;assistance pour votre chauffage \u00e0 Monthey<\/h2>\n<p>Nous proposons des contrats d&rsquo;assistance pour votre chauffage. Avec un entretien r\u00e9gulier, vous r\u00e9alisez des \u00e9conomies et emp\u00eachez les dysfonctionnements et d\u00e9pannages en urgence.<\/p>\n<p>De plus, si vous avez un sinistre, l\u2019assurance demande le contrat d&rsquo;entretien afin de contr\u00f4ler l&rsquo;\u00e9tat g\u00e9n\u00e9ral de votre chauffage avant le sinistre. Vous avez le choix de signer avec Artisanlocal un contrat de maintenance pluriannuel ou annuel.<\/p>\n<h2>Quels sont les b\u00e9n\u00e9fices de souscrire \u00e0 un contrat de maintenance pour votre chauffage ?<\/h2>\n<p>Si vous avez une partie qui est endommag\u00e9e, nous la changeons en priorit\u00e9, nous nous engageons \u00e0 v\u00e9rifier tout votre syst\u00e8me de chauffage, comme :<\/p>\n<ul>\n<li>Les pressions de vos tuyaux,<\/li>\n<li>l&rsquo;\u00e9tat des tuyaux de raccordement, et des parties chauffantes.<\/li>\n<\/ul>\n<h2>Quels sont les diff\u00e9rents services propos\u00e9s par votre entreprise ?<\/h2>\n<ul>\n<li>Le d\u00e9sembouage et le d\u00e9tartrage de vos radiateurs,<\/li>\n<li>la purge de l&rsquo;air de vos radiateurs,<\/li>\n<li>la maintenance de votre chauffage, chaudi\u00e8re et chauffe-eau,<\/li>\n<li>le param\u00e9trage de votre thermostat,<\/li>\n<li>l&rsquo;entretien chaudi\u00e8res \u00e0 condensation, \u00e0 accumulation, \u00e0 gaz, \u00e0 fioul, \u00e9lectriques et basses temp\u00e9ratures,<\/li>\n<li>la remise en \u00e9tat de la vanne de vidange,<\/li>\n<li>l&rsquo;intervention et la r\u00e9paration de vos pannes : de votre chaudi\u00e8re, fuite de canalisation, radiateur qui ne chauffe plus, etc.<\/li>\n<li>la mise en place de votre : radiateur \u00e9lectrique, plancher chauffant, pompe \u00e0 chaleur, chaudi\u00e8re, chauffage, etc.<\/li>\n<\/ul>\n<h2>FAQ<\/h2>\n<h3>Pourquoi embaucher un chauffagiste Montheysan ?<\/h3>\n<ul>\n<li>Pour maintenir une temp\u00e9rature constante dans votre habitation.<\/li>\n<li>Faire des \u00e9conomies et limiter vos \u00e9missions de CO2.<\/li>\n<li>Renforcer la s\u00e9curit\u00e9 de vos installations et limiter les risques d&rsquo;accident.<\/li>\n<li>Anticiper les dommages et r\u00e9parations.<\/li>\n<\/ul>\n<h3>Quels sont les \u00e9l\u00e9ments \u00e0 prendre en compte pour choisir le bon technicien chauffagiste \u00e0 Monthey ?<\/h3>\n<ul>\n<li>La qualification : contr\u00f4lez les qualifications de l\u2019entreprise permet de s&rsquo;assurer d&rsquo;une v\u00e9ritable expertise.<\/li>\n<li>Les avis clients : prenez le temps de lire les avis des clients ayant d\u00e9j\u00e0 collabor\u00e9 avec les soci\u00e9t\u00e9s.<\/li>\n<li>Les assurances : v\u00e9rifiez que le chauffagiste dispose d&rsquo;une assurance qui couvrira les dommages occasionn\u00e9s lors de ses interventions.<\/li>\n<\/ul>\n<h3>\u00c0 quelle rapidit\u00e9 votre entreprise intervient dans un foyer Montheysan ?<\/h3>\n<p>Nous intervenons g\u00e9n\u00e9ralement dans la semaine (pour les demandes urgentes).<\/p>\n<h3>Pouvez-vous intervenir \u00e0 Monthey et \u00e0 proximit\u00e9 ?<\/h3>\n<p>Oui, nous intervenons \u00e0 Monthey et dans les villes \u00e0 proximit\u00e9, comme : Collombey, Massongex, Cho\u00ebx, Les Giettes, Troistorrents, Champoussin, Les Crosets, Val-d'Illiez, Champ\u00e9ry, Morgins, Mex VS, St-Maurice, V\u00e9rossaz, Morcles, Muraz (Collombey), Vionnaz, Miex, Vouvry, Bouveret, Les Evouettes, St-Gingolph, Torgon, Evionnaz, Collonges, Vernayaz, Dor\u00e9naz, Les Granges (Salvan), Salvan, Le Tr\u00e9tien, Les Mar\u00e9cottes, Finhaut, Le Ch\u00e2telard VS.<\/p>\n","protected":false},"excerpt":{"rendered":"<p>Besoin d&rsquo;un chauffagiste \u00e0 Monthey ? Artisanlocal intervient pour r\u00e9parer et installer votre chauffage. Pourquoi choisir notre soci\u00e9t\u00e9 ? Devis gratuit. Visite \u00e0 domicile avant intervention. Installation rapide de votre chauffage. Entretien et d\u00e9pannage \u00e0 Monthey et dans les villes proches. Pourquoi est-il important d&rsquo;entretenir votre chauffage ? Avoir un chauffage qui fonctionne correctement est [&hellip;]<\/p>\n","protected":false},"author":4,"featured_media":2757,"parent":0,"menu_order":0,"comment_status":"closed","ping_status":"closed","template":"","meta":{"footnotes":""},"profession":[120],"location":[71],"canton":[110],"class_list":["post-655","page","type-page","status-publish","has-post-thumbnail","hentry","profession-chauffagiste","location-monthey","canton-vs"],"yoast_head":"<!-- This site is optimized with the Yoast SEO Premium plugin v25.7.1 (Yoast SEO v27.4) - https:\/\/yoast.com\/product\/yoast-seo-premium-wordpress\/ -->\n<title>Chauffagiste \u00e0 Monthey - Artisanlocal<\/title>\n<meta name=\"robots\" content=\"index, follow, max-snippet:-1, max-image-preview:large, max-video-preview:-1\" \/>\n<link rel=\"canonical\" href=\"https:\/\/www.artisanlocal.ch\/c\/chauffagiste-a-monthey\/\" \/>\n<meta property=\"og:locale\" content=\"fr_FR\" \/>\n<meta property=\"og:type\" content=\"article\" \/>\n<meta property=\"og:title\" content=\"Chauffagiste \u00e0 Monthey\" \/>\n<meta property=\"og:description\" content=\"Besoin d&rsquo;un chauffagiste \u00e0 Monthey ? Artisanlocal intervient pour r\u00e9parer et installer votre chauffage. Pourquoi choisir notre soci\u00e9t\u00e9 ? Devis gratuit. Visite \u00e0 domicile avant intervention. Installation rapide de votre chauffage. Entretien et d\u00e9pannage \u00e0 Monthey et dans les villes proches. Pourquoi est-il important d&rsquo;entretenir votre chauffage ? Avoir un chauffage qui fonctionne correctement est [&hellip;]\" \/>\n<meta property=\"og:url\" content=\"https:\/\/www.artisanlocal.ch\/c\/chauffagiste-a-monthey\/\" \/>\n<meta property=\"og:site_name\" content=\"Artisanlocal\" \/>\n<meta property=\"article:modified_time\" content=\"2025-10-22T18:18:29+00:00\" \/>\n<meta property=\"og:image\" content=\"https:\/\/www.artisanlocal.ch\/c\/wp-content\/uploads\/2024\/10\/chauffagiste.jpg\" \/>\n\t<meta property=\"og:image:width\" content=\"1920\" \/>\n\t<meta property=\"og:image:height\" content=\"300\" \/>\n\t<meta property=\"og:image:type\" content=\"image\/jpeg\" \/>\n<meta name=\"twitter:card\" content=\"summary_large_image\" \/>\n<meta name=\"twitter:label1\" content=\"Dur\u00e9e de lecture estim\u00e9e\" \/>\n\t<meta name=\"twitter:data1\" content=\"5 minutes\" \/>\n<script type=\"application\/ld+json\" class=\"yoast-schema-graph\">{\"@context\":\"https:\\\/\\\/schema.org\",\"@graph\":[{\"@type\":\"WebPage\",\"@id\":\"https:\\\/\\\/www.artisanlocal.ch\\\/c\\\/chauffagiste-a-monthey\\\/\",\"url\":\"https:\\\/\\\/www.artisanlocal.ch\\\/c\\\/chauffagiste-a-monthey\\\/\",\"name\":\"Chauffagiste \u00e0 Monthey - Artisanlocal\",\"isPartOf\":{\"@id\":\"https:\\\/\\\/www.artisanlocal.ch\\\/c\\\/#website\"},\"primaryImageOfPage\":{\"@id\":\"https:\\\/\\\/www.artisanlocal.ch\\\/c\\\/chauffagiste-a-monthey\\\/#primaryimage\"},\"image\":{\"@id\":\"https:\\\/\\\/www.artisanlocal.ch\\\/c\\\/chauffagiste-a-monthey\\\/#primaryimage\"},\"thumbnailUrl\":\"https:\\\/\\\/www.artisanlocal.ch\\\/c\\\/wp-content\\\/uploads\\\/2024\\\/10\\\/chauffagiste.jpg\",\"datePublished\":\"2024-04-19T19:04:07+00:00\",\"dateModified\":\"2025-10-22T18:18:29+00:00\",\"breadcrumb\":{\"@id\":\"https:\\\/\\\/www.artisanlocal.ch\\\/c\\\/chauffagiste-a-monthey\\\/#breadcrumb\"},\"inLanguage\":\"fr-FR\",\"potentialAction\":[{\"@type\":\"ReadAction\",\"target\":[\"https:\\\/\\\/www.artisanlocal.ch\\\/c\\\/chauffagiste-a-monthey\\\/\"]}]},{\"@type\":\"ImageObject\",\"inLanguage\":\"fr-FR\",\"@id\":\"https:\\\/\\\/www.artisanlocal.ch\\\/c\\\/chauffagiste-a-monthey\\\/#primaryimage\",\"url\":\"https:\\\/\\\/www.artisanlocal.ch\\\/c\\\/wp-content\\\/uploads\\\/2024\\\/10\\\/chauffagiste.jpg\",\"contentUrl\":\"https:\\\/\\\/www.artisanlocal.ch\\\/c\\\/wp-content\\\/uploads\\\/2024\\\/10\\\/chauffagiste.jpg\",\"width\":1920,\"height\":300},{\"@type\":\"BreadcrumbList\",\"@id\":\"https:\\\/\\\/www.artisanlocal.ch\\\/c\\\/chauffagiste-a-monthey\\\/#breadcrumb\",\"itemListElement\":[{\"@type\":\"ListItem\",\"position\":1,\"name\":\"Accueil\",\"item\":\"https:\\\/\\\/www.artisanlocal.ch\\\/c\\\/\"},{\"@type\":\"ListItem\",\"position\":2,\"name\":\"Chauffagiste \u00e0 Monthey\"}]},{\"@type\":\"WebSite\",\"@id\":\"https:\\\/\\\/www.artisanlocal.ch\\\/c\\\/#website\",\"url\":\"https:\\\/\\\/www.artisanlocal.ch\\\/c\\\/\",\"name\":\"Artisanlocal\",\"description\":\"\",\"publisher\":{\"@id\":\"https:\\\/\\\/www.artisanlocal.ch\\\/c\\\/#organization\"},\"potentialAction\":[{\"@type\":\"SearchAction\",\"target\":{\"@type\":\"EntryPoint\",\"urlTemplate\":\"https:\\\/\\\/www.artisanlocal.ch\\\/c\\\/?s={search_term_string}\"},\"query-input\":{\"@type\":\"PropertyValueSpecification\",\"valueRequired\":true,\"valueName\":\"search_term_string\"}}],\"inLanguage\":\"fr-FR\"},{\"@type\":\"Organization\",\"@id\":\"https:\\\/\\\/www.artisanlocal.ch\\\/c\\\/#organization\",\"name\":\"Artisanlocal\",\"url\":\"https:\\\/\\\/www.artisanlocal.ch\\\/c\\\/\",\"logo\":{\"@type\":\"ImageObject\",\"inLanguage\":\"fr-FR\",\"@id\":\"https:\\\/\\\/www.artisanlocal.ch\\\/c\\\/#\\\/schema\\\/logo\\\/image\\\/\",\"url\":\"https:\\\/\\\/www.artisanlocal.ch\\\/c\\\/wp-content\\\/uploads\\\/2024\\\/02\\\/logo-artisanlocal-h.svg\",\"contentUrl\":\"https:\\\/\\\/www.artisanlocal.ch\\\/c\\\/wp-content\\\/uploads\\\/2024\\\/02\\\/logo-artisanlocal-h.svg\",\"caption\":\"Artisanlocal\"},\"image\":{\"@id\":\"https:\\\/\\\/www.artisanlocal.ch\\\/c\\\/#\\\/schema\\\/logo\\\/image\\\/\"}}]}<\/script>\n<!-- \/ Yoast SEO Premium plugin. -->","yoast_head_json":{"title":"Chauffagiste \u00e0 Monthey - Artisanlocal","robots":{"index":"index","follow":"follow","max-snippet":"max-snippet:-1","max-image-preview":"max-image-preview:large","max-video-preview":"max-video-preview:-1"},"canonical":"https:\/\/www.artisanlocal.ch\/c\/chauffagiste-a-monthey\/","og_locale":"fr_FR","og_type":"article","og_title":"Chauffagiste \u00e0 Monthey","og_description":"Besoin d&rsquo;un chauffagiste \u00e0 Monthey ? Artisanlocal intervient pour r\u00e9parer et installer votre chauffage. Pourquoi choisir notre soci\u00e9t\u00e9 ? Devis gratuit. Visite \u00e0 domicile avant intervention. Installation rapide de votre chauffage. Entretien et d\u00e9pannage \u00e0 Monthey et dans les villes proches. Pourquoi est-il important d&rsquo;entretenir votre chauffage ? Avoir un chauffage qui fonctionne correctement est [&hellip;]","og_url":"https:\/\/www.artisanlocal.ch\/c\/chauffagiste-a-monthey\/","og_site_name":"Artisanlocal","article_modified_time":"2025-10-22T18:18:29+00:00","og_image":[{"width":1920,"height":300,"url":"https:\/\/www.artisanlocal.ch\/c\/wp-content\/uploads\/2024\/10\/chauffagiste.jpg","type":"image\/jpeg"}],"twitter_card":"summary_large_image","twitter_misc":{"Dur\u00e9e de lecture estim\u00e9e":"5 minutes"},"schema":{"@context":"https:\/\/schema.org","@graph":[{"@type":"WebPage","@id":"https:\/\/www.artisanlocal.ch\/c\/chauffagiste-a-monthey\/","url":"https:\/\/www.artisanlocal.ch\/c\/chauffagiste-a-monthey\/","name":"Chauffagiste \u00e0 Monthey - Artisanlocal","isPartOf":{"@id":"https:\/\/www.artisanlocal.ch\/c\/#website"},"primaryImageOfPage":{"@id":"https:\/\/www.artisanlocal.ch\/c\/chauffagiste-a-monthey\/#primaryimage"},"image":{"@id":"https:\/\/www.artisanlocal.ch\/c\/chauffagiste-a-monthey\/#primaryimage"},"thumbnailUrl":"https:\/\/www.artisanlocal.ch\/c\/wp-content\/uploads\/2024\/10\/chauffagiste.jpg","datePublished":"2024-04-19T19:04:07+00:00","dateModified":"2025-10-22T18:18:29+00:00","breadcrumb":{"@id":"https:\/\/www.artisanlocal.ch\/c\/chauffagiste-a-monthey\/#breadcrumb"},"inLanguage":"fr-FR","potentialAction":[{"@type":"ReadAction","target":["https:\/\/www.artisanlocal.ch\/c\/chauffagiste-a-monthey\/"]}]},{"@type":"ImageObject","inLanguage":"fr-FR","@id":"https:\/\/www.artisanlocal.ch\/c\/chauffagiste-a-monthey\/#primaryimage","url":"https:\/\/www.artisanlocal.ch\/c\/wp-content\/uploads\/2024\/10\/chauffagiste.jpg","contentUrl":"https:\/\/www.artisanlocal.ch\/c\/wp-content\/uploads\/2024\/10\/chauffagiste.jpg","width":1920,"height":300},{"@type":"BreadcrumbList","@id":"https:\/\/www.artisanlocal.ch\/c\/chauffagiste-a-monthey\/#breadcrumb","itemListElement":[{"@type":"ListItem","position":1,"name":"Accueil","item":"https:\/\/www.artisanlocal.ch\/c\/"},{"@type":"ListItem","position":2,"name":"Chauffagiste \u00e0 Monthey"}]},{"@type":"WebSite","@id":"https:\/\/www.artisanlocal.ch\/c\/#website","url":"https:\/\/www.artisanlocal.ch\/c\/","name":"Artisanlocal","description":"","publisher":{"@id":"https:\/\/www.artisanlocal.ch\/c\/#organization"},"potentialAction":[{"@type":"SearchAction","target":{"@type":"EntryPoint","urlTemplate":"https:\/\/www.artisanlocal.ch\/c\/?s={search_term_string}"},"query-input":{"@type":"PropertyValueSpecification","valueRequired":true,"valueName":"search_term_string"}}],"inLanguage":"fr-FR"},{"@type":"Organization","@id":"https:\/\/www.artisanlocal.ch\/c\/#organization","name":"Artisanlocal","url":"https:\/\/www.artisanlocal.ch\/c\/","logo":{"@type":"ImageObject","inLanguage":"fr-FR","@id":"https:\/\/www.artisanlocal.ch\/c\/#\/schema\/logo\/image\/","url":"https:\/\/www.artisanlocal.ch\/c\/wp-content\/uploads\/2024\/02\/logo-artisanlocal-h.svg","contentUrl":"https:\/\/www.artisanlocal.ch\/c\/wp-content\/uploads\/2024\/02\/logo-artisanlocal-h.svg","caption":"Artisanlocal"},"image":{"@id":"https:\/\/www.artisanlocal.ch\/c\/#\/schema\/logo\/image\/"}}]}},"_links":{"self":[{"href":"https:\/\/www.artisanlocal.ch\/c\/wp-json\/wp\/v2\/pages\/655","targetHints":{"allow":["GET"]}}],"collection":[{"href":"https:\/\/www.artisanlocal.ch\/c\/wp-json\/wp\/v2\/pages"}],"about":[{"href":"https:\/\/www.artisanlocal.ch\/c\/wp-json\/wp\/v2\/types\/page"}],"author":[{"embeddable":true,"href":"https:\/\/www.artisanlocal.ch\/c\/wp-json\/wp\/v2\/users\/4"}],"replies":[{"embeddable":true,"href":"https:\/\/www.artisanlocal.ch\/c\/wp-json\/wp\/v2\/comments?post=655"}],"version-history":[{"count":0,"href":"https:\/\/www.artisanlocal.ch\/c\/wp-json\/wp\/v2\/pages\/655\/revisions"}],"wp:featuredmedia":[{"embeddable":true,"href":"https:\/\/www.artisanlocal.ch\/c\/wp-json\/wp\/v2\/media\/2757"}],"wp:attachment":[{"href":"https:\/\/www.artisanlocal.ch\/c\/wp-json\/wp\/v2\/media?parent=655"}],"wp:term":[{"taxonomy":"profession","embeddable":true,"href":"https:\/\/www.artisanlocal.ch\/c\/wp-json\/wp\/v2\/profession?post=655"},{"taxonomy":"location","embeddable":true,"href":"https:\/\/www.artisanlocal.ch\/c\/wp-json\/wp\/v2\/location?post=655"},{"taxonomy":"canton","embeddable":true,"href":"https:\/\/www.artisanlocal.ch\/c\/wp-json\/wp\/v2\/canton?post=655"}],"curies":[{"name":"wp","href":"https:\/\/api.w.org\/{rel}","templated":true}]}}