{"id":656,"date":"2024-04-18T04:04:49","date_gmt":"2024-04-18T02:04:49","guid":{"rendered":"https:\/\/www.artisanlocal.ch\/c\/chauffagiste-a-st-maurice\/"},"modified":"2025-08-27T01:32:42","modified_gmt":"2025-08-26T23:32:42","slug":"chauffagiste-a-st-maurice","status":"publish","type":"page","link":"https:\/\/www.artisanlocal.ch\/c\/chauffagiste-a-st-maurice\/","title":{"rendered":"Chauffagiste \u00e0 St-Maurice ?"},"content":{"rendered":"<p>Besoin d&rsquo;assistance pour r\u00e9parer votre chauffage ? ? Dans le cas o\u00f9 vous seriez un Agaunois, notre entreprise assure l&rsquo;installation ainsi que la r\u00e9paration de votre chauffage. Si vous travaillez avec Artisanlocal, vous profitez :<\/p>\n<ul>\n<li>d&rsquo;une tarification d\u00e9taill\u00e9e,<\/li>\n<li>de services de qualit\u00e9,<\/li>\n<li>d&rsquo;assistance \u00e0 St-Maurice et dans les alentours,<\/li>\n<li>des chauffagistes avec de l&rsquo;exp\u00e9rience,<\/li>\n<li>d&rsquo;estimations sans frais,<\/li>\n<li>de chauffagistes disponibles du lundi au samedi afin de r\u00e9pondre \u00e0 toutes vos interrogations.<\/li>\n<\/ul>\n\r\n<div class=\"box\">\r\n    <h2 class=\"text-dark\">Nous cherchons un <em class=\"text-primary\">Chauffagiste<\/em> dans la r\u00e9gion de <em class=\"text-primary\">St-Maurice<\/em>  en exclusivit\u00e9, afin de proposer vos services \u00e0 nos clients propri\u00e9taires.<\/h2>\r\n    <p>Une opportunit\u00e9 unique pour booster votre activit\u00e9 \u00e0 <strong>St-Maurice<\/strong> et aux alentours dans votre domaine (Chauffagiste).<\/p>\r\n    <p>Nous travaillons en exclusivit\u00e9 avec qu'une soci\u00e9t\u00e9 par m\u00e9tier et par r\u00e9gion. <br>Votre entreprise est pr\u00e9sente sur tous les documents immobiliers. Afin d'\u00eatre mieux vu sur le net, vous \u00eates \u00e9galement visible sur nos deux sites et sur les pages de r\u00e9f\u00e9rencement de votre r\u00e9gion.<\/p>\r\n    <a href=\"\/contact\" class=\"wp-block-button__link has-accent-background-color has-text-align-center wp-element-button\">R\u00e9server<\/a>\r\n<\/div>\n<h2>Pourquoi choisir Artisanlocal ?<\/h2>\n<p>\u00c9valuation rapide de votre projet : une fois que nous recevons votre demande de contact, notre chauffagiste \u00e0 St-Maurice prend contact avec vous dans la journ\u00e9e.<\/p>\n<p>D\u00e9placement de notre technicien \u00e0 votre domicile : notre technicien Agaunois se d\u00e9place chez vous le jour m\u00eame afin d&rsquo;estimer le co\u00fbt de vos travaux et contr\u00f4ler la faisabilit\u00e9 de votre projet. Ensuite, vous obtenez un devis d\u00e9taill\u00e9 et vous pouvez nous poser vos demandes.<\/p>\n<p>Installation de votre \u00e9quipement de chauffage en 24\/48 heures : d\u00e8s que le devis est valid\u00e9 avec notre technicien \u00e0 St-Maurice. Nous planifierons avec vous la date d&rsquo;installation ou de r\u00e9paration de votre chauffage.<\/p>\n<p>Entretien et d\u00e9pannage : en cas de panne de votre syst\u00e8me de chauffage, chaudi\u00e8re ou chauffe-eau. Notre entreprise est disponible pour intervenir \u00e0 St-Maurice et dans les localit\u00e9s \u00e0 proximit\u00e9.<\/p>\n<h2>Pourquoi doit-on entretenir un chauffage ?<\/h2>\n<p>Garantir le bon fonctionnement de votre chauffage est important, si vous avez des jeunes enfants. Nos techniciens vous aident \u00e0 param\u00e9trer la bonne temp\u00e9rature et le taux de monoxyde de carbone engendr\u00e9 par votre syst\u00e8me de chauffage. Nos techniciens s&rsquo;occupent de l&rsquo;entretien de votre syst\u00e8me de chauffage, peu importe le mod\u00e8le : \u00e0 accumulation, basse temp\u00e9rature, fioul, condensation, \u00e9lectrique ou \u00e0 gaz.<\/p>\n<h2>Votre entreprise offre-t-elle une assistance t\u00e9l\u00e9phonique ?<\/h2>\n<p>Oui, l&rsquo;entreprise Artisanlocal peut vous aider \u00e0 distance. Il suffit juste de nous d\u00e9tailler votre probl\u00e8me pour nous soyons capables d&rsquo;en d\u00e9terminer les raisons et trouver la solution. Cependant, dans de nombreux cas, un chauffagiste doit venir \u00e0 votre domicile.<\/p>\n<h2>Quel est le fonctionnement d&rsquo;Artisanlocal ?<\/h2>\n<ol>\n<li>Prise de contact : il est n\u00e9cessaire de nous joindre par e-mail ou par t\u00e9l\u00e9phone.<\/li>\n<li>Intervention : un de nos experts chauffagistes intervient \u00e0 votre domicile.<\/li>\n<li>Estimation : le chauffagiste estimera l&rsquo;\u00e9tat actuel des choses afin de d\u00e9terminer la surface de votre appartement, le volume de vos pi\u00e8ces et v\u00e9rifier l&rsquo;isolation actuelle.<\/li>\n<li>Recommandation : une solution vous sera propos\u00e9e en fonction de vos moyens et de vos attentes.<\/li>\n<li>Prix : vous obtenez une estimation d\u00e9taill\u00e9e, vous pr\u00e9sentant les diverses d\u00e9penses.<\/li>\n<li>Mise en place : apr\u00e8s avoir accept\u00e9 notre estimation, nous r\u00e9alisons l&rsquo;installation de votre \u00e9quipe de chauffage et r\u00e9glons le thermostat selon vos besoins.<\/li>\n<\/ol>\n<h2>Quels sont les chauffages les plus performants pour votre habitation ?<\/h2>\n<p>Notre expert chauffagiste vous guide pour s\u00e9lectionner la meilleure option, il vous donne des conseils sur mesure, comme les syst\u00e8mes de chauffages : \u00e0 condensation, \u00e9lectriques, \u00e0 gaz, fioul, classiques ou encore basses temp\u00e9ratures.<\/p>\n<p>Les syst\u00e8mes de chauffages \u00e0 basse temp\u00e9rature ou \u00e0 condensation, malgr\u00e9 un co\u00fbt plus important, ils permettent de r\u00e9aliser des \u00e9conomies sur le long terme.<\/p>\n<p>De plus, avant d&rsquo;installer votre chauffage, il faut configurer la bonne temp\u00e9rature selon votre propri\u00e9t\u00e9 et vos d\u00e9sirs. Ne vous inqui\u00e9tez pas, le chauffagiste qui se d\u00e9place chez vous a l&rsquo;expertise pour r\u00e9gler tous vos probl\u00e8mes de chauffage. Vous trouverez dans notre devis les d\u00e9tails de notre intervention.<\/p>\n<h2>Service d&rsquo;entretien pour votre chauffage \u00e0 St-Maurice<\/h2>\n<p>Vous devez r\u00e9aliser la r\u00e9vision annuelle de votre syst\u00e8me de chauffage, qu&rsquo;il soit \u00e0 gaz ou au fioul. L&rsquo;entretien de votre chauffage permet de contr\u00f4ler le taux de monoxyde de carbone qui se d\u00e9gage. \u00c0 noter, si votre chauffage fabrique trop de monoxyde de carbone, il est probable de vous intoxiquer. Lors de notre intervention, l&rsquo;expert v\u00e9rifie et r\u00e8gle les \u00e9missions de monoxyde de carbone de votre chauffage pour vous \u00e9viter d&rsquo;avoir des probl\u00e8mes de sant\u00e9.<\/p>\n<h2>Contrat de r\u00e9vision pour votre syst\u00e8me de chauffage \u00e0 St-Maurice<\/h2>\n<p>Afind&rsquo;assurer le bon \u00e9tat de marche de votre chauffage, nous offrons des contrats de maintenance sur mesure. Avec un entretien r\u00e9gulier, vous faites des \u00e9conomies en \u00e9vitant les dysfonctionnements et les d\u00e9pannages en urgence.<\/p>\n<p>Par ailleurs, si vous avez un probl\u00e8me avec votre chauffage, votre assureur demande le contrat d&rsquo;entretien dans le but de v\u00e9rifier l\u2019\u00e9tat de votre chauffage en amont de l&rsquo;incident. Vous pouvez signer avec Artisanlocal un contrat d&rsquo;entretien annuel ou pluriannuel.<\/p>\n<h2>Quels sont les avantages de signer un contrat d\u2019entretien pour votre chauffage ?<\/h2>\n<p>En cas de pi\u00e8ces d\u00e9fectueuses, nous garantissons le remplacement imm\u00e9diat. Par ailleurs, nous nous engageons \u00e0 inspecter l&rsquo;ensemble des \u00e9quipements de votre chauffage, tel que :<\/p>\n<ul>\n<li>La tension dans vos tuyaux,<\/li>\n<li>le nettoyage des conduits de raccordement, et des \u00e9l\u00e9ments chauffants.<\/li>\n<\/ul>\n<h2>Quels sont les diff\u00e9rents services propos\u00e9s par votre soci\u00e9t\u00e9 ?<\/h2>\n<p>Nos techniciens se d\u00e9placent dans votre foyer, pour r\u00e9aliser :<\/p>\n<ul>\n<li>le d\u00e9tartrage et le d\u00e9sembouage de radiateur,<\/li>\n<li>la purge de vos radiateurs,<\/li>\n<li>l\u2019entretien de votre chauffage, chaudi\u00e8re et chauffe-eau,<\/li>\n<li>le param\u00e9trage de votre thermostat,<\/li>\n<li>la maintenance des chaudi\u00e8res \u00e0 condensation, \u00e0 gaz, basses temp\u00e9ratures, \u00e0 fioul, \u00e0 accumulation et \u00e9lectriques,<\/li>\n<li>la remise en \u00e9tat de la vanne de vidange,<\/li>\n<li>l&rsquo;intervention et la remise en \u00e9tat : fuite de canalisation, radiateur qui ne marche plus, chaudi\u00e8re, etc.<\/li>\n<li>l\u2019installation de : chauffage, pompe \u00e0 chaleur, chaudi\u00e8re, radiateur \u00e9lectrique, plancher chauffant, etc.<\/li>\n<\/ul>\n<h2>R\u00e9ponses aux questions fr\u00e9quentes<\/h2>\n<h3>Pourquoi avoir recours \u00e0 un technicien chauffagiste Agaunois ?<\/h3>\n<p>Accro\u00eetre la temp\u00e9rature de votre int\u00e9rieur : un syst\u00e8me de chauffage efficient pr\u00e9serve la temp\u00e9rature \u00e0 l&rsquo;int\u00e9rieur de votre domicile.<\/p>\n<p>Faire des \u00e9conomies : en achetant des \u00e9quipements de qualit\u00e9 sup\u00e9rieure, exemple l&rsquo;isolation et le chauffage, vous diminuez vos \u00e9missions de CO2 et vous faites des \u00e9conomies.<\/p>\n<p>Renforcer la s\u00fbret\u00e9 de vos installations : respecter les r\u00e8gles de s\u00e9curit\u00e9 maintient votre chauffage s\u00fbr et efficace (exemple, pour limiter le taux de monoxyde de carbone).<\/p>\n<p>\u00c9viter les difficult\u00e9s : en inspectant votre chauffage, un expert peut anticiper les futurs ennuis.<\/p>\n<h3>Quels sont les \u00e9l\u00e9ments \u00e0 prendre en compte pour choisir le meilleur technicien chauffagiste \u00e0 St-Maurice ?<\/h3>\n<p>La qualification : v\u00e9rifiez les comp\u00e9tences avant de s\u00e9lectionner l&rsquo;entreprise de chauffage.<\/p>\n<p>Les cas clients : il ne faut pas h\u00e9siter \u00e0 regarder les avis des clients ayant d\u00e9j\u00e0 sollicit\u00e9 la soci\u00e9t\u00e9 de mani\u00e8re \u00e0 vous faire une opinion.<\/p>\n<p>Les assurances : contr\u00f4lez que les techniciens sont assur\u00e9s en cas de casses.<\/p>\n<h3>Quels sont vos d\u00e9lais pour intervenir \u00e0 mon domicile ?<\/h3>\n<p>Nous op\u00e9rons \u00e0 votre domicile dans les deux heures (pour les situations d&rsquo;urgence) dans le cas contraire, nous pouvons op\u00e9rer dans la journ\u00e9e.<\/p>\n<h3>Votre soci\u00e9t\u00e9 est disponible pour intervenir \u00e0 St-Maurice, mais \u00e9galement dans les communes aux environs ?<\/h3>\n<p>Oui, nous intervenons \u00e0 St-Maurice et dans les communes, comme : Collombey, Massongex, Monthey, Cho\u00ebx, Les Giettes, Troistorrents, Champoussin, Les Crosets, Val-d'Illiez, Champ\u00e9ry, Morgins, Mex VS, V\u00e9rossaz, Morcles, Muraz (Collombey), Vionnaz, Miex, Vouvry, Bouveret, Les Evouettes, St-Gingolph, Torgon, Evionnaz, Collonges, Vernayaz, Dor\u00e9naz, Les Granges (Salvan), Salvan, Le Tr\u00e9tien, Les Mar\u00e9cottes, Finhaut, Le Ch\u00e2telard VS.<\/p>\n","protected":false},"excerpt":{"rendered":"<p>Besoin d&rsquo;assistance pour r\u00e9parer votre chauffage ? ? Dans le cas o\u00f9 vous seriez un Agaunois, notre entreprise assure l&rsquo;installation ainsi que la r\u00e9paration de votre chauffage. Si vous travaillez avec Artisanlocal, vous profitez : d&rsquo;une tarification d\u00e9taill\u00e9e, de services de qualit\u00e9, d&rsquo;assistance \u00e0 St-Maurice et dans les alentours, des chauffagistes avec de l&rsquo;exp\u00e9rience, d&rsquo;estimations [&hellip;]<\/p>\n","protected":false},"author":4,"featured_media":2757,"parent":0,"menu_order":0,"comment_status":"closed","ping_status":"closed","template":"","meta":{"footnotes":""},"profession":[120],"location":[7],"canton":[110],"class_list":["post-656","page","type-page","status-publish","has-post-thumbnail","hentry","profession-chauffagiste","location-st-maurice","canton-vs"],"yoast_head":"<!-- This site is optimized with the Yoast SEO Premium plugin v25.7.1 (Yoast SEO v27.4) - https:\/\/yoast.com\/product\/yoast-seo-premium-wordpress\/ -->\n<title>Chauffagiste \u00e0 St-Maurice ? - Artisanlocal<\/title>\n<meta name=\"robots\" content=\"index, follow, max-snippet:-1, max-image-preview:large, max-video-preview:-1\" \/>\n<link rel=\"canonical\" href=\"https:\/\/www.artisanlocal.ch\/c\/chauffagiste-a-st-maurice\/\" \/>\n<meta property=\"og:locale\" content=\"fr_FR\" \/>\n<meta property=\"og:type\" content=\"article\" \/>\n<meta property=\"og:title\" content=\"Chauffagiste \u00e0 St-Maurice ?\" \/>\n<meta property=\"og:description\" content=\"Besoin d&rsquo;assistance pour r\u00e9parer votre chauffage ? ? Dans le cas o\u00f9 vous seriez un Agaunois, notre entreprise assure l&rsquo;installation ainsi que la r\u00e9paration de votre chauffage. Si vous travaillez avec Artisanlocal, vous profitez : d&rsquo;une tarification d\u00e9taill\u00e9e, de services de qualit\u00e9, d&rsquo;assistance \u00e0 St-Maurice et dans les alentours, des chauffagistes avec de l&rsquo;exp\u00e9rience, d&rsquo;estimations [&hellip;]\" \/>\n<meta property=\"og:url\" content=\"https:\/\/www.artisanlocal.ch\/c\/chauffagiste-a-st-maurice\/\" \/>\n<meta property=\"og:site_name\" content=\"Artisanlocal\" \/>\n<meta property=\"article:modified_time\" content=\"2025-08-26T23:32:42+00:00\" \/>\n<meta property=\"og:image\" content=\"https:\/\/www.artisanlocal.ch\/c\/wp-content\/uploads\/2024\/10\/chauffagiste.jpg\" \/>\n\t<meta property=\"og:image:width\" content=\"1920\" \/>\n\t<meta property=\"og:image:height\" content=\"300\" \/>\n\t<meta property=\"og:image:type\" content=\"image\/jpeg\" \/>\n<meta name=\"twitter:card\" content=\"summary_large_image\" \/>\n<meta name=\"twitter:label1\" content=\"Dur\u00e9e de lecture estim\u00e9e\" \/>\n\t<meta name=\"twitter:data1\" content=\"6 minutes\" \/>\n<script type=\"application\/ld+json\" class=\"yoast-schema-graph\">{\"@context\":\"https:\\\/\\\/schema.org\",\"@graph\":[{\"@type\":\"WebPage\",\"@id\":\"https:\\\/\\\/www.artisanlocal.ch\\\/c\\\/chauffagiste-a-st-maurice\\\/\",\"url\":\"https:\\\/\\\/www.artisanlocal.ch\\\/c\\\/chauffagiste-a-st-maurice\\\/\",\"name\":\"Chauffagiste \u00e0 St-Maurice ? - Artisanlocal\",\"isPartOf\":{\"@id\":\"https:\\\/\\\/www.artisanlocal.ch\\\/c\\\/#website\"},\"primaryImageOfPage\":{\"@id\":\"https:\\\/\\\/www.artisanlocal.ch\\\/c\\\/chauffagiste-a-st-maurice\\\/#primaryimage\"},\"image\":{\"@id\":\"https:\\\/\\\/www.artisanlocal.ch\\\/c\\\/chauffagiste-a-st-maurice\\\/#primaryimage\"},\"thumbnailUrl\":\"https:\\\/\\\/www.artisanlocal.ch\\\/c\\\/wp-content\\\/uploads\\\/2024\\\/10\\\/chauffagiste.jpg\",\"datePublished\":\"2024-04-18T02:04:49+00:00\",\"dateModified\":\"2025-08-26T23:32:42+00:00\",\"breadcrumb\":{\"@id\":\"https:\\\/\\\/www.artisanlocal.ch\\\/c\\\/chauffagiste-a-st-maurice\\\/#breadcrumb\"},\"inLanguage\":\"fr-FR\",\"potentialAction\":[{\"@type\":\"ReadAction\",\"target\":[\"https:\\\/\\\/www.artisanlocal.ch\\\/c\\\/chauffagiste-a-st-maurice\\\/\"]}]},{\"@type\":\"ImageObject\",\"inLanguage\":\"fr-FR\",\"@id\":\"https:\\\/\\\/www.artisanlocal.ch\\\/c\\\/chauffagiste-a-st-maurice\\\/#primaryimage\",\"url\":\"https:\\\/\\\/www.artisanlocal.ch\\\/c\\\/wp-content\\\/uploads\\\/2024\\\/10\\\/chauffagiste.jpg\",\"contentUrl\":\"https:\\\/\\\/www.artisanlocal.ch\\\/c\\\/wp-content\\\/uploads\\\/2024\\\/10\\\/chauffagiste.jpg\",\"width\":1920,\"height\":300},{\"@type\":\"BreadcrumbList\",\"@id\":\"https:\\\/\\\/www.artisanlocal.ch\\\/c\\\/chauffagiste-a-st-maurice\\\/#breadcrumb\",\"itemListElement\":[{\"@type\":\"ListItem\",\"position\":1,\"name\":\"Accueil\",\"item\":\"https:\\\/\\\/www.artisanlocal.ch\\\/c\\\/\"},{\"@type\":\"ListItem\",\"position\":2,\"name\":\"Chauffagiste \u00e0 St-Maurice ?\"}]},{\"@type\":\"WebSite\",\"@id\":\"https:\\\/\\\/www.artisanlocal.ch\\\/c\\\/#website\",\"url\":\"https:\\\/\\\/www.artisanlocal.ch\\\/c\\\/\",\"name\":\"Artisanlocal\",\"description\":\"\",\"publisher\":{\"@id\":\"https:\\\/\\\/www.artisanlocal.ch\\\/c\\\/#organization\"},\"potentialAction\":[{\"@type\":\"SearchAction\",\"target\":{\"@type\":\"EntryPoint\",\"urlTemplate\":\"https:\\\/\\\/www.artisanlocal.ch\\\/c\\\/?s={search_term_string}\"},\"query-input\":{\"@type\":\"PropertyValueSpecification\",\"valueRequired\":true,\"valueName\":\"search_term_string\"}}],\"inLanguage\":\"fr-FR\"},{\"@type\":\"Organization\",\"@id\":\"https:\\\/\\\/www.artisanlocal.ch\\\/c\\\/#organization\",\"name\":\"Artisanlocal\",\"url\":\"https:\\\/\\\/www.artisanlocal.ch\\\/c\\\/\",\"logo\":{\"@type\":\"ImageObject\",\"inLanguage\":\"fr-FR\",\"@id\":\"https:\\\/\\\/www.artisanlocal.ch\\\/c\\\/#\\\/schema\\\/logo\\\/image\\\/\",\"url\":\"https:\\\/\\\/www.artisanlocal.ch\\\/c\\\/wp-content\\\/uploads\\\/2024\\\/02\\\/logo-artisanlocal-h.svg\",\"contentUrl\":\"https:\\\/\\\/www.artisanlocal.ch\\\/c\\\/wp-content\\\/uploads\\\/2024\\\/02\\\/logo-artisanlocal-h.svg\",\"caption\":\"Artisanlocal\"},\"image\":{\"@id\":\"https:\\\/\\\/www.artisanlocal.ch\\\/c\\\/#\\\/schema\\\/logo\\\/image\\\/\"}}]}<\/script>\n<!-- \/ Yoast SEO Premium plugin. -->","yoast_head_json":{"title":"Chauffagiste \u00e0 St-Maurice ? - Artisanlocal","robots":{"index":"index","follow":"follow","max-snippet":"max-snippet:-1","max-image-preview":"max-image-preview:large","max-video-preview":"max-video-preview:-1"},"canonical":"https:\/\/www.artisanlocal.ch\/c\/chauffagiste-a-st-maurice\/","og_locale":"fr_FR","og_type":"article","og_title":"Chauffagiste \u00e0 St-Maurice ?","og_description":"Besoin d&rsquo;assistance pour r\u00e9parer votre chauffage ? ? Dans le cas o\u00f9 vous seriez un Agaunois, notre entreprise assure l&rsquo;installation ainsi que la r\u00e9paration de votre chauffage. Si vous travaillez avec Artisanlocal, vous profitez : d&rsquo;une tarification d\u00e9taill\u00e9e, de services de qualit\u00e9, d&rsquo;assistance \u00e0 St-Maurice et dans les alentours, des chauffagistes avec de l&rsquo;exp\u00e9rience, d&rsquo;estimations [&hellip;]","og_url":"https:\/\/www.artisanlocal.ch\/c\/chauffagiste-a-st-maurice\/","og_site_name":"Artisanlocal","article_modified_time":"2025-08-26T23:32:42+00:00","og_image":[{"width":1920,"height":300,"url":"https:\/\/www.artisanlocal.ch\/c\/wp-content\/uploads\/2024\/10\/chauffagiste.jpg","type":"image\/jpeg"}],"twitter_card":"summary_large_image","twitter_misc":{"Dur\u00e9e de lecture estim\u00e9e":"6 minutes"},"schema":{"@context":"https:\/\/schema.org","@graph":[{"@type":"WebPage","@id":"https:\/\/www.artisanlocal.ch\/c\/chauffagiste-a-st-maurice\/","url":"https:\/\/www.artisanlocal.ch\/c\/chauffagiste-a-st-maurice\/","name":"Chauffagiste \u00e0 St-Maurice ? - Artisanlocal","isPartOf":{"@id":"https:\/\/www.artisanlocal.ch\/c\/#website"},"primaryImageOfPage":{"@id":"https:\/\/www.artisanlocal.ch\/c\/chauffagiste-a-st-maurice\/#primaryimage"},"image":{"@id":"https:\/\/www.artisanlocal.ch\/c\/chauffagiste-a-st-maurice\/#primaryimage"},"thumbnailUrl":"https:\/\/www.artisanlocal.ch\/c\/wp-content\/uploads\/2024\/10\/chauffagiste.jpg","datePublished":"2024-04-18T02:04:49+00:00","dateModified":"2025-08-26T23:32:42+00:00","breadcrumb":{"@id":"https:\/\/www.artisanlocal.ch\/c\/chauffagiste-a-st-maurice\/#breadcrumb"},"inLanguage":"fr-FR","potentialAction":[{"@type":"ReadAction","target":["https:\/\/www.artisanlocal.ch\/c\/chauffagiste-a-st-maurice\/"]}]},{"@type":"ImageObject","inLanguage":"fr-FR","@id":"https:\/\/www.artisanlocal.ch\/c\/chauffagiste-a-st-maurice\/#primaryimage","url":"https:\/\/www.artisanlocal.ch\/c\/wp-content\/uploads\/2024\/10\/chauffagiste.jpg","contentUrl":"https:\/\/www.artisanlocal.ch\/c\/wp-content\/uploads\/2024\/10\/chauffagiste.jpg","width":1920,"height":300},{"@type":"BreadcrumbList","@id":"https:\/\/www.artisanlocal.ch\/c\/chauffagiste-a-st-maurice\/#breadcrumb","itemListElement":[{"@type":"ListItem","position":1,"name":"Accueil","item":"https:\/\/www.artisanlocal.ch\/c\/"},{"@type":"ListItem","position":2,"name":"Chauffagiste \u00e0 St-Maurice ?"}]},{"@type":"WebSite","@id":"https:\/\/www.artisanlocal.ch\/c\/#website","url":"https:\/\/www.artisanlocal.ch\/c\/","name":"Artisanlocal","description":"","publisher":{"@id":"https:\/\/www.artisanlocal.ch\/c\/#organization"},"potentialAction":[{"@type":"SearchAction","target":{"@type":"EntryPoint","urlTemplate":"https:\/\/www.artisanlocal.ch\/c\/?s={search_term_string}"},"query-input":{"@type":"PropertyValueSpecification","valueRequired":true,"valueName":"search_term_string"}}],"inLanguage":"fr-FR"},{"@type":"Organization","@id":"https:\/\/www.artisanlocal.ch\/c\/#organization","name":"Artisanlocal","url":"https:\/\/www.artisanlocal.ch\/c\/","logo":{"@type":"ImageObject","inLanguage":"fr-FR","@id":"https:\/\/www.artisanlocal.ch\/c\/#\/schema\/logo\/image\/","url":"https:\/\/www.artisanlocal.ch\/c\/wp-content\/uploads\/2024\/02\/logo-artisanlocal-h.svg","contentUrl":"https:\/\/www.artisanlocal.ch\/c\/wp-content\/uploads\/2024\/02\/logo-artisanlocal-h.svg","caption":"Artisanlocal"},"image":{"@id":"https:\/\/www.artisanlocal.ch\/c\/#\/schema\/logo\/image\/"}}]}},"_links":{"self":[{"href":"https:\/\/www.artisanlocal.ch\/c\/wp-json\/wp\/v2\/pages\/656","targetHints":{"allow":["GET"]}}],"collection":[{"href":"https:\/\/www.artisanlocal.ch\/c\/wp-json\/wp\/v2\/pages"}],"about":[{"href":"https:\/\/www.artisanlocal.ch\/c\/wp-json\/wp\/v2\/types\/page"}],"author":[{"embeddable":true,"href":"https:\/\/www.artisanlocal.ch\/c\/wp-json\/wp\/v2\/users\/4"}],"replies":[{"embeddable":true,"href":"https:\/\/www.artisanlocal.ch\/c\/wp-json\/wp\/v2\/comments?post=656"}],"version-history":[{"count":0,"href":"https:\/\/www.artisanlocal.ch\/c\/wp-json\/wp\/v2\/pages\/656\/revisions"}],"wp:featuredmedia":[{"embeddable":true,"href":"https:\/\/www.artisanlocal.ch\/c\/wp-json\/wp\/v2\/media\/2757"}],"wp:attachment":[{"href":"https:\/\/www.artisanlocal.ch\/c\/wp-json\/wp\/v2\/media?parent=656"}],"wp:term":[{"taxonomy":"profession","embeddable":true,"href":"https:\/\/www.artisanlocal.ch\/c\/wp-json\/wp\/v2\/profession?post=656"},{"taxonomy":"location","embeddable":true,"href":"https:\/\/www.artisanlocal.ch\/c\/wp-json\/wp\/v2\/location?post=656"},{"taxonomy":"canton","embeddable":true,"href":"https:\/\/www.artisanlocal.ch\/c\/wp-json\/wp\/v2\/canton?post=656"}],"curies":[{"name":"wp","href":"https:\/\/api.w.org\/{rel}","templated":true}]}}