{"id":659,"date":"2024-04-18T07:53:21","date_gmt":"2024-04-18T05:53:21","guid":{"rendered":"https:\/\/www.artisanlocal.ch\/c\/besoin-dun-chauffagiste-dans-le-canton-de-geneve\/"},"modified":"2025-11-06T12:33:41","modified_gmt":"2025-11-06T11:33:41","slug":"besoin-dun-chauffagiste-dans-le-canton-de-geneve","status":"publish","type":"page","link":"https:\/\/www.artisanlocal.ch\/c\/besoin-dun-chauffagiste-dans-le-canton-de-geneve\/","title":{"rendered":"Chauffagiste dans le canton de Gen\u00e8ve"},"content":{"rendered":"<p>Besoin d&rsquo;assistance pour r\u00e9parer votre chauffage ? Si vous \u00eates dans le canton de Gen\u00e8ve, Artisanlocal s&rsquo;occupe de l&rsquo;installation et de la r\u00e9paration de votre \u00e9quipement de chauffage. En travaillant avec nous, vous b\u00e9n\u00e9ficiez :<\/p>\n<ul>\n<li>de prix transparent,<\/li>\n<li>de services de premier choix,<\/li>\n<li>d&rsquo;assistance dans le canton de Gen\u00e8ve et dans ses alentours,<\/li>\n<li>d&rsquo;une entreprise avec une grande exp\u00e9rience,<\/li>\n<li>de devis sans co\u00fbt,<\/li>\n<li>d&rsquo;une \u00e9quipe disponible du lundi au samedi.<\/li>\n<\/ul>\n<h2>Pourquoi choisir Artisanlocal ?<\/h2>\n<p>\u00c9valuation rapide de votre projet : une fois que nous recevons votre demande de contact, notre chauffagiste dans le canton de Gen\u00e8ve vous contacte dans la journ\u00e9e.<\/p>\n<p>Intervention chez vous dans la journ\u00e9e : le jour de votre demande, le technicien chauffagiste dans le canton de Gen\u00e8ve peut se rendre \u00e0 votre domicile pour \u00e9valuer le montant de votre projet. Par la suite, vous obtenez un devis d\u00e9taill\u00e9 et vous pouvez nous poser vos questions.<\/p>\n<p>Installation de votre syst\u00e8me de chauffage en 24 \u00e0 48 heures : une fois que vous avez accept\u00e9 notre devis. Nous d\u00e9terminerons le jour de notre intervention avec vous.<\/p>\n<p>Assistance technique et de maintenance : en cas de panne de votre syst\u00e8me de chauffage, chaudi\u00e8re ou chauffe-eau. Nous sommes pr\u00eats \u00e0 intervenir dans le canton de Gen\u00e8ve ainsi que dans les villes proches.<\/p>\n<h2>Pourquoi la maintenance du chauffage est importante ?<\/h2>\n<p>Assurer le fonctionnement optimal de votre \u00e9quipement de chauffage est important, si vous avez des enfants. Nos experts vous aident \u00e0 r\u00e9gler la bonne temp\u00e9rature et le taux de monoxyde de carbone g\u00e9n\u00e9r\u00e9 par votre syst\u00e8me de chauffage. Nos chauffagistes garantissent l\u2019entretien de votre syst\u00e8me de chauffage, peu importe le type : basse temp\u00e9rature, fioul, gaz, condensation, \u00e9lectrique ou \u00e0 accumulation.<\/p>\n<h2>L&rsquo;entreprise Artisanlocal offre-t-elle une assistance t\u00e9l\u00e9phonique ?<\/h2>\n<p>Oui, nous pouvons vous aider par t\u00e9l\u00e9phone. En nous d\u00e9crivant votre probl\u00e8me par mail ou t\u00e9l\u00e9phone, nous identifierons la bonne solution pour r\u00e9soudre votre probl\u00e8me de chauffage. Il faut garder \u00e0 l&rsquo;esprit que dans la plupart des situations, un chauffagiste doit se d\u00e9placer chez vous pour d\u00e9tecter et corriger votre probl\u00e8me de chauffage.<\/p>\n<h2>Quel est le fonctionnement de votre entreprise ?<\/h2>\n<ol>\n<li>Premi\u00e8re prise de contact : Il est n\u00e9cessaire de nous joindre par t\u00e9l\u00e9phone ou par message.<\/li>\n<li>D\u00e9placement : un technicien chauffagiste dans le canton de Gen\u00e8ve intervient \u00e0 votre logement.<\/li>\n<li>\u00c9valuation : le technicien \u00e9valuera l&rsquo;\u00e9tat actuel des choses dans le but de d\u00e9terminer la superficie, le volume des pi\u00e8ces et contr\u00f4ler l&rsquo;isolation existante.<\/li>\n<li>Avis : une proposition vous sera faite en fonction de vos moyens et de vos attentes.<\/li>\n<li>Estimation : nous vous offrons un devis pr\u00e9cis avec les diff\u00e9rents montants.<\/li>\n<li>Installation : apr\u00e8s avoir accept\u00e9 notre estimation et en fonction de vos disponibilit\u00e9s, nous posons votre syst\u00e8me de chauffage, et ajustons le thermostat.<\/li>\n<\/ol>\n<h2>Quelle est la meilleure solution de chauffage pour un appartement ?<\/h2>\n<p>Notre expert chauffagiste vous guide pour trouver la meilleure solution, il vous donne des conseils sur mesure, comme les syst\u00e8mes de chauffages : \u00e0 condensation, \u00e0 gaz, \u00e9lectriques, fioul, classiques ou encore basses temp\u00e9ratures.<\/p>\n<p>Les chauffages \u00e0 condensation ou basses temp\u00e9ratures valent plus cher \u00e0 l&rsquo;achat, mais ils permettent de faire des \u00e9conomies sur le long terme.<\/p>\n<p>D&rsquo;ailleurs, avant la mise en place de votre chauffage, il faut d\u00e9terminer le meilleur thermostat. Ne vous inqui\u00e9tez pas, le expert qui se d\u00e9place chez vous a l&rsquo;expertise pour r\u00e9soudre toutes vos probl\u00e9matiques de chauffage. Dans le devis, vous retrouvez les d\u00e9tails de l\u2019intervention, tel que le prix des \u00e9quipements et de la main-d&rsquo;\u0153uvre.<\/p>\n<h2>Solution de maintenance de votre chauffage dans le canton de Gen\u00e8ve<\/h2>\n<p>Assurez-vous de r\u00e9aliser la maintenance de votre chauffage chaque ann\u00e9e, qu&rsquo;il soit au gaz ou au fioul. L&rsquo;entretien de votre chauffage offre la possibilit\u00e9 de contr\u00f4ler le taux de monoxyde de carbone qui se lib\u00e8re. Il est important de savoir, si votre chauffage g\u00e9n\u00e8re trop de monoxyde de carbone, il est possible de vous intoxiquer. Le chauffagiste qui se d\u00e9place chez vous contr\u00f4le et r\u00e8gle les \u00e9missions de monoxyde de carbone dans le but de vous \u00e9viter d\u2019avoir des potentiels probl\u00e8mes de sant\u00e9.<\/p>\n<h2>Contrat d&rsquo;assistance pour votre chauffage dans le canton de Gen\u00e8ve<\/h2>\n<p>Afind&rsquo;assurer le fonctionnement optimal de votre chauffage, nous offrons des contrats d&rsquo;entretien. Avec un entretien r\u00e9gulier, vous r\u00e9alisez des \u00e9conomies en \u00e9vitant les dysfonctionnements et les r\u00e9parations en urgence.<\/p>\n<p>D&rsquo;autre part, si vous avez un sinistre, votre assurance vous r\u00e9clame le contrat d&rsquo;entretien dans le but de contr\u00f4ler l&rsquo;\u00e9tat de votre chauffage avant l&rsquo;incident. Vous avez le choix de signer avec Artisanlocal un contrat d&rsquo;assistance annuel ou pluriannuel.<\/p>\n<h2>Quels sont les b\u00e9n\u00e9fices de souscrire \u00e0 un contrat d\u2019entretien pour votre chauffage ?<\/h2>\n<p>Si vous avez une pi\u00e8ce qui est d\u00e9fectueuse, nous la rempla\u00e7ons en priorit\u00e9, nous nous engageons \u00e0 contr\u00f4ler l&rsquo;ensemble de votre syst\u00e8me de chauffage, comme :<\/p>\n<ul>\n<li>Les niveaux de pression dans vos tuyaux,<\/li>\n<li>l&rsquo;entretien des conduits de raccordement, et des \u00e9l\u00e9ments chauffants.<\/li>\n<\/ul>\n<h2>Quelles sont les diff\u00e9rentes prestations propos\u00e9es par votre soci\u00e9t\u00e9 ?<\/h2>\n<p>Nos experts interviennent dans votre logement, pour :<\/p>\n<ul>\n<li>le d\u00e9sembouage et le d\u00e9tartrage de vos radiateurs,<\/li>\n<li>la purge de l&rsquo;air de vos radiateurs,<\/li>\n<li>l\u2019entretien de votre chauffage, chaudi\u00e8re et chauffe-eau,<\/li>\n<li>le r\u00e9glage de votre thermostat,<\/li>\n<li>la maintenance chaudi\u00e8res \u00e0 condensation, \u00e0 accumulation, \u00e0 gaz, \u00e0 fioul, \u00e9lectriques et basses temp\u00e9ratures,<\/li>\n<li>la r\u00e9paration de la vanne de vidange,<\/li>\n<li>l&rsquo;intervention et la remise en \u00e9tat : fuite de canalisation, radiateur qui ne marche plus, chaudi\u00e8re, etc.<\/li>\n<li>la pose de votre : radiateur \u00e9lectrique, pompe \u00e0 chaleur, plancher chauffant, chauffage, chaudi\u00e8re, etc.<\/li>\n<\/ul>\n<h2>Foire aux questions<\/h2>\n<h3>Pourquoi engager un chauffagiste dans le canton de Gen\u00e8ve ?<\/h3>\n<p>Optimiser votre confort thermique : un syst\u00e8me de chauffage efficace maintient la temp\u00e9rature de votre logement.<\/p>\n<p>R\u00e9aliser des \u00e9conomies : en s\u00e9lectionnant des mat\u00e9riaux de qualit\u00e9, pour le chauffage et l&rsquo;isolation, vous baissez vos \u00e9missions de carbone et vous r\u00e9alisez des \u00e9conomies.<\/p>\n<p>Prot\u00e9ger la s\u00fbret\u00e9 de vos installations : respecter les r\u00e8gles de s\u00fbret\u00e9 permet de maintenir un chauffage s\u00fbr et efficace (par exemple, pour r\u00e9duire le taux de monoxyde de carbone).<\/p>\n<p>\u00c9viter les probl\u00e8mes : en regardant votre syst\u00e8me de chauffage, un de nos techniciens peut anticiper les futurs ennuis.<\/p>\n<h3>Comment choisir le meilleur technicien chauffagiste dans le canton de Gen\u00e8ve ?<\/h3>\n<p>La qualification : v\u00e9rifiez les certifications d\u00e9montrant que la soci\u00e9t\u00e9 \u00e0 un v\u00e9ritable savoir-faire dans son domaine.<\/p>\n<p>Les cas clients : n&rsquo;h\u00e9sitez pas \u00e0 consulter les t\u00e9moignages des clients ayant d\u00e9j\u00e0 fait appel \u00e0 la soci\u00e9t\u00e9 afin de vous faire une id\u00e9e.<\/p>\n<p>Les garanties : assurez-vous que la soci\u00e9t\u00e9 de chauffage dispose d&rsquo;une assurance qui couvrira les possibles dommages caus\u00e9s lors de ses op\u00e9rations.<\/p>\n<h3>Quels sont vos d\u00e9lais pour intervenir \u00e0 mon domicile ?<\/h3>\n<p>Si vous avez une demande d&rsquo;intervention qui ne peut attendre, nous pouvons intervenir dans un d\u00e9lai de 2 heures, si votre demande n\u2019est pas urgente, nous intervenons normalement dans la journ\u00e9e.<\/p>\n<h3>Votre soci\u00e9t\u00e9 est disponible pour intervenir dans le canton de Gen\u00e8ve, mais \u00e9galement dans les localit\u00e9s aux environs ?<\/h3>\n<p>Oui, nous intervenons dans le canton de Gen\u00e8ve et dans les localit\u00e9s, comme : Gen\u00e8ve, Grand-Lancy, Petit-Lancy, Onex, A\u00efre, V\u00e9senaz, Cologny, Ch\u00eane-Bougeries, Ch\u00eane-Bourg, Th\u00f4nex, Carouge GE, Les Acacias, Plan-les-Ouates, Conches, Confignon, Bernex, Vessy, Cartigny, Avully, Puplinge, Presinge, Choulex, Collonge-Bellerive, Corsier GE, Ani\u00e8res, Hermance, Gy, Meinier, Vandoeuvres, Jussy, Veyrier, Troinex, La Croix-de-Rozon, Perly, Chancy, Athenaz (Avusy), Soral, Laconnex, Aire-la-Ville, Vernier, Cointrin, Meyrin, Le Grand-Saconnex, Ch\u00e2telaine, Le Lignon, Les Avanchets, Collex, Satigny, Russin, Dardagny, La Plaine, Chamb\u00e9sy.<\/p>\n","protected":false},"excerpt":{"rendered":"<p>Besoin d&rsquo;assistance pour r\u00e9parer votre chauffage ? Si vous \u00eates dans le canton de Gen\u00e8ve, Artisanlocal s&rsquo;occupe de l&rsquo;installation et de la r\u00e9paration de votre \u00e9quipement de chauffage. En travaillant avec nous, vous b\u00e9n\u00e9ficiez : de prix transparent, de services de premier choix, d&rsquo;assistance dans le canton de Gen\u00e8ve et dans ses alentours, d&rsquo;une entreprise [&hellip;]<\/p>\n","protected":false},"author":4,"featured_media":2757,"parent":0,"menu_order":0,"comment_status":"closed","ping_status":"closed","template":"wp-custom-template-page-canton","meta":{"footnotes":""},"profession":[120],"location":[],"canton":[112],"class_list":["post-659","page","type-page","status-publish","has-post-thumbnail","hentry","profession-chauffagiste","canton-ge"],"yoast_head":"<!-- This site is optimized with the Yoast SEO Premium plugin v25.7.1 (Yoast SEO v27.3) - https:\/\/yoast.com\/product\/yoast-seo-premium-wordpress\/ -->\n<title>Chauffagiste dans le canton de Gen\u00e8ve - Artisanlocal<\/title>\n<meta name=\"robots\" content=\"index, follow, max-snippet:-1, max-image-preview:large, max-video-preview:-1\" \/>\n<link rel=\"canonical\" href=\"https:\/\/www.artisanlocal.ch\/c\/besoin-dun-chauffagiste-dans-le-canton-de-geneve\/\" \/>\n<meta property=\"og:locale\" content=\"fr_FR\" \/>\n<meta property=\"og:type\" content=\"article\" \/>\n<meta property=\"og:title\" content=\"Chauffagiste dans le canton de Gen\u00e8ve\" \/>\n<meta property=\"og:description\" content=\"Besoin d&rsquo;assistance pour r\u00e9parer votre chauffage ? Si vous \u00eates dans le canton de Gen\u00e8ve, Artisanlocal s&rsquo;occupe de l&rsquo;installation et de la r\u00e9paration de votre \u00e9quipement de chauffage. En travaillant avec nous, vous b\u00e9n\u00e9ficiez : de prix transparent, de services de premier choix, d&rsquo;assistance dans le canton de Gen\u00e8ve et dans ses alentours, d&rsquo;une entreprise [&hellip;]\" \/>\n<meta property=\"og:url\" content=\"https:\/\/www.artisanlocal.ch\/c\/besoin-dun-chauffagiste-dans-le-canton-de-geneve\/\" \/>\n<meta property=\"og:site_name\" content=\"Artisanlocal\" \/>\n<meta property=\"article:modified_time\" content=\"2025-11-06T11:33:41+00:00\" \/>\n<meta property=\"og:image\" content=\"https:\/\/www.artisanlocal.ch\/c\/wp-content\/uploads\/2024\/10\/chauffagiste.jpg\" \/>\n\t<meta property=\"og:image:width\" content=\"1920\" \/>\n\t<meta property=\"og:image:height\" content=\"300\" \/>\n\t<meta property=\"og:image:type\" content=\"image\/jpeg\" \/>\n<meta name=\"twitter:card\" content=\"summary_large_image\" \/>\n<meta name=\"twitter:label1\" content=\"Dur\u00e9e de lecture estim\u00e9e\" \/>\n\t<meta name=\"twitter:data1\" content=\"6 minutes\" \/>\n<script type=\"application\/ld+json\" class=\"yoast-schema-graph\">{\"@context\":\"https:\\\/\\\/schema.org\",\"@graph\":[{\"@type\":\"WebPage\",\"@id\":\"https:\\\/\\\/www.artisanlocal.ch\\\/c\\\/besoin-dun-chauffagiste-dans-le-canton-de-geneve\\\/\",\"url\":\"https:\\\/\\\/www.artisanlocal.ch\\\/c\\\/besoin-dun-chauffagiste-dans-le-canton-de-geneve\\\/\",\"name\":\"Chauffagiste dans le canton de Gen\u00e8ve - Artisanlocal\",\"isPartOf\":{\"@id\":\"https:\\\/\\\/www.artisanlocal.ch\\\/c\\\/#website\"},\"primaryImageOfPage\":{\"@id\":\"https:\\\/\\\/www.artisanlocal.ch\\\/c\\\/besoin-dun-chauffagiste-dans-le-canton-de-geneve\\\/#primaryimage\"},\"image\":{\"@id\":\"https:\\\/\\\/www.artisanlocal.ch\\\/c\\\/besoin-dun-chauffagiste-dans-le-canton-de-geneve\\\/#primaryimage\"},\"thumbnailUrl\":\"https:\\\/\\\/www.artisanlocal.ch\\\/c\\\/wp-content\\\/uploads\\\/2024\\\/10\\\/chauffagiste.jpg\",\"datePublished\":\"2024-04-18T05:53:21+00:00\",\"dateModified\":\"2025-11-06T11:33:41+00:00\",\"breadcrumb\":{\"@id\":\"https:\\\/\\\/www.artisanlocal.ch\\\/c\\\/besoin-dun-chauffagiste-dans-le-canton-de-geneve\\\/#breadcrumb\"},\"inLanguage\":\"fr-FR\",\"potentialAction\":[{\"@type\":\"ReadAction\",\"target\":[\"https:\\\/\\\/www.artisanlocal.ch\\\/c\\\/besoin-dun-chauffagiste-dans-le-canton-de-geneve\\\/\"]}]},{\"@type\":\"ImageObject\",\"inLanguage\":\"fr-FR\",\"@id\":\"https:\\\/\\\/www.artisanlocal.ch\\\/c\\\/besoin-dun-chauffagiste-dans-le-canton-de-geneve\\\/#primaryimage\",\"url\":\"https:\\\/\\\/www.artisanlocal.ch\\\/c\\\/wp-content\\\/uploads\\\/2024\\\/10\\\/chauffagiste.jpg\",\"contentUrl\":\"https:\\\/\\\/www.artisanlocal.ch\\\/c\\\/wp-content\\\/uploads\\\/2024\\\/10\\\/chauffagiste.jpg\",\"width\":1920,\"height\":300},{\"@type\":\"BreadcrumbList\",\"@id\":\"https:\\\/\\\/www.artisanlocal.ch\\\/c\\\/besoin-dun-chauffagiste-dans-le-canton-de-geneve\\\/#breadcrumb\",\"itemListElement\":[{\"@type\":\"ListItem\",\"position\":1,\"name\":\"Accueil\",\"item\":\"https:\\\/\\\/www.artisanlocal.ch\\\/c\\\/\"},{\"@type\":\"ListItem\",\"position\":2,\"name\":\"Chauffagiste dans le canton de Gen\u00e8ve\"}]},{\"@type\":\"WebSite\",\"@id\":\"https:\\\/\\\/www.artisanlocal.ch\\\/c\\\/#website\",\"url\":\"https:\\\/\\\/www.artisanlocal.ch\\\/c\\\/\",\"name\":\"Artisanlocal\",\"description\":\"\",\"publisher\":{\"@id\":\"https:\\\/\\\/www.artisanlocal.ch\\\/c\\\/#organization\"},\"potentialAction\":[{\"@type\":\"SearchAction\",\"target\":{\"@type\":\"EntryPoint\",\"urlTemplate\":\"https:\\\/\\\/www.artisanlocal.ch\\\/c\\\/?s={search_term_string}\"},\"query-input\":{\"@type\":\"PropertyValueSpecification\",\"valueRequired\":true,\"valueName\":\"search_term_string\"}}],\"inLanguage\":\"fr-FR\"},{\"@type\":\"Organization\",\"@id\":\"https:\\\/\\\/www.artisanlocal.ch\\\/c\\\/#organization\",\"name\":\"Artisanlocal\",\"url\":\"https:\\\/\\\/www.artisanlocal.ch\\\/c\\\/\",\"logo\":{\"@type\":\"ImageObject\",\"inLanguage\":\"fr-FR\",\"@id\":\"https:\\\/\\\/www.artisanlocal.ch\\\/c\\\/#\\\/schema\\\/logo\\\/image\\\/\",\"url\":\"https:\\\/\\\/www.artisanlocal.ch\\\/c\\\/wp-content\\\/uploads\\\/2024\\\/02\\\/logo-artisanlocal-h.svg\",\"contentUrl\":\"https:\\\/\\\/www.artisanlocal.ch\\\/c\\\/wp-content\\\/uploads\\\/2024\\\/02\\\/logo-artisanlocal-h.svg\",\"caption\":\"Artisanlocal\"},\"image\":{\"@id\":\"https:\\\/\\\/www.artisanlocal.ch\\\/c\\\/#\\\/schema\\\/logo\\\/image\\\/\"}}]}<\/script>\n<!-- \/ Yoast SEO Premium plugin. -->","yoast_head_json":{"title":"Chauffagiste dans le canton de Gen\u00e8ve - Artisanlocal","robots":{"index":"index","follow":"follow","max-snippet":"max-snippet:-1","max-image-preview":"max-image-preview:large","max-video-preview":"max-video-preview:-1"},"canonical":"https:\/\/www.artisanlocal.ch\/c\/besoin-dun-chauffagiste-dans-le-canton-de-geneve\/","og_locale":"fr_FR","og_type":"article","og_title":"Chauffagiste dans le canton de Gen\u00e8ve","og_description":"Besoin d&rsquo;assistance pour r\u00e9parer votre chauffage ? Si vous \u00eates dans le canton de Gen\u00e8ve, Artisanlocal s&rsquo;occupe de l&rsquo;installation et de la r\u00e9paration de votre \u00e9quipement de chauffage. En travaillant avec nous, vous b\u00e9n\u00e9ficiez : de prix transparent, de services de premier choix, d&rsquo;assistance dans le canton de Gen\u00e8ve et dans ses alentours, d&rsquo;une entreprise [&hellip;]","og_url":"https:\/\/www.artisanlocal.ch\/c\/besoin-dun-chauffagiste-dans-le-canton-de-geneve\/","og_site_name":"Artisanlocal","article_modified_time":"2025-11-06T11:33:41+00:00","og_image":[{"width":1920,"height":300,"url":"https:\/\/www.artisanlocal.ch\/c\/wp-content\/uploads\/2024\/10\/chauffagiste.jpg","type":"image\/jpeg"}],"twitter_card":"summary_large_image","twitter_misc":{"Dur\u00e9e de lecture estim\u00e9e":"6 minutes"},"schema":{"@context":"https:\/\/schema.org","@graph":[{"@type":"WebPage","@id":"https:\/\/www.artisanlocal.ch\/c\/besoin-dun-chauffagiste-dans-le-canton-de-geneve\/","url":"https:\/\/www.artisanlocal.ch\/c\/besoin-dun-chauffagiste-dans-le-canton-de-geneve\/","name":"Chauffagiste dans le canton de Gen\u00e8ve - Artisanlocal","isPartOf":{"@id":"https:\/\/www.artisanlocal.ch\/c\/#website"},"primaryImageOfPage":{"@id":"https:\/\/www.artisanlocal.ch\/c\/besoin-dun-chauffagiste-dans-le-canton-de-geneve\/#primaryimage"},"image":{"@id":"https:\/\/www.artisanlocal.ch\/c\/besoin-dun-chauffagiste-dans-le-canton-de-geneve\/#primaryimage"},"thumbnailUrl":"https:\/\/www.artisanlocal.ch\/c\/wp-content\/uploads\/2024\/10\/chauffagiste.jpg","datePublished":"2024-04-18T05:53:21+00:00","dateModified":"2025-11-06T11:33:41+00:00","breadcrumb":{"@id":"https:\/\/www.artisanlocal.ch\/c\/besoin-dun-chauffagiste-dans-le-canton-de-geneve\/#breadcrumb"},"inLanguage":"fr-FR","potentialAction":[{"@type":"ReadAction","target":["https:\/\/www.artisanlocal.ch\/c\/besoin-dun-chauffagiste-dans-le-canton-de-geneve\/"]}]},{"@type":"ImageObject","inLanguage":"fr-FR","@id":"https:\/\/www.artisanlocal.ch\/c\/besoin-dun-chauffagiste-dans-le-canton-de-geneve\/#primaryimage","url":"https:\/\/www.artisanlocal.ch\/c\/wp-content\/uploads\/2024\/10\/chauffagiste.jpg","contentUrl":"https:\/\/www.artisanlocal.ch\/c\/wp-content\/uploads\/2024\/10\/chauffagiste.jpg","width":1920,"height":300},{"@type":"BreadcrumbList","@id":"https:\/\/www.artisanlocal.ch\/c\/besoin-dun-chauffagiste-dans-le-canton-de-geneve\/#breadcrumb","itemListElement":[{"@type":"ListItem","position":1,"name":"Accueil","item":"https:\/\/www.artisanlocal.ch\/c\/"},{"@type":"ListItem","position":2,"name":"Chauffagiste dans le canton de Gen\u00e8ve"}]},{"@type":"WebSite","@id":"https:\/\/www.artisanlocal.ch\/c\/#website","url":"https:\/\/www.artisanlocal.ch\/c\/","name":"Artisanlocal","description":"","publisher":{"@id":"https:\/\/www.artisanlocal.ch\/c\/#organization"},"potentialAction":[{"@type":"SearchAction","target":{"@type":"EntryPoint","urlTemplate":"https:\/\/www.artisanlocal.ch\/c\/?s={search_term_string}"},"query-input":{"@type":"PropertyValueSpecification","valueRequired":true,"valueName":"search_term_string"}}],"inLanguage":"fr-FR"},{"@type":"Organization","@id":"https:\/\/www.artisanlocal.ch\/c\/#organization","name":"Artisanlocal","url":"https:\/\/www.artisanlocal.ch\/c\/","logo":{"@type":"ImageObject","inLanguage":"fr-FR","@id":"https:\/\/www.artisanlocal.ch\/c\/#\/schema\/logo\/image\/","url":"https:\/\/www.artisanlocal.ch\/c\/wp-content\/uploads\/2024\/02\/logo-artisanlocal-h.svg","contentUrl":"https:\/\/www.artisanlocal.ch\/c\/wp-content\/uploads\/2024\/02\/logo-artisanlocal-h.svg","caption":"Artisanlocal"},"image":{"@id":"https:\/\/www.artisanlocal.ch\/c\/#\/schema\/logo\/image\/"}}]}},"_links":{"self":[{"href":"https:\/\/www.artisanlocal.ch\/c\/wp-json\/wp\/v2\/pages\/659","targetHints":{"allow":["GET"]}}],"collection":[{"href":"https:\/\/www.artisanlocal.ch\/c\/wp-json\/wp\/v2\/pages"}],"about":[{"href":"https:\/\/www.artisanlocal.ch\/c\/wp-json\/wp\/v2\/types\/page"}],"author":[{"embeddable":true,"href":"https:\/\/www.artisanlocal.ch\/c\/wp-json\/wp\/v2\/users\/4"}],"replies":[{"embeddable":true,"href":"https:\/\/www.artisanlocal.ch\/c\/wp-json\/wp\/v2\/comments?post=659"}],"version-history":[{"count":0,"href":"https:\/\/www.artisanlocal.ch\/c\/wp-json\/wp\/v2\/pages\/659\/revisions"}],"wp:featuredmedia":[{"embeddable":true,"href":"https:\/\/www.artisanlocal.ch\/c\/wp-json\/wp\/v2\/media\/2757"}],"wp:attachment":[{"href":"https:\/\/www.artisanlocal.ch\/c\/wp-json\/wp\/v2\/media?parent=659"}],"wp:term":[{"taxonomy":"profession","embeddable":true,"href":"https:\/\/www.artisanlocal.ch\/c\/wp-json\/wp\/v2\/profession?post=659"},{"taxonomy":"location","embeddable":true,"href":"https:\/\/www.artisanlocal.ch\/c\/wp-json\/wp\/v2\/location?post=659"},{"taxonomy":"canton","embeddable":true,"href":"https:\/\/www.artisanlocal.ch\/c\/wp-json\/wp\/v2\/canton?post=659"}],"curies":[{"name":"wp","href":"https:\/\/api.w.org\/{rel}","templated":true}]}}