{"id":660,"date":"2024-04-18T09:47:35","date_gmt":"2024-04-18T07:47:35","guid":{"rendered":"https:\/\/www.artisanlocal.ch\/c\/besoin-dun-depannage-en-urgence-de-votre-chauffage-a-la-chaux-de-fonds\/"},"modified":"2025-08-27T01:32:39","modified_gmt":"2025-08-26T23:32:39","slug":"besoin-dun-depannage-en-urgence-de-votre-chauffage-a-la-chaux-de-fonds","status":"publish","type":"page","link":"https:\/\/www.artisanlocal.ch\/c\/besoin-dun-depannage-en-urgence-de-votre-chauffage-a-la-chaux-de-fonds\/","title":{"rendered":"Chauffagiste \u00e0 La Chaux-de-Fonds"},"content":{"rendered":"<p>Besoin d&rsquo;un chauffagiste \u00e0 Chaux-de-Fonnier, Artisanlocal ? Artisanlocal s&rsquo;occupe de l&rsquo;installation et de la r\u00e9paration de votre syst\u00e8me de chauffage. Si vous travaillez avec Artisanlocal, vous profitez :<\/p>\n<ul>\n<li>d&rsquo;une tarification d\u00e9taill\u00e9e,<\/li>\n<li>de prestations de haut niveau,<\/li>\n<li>d&rsquo;assistance \u00e0 La Chaux-de-Fonds et dans les villes proches,<\/li>\n<li>d&rsquo;un personnel qualifi\u00e9 et avec de l&rsquo;exp\u00e9rience,<\/li>\n<li>d&rsquo;un devis gratuit,<\/li>\n<li>de chauffagistes disponibles du lundi au samedi pour r\u00e9pondre \u00e0 vos questions.<\/li>\n<\/ul>\n\r\n<div class=\"box\">\r\n            <div class=\"company-info\">\r\n            <img decoding=\"async\" class=\"company-info__logo\" src=\"https:\/\/www.artisanlocal.ch\/media\/cache\/thumb\/images\/companies\/65a6592226d55813397990.png\" alt=\"Logo\">\r\n            <h2 class=\"company-info__name\">Eau Design S\u00e0rl<\/h2>\r\n            <p class=\"company-info__business\">Installations sanitaires - Chauffages - D\u00e9pannage<\/p>\r\n        <\/div>\r\n        <div class=\"company-contact\">\r\n            <p class=\"company-info__address\">Le Cr\u00e2tat-Loviat 115<\/p>\r\n                            <div class=\"links\">\r\n                                            <a class=\"btn has-accent-background-color js-phoneNumber\" href=\"tel:0792536498\" title=\"Appelez\" data-id=\"7646\" data-type=\"11\">079 253 64 98<\/a>\r\n                                                                <a class=\"btn has-accent-background-color\" href=\"https:\/\/www.eaudesign.ch\/\" target=\"_blank\" title=\"Voir le site internet\" data-id=\"7646\" data-type=\"20\">Site internet<\/a>\r\n                                    <\/div>\r\n                    <\/div>\r\n    \r\n            \r\n<form action=\"https:\/\/www.artisanlocal.ch\/c\/wp-admin\/admin-ajax.php\" method=\"post\" class=\"form-contact\" id=\"artisan_form_contact_company_inline\">\r\n    <div><input type=\"hidden\" name=\"action\" value=\"company_contact\"><\/div>\r\n    <div><input type=\"hidden\" name=\"nonce\" value=\"85ec494698\"><\/div>\r\n    <div><input type=\"hidden\" name=\"company_id\" value=\"7646\"><\/div>\r\n    <div><input type=\"hidden\" name=\"form_id\" value=\"artisan_form_contact_company_inline\"><\/div>\r\n    <div class=\"gglcptch gglcptch_v3 gglcptch_custom\"><input type=\"hidden\" id=\"g-recaptcha-response\" name=\"g-recaptcha-response\" \/><br \/><div class=\"gglcptch_error_text\">La p\u00e9riode de v\u00e9rification reCAPTCHA a expir\u00e9. Veuillez recharger la page.<\/div><\/div>    <div class=\"form-content\">\r\n        <div class=\"form-group\">\r\n            <label for=\"contact_firstName\" class=\"required\">Pr\u00e9nom<\/label>\r\n            <input type=\"text\" name=\"firstName\" class=\"form-control\" required>\r\n        <\/div>\r\n        <div class=\"form-group\">\r\n            <label for=\"contact_lastName\" class=\"required\">Nom<\/label>\r\n            <input type=\"text\" name=\"lastName\" class=\"form-control\" required>\r\n        <\/div>\r\n        <div class=\"form-group\">\r\n            <label for=\"contact_email\" class=\"required\">Email<\/label>\r\n            <input type=\"email\" name=\"email\" class=\"form-control\" required>\r\n        <\/div>\r\n        <div class=\"form-group\">\r\n            <label for=\"contact_phone\" class=\"required\">Num\u00e9ro de t\u00e9l\u00e9phone<\/label>\r\n            <input type=\"tel\" name=\"phone\" class=\"form-control\" placeholder=\"0787117165\" pattern=\"^[0-9]{10}$\" required>\r\n        <\/div>\r\n        <div class=\"form-group\">\r\n            <label for=\"contact_postalCode\" class=\"required\">Code postal et localit\u00e9<\/label>\r\n            <input type=\"text\" name=\"postalCode\" class=\"form-control\" required>\r\n        <\/div>\r\n        <div class=\"form-group\">\r\n            <label for=\"contact_address\" class=\"required\">Adresse<\/label>\r\n            <input type=\"text\" name=\"address\" class=\"form-control\" required>\r\n        <\/div>\r\n        <div class=\"full-width topic\">\r\n            <p class=\"required\">Je souhaite \u00eatre contact\u00e9 pour :<\/p>\r\n            <div class=\"form-check\">\r\n                <input type=\"radio\" name=\"topic\" value=\"D\u00e9pannage\" class=\"form-control\" required>\r\n                <label for=\"d\u00e9pannage\">D\u00e9pannage<\/label>\r\n            <\/div>\r\n            <div class=\"form-check\">\r\n                <input type=\"radio\" name=\"topic\" value=\"Entretien\" class=\"form-control\" required>\r\n                <label for=\"entretien\">Entretien<\/label>\r\n            <\/div>\r\n            <div class=\"form-check\">\r\n                <input type=\"radio\" name=\"topic\" value=\"R\u00e9novation\" class=\"form-control\" required>\r\n                <label for=\"r\u00e9novation\">R\u00e9novation<\/label>\r\n            <\/div>\r\n            <div class=\"form-check\">\r\n                <input type=\"radio\" name=\"topic\" value=\"Autre\" class=\"form-control\" required>\r\n                <label for=\"autre\">Autre<\/label>\r\n            <\/div>\r\n        <\/div>\r\n        <div class=\"form-group full-width\">\r\n            <label for=\"contact_message\">Message<\/label>\r\n            <textarea name=\"message\" rows=\"3\" class=\"form-control\"><\/textarea>\r\n        <\/div>\r\n    <\/div>\r\n    <div class=\"form-actions\">\r\n        <button class=\"wp-block-button__link has-accent-background-color\">Contacter<\/button>\r\n    <\/div>\r\n<\/form>\r\n<div class=\"form-feedback\"><\/div>    <\/div>\n<h2>Pourquoi choisir Artisanlocal ?<\/h2>\n<p>Estimation rapide pour installer ou changer votre chauffage : une fois que vous avez rempli le formulaire, notre expert \u00e0 La Chaux-de-Fonds vous appelle dans la journ\u00e9e.<\/p>\n<p>Intervention chez vous dans la journ\u00e9e : le jour de votre demande, le technicien chauffagiste \u00e0 Chaux-de-Fonnier peut se d\u00e9placer en urgence dans votre foyer et estimer le montant des travaux.<\/p>\n<p>Installation de votre chauffage en 24 \u00e0 48 heures : une fois que vous avez valid\u00e9 le devis avec notre chauffagiste \u00e0 La Chaux-de-Fonds. Nous fixerons le jour de l&rsquo;intervention.<\/p>\n<p>Entretien et d\u00e9pannage : notre entreprise est disponible pour intervenir \u00e0 La Chaux-de-Fonds et dans les municipalit\u00e9s \u00e0 proximit\u00e9.<\/p>\n<h2>Pourquoi est-il indispensable de d\u00e9panner votre chauffage ?<\/h2>\n<p>Avoir un chauffage qui fonctionne est important, surtout dans un foyer avec de jeunes enfants. Notre \u00e9quipe vous aide \u00e0 r\u00e9gler la temp\u00e9rature id\u00e9ale et v\u00e9rifie le taux de monoxyde de carbone g\u00e9n\u00e9r\u00e9 par votre chauffage. Nos techniciens s&rsquo;occupent de la maintenance et de l&rsquo;entretien de votre chauffage, quel que soit le type : basse temp\u00e9rature, fioul, condensation, \u00e9lectrique, gaz ou \u00e0 accumulation.<\/p>\n<h2>Votre entreprise offre-t-elle une assistance t\u00e9l\u00e9phonique ?<\/h2>\n<p>Oui, nous proposons une assistance t\u00e9l\u00e9phonique. Il vous suffit de nous expliquer votre probl\u00e9matique pour que nous puissions en d\u00e9terminer les origines et identifier la solution. Cependant, dans plusieurs cas, un technicien doit intervenir dans votre foyer.<\/p>\n<h2>Quel est le fonctionnement de votre entreprise ?<\/h2>\n<ol>\n<li>Premier contact : vous devez nous contacter par mail ou par t\u00e9l\u00e9phone.<\/li>\n<li>Intervention : un artisan Chaux-de-Fonnier vient \u00e0 votre domicile.<\/li>\n<li>Estimation : l&rsquo;artisan estimera l&rsquo;\u00e9tat de votre chauffage afin de d\u00e9terminer le volume de vos pi\u00e8ces, et prendre en compte l&rsquo;isolation existante et la superficie totale.<\/li>\n<li>Recommandation : nous vous guiderons pour s\u00e9lectionner le meilleur chauffage pour vous, nous prenons en compte l\u2019efficacit\u00e9 et la rentabilit\u00e9 que vous d\u00e9sirez avoir.<\/li>\n<li>Prix : vous obtenez un devis d\u00e9taill\u00e9 avec les diff\u00e9rentes d\u00e9penses.<\/li>\n<li>Installation : apr\u00e8s avoir accept\u00e9 notre estimation, nous r\u00e9alisons l&rsquo;installation de votre \u00e9quipe de chauffage et r\u00e9glons le thermostat selon vos attentes.<\/li>\n<\/ol>\n<h2>Quels sont les chauffages les plus performants ?<\/h2>\n<p>Le technicien qui se d\u00e9place dans votre foyer, vous conseille pour choisir le meilleur chauffage possible, parmi les chauffages : \u00e0 condensation, \u00e9lectriques, \u00e0 gaz, fioul, classiques ou encore basses temp\u00e9ratures.<\/p>\n<p>Les syst\u00e8mes de chauffages \u00e0 basse temp\u00e9rature ou \u00e0 condensation, malgr\u00e9 un co\u00fbt d&rsquo;achat plus important, permettent de r\u00e9aliser des \u00e9conomies sur le long terme.<\/p>\n<p>D&rsquo;ailleurs, avant la mise en place de votre chauffage, il faut d\u00e9terminer le bon thermostat. L&rsquo;expert qui intervient dans votre foyer est un professionnel avec une grande exp\u00e9rience.<\/p>\n<h2>Service d&rsquo;entretien pour votre chauffage \u00e0 La Chaux-de-Fonds<\/h2>\n<p>Vous devez r\u00e9aliser l&rsquo;entretien annuel de votre chauffage, qu&rsquo;il soit au fioul ou \u00e0 gaz. L&rsquo;entretien de votre syst\u00e8me de chauffage permet de contr\u00f4ler le taux de monoxyde de carbone qui se lib\u00e8re. \u00c0 noter, si votre chauffage g\u00e9n\u00e8re trop de monoxyde de carbone, il est probable d&rsquo;intoxiquer les membres de votre famille. Le chauffagiste qui se rend dans votre foyer r\u00e8gle et contr\u00f4le les \u00e9missions de monoxyde de carbone de votre chauffage afin de vous emp\u00eacher d\u2019avoir des potentiels probl\u00e8mes.<\/p>\n<h2>Contrat d\u2019entretien pour votre chauffage \u00e0 La Chaux-de-Fonds<\/h2>\n<p>Dans le but d&rsquo;assurer un bon \u00e9tat de marche de votre chauffage, nous proposons des contrats d&rsquo;entretien. Avec un entretien r\u00e9gulier, vous r\u00e9alisez des \u00e9conomies en \u00e9vitant les pannes et les r\u00e9parations en urgence.<\/p>\n<p>Par ailleurs, dans le cas o\u00f9 vous auriez un d\u00e9g\u00e2t ou un sinistre, votre assureur vous demande le contrat de maintenance de mani\u00e8re \u00e0 contr\u00f4ler l&rsquo;\u00e9tat de votre chauffage avant l&rsquo;accident. Notre entreprise offre des contrats de maintenance pluriannuels ou annuels.<\/p>\n<h2>Pourquoi signer un contrat d&rsquo;entretien pour votre chauffage ?<\/h2>\n<p>Si vous avez des \u00e9l\u00e9ments d\u00e9fectueux, nous garantissons le remplacement rapide. Par ailleurs, nous nous engageons \u00e0 inspecter l&rsquo;ensemble de votre chauffage, comme :<\/p>\n<ul>\n<li>La tension dans vos conduits,<\/li>\n<li>le nettoyage des tuyaux de raccordement, et des parties chauffantes.<\/li>\n<\/ul>\n<h2>Quelles sont les diff\u00e9rentes prestations propos\u00e9es par votre entreprise ?<\/h2>\n<ul>\n<li>Le d\u00e9sembouage et le d\u00e9tartrage de vos radiateurs,<\/li>\n<li>la purge de l&rsquo;air de vos radiateurs,<\/li>\n<li>la maintenance des chauffe-eau et des chaudi\u00e8res,<\/li>\n<li>le r\u00e9glage de votre thermostat,<\/li>\n<li>l&rsquo;entretien des chaudi\u00e8res \u00e0 condensation, basses temp\u00e9ratures, \u00e0 gaz, \u00e0 fioul, \u00e0 accumulation et \u00e9lectriques,<\/li>\n<li>la remise en \u00e9tat de la vanne de vidange,<\/li>\n<li>le d\u00e9pannage et la r\u00e9paration sur tous types de probl\u00e8mes techniques : de votre chaudi\u00e8re, radiateur qui ne chauffe plus, fuite de canalisation, etc.<\/li>\n<li>l\u2019installation de : chauffage, chaudi\u00e8re, pompe \u00e0 chaleur, radiateur \u00e9lectrique, plancher chauffant, etc.<\/li>\n<\/ul>\n<h2>FAQ<\/h2>\n<h3>Pourquoi engager un chauffagiste Chaux-de-Fonnier ?<\/h3>\n<ul>\n<li>Maintenir la temp\u00e9rature de vos pi\u00e8ces.<\/li>\n<li>Faire des \u00e9conomies.<\/li>\n<li>Prot\u00e9ger la s\u00fbret\u00e9 des habitants.<\/li>\n<li>Pr\u00e9venir les probl\u00e8mes.<\/li>\n<\/ul>\n<h3>Quels sont les crit\u00e8res \u00e0 prendre en compte pour s\u00e9lectionner le bon chauffagiste \u00e0 La Chaux-de-Fonds ?<\/h3>\n<p>La qualification : contr\u00f4lez les comp\u00e9tences avant de s\u00e9lectionner la soci\u00e9t\u00e9 de chauffage.<\/p>\n<p>Les cas clients : prenez le temps de consulter les avis des anciens clients ayant d\u00e9j\u00e0 travaill\u00e9 avec les soci\u00e9t\u00e9s.<\/p>\n<p>Les assurances : v\u00e9rifiez que les techniciens chauffagistes sont assur\u00e9s en cas de dommages.<\/p>\n<h3>\u00c0 quelle rapidit\u00e9 votre entreprise intervient dans un foyer Chaux-de-Fonnier ?<\/h3>\n<p>Si vous avez une demande d&rsquo;intervention qui ne peut pas attendre, nous pouvons intervenir sous un d\u00e9lai de deux heures, s&rsquo;il n&rsquo;y a pas de priorit\u00e9 concernant votre demande, nous intervenons g\u00e9n\u00e9ralement dans la semaine.<\/p>\n<h3>Intervenez-vous \u00e0 La Chaux-de-Fonds et aux environs ?<\/h3>\n<p>Oui, nous intervenons \u00e0 La Chaux-de-Fonds et dans les localit\u00e9s, comme : Montmollin, Montezillon, Valangin, Boudevilliers, Fontaines NE, Fontainemelon, La Vue-des-Alpes, Cernier, Ch\u00e9zard-St-Martin, Les Vieux-Pr\u00e9s, Dombresson, Villiers, Le P\u00e2quier NE, Engollon, Fenin, Saules, Vilars NE, Savagnier, Chaumont, Les Geneveys-sur-Coffrane, Coffrane, Les Hauts-Geneveys, La Sagne NE, Le Cr\u00eat-du-Locle, Les Planchettes, La Cibourg, Les Emibois, Le Cerneux-Veusil, Les Pommerats, Goumois, Montfavergier.<\/p>\n","protected":false},"excerpt":{"rendered":"<p>Besoin d&rsquo;un chauffagiste \u00e0 Chaux-de-Fonnier, Artisanlocal ? Artisanlocal s&rsquo;occupe de l&rsquo;installation et de la r\u00e9paration de votre syst\u00e8me de chauffage. Si vous travaillez avec Artisanlocal, vous profitez : d&rsquo;une tarification d\u00e9taill\u00e9e, de prestations de haut niveau, d&rsquo;assistance \u00e0 La Chaux-de-Fonds et dans les villes proches, d&rsquo;un personnel qualifi\u00e9 et avec de l&rsquo;exp\u00e9rience, d&rsquo;un devis gratuit, [&hellip;]<\/p>\n","protected":false},"author":4,"featured_media":2757,"parent":0,"menu_order":0,"comment_status":"closed","ping_status":"closed","template":"","meta":{"footnotes":""},"profession":[120],"location":[18],"canton":[114],"class_list":["post-660","page","type-page","status-publish","has-post-thumbnail","hentry","profession-chauffagiste","location-la-chaux-de-fonds","canton-ne"],"yoast_head":"<!-- This site is optimized with the Yoast SEO Premium plugin v25.7.1 (Yoast SEO v27.3) - https:\/\/yoast.com\/product\/yoast-seo-premium-wordpress\/ -->\n<title>Chauffagiste \u00e0 La Chaux-de-Fonds - Artisanlocal<\/title>\n<meta name=\"robots\" content=\"index, follow, max-snippet:-1, max-image-preview:large, max-video-preview:-1\" \/>\n<link rel=\"canonical\" href=\"https:\/\/www.artisanlocal.ch\/c\/besoin-dun-depannage-en-urgence-de-votre-chauffage-a-la-chaux-de-fonds\/\" \/>\n<meta property=\"og:locale\" content=\"fr_FR\" \/>\n<meta property=\"og:type\" content=\"article\" \/>\n<meta property=\"og:title\" content=\"Chauffagiste \u00e0 La Chaux-de-Fonds\" \/>\n<meta property=\"og:description\" content=\"Besoin d&rsquo;un chauffagiste \u00e0 Chaux-de-Fonnier, Artisanlocal ? Artisanlocal s&rsquo;occupe de l&rsquo;installation et de la r\u00e9paration de votre syst\u00e8me de chauffage. Si vous travaillez avec Artisanlocal, vous profitez : d&rsquo;une tarification d\u00e9taill\u00e9e, de prestations de haut niveau, d&rsquo;assistance \u00e0 La Chaux-de-Fonds et dans les villes proches, d&rsquo;un personnel qualifi\u00e9 et avec de l&rsquo;exp\u00e9rience, d&rsquo;un devis gratuit, [&hellip;]\" \/>\n<meta property=\"og:url\" content=\"https:\/\/www.artisanlocal.ch\/c\/besoin-dun-depannage-en-urgence-de-votre-chauffage-a-la-chaux-de-fonds\/\" \/>\n<meta property=\"og:site_name\" content=\"Artisanlocal\" \/>\n<meta property=\"article:modified_time\" content=\"2025-08-26T23:32:39+00:00\" \/>\n<meta property=\"og:image\" content=\"https:\/\/www.artisanlocal.ch\/c\/wp-content\/uploads\/2024\/10\/chauffagiste.jpg\" \/>\n\t<meta property=\"og:image:width\" content=\"1920\" \/>\n\t<meta property=\"og:image:height\" content=\"300\" \/>\n\t<meta property=\"og:image:type\" content=\"image\/jpeg\" \/>\n<meta name=\"twitter:card\" content=\"summary_large_image\" \/>\n<meta name=\"twitter:label1\" content=\"Dur\u00e9e de lecture estim\u00e9e\" \/>\n\t<meta name=\"twitter:data1\" content=\"6 minutes\" \/>\n<script type=\"application\/ld+json\" class=\"yoast-schema-graph\">{\"@context\":\"https:\\\/\\\/schema.org\",\"@graph\":[{\"@type\":\"WebPage\",\"@id\":\"https:\\\/\\\/www.artisanlocal.ch\\\/c\\\/besoin-dun-depannage-en-urgence-de-votre-chauffage-a-la-chaux-de-fonds\\\/\",\"url\":\"https:\\\/\\\/www.artisanlocal.ch\\\/c\\\/besoin-dun-depannage-en-urgence-de-votre-chauffage-a-la-chaux-de-fonds\\\/\",\"name\":\"Chauffagiste \u00e0 La Chaux-de-Fonds - Artisanlocal\",\"isPartOf\":{\"@id\":\"https:\\\/\\\/www.artisanlocal.ch\\\/c\\\/#website\"},\"primaryImageOfPage\":{\"@id\":\"https:\\\/\\\/www.artisanlocal.ch\\\/c\\\/besoin-dun-depannage-en-urgence-de-votre-chauffage-a-la-chaux-de-fonds\\\/#primaryimage\"},\"image\":{\"@id\":\"https:\\\/\\\/www.artisanlocal.ch\\\/c\\\/besoin-dun-depannage-en-urgence-de-votre-chauffage-a-la-chaux-de-fonds\\\/#primaryimage\"},\"thumbnailUrl\":\"https:\\\/\\\/www.artisanlocal.ch\\\/c\\\/wp-content\\\/uploads\\\/2024\\\/10\\\/chauffagiste.jpg\",\"datePublished\":\"2024-04-18T07:47:35+00:00\",\"dateModified\":\"2025-08-26T23:32:39+00:00\",\"breadcrumb\":{\"@id\":\"https:\\\/\\\/www.artisanlocal.ch\\\/c\\\/besoin-dun-depannage-en-urgence-de-votre-chauffage-a-la-chaux-de-fonds\\\/#breadcrumb\"},\"inLanguage\":\"fr-FR\",\"potentialAction\":[{\"@type\":\"ReadAction\",\"target\":[\"https:\\\/\\\/www.artisanlocal.ch\\\/c\\\/besoin-dun-depannage-en-urgence-de-votre-chauffage-a-la-chaux-de-fonds\\\/\"]}]},{\"@type\":\"ImageObject\",\"inLanguage\":\"fr-FR\",\"@id\":\"https:\\\/\\\/www.artisanlocal.ch\\\/c\\\/besoin-dun-depannage-en-urgence-de-votre-chauffage-a-la-chaux-de-fonds\\\/#primaryimage\",\"url\":\"https:\\\/\\\/www.artisanlocal.ch\\\/c\\\/wp-content\\\/uploads\\\/2024\\\/10\\\/chauffagiste.jpg\",\"contentUrl\":\"https:\\\/\\\/www.artisanlocal.ch\\\/c\\\/wp-content\\\/uploads\\\/2024\\\/10\\\/chauffagiste.jpg\",\"width\":1920,\"height\":300},{\"@type\":\"BreadcrumbList\",\"@id\":\"https:\\\/\\\/www.artisanlocal.ch\\\/c\\\/besoin-dun-depannage-en-urgence-de-votre-chauffage-a-la-chaux-de-fonds\\\/#breadcrumb\",\"itemListElement\":[{\"@type\":\"ListItem\",\"position\":1,\"name\":\"Accueil\",\"item\":\"https:\\\/\\\/www.artisanlocal.ch\\\/c\\\/\"},{\"@type\":\"ListItem\",\"position\":2,\"name\":\"Chauffagiste \u00e0 La Chaux-de-Fonds\"}]},{\"@type\":\"WebSite\",\"@id\":\"https:\\\/\\\/www.artisanlocal.ch\\\/c\\\/#website\",\"url\":\"https:\\\/\\\/www.artisanlocal.ch\\\/c\\\/\",\"name\":\"Artisanlocal\",\"description\":\"\",\"publisher\":{\"@id\":\"https:\\\/\\\/www.artisanlocal.ch\\\/c\\\/#organization\"},\"potentialAction\":[{\"@type\":\"SearchAction\",\"target\":{\"@type\":\"EntryPoint\",\"urlTemplate\":\"https:\\\/\\\/www.artisanlocal.ch\\\/c\\\/?s={search_term_string}\"},\"query-input\":{\"@type\":\"PropertyValueSpecification\",\"valueRequired\":true,\"valueName\":\"search_term_string\"}}],\"inLanguage\":\"fr-FR\"},{\"@type\":\"Organization\",\"@id\":\"https:\\\/\\\/www.artisanlocal.ch\\\/c\\\/#organization\",\"name\":\"Artisanlocal\",\"url\":\"https:\\\/\\\/www.artisanlocal.ch\\\/c\\\/\",\"logo\":{\"@type\":\"ImageObject\",\"inLanguage\":\"fr-FR\",\"@id\":\"https:\\\/\\\/www.artisanlocal.ch\\\/c\\\/#\\\/schema\\\/logo\\\/image\\\/\",\"url\":\"https:\\\/\\\/www.artisanlocal.ch\\\/c\\\/wp-content\\\/uploads\\\/2024\\\/02\\\/logo-artisanlocal-h.svg\",\"contentUrl\":\"https:\\\/\\\/www.artisanlocal.ch\\\/c\\\/wp-content\\\/uploads\\\/2024\\\/02\\\/logo-artisanlocal-h.svg\",\"caption\":\"Artisanlocal\"},\"image\":{\"@id\":\"https:\\\/\\\/www.artisanlocal.ch\\\/c\\\/#\\\/schema\\\/logo\\\/image\\\/\"}}]}<\/script>\n<!-- \/ Yoast SEO Premium plugin. -->","yoast_head_json":{"title":"Chauffagiste \u00e0 La Chaux-de-Fonds - Artisanlocal","robots":{"index":"index","follow":"follow","max-snippet":"max-snippet:-1","max-image-preview":"max-image-preview:large","max-video-preview":"max-video-preview:-1"},"canonical":"https:\/\/www.artisanlocal.ch\/c\/besoin-dun-depannage-en-urgence-de-votre-chauffage-a-la-chaux-de-fonds\/","og_locale":"fr_FR","og_type":"article","og_title":"Chauffagiste \u00e0 La Chaux-de-Fonds","og_description":"Besoin d&rsquo;un chauffagiste \u00e0 Chaux-de-Fonnier, Artisanlocal ? Artisanlocal s&rsquo;occupe de l&rsquo;installation et de la r\u00e9paration de votre syst\u00e8me de chauffage. Si vous travaillez avec Artisanlocal, vous profitez : d&rsquo;une tarification d\u00e9taill\u00e9e, de prestations de haut niveau, d&rsquo;assistance \u00e0 La Chaux-de-Fonds et dans les villes proches, d&rsquo;un personnel qualifi\u00e9 et avec de l&rsquo;exp\u00e9rience, d&rsquo;un devis gratuit, [&hellip;]","og_url":"https:\/\/www.artisanlocal.ch\/c\/besoin-dun-depannage-en-urgence-de-votre-chauffage-a-la-chaux-de-fonds\/","og_site_name":"Artisanlocal","article_modified_time":"2025-08-26T23:32:39+00:00","og_image":[{"width":1920,"height":300,"url":"https:\/\/www.artisanlocal.ch\/c\/wp-content\/uploads\/2024\/10\/chauffagiste.jpg","type":"image\/jpeg"}],"twitter_card":"summary_large_image","twitter_misc":{"Dur\u00e9e de lecture estim\u00e9e":"6 minutes"},"schema":{"@context":"https:\/\/schema.org","@graph":[{"@type":"WebPage","@id":"https:\/\/www.artisanlocal.ch\/c\/besoin-dun-depannage-en-urgence-de-votre-chauffage-a-la-chaux-de-fonds\/","url":"https:\/\/www.artisanlocal.ch\/c\/besoin-dun-depannage-en-urgence-de-votre-chauffage-a-la-chaux-de-fonds\/","name":"Chauffagiste \u00e0 La Chaux-de-Fonds - Artisanlocal","isPartOf":{"@id":"https:\/\/www.artisanlocal.ch\/c\/#website"},"primaryImageOfPage":{"@id":"https:\/\/www.artisanlocal.ch\/c\/besoin-dun-depannage-en-urgence-de-votre-chauffage-a-la-chaux-de-fonds\/#primaryimage"},"image":{"@id":"https:\/\/www.artisanlocal.ch\/c\/besoin-dun-depannage-en-urgence-de-votre-chauffage-a-la-chaux-de-fonds\/#primaryimage"},"thumbnailUrl":"https:\/\/www.artisanlocal.ch\/c\/wp-content\/uploads\/2024\/10\/chauffagiste.jpg","datePublished":"2024-04-18T07:47:35+00:00","dateModified":"2025-08-26T23:32:39+00:00","breadcrumb":{"@id":"https:\/\/www.artisanlocal.ch\/c\/besoin-dun-depannage-en-urgence-de-votre-chauffage-a-la-chaux-de-fonds\/#breadcrumb"},"inLanguage":"fr-FR","potentialAction":[{"@type":"ReadAction","target":["https:\/\/www.artisanlocal.ch\/c\/besoin-dun-depannage-en-urgence-de-votre-chauffage-a-la-chaux-de-fonds\/"]}]},{"@type":"ImageObject","inLanguage":"fr-FR","@id":"https:\/\/www.artisanlocal.ch\/c\/besoin-dun-depannage-en-urgence-de-votre-chauffage-a-la-chaux-de-fonds\/#primaryimage","url":"https:\/\/www.artisanlocal.ch\/c\/wp-content\/uploads\/2024\/10\/chauffagiste.jpg","contentUrl":"https:\/\/www.artisanlocal.ch\/c\/wp-content\/uploads\/2024\/10\/chauffagiste.jpg","width":1920,"height":300},{"@type":"BreadcrumbList","@id":"https:\/\/www.artisanlocal.ch\/c\/besoin-dun-depannage-en-urgence-de-votre-chauffage-a-la-chaux-de-fonds\/#breadcrumb","itemListElement":[{"@type":"ListItem","position":1,"name":"Accueil","item":"https:\/\/www.artisanlocal.ch\/c\/"},{"@type":"ListItem","position":2,"name":"Chauffagiste \u00e0 La Chaux-de-Fonds"}]},{"@type":"WebSite","@id":"https:\/\/www.artisanlocal.ch\/c\/#website","url":"https:\/\/www.artisanlocal.ch\/c\/","name":"Artisanlocal","description":"","publisher":{"@id":"https:\/\/www.artisanlocal.ch\/c\/#organization"},"potentialAction":[{"@type":"SearchAction","target":{"@type":"EntryPoint","urlTemplate":"https:\/\/www.artisanlocal.ch\/c\/?s={search_term_string}"},"query-input":{"@type":"PropertyValueSpecification","valueRequired":true,"valueName":"search_term_string"}}],"inLanguage":"fr-FR"},{"@type":"Organization","@id":"https:\/\/www.artisanlocal.ch\/c\/#organization","name":"Artisanlocal","url":"https:\/\/www.artisanlocal.ch\/c\/","logo":{"@type":"ImageObject","inLanguage":"fr-FR","@id":"https:\/\/www.artisanlocal.ch\/c\/#\/schema\/logo\/image\/","url":"https:\/\/www.artisanlocal.ch\/c\/wp-content\/uploads\/2024\/02\/logo-artisanlocal-h.svg","contentUrl":"https:\/\/www.artisanlocal.ch\/c\/wp-content\/uploads\/2024\/02\/logo-artisanlocal-h.svg","caption":"Artisanlocal"},"image":{"@id":"https:\/\/www.artisanlocal.ch\/c\/#\/schema\/logo\/image\/"}}]}},"_links":{"self":[{"href":"https:\/\/www.artisanlocal.ch\/c\/wp-json\/wp\/v2\/pages\/660","targetHints":{"allow":["GET"]}}],"collection":[{"href":"https:\/\/www.artisanlocal.ch\/c\/wp-json\/wp\/v2\/pages"}],"about":[{"href":"https:\/\/www.artisanlocal.ch\/c\/wp-json\/wp\/v2\/types\/page"}],"author":[{"embeddable":true,"href":"https:\/\/www.artisanlocal.ch\/c\/wp-json\/wp\/v2\/users\/4"}],"replies":[{"embeddable":true,"href":"https:\/\/www.artisanlocal.ch\/c\/wp-json\/wp\/v2\/comments?post=660"}],"version-history":[{"count":0,"href":"https:\/\/www.artisanlocal.ch\/c\/wp-json\/wp\/v2\/pages\/660\/revisions"}],"wp:featuredmedia":[{"embeddable":true,"href":"https:\/\/www.artisanlocal.ch\/c\/wp-json\/wp\/v2\/media\/2757"}],"wp:attachment":[{"href":"https:\/\/www.artisanlocal.ch\/c\/wp-json\/wp\/v2\/media?parent=660"}],"wp:term":[{"taxonomy":"profession","embeddable":true,"href":"https:\/\/www.artisanlocal.ch\/c\/wp-json\/wp\/v2\/profession?post=660"},{"taxonomy":"location","embeddable":true,"href":"https:\/\/www.artisanlocal.ch\/c\/wp-json\/wp\/v2\/location?post=660"},{"taxonomy":"canton","embeddable":true,"href":"https:\/\/www.artisanlocal.ch\/c\/wp-json\/wp\/v2\/canton?post=660"}],"curies":[{"name":"wp","href":"https:\/\/api.w.org\/{rel}","templated":true}]}}