{"id":661,"date":"2024-04-18T23:04:38","date_gmt":"2024-04-18T21:04:38","guid":{"rendered":"https:\/\/www.artisanlocal.ch\/c\/chauffagiste-a-courtelary\/"},"modified":"2025-08-27T01:32:23","modified_gmt":"2025-08-26T23:32:23","slug":"chauffagiste-a-courtelary","status":"publish","type":"page","link":"https:\/\/www.artisanlocal.ch\/c\/chauffagiste-a-courtelary\/","title":{"rendered":"Chauffagiste \u00e0 Courtelary"},"content":{"rendered":"<p>Besoin d&rsquo;un sp\u00e9cialiste du chauffage \u00e0 Courtelary ? Artisanlocal s&rsquo;occupe de la r\u00e9paration de votre chauffage et effectue l&rsquo;installation de votre chauffage \u00e0 Courtelary. En travaillant avec nous, vous b\u00e9n\u00e9ficiez :<\/p>\n<ul>\n<li>d&rsquo;une tarification claire,<\/li>\n<li>de services de qualit\u00e9,<\/li>\n<li>d&rsquo;intervention \u00e0 Courtelary et dans ses alentours,<\/li>\n<li>d&rsquo;une entreprise avec de l&rsquo;exp\u00e9rience,<\/li>\n<li>d&rsquo;estimations sans frais,<\/li>\n<li>de techniciens disponibles du lundi au samedi pour r\u00e9pondre \u00e0 toutes vos interrogations.<\/li>\n<\/ul>\n\r\n<div class=\"box\">\r\n            <div class=\"company-info\">\r\n            <img decoding=\"async\" class=\"company-info__logo\" src=\"https:\/\/www.artisanlocal.ch\/media\/cache\/thumb\/images\/companies\/stalder-zuercher-sa.png\" alt=\"Logo\">\r\n            <h2 class=\"company-info__name\">Stalder & Z\u00fcrcher SA<\/h2>\r\n            <p class=\"company-info__business\">Chauffage - Sanitaire - Solaire<\/p>\r\n        <\/div>\r\n        <div class=\"company-contact\">\r\n            <p class=\"company-info__address\">Rue du Midi 14<\/p>\r\n                            <div class=\"links\">\r\n                                            <a class=\"btn has-accent-background-color js-phoneNumber\" href=\"tel:0792511222\" title=\"Appelez\" data-id=\"7936\" data-type=\"11\">079 251 12 22<\/a>\r\n                                                                <a class=\"btn has-accent-background-color\" href=\"https:\/\/www.stalder-zurcher.ch\/\" target=\"_blank\" title=\"Voir le site internet\" data-id=\"7936\" data-type=\"20\">Site internet<\/a>\r\n                                    <\/div>\r\n                    <\/div>\r\n    \r\n            \r\n<form action=\"https:\/\/www.artisanlocal.ch\/c\/wp-admin\/admin-ajax.php\" method=\"post\" class=\"form-contact\" id=\"artisan_form_contact_company_inline\">\r\n    <div><input type=\"hidden\" name=\"action\" value=\"company_contact\"><\/div>\r\n    <div><input type=\"hidden\" name=\"nonce\" value=\"85ec494698\"><\/div>\r\n    <div><input type=\"hidden\" name=\"company_id\" value=\"7936\"><\/div>\r\n    <div><input type=\"hidden\" name=\"form_id\" value=\"artisan_form_contact_company_inline\"><\/div>\r\n    <div class=\"gglcptch gglcptch_v3 gglcptch_custom\"><input type=\"hidden\" id=\"g-recaptcha-response\" name=\"g-recaptcha-response\" \/><br \/><div class=\"gglcptch_error_text\">La p\u00e9riode de v\u00e9rification reCAPTCHA a expir\u00e9. Veuillez recharger la page.<\/div><\/div>    <div class=\"form-content\">\r\n        <div class=\"form-group\">\r\n            <label for=\"contact_firstName\" class=\"required\">Pr\u00e9nom<\/label>\r\n            <input type=\"text\" name=\"firstName\" class=\"form-control\" required>\r\n        <\/div>\r\n        <div class=\"form-group\">\r\n            <label for=\"contact_lastName\" class=\"required\">Nom<\/label>\r\n            <input type=\"text\" name=\"lastName\" class=\"form-control\" required>\r\n        <\/div>\r\n        <div class=\"form-group\">\r\n            <label for=\"contact_email\" class=\"required\">Email<\/label>\r\n            <input type=\"email\" name=\"email\" class=\"form-control\" required>\r\n        <\/div>\r\n        <div class=\"form-group\">\r\n            <label for=\"contact_phone\" class=\"required\">Num\u00e9ro de t\u00e9l\u00e9phone<\/label>\r\n            <input type=\"tel\" name=\"phone\" class=\"form-control\" placeholder=\"0787117165\" pattern=\"^[0-9]{10}$\" required>\r\n        <\/div>\r\n        <div class=\"form-group\">\r\n            <label for=\"contact_postalCode\" class=\"required\">Code postal et localit\u00e9<\/label>\r\n            <input type=\"text\" name=\"postalCode\" class=\"form-control\" required>\r\n        <\/div>\r\n        <div class=\"form-group\">\r\n            <label for=\"contact_address\" class=\"required\">Adresse<\/label>\r\n            <input type=\"text\" name=\"address\" class=\"form-control\" required>\r\n        <\/div>\r\n        <div class=\"full-width topic\">\r\n            <p class=\"required\">Je souhaite \u00eatre contact\u00e9 pour :<\/p>\r\n            <div class=\"form-check\">\r\n                <input type=\"radio\" name=\"topic\" value=\"D\u00e9pannage\" class=\"form-control\" required>\r\n                <label for=\"d\u00e9pannage\">D\u00e9pannage<\/label>\r\n            <\/div>\r\n            <div class=\"form-check\">\r\n                <input type=\"radio\" name=\"topic\" value=\"Entretien\" class=\"form-control\" required>\r\n                <label for=\"entretien\">Entretien<\/label>\r\n            <\/div>\r\n            <div class=\"form-check\">\r\n                <input type=\"radio\" name=\"topic\" value=\"R\u00e9novation\" class=\"form-control\" required>\r\n                <label for=\"r\u00e9novation\">R\u00e9novation<\/label>\r\n            <\/div>\r\n            <div class=\"form-check\">\r\n                <input type=\"radio\" name=\"topic\" value=\"Autre\" class=\"form-control\" required>\r\n                <label for=\"autre\">Autre<\/label>\r\n            <\/div>\r\n        <\/div>\r\n        <div class=\"form-group full-width\">\r\n            <label for=\"contact_message\">Message<\/label>\r\n            <textarea name=\"message\" rows=\"3\" class=\"form-control\"><\/textarea>\r\n        <\/div>\r\n    <\/div>\r\n    <div class=\"form-actions\">\r\n        <button class=\"wp-block-button__link has-accent-background-color\">Contacter<\/button>\r\n    <\/div>\r\n<\/form>\r\n<div class=\"form-feedback\"><\/div>    <\/div>\n<h2>Pourquoi travailler avec notre entreprise ?<\/h2>\n<p>Estimation rapide de vos travaux : d\u00e8s que vous nous envoyez le formulaire, notre sp\u00e9cialiste en chauffage \u00e0 Courtelary prend contact le jour m\u00eame.<\/p>\n<p>Visite \u00e0 votre domicile le jour m\u00eame : le jour m\u00eame, le chauffagiste Courtelarien peut se rendre dans votre foyer pour calculer le montant pour le changement ou l&rsquo;installation de votre chauffage. Par la suite, vous obtenez une \u00e9valuation d\u00e9taill\u00e9e et vous pouvez nous poser vos demandes.<\/p>\n<p>Installation de votre chauffage en 24 \u00e0 48 heures : une fois que vous avez valid\u00e9 le devis avec notre chauffagiste \u00e0 Courtelary. Nous fixerons la date de notre intervention avec vous.<\/p>\n<p>Service de d\u00e9pannage et de r\u00e9paration : si votre chauffage, chaudi\u00e8re ou chauffe-eau tombe en panne. Notre soci\u00e9t\u00e9 peut intervenir \u00e0 Courtelary et ses environs.<\/p>\n<h2>Pourquoi la maintenance du chauffage est importante ?<\/h2>\n<p>Avoir un syst\u00e8me de chauffage qui marche est essentiel, si vous avez des enfants en bas \u00e2ge. Notre entreprise vous aide \u00e0 d\u00e9finir la temp\u00e9rature id\u00e9ale et v\u00e9rifie le taux de monoxyde de carbone cr\u00e9\u00e9 par votre chauffage. Peu importe le type de votre chauffage, nos chauffagistes assurent la maintenance et l&rsquo;entretien, de votre \u00e9quipement de chauffage : basse temp\u00e9rature, fioul, gaz, condensation, \u00e9lectrique ou \u00e0 accumulation.<\/p>\n<h2>Pouvez-vous m&rsquo;aider \u00e0 distance ?<\/h2>\n<p>Oui, la soci\u00e9t\u00e9 Artisanlocal peut vous d\u00e9panner \u00e0 distance. Il vous suffit de nous d\u00e9tailler votre situation pour que nous puissions en d\u00e9terminer les causes et identifier la solution. Toutefois, dans plusieurs cas, un technicien doit intervenir \u00e0 votre domicile.<\/p>\n<h2>Comment fonctionne Artisanlocal ?<\/h2>\n<ol>\n<li>Premier contact : Il est n\u00e9cessaire de nous contacter par t\u00e9l\u00e9phone ou par message.<\/li>\n<li>D\u00e9placement : un chauffagiste Courtelarien vient \u00e0 votre logement.<\/li>\n<li>Estimation : on analysera l&rsquo;\u00e9quipement actuel, la superficie, l&rsquo;isolation et le volume de vos pi\u00e8ces pour \u00e9valuer et d\u00e9terminer la solution id\u00e9ale.<\/li>\n<li>Recommandation : une solution vous sera propos\u00e9e en fonction de vos moyens et de vos demandes.<\/li>\n<li>Devis : vous obtenez une estimation d\u00e9taill\u00e9e, vous montrant les diverses d\u00e9penses.<\/li>\n<li>Pose : apr\u00e8s avoir accept\u00e9 notre devis, nous effectuons l&rsquo;installation de votre \u00e9quipe de chauffage et ajustons le thermostat en fonction de vos demandes.<\/li>\n<\/ol>\n<h2>Quelle est la solution de chauffage la plus adapt\u00e9e pour votre maison ?<\/h2>\n<p>Notre technicien chauffagiste vous conseille pour trouver la meilleure solution, il vous conseille parmi les chauffages existants, parmi les \u00e9quipements chauffages : \u00e0 gaz, \u00e9lectriques, fioul, classiques, basses temp\u00e9ratures ou \u00e0 condensation.<\/p>\n<p>Les chauffages \u00e0 condensation ou basses temp\u00e9ratures co\u00fbtent plus cher \u00e0 l&rsquo;acquisition, mais ils contribuent \u00e0 faire des \u00e9conomies sur la dur\u00e9e.<\/p>\n<p>D&rsquo;ailleurs, avant d&rsquo;installer votre chauffage, il faut choisir le meilleur thermostat. Pas d\u2019inqui\u00e9tude, le technicien qui se rend \u00e0 votre domicile a l&rsquo;expertise pour r\u00e9gler tous vos probl\u00e8mes de chauffage. Dans notre devis, vous trouvez les d\u00e9tails de l\u2019intervention, tel que le montant de la main-d&rsquo;\u0153uvre et aussi des diff\u00e9rents \u00e9quipements.<\/p>\n<h2>Service de maintenance de votre chauffage \u00e0 Courtelary<\/h2>\n<p>Vous devez r\u00e9aliser l&rsquo;entretien annuel de votre chauffage, qu&rsquo;il soit au fioul ou \u00e0 gaz. L&rsquo;entretien de votre chauffage permet de contr\u00f4ler les \u00e9missions de monoxyde de carbone qui se lib\u00e8re. \u00c0 noter, si votre chauffage cr\u00e9e excessivement de monoxyde de carbone, il est probable d&rsquo;intoxiquer les membres de votre famille. Le chauffagiste qui se rend chez vous r\u00e8gle et contr\u00f4le les \u00e9missions de monoxyde de carbone dans le but de vous emp\u00eacher d\u2019avoir des potentiels soucis m\u00e9dicaux.<\/p>\n<h2>Contrat d\u2019entretien pour votre chauffage \u00e0 Courtelary<\/h2>\n<p>Notre entreprise propose des contrats d\u2019entretiens pour votre chauffage dans le but d&rsquo;en assurer le bon fonctionnement. En faisant un entretien r\u00e9gulier, vous r\u00e9alisez des \u00e9conomies sur le long terme.<\/p>\n<p>Par ailleurs, si vous avez un d\u00e9g\u00e2t ou un sinistre, votre assurance vous demande le contrat de maintenance de fa\u00e7on \u00e0 comparer l&rsquo;\u00e9tat de votre chauffage avant l&rsquo;accident. Notre entreprise offre des contrats d&rsquo;entretien annuels ou pluriannuels.<\/p>\n<h2>Pourquoi signer un contrat d&rsquo;entretien pour votre chauffage ?<\/h2>\n<p>Si vous avez une partie qui est endommag\u00e9e, nous la changeons en urgence, nous prenons l&rsquo;engagement de contr\u00f4ler tout votre syst\u00e8me de chauffage, comme :<\/p>\n<ul>\n<li>Les niveaux de pression dans vos tuyaux,<\/li>\n<li>l&rsquo;entretien des conduits de raccordement, et des \u00e9l\u00e9ments chauffants.<\/li>\n<\/ul>\n<h2>Quels sont les diff\u00e9rents services propos\u00e9s par votre soci\u00e9t\u00e9 ?<\/h2>\n<p>Nos techniciens op\u00e8rent dans votre appartement, pour :<\/p>\n<ul>\n<li>le d\u00e9sembouage et le d\u00e9tartrage de vos radiateurs,<\/li>\n<li>la purge de l&rsquo;air de vos radiateurs,<\/li>\n<li>l\u2019entretien de votre chauffage, chaudi\u00e8re et chauffe-eau,<\/li>\n<li>l&rsquo;ajustement des thermostats,<\/li>\n<li>la maintenance chaudi\u00e8res \u00e0 condensation, \u00e0 accumulation, \u00e0 gaz, \u00e0 fioul, \u00e9lectriques et basses temp\u00e9ratures,<\/li>\n<li>la remise en \u00e9tat de la vanne de vidange,<\/li>\n<li> la r\u00e9paration et le d\u00e9pannage sur tous types de pannes : fuite de tuyauterie, radiateur qui ne marche plus, chaudi\u00e8re, etc.<\/li>\n<li>la pose de votre : chauffage, chaudi\u00e8re, pompe \u00e0 chaleur, radiateur \u00e9lectrique, plancher chauffant, etc.<\/li>\n<\/ul>\n<h2>R\u00e9ponses aux questions fr\u00e9quentes<\/h2>\n<h3>Pourquoi engager un chauffagiste Courtelarien ?<\/h3>\n<p>Accro\u00eetre la temp\u00e9rature de votre int\u00e9rieur : un syst\u00e8me de chauffage efficient conserve la temp\u00e9rature de votre domicile.<\/p>\n<p>R\u00e9aliser des \u00e9conomies : en achetant des \u00e9quipements de qualit\u00e9, exemple le chauffage et l&rsquo;isolation, vous diminuez vos \u00e9missions de CO2 et vous faites des \u00e9conomies.<\/p>\n<p>Prot\u00e9ger la s\u00fbret\u00e9 de vos installations : un syst\u00e8me de chauffage performant permet de r\u00e9pondre aux r\u00e8gles de s\u00fbret\u00e9 en vigueur (exemple, pour r\u00e9duire le taux de monoxyde de carbone).<\/p>\n<p>Anticiper les probl\u00e8mes : en inspectant votre syst\u00e8me de chauffage, un expert peut anticiper les futurs ennuis.<\/p>\n<h3>Quels sont les \u00e9l\u00e9ments \u00e0 prendre en consid\u00e9ration pour s\u00e9lectionner le bon technicien chauffagiste \u00e0 Courtelary ?<\/h3>\n<p>Les comp\u00e9tences : v\u00e9rifiez les comp\u00e9tences avant de choisir la soci\u00e9t\u00e9 de chauffage.<\/p>\n<p>Les avis clients : n&rsquo;h\u00e9sitez pas \u00e0 regarder les avis des anciens clients ayant d\u00e9j\u00e0 eu recours \u00e0 l&rsquo;entreprise de mani\u00e8re \u00e0 vous faire une opinion.<\/p>\n<p>Les garanties : v\u00e9rifiez que la soci\u00e9t\u00e9 de chauffage b\u00e9n\u00e9ficie d&rsquo;une garantie assurance qui couvre les \u00e9ventuels d\u00e9g\u00e2ts caus\u00e9s lors de ses interventions.<\/p>\n<h3>Quelle est votre vitesse d&rsquo;intervention \u00e0 Courtelary ?<\/h3>\n<p>Nous intervenons chez vous dans un d\u00e9lai de deux heures (pour les situations d&rsquo;urgence) dans le cas contraire, nous pouvons agir dans la journ\u00e9e.<\/p>\n<h3>Pouvez-vous intervenir \u00e0 Courtelary et \u00e0 proximit\u00e9 ?<\/h3>\n<p>En effet, nous effectuons nos interventions \u00e0 Courtelary et dans les villes aux alentours, telles que : La Ferri\u00e8re, Pr\u00eales, Lamboing, Diesse, Nods, La Neuveville, Orvin, Frinvillier, Plagne, Vauffelin, Romont BE, P\u00e9ry, La Heutte, Sonceboz-Sombeval, Corg\u00e9mont, Cort\u00e9bert, Montagne-de-Courtelary, Mont-Crosin, Les Pontins, Mont-Soleil, St-Imier, Cormoret, Villeret, Montagne-de-Sonvilier, Sonvilier, Renan BE, Tavannes, Le Fuet, Bellelay, Ch\u00e2telat, Monible, Sornetan, Fornet-Dessous, Reb\u00e9velier, Tramelan, La Tanne, Les Reussilles, Mont-Tramelan, Loveresse, Reconvilier, Saicourt, Saules BE, Pontenet, B\u00e9vilard, Champoz, Malleray, Sorvilier, Court, Moutier, Perrefitte, Eschert, Belprahon, Grandval, Cr\u00e9mines, Corcelles BE, Seehof, Les Ecorcheresses, Souboz, Roches BE, Schelten.<\/p>\n","protected":false},"excerpt":{"rendered":"<p>Besoin d&rsquo;un sp\u00e9cialiste du chauffage \u00e0 Courtelary ? Artisanlocal s&rsquo;occupe de la r\u00e9paration de votre chauffage et effectue l&rsquo;installation de votre chauffage \u00e0 Courtelary. En travaillant avec nous, vous b\u00e9n\u00e9ficiez : d&rsquo;une tarification claire, de services de qualit\u00e9, d&rsquo;intervention \u00e0 Courtelary et dans ses alentours, d&rsquo;une entreprise avec de l&rsquo;exp\u00e9rience, d&rsquo;estimations sans frais, de techniciens [&hellip;]<\/p>\n","protected":false},"author":4,"featured_media":2757,"parent":0,"menu_order":0,"comment_status":"closed","ping_status":"closed","template":"","meta":{"footnotes":""},"profession":[120],"location":[117],"canton":[118],"class_list":["post-661","page","type-page","status-publish","has-post-thumbnail","hentry","profession-chauffagiste","location-courtelary","canton-be"],"yoast_head":"<!-- This site is optimized with the Yoast SEO Premium plugin v25.7.1 (Yoast SEO v27.3) - https:\/\/yoast.com\/product\/yoast-seo-premium-wordpress\/ -->\n<title>Chauffagiste \u00e0 Courtelary - Artisanlocal<\/title>\n<meta name=\"robots\" content=\"index, follow, max-snippet:-1, max-image-preview:large, max-video-preview:-1\" \/>\n<link rel=\"canonical\" href=\"https:\/\/www.artisanlocal.ch\/c\/chauffagiste-a-courtelary\/\" \/>\n<meta property=\"og:locale\" content=\"fr_FR\" \/>\n<meta property=\"og:type\" content=\"article\" \/>\n<meta property=\"og:title\" content=\"Chauffagiste \u00e0 Courtelary\" \/>\n<meta property=\"og:description\" content=\"Besoin d&rsquo;un sp\u00e9cialiste du chauffage \u00e0 Courtelary ? Artisanlocal s&rsquo;occupe de la r\u00e9paration de votre chauffage et effectue l&rsquo;installation de votre chauffage \u00e0 Courtelary. En travaillant avec nous, vous b\u00e9n\u00e9ficiez : d&rsquo;une tarification claire, de services de qualit\u00e9, d&rsquo;intervention \u00e0 Courtelary et dans ses alentours, d&rsquo;une entreprise avec de l&rsquo;exp\u00e9rience, d&rsquo;estimations sans frais, de techniciens [&hellip;]\" \/>\n<meta property=\"og:url\" content=\"https:\/\/www.artisanlocal.ch\/c\/chauffagiste-a-courtelary\/\" \/>\n<meta property=\"og:site_name\" content=\"Artisanlocal\" \/>\n<meta property=\"article:modified_time\" content=\"2025-08-26T23:32:23+00:00\" \/>\n<meta property=\"og:image\" content=\"https:\/\/www.artisanlocal.ch\/c\/wp-content\/uploads\/2024\/10\/chauffagiste.jpg\" \/>\n\t<meta property=\"og:image:width\" content=\"1920\" \/>\n\t<meta property=\"og:image:height\" content=\"300\" \/>\n\t<meta property=\"og:image:type\" content=\"image\/jpeg\" \/>\n<meta name=\"twitter:card\" content=\"summary_large_image\" \/>\n<meta name=\"twitter:label1\" content=\"Dur\u00e9e de lecture estim\u00e9e\" \/>\n\t<meta name=\"twitter:data1\" content=\"6 minutes\" \/>\n<script type=\"application\/ld+json\" class=\"yoast-schema-graph\">{\"@context\":\"https:\\\/\\\/schema.org\",\"@graph\":[{\"@type\":\"WebPage\",\"@id\":\"https:\\\/\\\/www.artisanlocal.ch\\\/c\\\/chauffagiste-a-courtelary\\\/\",\"url\":\"https:\\\/\\\/www.artisanlocal.ch\\\/c\\\/chauffagiste-a-courtelary\\\/\",\"name\":\"Chauffagiste \u00e0 Courtelary - Artisanlocal\",\"isPartOf\":{\"@id\":\"https:\\\/\\\/www.artisanlocal.ch\\\/c\\\/#website\"},\"primaryImageOfPage\":{\"@id\":\"https:\\\/\\\/www.artisanlocal.ch\\\/c\\\/chauffagiste-a-courtelary\\\/#primaryimage\"},\"image\":{\"@id\":\"https:\\\/\\\/www.artisanlocal.ch\\\/c\\\/chauffagiste-a-courtelary\\\/#primaryimage\"},\"thumbnailUrl\":\"https:\\\/\\\/www.artisanlocal.ch\\\/c\\\/wp-content\\\/uploads\\\/2024\\\/10\\\/chauffagiste.jpg\",\"datePublished\":\"2024-04-18T21:04:38+00:00\",\"dateModified\":\"2025-08-26T23:32:23+00:00\",\"breadcrumb\":{\"@id\":\"https:\\\/\\\/www.artisanlocal.ch\\\/c\\\/chauffagiste-a-courtelary\\\/#breadcrumb\"},\"inLanguage\":\"fr-FR\",\"potentialAction\":[{\"@type\":\"ReadAction\",\"target\":[\"https:\\\/\\\/www.artisanlocal.ch\\\/c\\\/chauffagiste-a-courtelary\\\/\"]}]},{\"@type\":\"ImageObject\",\"inLanguage\":\"fr-FR\",\"@id\":\"https:\\\/\\\/www.artisanlocal.ch\\\/c\\\/chauffagiste-a-courtelary\\\/#primaryimage\",\"url\":\"https:\\\/\\\/www.artisanlocal.ch\\\/c\\\/wp-content\\\/uploads\\\/2024\\\/10\\\/chauffagiste.jpg\",\"contentUrl\":\"https:\\\/\\\/www.artisanlocal.ch\\\/c\\\/wp-content\\\/uploads\\\/2024\\\/10\\\/chauffagiste.jpg\",\"width\":1920,\"height\":300},{\"@type\":\"BreadcrumbList\",\"@id\":\"https:\\\/\\\/www.artisanlocal.ch\\\/c\\\/chauffagiste-a-courtelary\\\/#breadcrumb\",\"itemListElement\":[{\"@type\":\"ListItem\",\"position\":1,\"name\":\"Accueil\",\"item\":\"https:\\\/\\\/www.artisanlocal.ch\\\/c\\\/\"},{\"@type\":\"ListItem\",\"position\":2,\"name\":\"Chauffagiste \u00e0 Courtelary\"}]},{\"@type\":\"WebSite\",\"@id\":\"https:\\\/\\\/www.artisanlocal.ch\\\/c\\\/#website\",\"url\":\"https:\\\/\\\/www.artisanlocal.ch\\\/c\\\/\",\"name\":\"Artisanlocal\",\"description\":\"\",\"publisher\":{\"@id\":\"https:\\\/\\\/www.artisanlocal.ch\\\/c\\\/#organization\"},\"potentialAction\":[{\"@type\":\"SearchAction\",\"target\":{\"@type\":\"EntryPoint\",\"urlTemplate\":\"https:\\\/\\\/www.artisanlocal.ch\\\/c\\\/?s={search_term_string}\"},\"query-input\":{\"@type\":\"PropertyValueSpecification\",\"valueRequired\":true,\"valueName\":\"search_term_string\"}}],\"inLanguage\":\"fr-FR\"},{\"@type\":\"Organization\",\"@id\":\"https:\\\/\\\/www.artisanlocal.ch\\\/c\\\/#organization\",\"name\":\"Artisanlocal\",\"url\":\"https:\\\/\\\/www.artisanlocal.ch\\\/c\\\/\",\"logo\":{\"@type\":\"ImageObject\",\"inLanguage\":\"fr-FR\",\"@id\":\"https:\\\/\\\/www.artisanlocal.ch\\\/c\\\/#\\\/schema\\\/logo\\\/image\\\/\",\"url\":\"https:\\\/\\\/www.artisanlocal.ch\\\/c\\\/wp-content\\\/uploads\\\/2024\\\/02\\\/logo-artisanlocal-h.svg\",\"contentUrl\":\"https:\\\/\\\/www.artisanlocal.ch\\\/c\\\/wp-content\\\/uploads\\\/2024\\\/02\\\/logo-artisanlocal-h.svg\",\"caption\":\"Artisanlocal\"},\"image\":{\"@id\":\"https:\\\/\\\/www.artisanlocal.ch\\\/c\\\/#\\\/schema\\\/logo\\\/image\\\/\"}}]}<\/script>\n<!-- \/ Yoast SEO Premium plugin. -->","yoast_head_json":{"title":"Chauffagiste \u00e0 Courtelary - Artisanlocal","robots":{"index":"index","follow":"follow","max-snippet":"max-snippet:-1","max-image-preview":"max-image-preview:large","max-video-preview":"max-video-preview:-1"},"canonical":"https:\/\/www.artisanlocal.ch\/c\/chauffagiste-a-courtelary\/","og_locale":"fr_FR","og_type":"article","og_title":"Chauffagiste \u00e0 Courtelary","og_description":"Besoin d&rsquo;un sp\u00e9cialiste du chauffage \u00e0 Courtelary ? Artisanlocal s&rsquo;occupe de la r\u00e9paration de votre chauffage et effectue l&rsquo;installation de votre chauffage \u00e0 Courtelary. En travaillant avec nous, vous b\u00e9n\u00e9ficiez : d&rsquo;une tarification claire, de services de qualit\u00e9, d&rsquo;intervention \u00e0 Courtelary et dans ses alentours, d&rsquo;une entreprise avec de l&rsquo;exp\u00e9rience, d&rsquo;estimations sans frais, de techniciens [&hellip;]","og_url":"https:\/\/www.artisanlocal.ch\/c\/chauffagiste-a-courtelary\/","og_site_name":"Artisanlocal","article_modified_time":"2025-08-26T23:32:23+00:00","og_image":[{"width":1920,"height":300,"url":"https:\/\/www.artisanlocal.ch\/c\/wp-content\/uploads\/2024\/10\/chauffagiste.jpg","type":"image\/jpeg"}],"twitter_card":"summary_large_image","twitter_misc":{"Dur\u00e9e de lecture estim\u00e9e":"6 minutes"},"schema":{"@context":"https:\/\/schema.org","@graph":[{"@type":"WebPage","@id":"https:\/\/www.artisanlocal.ch\/c\/chauffagiste-a-courtelary\/","url":"https:\/\/www.artisanlocal.ch\/c\/chauffagiste-a-courtelary\/","name":"Chauffagiste \u00e0 Courtelary - Artisanlocal","isPartOf":{"@id":"https:\/\/www.artisanlocal.ch\/c\/#website"},"primaryImageOfPage":{"@id":"https:\/\/www.artisanlocal.ch\/c\/chauffagiste-a-courtelary\/#primaryimage"},"image":{"@id":"https:\/\/www.artisanlocal.ch\/c\/chauffagiste-a-courtelary\/#primaryimage"},"thumbnailUrl":"https:\/\/www.artisanlocal.ch\/c\/wp-content\/uploads\/2024\/10\/chauffagiste.jpg","datePublished":"2024-04-18T21:04:38+00:00","dateModified":"2025-08-26T23:32:23+00:00","breadcrumb":{"@id":"https:\/\/www.artisanlocal.ch\/c\/chauffagiste-a-courtelary\/#breadcrumb"},"inLanguage":"fr-FR","potentialAction":[{"@type":"ReadAction","target":["https:\/\/www.artisanlocal.ch\/c\/chauffagiste-a-courtelary\/"]}]},{"@type":"ImageObject","inLanguage":"fr-FR","@id":"https:\/\/www.artisanlocal.ch\/c\/chauffagiste-a-courtelary\/#primaryimage","url":"https:\/\/www.artisanlocal.ch\/c\/wp-content\/uploads\/2024\/10\/chauffagiste.jpg","contentUrl":"https:\/\/www.artisanlocal.ch\/c\/wp-content\/uploads\/2024\/10\/chauffagiste.jpg","width":1920,"height":300},{"@type":"BreadcrumbList","@id":"https:\/\/www.artisanlocal.ch\/c\/chauffagiste-a-courtelary\/#breadcrumb","itemListElement":[{"@type":"ListItem","position":1,"name":"Accueil","item":"https:\/\/www.artisanlocal.ch\/c\/"},{"@type":"ListItem","position":2,"name":"Chauffagiste \u00e0 Courtelary"}]},{"@type":"WebSite","@id":"https:\/\/www.artisanlocal.ch\/c\/#website","url":"https:\/\/www.artisanlocal.ch\/c\/","name":"Artisanlocal","description":"","publisher":{"@id":"https:\/\/www.artisanlocal.ch\/c\/#organization"},"potentialAction":[{"@type":"SearchAction","target":{"@type":"EntryPoint","urlTemplate":"https:\/\/www.artisanlocal.ch\/c\/?s={search_term_string}"},"query-input":{"@type":"PropertyValueSpecification","valueRequired":true,"valueName":"search_term_string"}}],"inLanguage":"fr-FR"},{"@type":"Organization","@id":"https:\/\/www.artisanlocal.ch\/c\/#organization","name":"Artisanlocal","url":"https:\/\/www.artisanlocal.ch\/c\/","logo":{"@type":"ImageObject","inLanguage":"fr-FR","@id":"https:\/\/www.artisanlocal.ch\/c\/#\/schema\/logo\/image\/","url":"https:\/\/www.artisanlocal.ch\/c\/wp-content\/uploads\/2024\/02\/logo-artisanlocal-h.svg","contentUrl":"https:\/\/www.artisanlocal.ch\/c\/wp-content\/uploads\/2024\/02\/logo-artisanlocal-h.svg","caption":"Artisanlocal"},"image":{"@id":"https:\/\/www.artisanlocal.ch\/c\/#\/schema\/logo\/image\/"}}]}},"_links":{"self":[{"href":"https:\/\/www.artisanlocal.ch\/c\/wp-json\/wp\/v2\/pages\/661","targetHints":{"allow":["GET"]}}],"collection":[{"href":"https:\/\/www.artisanlocal.ch\/c\/wp-json\/wp\/v2\/pages"}],"about":[{"href":"https:\/\/www.artisanlocal.ch\/c\/wp-json\/wp\/v2\/types\/page"}],"author":[{"embeddable":true,"href":"https:\/\/www.artisanlocal.ch\/c\/wp-json\/wp\/v2\/users\/4"}],"replies":[{"embeddable":true,"href":"https:\/\/www.artisanlocal.ch\/c\/wp-json\/wp\/v2\/comments?post=661"}],"version-history":[{"count":0,"href":"https:\/\/www.artisanlocal.ch\/c\/wp-json\/wp\/v2\/pages\/661\/revisions"}],"wp:featuredmedia":[{"embeddable":true,"href":"https:\/\/www.artisanlocal.ch\/c\/wp-json\/wp\/v2\/media\/2757"}],"wp:attachment":[{"href":"https:\/\/www.artisanlocal.ch\/c\/wp-json\/wp\/v2\/media?parent=661"}],"wp:term":[{"taxonomy":"profession","embeddable":true,"href":"https:\/\/www.artisanlocal.ch\/c\/wp-json\/wp\/v2\/profession?post=661"},{"taxonomy":"location","embeddable":true,"href":"https:\/\/www.artisanlocal.ch\/c\/wp-json\/wp\/v2\/location?post=661"},{"taxonomy":"canton","embeddable":true,"href":"https:\/\/www.artisanlocal.ch\/c\/wp-json\/wp\/v2\/canton?post=661"}],"curies":[{"name":"wp","href":"https:\/\/api.w.org\/{rel}","templated":true}]}}