{"id":662,"date":"2024-04-19T02:37:05","date_gmt":"2024-04-19T00:37:05","guid":{"rendered":"https:\/\/www.artisanlocal.ch\/c\/chauffagiste-a-boudry\/"},"modified":"2025-08-27T01:32:18","modified_gmt":"2025-08-26T23:32:18","slug":"chauffagiste-a-boudry","status":"publish","type":"page","link":"https:\/\/www.artisanlocal.ch\/c\/chauffagiste-a-boudry\/","title":{"rendered":"Chauffagiste \u00e0 Boudry"},"content":{"rendered":"<p>Besoin d&rsquo;assistance pour r\u00e9parer votre chauffage ? ? Dans le cas o\u00f9 vous seriez un Boudrysan, notre entreprise assure l&rsquo;installation ainsi que la r\u00e9paration de votre syst\u00e8me de chauffage. En travaillant avec notre entreprise, vous b\u00e9n\u00e9ficiez :<\/p>\n<ul>\n<li>d&rsquo;une tarification d\u00e9taill\u00e9e,<\/li>\n<li>de services de premier choix,<\/li>\n<li>d&rsquo;intervention \u00e0 Boudry et dans ses alentours,<\/li>\n<li>d&rsquo;une \u00e9quipe avec une grande exp\u00e9rience,<\/li>\n<li>de devis gratuits,<\/li>\n<li>d&rsquo;une entreprise joignable du lundi au samedi.<\/li>\n<\/ul>\n\r\n<div class=\"box\">\r\n            <div class=\"company-info\">\r\n            <img decoding=\"async\" class=\"company-info__logo\" src=\"https:\/\/www.artisanlocal.ch\/media\/cache\/thumb\/images\/companies\/66e2fd01e58b4290125540.png\" alt=\"Logo\">\r\n            <h2 class=\"company-info__name\">JM Chauffage-Sanitaire Sarl<\/h2>\r\n            <p class=\"company-info__business\">Chauffage - Sanitaire - Entretien et d\u00e9pannage - Climatisation - Solaire thermique - Entretien G\u00e9othermie - R\u00e9novation<\/p>\r\n        <\/div>\r\n        <div class=\"company-contact\">\r\n            <p class=\"company-info__address\">Chemin des Nageux 15<\/p>\r\n                            <div class=\"links\">\r\n                                            <a class=\"btn has-accent-background-color js-phoneNumber\" href=\"tel:0794198441\" title=\"Appelez\" data-id=\"25258\" data-type=\"11\">079 419 84 41<\/a>\r\n                                                                <a class=\"btn has-accent-background-color\" href=\"https:\/\/jm-chauffage-sanitaire.digitalone.site\/\" target=\"_blank\" title=\"Voir le site internet\" data-id=\"25258\" data-type=\"20\">Site internet<\/a>\r\n                                    <\/div>\r\n                    <\/div>\r\n    \r\n            \r\n<form action=\"https:\/\/www.artisanlocal.ch\/c\/wp-admin\/admin-ajax.php\" method=\"post\" class=\"form-contact\" id=\"artisan_form_contact_company_inline\">\r\n    <div><input type=\"hidden\" name=\"action\" value=\"company_contact\"><\/div>\r\n    <div><input type=\"hidden\" name=\"nonce\" value=\"85ec494698\"><\/div>\r\n    <div><input type=\"hidden\" name=\"company_id\" value=\"25258\"><\/div>\r\n    <div><input type=\"hidden\" name=\"form_id\" value=\"artisan_form_contact_company_inline\"><\/div>\r\n    <div class=\"gglcptch gglcptch_v3 gglcptch_custom\"><input type=\"hidden\" id=\"g-recaptcha-response\" name=\"g-recaptcha-response\" \/><br \/><div class=\"gglcptch_error_text\">La p\u00e9riode de v\u00e9rification reCAPTCHA a expir\u00e9. Veuillez recharger la page.<\/div><\/div>    <div class=\"form-content\">\r\n        <div class=\"form-group\">\r\n            <label for=\"contact_firstName\" class=\"required\">Pr\u00e9nom<\/label>\r\n            <input type=\"text\" name=\"firstName\" class=\"form-control\" required>\r\n        <\/div>\r\n        <div class=\"form-group\">\r\n            <label for=\"contact_lastName\" class=\"required\">Nom<\/label>\r\n            <input type=\"text\" name=\"lastName\" class=\"form-control\" required>\r\n        <\/div>\r\n        <div class=\"form-group\">\r\n            <label for=\"contact_email\" class=\"required\">Email<\/label>\r\n            <input type=\"email\" name=\"email\" class=\"form-control\" required>\r\n        <\/div>\r\n        <div class=\"form-group\">\r\n            <label for=\"contact_phone\" class=\"required\">Num\u00e9ro de t\u00e9l\u00e9phone<\/label>\r\n            <input type=\"tel\" name=\"phone\" class=\"form-control\" placeholder=\"0787117165\" pattern=\"^[0-9]{10}$\" required>\r\n        <\/div>\r\n        <div class=\"form-group\">\r\n            <label for=\"contact_postalCode\" class=\"required\">Code postal et localit\u00e9<\/label>\r\n            <input type=\"text\" name=\"postalCode\" class=\"form-control\" required>\r\n        <\/div>\r\n        <div class=\"form-group\">\r\n            <label for=\"contact_address\" class=\"required\">Adresse<\/label>\r\n            <input type=\"text\" name=\"address\" class=\"form-control\" required>\r\n        <\/div>\r\n        <div class=\"full-width topic\">\r\n            <p class=\"required\">Je souhaite \u00eatre contact\u00e9 pour :<\/p>\r\n            <div class=\"form-check\">\r\n                <input type=\"radio\" name=\"topic\" value=\"D\u00e9pannage\" class=\"form-control\" required>\r\n                <label for=\"d\u00e9pannage\">D\u00e9pannage<\/label>\r\n            <\/div>\r\n            <div class=\"form-check\">\r\n                <input type=\"radio\" name=\"topic\" value=\"Entretien\" class=\"form-control\" required>\r\n                <label for=\"entretien\">Entretien<\/label>\r\n            <\/div>\r\n            <div class=\"form-check\">\r\n                <input type=\"radio\" name=\"topic\" value=\"R\u00e9novation\" class=\"form-control\" required>\r\n                <label for=\"r\u00e9novation\">R\u00e9novation<\/label>\r\n            <\/div>\r\n            <div class=\"form-check\">\r\n                <input type=\"radio\" name=\"topic\" value=\"Autre\" class=\"form-control\" required>\r\n                <label for=\"autre\">Autre<\/label>\r\n            <\/div>\r\n        <\/div>\r\n        <div class=\"form-group full-width\">\r\n            <label for=\"contact_message\">Message<\/label>\r\n            <textarea name=\"message\" rows=\"3\" class=\"form-control\"><\/textarea>\r\n        <\/div>\r\n    <\/div>\r\n    <div class=\"form-actions\">\r\n        <button class=\"wp-block-button__link has-accent-background-color\">Contacter<\/button>\r\n    <\/div>\r\n<\/form>\r\n<div class=\"form-feedback\"><\/div>    <\/div>\n<h2>Pourquoi choisir notre soci\u00e9t\u00e9 ?<\/h2>\n<p>\u00c9valuation rapide de votre projet : une fois que vous avez rempli le formulaire, notre chauffagiste \u00e0 Boudry vous appelle dans la m\u00eame journ\u00e9e.<\/p>\n<p>Intervention chez vous le jour m\u00eame : notre technicien Boudrysan se d\u00e9place chez vous le jour m\u00eame afin d&rsquo;\u00e9valuer le montant de votre chantier et v\u00e9rifier la faisabilit\u00e9 de votre projet. Vous obtiendrez une estimation et vous pouvez nous poser toutes vos demandes.<\/p>\n<p>Mise en place de votre chauffage en moins de 48 heures : une fois que vous avez valid\u00e9 le devis avec notre expert \u00e0 Boudry. Nous fixerons la date de notre intervention avec vous.<\/p>\n<p>Service de d\u00e9pannage et de maintenance : si votre chauffage, chauffe-eau ou chaudi\u00e8re tombe en panne. Notre entreprise peut op\u00e9rer \u00e0 Boudry et ses environs.<\/p>\n<h2>Pourquoi est-il important d&rsquo;entretenir votre chauffage ?<\/h2>\n<p>Avoir un chauffage qui fonctionne est essentiel, surtout dans les foyers avec de jeunes enfants. Nos techniciens vous aident \u00e0 ajuster la bonne temp\u00e9rature et le taux de monoxyde de carbone cr\u00e9\u00e9 par votre syst\u00e8me de chauffage. Nos techniciens garantissent l\u2019entretien de votre syst\u00e8me de chauffage, quel que soit le mod\u00e8le : basse temp\u00e9rature, fioul, condensation, \u00e9lectrique, gaz ou \u00e0 accumulation.<\/p>\n<h2>\u00cates-vous capable de me d\u00e9panner \u00e0 distance ?<\/h2>\n<p>Absolument, nous sommes en mesure de vous aider par t\u00e9l\u00e9phone. En nous d\u00e9crivant votre probl\u00e8me par mail ou t\u00e9l\u00e9phone, nous trouverons la bonne solution pour r\u00e9gler votre probl\u00e8me. Cependant, dans plusieurs cas, un chauffagiste doit intervenir \u00e0 votre logement.<\/p>\n<h2>Quel est le mode de fonctionnement de votre entreprise ?<\/h2>\n<ol>\n<li>Premi\u00e8re prise de contact : il est n\u00e9cessaire que vous preniez contact avec nous par t\u00e9l\u00e9phone ou par mail.<\/li>\n<li>Intervention : un chauffagiste Boudrysan vient \u00e0 votre logement.<\/li>\n<li>Estimation : on \u00e9tudiera l&rsquo;\u00e9quipement actuel, la superficie, l&rsquo;isolation et le volume de vos pi\u00e8ces pour estimer et d\u00e9finir la meilleure solution.<\/li>\n<li>Indication : nous vous guiderons pour choisir le meilleur syst\u00e8me de chauffage, nous prenons en compte l\u2019efficacit\u00e9 et la rentabilit\u00e9 que vous d\u00e9sirez avoir.<\/li>\n<li>Devis : vous obtenez une estimation d\u00e9taill\u00e9e, vous pr\u00e9sentant les diff\u00e9rentes d\u00e9penses.<\/li>\n<li>Pose : apr\u00e8s avoir accept\u00e9 notre devis, nous effectuons l&rsquo;installation de votre \u00e9quipe de chauffage et param\u00e9trons le thermostat selon vos attentes.<\/li>\n<\/ol>\n<h2>Quelle est la solution de chauffage la plus adapt\u00e9e pour votre maison ?<\/h2>\n<p>Notre expert chauffagiste vous conseille pour choisir la meilleure option, il vous conseille parmi les chauffages existants, comme les syst\u00e8mes de chauffages : \u00e0 condensation, \u00e9lectriques, \u00e0 gaz, fioul, classiques ou encore basses temp\u00e9ratures.<\/p>\n<p>Les syst\u00e8mes de chauffages \u00e0 condensation ou \u00e0 basse temp\u00e9rature, malgr\u00e9 un co\u00fbt plus important, ils permettent de r\u00e9aliser des \u00e9conomies sur le long terme.<\/p>\n<p>Avant d\u2019installer votre chauffage, il faut choisir le meilleur thermostat. Ne vous inqui\u00e9tez pas, le technicien qui se d\u00e9place \u00e0 votre domicile a les connaissances pour r\u00e9gler tous vos probl\u00e8mes. Dans le devis, vous retrouvez les d\u00e9tails de l\u2019intervention, comme le montant de la main-d&rsquo;\u0153uvre et aussi du syst\u00e8me de chauffages.<\/p>\n<h2>Service d&rsquo;assistance pour votre chauffage \u00e0 Boudry<\/h2>\n<p>Assurez-vous de faire la maintenance de votre chauffage chaque ann\u00e9e, qu&rsquo;il soit au fioul ou au gaz. L&rsquo;entretien de votre chauffage permet de contr\u00f4ler les \u00e9missions de monoxyde de carbone qui se d\u00e9gage. Pour rappel, dans le cas o\u00f9 votre chauffage fabrique trop de monoxyde de carbone, cela peut causer une intoxication. Le chauffagiste qui se rend chez vous r\u00e8gle et contr\u00f4le les \u00e9missions de monoxyde de carbone afin de vous emp\u00eacher d\u2019avoir des potentiels soucis de sant\u00e9.<\/p>\n<h2>Contrat d&rsquo;assistance pour votre chauffage \u00e0 Boudry<\/h2>\n<p>Pour assurer le bon fonctionnement de votre chauffage, nous offrons des contrats de maintenance sur mesure. Avec un entretien r\u00e9gulier, vous faites des \u00e9conomies en emp\u00eachant les dysfonctionnements et les interventions en urgence.<\/p>\n<p>Aussi, si vous avez un probl\u00e8me avec votre chauffage, votre assureur r\u00e9clame le contrat de maintenance dans le but de v\u00e9rifier l&rsquo;\u00e9tat g\u00e9n\u00e9ral de votre chauffage avant le sinistre. Vous pouvez signer avec notre entreprise un contrat d&rsquo;assistance annuel ou pluriannuel.<\/p>\n<h2>Quels sont les b\u00e9n\u00e9fices de signer un contrat de maintenance pour votre chauffage ?<\/h2>\n<p>En cas de parties d\u00e9fectueuses, nous garantissons le remplacement imm\u00e9diat. De plus, nous prenons l&rsquo;engagement d&rsquo;inspecter l&rsquo;ensemble de votre chauffage, comme :<\/p>\n<ul>\n<li>Les niveaux de pression de vos tuyaux,<\/li>\n<li>l&rsquo;entretien des tuyaux de raccordement, et des parties chauffantes.<\/li>\n<\/ul>\n<h2>Quels services propose Artisanlocal ?<\/h2>\n<p>Nos experts interviennent dans votre logement, pour :<\/p>\n<ul>\n<li>le d\u00e9tartrage et le d\u00e9sembouage de radiateur,<\/li>\n<li>la purge de l&rsquo;air de vos radiateurs,<\/li>\n<li>la maintenance de votre chauffage, chaudi\u00e8re et chauffe-eau,<\/li>\n<li>l&rsquo;ajustement des thermostats,<\/li>\n<li>l&rsquo;entretien chaudi\u00e8res \u00e0 condensation, \u00e0 accumulation, \u00e0 gaz, \u00e0 fioul, \u00e9lectriques et basses temp\u00e9ratures,<\/li>\n<li>la r\u00e9paration de la vanne de purge,<\/li>\n<li>l&rsquo;intervention et la r\u00e9paration de vos pannes : fuite de tuyauterie, radiateur qui ne marche plus, chaudi\u00e8re, etc.<\/li>\n<li>la pose de : chauffage, pompe \u00e0 chaleur, chaudi\u00e8re, radiateur \u00e9lectrique, plancher chauffant, etc.<\/li>\n<\/ul>\n<h2>FAQ<\/h2>\n<h3>Pourquoi engager un chauffagiste Boudrysan ?<\/h3>\n<p>D\u00e9velopper votre confort thermique : un syst\u00e8me de chauffage efficace pr\u00e9serve la temp\u00e9rature \u00e0 l&rsquo;int\u00e9rieur de votre foyer.<\/p>\n<p>R\u00e9aliser des \u00e9conomies : en investissant dans des \u00e9quipements de qualit\u00e9, exemple le chauffage et l&rsquo;isolation, vous r\u00e9alisez des \u00e9conomies et limiter vos \u00e9missions carbones.<\/p>\n<p>Assurer la s\u00e9curit\u00e9 de vos installations : un bon syst\u00e8me de chauffage permet de r\u00e9pondre aux normes de fiabilit\u00e9 actuelles (par exemple, pour r\u00e9duire les \u00e9missions de monoxyde de carbone).<\/p>\n<p>Pr\u00e9voir les probl\u00e8mes : en regardant votre installation, un de nos techniciens peut anticiper les futurs ennuis.<\/p>\n<h3>Quels sont les crit\u00e8res \u00e0 prendre en compte pour choisir le meilleur technicien chauffagiste \u00e0 Boudry ?<\/h3>\n<p>Les comp\u00e9tences : v\u00e9rifiez les certifications certifiant que la soci\u00e9t\u00e9 \u00e0 un v\u00e9ritable savoir-faire dans son domaine d&rsquo;expertise.<\/p>\n<p>Les r\u00e9f\u00e9rences : prenez le temps de consulter les t\u00e9moignages des anciens clients ayant d\u00e9j\u00e0 travaill\u00e9 avec les entreprises.<\/p>\n<p>Les assurances : v\u00e9rifiez que l&rsquo;entreprise de chauffage b\u00e9n\u00e9ficie d&rsquo;une garantie assurance qui couvre les possibles dommages occasionn\u00e9s lors de ses interventions.<\/p>\n<h3>Quelle est votre vitesse d&rsquo;action \u00e0 Boudry ?<\/h3>\n<p>Si vous avez une demande d&rsquo;intervention urgente, nous pouvons intervenir sous un d\u00e9lai de deux heures, s&rsquo;il n&rsquo;y a pas de priorit\u00e9 concernant votre demande, nous intervenons g\u00e9n\u00e9ralement durant la journ\u00e9e.<\/p>\n<h3>Intervenez-vous \u00e0 Boudry et \u00e0 proximit\u00e9 ?<\/h3>\n<p>Oui, nous intervenons \u00e0 Boudry et dans les villes, comme : Neuch\u00e2tel, Auvernier, Colombier NE, B\u00f4le, Areuse, Cortaillod, Chambrelien, Rochefort, Bevaix, Gorgier, St-Aubin-Sauges, Chez-le-Bart, Fresens, Montalchez, Vaumarcus, Peseux, Corcelles NE, Cormondr\u00e8che, Hauterive NE, St-Blaise, Enges, Marin-Epagnier, Thielle, Wavre, Cornaux NE, Cressier NE, Champ-du-Moulin.<\/p>\n","protected":false},"excerpt":{"rendered":"<p>Besoin d&rsquo;assistance pour r\u00e9parer votre chauffage ? ? Dans le cas o\u00f9 vous seriez un Boudrysan, notre entreprise assure l&rsquo;installation ainsi que la r\u00e9paration de votre syst\u00e8me de chauffage. En travaillant avec notre entreprise, vous b\u00e9n\u00e9ficiez : d&rsquo;une tarification d\u00e9taill\u00e9e, de services de premier choix, d&rsquo;intervention \u00e0 Boudry et dans ses alentours, d&rsquo;une \u00e9quipe avec [&hellip;]<\/p>\n","protected":false},"author":4,"featured_media":2757,"parent":0,"menu_order":0,"comment_status":"closed","ping_status":"closed","template":"","meta":{"footnotes":""},"profession":[120],"location":[46],"canton":[114],"class_list":["post-662","page","type-page","status-publish","has-post-thumbnail","hentry","profession-chauffagiste","location-boudry","canton-ne"],"yoast_head":"<!-- This site is optimized with the Yoast SEO Premium plugin v25.7.1 (Yoast SEO v27.3) - https:\/\/yoast.com\/product\/yoast-seo-premium-wordpress\/ -->\n<title>Chauffagiste \u00e0 Boudry - Artisanlocal<\/title>\n<meta name=\"robots\" content=\"index, follow, max-snippet:-1, max-image-preview:large, max-video-preview:-1\" \/>\n<link rel=\"canonical\" href=\"https:\/\/www.artisanlocal.ch\/c\/chauffagiste-a-boudry\/\" \/>\n<meta property=\"og:locale\" content=\"fr_FR\" \/>\n<meta property=\"og:type\" content=\"article\" \/>\n<meta property=\"og:title\" content=\"Chauffagiste \u00e0 Boudry\" \/>\n<meta property=\"og:description\" content=\"Besoin d&rsquo;assistance pour r\u00e9parer votre chauffage ? ? Dans le cas o\u00f9 vous seriez un Boudrysan, notre entreprise assure l&rsquo;installation ainsi que la r\u00e9paration de votre syst\u00e8me de chauffage. En travaillant avec notre entreprise, vous b\u00e9n\u00e9ficiez : d&rsquo;une tarification d\u00e9taill\u00e9e, de services de premier choix, d&rsquo;intervention \u00e0 Boudry et dans ses alentours, d&rsquo;une \u00e9quipe avec [&hellip;]\" \/>\n<meta property=\"og:url\" content=\"https:\/\/www.artisanlocal.ch\/c\/chauffagiste-a-boudry\/\" \/>\n<meta property=\"og:site_name\" content=\"Artisanlocal\" \/>\n<meta property=\"article:modified_time\" content=\"2025-08-26T23:32:18+00:00\" \/>\n<meta property=\"og:image\" content=\"https:\/\/www.artisanlocal.ch\/c\/wp-content\/uploads\/2024\/10\/chauffagiste.jpg\" \/>\n\t<meta property=\"og:image:width\" content=\"1920\" \/>\n\t<meta property=\"og:image:height\" content=\"300\" \/>\n\t<meta property=\"og:image:type\" content=\"image\/jpeg\" \/>\n<meta name=\"twitter:card\" content=\"summary_large_image\" \/>\n<meta name=\"twitter:label1\" content=\"Dur\u00e9e de lecture estim\u00e9e\" \/>\n\t<meta name=\"twitter:data1\" content=\"6 minutes\" \/>\n<script type=\"application\/ld+json\" class=\"yoast-schema-graph\">{\"@context\":\"https:\\\/\\\/schema.org\",\"@graph\":[{\"@type\":\"WebPage\",\"@id\":\"https:\\\/\\\/www.artisanlocal.ch\\\/c\\\/chauffagiste-a-boudry\\\/\",\"url\":\"https:\\\/\\\/www.artisanlocal.ch\\\/c\\\/chauffagiste-a-boudry\\\/\",\"name\":\"Chauffagiste \u00e0 Boudry - Artisanlocal\",\"isPartOf\":{\"@id\":\"https:\\\/\\\/www.artisanlocal.ch\\\/c\\\/#website\"},\"primaryImageOfPage\":{\"@id\":\"https:\\\/\\\/www.artisanlocal.ch\\\/c\\\/chauffagiste-a-boudry\\\/#primaryimage\"},\"image\":{\"@id\":\"https:\\\/\\\/www.artisanlocal.ch\\\/c\\\/chauffagiste-a-boudry\\\/#primaryimage\"},\"thumbnailUrl\":\"https:\\\/\\\/www.artisanlocal.ch\\\/c\\\/wp-content\\\/uploads\\\/2024\\\/10\\\/chauffagiste.jpg\",\"datePublished\":\"2024-04-19T00:37:05+00:00\",\"dateModified\":\"2025-08-26T23:32:18+00:00\",\"breadcrumb\":{\"@id\":\"https:\\\/\\\/www.artisanlocal.ch\\\/c\\\/chauffagiste-a-boudry\\\/#breadcrumb\"},\"inLanguage\":\"fr-FR\",\"potentialAction\":[{\"@type\":\"ReadAction\",\"target\":[\"https:\\\/\\\/www.artisanlocal.ch\\\/c\\\/chauffagiste-a-boudry\\\/\"]}]},{\"@type\":\"ImageObject\",\"inLanguage\":\"fr-FR\",\"@id\":\"https:\\\/\\\/www.artisanlocal.ch\\\/c\\\/chauffagiste-a-boudry\\\/#primaryimage\",\"url\":\"https:\\\/\\\/www.artisanlocal.ch\\\/c\\\/wp-content\\\/uploads\\\/2024\\\/10\\\/chauffagiste.jpg\",\"contentUrl\":\"https:\\\/\\\/www.artisanlocal.ch\\\/c\\\/wp-content\\\/uploads\\\/2024\\\/10\\\/chauffagiste.jpg\",\"width\":1920,\"height\":300},{\"@type\":\"BreadcrumbList\",\"@id\":\"https:\\\/\\\/www.artisanlocal.ch\\\/c\\\/chauffagiste-a-boudry\\\/#breadcrumb\",\"itemListElement\":[{\"@type\":\"ListItem\",\"position\":1,\"name\":\"Accueil\",\"item\":\"https:\\\/\\\/www.artisanlocal.ch\\\/c\\\/\"},{\"@type\":\"ListItem\",\"position\":2,\"name\":\"Chauffagiste \u00e0 Boudry\"}]},{\"@type\":\"WebSite\",\"@id\":\"https:\\\/\\\/www.artisanlocal.ch\\\/c\\\/#website\",\"url\":\"https:\\\/\\\/www.artisanlocal.ch\\\/c\\\/\",\"name\":\"Artisanlocal\",\"description\":\"\",\"publisher\":{\"@id\":\"https:\\\/\\\/www.artisanlocal.ch\\\/c\\\/#organization\"},\"potentialAction\":[{\"@type\":\"SearchAction\",\"target\":{\"@type\":\"EntryPoint\",\"urlTemplate\":\"https:\\\/\\\/www.artisanlocal.ch\\\/c\\\/?s={search_term_string}\"},\"query-input\":{\"@type\":\"PropertyValueSpecification\",\"valueRequired\":true,\"valueName\":\"search_term_string\"}}],\"inLanguage\":\"fr-FR\"},{\"@type\":\"Organization\",\"@id\":\"https:\\\/\\\/www.artisanlocal.ch\\\/c\\\/#organization\",\"name\":\"Artisanlocal\",\"url\":\"https:\\\/\\\/www.artisanlocal.ch\\\/c\\\/\",\"logo\":{\"@type\":\"ImageObject\",\"inLanguage\":\"fr-FR\",\"@id\":\"https:\\\/\\\/www.artisanlocal.ch\\\/c\\\/#\\\/schema\\\/logo\\\/image\\\/\",\"url\":\"https:\\\/\\\/www.artisanlocal.ch\\\/c\\\/wp-content\\\/uploads\\\/2024\\\/02\\\/logo-artisanlocal-h.svg\",\"contentUrl\":\"https:\\\/\\\/www.artisanlocal.ch\\\/c\\\/wp-content\\\/uploads\\\/2024\\\/02\\\/logo-artisanlocal-h.svg\",\"caption\":\"Artisanlocal\"},\"image\":{\"@id\":\"https:\\\/\\\/www.artisanlocal.ch\\\/c\\\/#\\\/schema\\\/logo\\\/image\\\/\"}}]}<\/script>\n<!-- \/ Yoast SEO Premium plugin. -->","yoast_head_json":{"title":"Chauffagiste \u00e0 Boudry - Artisanlocal","robots":{"index":"index","follow":"follow","max-snippet":"max-snippet:-1","max-image-preview":"max-image-preview:large","max-video-preview":"max-video-preview:-1"},"canonical":"https:\/\/www.artisanlocal.ch\/c\/chauffagiste-a-boudry\/","og_locale":"fr_FR","og_type":"article","og_title":"Chauffagiste \u00e0 Boudry","og_description":"Besoin d&rsquo;assistance pour r\u00e9parer votre chauffage ? ? Dans le cas o\u00f9 vous seriez un Boudrysan, notre entreprise assure l&rsquo;installation ainsi que la r\u00e9paration de votre syst\u00e8me de chauffage. En travaillant avec notre entreprise, vous b\u00e9n\u00e9ficiez : d&rsquo;une tarification d\u00e9taill\u00e9e, de services de premier choix, d&rsquo;intervention \u00e0 Boudry et dans ses alentours, d&rsquo;une \u00e9quipe avec [&hellip;]","og_url":"https:\/\/www.artisanlocal.ch\/c\/chauffagiste-a-boudry\/","og_site_name":"Artisanlocal","article_modified_time":"2025-08-26T23:32:18+00:00","og_image":[{"width":1920,"height":300,"url":"https:\/\/www.artisanlocal.ch\/c\/wp-content\/uploads\/2024\/10\/chauffagiste.jpg","type":"image\/jpeg"}],"twitter_card":"summary_large_image","twitter_misc":{"Dur\u00e9e de lecture estim\u00e9e":"6 minutes"},"schema":{"@context":"https:\/\/schema.org","@graph":[{"@type":"WebPage","@id":"https:\/\/www.artisanlocal.ch\/c\/chauffagiste-a-boudry\/","url":"https:\/\/www.artisanlocal.ch\/c\/chauffagiste-a-boudry\/","name":"Chauffagiste \u00e0 Boudry - Artisanlocal","isPartOf":{"@id":"https:\/\/www.artisanlocal.ch\/c\/#website"},"primaryImageOfPage":{"@id":"https:\/\/www.artisanlocal.ch\/c\/chauffagiste-a-boudry\/#primaryimage"},"image":{"@id":"https:\/\/www.artisanlocal.ch\/c\/chauffagiste-a-boudry\/#primaryimage"},"thumbnailUrl":"https:\/\/www.artisanlocal.ch\/c\/wp-content\/uploads\/2024\/10\/chauffagiste.jpg","datePublished":"2024-04-19T00:37:05+00:00","dateModified":"2025-08-26T23:32:18+00:00","breadcrumb":{"@id":"https:\/\/www.artisanlocal.ch\/c\/chauffagiste-a-boudry\/#breadcrumb"},"inLanguage":"fr-FR","potentialAction":[{"@type":"ReadAction","target":["https:\/\/www.artisanlocal.ch\/c\/chauffagiste-a-boudry\/"]}]},{"@type":"ImageObject","inLanguage":"fr-FR","@id":"https:\/\/www.artisanlocal.ch\/c\/chauffagiste-a-boudry\/#primaryimage","url":"https:\/\/www.artisanlocal.ch\/c\/wp-content\/uploads\/2024\/10\/chauffagiste.jpg","contentUrl":"https:\/\/www.artisanlocal.ch\/c\/wp-content\/uploads\/2024\/10\/chauffagiste.jpg","width":1920,"height":300},{"@type":"BreadcrumbList","@id":"https:\/\/www.artisanlocal.ch\/c\/chauffagiste-a-boudry\/#breadcrumb","itemListElement":[{"@type":"ListItem","position":1,"name":"Accueil","item":"https:\/\/www.artisanlocal.ch\/c\/"},{"@type":"ListItem","position":2,"name":"Chauffagiste \u00e0 Boudry"}]},{"@type":"WebSite","@id":"https:\/\/www.artisanlocal.ch\/c\/#website","url":"https:\/\/www.artisanlocal.ch\/c\/","name":"Artisanlocal","description":"","publisher":{"@id":"https:\/\/www.artisanlocal.ch\/c\/#organization"},"potentialAction":[{"@type":"SearchAction","target":{"@type":"EntryPoint","urlTemplate":"https:\/\/www.artisanlocal.ch\/c\/?s={search_term_string}"},"query-input":{"@type":"PropertyValueSpecification","valueRequired":true,"valueName":"search_term_string"}}],"inLanguage":"fr-FR"},{"@type":"Organization","@id":"https:\/\/www.artisanlocal.ch\/c\/#organization","name":"Artisanlocal","url":"https:\/\/www.artisanlocal.ch\/c\/","logo":{"@type":"ImageObject","inLanguage":"fr-FR","@id":"https:\/\/www.artisanlocal.ch\/c\/#\/schema\/logo\/image\/","url":"https:\/\/www.artisanlocal.ch\/c\/wp-content\/uploads\/2024\/02\/logo-artisanlocal-h.svg","contentUrl":"https:\/\/www.artisanlocal.ch\/c\/wp-content\/uploads\/2024\/02\/logo-artisanlocal-h.svg","caption":"Artisanlocal"},"image":{"@id":"https:\/\/www.artisanlocal.ch\/c\/#\/schema\/logo\/image\/"}}]}},"_links":{"self":[{"href":"https:\/\/www.artisanlocal.ch\/c\/wp-json\/wp\/v2\/pages\/662","targetHints":{"allow":["GET"]}}],"collection":[{"href":"https:\/\/www.artisanlocal.ch\/c\/wp-json\/wp\/v2\/pages"}],"about":[{"href":"https:\/\/www.artisanlocal.ch\/c\/wp-json\/wp\/v2\/types\/page"}],"author":[{"embeddable":true,"href":"https:\/\/www.artisanlocal.ch\/c\/wp-json\/wp\/v2\/users\/4"}],"replies":[{"embeddable":true,"href":"https:\/\/www.artisanlocal.ch\/c\/wp-json\/wp\/v2\/comments?post=662"}],"version-history":[{"count":0,"href":"https:\/\/www.artisanlocal.ch\/c\/wp-json\/wp\/v2\/pages\/662\/revisions"}],"wp:featuredmedia":[{"embeddable":true,"href":"https:\/\/www.artisanlocal.ch\/c\/wp-json\/wp\/v2\/media\/2757"}],"wp:attachment":[{"href":"https:\/\/www.artisanlocal.ch\/c\/wp-json\/wp\/v2\/media?parent=662"}],"wp:term":[{"taxonomy":"profession","embeddable":true,"href":"https:\/\/www.artisanlocal.ch\/c\/wp-json\/wp\/v2\/profession?post=662"},{"taxonomy":"location","embeddable":true,"href":"https:\/\/www.artisanlocal.ch\/c\/wp-json\/wp\/v2\/location?post=662"},{"taxonomy":"canton","embeddable":true,"href":"https:\/\/www.artisanlocal.ch\/c\/wp-json\/wp\/v2\/canton?post=662"}],"curies":[{"name":"wp","href":"https:\/\/api.w.org\/{rel}","templated":true}]}}