{"id":663,"date":"2024-04-19T02:10:05","date_gmt":"2024-04-19T00:10:05","guid":{"rendered":"https:\/\/www.artisanlocal.ch\/c\/vous-avez-besoin-dun-chauffagiste-a-st-blaise\/"},"modified":"2025-12-03T19:37:14","modified_gmt":"2025-12-03T18:37:14","slug":"vous-avez-besoin-dun-chauffagiste-a-st-blaise","status":"publish","type":"page","link":"https:\/\/www.artisanlocal.ch\/c\/vous-avez-besoin-dun-chauffagiste-a-st-blaise\/","title":{"rendered":"Chauffagiste \u00e0 St-Blaise"},"content":{"rendered":"<p>Besoin d&rsquo;un chauffagiste \u00e0 St-Blaise ? Artisanlocal installe, r\u00e9pare et d\u00e9panne en urgence ou sur rendez-vous votre chauffage \u00e0 St-Blaise et dans les villes proches.<\/p>\n\r\n<div class=\"box\">\r\n            <div class=\"company-info\">\r\n            <img decoding=\"async\" class=\"company-info__logo\" src=\"https:\/\/www.artisanlocal.ch\/media\/cache\/thumb\/images\/companies\/66e2fd01e58b4290125540.png\" alt=\"Logo\">\r\n            <h2 class=\"company-info__name\">JM Chauffage-Sanitaire Sarl<\/h2>\r\n            <p class=\"company-info__business\">Chauffage - Sanitaire - Entretien et d\u00e9pannage - Climatisation - Solaire thermique - Entretien G\u00e9othermie - R\u00e9novation<\/p>\r\n        <\/div>\r\n        <div class=\"company-contact\">\r\n            <p class=\"company-info__address\">Chemin des Nageux 15<\/p>\r\n                            <div class=\"links\">\r\n                                            <a class=\"btn has-accent-background-color js-phoneNumber\" href=\"tel:0794198441\" title=\"Appelez\" data-id=\"25258\" data-type=\"11\">079 419 84 41<\/a>\r\n                                                                <a class=\"btn has-accent-background-color\" href=\"https:\/\/jm-chauffage-sanitaire.digitalone.site\/\" target=\"_blank\" title=\"Voir le site internet\" data-id=\"25258\" data-type=\"20\">Site internet<\/a>\r\n                                    <\/div>\r\n                    <\/div>\r\n    \r\n            \r\n<form action=\"https:\/\/www.artisanlocal.ch\/c\/wp-admin\/admin-ajax.php\" method=\"post\" class=\"form-contact\" id=\"artisan_form_contact_company_inline\">\r\n    <div><input type=\"hidden\" name=\"action\" value=\"company_contact\"><\/div>\r\n    <div><input type=\"hidden\" name=\"nonce\" value=\"f071462bb9\"><\/div>\r\n    <div><input type=\"hidden\" name=\"company_id\" value=\"25258\"><\/div>\r\n    <div><input type=\"hidden\" name=\"form_id\" value=\"artisan_form_contact_company_inline\"><\/div>\r\n    <div class=\"gglcptch gglcptch_v3 gglcptch_custom\"><input type=\"hidden\" id=\"g-recaptcha-response\" name=\"g-recaptcha-response\" \/><br \/><div class=\"gglcptch_error_text\">La p\u00e9riode de v\u00e9rification reCAPTCHA a expir\u00e9. Veuillez recharger la page.<\/div><\/div>    <div class=\"form-content\">\r\n        <div class=\"form-group\">\r\n            <label for=\"contact_firstName\" class=\"required\">Pr\u00e9nom<\/label>\r\n            <input type=\"text\" name=\"firstName\" class=\"form-control\" required>\r\n        <\/div>\r\n        <div class=\"form-group\">\r\n            <label for=\"contact_lastName\" class=\"required\">Nom<\/label>\r\n            <input type=\"text\" name=\"lastName\" class=\"form-control\" required>\r\n        <\/div>\r\n        <div class=\"form-group\">\r\n            <label for=\"contact_email\" class=\"required\">Email<\/label>\r\n            <input type=\"email\" name=\"email\" class=\"form-control\" required>\r\n        <\/div>\r\n        <div class=\"form-group\">\r\n            <label for=\"contact_phone\" class=\"required\">Num\u00e9ro de t\u00e9l\u00e9phone<\/label>\r\n            <input type=\"tel\" name=\"phone\" class=\"form-control\" placeholder=\"0787117165\" pattern=\"^[0-9]{10}$\" required>\r\n        <\/div>\r\n        <div class=\"form-group\">\r\n            <label for=\"contact_postalCode\" class=\"required\">Code postal et localit\u00e9<\/label>\r\n            <input type=\"text\" name=\"postalCode\" class=\"form-control\" required>\r\n        <\/div>\r\n        <div class=\"form-group\">\r\n            <label for=\"contact_address\" class=\"required\">Adresse<\/label>\r\n            <input type=\"text\" name=\"address\" class=\"form-control\" required>\r\n        <\/div>\r\n        <div class=\"full-width topic\">\r\n            <p class=\"required\">Je souhaite \u00eatre contact\u00e9 pour :<\/p>\r\n            <div class=\"form-check\">\r\n                <input type=\"radio\" name=\"topic\" value=\"D\u00e9pannage\" class=\"form-control\" required>\r\n                <label for=\"d\u00e9pannage\">D\u00e9pannage<\/label>\r\n            <\/div>\r\n            <div class=\"form-check\">\r\n                <input type=\"radio\" name=\"topic\" value=\"Entretien\" class=\"form-control\" required>\r\n                <label for=\"entretien\">Entretien<\/label>\r\n            <\/div>\r\n            <div class=\"form-check\">\r\n                <input type=\"radio\" name=\"topic\" value=\"R\u00e9novation\" class=\"form-control\" required>\r\n                <label for=\"r\u00e9novation\">R\u00e9novation<\/label>\r\n            <\/div>\r\n            <div class=\"form-check\">\r\n                <input type=\"radio\" name=\"topic\" value=\"Autre\" class=\"form-control\" required>\r\n                <label for=\"autre\">Autre<\/label>\r\n            <\/div>\r\n        <\/div>\r\n        <div class=\"form-group full-width\">\r\n            <label for=\"contact_message\">Message<\/label>\r\n            <textarea name=\"message\" rows=\"3\" class=\"form-control\"><\/textarea>\r\n        <\/div>\r\n    <\/div>\r\n    <div class=\"form-actions\">\r\n        <button class=\"wp-block-button__link has-accent-background-color\">Contacter<\/button>\r\n    <\/div>\r\n<\/form>\r\n<div class=\"form-feedback\"><\/div>    <\/div>\n<h2>Pourquoi choisir Artisanlocal ?<\/h2>\n<ul>\n<li>Intervention en urgence \u00e0 votre domicile le jour m\u00eame.<\/li>\n<li>Devis gratuit et d\u00e9taill\u00e9.<\/li>\n<li>Entreprise ouverte le week-end et les jours f\u00e9ri\u00e9s.<\/li>\n<li>Un accompagnement personnalis\u00e9.<\/li>\n<li>Entreprise locale.<\/li>\n<\/ul>\n<h2>Pourquoi est-il important d&rsquo;entretenir votre chauffage ?<\/h2>\n<p>Avoir un syst\u00e8me de chauffage qui marche est essentiel, surtout si vous avez un foyer avec de jeunes enfants. Nos chauffagistes vous aident \u00e0 r\u00e9gler la bonne temp\u00e9rature. Quel que soit le type de votre chauffage, nos experts r\u00e9alisent la maintenance et l&rsquo;entretien de votre chauffage : \u00e0 accumulation, basse temp\u00e9rature, fioul, condensation, \u00e9lectrique ou \u00e0 gaz.<\/p>\n<h2>\u00cates-vous capable de me d\u00e9panner \u00e0 distance ?<\/h2>\n<p>Oui, Artisanlocal peut vous assister \u00e0 distance. Il suffit de nous d\u00e9crire votre probl\u00e9matique pour que nous soyons capables d&rsquo;en \u00e9valuer les raisons et d&rsquo;identifier la meilleure solution. Gardez en t\u00eate que dans la plupart des cas, un technicien doit intervenir chez vous pour identifier et r\u00e9parer votre chauffage.<\/p>\n<h2>Comment fonctionne Artisanlocal ?<\/h2>\n<ol>\n<li>Premier contact : il est n\u00e9cessaire de nous appeler ou de nous contacter par message.<\/li>\n<li>Intervention : un de nos chauffagistes se d\u00e9place \u00e0 votre domicile.<\/li>\n<li>\u00c9valuation : le chauffagiste estimera votre situation actuelle dans le but de d\u00e9terminer la superficie, le volume de vos pi\u00e8ces et d&rsquo;inspecter l&rsquo;isolation actuelle.<\/li>\n<li>Recommandation : une solution vous sera faite en fonction de vos besoins et de votre budget.<\/li>\n<li>Prix : ensuite, vous recevrez un devis pr\u00e9cis avec les diff\u00e9rents co\u00fbts.<\/li>\n<li>Pose : une fois le devis valid\u00e9 et par rapport \u00e0 vos disponibilit\u00e9s, nous installons votre chauffage, et r\u00e9glons le bon thermostat.<\/li>\n<\/ol>\n<h2>Quels sont les meilleurs types de chauffages pour votre habitation ?<\/h2>\n<p>Nos chauffagistes vous aident \u00e0 s\u00e9lectionner la meilleure solution, ils vous donnent des conseils personnalis\u00e9s, parmi les chauffages : \u00e0 gaz, \u00e9lectriques, fioul, classiques, basses temp\u00e9ratures ou \u00e0 condensation.<\/p>\n<p>\u00c0 noter : les chauffages \u00e0 condensation ou \u00e0 basse temp\u00e9rature, malgr\u00e9 un prix plus important, permettent de r\u00e9aliser des \u00e9conomies sur le long terme.<\/p>\n<p>D&rsquo;ailleurs, avant la mise en place de votre chauffage, s\u00e9lectionnez le bon thermostat. Pas d\u2019inqui\u00e9tude, l&rsquo;expert qui se rend \u00e0 votre domicile a les connaissances n\u00e9cessaires pour r\u00e9gler tous vos probl\u00e8mes. Ne vous inqui\u00e9tez pas, dans notre devis, vous retrouverez tous les \u00e9l\u00e9ments li\u00e9s \u00e0 notre intervention.<\/p>\n<h2>Service de maintenance de votre chauffage \u00e0 St-Blaise<\/h2>\n<p>Il est important de r\u00e9aliser la maintenance de votre chauffage chaque ann\u00e9e, qu&rsquo;il soit au fioul ou au gaz. Solliciter un technicien pour l&rsquo;entretien de votre chauffage vous permet de contr\u00f4ler les \u00e9missions de monoxyde de carbone. \u00c0 noter, si votre chauffage cr\u00e9e trop de monoxyde de carbone, il est possible de vous intoxiquer.<\/p>\n<h2>Contrat de maintenance pour votre chauffage \u00e0 St-Blaise<\/h2>\n<p>Artisanlocal propose des contrats de maintenance pour garantir le bon fonctionnement de votre chauffage. Avec un entretien r\u00e9gulier, vous \u00e9conomisez de l&rsquo;argent en emp\u00eachant les dysfonctionnements et les r\u00e9parations en urgence.<\/p>\n<p>De plus, si vous avez un dommage ou un sinistre, votre assureur vous r\u00e9clame le contrat d&rsquo;entretien et v\u00e9rifie l&rsquo;\u00e9tat de votre chauffage avant l&rsquo;accident. Nous proposons des contrats de maintenance pluriannuels ou annuels.<\/p>\n<h2>Quels sont les avantages de souscrire \u00e0 un contrat d\u2019entretien ?<\/h2>\n<p>Si vous avez une partie de votre chauffage qui est en panne, nous intervenons en priorit\u00e9, nous prenons l&rsquo;engagement de :<\/p>\n<ul>\n<li>V\u00e9rifier la tension dans vos tuyaux,<\/li>\n<li>L&rsquo;\u00e9tat de votre br\u00fbleur, des tuyaux de raccordement et des \u00e9l\u00e9ments chauffants.<\/li>\n<\/ul>\n<h2>Quelles sont les diff\u00e9rentes prestations propos\u00e9es par votre entreprise ?<\/h2>\n<ul>\n<li>D\u00e9tartrage et le d\u00e9sembouage de radiateur,<\/li>\n<li>la purge d&rsquo;air,<\/li>\n<li>l\u2019entretien de votre chauffage, chaudi\u00e8re et chauffe-eau,<\/li>\n<li>l&rsquo;ajustement des thermostats,<\/li>\n<li>la maintenance chaudi\u00e8res \u00e0 condensation, \u00e0 accumulation, \u00e0 gaz, \u00e0 fioul, \u00e9lectriques et basses temp\u00e9ratures,<\/li>\n<li>la restauration de la vanne de purge,<\/li>\n<li>le d\u00e9pannage et la r\u00e9paration sur tous types de pannes : de votre chaudi\u00e8re, radiateur qui ne chauffe plus, fuite de canalisation.<\/li>\n<li>la mise en place de : radiateur \u00e9lectrique, plancher chauffant, pompe \u00e0 chaleur, chauffage, chaudi\u00e8re.<\/li>\n<\/ul>\n<h2>Foire aux questions<\/h2>\n<h3>Pourquoi engager un chauffagiste Saint-Blaisois ?<\/h3>\n<ul>\n<li>Optimiser votre confort thermique : un chauffage efficace permet de garder une temp\u00e9rature stable dans votre maison.<\/li>\n<li>\u00c9conomiser de l&rsquo;argent : en achetant des \u00e9quipements de qualit\u00e9, comme le chauffage et l&rsquo;isolation, vous baissez vos \u00e9missions de carbone et vous \u00e9conomisez de l&rsquo;argent.<\/li>\n<li>Assurer la s\u00fbret\u00e9 de vos installations : un bon syst\u00e8me de chauffage permet de r\u00e9pondre aux r\u00e8gles de s\u00e9curit\u00e9 en vigueur (exemple, pour r\u00e9duire le taux de monoxyde de carbone).<\/li>\n<li>Pr\u00e9voir les incidents : en regardant votre chauffage, un de nos techniciens peut anticiper les futurs ennuis.<\/li>\n<\/ul>\n<h3>Comment choisir le bon technicien chauffagiste \u00e0 St-Blaise ?<\/h3>\n<ul>\n<li>Comp\u00e9tences : v\u00e9rifiez les comp\u00e9tences (sur leur site internet) avant de choisir l&rsquo;entreprise de chauffage,<\/li>\n<li>clients : n&rsquo;h\u00e9sitez pas \u00e0 regarder les t\u00e9moignages des anciens clients ayant d\u00e9j\u00e0 fait appel \u00e0 la soci\u00e9t\u00e9 afin de vous faire une opinion,<\/li>\n<li>assurances : v\u00e9rifiez que les techniciens sont assur\u00e9s en cas de casses.<\/li>\n<\/ul>\n<h3>Quels sont vos d\u00e9lais d&rsquo;interventions ?<\/h3>\n<p>Nous intervenons chez vous dans les deux heures (pour les situations d&rsquo;urgence) dans le cas contraire, nous pouvons intervenir durant la journ\u00e9e.<\/p>\n<h3>Votre entreprise est disponible pour intervenir \u00e0 St-Blaise, mais \u00e9galement dans les villes aux alentours ?<\/h3>\n<p>Oui, nous intervenons \u00e0 St-Blaise et dans les villes proches, comme : Neuch\u00e2tel, Auvernier, Colombier NE, B\u00f4le, Areuse, Cortaillod, Boudry, Chambrelien, Rochefort, Bevaix, Gorgier, St-Aubin-Sauges, Chez-le-Bart, Fresens, Montalchez, Vaumarcus, Peseux, Corcelles NE, Cormondr\u00e8che, Hauterive NE, Enges, Marin-Epagnier, Thielle, Wavre, Cornaux NE, Cressier NE, Champ-du-Moulin.<\/p>\n","protected":false},"excerpt":{"rendered":"<p>Besoin d&rsquo;un chauffagiste \u00e0 St-Blaise ? Artisanlocal installe, r\u00e9pare et d\u00e9panne en urgence ou sur rendez-vous votre chauffage \u00e0 St-Blaise et dans les villes proches. Pourquoi choisir Artisanlocal ? Intervention en urgence \u00e0 votre domicile le jour m\u00eame. Devis gratuit et d\u00e9taill\u00e9. Entreprise ouverte le week-end et les jours f\u00e9ri\u00e9s. Un accompagnement personnalis\u00e9. Entreprise locale. [&hellip;]<\/p>\n","protected":false},"author":4,"featured_media":2757,"parent":0,"menu_order":0,"comment_status":"closed","ping_status":"closed","template":"","meta":{"footnotes":""},"profession":[120],"location":[88],"canton":[114],"class_list":["post-663","page","type-page","status-publish","has-post-thumbnail","hentry","profession-chauffagiste","location-st-blaise","canton-ne"],"yoast_head":"<!-- This site is optimized with the Yoast SEO Premium plugin v25.7.1 (Yoast SEO v27.4) - https:\/\/yoast.com\/product\/yoast-seo-premium-wordpress\/ -->\n<title>Chauffagiste \u00e0 St-Blaise - Artisanlocal<\/title>\n<meta name=\"robots\" content=\"index, follow, max-snippet:-1, max-image-preview:large, max-video-preview:-1\" \/>\n<link rel=\"canonical\" href=\"https:\/\/www.artisanlocal.ch\/c\/vous-avez-besoin-dun-chauffagiste-a-st-blaise\/\" \/>\n<meta property=\"og:locale\" content=\"fr_FR\" \/>\n<meta property=\"og:type\" content=\"article\" \/>\n<meta property=\"og:title\" content=\"Chauffagiste \u00e0 St-Blaise\" \/>\n<meta property=\"og:description\" content=\"Besoin d&rsquo;un chauffagiste \u00e0 St-Blaise ? Artisanlocal installe, r\u00e9pare et d\u00e9panne en urgence ou sur rendez-vous votre chauffage \u00e0 St-Blaise et dans les villes proches. Pourquoi choisir Artisanlocal ? Intervention en urgence \u00e0 votre domicile le jour m\u00eame. Devis gratuit et d\u00e9taill\u00e9. Entreprise ouverte le week-end et les jours f\u00e9ri\u00e9s. Un accompagnement personnalis\u00e9. Entreprise locale. [&hellip;]\" \/>\n<meta property=\"og:url\" content=\"https:\/\/www.artisanlocal.ch\/c\/vous-avez-besoin-dun-chauffagiste-a-st-blaise\/\" \/>\n<meta property=\"og:site_name\" content=\"Artisanlocal\" \/>\n<meta property=\"article:modified_time\" content=\"2025-12-03T18:37:14+00:00\" \/>\n<meta property=\"og:image\" content=\"https:\/\/www.artisanlocal.ch\/c\/wp-content\/uploads\/2024\/10\/chauffagiste.jpg\" \/>\n\t<meta property=\"og:image:width\" content=\"1920\" \/>\n\t<meta property=\"og:image:height\" content=\"300\" \/>\n\t<meta property=\"og:image:type\" content=\"image\/jpeg\" \/>\n<meta name=\"twitter:card\" content=\"summary_large_image\" \/>\n<meta name=\"twitter:label1\" content=\"Dur\u00e9e de lecture estim\u00e9e\" \/>\n\t<meta name=\"twitter:data1\" content=\"5 minutes\" \/>\n<script type=\"application\/ld+json\" class=\"yoast-schema-graph\">{\"@context\":\"https:\\\/\\\/schema.org\",\"@graph\":[{\"@type\":\"WebPage\",\"@id\":\"https:\\\/\\\/www.artisanlocal.ch\\\/c\\\/vous-avez-besoin-dun-chauffagiste-a-st-blaise\\\/\",\"url\":\"https:\\\/\\\/www.artisanlocal.ch\\\/c\\\/vous-avez-besoin-dun-chauffagiste-a-st-blaise\\\/\",\"name\":\"Chauffagiste \u00e0 St-Blaise - Artisanlocal\",\"isPartOf\":{\"@id\":\"https:\\\/\\\/www.artisanlocal.ch\\\/c\\\/#website\"},\"primaryImageOfPage\":{\"@id\":\"https:\\\/\\\/www.artisanlocal.ch\\\/c\\\/vous-avez-besoin-dun-chauffagiste-a-st-blaise\\\/#primaryimage\"},\"image\":{\"@id\":\"https:\\\/\\\/www.artisanlocal.ch\\\/c\\\/vous-avez-besoin-dun-chauffagiste-a-st-blaise\\\/#primaryimage\"},\"thumbnailUrl\":\"https:\\\/\\\/www.artisanlocal.ch\\\/c\\\/wp-content\\\/uploads\\\/2024\\\/10\\\/chauffagiste.jpg\",\"datePublished\":\"2024-04-19T00:10:05+00:00\",\"dateModified\":\"2025-12-03T18:37:14+00:00\",\"breadcrumb\":{\"@id\":\"https:\\\/\\\/www.artisanlocal.ch\\\/c\\\/vous-avez-besoin-dun-chauffagiste-a-st-blaise\\\/#breadcrumb\"},\"inLanguage\":\"fr-FR\",\"potentialAction\":[{\"@type\":\"ReadAction\",\"target\":[\"https:\\\/\\\/www.artisanlocal.ch\\\/c\\\/vous-avez-besoin-dun-chauffagiste-a-st-blaise\\\/\"]}]},{\"@type\":\"ImageObject\",\"inLanguage\":\"fr-FR\",\"@id\":\"https:\\\/\\\/www.artisanlocal.ch\\\/c\\\/vous-avez-besoin-dun-chauffagiste-a-st-blaise\\\/#primaryimage\",\"url\":\"https:\\\/\\\/www.artisanlocal.ch\\\/c\\\/wp-content\\\/uploads\\\/2024\\\/10\\\/chauffagiste.jpg\",\"contentUrl\":\"https:\\\/\\\/www.artisanlocal.ch\\\/c\\\/wp-content\\\/uploads\\\/2024\\\/10\\\/chauffagiste.jpg\",\"width\":1920,\"height\":300},{\"@type\":\"BreadcrumbList\",\"@id\":\"https:\\\/\\\/www.artisanlocal.ch\\\/c\\\/vous-avez-besoin-dun-chauffagiste-a-st-blaise\\\/#breadcrumb\",\"itemListElement\":[{\"@type\":\"ListItem\",\"position\":1,\"name\":\"Accueil\",\"item\":\"https:\\\/\\\/www.artisanlocal.ch\\\/c\\\/\"},{\"@type\":\"ListItem\",\"position\":2,\"name\":\"Chauffagiste \u00e0 St-Blaise\"}]},{\"@type\":\"WebSite\",\"@id\":\"https:\\\/\\\/www.artisanlocal.ch\\\/c\\\/#website\",\"url\":\"https:\\\/\\\/www.artisanlocal.ch\\\/c\\\/\",\"name\":\"Artisanlocal\",\"description\":\"\",\"publisher\":{\"@id\":\"https:\\\/\\\/www.artisanlocal.ch\\\/c\\\/#organization\"},\"potentialAction\":[{\"@type\":\"SearchAction\",\"target\":{\"@type\":\"EntryPoint\",\"urlTemplate\":\"https:\\\/\\\/www.artisanlocal.ch\\\/c\\\/?s={search_term_string}\"},\"query-input\":{\"@type\":\"PropertyValueSpecification\",\"valueRequired\":true,\"valueName\":\"search_term_string\"}}],\"inLanguage\":\"fr-FR\"},{\"@type\":\"Organization\",\"@id\":\"https:\\\/\\\/www.artisanlocal.ch\\\/c\\\/#organization\",\"name\":\"Artisanlocal\",\"url\":\"https:\\\/\\\/www.artisanlocal.ch\\\/c\\\/\",\"logo\":{\"@type\":\"ImageObject\",\"inLanguage\":\"fr-FR\",\"@id\":\"https:\\\/\\\/www.artisanlocal.ch\\\/c\\\/#\\\/schema\\\/logo\\\/image\\\/\",\"url\":\"https:\\\/\\\/www.artisanlocal.ch\\\/c\\\/wp-content\\\/uploads\\\/2024\\\/02\\\/logo-artisanlocal-h.svg\",\"contentUrl\":\"https:\\\/\\\/www.artisanlocal.ch\\\/c\\\/wp-content\\\/uploads\\\/2024\\\/02\\\/logo-artisanlocal-h.svg\",\"caption\":\"Artisanlocal\"},\"image\":{\"@id\":\"https:\\\/\\\/www.artisanlocal.ch\\\/c\\\/#\\\/schema\\\/logo\\\/image\\\/\"}}]}<\/script>\n<!-- \/ Yoast SEO Premium plugin. -->","yoast_head_json":{"title":"Chauffagiste \u00e0 St-Blaise - Artisanlocal","robots":{"index":"index","follow":"follow","max-snippet":"max-snippet:-1","max-image-preview":"max-image-preview:large","max-video-preview":"max-video-preview:-1"},"canonical":"https:\/\/www.artisanlocal.ch\/c\/vous-avez-besoin-dun-chauffagiste-a-st-blaise\/","og_locale":"fr_FR","og_type":"article","og_title":"Chauffagiste \u00e0 St-Blaise","og_description":"Besoin d&rsquo;un chauffagiste \u00e0 St-Blaise ? Artisanlocal installe, r\u00e9pare et d\u00e9panne en urgence ou sur rendez-vous votre chauffage \u00e0 St-Blaise et dans les villes proches. Pourquoi choisir Artisanlocal ? Intervention en urgence \u00e0 votre domicile le jour m\u00eame. Devis gratuit et d\u00e9taill\u00e9. Entreprise ouverte le week-end et les jours f\u00e9ri\u00e9s. Un accompagnement personnalis\u00e9. Entreprise locale. [&hellip;]","og_url":"https:\/\/www.artisanlocal.ch\/c\/vous-avez-besoin-dun-chauffagiste-a-st-blaise\/","og_site_name":"Artisanlocal","article_modified_time":"2025-12-03T18:37:14+00:00","og_image":[{"width":1920,"height":300,"url":"https:\/\/www.artisanlocal.ch\/c\/wp-content\/uploads\/2024\/10\/chauffagiste.jpg","type":"image\/jpeg"}],"twitter_card":"summary_large_image","twitter_misc":{"Dur\u00e9e de lecture estim\u00e9e":"5 minutes"},"schema":{"@context":"https:\/\/schema.org","@graph":[{"@type":"WebPage","@id":"https:\/\/www.artisanlocal.ch\/c\/vous-avez-besoin-dun-chauffagiste-a-st-blaise\/","url":"https:\/\/www.artisanlocal.ch\/c\/vous-avez-besoin-dun-chauffagiste-a-st-blaise\/","name":"Chauffagiste \u00e0 St-Blaise - Artisanlocal","isPartOf":{"@id":"https:\/\/www.artisanlocal.ch\/c\/#website"},"primaryImageOfPage":{"@id":"https:\/\/www.artisanlocal.ch\/c\/vous-avez-besoin-dun-chauffagiste-a-st-blaise\/#primaryimage"},"image":{"@id":"https:\/\/www.artisanlocal.ch\/c\/vous-avez-besoin-dun-chauffagiste-a-st-blaise\/#primaryimage"},"thumbnailUrl":"https:\/\/www.artisanlocal.ch\/c\/wp-content\/uploads\/2024\/10\/chauffagiste.jpg","datePublished":"2024-04-19T00:10:05+00:00","dateModified":"2025-12-03T18:37:14+00:00","breadcrumb":{"@id":"https:\/\/www.artisanlocal.ch\/c\/vous-avez-besoin-dun-chauffagiste-a-st-blaise\/#breadcrumb"},"inLanguage":"fr-FR","potentialAction":[{"@type":"ReadAction","target":["https:\/\/www.artisanlocal.ch\/c\/vous-avez-besoin-dun-chauffagiste-a-st-blaise\/"]}]},{"@type":"ImageObject","inLanguage":"fr-FR","@id":"https:\/\/www.artisanlocal.ch\/c\/vous-avez-besoin-dun-chauffagiste-a-st-blaise\/#primaryimage","url":"https:\/\/www.artisanlocal.ch\/c\/wp-content\/uploads\/2024\/10\/chauffagiste.jpg","contentUrl":"https:\/\/www.artisanlocal.ch\/c\/wp-content\/uploads\/2024\/10\/chauffagiste.jpg","width":1920,"height":300},{"@type":"BreadcrumbList","@id":"https:\/\/www.artisanlocal.ch\/c\/vous-avez-besoin-dun-chauffagiste-a-st-blaise\/#breadcrumb","itemListElement":[{"@type":"ListItem","position":1,"name":"Accueil","item":"https:\/\/www.artisanlocal.ch\/c\/"},{"@type":"ListItem","position":2,"name":"Chauffagiste \u00e0 St-Blaise"}]},{"@type":"WebSite","@id":"https:\/\/www.artisanlocal.ch\/c\/#website","url":"https:\/\/www.artisanlocal.ch\/c\/","name":"Artisanlocal","description":"","publisher":{"@id":"https:\/\/www.artisanlocal.ch\/c\/#organization"},"potentialAction":[{"@type":"SearchAction","target":{"@type":"EntryPoint","urlTemplate":"https:\/\/www.artisanlocal.ch\/c\/?s={search_term_string}"},"query-input":{"@type":"PropertyValueSpecification","valueRequired":true,"valueName":"search_term_string"}}],"inLanguage":"fr-FR"},{"@type":"Organization","@id":"https:\/\/www.artisanlocal.ch\/c\/#organization","name":"Artisanlocal","url":"https:\/\/www.artisanlocal.ch\/c\/","logo":{"@type":"ImageObject","inLanguage":"fr-FR","@id":"https:\/\/www.artisanlocal.ch\/c\/#\/schema\/logo\/image\/","url":"https:\/\/www.artisanlocal.ch\/c\/wp-content\/uploads\/2024\/02\/logo-artisanlocal-h.svg","contentUrl":"https:\/\/www.artisanlocal.ch\/c\/wp-content\/uploads\/2024\/02\/logo-artisanlocal-h.svg","caption":"Artisanlocal"},"image":{"@id":"https:\/\/www.artisanlocal.ch\/c\/#\/schema\/logo\/image\/"}}]}},"_links":{"self":[{"href":"https:\/\/www.artisanlocal.ch\/c\/wp-json\/wp\/v2\/pages\/663","targetHints":{"allow":["GET"]}}],"collection":[{"href":"https:\/\/www.artisanlocal.ch\/c\/wp-json\/wp\/v2\/pages"}],"about":[{"href":"https:\/\/www.artisanlocal.ch\/c\/wp-json\/wp\/v2\/types\/page"}],"author":[{"embeddable":true,"href":"https:\/\/www.artisanlocal.ch\/c\/wp-json\/wp\/v2\/users\/4"}],"replies":[{"embeddable":true,"href":"https:\/\/www.artisanlocal.ch\/c\/wp-json\/wp\/v2\/comments?post=663"}],"version-history":[{"count":0,"href":"https:\/\/www.artisanlocal.ch\/c\/wp-json\/wp\/v2\/pages\/663\/revisions"}],"wp:featuredmedia":[{"embeddable":true,"href":"https:\/\/www.artisanlocal.ch\/c\/wp-json\/wp\/v2\/media\/2757"}],"wp:attachment":[{"href":"https:\/\/www.artisanlocal.ch\/c\/wp-json\/wp\/v2\/media?parent=663"}],"wp:term":[{"taxonomy":"profession","embeddable":true,"href":"https:\/\/www.artisanlocal.ch\/c\/wp-json\/wp\/v2\/profession?post=663"},{"taxonomy":"location","embeddable":true,"href":"https:\/\/www.artisanlocal.ch\/c\/wp-json\/wp\/v2\/location?post=663"},{"taxonomy":"canton","embeddable":true,"href":"https:\/\/www.artisanlocal.ch\/c\/wp-json\/wp\/v2\/canton?post=663"}],"curies":[{"name":"wp","href":"https:\/\/api.w.org\/{rel}","templated":true}]}}