{"id":664,"date":"2024-04-19T13:33:12","date_gmt":"2024-04-19T11:33:12","guid":{"rendered":"https:\/\/www.artisanlocal.ch\/c\/jai-besoin-dun-chauffagiste-a-ste-croix\/"},"modified":"2025-08-26T19:29:52","modified_gmt":"2025-08-26T17:29:52","slug":"jai-besoin-dun-chauffagiste-a-ste-croix","status":"publish","type":"page","link":"https:\/\/www.artisanlocal.ch\/c\/jai-besoin-dun-chauffagiste-a-ste-croix\/","title":{"rendered":"J&rsquo;ai besoin d&rsquo;un chauffagiste \u00e0 Ste-Croix ?"},"content":{"rendered":"<p>Vous avez besoin d&rsquo;un chauffagiste \u00e0 Ste-Croix ? Si vous \u00eates un Saint-Crucien, notre entreprise assure l&rsquo;installation ainsi que la r\u00e9paration de votre syst\u00e8me de chauffage. En travaillant avec notre entreprise, vous b\u00e9n\u00e9ficiez :<\/p>\n<ul>\n<li>de tarif transparent,<\/li>\n<li>de services de premier choix,<\/li>\n<li>d&rsquo;assistance \u00e0 Ste-Croix et dans ses alentours,<\/li>\n<li>d&rsquo;un personnel qualifi\u00e9 et avec de l&rsquo;exp\u00e9rience,<\/li>\n<li>de devis gratuits,<\/li>\n<li>de techniciens disponibles du lundi au samedi.<\/li>\n<\/ul>\n\r\n<div class=\"box\">\r\n    <h2 class=\"text-dark\">Nous cherchons un <em class=\"text-primary\">Chauffagiste<\/em> dans la r\u00e9gion de <em class=\"text-primary\">Ste-Croix<\/em>  en exclusivit\u00e9, afin de proposer vos services \u00e0 nos clients propri\u00e9taires.<\/h2>\r\n    <p>Une opportunit\u00e9 unique pour booster votre activit\u00e9 \u00e0 <strong>Ste-Croix<\/strong> et aux alentours dans votre domaine (Chauffagiste).<\/p>\r\n    <p>Nous travaillons en exclusivit\u00e9 avec qu'une soci\u00e9t\u00e9 par m\u00e9tier et par r\u00e9gion. <br>Votre entreprise est pr\u00e9sente sur tous les documents immobiliers. Afin d'\u00eatre mieux vu sur le net, vous \u00eates \u00e9galement visible sur nos deux sites et sur les pages de r\u00e9f\u00e9rencement de votre r\u00e9gion.<\/p>\r\n    <a href=\"\/contact\" class=\"wp-block-button__link has-accent-background-color has-text-align-center wp-element-button\">R\u00e9server<\/a>\r\n<\/div>\n<h2>Pourquoi choisir Artisanlocal ?<\/h2>\n<p>\u00c9valuation instantan\u00e9e de votre projet : une fois que vous avez renseign\u00e9 le formulaire, notre chauffagiste \u00e0 Ste-Croix vous appelle dans la journ\u00e9e.<\/p>\n<p>D\u00e9placement de notre chauffagiste chez vous : notre expert Saint-Crucien se d\u00e9place chez vous le jour m\u00eame afin d&rsquo;estimer le co\u00fbt de votre chantier et contr\u00f4ler la faisabilit\u00e9 de votre projet. Par la suite, vous obtenez un devis d\u00e9taill\u00e9 et vous pouvez nous poser vos demandes.<\/p>\n<p>Mise en place de votre chauffage dans les 24\/48 heures : apr\u00e8s validation de notre offre. Nous d\u00e9terminerons la date de notre intervention ensemble.<\/p>\n<p>Entretien et d\u00e9pannage : si votre chauffage, chauffe-eau ou chaudi\u00e8re pr\u00e9sente un dysfonctionnement. Notre soci\u00e9t\u00e9 est joignable pour intervenir \u00e0 Ste-Croix et dans les communes \u00e0 proximit\u00e9.<\/p>\n<h2>Pourquoi la maintenance du chauffage est importante ?<\/h2>\n<p>Avoir un chauffage qui fonctionne est important, surtout dans les foyers avec de jeunes enfants. Notre soci\u00e9t\u00e9 vous aide \u00e0 r\u00e9gler la bonne temp\u00e9rature et contr\u00f4le la pr\u00e9sence monoxyde de carbone fabriqu\u00e9 par votre chauffage. Nos experts assurent l&rsquo;entretien de votre chauffage, peu importe le type : \u00e0 accumulation, basse temp\u00e9rature, fioul, condensation, \u00e9lectrique ou \u00e0 gaz.<\/p>\n<h2>L&rsquo;entreprise Artisanlocal offre-t-elle une aide t\u00e9l\u00e9phonique ?<\/h2>\n<p>Oui, la soci\u00e9t\u00e9 Artisanlocal peut vous d\u00e9panner \u00e0 distance. En nous expliquant votre probl\u00e8me par t\u00e9l\u00e9phone, nous trouverons la meilleure solution pour r\u00e9soudre votre probl\u00e8me. Toutefois, dans de nombreux cas, un technicien doit venir dans votre foyer.<\/p>\n<h2>De quelle mani\u00e8re fonctionne Artisanlocal ?<\/h2>\n<ol>\n<li>Premier contact : il est n\u00e9cessaire que vous preniez contact avec nous par t\u00e9l\u00e9phone ou par e-mail.<\/li>\n<li>Intervention : un chauffagiste Saint-Crucien intervient \u00e0 votre domicile.<\/li>\n<li>Estimation : on examinera l&rsquo;\u00e9quipement actuel, la superficie, l&rsquo;isolation et le volume de vos pi\u00e8ces pour estimer et d\u00e9terminer la meilleure solution.<\/li>\n<li>Recommandation : nous vous orienterons pour s\u00e9lectionner le meilleur chauffage pour vous, nous prenons en compte la rentabilit\u00e9 et le rendement que vous souhaitez avoir.<\/li>\n<li>Devis : nous vous livrons un devis pr\u00e9cis avec les diff\u00e9rents prix.<\/li>\n<li>Mise en place : une fois que vous avec accept\u00e9 le devis et en fonction de vos disponibilit\u00e9s, nous installons votre syst\u00e8me de chauffage, et ajustons le thermostat.<\/li>\n<\/ol>\n<h2>Quels sont les meilleurs types de chauffages pour votre habitation ?<\/h2>\n<p>L&rsquo;expert qui se d\u00e9place \u00e0 votre domicile, vous conseille pour choisir le meilleur chauffage possible, comme les syst\u00e8mes de chauffages : \u00e0 gaz, \u00e9lectriques, fioul, classiques, basses temp\u00e9ratures ou \u00e0 condensation.<\/p>\n<p>Les \u00e9quipements de chauffages \u00e0 condensation ou \u00e0 basse temp\u00e9rature, malgr\u00e9 un co\u00fbt d&rsquo;achat plus important, ils permettent de faire des \u00e9conomies sur le long terme.<\/p>\n<p>De plus, avant d\u2019installer votre chauffage, il faut s\u00e9lectionner le meilleur thermostat. L&rsquo;expert qui vient dans votre foyer est un professionnel avec une grande exp\u00e9rience. Vous retrouverez dans notre estimation les \u00e9l\u00e9ments de notre intervention.<\/p>\n<h2>Solution de maintenance de votre chauffage \u00e0 Ste-Croix<\/h2>\n<p>Vous devez effectuer l&rsquo;entretien annuel de votre chauffage, qu&rsquo;il soit \u00e0 gaz ou au fioul. Faire appel \u00e0 un technicien pour l&rsquo;entretien de votre chauffage offre la possibilit\u00e9 de contr\u00f4ler les taux de monoxyde de carbone. \u00c0 noter, dans le cas o\u00f9 votre chauffage cr\u00e9e beaucoup de monoxyde de carbone, \u00e7a peut provoquer une intoxication. Le chauffagiste qui se rend chez vous r\u00e8gle et contr\u00f4le les \u00e9missions de monoxyde de carbone afin de vous emp\u00eacher d\u2019avoir des potentiels soucis m\u00e9dicaux.<\/p>\n<h2>Programme de maintenance pour votre chauffage \u00e0 Ste-Croix<\/h2>\n<p>Nous proposons des forfaits d\u2019entretiens pour votre chauffage afin d&rsquo;en assurer le fonctionnement optimal. Avec une maintenance r\u00e9guli\u00e8re, vous faites des \u00e9conomies en \u00e9vitant les pannes et les interventions en urgence.<\/p>\n<p>Aussi, si vous avez un probl\u00e8me avec votre chauffage, l\u2019assurance r\u00e9clame le contrat de maintenance afin de contr\u00f4ler l\u2019\u00e9tat de votre chauffage pr\u00e9alablement au sinistre. Notre soci\u00e9t\u00e9 offre des contrats d&rsquo;entretien pluriannuels ou annuels.<\/p>\n<h2>Pourquoi souscrire \u00e0 un forfait de maintenance pour votre chauffage ?<\/h2>\n<p>Si vous avez une partie qui est en panne, nous la rempla\u00e7ons en priorit\u00e9, nous prenons l&rsquo;engagement de contr\u00f4ler l&rsquo;ensemble de votre chauffage, comme :<\/p>\n<ul>\n<li>Les pressions de vos conduits,<\/li>\n<li>le nettoyage des conduits de raccordement, et des parties chauffantes.<\/li>\n<\/ul>\n<h2>Quels services propose Artisanlocal ?<\/h2>\n<p>Nos experts op\u00e8rent dans votre appartement, pour :<\/p>\n<ul>\n<li>le d\u00e9tartrage et le d\u00e9sembouage de radiateur,<\/li>\n<li>la purge d&rsquo;air,<\/li>\n<li>l\u2019entretien de votre chauffage, chaudi\u00e8re et chauffe-eau,<\/li>\n<li>l&rsquo;ajustement des thermostats,<\/li>\n<li>l&rsquo;entretien chaudi\u00e8res \u00e0 condensation, \u00e0 accumulation, \u00e0 gaz, \u00e0 fioul, \u00e9lectriques et basses temp\u00e9ratures,<\/li>\n<li>la restauration de la vanne de vidange,<\/li>\n<li>l&rsquo;intervention et la r\u00e9paration de vos pannes : de votre chaudi\u00e8re, fuite de canalisation, radiateur qui ne chauffe plus, etc.<\/li>\n<li>la pose de votre : radiateur \u00e9lectrique, plancher chauffant, pompe \u00e0 chaleur, chauffage, chaudi\u00e8re, etc.<\/li>\n<\/ul>\n<h2>Foire aux questions<\/h2>\n<h3>Pourquoi embaucher un chauffagiste Saint-Crucien ?<\/h3>\n<p>Optimiser votre confort : un chauffage performant conserve la temp\u00e9rature \u00e0 l&rsquo;int\u00e9rieur de votre domicile.<\/p>\n<p>\u00c9conomiser de l&rsquo;argent : en choisissant des mat\u00e9riaux de qualit\u00e9, pour l&rsquo;isolation et le chauffage, vous effectuez des \u00e9conomies et diminuer vos \u00e9missions de CO2.<\/p>\n<p>Garantir la s\u00e9curit\u00e9 de votre chauffage : respecter les r\u00e8gles de s\u00e9curit\u00e9 permet de maintenir un chauffage s\u00fbr et performant (par exemple, pour r\u00e9duire les \u00e9missions de monoxyde de carbone).<\/p>\n<p>Anticiper les probl\u00e8mes : en regardant votre syst\u00e8me de chauffage, un de nos techniciens peut anticiper les futurs probl\u00e8mes.<\/p>\n<h3>Quels sont les \u00e9l\u00e9ments \u00e0 prendre en consid\u00e9ration pour choisir le bon chauffagiste \u00e0 Ste-Croix ?<\/h3>\n<p>Les comp\u00e9tences : v\u00e9rifiez les certifications attestant que la soci\u00e9t\u00e9 \u00e0 un v\u00e9ritable savoir-faire dans son domaine.<\/p>\n<p>Les avis clients : n&rsquo;h\u00e9sitez pas \u00e0 regarder les avis des clients ayant d\u00e9j\u00e0 fait appel \u00e0 la soci\u00e9t\u00e9 de mani\u00e8re \u00e0 vous faire une id\u00e9e.<\/p>\n<p>Les assurances : v\u00e9rifiez que l&rsquo;entreprise de chauffage dispose d&rsquo;une garantie assurance qui couvrira les \u00e9ventuels d\u00e9g\u00e2ts occasionn\u00e9s lors de ses op\u00e9rations.<\/p>\n<h3>Quelle est votre vitesse d&rsquo;action \u00e0 Ste-Croix ?<\/h3>\n<p>Si vous avez un probl\u00e8me qui demande une intervention en urgence, nous pouvons intervenir dans un d\u00e9lai de 2 heures, s&rsquo;il n&rsquo;y a pas de priorit\u00e9 concernant votre demande, nous op\u00e9rons g\u00e9n\u00e9ralement dans la journ\u00e9e.<\/p>\n<h3>Votre entreprise est disponible pour agir \u00e0 Ste-Croix, mais aussi dans les localit\u00e9s aux environs ?<\/h3>\n<p>En effet, nous effectuons nos interventions \u00e0 Ste-Croix et dans les communes aux alentours, telles que : Fiez, Fontaines-sur-Grandson, Grandevent, Grandson, Fontanezier, Romairon, Vaugondry, Villars-Burquin, Champagne, Onnens VD, Concise, Corcelles-pr\u00e8s-Concise, Bonvillars, Mutrux, Provence, Giez, Orges, Novalles, Vugelles-La Mothe, Vuiteboeuf, La Sagne (Ste-croix), Le Ch\u00e2teau-de-Ste-Croix, Les Rasses, Bullet, Mauborget, L'Auberson, La Vraconnaz.<\/p>\n","protected":false},"excerpt":{"rendered":"<p>Vous avez besoin d&rsquo;un chauffagiste \u00e0 Ste-Croix ? Si vous \u00eates un Saint-Crucien, notre entreprise assure l&rsquo;installation ainsi que la r\u00e9paration de votre syst\u00e8me de chauffage. En travaillant avec notre entreprise, vous b\u00e9n\u00e9ficiez : de tarif transparent, de services de premier choix, d&rsquo;assistance \u00e0 Ste-Croix et dans ses alentours, d&rsquo;un personnel qualifi\u00e9 et avec de [&hellip;]<\/p>\n","protected":false},"author":4,"featured_media":2757,"parent":0,"menu_order":0,"comment_status":"closed","ping_status":"closed","template":"","meta":{"footnotes":""},"profession":[120],"location":[29],"canton":[113],"class_list":["post-664","page","type-page","status-publish","has-post-thumbnail","hentry","profession-chauffagiste","location-ste-croix","canton-vd"],"yoast_head":"<!-- This site is optimized with the Yoast SEO Premium plugin v25.7.1 (Yoast SEO v27.4) - https:\/\/yoast.com\/product\/yoast-seo-premium-wordpress\/ -->\n<title>J&#039;ai besoin d&#039;un chauffagiste \u00e0 Ste-Croix ? - Artisanlocal<\/title>\n<meta name=\"robots\" content=\"index, follow, max-snippet:-1, max-image-preview:large, max-video-preview:-1\" \/>\n<link rel=\"canonical\" href=\"https:\/\/www.artisanlocal.ch\/c\/jai-besoin-dun-chauffagiste-a-ste-croix\/\" \/>\n<meta property=\"og:locale\" content=\"fr_FR\" \/>\n<meta property=\"og:type\" content=\"article\" \/>\n<meta property=\"og:title\" content=\"J&#039;ai besoin d&#039;un chauffagiste \u00e0 Ste-Croix ?\" \/>\n<meta property=\"og:description\" content=\"Vous avez besoin d&rsquo;un chauffagiste \u00e0 Ste-Croix ? Si vous \u00eates un Saint-Crucien, notre entreprise assure l&rsquo;installation ainsi que la r\u00e9paration de votre syst\u00e8me de chauffage. En travaillant avec notre entreprise, vous b\u00e9n\u00e9ficiez : de tarif transparent, de services de premier choix, d&rsquo;assistance \u00e0 Ste-Croix et dans ses alentours, d&rsquo;un personnel qualifi\u00e9 et avec de [&hellip;]\" \/>\n<meta property=\"og:url\" content=\"https:\/\/www.artisanlocal.ch\/c\/jai-besoin-dun-chauffagiste-a-ste-croix\/\" \/>\n<meta property=\"og:site_name\" content=\"Artisanlocal\" \/>\n<meta property=\"article:modified_time\" content=\"2025-08-26T17:29:52+00:00\" \/>\n<meta property=\"og:image\" content=\"https:\/\/www.artisanlocal.ch\/c\/wp-content\/uploads\/2024\/10\/chauffagiste.jpg\" \/>\n\t<meta property=\"og:image:width\" content=\"1920\" \/>\n\t<meta property=\"og:image:height\" content=\"300\" \/>\n\t<meta property=\"og:image:type\" content=\"image\/jpeg\" \/>\n<meta name=\"twitter:card\" content=\"summary_large_image\" \/>\n<meta name=\"twitter:label1\" content=\"Dur\u00e9e de lecture estim\u00e9e\" \/>\n\t<meta name=\"twitter:data1\" content=\"6 minutes\" \/>\n<script type=\"application\/ld+json\" class=\"yoast-schema-graph\">{\"@context\":\"https:\\\/\\\/schema.org\",\"@graph\":[{\"@type\":\"WebPage\",\"@id\":\"https:\\\/\\\/www.artisanlocal.ch\\\/c\\\/jai-besoin-dun-chauffagiste-a-ste-croix\\\/\",\"url\":\"https:\\\/\\\/www.artisanlocal.ch\\\/c\\\/jai-besoin-dun-chauffagiste-a-ste-croix\\\/\",\"name\":\"J'ai besoin d'un chauffagiste \u00e0 Ste-Croix ? - Artisanlocal\",\"isPartOf\":{\"@id\":\"https:\\\/\\\/www.artisanlocal.ch\\\/c\\\/#website\"},\"primaryImageOfPage\":{\"@id\":\"https:\\\/\\\/www.artisanlocal.ch\\\/c\\\/jai-besoin-dun-chauffagiste-a-ste-croix\\\/#primaryimage\"},\"image\":{\"@id\":\"https:\\\/\\\/www.artisanlocal.ch\\\/c\\\/jai-besoin-dun-chauffagiste-a-ste-croix\\\/#primaryimage\"},\"thumbnailUrl\":\"https:\\\/\\\/www.artisanlocal.ch\\\/c\\\/wp-content\\\/uploads\\\/2024\\\/10\\\/chauffagiste.jpg\",\"datePublished\":\"2024-04-19T11:33:12+00:00\",\"dateModified\":\"2025-08-26T17:29:52+00:00\",\"breadcrumb\":{\"@id\":\"https:\\\/\\\/www.artisanlocal.ch\\\/c\\\/jai-besoin-dun-chauffagiste-a-ste-croix\\\/#breadcrumb\"},\"inLanguage\":\"fr-FR\",\"potentialAction\":[{\"@type\":\"ReadAction\",\"target\":[\"https:\\\/\\\/www.artisanlocal.ch\\\/c\\\/jai-besoin-dun-chauffagiste-a-ste-croix\\\/\"]}]},{\"@type\":\"ImageObject\",\"inLanguage\":\"fr-FR\",\"@id\":\"https:\\\/\\\/www.artisanlocal.ch\\\/c\\\/jai-besoin-dun-chauffagiste-a-ste-croix\\\/#primaryimage\",\"url\":\"https:\\\/\\\/www.artisanlocal.ch\\\/c\\\/wp-content\\\/uploads\\\/2024\\\/10\\\/chauffagiste.jpg\",\"contentUrl\":\"https:\\\/\\\/www.artisanlocal.ch\\\/c\\\/wp-content\\\/uploads\\\/2024\\\/10\\\/chauffagiste.jpg\",\"width\":1920,\"height\":300},{\"@type\":\"BreadcrumbList\",\"@id\":\"https:\\\/\\\/www.artisanlocal.ch\\\/c\\\/jai-besoin-dun-chauffagiste-a-ste-croix\\\/#breadcrumb\",\"itemListElement\":[{\"@type\":\"ListItem\",\"position\":1,\"name\":\"Accueil\",\"item\":\"https:\\\/\\\/www.artisanlocal.ch\\\/c\\\/\"},{\"@type\":\"ListItem\",\"position\":2,\"name\":\"J&rsquo;ai besoin d&rsquo;un chauffagiste \u00e0 Ste-Croix ?\"}]},{\"@type\":\"WebSite\",\"@id\":\"https:\\\/\\\/www.artisanlocal.ch\\\/c\\\/#website\",\"url\":\"https:\\\/\\\/www.artisanlocal.ch\\\/c\\\/\",\"name\":\"Artisanlocal\",\"description\":\"\",\"publisher\":{\"@id\":\"https:\\\/\\\/www.artisanlocal.ch\\\/c\\\/#organization\"},\"potentialAction\":[{\"@type\":\"SearchAction\",\"target\":{\"@type\":\"EntryPoint\",\"urlTemplate\":\"https:\\\/\\\/www.artisanlocal.ch\\\/c\\\/?s={search_term_string}\"},\"query-input\":{\"@type\":\"PropertyValueSpecification\",\"valueRequired\":true,\"valueName\":\"search_term_string\"}}],\"inLanguage\":\"fr-FR\"},{\"@type\":\"Organization\",\"@id\":\"https:\\\/\\\/www.artisanlocal.ch\\\/c\\\/#organization\",\"name\":\"Artisanlocal\",\"url\":\"https:\\\/\\\/www.artisanlocal.ch\\\/c\\\/\",\"logo\":{\"@type\":\"ImageObject\",\"inLanguage\":\"fr-FR\",\"@id\":\"https:\\\/\\\/www.artisanlocal.ch\\\/c\\\/#\\\/schema\\\/logo\\\/image\\\/\",\"url\":\"https:\\\/\\\/www.artisanlocal.ch\\\/c\\\/wp-content\\\/uploads\\\/2024\\\/02\\\/logo-artisanlocal-h.svg\",\"contentUrl\":\"https:\\\/\\\/www.artisanlocal.ch\\\/c\\\/wp-content\\\/uploads\\\/2024\\\/02\\\/logo-artisanlocal-h.svg\",\"caption\":\"Artisanlocal\"},\"image\":{\"@id\":\"https:\\\/\\\/www.artisanlocal.ch\\\/c\\\/#\\\/schema\\\/logo\\\/image\\\/\"}}]}<\/script>\n<!-- \/ Yoast SEO Premium plugin. -->","yoast_head_json":{"title":"J'ai besoin d'un chauffagiste \u00e0 Ste-Croix ? - Artisanlocal","robots":{"index":"index","follow":"follow","max-snippet":"max-snippet:-1","max-image-preview":"max-image-preview:large","max-video-preview":"max-video-preview:-1"},"canonical":"https:\/\/www.artisanlocal.ch\/c\/jai-besoin-dun-chauffagiste-a-ste-croix\/","og_locale":"fr_FR","og_type":"article","og_title":"J'ai besoin d'un chauffagiste \u00e0 Ste-Croix ?","og_description":"Vous avez besoin d&rsquo;un chauffagiste \u00e0 Ste-Croix ? Si vous \u00eates un Saint-Crucien, notre entreprise assure l&rsquo;installation ainsi que la r\u00e9paration de votre syst\u00e8me de chauffage. En travaillant avec notre entreprise, vous b\u00e9n\u00e9ficiez : de tarif transparent, de services de premier choix, d&rsquo;assistance \u00e0 Ste-Croix et dans ses alentours, d&rsquo;un personnel qualifi\u00e9 et avec de [&hellip;]","og_url":"https:\/\/www.artisanlocal.ch\/c\/jai-besoin-dun-chauffagiste-a-ste-croix\/","og_site_name":"Artisanlocal","article_modified_time":"2025-08-26T17:29:52+00:00","og_image":[{"width":1920,"height":300,"url":"https:\/\/www.artisanlocal.ch\/c\/wp-content\/uploads\/2024\/10\/chauffagiste.jpg","type":"image\/jpeg"}],"twitter_card":"summary_large_image","twitter_misc":{"Dur\u00e9e de lecture estim\u00e9e":"6 minutes"},"schema":{"@context":"https:\/\/schema.org","@graph":[{"@type":"WebPage","@id":"https:\/\/www.artisanlocal.ch\/c\/jai-besoin-dun-chauffagiste-a-ste-croix\/","url":"https:\/\/www.artisanlocal.ch\/c\/jai-besoin-dun-chauffagiste-a-ste-croix\/","name":"J'ai besoin d'un chauffagiste \u00e0 Ste-Croix ? - Artisanlocal","isPartOf":{"@id":"https:\/\/www.artisanlocal.ch\/c\/#website"},"primaryImageOfPage":{"@id":"https:\/\/www.artisanlocal.ch\/c\/jai-besoin-dun-chauffagiste-a-ste-croix\/#primaryimage"},"image":{"@id":"https:\/\/www.artisanlocal.ch\/c\/jai-besoin-dun-chauffagiste-a-ste-croix\/#primaryimage"},"thumbnailUrl":"https:\/\/www.artisanlocal.ch\/c\/wp-content\/uploads\/2024\/10\/chauffagiste.jpg","datePublished":"2024-04-19T11:33:12+00:00","dateModified":"2025-08-26T17:29:52+00:00","breadcrumb":{"@id":"https:\/\/www.artisanlocal.ch\/c\/jai-besoin-dun-chauffagiste-a-ste-croix\/#breadcrumb"},"inLanguage":"fr-FR","potentialAction":[{"@type":"ReadAction","target":["https:\/\/www.artisanlocal.ch\/c\/jai-besoin-dun-chauffagiste-a-ste-croix\/"]}]},{"@type":"ImageObject","inLanguage":"fr-FR","@id":"https:\/\/www.artisanlocal.ch\/c\/jai-besoin-dun-chauffagiste-a-ste-croix\/#primaryimage","url":"https:\/\/www.artisanlocal.ch\/c\/wp-content\/uploads\/2024\/10\/chauffagiste.jpg","contentUrl":"https:\/\/www.artisanlocal.ch\/c\/wp-content\/uploads\/2024\/10\/chauffagiste.jpg","width":1920,"height":300},{"@type":"BreadcrumbList","@id":"https:\/\/www.artisanlocal.ch\/c\/jai-besoin-dun-chauffagiste-a-ste-croix\/#breadcrumb","itemListElement":[{"@type":"ListItem","position":1,"name":"Accueil","item":"https:\/\/www.artisanlocal.ch\/c\/"},{"@type":"ListItem","position":2,"name":"J&rsquo;ai besoin d&rsquo;un chauffagiste \u00e0 Ste-Croix ?"}]},{"@type":"WebSite","@id":"https:\/\/www.artisanlocal.ch\/c\/#website","url":"https:\/\/www.artisanlocal.ch\/c\/","name":"Artisanlocal","description":"","publisher":{"@id":"https:\/\/www.artisanlocal.ch\/c\/#organization"},"potentialAction":[{"@type":"SearchAction","target":{"@type":"EntryPoint","urlTemplate":"https:\/\/www.artisanlocal.ch\/c\/?s={search_term_string}"},"query-input":{"@type":"PropertyValueSpecification","valueRequired":true,"valueName":"search_term_string"}}],"inLanguage":"fr-FR"},{"@type":"Organization","@id":"https:\/\/www.artisanlocal.ch\/c\/#organization","name":"Artisanlocal","url":"https:\/\/www.artisanlocal.ch\/c\/","logo":{"@type":"ImageObject","inLanguage":"fr-FR","@id":"https:\/\/www.artisanlocal.ch\/c\/#\/schema\/logo\/image\/","url":"https:\/\/www.artisanlocal.ch\/c\/wp-content\/uploads\/2024\/02\/logo-artisanlocal-h.svg","contentUrl":"https:\/\/www.artisanlocal.ch\/c\/wp-content\/uploads\/2024\/02\/logo-artisanlocal-h.svg","caption":"Artisanlocal"},"image":{"@id":"https:\/\/www.artisanlocal.ch\/c\/#\/schema\/logo\/image\/"}}]}},"_links":{"self":[{"href":"https:\/\/www.artisanlocal.ch\/c\/wp-json\/wp\/v2\/pages\/664","targetHints":{"allow":["GET"]}}],"collection":[{"href":"https:\/\/www.artisanlocal.ch\/c\/wp-json\/wp\/v2\/pages"}],"about":[{"href":"https:\/\/www.artisanlocal.ch\/c\/wp-json\/wp\/v2\/types\/page"}],"author":[{"embeddable":true,"href":"https:\/\/www.artisanlocal.ch\/c\/wp-json\/wp\/v2\/users\/4"}],"replies":[{"embeddable":true,"href":"https:\/\/www.artisanlocal.ch\/c\/wp-json\/wp\/v2\/comments?post=664"}],"version-history":[{"count":0,"href":"https:\/\/www.artisanlocal.ch\/c\/wp-json\/wp\/v2\/pages\/664\/revisions"}],"wp:featuredmedia":[{"embeddable":true,"href":"https:\/\/www.artisanlocal.ch\/c\/wp-json\/wp\/v2\/media\/2757"}],"wp:attachment":[{"href":"https:\/\/www.artisanlocal.ch\/c\/wp-json\/wp\/v2\/media?parent=664"}],"wp:term":[{"taxonomy":"profession","embeddable":true,"href":"https:\/\/www.artisanlocal.ch\/c\/wp-json\/wp\/v2\/profession?post=664"},{"taxonomy":"location","embeddable":true,"href":"https:\/\/www.artisanlocal.ch\/c\/wp-json\/wp\/v2\/location?post=664"},{"taxonomy":"canton","embeddable":true,"href":"https:\/\/www.artisanlocal.ch\/c\/wp-json\/wp\/v2\/canton?post=664"}],"curies":[{"name":"wp","href":"https:\/\/api.w.org\/{rel}","templated":true}]}}