{"id":665,"date":"2024-04-19T06:10:48","date_gmt":"2024-04-19T04:10:48","guid":{"rendered":"https:\/\/www.artisanlocal.ch\/c\/jai-besoin-dun-chauffagiste-a-payerne\/"},"modified":"2025-08-27T01:32:12","modified_gmt":"2025-08-26T23:32:12","slug":"jai-besoin-dun-chauffagiste-a-payerne","status":"publish","type":"page","link":"https:\/\/www.artisanlocal.ch\/c\/jai-besoin-dun-chauffagiste-a-payerne\/","title":{"rendered":"J&rsquo;ai besoin d&rsquo;un chauffagiste \u00e0 Payerne ?"},"content":{"rendered":"<p>Vous recherchez un expert en chauffage \u00e0 Payerne ? Si vous \u00eates un Payernois, notre entreprise assure l&rsquo;installation ainsi que la r\u00e9paration de votre chauffage. En travaillant avec Artisanlocal, vous profitez :<\/p>\n<ul>\n<li>de tarif clair,<\/li>\n<li>de services de qualit\u00e9,<\/li>\n<li>de services \u00e0 Payerne et dans les localit\u00e9s \u00e0 proximit\u00e9,<\/li>\n<li>d&rsquo;une entreprise avec une grande exp\u00e9rience,<\/li>\n<li>de devis gratuits,<\/li>\n<li>d&rsquo;experts joignables du lundi au samedi.<\/li>\n<\/ul>\n\r\n<div class=\"box\">\r\n            <div class=\"company-info\">\r\n            <img decoding=\"async\" class=\"company-info__logo\" src=\"https:\/\/www.artisanlocal.ch\/media\/cache\/thumb\/images\/companies\/621f972cb725d887772103.png\" alt=\"Logo\">\r\n            <h2 class=\"company-info__name\">M. Savary S\u00e0rl<\/h2>\r\n            <p class=\"company-info__business\">Ferblanterie - Couverture - Sanitaire - Chauffage - Etanch\u00e9it\u00e9 - R\u00e9novation - Toitures<\/p>\r\n        <\/div>\r\n        <div class=\"company-contact\">\r\n            <p class=\"company-info__address\">Chemin des Marais 1<\/p>\r\n                            <div class=\"links\">\r\n                                            <a class=\"btn has-accent-background-color js-phoneNumber\" href=\"tel:0797601121\" title=\"Appelez\" data-id=\"1372\" data-type=\"11\">079 760 11 21<\/a>\r\n                                                                <a class=\"btn has-accent-background-color\" href=\"https:\/\/msavary.ch\/\" target=\"_blank\" title=\"Voir le site internet\" data-id=\"1372\" data-type=\"20\">Site internet<\/a>\r\n                                    <\/div>\r\n                    <\/div>\r\n    \r\n            \r\n<form action=\"https:\/\/www.artisanlocal.ch\/c\/wp-admin\/admin-ajax.php\" method=\"post\" class=\"form-contact\" id=\"artisan_form_contact_company_inline\">\r\n    <div><input type=\"hidden\" name=\"action\" value=\"company_contact\"><\/div>\r\n    <div><input type=\"hidden\" name=\"nonce\" value=\"90ac9c78b3\"><\/div>\r\n    <div><input type=\"hidden\" name=\"company_id\" value=\"1372\"><\/div>\r\n    <div><input type=\"hidden\" name=\"form_id\" value=\"artisan_form_contact_company_inline\"><\/div>\r\n    <div class=\"gglcptch gglcptch_v3 gglcptch_custom\"><input type=\"hidden\" id=\"g-recaptcha-response\" name=\"g-recaptcha-response\" \/><br \/><div class=\"gglcptch_error_text\">La p\u00e9riode de v\u00e9rification reCAPTCHA a expir\u00e9. Veuillez recharger la page.<\/div><\/div>    <div class=\"form-content\">\r\n        <div class=\"form-group\">\r\n            <label for=\"contact_firstName\" class=\"required\">Pr\u00e9nom<\/label>\r\n            <input type=\"text\" name=\"firstName\" class=\"form-control\" required>\r\n        <\/div>\r\n        <div class=\"form-group\">\r\n            <label for=\"contact_lastName\" class=\"required\">Nom<\/label>\r\n            <input type=\"text\" name=\"lastName\" class=\"form-control\" required>\r\n        <\/div>\r\n        <div class=\"form-group\">\r\n            <label for=\"contact_email\" class=\"required\">Email<\/label>\r\n            <input type=\"email\" name=\"email\" class=\"form-control\" required>\r\n        <\/div>\r\n        <div class=\"form-group\">\r\n            <label for=\"contact_phone\" class=\"required\">Num\u00e9ro de t\u00e9l\u00e9phone<\/label>\r\n            <input type=\"tel\" name=\"phone\" class=\"form-control\" placeholder=\"0787117165\" pattern=\"^[0-9]{10}$\" required>\r\n        <\/div>\r\n        <div class=\"form-group\">\r\n            <label for=\"contact_postalCode\" class=\"required\">Code postal et localit\u00e9<\/label>\r\n            <input type=\"text\" name=\"postalCode\" class=\"form-control\" required>\r\n        <\/div>\r\n        <div class=\"form-group\">\r\n            <label for=\"contact_address\" class=\"required\">Adresse<\/label>\r\n            <input type=\"text\" name=\"address\" class=\"form-control\" required>\r\n        <\/div>\r\n        <div class=\"full-width topic\">\r\n            <p class=\"required\">Je souhaite \u00eatre contact\u00e9 pour :<\/p>\r\n            <div class=\"form-check\">\r\n                <input type=\"radio\" name=\"topic\" value=\"D\u00e9pannage\" class=\"form-control\" required>\r\n                <label for=\"d\u00e9pannage\">D\u00e9pannage<\/label>\r\n            <\/div>\r\n            <div class=\"form-check\">\r\n                <input type=\"radio\" name=\"topic\" value=\"Entretien\" class=\"form-control\" required>\r\n                <label for=\"entretien\">Entretien<\/label>\r\n            <\/div>\r\n            <div class=\"form-check\">\r\n                <input type=\"radio\" name=\"topic\" value=\"R\u00e9novation\" class=\"form-control\" required>\r\n                <label for=\"r\u00e9novation\">R\u00e9novation<\/label>\r\n            <\/div>\r\n            <div class=\"form-check\">\r\n                <input type=\"radio\" name=\"topic\" value=\"Autre\" class=\"form-control\" required>\r\n                <label for=\"autre\">Autre<\/label>\r\n            <\/div>\r\n        <\/div>\r\n        <div class=\"form-group full-width\">\r\n            <label for=\"contact_message\">Message<\/label>\r\n            <textarea name=\"message\" rows=\"3\" class=\"form-control\"><\/textarea>\r\n        <\/div>\r\n    <\/div>\r\n    <div class=\"form-actions\">\r\n        <button class=\"wp-block-button__link has-accent-background-color\">Contacter<\/button>\r\n    <\/div>\r\n<\/form>\r\n<div class=\"form-feedback\"><\/div>    <\/div>\n<h2>Pourquoi choisir Artisanlocal ?<\/h2>\n<p>\u00c9valuation rapide de votre projet : d\u00e8s que vous nous envoyez le formulaire, notre chauffagiste \u00e0 Payerne prend contact avec vous dans la journ\u00e9e.<\/p>\n<p>D\u00e9placement de notre chauffagiste \u00e0 votre domicile : notre technicien Payernois se d\u00e9place chez vous le jour m\u00eame pour \u00e9valuer le montant de votre chantier et v\u00e9rifier la faisabilit\u00e9 de votre projet. Ensuite, vous obtenez un devis d\u00e9taill\u00e9 et vous pouvez nous poser vos questions.<\/p>\n<p>Installation de votre chauffage dans les 24\/48 heures : une fois que vous avez valid\u00e9 le devis avec notre technicien \u00e0 Payerne. Nous planifierons avec vous le jour d&rsquo;installation.<\/p>\n<p>Service de d\u00e9pannage et de r\u00e9paration : en cas de panne de votre chaudi\u00e8re, chauffe-eau ou syst\u00e8me de chauffage. Notre \u00e9quipe peut op\u00e9rer \u00e0 Payerne et ses environs.<\/p>\n<h2>Pourquoi est-il indispensable d&rsquo;entretenir votre syst\u00e8me de chauffage ?<\/h2>\n<p>Garantir le fonctionnement optimal de votre \u00e9quipement de chauffage est essentiel, si vous avez des jeunes enfants. Nos chauffagistes vous aident \u00e0 ajuster la temp\u00e9rature optimale et la concentration de monoxyde de carbone g\u00e9n\u00e9r\u00e9 par votre \u00e9quipement de chauffage. Peu importe le type de votre syst\u00e8me de chauffage, nos experts garantissent l&rsquo;entretien et la maintenance, de votre \u00e9quipement de chauffage : basse temp\u00e9rature, fioul, condensation, \u00e9lectrique, gaz ou \u00e0 accumulation.<\/p>\n<h2>Est-il possible que votre entreprise m&rsquo;aide \u00e0 distance ?<\/h2>\n<p>Oui, l&rsquo;entreprise Artisanlocal peut vous assister \u00e0 distance. En nous d\u00e9crivant votre probl\u00e8me par mail ou t\u00e9l\u00e9phone, nous trouverons la bonne solution pour r\u00e9gler votre probl\u00e8me de chauffage. N\u00e9anmoins, dans plusieurs cas, un expert doit venir dans votre foyer.<\/p>\n<h2>De quelle mani\u00e8re fonctionne Artisanlocal ?<\/h2>\n<ol>\n<li>Premier contact : il est indispensable que vous preniez contact avec nous par t\u00e9l\u00e9phone ou par e-mail.<\/li>\n<li>D\u00e9placement : un de nos chauffagistes intervient \u00e0 votre domicile.<\/li>\n<li>\u00c9valuation : on analysera l&rsquo;\u00e9quipement actuel, la superficie, l&rsquo;isolation et le volume de vos pi\u00e8ces pour \u00e9valuer et d\u00e9terminer la meilleure solution.<\/li>\n<li>Avis : nous vous guiderons pour choisir le meilleur syst\u00e8me de chauffage, nous prenons en compte la rentabilit\u00e9 et le rendement que vous d\u00e9sirez avoir.<\/li>\n<li>Devis : vous recevez une estimation d\u00e9taill\u00e9e, vous pr\u00e9sentant les diff\u00e9rentes d\u00e9penses.<\/li>\n<li>Mise en place : une fois que vous avec accept\u00e9 le devis et en fonction de votre agenda, nous posons votre chauffage, et ajustons le thermostat.<\/li>\n<\/ol>\n<h2>Quelle est la solution de chauffage la plus adapt\u00e9e pour votre habitation ?<\/h2>\n<p>Le technicien qui se d\u00e9place dans votre foyer, vous conseille pour choisir le syst\u00e8me de chauffage le plus adapt\u00e9, comme les syst\u00e8mes de chauffages : \u00e0 gaz, \u00e9lectriques, fioul, classiques, basses temp\u00e9ratures ou \u00e0 condensation.<\/p>\n<p>Les \u00e9quipements de chauffages \u00e0 condensation ou \u00e0 basse temp\u00e9rature, malgr\u00e9 un co\u00fbt d&rsquo;achat plus important, ils permettent de faire des \u00e9conomies \u00e0 long terme.<\/p>\n<p>Par ailleurs, avant de poser votre chauffage, il faut param\u00e9trer la bonne temp\u00e9rature selon votre logement et vos d\u00e9sirs. Pas d&rsquo;inqui\u00e9tude, le expert qui se rend \u00e0 votre domicile a les connaissances pour r\u00e9soudre toutes vos probl\u00e9matiques. Dans le devis, vous trouvez les d\u00e9tails de l\u2019intervention, comme le prix de la main-d&rsquo;\u0153uvre et aussi du syst\u00e8me de chauffages.<\/p>\n<h2>Service d&rsquo;entretien pour votre chauffage \u00e0 Payerne<\/h2>\n<p>Assurez-vous de faire l&rsquo;entretien de votre chauffage chaque ann\u00e9e, qu&rsquo;il soit au gaz ou au fioul. L&rsquo;entretien de votre chauffage permet de contr\u00f4ler les \u00e9missions de monoxyde de carbone qui se d\u00e9gage. \u00c0 noter, si votre chauffage g\u00e9n\u00e8re excessivement de monoxyde de carbone, il est probable de vous intoxiquer. Le chauffagiste qui se rend chez vous contr\u00f4le et r\u00e8gle les \u00e9missions de monoxyde de carbone de votre chauffage dans le but de vous \u00e9viter d\u2019avoir des potentiels soucis de sant\u00e9.<\/p>\n<h2>Programme de maintenance pour votre chauffage \u00e0 Payerne<\/h2>\n<p>Pour assurer le bon fonctionnement de votre chauffage, nous offrons des contrats de maintenance sur mesure. En r\u00e9alisant un entretien r\u00e9gulier, vous \u00e9conomisez de l&rsquo;argent sur le long terme.<\/p>\n<p>De plus, si vous avez un probl\u00e8me avec votre chauffage, votre assureur r\u00e9clame le contrat de maintenance dans le but de v\u00e9rifier l&rsquo;\u00e9tat g\u00e9n\u00e9ral de votre chauffage pr\u00e9alablement au sinistre. Vous avez le choix de signer avec notre entreprise un contrat d&rsquo;entretien annuel ou pluriannuel.<\/p>\n<h2>Quels sont les avantages de signer un contrat de maintenance pour votre chauffage ?<\/h2>\n<p>Si vous avez des \u00e9l\u00e9ments d\u00e9fectueux, nous garantissons le remplacement imm\u00e9diat. D&rsquo;autre part, nous nous engageons \u00e0 inspecter l&rsquo;int\u00e9gralit\u00e9 de votre chauffage, comme :<\/p>\n<ul>\n<li>Les pressions de vos conduits,<\/li>\n<li>le nettoyage des tuyaux de raccordement, et des \u00e9l\u00e9ments chauffants.<\/li>\n<\/ul>\n<h2>Quels services propose Artisanlocal ?<\/h2>\n<p>Nos techniciens interviennent dans votre logement, pour :<\/p>\n<ul>\n<li>le d\u00e9sembouage et le d\u00e9tartrage de vos radiateurs,<\/li>\n<li>la purge de vos radiateurs,<\/li>\n<li>l\u2019entretien de votre chauffage, chaudi\u00e8re et chauffe-eau,<\/li>\n<li>l&rsquo;ajustement des thermostats,<\/li>\n<li>la maintenance des chaudi\u00e8res \u00e0 condensation, \u00e0 gaz, basses temp\u00e9ratures, \u00e0 fioul, \u00e0 accumulation et \u00e9lectriques,<\/li>\n<li>la remise en \u00e9tat de la vanne de vidange,<\/li>\n<li> la r\u00e9paration et le d\u00e9pannage sur tous types de probl\u00e8mes techniques : fuite de canalisation, radiateur qui ne marche plus, chaudi\u00e8re, etc.<\/li>\n<li>la mise en place de votre : radiateur \u00e9lectrique, pompe \u00e0 chaleur, plancher chauffant, chauffage, chaudi\u00e8re, etc.<\/li>\n<\/ul>\n<h2>FAQ<\/h2>\n<h3>Pourquoi engager un chauffagiste Payernois ?<\/h3>\n<p>Am\u00e9liorer votre confort thermique : un chauffage efficace maintient la temp\u00e9rature int\u00e9rieur de votre foyer.<\/p>\n<p>Faire des \u00e9conomies : en s\u00e9lectionnant des mat\u00e9riaux de qualit\u00e9, pour le chauffage et l&rsquo;isolation, vous r\u00e9alisez des \u00e9conomies et limiter vos \u00e9missions carbones.<\/p>\n<p>Renforcer la s\u00fbret\u00e9 de vos installations : un syst\u00e8me de chauffage efficace permet de r\u00e9pondre aux normes de s\u00fbret\u00e9 actuelles (par exemple, pour r\u00e9duire les \u00e9missions de monoxyde de carbone).<\/p>\n<p>Pr\u00e9venir les difficult\u00e9s : en examinant votre installation, un de nos experts peut pr\u00e9voir les futurs ennuis.<\/p>\n<h3>Comment choisir le meilleur chauffagiste \u00e0 Payerne ?<\/h3>\n<p>La qualification : v\u00e9rifiez les certifications attestant que la soci\u00e9t\u00e9 \u00e0 une exp\u00e9rience dans son domaine d&rsquo;expertise.<\/p>\n<p>Les r\u00e9f\u00e9rences : prenez le temps de lire les t\u00e9moignages des clients ayant d\u00e9j\u00e0 collabor\u00e9 avec les soci\u00e9t\u00e9s.<\/p>\n<p>Les garanties : contr\u00f4lez que les experts sont assur\u00e9s en cas de pr\u00e9judices.<\/p>\n<h3>Quelle est votre rapidit\u00e9 d&rsquo;action \u00e0 Payerne ?<\/h3>\n<p>Nous op\u00e9rons \u00e0 votre foyer dans les deux heures (pour les situations d&rsquo;urgence) dans le cas contraire, nous pouvons op\u00e9rer au cours de la journ\u00e9e.<\/p>\n<h3>Votre entreprise est disponible pour intervenir \u00e0 Payerne, mais \u00e9galement dans les localit\u00e9s aux environs ?<\/h3>\n<p>Effectivement, nous r\u00e9alisons nos interventions \u00e0 Payerne et dans les communes aux environs, telles que : Cheyres, Estavayer-le-Lac, Bollion, Lully FR, Seiry, Ch\u00e2tillon FR, Font, Ch\u00e2bles FR, Autavaux, Forel FR, Montbrelloz, Cugy FR, Vesin, Frasses, Montet (Broye), Aumont, Granges-de-Vesin, Nuvilly, Murist, F\u00e9tigny, M\u00e9ni\u00e8res, Treytorrens (Payerne), Bussy FR, Morens FR, S\u00e9vaz, Rueyres-les-Pr\u00e9s, Grandcour, Chevroux, Vers-chez-Perrin, Trey, Ch\u00e2tonnaye, Corcelles-pr\u00e8s-Payerne, Missy, Cerniat FR, Middes, Cousset, Montagny-les-Monts, Grandsivaz, Mannens, Montagny-la-Ville.<\/p>\n","protected":false},"excerpt":{"rendered":"<p>Vous recherchez un expert en chauffage \u00e0 Payerne ? Si vous \u00eates un Payernois, notre entreprise assure l&rsquo;installation ainsi que la r\u00e9paration de votre chauffage. En travaillant avec Artisanlocal, vous profitez : de tarif clair, de services de qualit\u00e9, de services \u00e0 Payerne et dans les localit\u00e9s \u00e0 proximit\u00e9, d&rsquo;une entreprise avec une grande exp\u00e9rience, [&hellip;]<\/p>\n","protected":false},"author":4,"featured_media":2757,"parent":0,"menu_order":0,"comment_status":"closed","ping_status":"closed","template":"","meta":{"footnotes":""},"profession":[120],"location":[13],"canton":[113],"class_list":["post-665","page","type-page","status-publish","has-post-thumbnail","hentry","profession-chauffagiste","location-payerne","canton-vd"],"yoast_head":"<!-- This site is optimized with the Yoast SEO Premium plugin v25.7.1 (Yoast SEO v27.3) - https:\/\/yoast.com\/product\/yoast-seo-premium-wordpress\/ -->\n<title>J&#039;ai besoin d&#039;un chauffagiste \u00e0 Payerne ? - Artisanlocal<\/title>\n<meta name=\"robots\" content=\"index, follow, max-snippet:-1, max-image-preview:large, max-video-preview:-1\" \/>\n<link rel=\"canonical\" href=\"https:\/\/www.artisanlocal.ch\/c\/jai-besoin-dun-chauffagiste-a-payerne\/\" \/>\n<meta property=\"og:locale\" content=\"fr_FR\" \/>\n<meta property=\"og:type\" content=\"article\" \/>\n<meta property=\"og:title\" content=\"J&#039;ai besoin d&#039;un chauffagiste \u00e0 Payerne ?\" \/>\n<meta property=\"og:description\" content=\"Vous recherchez un expert en chauffage \u00e0 Payerne ? Si vous \u00eates un Payernois, notre entreprise assure l&rsquo;installation ainsi que la r\u00e9paration de votre chauffage. En travaillant avec Artisanlocal, vous profitez : de tarif clair, de services de qualit\u00e9, de services \u00e0 Payerne et dans les localit\u00e9s \u00e0 proximit\u00e9, d&rsquo;une entreprise avec une grande exp\u00e9rience, [&hellip;]\" \/>\n<meta property=\"og:url\" content=\"https:\/\/www.artisanlocal.ch\/c\/jai-besoin-dun-chauffagiste-a-payerne\/\" \/>\n<meta property=\"og:site_name\" content=\"Artisanlocal\" \/>\n<meta property=\"article:modified_time\" content=\"2025-08-26T23:32:12+00:00\" \/>\n<meta property=\"og:image\" content=\"https:\/\/www.artisanlocal.ch\/c\/wp-content\/uploads\/2024\/10\/chauffagiste.jpg\" \/>\n\t<meta property=\"og:image:width\" content=\"1920\" \/>\n\t<meta property=\"og:image:height\" content=\"300\" \/>\n\t<meta property=\"og:image:type\" content=\"image\/jpeg\" \/>\n<meta name=\"twitter:card\" content=\"summary_large_image\" \/>\n<meta name=\"twitter:label1\" content=\"Dur\u00e9e de lecture estim\u00e9e\" \/>\n\t<meta name=\"twitter:data1\" content=\"6 minutes\" \/>\n<script type=\"application\/ld+json\" class=\"yoast-schema-graph\">{\"@context\":\"https:\\\/\\\/schema.org\",\"@graph\":[{\"@type\":\"WebPage\",\"@id\":\"https:\\\/\\\/www.artisanlocal.ch\\\/c\\\/jai-besoin-dun-chauffagiste-a-payerne\\\/\",\"url\":\"https:\\\/\\\/www.artisanlocal.ch\\\/c\\\/jai-besoin-dun-chauffagiste-a-payerne\\\/\",\"name\":\"J'ai besoin d'un chauffagiste \u00e0 Payerne ? - Artisanlocal\",\"isPartOf\":{\"@id\":\"https:\\\/\\\/www.artisanlocal.ch\\\/c\\\/#website\"},\"primaryImageOfPage\":{\"@id\":\"https:\\\/\\\/www.artisanlocal.ch\\\/c\\\/jai-besoin-dun-chauffagiste-a-payerne\\\/#primaryimage\"},\"image\":{\"@id\":\"https:\\\/\\\/www.artisanlocal.ch\\\/c\\\/jai-besoin-dun-chauffagiste-a-payerne\\\/#primaryimage\"},\"thumbnailUrl\":\"https:\\\/\\\/www.artisanlocal.ch\\\/c\\\/wp-content\\\/uploads\\\/2024\\\/10\\\/chauffagiste.jpg\",\"datePublished\":\"2024-04-19T04:10:48+00:00\",\"dateModified\":\"2025-08-26T23:32:12+00:00\",\"breadcrumb\":{\"@id\":\"https:\\\/\\\/www.artisanlocal.ch\\\/c\\\/jai-besoin-dun-chauffagiste-a-payerne\\\/#breadcrumb\"},\"inLanguage\":\"fr-FR\",\"potentialAction\":[{\"@type\":\"ReadAction\",\"target\":[\"https:\\\/\\\/www.artisanlocal.ch\\\/c\\\/jai-besoin-dun-chauffagiste-a-payerne\\\/\"]}]},{\"@type\":\"ImageObject\",\"inLanguage\":\"fr-FR\",\"@id\":\"https:\\\/\\\/www.artisanlocal.ch\\\/c\\\/jai-besoin-dun-chauffagiste-a-payerne\\\/#primaryimage\",\"url\":\"https:\\\/\\\/www.artisanlocal.ch\\\/c\\\/wp-content\\\/uploads\\\/2024\\\/10\\\/chauffagiste.jpg\",\"contentUrl\":\"https:\\\/\\\/www.artisanlocal.ch\\\/c\\\/wp-content\\\/uploads\\\/2024\\\/10\\\/chauffagiste.jpg\",\"width\":1920,\"height\":300},{\"@type\":\"BreadcrumbList\",\"@id\":\"https:\\\/\\\/www.artisanlocal.ch\\\/c\\\/jai-besoin-dun-chauffagiste-a-payerne\\\/#breadcrumb\",\"itemListElement\":[{\"@type\":\"ListItem\",\"position\":1,\"name\":\"Accueil\",\"item\":\"https:\\\/\\\/www.artisanlocal.ch\\\/c\\\/\"},{\"@type\":\"ListItem\",\"position\":2,\"name\":\"J&rsquo;ai besoin d&rsquo;un chauffagiste \u00e0 Payerne ?\"}]},{\"@type\":\"WebSite\",\"@id\":\"https:\\\/\\\/www.artisanlocal.ch\\\/c\\\/#website\",\"url\":\"https:\\\/\\\/www.artisanlocal.ch\\\/c\\\/\",\"name\":\"Artisanlocal\",\"description\":\"\",\"publisher\":{\"@id\":\"https:\\\/\\\/www.artisanlocal.ch\\\/c\\\/#organization\"},\"potentialAction\":[{\"@type\":\"SearchAction\",\"target\":{\"@type\":\"EntryPoint\",\"urlTemplate\":\"https:\\\/\\\/www.artisanlocal.ch\\\/c\\\/?s={search_term_string}\"},\"query-input\":{\"@type\":\"PropertyValueSpecification\",\"valueRequired\":true,\"valueName\":\"search_term_string\"}}],\"inLanguage\":\"fr-FR\"},{\"@type\":\"Organization\",\"@id\":\"https:\\\/\\\/www.artisanlocal.ch\\\/c\\\/#organization\",\"name\":\"Artisanlocal\",\"url\":\"https:\\\/\\\/www.artisanlocal.ch\\\/c\\\/\",\"logo\":{\"@type\":\"ImageObject\",\"inLanguage\":\"fr-FR\",\"@id\":\"https:\\\/\\\/www.artisanlocal.ch\\\/c\\\/#\\\/schema\\\/logo\\\/image\\\/\",\"url\":\"https:\\\/\\\/www.artisanlocal.ch\\\/c\\\/wp-content\\\/uploads\\\/2024\\\/02\\\/logo-artisanlocal-h.svg\",\"contentUrl\":\"https:\\\/\\\/www.artisanlocal.ch\\\/c\\\/wp-content\\\/uploads\\\/2024\\\/02\\\/logo-artisanlocal-h.svg\",\"caption\":\"Artisanlocal\"},\"image\":{\"@id\":\"https:\\\/\\\/www.artisanlocal.ch\\\/c\\\/#\\\/schema\\\/logo\\\/image\\\/\"}}]}<\/script>\n<!-- \/ Yoast SEO Premium plugin. -->","yoast_head_json":{"title":"J'ai besoin d'un chauffagiste \u00e0 Payerne ? - Artisanlocal","robots":{"index":"index","follow":"follow","max-snippet":"max-snippet:-1","max-image-preview":"max-image-preview:large","max-video-preview":"max-video-preview:-1"},"canonical":"https:\/\/www.artisanlocal.ch\/c\/jai-besoin-dun-chauffagiste-a-payerne\/","og_locale":"fr_FR","og_type":"article","og_title":"J'ai besoin d'un chauffagiste \u00e0 Payerne ?","og_description":"Vous recherchez un expert en chauffage \u00e0 Payerne ? Si vous \u00eates un Payernois, notre entreprise assure l&rsquo;installation ainsi que la r\u00e9paration de votre chauffage. En travaillant avec Artisanlocal, vous profitez : de tarif clair, de services de qualit\u00e9, de services \u00e0 Payerne et dans les localit\u00e9s \u00e0 proximit\u00e9, d&rsquo;une entreprise avec une grande exp\u00e9rience, [&hellip;]","og_url":"https:\/\/www.artisanlocal.ch\/c\/jai-besoin-dun-chauffagiste-a-payerne\/","og_site_name":"Artisanlocal","article_modified_time":"2025-08-26T23:32:12+00:00","og_image":[{"width":1920,"height":300,"url":"https:\/\/www.artisanlocal.ch\/c\/wp-content\/uploads\/2024\/10\/chauffagiste.jpg","type":"image\/jpeg"}],"twitter_card":"summary_large_image","twitter_misc":{"Dur\u00e9e de lecture estim\u00e9e":"6 minutes"},"schema":{"@context":"https:\/\/schema.org","@graph":[{"@type":"WebPage","@id":"https:\/\/www.artisanlocal.ch\/c\/jai-besoin-dun-chauffagiste-a-payerne\/","url":"https:\/\/www.artisanlocal.ch\/c\/jai-besoin-dun-chauffagiste-a-payerne\/","name":"J'ai besoin d'un chauffagiste \u00e0 Payerne ? - Artisanlocal","isPartOf":{"@id":"https:\/\/www.artisanlocal.ch\/c\/#website"},"primaryImageOfPage":{"@id":"https:\/\/www.artisanlocal.ch\/c\/jai-besoin-dun-chauffagiste-a-payerne\/#primaryimage"},"image":{"@id":"https:\/\/www.artisanlocal.ch\/c\/jai-besoin-dun-chauffagiste-a-payerne\/#primaryimage"},"thumbnailUrl":"https:\/\/www.artisanlocal.ch\/c\/wp-content\/uploads\/2024\/10\/chauffagiste.jpg","datePublished":"2024-04-19T04:10:48+00:00","dateModified":"2025-08-26T23:32:12+00:00","breadcrumb":{"@id":"https:\/\/www.artisanlocal.ch\/c\/jai-besoin-dun-chauffagiste-a-payerne\/#breadcrumb"},"inLanguage":"fr-FR","potentialAction":[{"@type":"ReadAction","target":["https:\/\/www.artisanlocal.ch\/c\/jai-besoin-dun-chauffagiste-a-payerne\/"]}]},{"@type":"ImageObject","inLanguage":"fr-FR","@id":"https:\/\/www.artisanlocal.ch\/c\/jai-besoin-dun-chauffagiste-a-payerne\/#primaryimage","url":"https:\/\/www.artisanlocal.ch\/c\/wp-content\/uploads\/2024\/10\/chauffagiste.jpg","contentUrl":"https:\/\/www.artisanlocal.ch\/c\/wp-content\/uploads\/2024\/10\/chauffagiste.jpg","width":1920,"height":300},{"@type":"BreadcrumbList","@id":"https:\/\/www.artisanlocal.ch\/c\/jai-besoin-dun-chauffagiste-a-payerne\/#breadcrumb","itemListElement":[{"@type":"ListItem","position":1,"name":"Accueil","item":"https:\/\/www.artisanlocal.ch\/c\/"},{"@type":"ListItem","position":2,"name":"J&rsquo;ai besoin d&rsquo;un chauffagiste \u00e0 Payerne ?"}]},{"@type":"WebSite","@id":"https:\/\/www.artisanlocal.ch\/c\/#website","url":"https:\/\/www.artisanlocal.ch\/c\/","name":"Artisanlocal","description":"","publisher":{"@id":"https:\/\/www.artisanlocal.ch\/c\/#organization"},"potentialAction":[{"@type":"SearchAction","target":{"@type":"EntryPoint","urlTemplate":"https:\/\/www.artisanlocal.ch\/c\/?s={search_term_string}"},"query-input":{"@type":"PropertyValueSpecification","valueRequired":true,"valueName":"search_term_string"}}],"inLanguage":"fr-FR"},{"@type":"Organization","@id":"https:\/\/www.artisanlocal.ch\/c\/#organization","name":"Artisanlocal","url":"https:\/\/www.artisanlocal.ch\/c\/","logo":{"@type":"ImageObject","inLanguage":"fr-FR","@id":"https:\/\/www.artisanlocal.ch\/c\/#\/schema\/logo\/image\/","url":"https:\/\/www.artisanlocal.ch\/c\/wp-content\/uploads\/2024\/02\/logo-artisanlocal-h.svg","contentUrl":"https:\/\/www.artisanlocal.ch\/c\/wp-content\/uploads\/2024\/02\/logo-artisanlocal-h.svg","caption":"Artisanlocal"},"image":{"@id":"https:\/\/www.artisanlocal.ch\/c\/#\/schema\/logo\/image\/"}}]}},"_links":{"self":[{"href":"https:\/\/www.artisanlocal.ch\/c\/wp-json\/wp\/v2\/pages\/665","targetHints":{"allow":["GET"]}}],"collection":[{"href":"https:\/\/www.artisanlocal.ch\/c\/wp-json\/wp\/v2\/pages"}],"about":[{"href":"https:\/\/www.artisanlocal.ch\/c\/wp-json\/wp\/v2\/types\/page"}],"author":[{"embeddable":true,"href":"https:\/\/www.artisanlocal.ch\/c\/wp-json\/wp\/v2\/users\/4"}],"replies":[{"embeddable":true,"href":"https:\/\/www.artisanlocal.ch\/c\/wp-json\/wp\/v2\/comments?post=665"}],"version-history":[{"count":0,"href":"https:\/\/www.artisanlocal.ch\/c\/wp-json\/wp\/v2\/pages\/665\/revisions"}],"wp:featuredmedia":[{"embeddable":true,"href":"https:\/\/www.artisanlocal.ch\/c\/wp-json\/wp\/v2\/media\/2757"}],"wp:attachment":[{"href":"https:\/\/www.artisanlocal.ch\/c\/wp-json\/wp\/v2\/media?parent=665"}],"wp:term":[{"taxonomy":"profession","embeddable":true,"href":"https:\/\/www.artisanlocal.ch\/c\/wp-json\/wp\/v2\/profession?post=665"},{"taxonomy":"location","embeddable":true,"href":"https:\/\/www.artisanlocal.ch\/c\/wp-json\/wp\/v2\/location?post=665"},{"taxonomy":"canton","embeddable":true,"href":"https:\/\/www.artisanlocal.ch\/c\/wp-json\/wp\/v2\/canton?post=665"}],"curies":[{"name":"wp","href":"https:\/\/api.w.org\/{rel}","templated":true}]}}