{"id":666,"date":"2024-04-19T02:37:04","date_gmt":"2024-04-19T00:37:04","guid":{"rendered":"https:\/\/www.artisanlocal.ch\/c\/vous-avez-besoin-dun-chauffagiste-a-sion\/"},"modified":"2025-08-27T01:32:18","modified_gmt":"2025-08-26T23:32:18","slug":"vous-avez-besoin-dun-chauffagiste-a-sion","status":"publish","type":"page","link":"https:\/\/www.artisanlocal.ch\/c\/vous-avez-besoin-dun-chauffagiste-a-sion\/","title":{"rendered":"Vous avez besoin d&rsquo;un chauffagiste \u00e0 Sion ?"},"content":{"rendered":"<p>Besoin d&rsquo;aide pour r\u00e9parer votre chauffage ? ? Si vous \u00eates un S\u00e9dunois, Artisanlocal s&rsquo;occupe de la r\u00e9paration et de l&rsquo;installation de votre syst\u00e8me de chauffage. En travaillant avec notre entreprise, vous b\u00e9n\u00e9ficiez :<\/p>\n<ul>\n<li>de prix clair,<\/li>\n<li>de services de qualit\u00e9,<\/li>\n<li>de services \u00e0 Sion et dans les localit\u00e9s proches,<\/li>\n<li>d\u2019une \u00e9quipe avec une grande exp\u00e9rience,<\/li>\n<li>d&rsquo;estimations sans frais,<\/li>\n<li>de chauffagistes accessibles du lundi au samedi.<\/li>\n<\/ul>\n\r\n<div class=\"box\">\r\n            <div class=\"company-info\">\r\n            <img decoding=\"async\" class=\"company-info__logo\" src=\"https:\/\/www.artisanlocal.ch\/media\/cache\/thumb\/images\/companies\/vincent-bourdin-sarl.png\" alt=\"Logo\">\r\n            <h2 class=\"company-info__name\">Vincent Bourdin S\u00e0rl<\/h2>\r\n            <p class=\"company-info__business\">Installations sanitaires - D\u00e9pannage - Chauffages - Aspirateurs<\/p>\r\n        <\/div>\r\n        <div class=\"company-contact\">\r\n            <p class=\"company-info__address\">Route de la Drague 57<\/p>\r\n                            <div class=\"links\">\r\n                                            <a class=\"btn has-accent-background-color js-phoneNumber\" href=\"tel:0796443293\" title=\"Appelez\" data-id=\"6699\" data-type=\"11\">079 644 32 93<\/a>\r\n                                                                <a class=\"btn has-accent-background-color\" href=\"http:\/\/www.vincentbourdin.ch\/\" target=\"_blank\" title=\"Voir le site internet\" data-id=\"6699\" data-type=\"20\">Site internet<\/a>\r\n                                    <\/div>\r\n                    <\/div>\r\n    \r\n            \r\n<form action=\"https:\/\/www.artisanlocal.ch\/c\/wp-admin\/admin-ajax.php\" method=\"post\" class=\"form-contact\" id=\"artisan_form_contact_company_inline\">\r\n    <div><input type=\"hidden\" name=\"action\" value=\"company_contact\"><\/div>\r\n    <div><input type=\"hidden\" name=\"nonce\" value=\"972bc58192\"><\/div>\r\n    <div><input type=\"hidden\" name=\"company_id\" value=\"6699\"><\/div>\r\n    <div><input type=\"hidden\" name=\"form_id\" value=\"artisan_form_contact_company_inline\"><\/div>\r\n    <div class=\"gglcptch gglcptch_v3 gglcptch_custom\"><input type=\"hidden\" id=\"g-recaptcha-response\" name=\"g-recaptcha-response\" \/><br \/><div class=\"gglcptch_error_text\">La p\u00e9riode de v\u00e9rification reCAPTCHA a expir\u00e9. Veuillez recharger la page.<\/div><\/div>    <div class=\"form-content\">\r\n        <div class=\"form-group\">\r\n            <label for=\"contact_firstName\" class=\"required\">Pr\u00e9nom<\/label>\r\n            <input type=\"text\" name=\"firstName\" class=\"form-control\" required>\r\n        <\/div>\r\n        <div class=\"form-group\">\r\n            <label for=\"contact_lastName\" class=\"required\">Nom<\/label>\r\n            <input type=\"text\" name=\"lastName\" class=\"form-control\" required>\r\n        <\/div>\r\n        <div class=\"form-group\">\r\n            <label for=\"contact_email\" class=\"required\">Email<\/label>\r\n            <input type=\"email\" name=\"email\" class=\"form-control\" required>\r\n        <\/div>\r\n        <div class=\"form-group\">\r\n            <label for=\"contact_phone\" class=\"required\">Num\u00e9ro de t\u00e9l\u00e9phone<\/label>\r\n            <input type=\"tel\" name=\"phone\" class=\"form-control\" placeholder=\"0787117165\" pattern=\"^[0-9]{10}$\" required>\r\n        <\/div>\r\n        <div class=\"form-group\">\r\n            <label for=\"contact_postalCode\" class=\"required\">Code postal et localit\u00e9<\/label>\r\n            <input type=\"text\" name=\"postalCode\" class=\"form-control\" required>\r\n        <\/div>\r\n        <div class=\"form-group\">\r\n            <label for=\"contact_address\" class=\"required\">Adresse<\/label>\r\n            <input type=\"text\" name=\"address\" class=\"form-control\" required>\r\n        <\/div>\r\n        <div class=\"full-width topic\">\r\n            <p class=\"required\">Je souhaite \u00eatre contact\u00e9 pour :<\/p>\r\n            <div class=\"form-check\">\r\n                <input type=\"radio\" name=\"topic\" value=\"D\u00e9pannage\" class=\"form-control\" required>\r\n                <label for=\"d\u00e9pannage\">D\u00e9pannage<\/label>\r\n            <\/div>\r\n            <div class=\"form-check\">\r\n                <input type=\"radio\" name=\"topic\" value=\"Entretien\" class=\"form-control\" required>\r\n                <label for=\"entretien\">Entretien<\/label>\r\n            <\/div>\r\n            <div class=\"form-check\">\r\n                <input type=\"radio\" name=\"topic\" value=\"R\u00e9novation\" class=\"form-control\" required>\r\n                <label for=\"r\u00e9novation\">R\u00e9novation<\/label>\r\n            <\/div>\r\n            <div class=\"form-check\">\r\n                <input type=\"radio\" name=\"topic\" value=\"Autre\" class=\"form-control\" required>\r\n                <label for=\"autre\">Autre<\/label>\r\n            <\/div>\r\n        <\/div>\r\n        <div class=\"form-group full-width\">\r\n            <label for=\"contact_message\">Message<\/label>\r\n            <textarea name=\"message\" rows=\"3\" class=\"form-control\"><\/textarea>\r\n        <\/div>\r\n    <\/div>\r\n    <div class=\"form-actions\">\r\n        <button class=\"wp-block-button__link has-accent-background-color\">Contacter<\/button>\r\n    <\/div>\r\n<\/form>\r\n<div class=\"form-feedback\"><\/div>    <\/div>\n<h2>Pourquoi choisir Artisanlocal ?<\/h2>\n<p>\u00c9valuation rapide de votre projet : d\u00e8s que vous nous envoyez le formulaire, notre chauffagiste \u00e0 Sion vous contacte dans la journ\u00e9e.<\/p>\n<p>D\u00e9placement de notre technicien \u00e0 votre domicile : notre expert S\u00e9dunois se d\u00e9place \u00e0 votre domicile le jour m\u00eame pour estimer le co\u00fbt de votre chantier et v\u00e9rifier la viabilit\u00e9 de votre projet. Vous obtiendrez une estimation et pourrez poser toutes vos demandes.<\/p>\n<p>Mise en place de votre chauffage dans un d\u00e9lai de 24 \u00e0 48 heures : apr\u00e8s validation de notre devis. Nous fixerons le jour de notre intervention avec vous.<\/p>\n<p>D\u00e9pannage et entretien : si votre syst\u00e8me de chauffage, chaudi\u00e8re ou chauffe-eau pr\u00e9sente un dysfonctionnement. Notre entreprise est joignable pour intervenir \u00e0 Sion et dans les villes \u00e0 proximit\u00e9.<\/p>\n<h2>Pourquoi la maintenance du chauffage est importante ?<\/h2>\n<p>Avoir un chauffage qui marche est important, si vous avez de jeunes enfants. Notre entreprise vous assiste \u00e0 r\u00e9gler la temp\u00e9rature id\u00e9ale et contr\u00f4le le taux de monoxyde de carbone g\u00e9n\u00e9r\u00e9 par votre chauffage. Peu importe le type de votre chauffage, nos chauffagistes assurent l&rsquo;entretien et la maintenance, de votre chauffage : \u00e0 accumulation, basse temp\u00e9rature, fioul, condensation, \u00e9lectrique ou \u00e0 gaz.<\/p>\n<h2>\u00cates-vous capable de m&rsquo;aider \u00e0 distance ?<\/h2>\n<p>Oui, nous sommes en mesure de vous d\u00e9panner par t\u00e9l\u00e9phone. En nous expliquant votre probl\u00e8me par t\u00e9l\u00e9phone, nous trouverons la bonne solution pour r\u00e9gler votre probl\u00e8me. N\u00e9anmoins, dans de nombreux cas, un chauffagiste doit venir dans votre foyer.<\/p>\n<h2>Comment fonctionne Artisanlocal ?<\/h2>\n<ol>\n<li>Premier contact : Il est n\u00e9cessaire de nous contacter par mail ou par t\u00e9l\u00e9phone.<\/li>\n<li>D\u00e9placement : un de nos techniciens intervient \u00e0 votre logement.<\/li>\n<li>\u00c9valuation : le chauffagiste \u00e9valuera votre situation actuelle dans le but de d\u00e9terminer le volume de vos pi\u00e8ces, et prendre en compte l&rsquo;isolation existante et la superficie totale.<\/li>\n<li>Avis : une strat\u00e9gie vous sera faite en fonction de vos moyens et de vos attentes.<\/li>\n<li>Estimation : nous vous offrons un devis pr\u00e9cis avec les divers prix.<\/li>\n<li>Mise en place : une fois que vous avec accept\u00e9 le devis et en fonction de votre agenda, nous posons votre chauffage, et ajustons votre thermostat.<\/li>\n<\/ol>\n<h2>Quels sont les chauffages les plus performants pour votre habitation ?<\/h2>\n<p>Notre technicien chauffagiste vous aide pour choisir la meilleure solution, il vous donne des conseils sur mesure, parmi les chauffages : \u00e0 gaz, \u00e9lectriques, fioul, classiques, condensation ou basses temp\u00e9ratures.<\/p>\n<p>Les \u00e9quipements de chauffages \u00e0 basse temp\u00e9rature ou \u00e0 condensation, malgr\u00e9 un co\u00fbt d&rsquo;achat plus important, ils permettent de r\u00e9aliser des \u00e9conomies sur le long terme.<\/p>\n<p>Avant la mise en place de votre chauffage, il faut s\u00e9lectionner le bon thermostat. Le technicien chauffagiste qui vient dans votre foyer est un professionnel avec une solide exp\u00e9rience. Vous trouverez dans notre devis les d\u00e9tails de notre intervention.<\/p>\n<h2>Service de maintenance de votre chauffage \u00e0 Sion<\/h2>\n<p>Vous devez effectuer l&rsquo;entretien annuel de votre syst\u00e8me de chauffage, qu&rsquo;il soit \u00e0 gaz ou au fioul. La maintenance de votre syst\u00e8me de chauffage offre la possibilit\u00e9 de contr\u00f4ler le taux de monoxyde de carbone qui se d\u00e9gage. Il est important de savoir, si votre chauffage cr\u00e9e excessivement de monoxyde de carbone, il est probable de vous intoxiquer. Lors de notre intervention, l&rsquo;expert r\u00e8gle et v\u00e9rifie les taux de monoxyde de carbone de votre syst\u00e8me de chauffage pour vous \u00e9viter d&rsquo;avoir de graves soucis de sant\u00e9.<\/p>\n<h2>Contrat de maintenance pour votre chauffage \u00e0 Sion<\/h2>\n<p>Afind&rsquo;assurer le bon \u00e9tat de marche de votre chauffage, nous proposons des contrats de maintenance sur mesure. Avec une maintenance r\u00e9guli\u00e8re, vous r\u00e9alisez des \u00e9conomies en emp\u00eachant les pannes et les r\u00e9parations en urgence.<\/p>\n<p>Aussi, si vous avez un sinistre, votre assureur demande le contrat de maintenance afin de v\u00e9rifier l&rsquo;\u00e9tat g\u00e9n\u00e9ral de votre chauffage avant le sinistre. Notre entreprise propose des contrats d&rsquo;entretien pluriannuels ou annuels.<\/p>\n<h2>Pourquoi souscrire \u00e0 un contrat de maintenance pour votre chauffage ?<\/h2>\n<p>Si vous avez des \u00e9l\u00e9ments d\u00e9fectueux, nous assurons le remplacement imm\u00e9diat. De plus, nous nous engageons \u00e0 inspecter la totalit\u00e9 des \u00e9quipements de votre chauffage, comme :<\/p>\n<ul>\n<li>Les niveaux de pression dans vos tuyaux,<\/li>\n<li>le nettoyage des tuyaux de raccordement, et des \u00e9l\u00e9ments chauffants.<\/li>\n<\/ul>\n<h2>Quels services offre votre entreprise ?<\/h2>\n<p>Nos techniciens op\u00e8rent dans votre logement, pour :<\/p>\n<ul>\n<li>le d\u00e9tartrage et le d\u00e9sembouage de radiateur,<\/li>\n<li>la purge de vos radiateurs,<\/li>\n<li>la maintenance des chauffe-eau et des chaudi\u00e8res,<\/li>\n<li>l&rsquo;ajustement des thermostats,<\/li>\n<li>la maintenance des chaudi\u00e8res \u00e0 condensation, basses temp\u00e9ratures, \u00e0 gaz, \u00e0 fioul, \u00e0 accumulation et \u00e9lectriques,<\/li>\n<li>la remise en \u00e9tat de la vanne de vidange,<\/li>\n<li>l&rsquo;intervention et la remise en \u00e9tat : fuite de tuyauterie, radiateur qui ne chauffe plus, chaudi\u00e8re, etc.<\/li>\n<li>la pose de : radiateur \u00e9lectrique, pompe \u00e0 chaleur, plancher chauffant, chaudi\u00e8re, chauffage, etc.<\/li>\n<\/ul>\n<h2>R\u00e9ponses aux questions fr\u00e9quentes<\/h2>\n<h3>Pourquoi faire appel \u00e0 un technicien chauffagiste S\u00e9dunois ?<\/h3>\n<p>Accro\u00eetre la temp\u00e9rature de votre int\u00e9rieur : un chauffage performant permet de conserver une temp\u00e9rature constante dans votre habitation.<\/p>\n<p>Faire des \u00e9conomies : en achetant des \u00e9quipements de qualit\u00e9, exemple l&rsquo;isolation et le chauffage, vous effectuez des \u00e9conomies et limiter vos \u00e9missions de CO2.<\/p>\n<p>Renforcer la s\u00fbret\u00e9 de vos installations : respecter les normes de s\u00fbret\u00e9 maintient votre chauffage s\u00fbr et performant (exemple, pour limiter le taux de monoxyde de carbone).<\/p>\n<p>Pr\u00e9venir les probl\u00e8mes : en regardant votre syst\u00e8me de chauffage, un expert peut pr\u00e9voir les futurs probl\u00e8mes.<\/p>\n<h3>Comment choisir le meilleur technicien chauffagiste \u00e0 Sion ?<\/h3>\n<p>La qualification : v\u00e9rifiez les certifications d\u00e9montrant que la soci\u00e9t\u00e9 \u00e0 une exp\u00e9rience dans son domaine d&rsquo;expertise.<\/p>\n<p>Les r\u00e9f\u00e9rences : prenez le temps de lire les t\u00e9moignages des clients ayant d\u00e9j\u00e0 collabor\u00e9 avec les entreprises.<\/p>\n<p>Les garanties : assurez-vous que l&rsquo;entreprise de chauffage b\u00e9n\u00e9ficie d&rsquo;une assurance qui couvrira les possibles dommages occasionn\u00e9s lors de ses interventions.<\/p>\n<h3>Quelle est votre rapidit\u00e9 d&rsquo;action \u00e0 Sion ?<\/h3>\n<p>Si vous avez une demande d&rsquo;intervention qui ne peut attendre, nous pouvons intervenir sous un d\u00e9lai de deux heures, s&rsquo;il n&rsquo;y a pas de priorit\u00e9 concernant votre demande, nous op\u00e9rons en g\u00e9n\u00e9ral durant la journ\u00e9e.<\/p>\n<h3>Pouvez-vous intervenir \u00e0 Sion et aux alentours ?<\/h3>\n<p>En effet, nous effectuons nos interventions \u00e0 Sion et dans les communes aux environs, par exemple : Chamoson, Grugnay (Chamoson), Les V\u00e9rines (Chamoson), N\u00e9miaz (Chamoson), St-Pierre-de-Clages, Ardon, St-L\u00e9onard, Uvrier, Vernami\u00e8ge, Pont-de-la-Morge (Sion), V\u00e9troz, Conthey, Savi\u00e8se, Bramois, Mase, Eison (St-Martin), Liez (St-Martin), St-Martin VS, Suen (St-Martin), Trogne (St-Martin), Champlan (Grimisuat), Grimisuat, Nax, Arbaz, St-S\u00e9verin, Aven, Daillon, Erde, Vex, Euseigne, Evol\u00e8ne, Lanna, La Tour VS, Les Haud\u00e8res, La Forclaz VS, La Sage, Villa (Evol\u00e8ne), Arolla, H\u00e9r\u00e9mence, Les Collons, Thyon, Arvillard (Salins), Mis\u00e9riez (Salins), Pravidondaz (Salins), Salins, Turin (Salins), Cr\u00eate-\u00e0-l'Oeil (Les Agettes), La Vernaz (Les Agettes), Les Agettes, Les Mayens-de-Sion, Cl\u00e8bes (Nendaz), Veysonnaz, Aproz (Nendaz), Baar (Nendaz), Basse-Nendaz, Beuson (Nendaz), Bieudron (Nendaz), Brignon (Nendaz), Cond\u00e9mines (Nendaz), Fey (Nendaz), Saclentse, Haute-Nendaz, Siviez (Nendaz), Sornard (Nendaz).<\/p>\n","protected":false},"excerpt":{"rendered":"<p>Besoin d&rsquo;aide pour r\u00e9parer votre chauffage ? ? Si vous \u00eates un S\u00e9dunois, Artisanlocal s&rsquo;occupe de la r\u00e9paration et de l&rsquo;installation de votre syst\u00e8me de chauffage. En travaillant avec notre entreprise, vous b\u00e9n\u00e9ficiez : de prix clair, de services de qualit\u00e9, de services \u00e0 Sion et dans les localit\u00e9s proches, d\u2019une \u00e9quipe avec une grande [&hellip;]<\/p>\n","protected":false},"author":4,"featured_media":2757,"parent":0,"menu_order":0,"comment_status":"closed","ping_status":"closed","template":"","meta":{"footnotes":""},"profession":[120],"location":[105],"canton":[110],"class_list":["post-666","page","type-page","status-publish","has-post-thumbnail","hentry","profession-chauffagiste","location-sion","canton-vs"],"yoast_head":"<!-- This site is optimized with the Yoast SEO Premium plugin v25.7.1 (Yoast SEO v27.4) - https:\/\/yoast.com\/product\/yoast-seo-premium-wordpress\/ -->\n<title>Vous avez besoin d&#039;un chauffagiste \u00e0 Sion ? - Artisanlocal<\/title>\n<meta name=\"robots\" content=\"index, follow, max-snippet:-1, max-image-preview:large, max-video-preview:-1\" \/>\n<link rel=\"canonical\" href=\"https:\/\/www.artisanlocal.ch\/c\/vous-avez-besoin-dun-chauffagiste-a-sion\/\" \/>\n<meta property=\"og:locale\" content=\"fr_FR\" \/>\n<meta property=\"og:type\" content=\"article\" \/>\n<meta property=\"og:title\" content=\"Vous avez besoin d&#039;un chauffagiste \u00e0 Sion ?\" \/>\n<meta property=\"og:description\" content=\"Besoin d&rsquo;aide pour r\u00e9parer votre chauffage ? ? Si vous \u00eates un S\u00e9dunois, Artisanlocal s&rsquo;occupe de la r\u00e9paration et de l&rsquo;installation de votre syst\u00e8me de chauffage. En travaillant avec notre entreprise, vous b\u00e9n\u00e9ficiez : de prix clair, de services de qualit\u00e9, de services \u00e0 Sion et dans les localit\u00e9s proches, d\u2019une \u00e9quipe avec une grande [&hellip;]\" \/>\n<meta property=\"og:url\" content=\"https:\/\/www.artisanlocal.ch\/c\/vous-avez-besoin-dun-chauffagiste-a-sion\/\" \/>\n<meta property=\"og:site_name\" content=\"Artisanlocal\" \/>\n<meta property=\"article:modified_time\" content=\"2025-08-26T23:32:18+00:00\" \/>\n<meta property=\"og:image\" content=\"https:\/\/www.artisanlocal.ch\/c\/wp-content\/uploads\/2024\/10\/chauffagiste.jpg\" \/>\n\t<meta property=\"og:image:width\" content=\"1920\" \/>\n\t<meta property=\"og:image:height\" content=\"300\" \/>\n\t<meta property=\"og:image:type\" content=\"image\/jpeg\" \/>\n<meta name=\"twitter:card\" content=\"summary_large_image\" \/>\n<meta name=\"twitter:label1\" content=\"Dur\u00e9e de lecture estim\u00e9e\" \/>\n\t<meta name=\"twitter:data1\" content=\"6 minutes\" \/>\n<script type=\"application\/ld+json\" class=\"yoast-schema-graph\">{\"@context\":\"https:\\\/\\\/schema.org\",\"@graph\":[{\"@type\":\"WebPage\",\"@id\":\"https:\\\/\\\/www.artisanlocal.ch\\\/c\\\/vous-avez-besoin-dun-chauffagiste-a-sion\\\/\",\"url\":\"https:\\\/\\\/www.artisanlocal.ch\\\/c\\\/vous-avez-besoin-dun-chauffagiste-a-sion\\\/\",\"name\":\"Vous avez besoin d'un chauffagiste \u00e0 Sion ? - Artisanlocal\",\"isPartOf\":{\"@id\":\"https:\\\/\\\/www.artisanlocal.ch\\\/c\\\/#website\"},\"primaryImageOfPage\":{\"@id\":\"https:\\\/\\\/www.artisanlocal.ch\\\/c\\\/vous-avez-besoin-dun-chauffagiste-a-sion\\\/#primaryimage\"},\"image\":{\"@id\":\"https:\\\/\\\/www.artisanlocal.ch\\\/c\\\/vous-avez-besoin-dun-chauffagiste-a-sion\\\/#primaryimage\"},\"thumbnailUrl\":\"https:\\\/\\\/www.artisanlocal.ch\\\/c\\\/wp-content\\\/uploads\\\/2024\\\/10\\\/chauffagiste.jpg\",\"datePublished\":\"2024-04-19T00:37:04+00:00\",\"dateModified\":\"2025-08-26T23:32:18+00:00\",\"breadcrumb\":{\"@id\":\"https:\\\/\\\/www.artisanlocal.ch\\\/c\\\/vous-avez-besoin-dun-chauffagiste-a-sion\\\/#breadcrumb\"},\"inLanguage\":\"fr-FR\",\"potentialAction\":[{\"@type\":\"ReadAction\",\"target\":[\"https:\\\/\\\/www.artisanlocal.ch\\\/c\\\/vous-avez-besoin-dun-chauffagiste-a-sion\\\/\"]}]},{\"@type\":\"ImageObject\",\"inLanguage\":\"fr-FR\",\"@id\":\"https:\\\/\\\/www.artisanlocal.ch\\\/c\\\/vous-avez-besoin-dun-chauffagiste-a-sion\\\/#primaryimage\",\"url\":\"https:\\\/\\\/www.artisanlocal.ch\\\/c\\\/wp-content\\\/uploads\\\/2024\\\/10\\\/chauffagiste.jpg\",\"contentUrl\":\"https:\\\/\\\/www.artisanlocal.ch\\\/c\\\/wp-content\\\/uploads\\\/2024\\\/10\\\/chauffagiste.jpg\",\"width\":1920,\"height\":300},{\"@type\":\"BreadcrumbList\",\"@id\":\"https:\\\/\\\/www.artisanlocal.ch\\\/c\\\/vous-avez-besoin-dun-chauffagiste-a-sion\\\/#breadcrumb\",\"itemListElement\":[{\"@type\":\"ListItem\",\"position\":1,\"name\":\"Accueil\",\"item\":\"https:\\\/\\\/www.artisanlocal.ch\\\/c\\\/\"},{\"@type\":\"ListItem\",\"position\":2,\"name\":\"Vous avez besoin d&rsquo;un chauffagiste \u00e0 Sion ?\"}]},{\"@type\":\"WebSite\",\"@id\":\"https:\\\/\\\/www.artisanlocal.ch\\\/c\\\/#website\",\"url\":\"https:\\\/\\\/www.artisanlocal.ch\\\/c\\\/\",\"name\":\"Artisanlocal\",\"description\":\"\",\"publisher\":{\"@id\":\"https:\\\/\\\/www.artisanlocal.ch\\\/c\\\/#organization\"},\"potentialAction\":[{\"@type\":\"SearchAction\",\"target\":{\"@type\":\"EntryPoint\",\"urlTemplate\":\"https:\\\/\\\/www.artisanlocal.ch\\\/c\\\/?s={search_term_string}\"},\"query-input\":{\"@type\":\"PropertyValueSpecification\",\"valueRequired\":true,\"valueName\":\"search_term_string\"}}],\"inLanguage\":\"fr-FR\"},{\"@type\":\"Organization\",\"@id\":\"https:\\\/\\\/www.artisanlocal.ch\\\/c\\\/#organization\",\"name\":\"Artisanlocal\",\"url\":\"https:\\\/\\\/www.artisanlocal.ch\\\/c\\\/\",\"logo\":{\"@type\":\"ImageObject\",\"inLanguage\":\"fr-FR\",\"@id\":\"https:\\\/\\\/www.artisanlocal.ch\\\/c\\\/#\\\/schema\\\/logo\\\/image\\\/\",\"url\":\"https:\\\/\\\/www.artisanlocal.ch\\\/c\\\/wp-content\\\/uploads\\\/2024\\\/02\\\/logo-artisanlocal-h.svg\",\"contentUrl\":\"https:\\\/\\\/www.artisanlocal.ch\\\/c\\\/wp-content\\\/uploads\\\/2024\\\/02\\\/logo-artisanlocal-h.svg\",\"caption\":\"Artisanlocal\"},\"image\":{\"@id\":\"https:\\\/\\\/www.artisanlocal.ch\\\/c\\\/#\\\/schema\\\/logo\\\/image\\\/\"}}]}<\/script>\n<!-- \/ Yoast SEO Premium plugin. -->","yoast_head_json":{"title":"Vous avez besoin d'un chauffagiste \u00e0 Sion ? - Artisanlocal","robots":{"index":"index","follow":"follow","max-snippet":"max-snippet:-1","max-image-preview":"max-image-preview:large","max-video-preview":"max-video-preview:-1"},"canonical":"https:\/\/www.artisanlocal.ch\/c\/vous-avez-besoin-dun-chauffagiste-a-sion\/","og_locale":"fr_FR","og_type":"article","og_title":"Vous avez besoin d'un chauffagiste \u00e0 Sion ?","og_description":"Besoin d&rsquo;aide pour r\u00e9parer votre chauffage ? ? Si vous \u00eates un S\u00e9dunois, Artisanlocal s&rsquo;occupe de la r\u00e9paration et de l&rsquo;installation de votre syst\u00e8me de chauffage. En travaillant avec notre entreprise, vous b\u00e9n\u00e9ficiez : de prix clair, de services de qualit\u00e9, de services \u00e0 Sion et dans les localit\u00e9s proches, d\u2019une \u00e9quipe avec une grande [&hellip;]","og_url":"https:\/\/www.artisanlocal.ch\/c\/vous-avez-besoin-dun-chauffagiste-a-sion\/","og_site_name":"Artisanlocal","article_modified_time":"2025-08-26T23:32:18+00:00","og_image":[{"width":1920,"height":300,"url":"https:\/\/www.artisanlocal.ch\/c\/wp-content\/uploads\/2024\/10\/chauffagiste.jpg","type":"image\/jpeg"}],"twitter_card":"summary_large_image","twitter_misc":{"Dur\u00e9e de lecture estim\u00e9e":"6 minutes"},"schema":{"@context":"https:\/\/schema.org","@graph":[{"@type":"WebPage","@id":"https:\/\/www.artisanlocal.ch\/c\/vous-avez-besoin-dun-chauffagiste-a-sion\/","url":"https:\/\/www.artisanlocal.ch\/c\/vous-avez-besoin-dun-chauffagiste-a-sion\/","name":"Vous avez besoin d'un chauffagiste \u00e0 Sion ? - Artisanlocal","isPartOf":{"@id":"https:\/\/www.artisanlocal.ch\/c\/#website"},"primaryImageOfPage":{"@id":"https:\/\/www.artisanlocal.ch\/c\/vous-avez-besoin-dun-chauffagiste-a-sion\/#primaryimage"},"image":{"@id":"https:\/\/www.artisanlocal.ch\/c\/vous-avez-besoin-dun-chauffagiste-a-sion\/#primaryimage"},"thumbnailUrl":"https:\/\/www.artisanlocal.ch\/c\/wp-content\/uploads\/2024\/10\/chauffagiste.jpg","datePublished":"2024-04-19T00:37:04+00:00","dateModified":"2025-08-26T23:32:18+00:00","breadcrumb":{"@id":"https:\/\/www.artisanlocal.ch\/c\/vous-avez-besoin-dun-chauffagiste-a-sion\/#breadcrumb"},"inLanguage":"fr-FR","potentialAction":[{"@type":"ReadAction","target":["https:\/\/www.artisanlocal.ch\/c\/vous-avez-besoin-dun-chauffagiste-a-sion\/"]}]},{"@type":"ImageObject","inLanguage":"fr-FR","@id":"https:\/\/www.artisanlocal.ch\/c\/vous-avez-besoin-dun-chauffagiste-a-sion\/#primaryimage","url":"https:\/\/www.artisanlocal.ch\/c\/wp-content\/uploads\/2024\/10\/chauffagiste.jpg","contentUrl":"https:\/\/www.artisanlocal.ch\/c\/wp-content\/uploads\/2024\/10\/chauffagiste.jpg","width":1920,"height":300},{"@type":"BreadcrumbList","@id":"https:\/\/www.artisanlocal.ch\/c\/vous-avez-besoin-dun-chauffagiste-a-sion\/#breadcrumb","itemListElement":[{"@type":"ListItem","position":1,"name":"Accueil","item":"https:\/\/www.artisanlocal.ch\/c\/"},{"@type":"ListItem","position":2,"name":"Vous avez besoin d&rsquo;un chauffagiste \u00e0 Sion ?"}]},{"@type":"WebSite","@id":"https:\/\/www.artisanlocal.ch\/c\/#website","url":"https:\/\/www.artisanlocal.ch\/c\/","name":"Artisanlocal","description":"","publisher":{"@id":"https:\/\/www.artisanlocal.ch\/c\/#organization"},"potentialAction":[{"@type":"SearchAction","target":{"@type":"EntryPoint","urlTemplate":"https:\/\/www.artisanlocal.ch\/c\/?s={search_term_string}"},"query-input":{"@type":"PropertyValueSpecification","valueRequired":true,"valueName":"search_term_string"}}],"inLanguage":"fr-FR"},{"@type":"Organization","@id":"https:\/\/www.artisanlocal.ch\/c\/#organization","name":"Artisanlocal","url":"https:\/\/www.artisanlocal.ch\/c\/","logo":{"@type":"ImageObject","inLanguage":"fr-FR","@id":"https:\/\/www.artisanlocal.ch\/c\/#\/schema\/logo\/image\/","url":"https:\/\/www.artisanlocal.ch\/c\/wp-content\/uploads\/2024\/02\/logo-artisanlocal-h.svg","contentUrl":"https:\/\/www.artisanlocal.ch\/c\/wp-content\/uploads\/2024\/02\/logo-artisanlocal-h.svg","caption":"Artisanlocal"},"image":{"@id":"https:\/\/www.artisanlocal.ch\/c\/#\/schema\/logo\/image\/"}}]}},"_links":{"self":[{"href":"https:\/\/www.artisanlocal.ch\/c\/wp-json\/wp\/v2\/pages\/666","targetHints":{"allow":["GET"]}}],"collection":[{"href":"https:\/\/www.artisanlocal.ch\/c\/wp-json\/wp\/v2\/pages"}],"about":[{"href":"https:\/\/www.artisanlocal.ch\/c\/wp-json\/wp\/v2\/types\/page"}],"author":[{"embeddable":true,"href":"https:\/\/www.artisanlocal.ch\/c\/wp-json\/wp\/v2\/users\/4"}],"replies":[{"embeddable":true,"href":"https:\/\/www.artisanlocal.ch\/c\/wp-json\/wp\/v2\/comments?post=666"}],"version-history":[{"count":0,"href":"https:\/\/www.artisanlocal.ch\/c\/wp-json\/wp\/v2\/pages\/666\/revisions"}],"wp:featuredmedia":[{"embeddable":true,"href":"https:\/\/www.artisanlocal.ch\/c\/wp-json\/wp\/v2\/media\/2757"}],"wp:attachment":[{"href":"https:\/\/www.artisanlocal.ch\/c\/wp-json\/wp\/v2\/media?parent=666"}],"wp:term":[{"taxonomy":"profession","embeddable":true,"href":"https:\/\/www.artisanlocal.ch\/c\/wp-json\/wp\/v2\/profession?post=666"},{"taxonomy":"location","embeddable":true,"href":"https:\/\/www.artisanlocal.ch\/c\/wp-json\/wp\/v2\/location?post=666"},{"taxonomy":"canton","embeddable":true,"href":"https:\/\/www.artisanlocal.ch\/c\/wp-json\/wp\/v2\/canton?post=666"}],"curies":[{"name":"wp","href":"https:\/\/api.w.org\/{rel}","templated":true}]}}