{"id":667,"date":"2024-04-18T16:03:19","date_gmt":"2024-04-18T14:03:19","guid":{"rendered":"https:\/\/www.artisanlocal.ch\/c\/jai-besoin-dun-chauffagiste-a-meyrin\/"},"modified":"2025-08-27T01:32:30","modified_gmt":"2025-08-26T23:32:30","slug":"jai-besoin-dun-chauffagiste-a-meyrin","status":"publish","type":"page","link":"https:\/\/www.artisanlocal.ch\/c\/jai-besoin-dun-chauffagiste-a-meyrin\/","title":{"rendered":"Chauffagiste \u00e0 Meyrin"},"content":{"rendered":"<p>Besoin d&rsquo;un chauffagiste \u00e0 Meyrin ? Artisanlocal r\u00e9pare votre chaudi\u00e8re et r\u00e9alise l&rsquo;installation de votre chauffage \u00e0 Meyrin. En travaillant avec notre entreprise, vous b\u00e9n\u00e9ficiez :<\/p>\n<ul>\n<li>De prix transparent,<\/li>\n<li>de prestations de qualit\u00e9,<\/li>\n<li>d&rsquo;un chauffagiste \u00e0 Meyrin et qui intervient dans les villes \u00e0 proximit\u00e9s,<\/li>\n<li>d&rsquo;une \u00e9quipe avec de l&rsquo;exp\u00e9rience,<\/li>\n<li>de devis gratuit,<\/li>\n<li>d&rsquo;experts disponibles du lundi au samedi afin de r\u00e9pondre \u00e0 toutes vos interrogations.<\/li>\n<\/ul>\n\r\n<div class=\"box\">\r\n            <div class=\"company-info\">\r\n            <img decoding=\"async\" class=\"company-info__logo\" src=\"https:\/\/www.artisanlocal.ch\/media\/cache\/thumb\/images\/companies\/6826ffbd71738526336459.png\" alt=\"Logo\">\r\n            <h2 class=\"company-info__name\">AZ PROJET<\/h2>\r\n            <p class=\"company-info__business\">Energies renouvelables - Energie solaire - Chauffages - Pompes \u00e0 chaleur - Photovolta\u00efque<\/p>\r\n        <\/div>\r\n        <div class=\"company-contact\">\r\n            <p class=\"company-info__address\">Route de vernier 199<\/p>\r\n                            <div class=\"links\">\r\n                                            <a class=\"btn has-accent-background-color js-phoneNumber\" href=\"tel:0764054353\" title=\"Appelez\" data-id=\"8100\" data-type=\"11\">076 405 43 53<\/a>\r\n                                                                <a class=\"btn has-accent-background-color\" href=\"https:\/\/azprojet.ch\/\" target=\"_blank\" title=\"Voir le site internet\" data-id=\"8100\" data-type=\"20\">Site internet<\/a>\r\n                                    <\/div>\r\n                    <\/div>\r\n    \r\n            \r\n<form action=\"https:\/\/www.artisanlocal.ch\/c\/wp-admin\/admin-ajax.php\" method=\"post\" class=\"form-contact\" id=\"artisan_form_contact_company_inline\">\r\n    <div><input type=\"hidden\" name=\"action\" value=\"company_contact\"><\/div>\r\n    <div><input type=\"hidden\" name=\"nonce\" value=\"85ec494698\"><\/div>\r\n    <div><input type=\"hidden\" name=\"company_id\" value=\"8100\"><\/div>\r\n    <div><input type=\"hidden\" name=\"form_id\" value=\"artisan_form_contact_company_inline\"><\/div>\r\n    <div class=\"gglcptch gglcptch_v3 gglcptch_custom\"><input type=\"hidden\" id=\"g-recaptcha-response\" name=\"g-recaptcha-response\" \/><br \/><div class=\"gglcptch_error_text\">La p\u00e9riode de v\u00e9rification reCAPTCHA a expir\u00e9. Veuillez recharger la page.<\/div><\/div>    <div class=\"form-content\">\r\n        <div class=\"form-group\">\r\n            <label for=\"contact_firstName\" class=\"required\">Pr\u00e9nom<\/label>\r\n            <input type=\"text\" name=\"firstName\" class=\"form-control\" required>\r\n        <\/div>\r\n        <div class=\"form-group\">\r\n            <label for=\"contact_lastName\" class=\"required\">Nom<\/label>\r\n            <input type=\"text\" name=\"lastName\" class=\"form-control\" required>\r\n        <\/div>\r\n        <div class=\"form-group\">\r\n            <label for=\"contact_email\" class=\"required\">Email<\/label>\r\n            <input type=\"email\" name=\"email\" class=\"form-control\" required>\r\n        <\/div>\r\n        <div class=\"form-group\">\r\n            <label for=\"contact_phone\" class=\"required\">Num\u00e9ro de t\u00e9l\u00e9phone<\/label>\r\n            <input type=\"tel\" name=\"phone\" class=\"form-control\" placeholder=\"0787117165\" pattern=\"^[0-9]{10}$\" required>\r\n        <\/div>\r\n        <div class=\"form-group\">\r\n            <label for=\"contact_postalCode\" class=\"required\">Code postal et localit\u00e9<\/label>\r\n            <input type=\"text\" name=\"postalCode\" class=\"form-control\" required>\r\n        <\/div>\r\n        <div class=\"form-group\">\r\n            <label for=\"contact_address\" class=\"required\">Adresse<\/label>\r\n            <input type=\"text\" name=\"address\" class=\"form-control\" required>\r\n        <\/div>\r\n        <div class=\"full-width topic\">\r\n            <p class=\"required\">Je souhaite \u00eatre contact\u00e9 pour :<\/p>\r\n            <div class=\"form-check\">\r\n                <input type=\"radio\" name=\"topic\" value=\"D\u00e9pannage\" class=\"form-control\" required>\r\n                <label for=\"d\u00e9pannage\">D\u00e9pannage<\/label>\r\n            <\/div>\r\n            <div class=\"form-check\">\r\n                <input type=\"radio\" name=\"topic\" value=\"Entretien\" class=\"form-control\" required>\r\n                <label for=\"entretien\">Entretien<\/label>\r\n            <\/div>\r\n            <div class=\"form-check\">\r\n                <input type=\"radio\" name=\"topic\" value=\"R\u00e9novation\" class=\"form-control\" required>\r\n                <label for=\"r\u00e9novation\">R\u00e9novation<\/label>\r\n            <\/div>\r\n            <div class=\"form-check\">\r\n                <input type=\"radio\" name=\"topic\" value=\"Autre\" class=\"form-control\" required>\r\n                <label for=\"autre\">Autre<\/label>\r\n            <\/div>\r\n        <\/div>\r\n        <div class=\"form-group full-width\">\r\n            <label for=\"contact_message\">Message<\/label>\r\n            <textarea name=\"message\" rows=\"3\" class=\"form-control\"><\/textarea>\r\n        <\/div>\r\n    <\/div>\r\n    <div class=\"form-actions\">\r\n        <button class=\"wp-block-button__link has-accent-background-color\">Contacter<\/button>\r\n    <\/div>\r\n<\/form>\r\n<div class=\"form-feedback\"><\/div>    <\/div>\n<h2>Pourquoi choisir Artisanlocal ?<\/h2>\n<p>Nous estimons rapidement le prix de l&rsquo;installation ou du changement de votre chauffage : d\u00e8s que vous nous envoyez le formulaire, notre technicien \u00e0 Meyrin prend contact avec vous dans la journ\u00e9e.<\/p>\n<p>D\u00e9placement de notre chauffagiste chez vous : le jour de votre demande, le technicien chauffagiste Meyrinois peut se d\u00e9placer dans votre foyer pour \u00e9valuer le co\u00fbt de votre projet. Ensuite, vous recevez un devis d\u00e9taill\u00e9 et vous pouvez nous poser toutes vos questions.<\/p>\n<p>Mise en place de votre syst\u00e8me de chauffage en 24 \u00e0 48 heures : d\u00e8s que le devis est valid\u00e9 avec notre expert \u00e0 Meyrin. Nous planifierons avec vous le jour d&rsquo;installation.<\/p>\n<p>Assistance technique et de maintenance : si votre syst\u00e8me de chauffage, chauffe-eau ou chaudi\u00e8re pr\u00e9sente un dysfonctionnement. Notre soci\u00e9t\u00e9 est joignable pour intervenir \u00e0 Meyrin et \u00e9galement dans les localit\u00e9s \u00e0 proximit\u00e9.<\/p>\n<h2>Pourquoi est-il indispensable d&rsquo;entretenir votre chauffage ?<\/h2>\n<p>Avoir un syst\u00e8me de chauffage qui fonctionne est important, surtout dans les foyers avec de jeunes enfants. Notre soci\u00e9t\u00e9 vous aide \u00e0 r\u00e9gler la bonne temp\u00e9rature et v\u00e9rifie le taux de monoxyde de carbone g\u00e9n\u00e9r\u00e9 par votre syst\u00e8me de chauffage. Peu importe le type de votre chauffage, nos chauffagistes garantissent la maintenance et l&rsquo;entretien, de votre \u00e9quipement de chauffage : basse temp\u00e9rature, fioul, gaz, condensation, \u00e9lectrique ou \u00e0 accumulation.<\/p>\n<h2>Est-il possible que votre entreprise m&rsquo;aide \u00e0 distance ?<\/h2>\n<p>Oui, nous sommes en mesure de vous aider par t\u00e9l\u00e9phone. Il suffit juste de nous d\u00e9tailler votre probl\u00e8me pour nous soyons capables d&rsquo;en d\u00e9finir les origines et trouver la solution. Cependant, dans de nombreux cas, un technicien doit venir \u00e0 votre domicile.<\/p>\n<h2>Quel est le fonctionnement de votre entreprise ?<\/h2>\n<ol>\n<li>Prise de contact : il est indispensable que vous preniez contact avec nous par t\u00e9l\u00e9phone ou par e-mail.<\/li>\n<li>D\u00e9placement : un technicien chauffagiste Meyrinois vient \u00e0 votre domicile.<\/li>\n<li>\u00c9valuation : le chauffagiste estimera l&rsquo;\u00e9tat actuel des choses afin de d\u00e9terminer le volume de vos pi\u00e8ces, et prendre en compte l&rsquo;isolation existante et la superficie totale.<\/li>\n<li>Indication : nous vous orienterons pour choisir le meilleur chauffage pour vous, nous prenons en compte la rentabilit\u00e9 et le rendement que vous voulez avoir.<\/li>\n<li>Devis : vous recevez une estimation d\u00e9taill\u00e9e, vous pr\u00e9sentant les diff\u00e9rentes d\u00e9penses.<\/li>\n<li>Installation : apr\u00e8s avoir accept\u00e9 notre devis, nous r\u00e9alisons l&rsquo;installation de votre \u00e9quipe de chauffage et param\u00e9trons le thermostat selon vos demandes.<\/li>\n<\/ol>\n<h2>Quels sont les chauffages les plus performants pour votre propri\u00e9t\u00e9 ?<\/h2>\n<p>Le technicien qui se d\u00e9place dans votre foyer, vous conseille pour choisir le syst\u00e8me de chauffage le plus adapt\u00e9, comme les syst\u00e8mes de chauffages : \u00e0 gaz, \u00e9lectriques, fioul, classiques, condensation ou basses temp\u00e9ratures.<\/p>\n<p>Les \u00e9quipements de chauffages \u00e0 basse temp\u00e9rature ou \u00e0 condensation, malgr\u00e9 un prix d&rsquo;achat plus important, ils offrent la capacit\u00e9 de r\u00e9aliser des \u00e9conomies sur le long terme.<\/p>\n<p>D&rsquo;ailleurs, avant la mise en place de votre chauffage, il faut choisir le bon thermostat. Le technicien chauffagiste qui vient dans votre foyer a une solide exp\u00e9rience. Vous trouverez dans notre devis les d\u00e9tails de notre intervention.<\/p>\n<h2>Service d&rsquo;assistance pour votre chauffage \u00e0 Meyrin<\/h2>\n<p>Assurez-vous de faire la maintenance de votre chauffage tous les ans, qu&rsquo;il soit au fioul ou au gaz. Solliciter un technicien pour la maintenance de votre chauffage permet de contr\u00f4ler les taux de monoxyde de carbone. Pour rappel, si votre chauffage cr\u00e9e beaucoup de monoxyde de carbone, cela peut provoquer une intoxication. Lors de notre intervention, l&rsquo;expert r\u00e8gle et v\u00e9rifie les \u00e9missions de monoxyde de carbone de votre chauffage afin de vous emp\u00eacher d&rsquo;avoir de graves probl\u00e8mes de sant\u00e9.<\/p>\n<h2>Contrat d\u2019entretien pour votre chauffage \u00e0 Meyrin<\/h2>\n<p>Pour assurer le bon \u00e9tat de marche de votre chauffage, nous offrons des contrats de maintenance personnalis\u00e9s. Avec un entretien r\u00e9gulier, vous \u00e9conomisez de l&rsquo;argent en \u00e9vitant les pannes et les interventions en urgence.<\/p>\n<p>Aussi, si vous avez un sinistre, l\u2019assurance demande le contrat de maintenance afin de v\u00e9rifier l\u2019\u00e9tat de votre chauffage avant le sinistre. Vous avez le choix de signer avec notre soci\u00e9t\u00e9 un contrat de maintenance annuel ou pluriannuel.<\/p>\n<h2>Pourquoi signer un forfait d&rsquo;entretien pour votre chauffage ?<\/h2>\n<p>Si vous avez des pi\u00e8ces d\u00e9fectueuses, nous garantissons le remplacement rapide. D&rsquo;autre part, nous prenons l&rsquo;engagement d&rsquo;inspecter la totalit\u00e9 de votre chauffage, comme :<\/p>\n<ul>\n<li>La tension dans vos conduits,<\/li>\n<li>et le nettoyage de votre br\u00fbleur, des conduits de liaison et des diff\u00e9rents \u00e9l\u00e9ments chauffants.<\/li>\n<\/ul>\n<h2>Quels services proposent Artisanlocal ?<\/h2>\n<p>Nos techniciens se d\u00e9placent dans votre domicile, pour r\u00e9aliser :<\/p>\n<ul>\n<li>le d\u00e9sembouage et le d\u00e9tartrage de vos radiateurs,<\/li>\n<li>la purge de l&rsquo;air de vos radiateurs,<\/li>\n<li>l\u2019entretien de votre chauffage, chaudi\u00e8re et chauffe-eau,<\/li>\n<li>le param\u00e9trage de votre thermostat,<\/li>\n<li>la maintenance chaudi\u00e8res \u00e0 condensation, \u00e0 accumulation, \u00e0 gaz, \u00e0 fioul, \u00e9lectriques et basses temp\u00e9ratures,<\/li>\n<li>la remise en \u00e9tat de la vanne de purge,<\/li>\n<li>le d\u00e9pannage et la r\u00e9paration sur tous types de probl\u00e8mes techniques : fuite de canalisation, radiateur qui ne chauffe plus, chaudi\u00e8re, etc.<\/li>\n<li>la pose de votre : chauffage, pompe \u00e0 chaleur, chaudi\u00e8re, radiateur \u00e9lectrique, plancher chauffant, etc.<\/li>\n<\/ul>\n<h2>R\u00e9ponses aux questions fr\u00e9quentes<\/h2>\n<h3>Pourquoi faire appel \u00e0 un chauffagiste Meyrinois ?<\/h3>\n<p>Am\u00e9liorer votre confort : un chauffage bien r\u00e9gl\u00e9 permet de maintenir la temp\u00e9rature de votre int\u00e9rieur constante.<\/p>\n<p>Faire des \u00e9conomies : en investissant dans des \u00e9quipements de qualit\u00e9, par exemple l&rsquo;isolation et le chauffage, vous diminuez vos \u00e9missions de CO2 et vous r\u00e9alisez des \u00e9conomies.<\/p>\n<p>Renforcer la s\u00e9curit\u00e9 de vos installations : respecter les normes de s\u00e9curit\u00e9 maintient votre chauffage s\u00fbr et performant (par exemple, pour r\u00e9duire les \u00e9missions de monoxyde de carbone).<\/p>\n<p>Pr\u00e9voir les probl\u00e8mes : un expert pourra anticiper les d\u00e9g\u00e2ts des eaux, juste en observant vos installations.<\/p>\n<h3>Quels sont les \u00e9l\u00e9ments \u00e0 prendre en consid\u00e9ration pour choisir le meilleur chauffagiste \u00e0 Meyrin ?<\/h3>\n<p>La qualification : v\u00e9rifiez les certifications t\u00e9moignant que la soci\u00e9t\u00e9 \u00e0 une exp\u00e9rience dans son domaine d&rsquo;expertise.<\/p>\n<p>Les r\u00e9f\u00e9rences : prenez le temps de consulter les avis des anciens clients ayant d\u00e9j\u00e0 travaill\u00e9 avec les soci\u00e9t\u00e9s.<\/p>\n<p>Les assurances : v\u00e9rifiez que les techniciens sont assur\u00e9s en cas de pr\u00e9judices.<\/p>\n<h3>\u00c0 quelle rapidit\u00e9 intervenez-vous dans un foyer Meyrinois ?<\/h3>\n<p>Nous pouvons nous rendre chez vous dans un d\u00e9lai de deux heures (pour les demandes urgentes).<\/p>\n<h3>Votre soci\u00e9t\u00e9 est disponible pour agir \u00e0 Meyrin, mais aussi dans les villes aux environs ?<\/h3>\n<p>Oui, nous effectuons nos interventions \u00e0 Meyrin et dans les villes aux alentours, comme : Gen\u00e8ve, Vernier, Cointrin, Le Grand-Saconnex, Ch\u00e2telaine, Le Lignon, Les Avanchets, Collex, Satigny, Russin, Dardagny, La Plaine, Chamb\u00e9sy.<\/p>\n","protected":false},"excerpt":{"rendered":"<p>Besoin d&rsquo;un chauffagiste \u00e0 Meyrin ? Artisanlocal r\u00e9pare votre chaudi\u00e8re et r\u00e9alise l&rsquo;installation de votre chauffage \u00e0 Meyrin. En travaillant avec notre entreprise, vous b\u00e9n\u00e9ficiez : De prix transparent, de prestations de qualit\u00e9, d&rsquo;un chauffagiste \u00e0 Meyrin et qui intervient dans les villes \u00e0 proximit\u00e9s, d&rsquo;une \u00e9quipe avec de l&rsquo;exp\u00e9rience, de devis gratuit, d&rsquo;experts disponibles [&hellip;]<\/p>\n","protected":false},"author":4,"featured_media":2757,"parent":0,"menu_order":0,"comment_status":"closed","ping_status":"closed","template":"","meta":{"footnotes":""},"profession":[120],"location":[50],"canton":[112],"class_list":["post-667","page","type-page","status-publish","has-post-thumbnail","hentry","profession-chauffagiste","location-meyrin","canton-ge"],"yoast_head":"<!-- This site is optimized with the Yoast SEO Premium plugin v25.7.1 (Yoast SEO v27.3) - https:\/\/yoast.com\/product\/yoast-seo-premium-wordpress\/ -->\n<title>Chauffagiste \u00e0 Meyrin - Artisanlocal<\/title>\n<meta name=\"robots\" content=\"index, follow, max-snippet:-1, max-image-preview:large, max-video-preview:-1\" \/>\n<link rel=\"canonical\" href=\"https:\/\/www.artisanlocal.ch\/c\/jai-besoin-dun-chauffagiste-a-meyrin\/\" \/>\n<meta property=\"og:locale\" content=\"fr_FR\" \/>\n<meta property=\"og:type\" content=\"article\" \/>\n<meta property=\"og:title\" content=\"Chauffagiste \u00e0 Meyrin\" \/>\n<meta property=\"og:description\" content=\"Besoin d&rsquo;un chauffagiste \u00e0 Meyrin ? Artisanlocal r\u00e9pare votre chaudi\u00e8re et r\u00e9alise l&rsquo;installation de votre chauffage \u00e0 Meyrin. En travaillant avec notre entreprise, vous b\u00e9n\u00e9ficiez : De prix transparent, de prestations de qualit\u00e9, d&rsquo;un chauffagiste \u00e0 Meyrin et qui intervient dans les villes \u00e0 proximit\u00e9s, d&rsquo;une \u00e9quipe avec de l&rsquo;exp\u00e9rience, de devis gratuit, d&rsquo;experts disponibles [&hellip;]\" \/>\n<meta property=\"og:url\" content=\"https:\/\/www.artisanlocal.ch\/c\/jai-besoin-dun-chauffagiste-a-meyrin\/\" \/>\n<meta property=\"og:site_name\" content=\"Artisanlocal\" \/>\n<meta property=\"article:modified_time\" content=\"2025-08-26T23:32:30+00:00\" \/>\n<meta property=\"og:image\" content=\"https:\/\/www.artisanlocal.ch\/c\/wp-content\/uploads\/2024\/10\/chauffagiste.jpg\" \/>\n\t<meta property=\"og:image:width\" content=\"1920\" \/>\n\t<meta property=\"og:image:height\" content=\"300\" \/>\n\t<meta property=\"og:image:type\" content=\"image\/jpeg\" \/>\n<meta name=\"twitter:card\" content=\"summary_large_image\" \/>\n<meta name=\"twitter:label1\" content=\"Dur\u00e9e de lecture estim\u00e9e\" \/>\n\t<meta name=\"twitter:data1\" content=\"6 minutes\" \/>\n<script type=\"application\/ld+json\" class=\"yoast-schema-graph\">{\"@context\":\"https:\\\/\\\/schema.org\",\"@graph\":[{\"@type\":\"WebPage\",\"@id\":\"https:\\\/\\\/www.artisanlocal.ch\\\/c\\\/jai-besoin-dun-chauffagiste-a-meyrin\\\/\",\"url\":\"https:\\\/\\\/www.artisanlocal.ch\\\/c\\\/jai-besoin-dun-chauffagiste-a-meyrin\\\/\",\"name\":\"Chauffagiste \u00e0 Meyrin - Artisanlocal\",\"isPartOf\":{\"@id\":\"https:\\\/\\\/www.artisanlocal.ch\\\/c\\\/#website\"},\"primaryImageOfPage\":{\"@id\":\"https:\\\/\\\/www.artisanlocal.ch\\\/c\\\/jai-besoin-dun-chauffagiste-a-meyrin\\\/#primaryimage\"},\"image\":{\"@id\":\"https:\\\/\\\/www.artisanlocal.ch\\\/c\\\/jai-besoin-dun-chauffagiste-a-meyrin\\\/#primaryimage\"},\"thumbnailUrl\":\"https:\\\/\\\/www.artisanlocal.ch\\\/c\\\/wp-content\\\/uploads\\\/2024\\\/10\\\/chauffagiste.jpg\",\"datePublished\":\"2024-04-18T14:03:19+00:00\",\"dateModified\":\"2025-08-26T23:32:30+00:00\",\"breadcrumb\":{\"@id\":\"https:\\\/\\\/www.artisanlocal.ch\\\/c\\\/jai-besoin-dun-chauffagiste-a-meyrin\\\/#breadcrumb\"},\"inLanguage\":\"fr-FR\",\"potentialAction\":[{\"@type\":\"ReadAction\",\"target\":[\"https:\\\/\\\/www.artisanlocal.ch\\\/c\\\/jai-besoin-dun-chauffagiste-a-meyrin\\\/\"]}]},{\"@type\":\"ImageObject\",\"inLanguage\":\"fr-FR\",\"@id\":\"https:\\\/\\\/www.artisanlocal.ch\\\/c\\\/jai-besoin-dun-chauffagiste-a-meyrin\\\/#primaryimage\",\"url\":\"https:\\\/\\\/www.artisanlocal.ch\\\/c\\\/wp-content\\\/uploads\\\/2024\\\/10\\\/chauffagiste.jpg\",\"contentUrl\":\"https:\\\/\\\/www.artisanlocal.ch\\\/c\\\/wp-content\\\/uploads\\\/2024\\\/10\\\/chauffagiste.jpg\",\"width\":1920,\"height\":300},{\"@type\":\"BreadcrumbList\",\"@id\":\"https:\\\/\\\/www.artisanlocal.ch\\\/c\\\/jai-besoin-dun-chauffagiste-a-meyrin\\\/#breadcrumb\",\"itemListElement\":[{\"@type\":\"ListItem\",\"position\":1,\"name\":\"Accueil\",\"item\":\"https:\\\/\\\/www.artisanlocal.ch\\\/c\\\/\"},{\"@type\":\"ListItem\",\"position\":2,\"name\":\"Chauffagiste \u00e0 Meyrin\"}]},{\"@type\":\"WebSite\",\"@id\":\"https:\\\/\\\/www.artisanlocal.ch\\\/c\\\/#website\",\"url\":\"https:\\\/\\\/www.artisanlocal.ch\\\/c\\\/\",\"name\":\"Artisanlocal\",\"description\":\"\",\"publisher\":{\"@id\":\"https:\\\/\\\/www.artisanlocal.ch\\\/c\\\/#organization\"},\"potentialAction\":[{\"@type\":\"SearchAction\",\"target\":{\"@type\":\"EntryPoint\",\"urlTemplate\":\"https:\\\/\\\/www.artisanlocal.ch\\\/c\\\/?s={search_term_string}\"},\"query-input\":{\"@type\":\"PropertyValueSpecification\",\"valueRequired\":true,\"valueName\":\"search_term_string\"}}],\"inLanguage\":\"fr-FR\"},{\"@type\":\"Organization\",\"@id\":\"https:\\\/\\\/www.artisanlocal.ch\\\/c\\\/#organization\",\"name\":\"Artisanlocal\",\"url\":\"https:\\\/\\\/www.artisanlocal.ch\\\/c\\\/\",\"logo\":{\"@type\":\"ImageObject\",\"inLanguage\":\"fr-FR\",\"@id\":\"https:\\\/\\\/www.artisanlocal.ch\\\/c\\\/#\\\/schema\\\/logo\\\/image\\\/\",\"url\":\"https:\\\/\\\/www.artisanlocal.ch\\\/c\\\/wp-content\\\/uploads\\\/2024\\\/02\\\/logo-artisanlocal-h.svg\",\"contentUrl\":\"https:\\\/\\\/www.artisanlocal.ch\\\/c\\\/wp-content\\\/uploads\\\/2024\\\/02\\\/logo-artisanlocal-h.svg\",\"caption\":\"Artisanlocal\"},\"image\":{\"@id\":\"https:\\\/\\\/www.artisanlocal.ch\\\/c\\\/#\\\/schema\\\/logo\\\/image\\\/\"}}]}<\/script>\n<!-- \/ Yoast SEO Premium plugin. -->","yoast_head_json":{"title":"Chauffagiste \u00e0 Meyrin - Artisanlocal","robots":{"index":"index","follow":"follow","max-snippet":"max-snippet:-1","max-image-preview":"max-image-preview:large","max-video-preview":"max-video-preview:-1"},"canonical":"https:\/\/www.artisanlocal.ch\/c\/jai-besoin-dun-chauffagiste-a-meyrin\/","og_locale":"fr_FR","og_type":"article","og_title":"Chauffagiste \u00e0 Meyrin","og_description":"Besoin d&rsquo;un chauffagiste \u00e0 Meyrin ? Artisanlocal r\u00e9pare votre chaudi\u00e8re et r\u00e9alise l&rsquo;installation de votre chauffage \u00e0 Meyrin. En travaillant avec notre entreprise, vous b\u00e9n\u00e9ficiez : De prix transparent, de prestations de qualit\u00e9, d&rsquo;un chauffagiste \u00e0 Meyrin et qui intervient dans les villes \u00e0 proximit\u00e9s, d&rsquo;une \u00e9quipe avec de l&rsquo;exp\u00e9rience, de devis gratuit, d&rsquo;experts disponibles [&hellip;]","og_url":"https:\/\/www.artisanlocal.ch\/c\/jai-besoin-dun-chauffagiste-a-meyrin\/","og_site_name":"Artisanlocal","article_modified_time":"2025-08-26T23:32:30+00:00","og_image":[{"width":1920,"height":300,"url":"https:\/\/www.artisanlocal.ch\/c\/wp-content\/uploads\/2024\/10\/chauffagiste.jpg","type":"image\/jpeg"}],"twitter_card":"summary_large_image","twitter_misc":{"Dur\u00e9e de lecture estim\u00e9e":"6 minutes"},"schema":{"@context":"https:\/\/schema.org","@graph":[{"@type":"WebPage","@id":"https:\/\/www.artisanlocal.ch\/c\/jai-besoin-dun-chauffagiste-a-meyrin\/","url":"https:\/\/www.artisanlocal.ch\/c\/jai-besoin-dun-chauffagiste-a-meyrin\/","name":"Chauffagiste \u00e0 Meyrin - Artisanlocal","isPartOf":{"@id":"https:\/\/www.artisanlocal.ch\/c\/#website"},"primaryImageOfPage":{"@id":"https:\/\/www.artisanlocal.ch\/c\/jai-besoin-dun-chauffagiste-a-meyrin\/#primaryimage"},"image":{"@id":"https:\/\/www.artisanlocal.ch\/c\/jai-besoin-dun-chauffagiste-a-meyrin\/#primaryimage"},"thumbnailUrl":"https:\/\/www.artisanlocal.ch\/c\/wp-content\/uploads\/2024\/10\/chauffagiste.jpg","datePublished":"2024-04-18T14:03:19+00:00","dateModified":"2025-08-26T23:32:30+00:00","breadcrumb":{"@id":"https:\/\/www.artisanlocal.ch\/c\/jai-besoin-dun-chauffagiste-a-meyrin\/#breadcrumb"},"inLanguage":"fr-FR","potentialAction":[{"@type":"ReadAction","target":["https:\/\/www.artisanlocal.ch\/c\/jai-besoin-dun-chauffagiste-a-meyrin\/"]}]},{"@type":"ImageObject","inLanguage":"fr-FR","@id":"https:\/\/www.artisanlocal.ch\/c\/jai-besoin-dun-chauffagiste-a-meyrin\/#primaryimage","url":"https:\/\/www.artisanlocal.ch\/c\/wp-content\/uploads\/2024\/10\/chauffagiste.jpg","contentUrl":"https:\/\/www.artisanlocal.ch\/c\/wp-content\/uploads\/2024\/10\/chauffagiste.jpg","width":1920,"height":300},{"@type":"BreadcrumbList","@id":"https:\/\/www.artisanlocal.ch\/c\/jai-besoin-dun-chauffagiste-a-meyrin\/#breadcrumb","itemListElement":[{"@type":"ListItem","position":1,"name":"Accueil","item":"https:\/\/www.artisanlocal.ch\/c\/"},{"@type":"ListItem","position":2,"name":"Chauffagiste \u00e0 Meyrin"}]},{"@type":"WebSite","@id":"https:\/\/www.artisanlocal.ch\/c\/#website","url":"https:\/\/www.artisanlocal.ch\/c\/","name":"Artisanlocal","description":"","publisher":{"@id":"https:\/\/www.artisanlocal.ch\/c\/#organization"},"potentialAction":[{"@type":"SearchAction","target":{"@type":"EntryPoint","urlTemplate":"https:\/\/www.artisanlocal.ch\/c\/?s={search_term_string}"},"query-input":{"@type":"PropertyValueSpecification","valueRequired":true,"valueName":"search_term_string"}}],"inLanguage":"fr-FR"},{"@type":"Organization","@id":"https:\/\/www.artisanlocal.ch\/c\/#organization","name":"Artisanlocal","url":"https:\/\/www.artisanlocal.ch\/c\/","logo":{"@type":"ImageObject","inLanguage":"fr-FR","@id":"https:\/\/www.artisanlocal.ch\/c\/#\/schema\/logo\/image\/","url":"https:\/\/www.artisanlocal.ch\/c\/wp-content\/uploads\/2024\/02\/logo-artisanlocal-h.svg","contentUrl":"https:\/\/www.artisanlocal.ch\/c\/wp-content\/uploads\/2024\/02\/logo-artisanlocal-h.svg","caption":"Artisanlocal"},"image":{"@id":"https:\/\/www.artisanlocal.ch\/c\/#\/schema\/logo\/image\/"}}]}},"_links":{"self":[{"href":"https:\/\/www.artisanlocal.ch\/c\/wp-json\/wp\/v2\/pages\/667","targetHints":{"allow":["GET"]}}],"collection":[{"href":"https:\/\/www.artisanlocal.ch\/c\/wp-json\/wp\/v2\/pages"}],"about":[{"href":"https:\/\/www.artisanlocal.ch\/c\/wp-json\/wp\/v2\/types\/page"}],"author":[{"embeddable":true,"href":"https:\/\/www.artisanlocal.ch\/c\/wp-json\/wp\/v2\/users\/4"}],"replies":[{"embeddable":true,"href":"https:\/\/www.artisanlocal.ch\/c\/wp-json\/wp\/v2\/comments?post=667"}],"version-history":[{"count":0,"href":"https:\/\/www.artisanlocal.ch\/c\/wp-json\/wp\/v2\/pages\/667\/revisions"}],"wp:featuredmedia":[{"embeddable":true,"href":"https:\/\/www.artisanlocal.ch\/c\/wp-json\/wp\/v2\/media\/2757"}],"wp:attachment":[{"href":"https:\/\/www.artisanlocal.ch\/c\/wp-json\/wp\/v2\/media?parent=667"}],"wp:term":[{"taxonomy":"profession","embeddable":true,"href":"https:\/\/www.artisanlocal.ch\/c\/wp-json\/wp\/v2\/profession?post=667"},{"taxonomy":"location","embeddable":true,"href":"https:\/\/www.artisanlocal.ch\/c\/wp-json\/wp\/v2\/location?post=667"},{"taxonomy":"canton","embeddable":true,"href":"https:\/\/www.artisanlocal.ch\/c\/wp-json\/wp\/v2\/canton?post=667"}],"curies":[{"name":"wp","href":"https:\/\/api.w.org\/{rel}","templated":true}]}}