{"id":668,"date":"2024-04-19T22:37:14","date_gmt":"2024-04-19T20:37:14","guid":{"rendered":"https:\/\/www.artisanlocal.ch\/c\/chauffagiste-a-carouge\/"},"modified":"2025-11-12T19:19:40","modified_gmt":"2025-11-12T18:19:40","slug":"chauffagiste-a-carouge","status":"publish","type":"page","link":"https:\/\/www.artisanlocal.ch\/c\/chauffagiste-a-carouge\/","title":{"rendered":"Chauffagiste \u00e0 Carouge GE"},"content":{"rendered":"<p>Besoin d&rsquo;un chauffagiste \u00e0 Carouge GE ? Artisanlocal intervient rapidement pour r\u00e9parer et installer votre chauffage \u00e0 Carouge GE et dans les villes aux alentours.<\/p>\n\r\n<div class=\"box\">\r\n            <div class=\"company-info\">\r\n            <img decoding=\"async\" class=\"company-info__logo\" src=\"https:\/\/www.artisanlocal.ch\/media\/cache\/thumb\/images\/companies\/aqua-leman-sa.png\" alt=\"Logo\">\r\n            <h2 class=\"company-info__name\">Aqua Leman SA<\/h2>\r\n            <p class=\"company-info__business\">Pompes \u00e0 chaleur - Chauffages - Installations sanitaires - Plomberie - D\u00e9pannage - R\u00e9novation<\/p>\r\n        <\/div>\r\n        <div class=\"company-contact\">\r\n            <p class=\"company-info__address\">Place du Rondeau 7<\/p>\r\n                            <div class=\"links\">\r\n                                            <a class=\"btn has-accent-background-color js-phoneNumber\" href=\"tel:0789099065\" title=\"Appelez\" data-id=\"4331\" data-type=\"11\">078 909 90 65<\/a>\r\n                                                                <a class=\"btn has-accent-background-color\" href=\"https:\/\/aqua-leman.ch\/\" target=\"_blank\" title=\"Voir le site internet\" data-id=\"4331\" data-type=\"20\">Site internet<\/a>\r\n                                    <\/div>\r\n                    <\/div>\r\n    \r\n            \r\n<form action=\"https:\/\/www.artisanlocal.ch\/c\/wp-admin\/admin-ajax.php\" method=\"post\" class=\"form-contact\" id=\"artisan_form_contact_company_inline\">\r\n    <div><input type=\"hidden\" name=\"action\" value=\"company_contact\"><\/div>\r\n    <div><input type=\"hidden\" name=\"nonce\" value=\"85ec494698\"><\/div>\r\n    <div><input type=\"hidden\" name=\"company_id\" value=\"4331\"><\/div>\r\n    <div><input type=\"hidden\" name=\"form_id\" value=\"artisan_form_contact_company_inline\"><\/div>\r\n    <div class=\"gglcptch gglcptch_v3 gglcptch_custom\"><input type=\"hidden\" id=\"g-recaptcha-response\" name=\"g-recaptcha-response\" \/><br \/><div class=\"gglcptch_error_text\">La p\u00e9riode de v\u00e9rification reCAPTCHA a expir\u00e9. Veuillez recharger la page.<\/div><\/div>    <div class=\"form-content\">\r\n        <div class=\"form-group\">\r\n            <label for=\"contact_firstName\" class=\"required\">Pr\u00e9nom<\/label>\r\n            <input type=\"text\" name=\"firstName\" class=\"form-control\" required>\r\n        <\/div>\r\n        <div class=\"form-group\">\r\n            <label for=\"contact_lastName\" class=\"required\">Nom<\/label>\r\n            <input type=\"text\" name=\"lastName\" class=\"form-control\" required>\r\n        <\/div>\r\n        <div class=\"form-group\">\r\n            <label for=\"contact_email\" class=\"required\">Email<\/label>\r\n            <input type=\"email\" name=\"email\" class=\"form-control\" required>\r\n        <\/div>\r\n        <div class=\"form-group\">\r\n            <label for=\"contact_phone\" class=\"required\">Num\u00e9ro de t\u00e9l\u00e9phone<\/label>\r\n            <input type=\"tel\" name=\"phone\" class=\"form-control\" placeholder=\"0787117165\" pattern=\"^[0-9]{10}$\" required>\r\n        <\/div>\r\n        <div class=\"form-group\">\r\n            <label for=\"contact_postalCode\" class=\"required\">Code postal et localit\u00e9<\/label>\r\n            <input type=\"text\" name=\"postalCode\" class=\"form-control\" required>\r\n        <\/div>\r\n        <div class=\"form-group\">\r\n            <label for=\"contact_address\" class=\"required\">Adresse<\/label>\r\n            <input type=\"text\" name=\"address\" class=\"form-control\" required>\r\n        <\/div>\r\n        <div class=\"full-width topic\">\r\n            <p class=\"required\">Je souhaite \u00eatre contact\u00e9 pour :<\/p>\r\n            <div class=\"form-check\">\r\n                <input type=\"radio\" name=\"topic\" value=\"D\u00e9pannage\" class=\"form-control\" required>\r\n                <label for=\"d\u00e9pannage\">D\u00e9pannage<\/label>\r\n            <\/div>\r\n            <div class=\"form-check\">\r\n                <input type=\"radio\" name=\"topic\" value=\"Entretien\" class=\"form-control\" required>\r\n                <label for=\"entretien\">Entretien<\/label>\r\n            <\/div>\r\n            <div class=\"form-check\">\r\n                <input type=\"radio\" name=\"topic\" value=\"R\u00e9novation\" class=\"form-control\" required>\r\n                <label for=\"r\u00e9novation\">R\u00e9novation<\/label>\r\n            <\/div>\r\n            <div class=\"form-check\">\r\n                <input type=\"radio\" name=\"topic\" value=\"Autre\" class=\"form-control\" required>\r\n                <label for=\"autre\">Autre<\/label>\r\n            <\/div>\r\n        <\/div>\r\n        <div class=\"form-group full-width\">\r\n            <label for=\"contact_message\">Message<\/label>\r\n            <textarea name=\"message\" rows=\"3\" class=\"form-control\"><\/textarea>\r\n        <\/div>\r\n    <\/div>\r\n    <div class=\"form-actions\">\r\n        <button class=\"wp-block-button__link has-accent-background-color\">Contacter<\/button>\r\n    <\/div>\r\n<\/form>\r\n<div class=\"form-feedback\"><\/div>    <\/div>\n<h2>Pourquoi choisir Artisanlocal ?<\/h2>\n<ul>\n<li>Nos techniciens interviennent en urgence \u00e0 Carouge GE et dans les villes proches.<\/li>\n<li>Devis gratuits.<\/li>\n<li>Tarifs transparents et comp\u00e9titifs.<\/li>\n<li>Chauffagiste joignable du lundi au samedi.<\/li>\n<\/ul>\n<h2>Pourquoi doit-on entretenir un chauffage ?<\/h2>\n<p>Assurer le fonctionnement optimal de votre chauffage est essentiel, surtout, si vous avez des jeunes enfants. Nos chauffagistes vous aide \u00e0 r\u00e9gler la meilleure temp\u00e9rature possible et \u00e0 contr\u00f4ler le taux de monoxyde de carbone cr\u00e9e par votre chauffage. Nos artisans assurent l&rsquo;entretien de votre chauffage, quel que soit le type : \u00e0 accumulation, basse temp\u00e9rature, fioul, condensation, \u00e9lectrique ou \u00e0 gaz.<\/p>\n<h2>Est-il possible qu&rsquo;Artisanlocal m&rsquo;aide \u00e0 distance ?<\/h2>\n<p>Oui, Artisanlocal peut vous aider \u00e0 distance. Il suffit juste de nous expliquer votre probl\u00e9matique pour que nous puissions en \u00e9valuer les causes et identifier la solution. Il faut garder en t\u00eate que dans la majorit\u00e9 des situations, un expert doit intervenir chez vous pour identifier et corriger le probl\u00e8me.<\/p>\n<h2>Comment fonctionne Artisanlocal ?<\/h2>\n<ol>\n<li>Prise de contact : il est indispensable que vous preniez contact avec nous par e-mail ou par t\u00e9l\u00e9phone.<\/li>\n<li>D\u00e9placement : un de nos techniciens se d\u00e9place \u00e0 votre domicile.<\/li>\n<li>Estimation : un technicien estime le volume de vos pi\u00e8ces, l&rsquo;isolation et l&rsquo;\u00e9quipement actuel pour \u00e9valuer et trouver la meilleure solution.<\/li>\n<li>Recommandation : le technicien vous aide \u00e0 choisir le meilleur chauffage possible (en prenant compte de la rentabilit\u00e9 et le rendement que vous souhaitez obtenir).<\/li>\n<li>Prix : ensuite, vous recevez un devis d\u00e9taill\u00e9.<\/li>\n<li>Installation : apr\u00e8s avoir accept\u00e9 notre devis et en fonction de vos disponibilit\u00e9s, nous installons votre chauffage, et ajustons le thermostat.<\/li>\n<\/ol>\n<h2>Quels sont les meilleurs types de chauffages ?<\/h2>\n<p>Le technicien qui intervient chez vous, vous conseille pour choisir le syst\u00e8me de chauffage : \u00e0 gaz, \u00e9lectriques, fioul, classiques, condensation ou basses temp\u00e9ratures.<\/p>\n<p>Les chauffages \u00e0 basse temp\u00e9rature ou \u00e0 condensation, malgr\u00e9 un prix d&rsquo;achat plus important, vous permettent de r\u00e9aliser des \u00e9conomies sur le long terme.<\/p>\n<h2>Maintenance de votre chauffage \u00e0 Carouge GE<\/h2>\n<p>Assurez-vous de r\u00e9aliser l&rsquo;entretien de votre chauffage tous les ans, qu&rsquo;il soit au fioul ou au gaz. Faire appel \u00e0 un chauffagiste pour l&rsquo;entretien de votre chauffage permet de contr\u00f4ler les taux de monoxyde de carbone. \u00c0 noter, si votre chauffage fabrique trop de monoxyde de carbone, cela peut provoquer une intoxication.<\/p>\n<h2>Entretien r\u00e9gulier de votre chauffage \u00e0 Carouge GE<\/h2>\n<p>Pour assurer le bon \u00e9tat de marche de votre chauffage, nous proposons des contrats d&rsquo;entretien. Avec une maintenance r\u00e9guli\u00e8re, vous faites des \u00e9conomies et \u00e9viter les pannes et les interventions en urgence.<\/p>\n<p>D&rsquo;autre part, dans le cas o\u00f9 vous auriez un sinistre, votre assurance vous demande le contrat d&rsquo;entretien pour v\u00e9rifier l&rsquo;\u00e9tat de votre chauffage avant l&rsquo;accident. Nous proposons des contrats d&rsquo;entretiens pluriannuels ou annuels.<\/p>\n<h2>Quels sont les avantages de signer un contrat de maintenance pour votre chauffage ?<\/h2>\n<p>Si vous avez des pi\u00e8ces d\u00e9fectueuses, nous garantissons le remplacement des pi\u00e8ces imm\u00e9diatement. Par ailleurs, nous nous engageons \u00e0 inspecter l&rsquo;ensemble de votre chauffage, comme :<\/p>\n<ul>\n<li>Les niveaux de pression dans vos conduits,<\/li>\n<li>l&rsquo;\u00e9tat de votre br\u00fbleur, des tuyaux de raccordement et des \u00e9l\u00e9ments chauffants.<\/li>\n<\/ul>\n<h2>Quels sont les services que proposent Artisanlocal \u00e0 Carouge GE ?<\/h2>\n<ul>\n<li>D\u00e9sembouage et le d\u00e9tartrage de vos radiateurs.<\/li>\n<li>Purge de vos radiateurs.<\/li>\n<li>Entretien des chauffe-eau et des chaudi\u00e8res.<\/li>\n<li>Ajustement des thermostats.<\/li>\n<li>Entretien des chaudi\u00e8res \u00e0 condensation, basses temp\u00e9ratures, \u00e0 gaz, \u00e0 fioul, \u00e0 accumulation et \u00e9lectriques.<\/li>\n<li>R\u00e9paration de la vanne de purge.<\/li>\n<li>Intervention et la remise en \u00e9tat : fuite de canalisation, radiateur qui ne marche plus, chaudi\u00e8re.<\/li>\n<li>Installation : chauffage, chaudi\u00e8re, pompe \u00e0 chaleur, radiateur \u00e9lectrique, plancher chauffant.<\/li>\n<\/ul>\n<h2>FAQ<\/h2>\n<h3>Pourquoi engager un chauffagiste Carouge GEois ?<\/h3>\n<ul>\n<li>Stabiliser la temp\u00e9rature de vos pi\u00e8ces.<\/li>\n<li>\u00c9conomiser de l&rsquo;argent et limiter vos \u00e9missions de CO2.<\/li>\n<li>R\u00e9pondre aux normes de s\u00fbret\u00e9 en vigueur.<\/li>\n<li>Anticiper les pannes.<\/li>\n<\/ul>\n<h3>Quels sont les \u00e9l\u00e9ments \u00e0 prendre en consid\u00e9ration pour s\u00e9lectionner le bon technicien chauffagiste \u00e0 Carouge GE ?<\/h3>\n<p>Les comp\u00e9tences : contr\u00f4lez les certifications, cela vous garantit que l\u2019entreprise \u00e0 un v\u00e9ritable savoir-faire dans son domaine d&rsquo;expertise.<\/p>\n<p>Les avis clients : n&rsquo;h\u00e9sitez pas \u00e0 regarder les t\u00e9moignages des clients ayant d\u00e9j\u00e0 eu recours \u00e0 l&rsquo;entreprise de mani\u00e8re \u00e0 vous faire une id\u00e9e.<\/p>\n<p>Les assurances : v\u00e9rifiez que l&rsquo;entreprise de chauffage dispose d&rsquo;une assurance qui couvrira les possibles dommages caus\u00e9s lors de ses interventions.<\/p>\n<h3>Quelle est votre vitesse d&rsquo;action \u00e0 Carouge GE ?<\/h3>\n<p>Nous pouvons intervenir en urgence chez vous dans les 48 heures.<\/p>\n<h3>Pouvez-vous intervenir \u00e0 Carouge GE et \u00e0 proximit\u00e9 ?<\/h3>\n<p>Oui, nous pouvons intervenir \u00e0 Carouge GE et dans les villes aux alentours, par exemple : Gen\u00e8ve, Grand-Lancy, Petit-Lancy, Onex, A\u00efre, V\u00e9senaz, Cologny, Ch\u00eane-Bougeries, Ch\u00eane-Bourg, Th\u00f4nex, Les Acacias, Plan-les-Ouates, Conches, Confignon, Bernex, Vessy, Cartigny, Avully, Puplinge, Presinge, Choulex, Collonge-Bellerive, Corsier GE, Ani\u00e8res, Hermance, Gy, Meinier, Vandoeuvres, Jussy, Veyrier, Troinex, La Croix-de-Rozon, Perly, Chancy, Athenaz (Avusy), Soral, Laconnex, Aire-la-Ville.<\/p>\n","protected":false},"excerpt":{"rendered":"<p>Besoin d&rsquo;un chauffagiste \u00e0 Carouge GE ? Artisanlocal intervient rapidement pour r\u00e9parer et installer votre chauffage \u00e0 Carouge GE et dans les villes aux alentours. Pourquoi choisir Artisanlocal ? Nos techniciens interviennent en urgence \u00e0 Carouge GE et dans les villes proches. Devis gratuits. Tarifs transparents et comp\u00e9titifs. Chauffagiste joignable du lundi au samedi. Pourquoi [&hellip;]<\/p>\n","protected":false},"author":4,"featured_media":2757,"parent":0,"menu_order":0,"comment_status":"closed","ping_status":"closed","template":"","meta":{"footnotes":""},"profession":[120],"location":[96],"canton":[112],"class_list":["post-668","page","type-page","status-publish","has-post-thumbnail","hentry","profession-chauffagiste","location-carouge-ge","canton-ge"],"yoast_head":"<!-- This site is optimized with the Yoast SEO Premium plugin v25.7.1 (Yoast SEO v27.3) - https:\/\/yoast.com\/product\/yoast-seo-premium-wordpress\/ -->\n<title>Chauffagiste \u00e0 Carouge GE - Artisanlocal<\/title>\n<meta name=\"robots\" content=\"index, follow, max-snippet:-1, max-image-preview:large, max-video-preview:-1\" \/>\n<link rel=\"canonical\" href=\"https:\/\/www.artisanlocal.ch\/c\/chauffagiste-a-carouge\/\" \/>\n<meta property=\"og:locale\" content=\"fr_FR\" \/>\n<meta property=\"og:type\" content=\"article\" \/>\n<meta property=\"og:title\" content=\"Chauffagiste \u00e0 Carouge GE\" \/>\n<meta property=\"og:description\" content=\"Besoin d&rsquo;un chauffagiste \u00e0 Carouge GE ? Artisanlocal intervient rapidement pour r\u00e9parer et installer votre chauffage \u00e0 Carouge GE et dans les villes aux alentours. Pourquoi choisir Artisanlocal ? Nos techniciens interviennent en urgence \u00e0 Carouge GE et dans les villes proches. Devis gratuits. Tarifs transparents et comp\u00e9titifs. Chauffagiste joignable du lundi au samedi. Pourquoi [&hellip;]\" \/>\n<meta property=\"og:url\" content=\"https:\/\/www.artisanlocal.ch\/c\/chauffagiste-a-carouge\/\" \/>\n<meta property=\"og:site_name\" content=\"Artisanlocal\" \/>\n<meta property=\"article:modified_time\" content=\"2025-11-12T18:19:40+00:00\" \/>\n<meta property=\"og:image\" content=\"https:\/\/www.artisanlocal.ch\/c\/wp-content\/uploads\/2024\/10\/chauffagiste.jpg\" \/>\n\t<meta property=\"og:image:width\" content=\"1920\" \/>\n\t<meta property=\"og:image:height\" content=\"300\" \/>\n\t<meta property=\"og:image:type\" content=\"image\/jpeg\" \/>\n<meta name=\"twitter:card\" content=\"summary_large_image\" \/>\n<meta name=\"twitter:label1\" content=\"Dur\u00e9e de lecture estim\u00e9e\" \/>\n\t<meta name=\"twitter:data1\" content=\"4 minutes\" \/>\n<script type=\"application\/ld+json\" class=\"yoast-schema-graph\">{\"@context\":\"https:\\\/\\\/schema.org\",\"@graph\":[{\"@type\":\"WebPage\",\"@id\":\"https:\\\/\\\/www.artisanlocal.ch\\\/c\\\/chauffagiste-a-carouge\\\/\",\"url\":\"https:\\\/\\\/www.artisanlocal.ch\\\/c\\\/chauffagiste-a-carouge\\\/\",\"name\":\"Chauffagiste \u00e0 Carouge GE - Artisanlocal\",\"isPartOf\":{\"@id\":\"https:\\\/\\\/www.artisanlocal.ch\\\/c\\\/#website\"},\"primaryImageOfPage\":{\"@id\":\"https:\\\/\\\/www.artisanlocal.ch\\\/c\\\/chauffagiste-a-carouge\\\/#primaryimage\"},\"image\":{\"@id\":\"https:\\\/\\\/www.artisanlocal.ch\\\/c\\\/chauffagiste-a-carouge\\\/#primaryimage\"},\"thumbnailUrl\":\"https:\\\/\\\/www.artisanlocal.ch\\\/c\\\/wp-content\\\/uploads\\\/2024\\\/10\\\/chauffagiste.jpg\",\"datePublished\":\"2024-04-19T20:37:14+00:00\",\"dateModified\":\"2025-11-12T18:19:40+00:00\",\"breadcrumb\":{\"@id\":\"https:\\\/\\\/www.artisanlocal.ch\\\/c\\\/chauffagiste-a-carouge\\\/#breadcrumb\"},\"inLanguage\":\"fr-FR\",\"potentialAction\":[{\"@type\":\"ReadAction\",\"target\":[\"https:\\\/\\\/www.artisanlocal.ch\\\/c\\\/chauffagiste-a-carouge\\\/\"]}]},{\"@type\":\"ImageObject\",\"inLanguage\":\"fr-FR\",\"@id\":\"https:\\\/\\\/www.artisanlocal.ch\\\/c\\\/chauffagiste-a-carouge\\\/#primaryimage\",\"url\":\"https:\\\/\\\/www.artisanlocal.ch\\\/c\\\/wp-content\\\/uploads\\\/2024\\\/10\\\/chauffagiste.jpg\",\"contentUrl\":\"https:\\\/\\\/www.artisanlocal.ch\\\/c\\\/wp-content\\\/uploads\\\/2024\\\/10\\\/chauffagiste.jpg\",\"width\":1920,\"height\":300},{\"@type\":\"BreadcrumbList\",\"@id\":\"https:\\\/\\\/www.artisanlocal.ch\\\/c\\\/chauffagiste-a-carouge\\\/#breadcrumb\",\"itemListElement\":[{\"@type\":\"ListItem\",\"position\":1,\"name\":\"Accueil\",\"item\":\"https:\\\/\\\/www.artisanlocal.ch\\\/c\\\/\"},{\"@type\":\"ListItem\",\"position\":2,\"name\":\"Chauffagiste \u00e0 Carouge\"}]},{\"@type\":\"WebSite\",\"@id\":\"https:\\\/\\\/www.artisanlocal.ch\\\/c\\\/#website\",\"url\":\"https:\\\/\\\/www.artisanlocal.ch\\\/c\\\/\",\"name\":\"Artisanlocal\",\"description\":\"\",\"publisher\":{\"@id\":\"https:\\\/\\\/www.artisanlocal.ch\\\/c\\\/#organization\"},\"potentialAction\":[{\"@type\":\"SearchAction\",\"target\":{\"@type\":\"EntryPoint\",\"urlTemplate\":\"https:\\\/\\\/www.artisanlocal.ch\\\/c\\\/?s={search_term_string}\"},\"query-input\":{\"@type\":\"PropertyValueSpecification\",\"valueRequired\":true,\"valueName\":\"search_term_string\"}}],\"inLanguage\":\"fr-FR\"},{\"@type\":\"Organization\",\"@id\":\"https:\\\/\\\/www.artisanlocal.ch\\\/c\\\/#organization\",\"name\":\"Artisanlocal\",\"url\":\"https:\\\/\\\/www.artisanlocal.ch\\\/c\\\/\",\"logo\":{\"@type\":\"ImageObject\",\"inLanguage\":\"fr-FR\",\"@id\":\"https:\\\/\\\/www.artisanlocal.ch\\\/c\\\/#\\\/schema\\\/logo\\\/image\\\/\",\"url\":\"https:\\\/\\\/www.artisanlocal.ch\\\/c\\\/wp-content\\\/uploads\\\/2024\\\/02\\\/logo-artisanlocal-h.svg\",\"contentUrl\":\"https:\\\/\\\/www.artisanlocal.ch\\\/c\\\/wp-content\\\/uploads\\\/2024\\\/02\\\/logo-artisanlocal-h.svg\",\"caption\":\"Artisanlocal\"},\"image\":{\"@id\":\"https:\\\/\\\/www.artisanlocal.ch\\\/c\\\/#\\\/schema\\\/logo\\\/image\\\/\"}}]}<\/script>\n<!-- \/ Yoast SEO Premium plugin. -->","yoast_head_json":{"title":"Chauffagiste \u00e0 Carouge GE - Artisanlocal","robots":{"index":"index","follow":"follow","max-snippet":"max-snippet:-1","max-image-preview":"max-image-preview:large","max-video-preview":"max-video-preview:-1"},"canonical":"https:\/\/www.artisanlocal.ch\/c\/chauffagiste-a-carouge\/","og_locale":"fr_FR","og_type":"article","og_title":"Chauffagiste \u00e0 Carouge GE","og_description":"Besoin d&rsquo;un chauffagiste \u00e0 Carouge GE ? Artisanlocal intervient rapidement pour r\u00e9parer et installer votre chauffage \u00e0 Carouge GE et dans les villes aux alentours. Pourquoi choisir Artisanlocal ? Nos techniciens interviennent en urgence \u00e0 Carouge GE et dans les villes proches. Devis gratuits. Tarifs transparents et comp\u00e9titifs. Chauffagiste joignable du lundi au samedi. Pourquoi [&hellip;]","og_url":"https:\/\/www.artisanlocal.ch\/c\/chauffagiste-a-carouge\/","og_site_name":"Artisanlocal","article_modified_time":"2025-11-12T18:19:40+00:00","og_image":[{"width":1920,"height":300,"url":"https:\/\/www.artisanlocal.ch\/c\/wp-content\/uploads\/2024\/10\/chauffagiste.jpg","type":"image\/jpeg"}],"twitter_card":"summary_large_image","twitter_misc":{"Dur\u00e9e de lecture estim\u00e9e":"4 minutes"},"schema":{"@context":"https:\/\/schema.org","@graph":[{"@type":"WebPage","@id":"https:\/\/www.artisanlocal.ch\/c\/chauffagiste-a-carouge\/","url":"https:\/\/www.artisanlocal.ch\/c\/chauffagiste-a-carouge\/","name":"Chauffagiste \u00e0 Carouge GE - Artisanlocal","isPartOf":{"@id":"https:\/\/www.artisanlocal.ch\/c\/#website"},"primaryImageOfPage":{"@id":"https:\/\/www.artisanlocal.ch\/c\/chauffagiste-a-carouge\/#primaryimage"},"image":{"@id":"https:\/\/www.artisanlocal.ch\/c\/chauffagiste-a-carouge\/#primaryimage"},"thumbnailUrl":"https:\/\/www.artisanlocal.ch\/c\/wp-content\/uploads\/2024\/10\/chauffagiste.jpg","datePublished":"2024-04-19T20:37:14+00:00","dateModified":"2025-11-12T18:19:40+00:00","breadcrumb":{"@id":"https:\/\/www.artisanlocal.ch\/c\/chauffagiste-a-carouge\/#breadcrumb"},"inLanguage":"fr-FR","potentialAction":[{"@type":"ReadAction","target":["https:\/\/www.artisanlocal.ch\/c\/chauffagiste-a-carouge\/"]}]},{"@type":"ImageObject","inLanguage":"fr-FR","@id":"https:\/\/www.artisanlocal.ch\/c\/chauffagiste-a-carouge\/#primaryimage","url":"https:\/\/www.artisanlocal.ch\/c\/wp-content\/uploads\/2024\/10\/chauffagiste.jpg","contentUrl":"https:\/\/www.artisanlocal.ch\/c\/wp-content\/uploads\/2024\/10\/chauffagiste.jpg","width":1920,"height":300},{"@type":"BreadcrumbList","@id":"https:\/\/www.artisanlocal.ch\/c\/chauffagiste-a-carouge\/#breadcrumb","itemListElement":[{"@type":"ListItem","position":1,"name":"Accueil","item":"https:\/\/www.artisanlocal.ch\/c\/"},{"@type":"ListItem","position":2,"name":"Chauffagiste \u00e0 Carouge"}]},{"@type":"WebSite","@id":"https:\/\/www.artisanlocal.ch\/c\/#website","url":"https:\/\/www.artisanlocal.ch\/c\/","name":"Artisanlocal","description":"","publisher":{"@id":"https:\/\/www.artisanlocal.ch\/c\/#organization"},"potentialAction":[{"@type":"SearchAction","target":{"@type":"EntryPoint","urlTemplate":"https:\/\/www.artisanlocal.ch\/c\/?s={search_term_string}"},"query-input":{"@type":"PropertyValueSpecification","valueRequired":true,"valueName":"search_term_string"}}],"inLanguage":"fr-FR"},{"@type":"Organization","@id":"https:\/\/www.artisanlocal.ch\/c\/#organization","name":"Artisanlocal","url":"https:\/\/www.artisanlocal.ch\/c\/","logo":{"@type":"ImageObject","inLanguage":"fr-FR","@id":"https:\/\/www.artisanlocal.ch\/c\/#\/schema\/logo\/image\/","url":"https:\/\/www.artisanlocal.ch\/c\/wp-content\/uploads\/2024\/02\/logo-artisanlocal-h.svg","contentUrl":"https:\/\/www.artisanlocal.ch\/c\/wp-content\/uploads\/2024\/02\/logo-artisanlocal-h.svg","caption":"Artisanlocal"},"image":{"@id":"https:\/\/www.artisanlocal.ch\/c\/#\/schema\/logo\/image\/"}}]}},"_links":{"self":[{"href":"https:\/\/www.artisanlocal.ch\/c\/wp-json\/wp\/v2\/pages\/668","targetHints":{"allow":["GET"]}}],"collection":[{"href":"https:\/\/www.artisanlocal.ch\/c\/wp-json\/wp\/v2\/pages"}],"about":[{"href":"https:\/\/www.artisanlocal.ch\/c\/wp-json\/wp\/v2\/types\/page"}],"author":[{"embeddable":true,"href":"https:\/\/www.artisanlocal.ch\/c\/wp-json\/wp\/v2\/users\/4"}],"replies":[{"embeddable":true,"href":"https:\/\/www.artisanlocal.ch\/c\/wp-json\/wp\/v2\/comments?post=668"}],"version-history":[{"count":0,"href":"https:\/\/www.artisanlocal.ch\/c\/wp-json\/wp\/v2\/pages\/668\/revisions"}],"wp:featuredmedia":[{"embeddable":true,"href":"https:\/\/www.artisanlocal.ch\/c\/wp-json\/wp\/v2\/media\/2757"}],"wp:attachment":[{"href":"https:\/\/www.artisanlocal.ch\/c\/wp-json\/wp\/v2\/media?parent=668"}],"wp:term":[{"taxonomy":"profession","embeddable":true,"href":"https:\/\/www.artisanlocal.ch\/c\/wp-json\/wp\/v2\/profession?post=668"},{"taxonomy":"location","embeddable":true,"href":"https:\/\/www.artisanlocal.ch\/c\/wp-json\/wp\/v2\/location?post=668"},{"taxonomy":"canton","embeddable":true,"href":"https:\/\/www.artisanlocal.ch\/c\/wp-json\/wp\/v2\/canton?post=668"}],"curies":[{"name":"wp","href":"https:\/\/api.w.org\/{rel}","templated":true}]}}