{"id":669,"date":"2024-04-19T20:13:52","date_gmt":"2024-04-19T18:13:52","guid":{"rendered":"https:\/\/www.artisanlocal.ch\/c\/chauffagiste-a-villeneuve\/"},"modified":"2025-09-04T12:08:33","modified_gmt":"2025-09-04T10:08:33","slug":"chauffagiste-a-villeneuve","status":"publish","type":"page","link":"https:\/\/www.artisanlocal.ch\/c\/chauffagiste-a-villeneuve\/","title":{"rendered":"Chauffagiste \u00e0 Villeneuve VD"},"content":{"rendered":"<p>Besoin d&rsquo;un sp\u00e9cialiste du chauffage \u00e0 Villeneuve VD ? Si vous \u00eates un Villeneuvois, notre entreprise installe et r\u00e9pare votre chauffage. En travaillant avec notre entreprise, vous profitez :<\/p>\n<ul>\n<li>d&rsquo;une tarification d\u00e9taill\u00e9e,<\/li>\n<li>d&rsquo;un service haut de gamme,<\/li>\n<li>d&rsquo;un chauffagiste \u00e0 Villeneuve VD et dans les villes aux alentours,<\/li>\n<li>d&rsquo;une entreprise avec de l&rsquo;exp\u00e9rience,<\/li>\n<li>d&rsquo;un devis gratuit,<\/li>\n<li>d&rsquo;une entreprise accessible du lundi au samedi.<\/li>\n<\/ul>\n\r\n<div class=\"box\">\r\n            <div class=\"company-info\">\r\n            <img decoding=\"async\" class=\"company-info__logo\" src=\"https:\/\/www.artisanlocal.ch\/media\/cache\/thumb\/images\/companies\/s-z-sanitaire-chauffage-sarl.png\" alt=\"Logo\">\r\n            <h2 class=\"company-info__name\">S-Z Sanitaire \/ Chauffage S\u00e0rl<\/h2>\r\n            <p class=\"company-info__business\">Sanitaire - Chauffage - \u00c9tudes CVS - D\u00e9pannage<\/p>\r\n        <\/div>\r\n        <div class=\"company-contact\">\r\n            <p class=\"company-info__address\">Avenue de la Gare 55<\/p>\r\n                            <div class=\"links\">\r\n                                            <a class=\"btn has-accent-background-color js-phoneNumber\" href=\"tel:0244633705\" title=\"Appelez\" data-id=\"29070\" data-type=\"11\">024 463 37 05<\/a>\r\n                                                                <a class=\"btn has-accent-background-color\" href=\"http:\/\/www.szsanitaire.ch\/\" target=\"_blank\" title=\"Voir le site internet\" data-id=\"29070\" data-type=\"20\">Site internet<\/a>\r\n                                    <\/div>\r\n                    <\/div>\r\n    \r\n            \r\n<form action=\"https:\/\/www.artisanlocal.ch\/c\/wp-admin\/admin-ajax.php\" method=\"post\" class=\"form-contact\" id=\"artisan_form_contact_company_inline\">\r\n    <div><input type=\"hidden\" name=\"action\" value=\"company_contact\"><\/div>\r\n    <div><input type=\"hidden\" name=\"nonce\" value=\"1289a079ae\"><\/div>\r\n    <div><input type=\"hidden\" name=\"company_id\" value=\"29070\"><\/div>\r\n    <div><input type=\"hidden\" name=\"form_id\" value=\"artisan_form_contact_company_inline\"><\/div>\r\n    <div class=\"gglcptch gglcptch_v3 gglcptch_custom\"><input type=\"hidden\" id=\"g-recaptcha-response\" name=\"g-recaptcha-response\" \/><br \/><div class=\"gglcptch_error_text\">La p\u00e9riode de v\u00e9rification reCAPTCHA a expir\u00e9. Veuillez recharger la page.<\/div><\/div>    <div class=\"form-content\">\r\n        <div class=\"form-group\">\r\n            <label for=\"contact_firstName\" class=\"required\">Pr\u00e9nom<\/label>\r\n            <input type=\"text\" name=\"firstName\" class=\"form-control\" required>\r\n        <\/div>\r\n        <div class=\"form-group\">\r\n            <label for=\"contact_lastName\" class=\"required\">Nom<\/label>\r\n            <input type=\"text\" name=\"lastName\" class=\"form-control\" required>\r\n        <\/div>\r\n        <div class=\"form-group\">\r\n            <label for=\"contact_email\" class=\"required\">Email<\/label>\r\n            <input type=\"email\" name=\"email\" class=\"form-control\" required>\r\n        <\/div>\r\n        <div class=\"form-group\">\r\n            <label for=\"contact_phone\" class=\"required\">Num\u00e9ro de t\u00e9l\u00e9phone<\/label>\r\n            <input type=\"tel\" name=\"phone\" class=\"form-control\" placeholder=\"0787117165\" pattern=\"^[0-9]{10}$\" required>\r\n        <\/div>\r\n        <div class=\"form-group\">\r\n            <label for=\"contact_postalCode\" class=\"required\">Code postal et localit\u00e9<\/label>\r\n            <input type=\"text\" name=\"postalCode\" class=\"form-control\" required>\r\n        <\/div>\r\n        <div class=\"form-group\">\r\n            <label for=\"contact_address\" class=\"required\">Adresse<\/label>\r\n            <input type=\"text\" name=\"address\" class=\"form-control\" required>\r\n        <\/div>\r\n        <div class=\"full-width topic\">\r\n            <p class=\"required\">Je souhaite \u00eatre contact\u00e9 pour :<\/p>\r\n            <div class=\"form-check\">\r\n                <input type=\"radio\" name=\"topic\" value=\"D\u00e9pannage\" class=\"form-control\" required>\r\n                <label for=\"d\u00e9pannage\">D\u00e9pannage<\/label>\r\n            <\/div>\r\n            <div class=\"form-check\">\r\n                <input type=\"radio\" name=\"topic\" value=\"Entretien\" class=\"form-control\" required>\r\n                <label for=\"entretien\">Entretien<\/label>\r\n            <\/div>\r\n            <div class=\"form-check\">\r\n                <input type=\"radio\" name=\"topic\" value=\"R\u00e9novation\" class=\"form-control\" required>\r\n                <label for=\"r\u00e9novation\">R\u00e9novation<\/label>\r\n            <\/div>\r\n            <div class=\"form-check\">\r\n                <input type=\"radio\" name=\"topic\" value=\"Autre\" class=\"form-control\" required>\r\n                <label for=\"autre\">Autre<\/label>\r\n            <\/div>\r\n        <\/div>\r\n        <div class=\"form-group full-width\">\r\n            <label for=\"contact_message\">Message<\/label>\r\n            <textarea name=\"message\" rows=\"3\" class=\"form-control\"><\/textarea>\r\n        <\/div>\r\n    <\/div>\r\n    <div class=\"form-actions\">\r\n        <button class=\"wp-block-button__link has-accent-background-color\">Contacter<\/button>\r\n    <\/div>\r\n<\/form>\r\n<div class=\"form-feedback\"><\/div>    <\/div>\n<h2>Pourquoi travailler avec notre entreprise ?<\/h2>\n<ul>\n<li>Estimation rapide de votre projet : une fois que vous avez rempli le formulaire de contact, notre chauffagiste \u00e0 Villeneuve VD vous contacte rapidement (sous 72h).<\/li>\n<li>D\u00e9placement du technicien : le chauffagiste Villeneuvois se rend dans votre foyer pour estimer le montant des travaux. Ensuite, vous obtenez un devis gratuit et d\u00e9taill\u00e9.<\/li>\n<li>Installation rapide de votre chauffage : apr\u00e8s validation de notre offre. Nous planifierons avec vous le jour d&rsquo;installation.<\/li>\n<li>Assistance technique : en cas de panne de votre chaudi\u00e8re, chauffe-eau ou syst\u00e8me de chauffage. Notre entreprise intervient \u00e0 Villeneuve VD et dans les villes aux alentours.<\/li>\n<\/ul>\n<h2>Pourquoi est-il important d&rsquo;entretenir votre chauffage ?<\/h2>\n<p>Avoir un syst\u00e8me de chauffage qui fonctionne est important, surtout dans les foyers avec de jeunes enfants. Notre chauffagiste vous aide \u00e0 d\u00e9finir la temp\u00e9rature id\u00e9ale et v\u00e9rifie la concentration de monoxyde de carbone g\u00e9n\u00e9r\u00e9 par votre chauffage. De plus, nous r\u00e9alisons l&rsquo;entretien de tous les chauffages, peu importe le type : \u00e0 accumulation, basse temp\u00e9rature, \u00e9lectrique, fioul, condensation ou \u00e0 gaz.<\/p>\n<h2>\u00cates-vous capable de m&rsquo;aider \u00e0 distance ?<\/h2>\n<p>Oui, nous sommes en mesure de vous aider par t\u00e9l\u00e9phone. En nous expliquant votre probl\u00e8me, nous trouverons la bonne solution. Il faut garder en t\u00eate que dans la plupart des situations, un chauffagiste doit intervenir chez vous pour identifier et corriger votre probl\u00e8me de chauffage.<\/p>\n<h2>Quel est le mode de fonctionnement de votre entreprise ?<\/h2>\n<ol>\n<li>Prise de contact : il est n\u00e9cessaire de nous joindre par e-mail ou par t\u00e9l\u00e9phone.<\/li>\n<li>D\u00e9placement : un chauffagiste Villeneuvois vient \u00e0 votre domicile.<\/li>\n<li>Estimation : le chauffagiste \u00e9valuera votre situation actuelle afin de calculer le volume de vos pi\u00e8ces, et prendre en compte l&rsquo;isolation existante et la superficie totale.<\/li>\n<li>Recommandation : nous vous guiderons pour choisir le meilleur syst\u00e8me de chauffage, nous prenons en compte la rentabilit\u00e9 et le rendement que vous voulez avoir.<\/li>\n<li>Devis : nous vous livrons un devis d\u00e9taill\u00e9 avec les divers montants.<\/li>\n<li>Installation : apr\u00e8s avoir sign\u00e9 notre estimation, nous r\u00e9alisons l&rsquo;installation de votre chauffage et r\u00e9glons le thermostat par rapport \u00e0 vos attentes.<\/li>\n<\/ol>\n<h2>Quelle est la solution de chauffage la plus adapt\u00e9e pour votre maison ?<\/h2>\n<p>Notre chauffagiste vous conseille pour choisir la meilleure solution, il vous conseille parmi les chauffages :<\/p>\n<ul>\n<li>\u00e0 condensation,<\/li>\n<li>\u00e9lectriques,<\/li>\n<li>\u00e0 gaz,<\/li>\n<li>fioul,<\/li>\n<li>classiques,<\/li>\n<li>ou encore basses temp\u00e9ratures.<\/li>\n<\/ul>\n<p>Bien que les chauffages \u00e0 condensation ou basses temp\u00e9ratures co\u00fbtent plus cher \u00e0 l&rsquo;acquisition, ils vous permettent de r\u00e9aliser des \u00e9conomies sur le long terme.<\/p>\n<p>Par ailleurs, avant de faire fonctionner votre chauffage, il faut d\u00e9finir et configurer la bonne temp\u00e9rature selon votre habitation et vos besoins. Le chauffagiste qui intervient dans votre foyer est un professionnel avec une solide exp\u00e9rience. Dans le devis, vous retrouvez les d\u00e9tails de notre intervention, tel que le prix des \u00e9quipements et de la main-d&rsquo;\u0153uvre.<\/p>\n<h2>Service d&rsquo;entretien pour votre chauffage \u00e0 Villeneuve VD<\/h2>\n<p>Assurez-vous de r\u00e9aliser l&rsquo;entretien de votre chauffage chaque ann\u00e9e, qu&rsquo;il soit au fioul ou au gaz. Faire appel \u00e0 un chauffagiste pour l&rsquo;entretien de votre chauffage, vous permet de contr\u00f4ler les \u00e9missions de monoxyde de carbone. \u00c0 noter, si votre chauffage produit beaucoup de monoxyde de carbone, \u00e7a peut entra\u00eener une intoxication. Le chauffagiste qui intervient \u00e0 votre domicile contr\u00f4le et r\u00e8gle le taux de monoxyde de carbone pour votre s\u00e9curit\u00e9.<\/p>\n<h2>Contrat de maintenance de votre chauffage \u00e0 Villeneuve VD<\/h2>\n<p>Notre entreprise propose des contrats d\u2019entretiens pour votre chauffage. Avec contrat de maintenance, vous r\u00e9alisez des \u00e9conomies en \u00e9vitant les dysfonctionnements et les r\u00e9parations en urgence.<\/p>\n<p>Aussi, si vous avez un sinistre, votre assureur r\u00e9clame le contrat d&rsquo;entretien dans le but de v\u00e9rifier l&rsquo;\u00e9tat g\u00e9n\u00e9ral de votre chauffage pr\u00e9alablement au sinistre. Vous avez le choix de signer avec notre soci\u00e9t\u00e9 un contrat d&rsquo;assistance annuel ou pluriannuel.<\/p>\n<h2>Pourquoi signer un forfait d&rsquo;entretien pour votre chauffage ?<\/h2>\n<p>Avec un forfait d&rsquo;entretien, si vous avez des \u00e9l\u00e9ments d\u00e9fectueux, nous assurons le remplacement rapide. D&rsquo;autre part, nous nous engageons \u00e0 inspecter l&rsquo;ensemble des \u00e9quipements de votre chauffage, tels que :<\/p>\n<ul>\n<li>Les niveaux de pression dans vos conduits,<\/li>\n<li>l&rsquo;\u00e9tat de votre br\u00fbleur, des conduits de raccordement et des \u00e9l\u00e9ments chauffants.<\/li>\n<\/ul>\n<h2>Quels services proposent Artisanlocal ?<\/h2>\n<ul>\n<li>D\u00e9tartrage et le d\u00e9sembouage de radiateur.<\/li>\n<li>Purge de vos radiateurs.<\/li>\n<li>Maintenance de votre chauffage, chaudi\u00e8re et chauffe-eau.<\/li>\n<li>Ajustement des thermostats.<\/li>\n<li>Maintenance des chaudi\u00e8res \u00e0 condensation, basses temp\u00e9ratures, \u00e0 gaz, \u00e0 fioul, \u00e0 accumulation et \u00e9lectriques.<\/li>\n<li>R\u00e9paration de la vanne de purge.<\/li>\n<li>R\u00e9paration et le d\u00e9pannage sur tous types de probl\u00e8mes techniques : fuite de tuyauterie, radiateur qui ne chauffe plus, chaudi\u00e8re, etc.<\/li>\n<li>Installation de : radiateur \u00e9lectrique, pompe \u00e0 chaleur, plancher chauffant, chaudi\u00e8re, chauffage, etc.<\/li>\n<\/ul>\n<h2>R\u00e9ponses aux questions fr\u00e9quentes<\/h2>\n<h3>Pourquoi engager un chauffagiste Villeneuvois ?<\/h3>\n<ul>\n<li>Pour fixer la bonne temp\u00e9rature dans vos pi\u00e8ces.<\/li>\n<li>Pour gagner du temps.<\/li>\n<li>Pour maintenir la s\u00fbret\u00e9 de vos installations.<\/li>\n<li>Pour anticiper les probl\u00e8mes.<\/li>\n<\/ul>\n<h3>Quels sont les \u00e9l\u00e9ments \u00e0 prendre en compte pour choisir le meilleur chauffagiste \u00e0 Villeneuve VD ?<\/h3>\n<ul>\n<li>La qualification : contr\u00f4lez les qualifications avant de s\u00e9lectionner l&rsquo;entreprise de chauffage.<\/li>\n<li>Les avis clients : prenez le temps de consulter les t\u00e9moignages des anciens clients ayant d\u00e9j\u00e0 collabor\u00e9 avec les entreprises.<\/li>\n<li>Les assurances : assurez-vous que l&rsquo;entreprise de chauffage b\u00e9n\u00e9ficie d&rsquo;une garantie assurance qui couvrira les \u00e9ventuels dommages caus\u00e9s lors de ses interventions.<\/li>\n<\/ul>\n<h3>Quels sont vos d\u00e9lais d&rsquo;interventions ?<\/h3>\n<p>Si vous avez une panne qui demande une intervention en urgence, nous pouvons intervenir dans un d\u00e9lai de deux heures, si votre demande n\u2019est pas urgente, nous intervenons dans la semaine.<\/p>\n<h3>Votre entreprise est disponible pour intervenir \u00e0 Villeneuve VD, mais aussi dans les villes aux environs ?<\/h3>\n<p>Oui, nous intervenons \u00e0 Villeneuve VD et dans les villes aux environs, comme : La Tine, Rossini\u00e8re, Flendruz, Rougemont, Ch\u00e2teau-d'Oex, L'Etivaz, La L\u00e9cherette, Les Moulins, Noville, Chessel, Rennaz, Roche VD, Yvorne, Leysin, Corbeyrier, Aigle, La Comballaz, Les Mosses, Le S\u00e9pey, Vers-l'Eglise, Les Diablerets, La Forclaz VD, Ollon VD, Panex, St-Triphon, Bex, Fenalet-sur-Bex, Freni\u00e8res-sur-Bex, Les Plans-sur-Bex, Gryon, Les Posses-sur-Bex, Arveyes, Hu\u00e9moz, Villars-sur-Ollon, Chesi\u00e8res, Lavey-les-Bains, Lavey-Village.<\/p>\n","protected":false},"excerpt":{"rendered":"<p>Besoin d&rsquo;un sp\u00e9cialiste du chauffage \u00e0 Villeneuve VD ? Si vous \u00eates un Villeneuvois, notre entreprise installe et r\u00e9pare votre chauffage. En travaillant avec notre entreprise, vous profitez : d&rsquo;une tarification d\u00e9taill\u00e9e, d&rsquo;un service haut de gamme, d&rsquo;un chauffagiste \u00e0 Villeneuve VD et dans les villes aux alentours, d&rsquo;une entreprise avec de l&rsquo;exp\u00e9rience, d&rsquo;un devis [&hellip;]<\/p>\n","protected":false},"author":4,"featured_media":2757,"parent":0,"menu_order":0,"comment_status":"closed","ping_status":"closed","template":"","meta":{"footnotes":""},"profession":[120],"location":[6],"canton":[113],"class_list":["post-669","page","type-page","status-publish","has-post-thumbnail","hentry","profession-chauffagiste","location-villeneuve-vd","canton-vd"],"yoast_head":"<!-- This site is optimized with the Yoast SEO Premium plugin v25.7.1 (Yoast SEO v27.3) - https:\/\/yoast.com\/product\/yoast-seo-premium-wordpress\/ -->\n<title>Chauffagiste \u00e0 Villeneuve VD - Artisanlocal<\/title>\n<meta name=\"robots\" content=\"index, follow, max-snippet:-1, max-image-preview:large, max-video-preview:-1\" \/>\n<link rel=\"canonical\" href=\"https:\/\/www.artisanlocal.ch\/c\/chauffagiste-a-villeneuve\/\" \/>\n<meta property=\"og:locale\" content=\"fr_FR\" \/>\n<meta property=\"og:type\" content=\"article\" \/>\n<meta property=\"og:title\" content=\"Chauffagiste \u00e0 Villeneuve VD\" \/>\n<meta property=\"og:description\" content=\"Besoin d&rsquo;un sp\u00e9cialiste du chauffage \u00e0 Villeneuve VD ? Si vous \u00eates un Villeneuvois, notre entreprise installe et r\u00e9pare votre chauffage. En travaillant avec notre entreprise, vous profitez : d&rsquo;une tarification d\u00e9taill\u00e9e, d&rsquo;un service haut de gamme, d&rsquo;un chauffagiste \u00e0 Villeneuve VD et dans les villes aux alentours, d&rsquo;une entreprise avec de l&rsquo;exp\u00e9rience, d&rsquo;un devis [&hellip;]\" \/>\n<meta property=\"og:url\" content=\"https:\/\/www.artisanlocal.ch\/c\/chauffagiste-a-villeneuve\/\" \/>\n<meta property=\"og:site_name\" content=\"Artisanlocal\" \/>\n<meta property=\"article:modified_time\" content=\"2025-09-04T10:08:33+00:00\" \/>\n<meta property=\"og:image\" content=\"https:\/\/www.artisanlocal.ch\/c\/wp-content\/uploads\/2024\/10\/chauffagiste.jpg\" \/>\n\t<meta property=\"og:image:width\" content=\"1920\" \/>\n\t<meta property=\"og:image:height\" content=\"300\" \/>\n\t<meta property=\"og:image:type\" content=\"image\/jpeg\" \/>\n<meta name=\"twitter:card\" content=\"summary_large_image\" \/>\n<meta name=\"twitter:label1\" content=\"Dur\u00e9e de lecture estim\u00e9e\" \/>\n\t<meta name=\"twitter:data1\" content=\"6 minutes\" \/>\n<script type=\"application\/ld+json\" class=\"yoast-schema-graph\">{\"@context\":\"https:\\\/\\\/schema.org\",\"@graph\":[{\"@type\":\"WebPage\",\"@id\":\"https:\\\/\\\/www.artisanlocal.ch\\\/c\\\/chauffagiste-a-villeneuve\\\/\",\"url\":\"https:\\\/\\\/www.artisanlocal.ch\\\/c\\\/chauffagiste-a-villeneuve\\\/\",\"name\":\"Chauffagiste \u00e0 Villeneuve VD - Artisanlocal\",\"isPartOf\":{\"@id\":\"https:\\\/\\\/www.artisanlocal.ch\\\/c\\\/#website\"},\"primaryImageOfPage\":{\"@id\":\"https:\\\/\\\/www.artisanlocal.ch\\\/c\\\/chauffagiste-a-villeneuve\\\/#primaryimage\"},\"image\":{\"@id\":\"https:\\\/\\\/www.artisanlocal.ch\\\/c\\\/chauffagiste-a-villeneuve\\\/#primaryimage\"},\"thumbnailUrl\":\"https:\\\/\\\/www.artisanlocal.ch\\\/c\\\/wp-content\\\/uploads\\\/2024\\\/10\\\/chauffagiste.jpg\",\"datePublished\":\"2024-04-19T18:13:52+00:00\",\"dateModified\":\"2025-09-04T10:08:33+00:00\",\"breadcrumb\":{\"@id\":\"https:\\\/\\\/www.artisanlocal.ch\\\/c\\\/chauffagiste-a-villeneuve\\\/#breadcrumb\"},\"inLanguage\":\"fr-FR\",\"potentialAction\":[{\"@type\":\"ReadAction\",\"target\":[\"https:\\\/\\\/www.artisanlocal.ch\\\/c\\\/chauffagiste-a-villeneuve\\\/\"]}]},{\"@type\":\"ImageObject\",\"inLanguage\":\"fr-FR\",\"@id\":\"https:\\\/\\\/www.artisanlocal.ch\\\/c\\\/chauffagiste-a-villeneuve\\\/#primaryimage\",\"url\":\"https:\\\/\\\/www.artisanlocal.ch\\\/c\\\/wp-content\\\/uploads\\\/2024\\\/10\\\/chauffagiste.jpg\",\"contentUrl\":\"https:\\\/\\\/www.artisanlocal.ch\\\/c\\\/wp-content\\\/uploads\\\/2024\\\/10\\\/chauffagiste.jpg\",\"width\":1920,\"height\":300},{\"@type\":\"BreadcrumbList\",\"@id\":\"https:\\\/\\\/www.artisanlocal.ch\\\/c\\\/chauffagiste-a-villeneuve\\\/#breadcrumb\",\"itemListElement\":[{\"@type\":\"ListItem\",\"position\":1,\"name\":\"Accueil\",\"item\":\"https:\\\/\\\/www.artisanlocal.ch\\\/c\\\/\"},{\"@type\":\"ListItem\",\"position\":2,\"name\":\"Chauffagiste \u00e0 Villeneuve\"}]},{\"@type\":\"WebSite\",\"@id\":\"https:\\\/\\\/www.artisanlocal.ch\\\/c\\\/#website\",\"url\":\"https:\\\/\\\/www.artisanlocal.ch\\\/c\\\/\",\"name\":\"Artisanlocal\",\"description\":\"\",\"publisher\":{\"@id\":\"https:\\\/\\\/www.artisanlocal.ch\\\/c\\\/#organization\"},\"potentialAction\":[{\"@type\":\"SearchAction\",\"target\":{\"@type\":\"EntryPoint\",\"urlTemplate\":\"https:\\\/\\\/www.artisanlocal.ch\\\/c\\\/?s={search_term_string}\"},\"query-input\":{\"@type\":\"PropertyValueSpecification\",\"valueRequired\":true,\"valueName\":\"search_term_string\"}}],\"inLanguage\":\"fr-FR\"},{\"@type\":\"Organization\",\"@id\":\"https:\\\/\\\/www.artisanlocal.ch\\\/c\\\/#organization\",\"name\":\"Artisanlocal\",\"url\":\"https:\\\/\\\/www.artisanlocal.ch\\\/c\\\/\",\"logo\":{\"@type\":\"ImageObject\",\"inLanguage\":\"fr-FR\",\"@id\":\"https:\\\/\\\/www.artisanlocal.ch\\\/c\\\/#\\\/schema\\\/logo\\\/image\\\/\",\"url\":\"https:\\\/\\\/www.artisanlocal.ch\\\/c\\\/wp-content\\\/uploads\\\/2024\\\/02\\\/logo-artisanlocal-h.svg\",\"contentUrl\":\"https:\\\/\\\/www.artisanlocal.ch\\\/c\\\/wp-content\\\/uploads\\\/2024\\\/02\\\/logo-artisanlocal-h.svg\",\"caption\":\"Artisanlocal\"},\"image\":{\"@id\":\"https:\\\/\\\/www.artisanlocal.ch\\\/c\\\/#\\\/schema\\\/logo\\\/image\\\/\"}}]}<\/script>\n<!-- \/ Yoast SEO Premium plugin. -->","yoast_head_json":{"title":"Chauffagiste \u00e0 Villeneuve VD - Artisanlocal","robots":{"index":"index","follow":"follow","max-snippet":"max-snippet:-1","max-image-preview":"max-image-preview:large","max-video-preview":"max-video-preview:-1"},"canonical":"https:\/\/www.artisanlocal.ch\/c\/chauffagiste-a-villeneuve\/","og_locale":"fr_FR","og_type":"article","og_title":"Chauffagiste \u00e0 Villeneuve VD","og_description":"Besoin d&rsquo;un sp\u00e9cialiste du chauffage \u00e0 Villeneuve VD ? Si vous \u00eates un Villeneuvois, notre entreprise installe et r\u00e9pare votre chauffage. En travaillant avec notre entreprise, vous profitez : d&rsquo;une tarification d\u00e9taill\u00e9e, d&rsquo;un service haut de gamme, d&rsquo;un chauffagiste \u00e0 Villeneuve VD et dans les villes aux alentours, d&rsquo;une entreprise avec de l&rsquo;exp\u00e9rience, d&rsquo;un devis [&hellip;]","og_url":"https:\/\/www.artisanlocal.ch\/c\/chauffagiste-a-villeneuve\/","og_site_name":"Artisanlocal","article_modified_time":"2025-09-04T10:08:33+00:00","og_image":[{"width":1920,"height":300,"url":"https:\/\/www.artisanlocal.ch\/c\/wp-content\/uploads\/2024\/10\/chauffagiste.jpg","type":"image\/jpeg"}],"twitter_card":"summary_large_image","twitter_misc":{"Dur\u00e9e de lecture estim\u00e9e":"6 minutes"},"schema":{"@context":"https:\/\/schema.org","@graph":[{"@type":"WebPage","@id":"https:\/\/www.artisanlocal.ch\/c\/chauffagiste-a-villeneuve\/","url":"https:\/\/www.artisanlocal.ch\/c\/chauffagiste-a-villeneuve\/","name":"Chauffagiste \u00e0 Villeneuve VD - Artisanlocal","isPartOf":{"@id":"https:\/\/www.artisanlocal.ch\/c\/#website"},"primaryImageOfPage":{"@id":"https:\/\/www.artisanlocal.ch\/c\/chauffagiste-a-villeneuve\/#primaryimage"},"image":{"@id":"https:\/\/www.artisanlocal.ch\/c\/chauffagiste-a-villeneuve\/#primaryimage"},"thumbnailUrl":"https:\/\/www.artisanlocal.ch\/c\/wp-content\/uploads\/2024\/10\/chauffagiste.jpg","datePublished":"2024-04-19T18:13:52+00:00","dateModified":"2025-09-04T10:08:33+00:00","breadcrumb":{"@id":"https:\/\/www.artisanlocal.ch\/c\/chauffagiste-a-villeneuve\/#breadcrumb"},"inLanguage":"fr-FR","potentialAction":[{"@type":"ReadAction","target":["https:\/\/www.artisanlocal.ch\/c\/chauffagiste-a-villeneuve\/"]}]},{"@type":"ImageObject","inLanguage":"fr-FR","@id":"https:\/\/www.artisanlocal.ch\/c\/chauffagiste-a-villeneuve\/#primaryimage","url":"https:\/\/www.artisanlocal.ch\/c\/wp-content\/uploads\/2024\/10\/chauffagiste.jpg","contentUrl":"https:\/\/www.artisanlocal.ch\/c\/wp-content\/uploads\/2024\/10\/chauffagiste.jpg","width":1920,"height":300},{"@type":"BreadcrumbList","@id":"https:\/\/www.artisanlocal.ch\/c\/chauffagiste-a-villeneuve\/#breadcrumb","itemListElement":[{"@type":"ListItem","position":1,"name":"Accueil","item":"https:\/\/www.artisanlocal.ch\/c\/"},{"@type":"ListItem","position":2,"name":"Chauffagiste \u00e0 Villeneuve"}]},{"@type":"WebSite","@id":"https:\/\/www.artisanlocal.ch\/c\/#website","url":"https:\/\/www.artisanlocal.ch\/c\/","name":"Artisanlocal","description":"","publisher":{"@id":"https:\/\/www.artisanlocal.ch\/c\/#organization"},"potentialAction":[{"@type":"SearchAction","target":{"@type":"EntryPoint","urlTemplate":"https:\/\/www.artisanlocal.ch\/c\/?s={search_term_string}"},"query-input":{"@type":"PropertyValueSpecification","valueRequired":true,"valueName":"search_term_string"}}],"inLanguage":"fr-FR"},{"@type":"Organization","@id":"https:\/\/www.artisanlocal.ch\/c\/#organization","name":"Artisanlocal","url":"https:\/\/www.artisanlocal.ch\/c\/","logo":{"@type":"ImageObject","inLanguage":"fr-FR","@id":"https:\/\/www.artisanlocal.ch\/c\/#\/schema\/logo\/image\/","url":"https:\/\/www.artisanlocal.ch\/c\/wp-content\/uploads\/2024\/02\/logo-artisanlocal-h.svg","contentUrl":"https:\/\/www.artisanlocal.ch\/c\/wp-content\/uploads\/2024\/02\/logo-artisanlocal-h.svg","caption":"Artisanlocal"},"image":{"@id":"https:\/\/www.artisanlocal.ch\/c\/#\/schema\/logo\/image\/"}}]}},"_links":{"self":[{"href":"https:\/\/www.artisanlocal.ch\/c\/wp-json\/wp\/v2\/pages\/669","targetHints":{"allow":["GET"]}}],"collection":[{"href":"https:\/\/www.artisanlocal.ch\/c\/wp-json\/wp\/v2\/pages"}],"about":[{"href":"https:\/\/www.artisanlocal.ch\/c\/wp-json\/wp\/v2\/types\/page"}],"author":[{"embeddable":true,"href":"https:\/\/www.artisanlocal.ch\/c\/wp-json\/wp\/v2\/users\/4"}],"replies":[{"embeddable":true,"href":"https:\/\/www.artisanlocal.ch\/c\/wp-json\/wp\/v2\/comments?post=669"}],"version-history":[{"count":0,"href":"https:\/\/www.artisanlocal.ch\/c\/wp-json\/wp\/v2\/pages\/669\/revisions"}],"wp:featuredmedia":[{"embeddable":true,"href":"https:\/\/www.artisanlocal.ch\/c\/wp-json\/wp\/v2\/media\/2757"}],"wp:attachment":[{"href":"https:\/\/www.artisanlocal.ch\/c\/wp-json\/wp\/v2\/media?parent=669"}],"wp:term":[{"taxonomy":"profession","embeddable":true,"href":"https:\/\/www.artisanlocal.ch\/c\/wp-json\/wp\/v2\/profession?post=669"},{"taxonomy":"location","embeddable":true,"href":"https:\/\/www.artisanlocal.ch\/c\/wp-json\/wp\/v2\/location?post=669"},{"taxonomy":"canton","embeddable":true,"href":"https:\/\/www.artisanlocal.ch\/c\/wp-json\/wp\/v2\/canton?post=669"}],"curies":[{"name":"wp","href":"https:\/\/api.w.org\/{rel}","templated":true}]}}