{"id":671,"date":"2024-04-19T12:40:17","date_gmt":"2024-04-19T10:40:17","guid":{"rendered":"https:\/\/www.artisanlocal.ch\/c\/besoin-dun-depannage-en-urgence-de-votre-chauffage-a-penthalaz\/"},"modified":"2025-09-04T15:51:21","modified_gmt":"2025-09-04T13:51:21","slug":"besoin-dun-depannage-en-urgence-de-votre-chauffage-a-penthalaz","status":"publish","type":"page","link":"https:\/\/www.artisanlocal.ch\/c\/besoin-dun-depannage-en-urgence-de-votre-chauffage-a-penthalaz\/","title":{"rendered":"Chauffagiste \u00e0 Penthalaz"},"content":{"rendered":"<p>Vous recherchez un chauffagiste \u00e0 Penthalaz ? Notre entreprise assure la maintenance, r\u00e9paration et installation de votre chauffage. En choisissant de travailler avec nous, vous b\u00e9n\u00e9ficiez :<\/p>\n<ul>\n<li>d&rsquo;un tarif transparent,<\/li>\n<li>d&rsquo;un service haut de gamme,<\/li>\n<li>d&rsquo;une intervention \u00e0 Penthalaz et dans les villes proches,<\/li>\n<li>d\u2019une \u00e9quipe exp\u00e9riment\u00e9e,<\/li>\n<li>d&rsquo;un devis gratuit,<\/li>\n<li>d&rsquo;experts joignables du lundi au samedi pour r\u00e9pondre \u00e0 toutes vos questions.<\/li>\n<\/ul>\n\r\n<div class=\"box\">\r\n            <div class=\"company-info\">\r\n            <img decoding=\"async\" class=\"company-info__logo\" src=\"https:\/\/www.artisanlocal.ch\/media\/cache\/thumb\/images\/companies\/69428b78300fa093790799.png\" alt=\"Logo\">\r\n            <h2 class=\"company-info__name\">Finolezzi Chauffage<\/h2>\r\n            <p class=\"company-info__business\">Chauffage - Climatisation - Ventilation - D\u00e9pannage - Entretien - Installation - R\u00e9novation<\/p>\r\n        <\/div>\r\n        <div class=\"company-contact\">\r\n            <p class=\"company-info__address\">Chemin des pins 9<\/p>\r\n                            <div class=\"links\">\r\n                                            <a class=\"btn has-accent-background-color js-phoneNumber\" href=\"tel:0792194527\" title=\"Appelez\" data-id=\"2498\" data-type=\"11\">079 219 45 27<\/a>\r\n                                                                <a class=\"btn has-accent-background-color\" href=\"https:\/\/www.finolezzi.ch\/\" target=\"_blank\" title=\"Voir le site internet\" data-id=\"2498\" data-type=\"20\">Site internet<\/a>\r\n                                    <\/div>\r\n                    <\/div>\r\n    \r\n            \r\n<form action=\"https:\/\/www.artisanlocal.ch\/c\/wp-admin\/admin-ajax.php\" method=\"post\" class=\"form-contact\" id=\"artisan_form_contact_company_inline\">\r\n    <div><input type=\"hidden\" name=\"action\" value=\"company_contact\"><\/div>\r\n    <div><input type=\"hidden\" name=\"nonce\" value=\"495a7453f7\"><\/div>\r\n    <div><input type=\"hidden\" name=\"company_id\" value=\"2498\"><\/div>\r\n    <div><input type=\"hidden\" name=\"form_id\" value=\"artisan_form_contact_company_inline\"><\/div>\r\n    <div class=\"gglcptch gglcptch_v3 gglcptch_custom\"><input type=\"hidden\" id=\"g-recaptcha-response\" name=\"g-recaptcha-response\" \/><br \/><div class=\"gglcptch_error_text\">La p\u00e9riode de v\u00e9rification reCAPTCHA a expir\u00e9. Veuillez recharger la page.<\/div><\/div>    <div class=\"form-content\">\r\n        <div class=\"form-group\">\r\n            <label for=\"contact_firstName\" class=\"required\">Pr\u00e9nom<\/label>\r\n            <input type=\"text\" name=\"firstName\" class=\"form-control\" required>\r\n        <\/div>\r\n        <div class=\"form-group\">\r\n            <label for=\"contact_lastName\" class=\"required\">Nom<\/label>\r\n            <input type=\"text\" name=\"lastName\" class=\"form-control\" required>\r\n        <\/div>\r\n        <div class=\"form-group\">\r\n            <label for=\"contact_email\" class=\"required\">Email<\/label>\r\n            <input type=\"email\" name=\"email\" class=\"form-control\" required>\r\n        <\/div>\r\n        <div class=\"form-group\">\r\n            <label for=\"contact_phone\" class=\"required\">Num\u00e9ro de t\u00e9l\u00e9phone<\/label>\r\n            <input type=\"tel\" name=\"phone\" class=\"form-control\" placeholder=\"0787117165\" pattern=\"^[0-9]{10}$\" required>\r\n        <\/div>\r\n        <div class=\"form-group\">\r\n            <label for=\"contact_postalCode\" class=\"required\">Code postal et localit\u00e9<\/label>\r\n            <input type=\"text\" name=\"postalCode\" class=\"form-control\" required>\r\n        <\/div>\r\n        <div class=\"form-group\">\r\n            <label for=\"contact_address\" class=\"required\">Adresse<\/label>\r\n            <input type=\"text\" name=\"address\" class=\"form-control\" required>\r\n        <\/div>\r\n        <div class=\"full-width topic\">\r\n            <p class=\"required\">Je souhaite \u00eatre contact\u00e9 pour :<\/p>\r\n            <div class=\"form-check\">\r\n                <input type=\"radio\" name=\"topic\" value=\"D\u00e9pannage\" class=\"form-control\" required>\r\n                <label for=\"d\u00e9pannage\">D\u00e9pannage<\/label>\r\n            <\/div>\r\n            <div class=\"form-check\">\r\n                <input type=\"radio\" name=\"topic\" value=\"Entretien\" class=\"form-control\" required>\r\n                <label for=\"entretien\">Entretien<\/label>\r\n            <\/div>\r\n            <div class=\"form-check\">\r\n                <input type=\"radio\" name=\"topic\" value=\"R\u00e9novation\" class=\"form-control\" required>\r\n                <label for=\"r\u00e9novation\">R\u00e9novation<\/label>\r\n            <\/div>\r\n            <div class=\"form-check\">\r\n                <input type=\"radio\" name=\"topic\" value=\"Autre\" class=\"form-control\" required>\r\n                <label for=\"autre\">Autre<\/label>\r\n            <\/div>\r\n        <\/div>\r\n        <div class=\"form-group full-width\">\r\n            <label for=\"contact_message\">Message<\/label>\r\n            <textarea name=\"message\" rows=\"3\" class=\"form-control\"><\/textarea>\r\n        <\/div>\r\n    <\/div>\r\n    <div class=\"form-actions\">\r\n        <button class=\"wp-block-button__link has-accent-background-color\">Contacter<\/button>\r\n    <\/div>\r\n<\/form>\r\n<div class=\"form-feedback\"><\/div>    <\/div>\n<h2>Pourquoi choisir Artisanlocal ?<\/h2>\n<ul>\n<li>Estimation rapide de votre projet : une fois que vous avez rempli le formulaire, notre chauffagiste \u00e0 Penthalaz vous contacte rapidement pour estimer le co\u00fbt de votre projet.<\/li>\n<li>D\u00e9placement de notre chauffagiste : notre technicien Cancanier vient chez vous afin d&rsquo;\u00e9valuer le co\u00fbt de vos travaux et v\u00e9rifier la faisabilit\u00e9 de votre projet. Ensuite, vous recevez un devis d\u00e9taill\u00e9 et vous pouvez nous poser vos demandes.<\/li>\n<li>Installation de votre chauffage en 24 \u00e0 48 heures : d\u00e8s que le devis est valid\u00e9 avec notre expert \u00e0 Penthalaz. Nous fixerons la date de notre intervention.<\/li>\n<li>Service de d\u00e9pannage et de maintenance : en cas de panne de votre syst\u00e8me de chauffage, chaudi\u00e8re ou chauffe-eau. Nous sommes pr\u00eats \u00e0 intervenir \u00e0 Penthalaz ainsi que dans les villes proches.<\/li>\n<\/ul>\n<h2>Pourquoi est-il indispensable de r\u00e9parer votre chauffage ?<\/h2>\n<p>Garantir le bon fonctionnement de votre \u00e9quipement de chauffage est important, surtout, si vous avez des jeunes enfants. Notre \u00e9quipe vous aide \u00e0 maintenir la bonne temp\u00e9rature et contr\u00f4ler la pr\u00e9sence monoxyde de carbone g\u00e9n\u00e9r\u00e9 par votre appareil de chauffage. Peu importe le type de votre chauffage, nos experts assurent l&rsquo;entretien et la maintenance, de votre \u00e9quipement de chauffage, que ce soit \u00e0 accumulation, basse temp\u00e9rature, \u00e9lectrique, fioul, condensation ou \u00e0 gaz.<\/p>\n<h2>Pouvez-vous m&rsquo;aider \u00e0 distance ?<\/h2>\n<p>Oui, nous sommes en mesure de vous aider par t\u00e9l\u00e9phone. En nous expliquant votre probl\u00e8me par t\u00e9l\u00e9phone, nous identifierons la bonne solution pour r\u00e9gler votre probl\u00e8me de chauffage. Il faut garder en t\u00eate que dans la plupart des cas, un chauffagiste doit intervenir chez vous pour d\u00e9celer et r\u00e9parer le probl\u00e8me.<\/p>\n<h2>Quel est le mode de fonctionnement de votre entreprise ?<\/h2>\n<ol>\n<li>Prise de contact : il est indispensable de nous joindre par t\u00e9l\u00e9phone ou par mail.<\/li>\n<li>D\u00e9placement : un de nos techniciens intervient \u00e0 votre domicile.<\/li>\n<li>Estimation : le chauffagiste estime le co\u00fbt de votre projet, en prenant compte du volume de vos pi\u00e8ces et l&rsquo;isolation.<\/li>\n<li>Conseils : un plan, vous sera pr\u00e9sent\u00e9e en fonction de vos besoins et votre budget.<\/li>\n<li>Devis : nous vous livrons un devis d\u00e9taill\u00e9 avec les diff\u00e9rents montants.<\/li>\n<li>Installation : une fois que vous avec accept\u00e9 le devis et en fonction de vos disponibilit\u00e9s, nous installons votre chauffage, et ajustons votre thermostat.<\/li>\n<\/ol>\n<h2>Quels sont les meilleurs types de chauffages ?<\/h2>\n<p>Notre technicien chauffagiste vous oriente pour trouver la meilleure option, il vous conseille parmi les chauffages existants, comme les syst\u00e8mes de chauffages : \u00e0 condensation, \u00e0 gaz, \u00e9lectriques, fioul, classiques ou encore basses temp\u00e9ratures.<\/p>\n<p>Bien que les chauffages \u00e0 condensation ou basses temp\u00e9ratures co\u00fbtent plus cher \u00e0 l&rsquo;achat, mais ils contribuent \u00e0 r\u00e9aliser des \u00e9conomies sur la dur\u00e9e.<\/p>\n<p>Avant la mise en place de votre chauffage, il faut s\u00e9lectionner le meilleur thermostat. Pas d\u2019inqui\u00e9tude, l&rsquo;expert qui se d\u00e9place chez vous a l&rsquo;expertise pour r\u00e9gler tous vos probl\u00e8mes de chauffage. Vous retrouverez dans notre devis les diff\u00e9rents points de notre intervention.<\/p>\n<h2>Maintenance de votre chauffage \u00e0 Penthalaz<\/h2>\n<p>Il est important de r\u00e9aliser la maintenance de votre chauffage chaque ann\u00e9e, qu&rsquo;il soit au fioul ou au gaz. L&rsquo;entretien de votre syst\u00e8me de chauffage permet de contr\u00f4ler les \u00e9missions de monoxyde de carbone qui se d\u00e9gage. \u00c0 noter, si votre chauffage g\u00e9n\u00e8re trop de monoxyde de carbone, il est possible de vous intoxiquer.<\/p>\n<h2>Contrat d\u2019entretien pour votre chauffage \u00e0 Penthalaz<\/h2>\n<p>Dans le but d&rsquo;assurer le fonctionnement optimal de votre chauffage, nous pouvons vous proposer des contrats de maintenance sur mesure. En effectuant une maintenance r\u00e9guli\u00e8re, vous \u00e9conomisez de l&rsquo;argent sur le long terme.<\/p>\n<p>Aussi, si vous avez un probl\u00e8me avec votre chauffage, l\u2019assurance demande le contrat d&rsquo;entretien afin de v\u00e9rifier l\u2019\u00e9tat de votre chauffage en amont de l&rsquo;incident. Vous pouvez signer avec Artisanlocal un contrat d&rsquo;entretien pluriannuel ou annuel.<\/p>\n<h2>Pourquoi souscrire \u00e0 un contrat d&rsquo;entretien pour votre chauffage ?<\/h2>\n<p>Si vous avez une pi\u00e8ce qui est d\u00e9fectueuse, nous la rempla\u00e7ons en urgence, nous nous engageons \u00e0 v\u00e9rifier tout votre chauffage, comme :<\/p>\n<ul>\n<li>La tension dans vos conduits,<\/li>\n<li>l&rsquo;entretien des tuyaux de raccordement, et des \u00e9l\u00e9ments chauffants.<\/li>\n<\/ul>\n<h2>Quels services offre votre entreprise ?<\/h2>\n<ul>\n<li>Le d\u00e9tartrage et le d\u00e9sembouage de radiateur,<\/li>\n<li>la purge d&rsquo;air,<\/li>\n<li>la maintenance de votre chauffage, chaudi\u00e8re et chauffe-eau,<\/li>\n<li>le param\u00e9trage de votre thermostat,<\/li>\n<li>l&rsquo;entretien des chaudi\u00e8res \u00e0 condensation, \u00e0 gaz, basses temp\u00e9ratures, \u00e0 fioul, \u00e0 accumulation et \u00e9lectriques,<\/li>\n<li>la remise en \u00e9tat de la vanne de vidange,<\/li>\n<li>l&rsquo;intervention et la r\u00e9paration de vos pannes : de votre chaudi\u00e8re, fuite de canalisation, radiateur qui ne chauffe plus, etc.<\/li>\n<li>la mise en place de votre : radiateur \u00e9lectrique, plancher chauffant, pompe \u00e0 chaleur, chauffage, chaudi\u00e8re, etc.<\/li>\n<\/ul>\n<h2>Foire aux questions<\/h2>\n<h3>Pourquoi embaucher un chauffagiste Cancanier ?<\/h3>\n<ul>\n<li>Fixer la bonne temp\u00e9rature ambiante : un syst\u00e8me de chauffage performant maintient la bonne temp\u00e9rature dans votre foyer.<\/li>\n<li>Faire des \u00e9conomies : en s\u00e9lectionnant des mat\u00e9riaux de qualit\u00e9, pour l&rsquo;isolation et le chauffage, vous diminuez vos \u00e9missions de CO2 et vous r\u00e9alisez des \u00e9conomies.<\/li>\n<li>Garantir la s\u00fbret\u00e9 de votre chauffage : un bon syst\u00e8me de chauffage permet de r\u00e9pondre aux r\u00e8gles de s\u00e9curit\u00e9 actuelles (exemple, pour limiter les \u00e9missions de monoxyde de carbone).<\/li>\n<li>Pr\u00e9venir les probl\u00e8mes : un chauffagiste est en mesure d&rsquo;anticiper les d\u00e9g\u00e2ts des eaux, juste en examinant vos installations.<\/li>\n<\/ul>\n<h3>Comment choisir le meilleur chauffagiste \u00e0 Penthalaz ?<\/h3>\n<ul>\n<li>Les comp\u00e9tences : contr\u00f4lez les certifications t\u00e9moignant que l\u2019entreprise \u00e0 une exp\u00e9rience dans son secteur.<\/li>\n<li>Les r\u00e9f\u00e9rences : prenez le temps de consulter les t\u00e9moignages des clients ayant d\u00e9j\u00e0 collabor\u00e9 avec les soci\u00e9t\u00e9s.<\/li>\n<li>Les garanties : contr\u00f4lez que les experts sont assur\u00e9s en cas de casses.<\/li>\n<\/ul>\n<h3>Quelle est votre rapidit\u00e9 d&rsquo;intervention \u00e0 Penthalaz ?<\/h3>\n<p>Nous intervenons \u00e0 votre foyer dans un d\u00e9lai de deux heures (pour les situations d&rsquo;urgence) autrement, nous pouvons op\u00e9rer dans la semaine.<\/p>\n<h3>Intervenez-vous \u00e0 Penthalaz et dans les villes alentours ?<\/h3>\n<p>Oui, nous intervenons \u00e0 Penthalaz et dans les villes alentours, comme : Mex VD, Boussens, Bournens, Sullens, Bettens, Cottens VD, Grancy, Gollion, S\u00e9very, Pampigny, Montricher, Chavannes-le-Veyron, Cuarnens, L'Isle, La Coudre, Villars-Bozon, Mauraz, Moiry VD, Mont-la-Ville, Vufflens-la-Ville, Penthaz, Allens, Cossonay-Ville, Dizy, Senarclens, Daillens, Lussery-Villars, La Chaux (Cossonay), Ecl\u00e9pens, Ferreyres, La Sarraz, Chevilly, Orny, Pompaples.<\/p>\n","protected":false},"excerpt":{"rendered":"<p>Vous recherchez un chauffagiste \u00e0 Penthalaz ? Notre entreprise assure la maintenance, r\u00e9paration et installation de votre chauffage. En choisissant de travailler avec nous, vous b\u00e9n\u00e9ficiez : d&rsquo;un tarif transparent, d&rsquo;un service haut de gamme, d&rsquo;une intervention \u00e0 Penthalaz et dans les villes proches, d\u2019une \u00e9quipe exp\u00e9riment\u00e9e, d&rsquo;un devis gratuit, d&rsquo;experts joignables du lundi au [&hellip;]<\/p>\n","protected":false},"author":4,"featured_media":2757,"parent":0,"menu_order":0,"comment_status":"closed","ping_status":"closed","template":"","meta":{"footnotes":""},"profession":[120],"location":[99],"canton":[113],"class_list":["post-671","page","type-page","status-publish","has-post-thumbnail","hentry","profession-chauffagiste","location-penthalaz","canton-vd"],"yoast_head":"<!-- This site is optimized with the Yoast SEO Premium plugin v25.7.1 (Yoast SEO v27.4) - https:\/\/yoast.com\/product\/yoast-seo-premium-wordpress\/ -->\n<title>Chauffagiste \u00e0 Penthalaz - Artisanlocal<\/title>\n<meta name=\"robots\" content=\"index, follow, max-snippet:-1, max-image-preview:large, max-video-preview:-1\" \/>\n<link rel=\"canonical\" href=\"https:\/\/www.artisanlocal.ch\/c\/besoin-dun-depannage-en-urgence-de-votre-chauffage-a-penthalaz\/\" \/>\n<meta property=\"og:locale\" content=\"fr_FR\" \/>\n<meta property=\"og:type\" content=\"article\" \/>\n<meta property=\"og:title\" content=\"Chauffagiste \u00e0 Penthalaz\" \/>\n<meta property=\"og:description\" content=\"Vous recherchez un chauffagiste \u00e0 Penthalaz ? Notre entreprise assure la maintenance, r\u00e9paration et installation de votre chauffage. En choisissant de travailler avec nous, vous b\u00e9n\u00e9ficiez : d&rsquo;un tarif transparent, d&rsquo;un service haut de gamme, d&rsquo;une intervention \u00e0 Penthalaz et dans les villes proches, d\u2019une \u00e9quipe exp\u00e9riment\u00e9e, d&rsquo;un devis gratuit, d&rsquo;experts joignables du lundi au [&hellip;]\" \/>\n<meta property=\"og:url\" content=\"https:\/\/www.artisanlocal.ch\/c\/besoin-dun-depannage-en-urgence-de-votre-chauffage-a-penthalaz\/\" \/>\n<meta property=\"og:site_name\" content=\"Artisanlocal\" \/>\n<meta property=\"article:modified_time\" content=\"2025-09-04T13:51:21+00:00\" \/>\n<meta property=\"og:image\" content=\"https:\/\/www.artisanlocal.ch\/c\/wp-content\/uploads\/2024\/10\/chauffagiste.jpg\" \/>\n\t<meta property=\"og:image:width\" content=\"1920\" \/>\n\t<meta property=\"og:image:height\" content=\"300\" \/>\n\t<meta property=\"og:image:type\" content=\"image\/jpeg\" \/>\n<meta name=\"twitter:card\" content=\"summary_large_image\" \/>\n<meta name=\"twitter:label1\" content=\"Dur\u00e9e de lecture estim\u00e9e\" \/>\n\t<meta name=\"twitter:data1\" content=\"6 minutes\" \/>\n<script type=\"application\/ld+json\" class=\"yoast-schema-graph\">{\"@context\":\"https:\\\/\\\/schema.org\",\"@graph\":[{\"@type\":\"WebPage\",\"@id\":\"https:\\\/\\\/www.artisanlocal.ch\\\/c\\\/besoin-dun-depannage-en-urgence-de-votre-chauffage-a-penthalaz\\\/\",\"url\":\"https:\\\/\\\/www.artisanlocal.ch\\\/c\\\/besoin-dun-depannage-en-urgence-de-votre-chauffage-a-penthalaz\\\/\",\"name\":\"Chauffagiste \u00e0 Penthalaz - Artisanlocal\",\"isPartOf\":{\"@id\":\"https:\\\/\\\/www.artisanlocal.ch\\\/c\\\/#website\"},\"primaryImageOfPage\":{\"@id\":\"https:\\\/\\\/www.artisanlocal.ch\\\/c\\\/besoin-dun-depannage-en-urgence-de-votre-chauffage-a-penthalaz\\\/#primaryimage\"},\"image\":{\"@id\":\"https:\\\/\\\/www.artisanlocal.ch\\\/c\\\/besoin-dun-depannage-en-urgence-de-votre-chauffage-a-penthalaz\\\/#primaryimage\"},\"thumbnailUrl\":\"https:\\\/\\\/www.artisanlocal.ch\\\/c\\\/wp-content\\\/uploads\\\/2024\\\/10\\\/chauffagiste.jpg\",\"datePublished\":\"2024-04-19T10:40:17+00:00\",\"dateModified\":\"2025-09-04T13:51:21+00:00\",\"breadcrumb\":{\"@id\":\"https:\\\/\\\/www.artisanlocal.ch\\\/c\\\/besoin-dun-depannage-en-urgence-de-votre-chauffage-a-penthalaz\\\/#breadcrumb\"},\"inLanguage\":\"fr-FR\",\"potentialAction\":[{\"@type\":\"ReadAction\",\"target\":[\"https:\\\/\\\/www.artisanlocal.ch\\\/c\\\/besoin-dun-depannage-en-urgence-de-votre-chauffage-a-penthalaz\\\/\"]}]},{\"@type\":\"ImageObject\",\"inLanguage\":\"fr-FR\",\"@id\":\"https:\\\/\\\/www.artisanlocal.ch\\\/c\\\/besoin-dun-depannage-en-urgence-de-votre-chauffage-a-penthalaz\\\/#primaryimage\",\"url\":\"https:\\\/\\\/www.artisanlocal.ch\\\/c\\\/wp-content\\\/uploads\\\/2024\\\/10\\\/chauffagiste.jpg\",\"contentUrl\":\"https:\\\/\\\/www.artisanlocal.ch\\\/c\\\/wp-content\\\/uploads\\\/2024\\\/10\\\/chauffagiste.jpg\",\"width\":1920,\"height\":300},{\"@type\":\"BreadcrumbList\",\"@id\":\"https:\\\/\\\/www.artisanlocal.ch\\\/c\\\/besoin-dun-depannage-en-urgence-de-votre-chauffage-a-penthalaz\\\/#breadcrumb\",\"itemListElement\":[{\"@type\":\"ListItem\",\"position\":1,\"name\":\"Accueil\",\"item\":\"https:\\\/\\\/www.artisanlocal.ch\\\/c\\\/\"},{\"@type\":\"ListItem\",\"position\":2,\"name\":\"Chauffagiste \u00e0 Penthalaz\"}]},{\"@type\":\"WebSite\",\"@id\":\"https:\\\/\\\/www.artisanlocal.ch\\\/c\\\/#website\",\"url\":\"https:\\\/\\\/www.artisanlocal.ch\\\/c\\\/\",\"name\":\"Artisanlocal\",\"description\":\"\",\"publisher\":{\"@id\":\"https:\\\/\\\/www.artisanlocal.ch\\\/c\\\/#organization\"},\"potentialAction\":[{\"@type\":\"SearchAction\",\"target\":{\"@type\":\"EntryPoint\",\"urlTemplate\":\"https:\\\/\\\/www.artisanlocal.ch\\\/c\\\/?s={search_term_string}\"},\"query-input\":{\"@type\":\"PropertyValueSpecification\",\"valueRequired\":true,\"valueName\":\"search_term_string\"}}],\"inLanguage\":\"fr-FR\"},{\"@type\":\"Organization\",\"@id\":\"https:\\\/\\\/www.artisanlocal.ch\\\/c\\\/#organization\",\"name\":\"Artisanlocal\",\"url\":\"https:\\\/\\\/www.artisanlocal.ch\\\/c\\\/\",\"logo\":{\"@type\":\"ImageObject\",\"inLanguage\":\"fr-FR\",\"@id\":\"https:\\\/\\\/www.artisanlocal.ch\\\/c\\\/#\\\/schema\\\/logo\\\/image\\\/\",\"url\":\"https:\\\/\\\/www.artisanlocal.ch\\\/c\\\/wp-content\\\/uploads\\\/2024\\\/02\\\/logo-artisanlocal-h.svg\",\"contentUrl\":\"https:\\\/\\\/www.artisanlocal.ch\\\/c\\\/wp-content\\\/uploads\\\/2024\\\/02\\\/logo-artisanlocal-h.svg\",\"caption\":\"Artisanlocal\"},\"image\":{\"@id\":\"https:\\\/\\\/www.artisanlocal.ch\\\/c\\\/#\\\/schema\\\/logo\\\/image\\\/\"}}]}<\/script>\n<!-- \/ Yoast SEO Premium plugin. -->","yoast_head_json":{"title":"Chauffagiste \u00e0 Penthalaz - Artisanlocal","robots":{"index":"index","follow":"follow","max-snippet":"max-snippet:-1","max-image-preview":"max-image-preview:large","max-video-preview":"max-video-preview:-1"},"canonical":"https:\/\/www.artisanlocal.ch\/c\/besoin-dun-depannage-en-urgence-de-votre-chauffage-a-penthalaz\/","og_locale":"fr_FR","og_type":"article","og_title":"Chauffagiste \u00e0 Penthalaz","og_description":"Vous recherchez un chauffagiste \u00e0 Penthalaz ? Notre entreprise assure la maintenance, r\u00e9paration et installation de votre chauffage. En choisissant de travailler avec nous, vous b\u00e9n\u00e9ficiez : d&rsquo;un tarif transparent, d&rsquo;un service haut de gamme, d&rsquo;une intervention \u00e0 Penthalaz et dans les villes proches, d\u2019une \u00e9quipe exp\u00e9riment\u00e9e, d&rsquo;un devis gratuit, d&rsquo;experts joignables du lundi au [&hellip;]","og_url":"https:\/\/www.artisanlocal.ch\/c\/besoin-dun-depannage-en-urgence-de-votre-chauffage-a-penthalaz\/","og_site_name":"Artisanlocal","article_modified_time":"2025-09-04T13:51:21+00:00","og_image":[{"width":1920,"height":300,"url":"https:\/\/www.artisanlocal.ch\/c\/wp-content\/uploads\/2024\/10\/chauffagiste.jpg","type":"image\/jpeg"}],"twitter_card":"summary_large_image","twitter_misc":{"Dur\u00e9e de lecture estim\u00e9e":"6 minutes"},"schema":{"@context":"https:\/\/schema.org","@graph":[{"@type":"WebPage","@id":"https:\/\/www.artisanlocal.ch\/c\/besoin-dun-depannage-en-urgence-de-votre-chauffage-a-penthalaz\/","url":"https:\/\/www.artisanlocal.ch\/c\/besoin-dun-depannage-en-urgence-de-votre-chauffage-a-penthalaz\/","name":"Chauffagiste \u00e0 Penthalaz - Artisanlocal","isPartOf":{"@id":"https:\/\/www.artisanlocal.ch\/c\/#website"},"primaryImageOfPage":{"@id":"https:\/\/www.artisanlocal.ch\/c\/besoin-dun-depannage-en-urgence-de-votre-chauffage-a-penthalaz\/#primaryimage"},"image":{"@id":"https:\/\/www.artisanlocal.ch\/c\/besoin-dun-depannage-en-urgence-de-votre-chauffage-a-penthalaz\/#primaryimage"},"thumbnailUrl":"https:\/\/www.artisanlocal.ch\/c\/wp-content\/uploads\/2024\/10\/chauffagiste.jpg","datePublished":"2024-04-19T10:40:17+00:00","dateModified":"2025-09-04T13:51:21+00:00","breadcrumb":{"@id":"https:\/\/www.artisanlocal.ch\/c\/besoin-dun-depannage-en-urgence-de-votre-chauffage-a-penthalaz\/#breadcrumb"},"inLanguage":"fr-FR","potentialAction":[{"@type":"ReadAction","target":["https:\/\/www.artisanlocal.ch\/c\/besoin-dun-depannage-en-urgence-de-votre-chauffage-a-penthalaz\/"]}]},{"@type":"ImageObject","inLanguage":"fr-FR","@id":"https:\/\/www.artisanlocal.ch\/c\/besoin-dun-depannage-en-urgence-de-votre-chauffage-a-penthalaz\/#primaryimage","url":"https:\/\/www.artisanlocal.ch\/c\/wp-content\/uploads\/2024\/10\/chauffagiste.jpg","contentUrl":"https:\/\/www.artisanlocal.ch\/c\/wp-content\/uploads\/2024\/10\/chauffagiste.jpg","width":1920,"height":300},{"@type":"BreadcrumbList","@id":"https:\/\/www.artisanlocal.ch\/c\/besoin-dun-depannage-en-urgence-de-votre-chauffage-a-penthalaz\/#breadcrumb","itemListElement":[{"@type":"ListItem","position":1,"name":"Accueil","item":"https:\/\/www.artisanlocal.ch\/c\/"},{"@type":"ListItem","position":2,"name":"Chauffagiste \u00e0 Penthalaz"}]},{"@type":"WebSite","@id":"https:\/\/www.artisanlocal.ch\/c\/#website","url":"https:\/\/www.artisanlocal.ch\/c\/","name":"Artisanlocal","description":"","publisher":{"@id":"https:\/\/www.artisanlocal.ch\/c\/#organization"},"potentialAction":[{"@type":"SearchAction","target":{"@type":"EntryPoint","urlTemplate":"https:\/\/www.artisanlocal.ch\/c\/?s={search_term_string}"},"query-input":{"@type":"PropertyValueSpecification","valueRequired":true,"valueName":"search_term_string"}}],"inLanguage":"fr-FR"},{"@type":"Organization","@id":"https:\/\/www.artisanlocal.ch\/c\/#organization","name":"Artisanlocal","url":"https:\/\/www.artisanlocal.ch\/c\/","logo":{"@type":"ImageObject","inLanguage":"fr-FR","@id":"https:\/\/www.artisanlocal.ch\/c\/#\/schema\/logo\/image\/","url":"https:\/\/www.artisanlocal.ch\/c\/wp-content\/uploads\/2024\/02\/logo-artisanlocal-h.svg","contentUrl":"https:\/\/www.artisanlocal.ch\/c\/wp-content\/uploads\/2024\/02\/logo-artisanlocal-h.svg","caption":"Artisanlocal"},"image":{"@id":"https:\/\/www.artisanlocal.ch\/c\/#\/schema\/logo\/image\/"}}]}},"_links":{"self":[{"href":"https:\/\/www.artisanlocal.ch\/c\/wp-json\/wp\/v2\/pages\/671","targetHints":{"allow":["GET"]}}],"collection":[{"href":"https:\/\/www.artisanlocal.ch\/c\/wp-json\/wp\/v2\/pages"}],"about":[{"href":"https:\/\/www.artisanlocal.ch\/c\/wp-json\/wp\/v2\/types\/page"}],"author":[{"embeddable":true,"href":"https:\/\/www.artisanlocal.ch\/c\/wp-json\/wp\/v2\/users\/4"}],"replies":[{"embeddable":true,"href":"https:\/\/www.artisanlocal.ch\/c\/wp-json\/wp\/v2\/comments?post=671"}],"version-history":[{"count":0,"href":"https:\/\/www.artisanlocal.ch\/c\/wp-json\/wp\/v2\/pages\/671\/revisions"}],"wp:featuredmedia":[{"embeddable":true,"href":"https:\/\/www.artisanlocal.ch\/c\/wp-json\/wp\/v2\/media\/2757"}],"wp:attachment":[{"href":"https:\/\/www.artisanlocal.ch\/c\/wp-json\/wp\/v2\/media?parent=671"}],"wp:term":[{"taxonomy":"profession","embeddable":true,"href":"https:\/\/www.artisanlocal.ch\/c\/wp-json\/wp\/v2\/profession?post=671"},{"taxonomy":"location","embeddable":true,"href":"https:\/\/www.artisanlocal.ch\/c\/wp-json\/wp\/v2\/location?post=671"},{"taxonomy":"canton","embeddable":true,"href":"https:\/\/www.artisanlocal.ch\/c\/wp-json\/wp\/v2\/canton?post=671"}],"curies":[{"name":"wp","href":"https:\/\/api.w.org\/{rel}","templated":true}]}}