{"id":672,"date":"2024-04-18T01:14:58","date_gmt":"2024-04-17T23:14:58","guid":{"rendered":"https:\/\/www.artisanlocal.ch\/c\/vous-avez-besoin-dun-depannage-en-urgence-de-votre-chauffage-a-grandson\/"},"modified":"2025-09-04T15:14:10","modified_gmt":"2025-09-04T13:14:10","slug":"vous-avez-besoin-dun-depannage-en-urgence-de-votre-chauffage-a-grandson","status":"publish","type":"page","link":"https:\/\/www.artisanlocal.ch\/c\/vous-avez-besoin-dun-depannage-en-urgence-de-votre-chauffage-a-grandson\/","title":{"rendered":"Chauffagiste \u00e0 Grandson"},"content":{"rendered":"<p>Besoin d&rsquo;un chauffagiste \u00e0 Grandson ? Artisanlocal intervient pour r\u00e9parer et installer votre chaudi\u00e8re. En engagent notre entreprise, vous b\u00e9n\u00e9ficiez :<\/p>\n<ul>\n<li>d&rsquo;un prix transparent,<\/li>\n<li>de service haut de gamme,<\/li>\n<li>d&rsquo;assistance \u00e0 Grandson et dans ses environs,<\/li>\n<li>de chauffagistes avec de l&rsquo;exp\u00e9rience,<\/li>\n<li>de devis gratuit,<\/li>\n<li>d&rsquo;experts disponibles du lundi au samedi.<\/li>\n<\/ul>\n\r\n<div class=\"box\">\r\n    <h2 class=\"text-dark\">Nous cherchons un <em class=\"text-primary\">Chauffagiste<\/em> dans la r\u00e9gion de <em class=\"text-primary\">Grandson<\/em>  en exclusivit\u00e9, afin de proposer vos services \u00e0 nos clients propri\u00e9taires.<\/h2>\r\n    <p>Une opportunit\u00e9 unique pour booster votre activit\u00e9 \u00e0 <strong>Grandson<\/strong> et aux alentours dans votre domaine (Chauffagiste).<\/p>\r\n    <p>Nous travaillons en exclusivit\u00e9 avec qu'une soci\u00e9t\u00e9 par m\u00e9tier et par r\u00e9gion. <br>Votre entreprise est pr\u00e9sente sur tous les documents immobiliers. Afin d'\u00eatre mieux vu sur le net, vous \u00eates \u00e9galement visible sur nos deux sites et sur les pages de r\u00e9f\u00e9rencement de votre r\u00e9gion.<\/p>\r\n    <a href=\"\/contact\" class=\"wp-block-button__link has-accent-background-color has-text-align-center wp-element-button\">R\u00e9server<\/a>\r\n<\/div>\n<h2>Pourquoi choisir Artisanlocal ?<\/h2>\n<ul>\n<li>Estimation rapide : une fois que vous avez rempli le formulaire, notre chauffagiste \u00e0 Grandson vous contacte rapidement pour estimer le cout des travaux.<\/li>\n<li>Visite \u00e0 votre domicile : si votre projet est complexe, notre chauffagiste Grandsonnois peut se rendre dans votre foyer pour calculer le prix votre projet.<\/li>\n<li>Mise en place de votre syst\u00e8me de chauffage possible en 24\/48 heures : une fois que vous avez accept\u00e9 notre offre. Nous planifierons avec vous la date d&rsquo;installation ou de r\u00e9paration de votre chauffage.<\/li>\n<li>Entretien et d\u00e9pannage : si une panne survient sur votre chaudi\u00e8re, chauffe-eau ou syst\u00e8me de chauffage, un chauffagiste intervient pour entretenir et d\u00e9panner votre installation.<\/li>\n<\/ul>\n<h2>Pourquoi la maintenance du chauffage est importante ?<\/h2>\n<p>Assurer le fonctionnement optimal de votre \u00e9quipement de chauffage est essentiel, surtout, si vous avez des enfants. Nos chauffagistes vous aident \u00e0 r\u00e9gler la temp\u00e9rature id\u00e9ale et le taux de monoxyde de carbone cr\u00e9\u00e9 par votre chauffage. Quel que soit le type de votre chauffage, nos experts assurent la maintenance et l&rsquo;entretien, de votre \u00e9quipement de chauffage :<\/p>\n<ul>\n<li>\u00e0 accumulation,<\/li>\n<li>basse temp\u00e9rature,<\/li>\n<li>fioul,<\/li>\n<li>condensation,<\/li>\n<li>\u00e9lectrique<\/li>\n<li>ou \u00e0 gaz.<\/li>\n<\/ul>\n<h2>Votre entreprise propose-t-elle une assistance t\u00e9l\u00e9phonique ?<\/h2>\n<p>Oui, Artisanlocal peut vous aider \u00e0 distance. Il suffit juste de nous expliquer votre probl\u00e9matique pour que nous puissions en \u00e9valuer les causes et identifier la solution. N\u00e9anmoins, dans de nombreux cas, un technicien doit se d\u00e9placer.<\/p>\n<h2>Quel est le mode de fonctionnement de votre entreprise ?<\/h2>\n<ol>\n<li>Prise de contact : vous devez nous contacter par t\u00e9l\u00e9phone ou par message.<\/li>\n<li>Intervention : un technicien chauffagiste Grandsonnois intervient directement dans votre logement.<\/li>\n<li>Estimation : le chauffagiste estimera l&rsquo;\u00e9tat actuel de votre installation, il d\u00e9termine aussi le volume des pi\u00e8ces et inspecte l&rsquo;isolation de votre logement.<\/li>\n<li>Indication : le technicien vous guide pour choisir le meilleur syst\u00e8me de chauffage, en prenant compte de l\u2019efficacit\u00e9 et la rentabilit\u00e9 que vous souhaitez obtenir.<\/li>\n<li>Devis gratuit : vous recevez un devis gratuit montrant les diverses d\u00e9penses.<\/li>\n<li>Installation : apr\u00e8s avoir sign\u00e9 notre devis, nous r\u00e9alisons l&rsquo;installation de votre chauffage et r\u00e9glons le thermostat selon vos demandes.<\/li>\n<\/ol>\n<h2>Quels sont les meilleurs types de chauffages ?<\/h2>\n<p>L&rsquo;expert qui se d\u00e9place dans votre foyer, vous conseille pour choisir le meilleur chauffage possible, parmi les \u00e9quipements chauffages : \u00e0 condensation, \u00e0 gaz, \u00e9lectriques, classiques, fioul ou encore basses temp\u00e9ratures.<\/p>\n<p>Bien que les chauffages \u00e0 condensation ou basses temp\u00e9ratures valent plus cher \u00e0 l&rsquo;acquisition, ils contribuent \u00e0 faire des \u00e9conomies sur le long terme.<\/p>\n<p>Par ailleurs, avant la mise en place de votre chauffage, il faut param\u00e9trer votre thermostat par rapport \u00e0 vos pr\u00e9f\u00e9rences. Ne vous inqui\u00e9tez pas, le technicien qui se d\u00e9place \u00e0 votre domicile a les connaissances pour r\u00e9gler votre chauffage. Dans notre devis, vous retrouvez les d\u00e9tails de l\u2019intervention, tels que :<\/p>\n<ul>\n<li>le prix des \u00e9quipements,<\/li>\n<li>et le co\u00fbt de la main-d&rsquo;\u0153uvre.<\/li>\n<\/ul>\n<h2>Service de maintenance de votre chauffage \u00e0 Grandson<\/h2>\n<p>Assurez-vous de faire la maintenance de votre chauffage chaque ann\u00e9e, qu&rsquo;il soit au gaz ou au fioul. L&rsquo;entretien de votre chauffage permet de contr\u00f4ler les \u00e9missions de monoxyde de carbone qui se d\u00e9gage. Il est important de savoir, si votre chauffage fabrique trop de monoxyde de carbone, il est possible d&rsquo;intoxiquer les membres de votre foyer. Le chauffagiste qui se d\u00e9place chez vous r\u00e8gle et contr\u00f4le le taux de monoxyde de carbone de votre chauffage afin de s\u00e9curiser votre habitation.<\/p>\n<h2>Contrat d&rsquo;assistance pour votre chauffage \u00e0 Grandson<\/h2>\n<p>Nous proposons des contrats de maintenance pour votre chauffage dans le but d&rsquo;en garantir le fonctionnement optimal. Avec une maintenance r\u00e9guli\u00e8re, vous faites des \u00e9conomies en emp\u00eachant les pannes et les r\u00e9parations en urgence.<\/p>\n<p>D&rsquo;autre part, dans le cas o\u00f9 vous auriez un dommage ou un sinistre, votre assurance vous r\u00e9clame le contrat de maintenance afin de contr\u00f4ler l&rsquo;\u00e9tat de votre chauffage avant l&rsquo;accident. Notre soci\u00e9t\u00e9 propose des contrats de maintenance annuels ou pluriannuels.<\/p>\n<h2>Pourquoi signer un forfait de maintenance pour votre chauffage ?<\/h2>\n<p>Si vous avez des pi\u00e8ces d\u00e9fectueuses, nous garantissons le remplacement rapide. De plus, nous prenons l&rsquo;engagement d&rsquo;inspecter l&rsquo;int\u00e9gralit\u00e9 de votre chauffage, comme :<\/p>\n<ul>\n<li>Les pressions dans vos conduits,<\/li>\n<li>l&rsquo;\u00e9tat de vos conduits de raccordement, et des parties chauffantes.<\/li>\n<\/ul>\n<h2>Quels sont les diff\u00e9rents services propos\u00e9s par votre soci\u00e9t\u00e9 ?<\/h2>\n<ul>\n<li>Le d\u00e9sembouage et le d\u00e9tartrage de vos radiateurs,<\/li>\n<li>la purge d&rsquo;air,<\/li>\n<li>la maintenance des chauffe-eau et des chaudi\u00e8res,<\/li>\n<li>l&rsquo;ajustement des thermostats,<\/li>\n<li>l&rsquo;entretien chaudi\u00e8res \u00e0 condensation, \u00e0 gaz, \u00e0 accumulation, \u00e0 fioul, \u00e9lectriques et basses temp\u00e9ratures,<\/li>\n<li>la remise en \u00e9tat de la vanne de purge,<\/li>\n<li>la r\u00e9paration et le d\u00e9pannage sur tous types de pannes : de votre chaudi\u00e8re, radiateur qui ne chauffe plus, fuite de canalisation, etc.<\/li>\n<li>l&rsquo;installation de : radiateur \u00e9lectrique, pompe \u00e0 chaleur, plancher chauffant, chaudi\u00e8re, chauffage, etc.<\/li>\n<\/ul>\n<h2>R\u00e9ponses aux questions fr\u00e9quentes<\/h2>\n<h3>Pourquoi faire appel \u00e0 un technicien chauffagiste Grandsonnois ?<\/h3>\n<ul>\n<li>Stabiliser la temp\u00e9rature ambiante de votre int\u00e9rieur.<\/li>\n<li>R\u00e9aliser des \u00e9conomies : en achetant des \u00e9quipements de qualit\u00e9 sup\u00e9rieure, par exemple l&rsquo;isolation et le chauffage, vous effectuez des \u00e9conomies et limiter vos \u00e9missions carbones.<\/li>\n<li>Assurer la s\u00fbret\u00e9 de vos installations : respecter les normes de s\u00fbret\u00e9 permet de maintenir un chauffage s\u00fbr et efficace (exemple, pour r\u00e9duire le taux de monoxyde de carbone).<\/li>\n<li>Anticiper les probl\u00e8mes.<\/li>\n<\/ul>\n<h3>Comment choisir le meilleur technicien chauffagiste \u00e0 Grandson ?<\/h3>\n<ul>\n<li>Les comp\u00e9tences : v\u00e9rifiez les certifications t\u00e9moignant que la soci\u00e9t\u00e9 \u00e0 un v\u00e9ritable savoir-faire dans son domaine d&rsquo;expertise.<\/li>\n<li>Les avis clients : n&rsquo;h\u00e9sitez pas \u00e0 regarder les t\u00e9moignages des clients ayant d\u00e9j\u00e0 sollicit\u00e9 la soci\u00e9t\u00e9 de mani\u00e8re \u00e0 vous faire une id\u00e9e.<\/li>\n<li>Les assurances : v\u00e9rifiez que l&rsquo;entreprise de chauffage b\u00e9n\u00e9ficie d&rsquo;une assurance qui couvre les possibles dommages caus\u00e9s lors de ses op\u00e9rations.<\/li>\n<\/ul>\n<h3>Quels sont vos d\u00e9lais d&rsquo;interventions ?<\/h3>\n<p>Nous pouvons intervenir dans la journ\u00e9e pour une demande urgente, si votre demande n\u2019est pas urgente, nous intervenons normalement durant la semaine.<\/p>\n<h3>Intervenez-vous \u00e0 Grandson et dans les villes aux alentours ?<\/h3>\n<p>Oui, nous intervenons \u00e0 Grandson et dans les villes aux alentours, comme : Fiez, Fontaines-sur-Grandson, Grandevent, Fontanezier, Romairon, Vaugondry, Villars-Burquin, Champagne, Onnens VD, Concise, Corcelles-pr\u00e8s-Concise, Bonvillars, Mutrux, Provence, Giez, Orges, Novalles, Vugelles-La Mothe, Vuiteboeuf, La Sagne (Ste-croix), Le Ch\u00e2teau-de-Ste-Croix, Ste-Croix, Les Rasses, Bullet, Mauborget, L'Auberson, La Vraconnaz.<\/p>\n","protected":false},"excerpt":{"rendered":"<p>Besoin d&rsquo;un chauffagiste \u00e0 Grandson ? Artisanlocal intervient pour r\u00e9parer et installer votre chaudi\u00e8re. En engagent notre entreprise, vous b\u00e9n\u00e9ficiez : d&rsquo;un prix transparent, de service haut de gamme, d&rsquo;assistance \u00e0 Grandson et dans ses environs, de chauffagistes avec de l&rsquo;exp\u00e9rience, de devis gratuit, d&rsquo;experts disponibles du lundi au samedi. Pourquoi choisir Artisanlocal ? Estimation [&hellip;]<\/p>\n","protected":false},"author":4,"featured_media":2757,"parent":0,"menu_order":0,"comment_status":"closed","ping_status":"closed","template":"","meta":{"footnotes":""},"profession":[120],"location":[66],"canton":[113],"class_list":["post-672","page","type-page","status-publish","has-post-thumbnail","hentry","profession-chauffagiste","location-grandson","canton-vd"],"yoast_head":"<!-- This site is optimized with the Yoast SEO Premium plugin v25.7.1 (Yoast SEO v27.4) - https:\/\/yoast.com\/product\/yoast-seo-premium-wordpress\/ -->\n<title>Chauffagiste \u00e0 Grandson - Artisanlocal<\/title>\n<meta name=\"robots\" content=\"index, follow, max-snippet:-1, max-image-preview:large, max-video-preview:-1\" \/>\n<link rel=\"canonical\" href=\"https:\/\/www.artisanlocal.ch\/c\/vous-avez-besoin-dun-depannage-en-urgence-de-votre-chauffage-a-grandson\/\" \/>\n<meta property=\"og:locale\" content=\"fr_FR\" \/>\n<meta property=\"og:type\" content=\"article\" \/>\n<meta property=\"og:title\" content=\"Chauffagiste \u00e0 Grandson\" \/>\n<meta property=\"og:description\" content=\"Besoin d&rsquo;un chauffagiste \u00e0 Grandson ? Artisanlocal intervient pour r\u00e9parer et installer votre chaudi\u00e8re. En engagent notre entreprise, vous b\u00e9n\u00e9ficiez : d&rsquo;un prix transparent, de service haut de gamme, d&rsquo;assistance \u00e0 Grandson et dans ses environs, de chauffagistes avec de l&rsquo;exp\u00e9rience, de devis gratuit, d&rsquo;experts disponibles du lundi au samedi. Pourquoi choisir Artisanlocal ? Estimation [&hellip;]\" \/>\n<meta property=\"og:url\" content=\"https:\/\/www.artisanlocal.ch\/c\/vous-avez-besoin-dun-depannage-en-urgence-de-votre-chauffage-a-grandson\/\" \/>\n<meta property=\"og:site_name\" content=\"Artisanlocal\" \/>\n<meta property=\"article:modified_time\" content=\"2025-09-04T13:14:10+00:00\" \/>\n<meta property=\"og:image\" content=\"https:\/\/www.artisanlocal.ch\/c\/wp-content\/uploads\/2024\/10\/chauffagiste.jpg\" \/>\n\t<meta property=\"og:image:width\" content=\"1920\" \/>\n\t<meta property=\"og:image:height\" content=\"300\" \/>\n\t<meta property=\"og:image:type\" content=\"image\/jpeg\" \/>\n<meta name=\"twitter:card\" content=\"summary_large_image\" \/>\n<meta name=\"twitter:label1\" content=\"Dur\u00e9e de lecture estim\u00e9e\" \/>\n\t<meta name=\"twitter:data1\" content=\"6 minutes\" \/>\n<script type=\"application\/ld+json\" class=\"yoast-schema-graph\">{\"@context\":\"https:\\\/\\\/schema.org\",\"@graph\":[{\"@type\":\"WebPage\",\"@id\":\"https:\\\/\\\/www.artisanlocal.ch\\\/c\\\/vous-avez-besoin-dun-depannage-en-urgence-de-votre-chauffage-a-grandson\\\/\",\"url\":\"https:\\\/\\\/www.artisanlocal.ch\\\/c\\\/vous-avez-besoin-dun-depannage-en-urgence-de-votre-chauffage-a-grandson\\\/\",\"name\":\"Chauffagiste \u00e0 Grandson - Artisanlocal\",\"isPartOf\":{\"@id\":\"https:\\\/\\\/www.artisanlocal.ch\\\/c\\\/#website\"},\"primaryImageOfPage\":{\"@id\":\"https:\\\/\\\/www.artisanlocal.ch\\\/c\\\/vous-avez-besoin-dun-depannage-en-urgence-de-votre-chauffage-a-grandson\\\/#primaryimage\"},\"image\":{\"@id\":\"https:\\\/\\\/www.artisanlocal.ch\\\/c\\\/vous-avez-besoin-dun-depannage-en-urgence-de-votre-chauffage-a-grandson\\\/#primaryimage\"},\"thumbnailUrl\":\"https:\\\/\\\/www.artisanlocal.ch\\\/c\\\/wp-content\\\/uploads\\\/2024\\\/10\\\/chauffagiste.jpg\",\"datePublished\":\"2024-04-17T23:14:58+00:00\",\"dateModified\":\"2025-09-04T13:14:10+00:00\",\"breadcrumb\":{\"@id\":\"https:\\\/\\\/www.artisanlocal.ch\\\/c\\\/vous-avez-besoin-dun-depannage-en-urgence-de-votre-chauffage-a-grandson\\\/#breadcrumb\"},\"inLanguage\":\"fr-FR\",\"potentialAction\":[{\"@type\":\"ReadAction\",\"target\":[\"https:\\\/\\\/www.artisanlocal.ch\\\/c\\\/vous-avez-besoin-dun-depannage-en-urgence-de-votre-chauffage-a-grandson\\\/\"]}]},{\"@type\":\"ImageObject\",\"inLanguage\":\"fr-FR\",\"@id\":\"https:\\\/\\\/www.artisanlocal.ch\\\/c\\\/vous-avez-besoin-dun-depannage-en-urgence-de-votre-chauffage-a-grandson\\\/#primaryimage\",\"url\":\"https:\\\/\\\/www.artisanlocal.ch\\\/c\\\/wp-content\\\/uploads\\\/2024\\\/10\\\/chauffagiste.jpg\",\"contentUrl\":\"https:\\\/\\\/www.artisanlocal.ch\\\/c\\\/wp-content\\\/uploads\\\/2024\\\/10\\\/chauffagiste.jpg\",\"width\":1920,\"height\":300},{\"@type\":\"BreadcrumbList\",\"@id\":\"https:\\\/\\\/www.artisanlocal.ch\\\/c\\\/vous-avez-besoin-dun-depannage-en-urgence-de-votre-chauffage-a-grandson\\\/#breadcrumb\",\"itemListElement\":[{\"@type\":\"ListItem\",\"position\":1,\"name\":\"Accueil\",\"item\":\"https:\\\/\\\/www.artisanlocal.ch\\\/c\\\/\"},{\"@type\":\"ListItem\",\"position\":2,\"name\":\"Chauffagiste \u00e0 Grandson\"}]},{\"@type\":\"WebSite\",\"@id\":\"https:\\\/\\\/www.artisanlocal.ch\\\/c\\\/#website\",\"url\":\"https:\\\/\\\/www.artisanlocal.ch\\\/c\\\/\",\"name\":\"Artisanlocal\",\"description\":\"\",\"publisher\":{\"@id\":\"https:\\\/\\\/www.artisanlocal.ch\\\/c\\\/#organization\"},\"potentialAction\":[{\"@type\":\"SearchAction\",\"target\":{\"@type\":\"EntryPoint\",\"urlTemplate\":\"https:\\\/\\\/www.artisanlocal.ch\\\/c\\\/?s={search_term_string}\"},\"query-input\":{\"@type\":\"PropertyValueSpecification\",\"valueRequired\":true,\"valueName\":\"search_term_string\"}}],\"inLanguage\":\"fr-FR\"},{\"@type\":\"Organization\",\"@id\":\"https:\\\/\\\/www.artisanlocal.ch\\\/c\\\/#organization\",\"name\":\"Artisanlocal\",\"url\":\"https:\\\/\\\/www.artisanlocal.ch\\\/c\\\/\",\"logo\":{\"@type\":\"ImageObject\",\"inLanguage\":\"fr-FR\",\"@id\":\"https:\\\/\\\/www.artisanlocal.ch\\\/c\\\/#\\\/schema\\\/logo\\\/image\\\/\",\"url\":\"https:\\\/\\\/www.artisanlocal.ch\\\/c\\\/wp-content\\\/uploads\\\/2024\\\/02\\\/logo-artisanlocal-h.svg\",\"contentUrl\":\"https:\\\/\\\/www.artisanlocal.ch\\\/c\\\/wp-content\\\/uploads\\\/2024\\\/02\\\/logo-artisanlocal-h.svg\",\"caption\":\"Artisanlocal\"},\"image\":{\"@id\":\"https:\\\/\\\/www.artisanlocal.ch\\\/c\\\/#\\\/schema\\\/logo\\\/image\\\/\"}}]}<\/script>\n<!-- \/ Yoast SEO Premium plugin. -->","yoast_head_json":{"title":"Chauffagiste \u00e0 Grandson - Artisanlocal","robots":{"index":"index","follow":"follow","max-snippet":"max-snippet:-1","max-image-preview":"max-image-preview:large","max-video-preview":"max-video-preview:-1"},"canonical":"https:\/\/www.artisanlocal.ch\/c\/vous-avez-besoin-dun-depannage-en-urgence-de-votre-chauffage-a-grandson\/","og_locale":"fr_FR","og_type":"article","og_title":"Chauffagiste \u00e0 Grandson","og_description":"Besoin d&rsquo;un chauffagiste \u00e0 Grandson ? Artisanlocal intervient pour r\u00e9parer et installer votre chaudi\u00e8re. En engagent notre entreprise, vous b\u00e9n\u00e9ficiez : d&rsquo;un prix transparent, de service haut de gamme, d&rsquo;assistance \u00e0 Grandson et dans ses environs, de chauffagistes avec de l&rsquo;exp\u00e9rience, de devis gratuit, d&rsquo;experts disponibles du lundi au samedi. Pourquoi choisir Artisanlocal ? Estimation [&hellip;]","og_url":"https:\/\/www.artisanlocal.ch\/c\/vous-avez-besoin-dun-depannage-en-urgence-de-votre-chauffage-a-grandson\/","og_site_name":"Artisanlocal","article_modified_time":"2025-09-04T13:14:10+00:00","og_image":[{"width":1920,"height":300,"url":"https:\/\/www.artisanlocal.ch\/c\/wp-content\/uploads\/2024\/10\/chauffagiste.jpg","type":"image\/jpeg"}],"twitter_card":"summary_large_image","twitter_misc":{"Dur\u00e9e de lecture estim\u00e9e":"6 minutes"},"schema":{"@context":"https:\/\/schema.org","@graph":[{"@type":"WebPage","@id":"https:\/\/www.artisanlocal.ch\/c\/vous-avez-besoin-dun-depannage-en-urgence-de-votre-chauffage-a-grandson\/","url":"https:\/\/www.artisanlocal.ch\/c\/vous-avez-besoin-dun-depannage-en-urgence-de-votre-chauffage-a-grandson\/","name":"Chauffagiste \u00e0 Grandson - Artisanlocal","isPartOf":{"@id":"https:\/\/www.artisanlocal.ch\/c\/#website"},"primaryImageOfPage":{"@id":"https:\/\/www.artisanlocal.ch\/c\/vous-avez-besoin-dun-depannage-en-urgence-de-votre-chauffage-a-grandson\/#primaryimage"},"image":{"@id":"https:\/\/www.artisanlocal.ch\/c\/vous-avez-besoin-dun-depannage-en-urgence-de-votre-chauffage-a-grandson\/#primaryimage"},"thumbnailUrl":"https:\/\/www.artisanlocal.ch\/c\/wp-content\/uploads\/2024\/10\/chauffagiste.jpg","datePublished":"2024-04-17T23:14:58+00:00","dateModified":"2025-09-04T13:14:10+00:00","breadcrumb":{"@id":"https:\/\/www.artisanlocal.ch\/c\/vous-avez-besoin-dun-depannage-en-urgence-de-votre-chauffage-a-grandson\/#breadcrumb"},"inLanguage":"fr-FR","potentialAction":[{"@type":"ReadAction","target":["https:\/\/www.artisanlocal.ch\/c\/vous-avez-besoin-dun-depannage-en-urgence-de-votre-chauffage-a-grandson\/"]}]},{"@type":"ImageObject","inLanguage":"fr-FR","@id":"https:\/\/www.artisanlocal.ch\/c\/vous-avez-besoin-dun-depannage-en-urgence-de-votre-chauffage-a-grandson\/#primaryimage","url":"https:\/\/www.artisanlocal.ch\/c\/wp-content\/uploads\/2024\/10\/chauffagiste.jpg","contentUrl":"https:\/\/www.artisanlocal.ch\/c\/wp-content\/uploads\/2024\/10\/chauffagiste.jpg","width":1920,"height":300},{"@type":"BreadcrumbList","@id":"https:\/\/www.artisanlocal.ch\/c\/vous-avez-besoin-dun-depannage-en-urgence-de-votre-chauffage-a-grandson\/#breadcrumb","itemListElement":[{"@type":"ListItem","position":1,"name":"Accueil","item":"https:\/\/www.artisanlocal.ch\/c\/"},{"@type":"ListItem","position":2,"name":"Chauffagiste \u00e0 Grandson"}]},{"@type":"WebSite","@id":"https:\/\/www.artisanlocal.ch\/c\/#website","url":"https:\/\/www.artisanlocal.ch\/c\/","name":"Artisanlocal","description":"","publisher":{"@id":"https:\/\/www.artisanlocal.ch\/c\/#organization"},"potentialAction":[{"@type":"SearchAction","target":{"@type":"EntryPoint","urlTemplate":"https:\/\/www.artisanlocal.ch\/c\/?s={search_term_string}"},"query-input":{"@type":"PropertyValueSpecification","valueRequired":true,"valueName":"search_term_string"}}],"inLanguage":"fr-FR"},{"@type":"Organization","@id":"https:\/\/www.artisanlocal.ch\/c\/#organization","name":"Artisanlocal","url":"https:\/\/www.artisanlocal.ch\/c\/","logo":{"@type":"ImageObject","inLanguage":"fr-FR","@id":"https:\/\/www.artisanlocal.ch\/c\/#\/schema\/logo\/image\/","url":"https:\/\/www.artisanlocal.ch\/c\/wp-content\/uploads\/2024\/02\/logo-artisanlocal-h.svg","contentUrl":"https:\/\/www.artisanlocal.ch\/c\/wp-content\/uploads\/2024\/02\/logo-artisanlocal-h.svg","caption":"Artisanlocal"},"image":{"@id":"https:\/\/www.artisanlocal.ch\/c\/#\/schema\/logo\/image\/"}}]}},"_links":{"self":[{"href":"https:\/\/www.artisanlocal.ch\/c\/wp-json\/wp\/v2\/pages\/672","targetHints":{"allow":["GET"]}}],"collection":[{"href":"https:\/\/www.artisanlocal.ch\/c\/wp-json\/wp\/v2\/pages"}],"about":[{"href":"https:\/\/www.artisanlocal.ch\/c\/wp-json\/wp\/v2\/types\/page"}],"author":[{"embeddable":true,"href":"https:\/\/www.artisanlocal.ch\/c\/wp-json\/wp\/v2\/users\/4"}],"replies":[{"embeddable":true,"href":"https:\/\/www.artisanlocal.ch\/c\/wp-json\/wp\/v2\/comments?post=672"}],"version-history":[{"count":0,"href":"https:\/\/www.artisanlocal.ch\/c\/wp-json\/wp\/v2\/pages\/672\/revisions"}],"wp:featuredmedia":[{"embeddable":true,"href":"https:\/\/www.artisanlocal.ch\/c\/wp-json\/wp\/v2\/media\/2757"}],"wp:attachment":[{"href":"https:\/\/www.artisanlocal.ch\/c\/wp-json\/wp\/v2\/media?parent=672"}],"wp:term":[{"taxonomy":"profession","embeddable":true,"href":"https:\/\/www.artisanlocal.ch\/c\/wp-json\/wp\/v2\/profession?post=672"},{"taxonomy":"location","embeddable":true,"href":"https:\/\/www.artisanlocal.ch\/c\/wp-json\/wp\/v2\/location?post=672"},{"taxonomy":"canton","embeddable":true,"href":"https:\/\/www.artisanlocal.ch\/c\/wp-json\/wp\/v2\/canton?post=672"}],"curies":[{"name":"wp","href":"https:\/\/api.w.org\/{rel}","templated":true}]}}