{"id":674,"date":"2024-04-18T02:35:20","date_gmt":"2024-04-18T00:35:20","guid":{"rendered":"https:\/\/www.artisanlocal.ch\/c\/vous-avez-besoin-dun-depannage-en-urgence-de-votre-chauffage-a-pully\/"},"modified":"2025-10-23T13:58:32","modified_gmt":"2025-10-23T11:58:32","slug":"vous-avez-besoin-dun-depannage-en-urgence-de-votre-chauffage-a-pully","status":"publish","type":"page","link":"https:\/\/www.artisanlocal.ch\/c\/vous-avez-besoin-dun-depannage-en-urgence-de-votre-chauffage-a-pully\/","title":{"rendered":"Chauffagiste \u00e0 Pully"},"content":{"rendered":"<p>Besoin d&rsquo;un chauffagiste \u00e0 Pully ? Artisanlocal r\u00e9pare et installe votre chauffage \u00e0 Pully et les villes aux environs.<\/p>\n\r\n<div class=\"box\">\r\n            <div class=\"company-info\">\r\n            <img decoding=\"async\" class=\"company-info__logo\" src=\"https:\/\/www.artisanlocal.ch\/media\/cache\/thumb\/images\/companies\/611a3184c2550010443282.png\" alt=\"Logo\">\r\n            <h2 class=\"company-info__name\">DEVAUX FRERES CHAUFFAGE & SANITAIRE SARL<\/h2>\r\n            <p class=\"company-info__business\">Installations sanitaires - Chauffages<\/p>\r\n        <\/div>\r\n        <div class=\"company-contact\">\r\n            <p class=\"company-info__address\">Chemin du Raffort 1<\/p>\r\n                            <div class=\"links\">\r\n                                            <a class=\"btn has-accent-background-color js-phoneNumber\" href=\"tel:0795983115\" title=\"Appelez\" data-id=\"1873\" data-type=\"11\">079 598 31 15<\/a>\r\n                                                                <a class=\"btn has-accent-background-color\" href=\"https:\/\/www.devaux-freres.ch\/\" target=\"_blank\" title=\"Voir le site internet\" data-id=\"1873\" data-type=\"20\">Site internet<\/a>\r\n                                    <\/div>\r\n                    <\/div>\r\n    \r\n            \r\n<form action=\"https:\/\/www.artisanlocal.ch\/c\/wp-admin\/admin-ajax.php\" method=\"post\" class=\"form-contact\" id=\"artisan_form_contact_company_inline\">\r\n    <div><input type=\"hidden\" name=\"action\" value=\"company_contact\"><\/div>\r\n    <div><input type=\"hidden\" name=\"nonce\" value=\"f071462bb9\"><\/div>\r\n    <div><input type=\"hidden\" name=\"company_id\" value=\"1873\"><\/div>\r\n    <div><input type=\"hidden\" name=\"form_id\" value=\"artisan_form_contact_company_inline\"><\/div>\r\n    <div class=\"gglcptch gglcptch_v3 gglcptch_custom\"><input type=\"hidden\" id=\"g-recaptcha-response\" name=\"g-recaptcha-response\" \/><br \/><div class=\"gglcptch_error_text\">La p\u00e9riode de v\u00e9rification reCAPTCHA a expir\u00e9. Veuillez recharger la page.<\/div><\/div>    <div class=\"form-content\">\r\n        <div class=\"form-group\">\r\n            <label for=\"contact_firstName\" class=\"required\">Pr\u00e9nom<\/label>\r\n            <input type=\"text\" name=\"firstName\" class=\"form-control\" required>\r\n        <\/div>\r\n        <div class=\"form-group\">\r\n            <label for=\"contact_lastName\" class=\"required\">Nom<\/label>\r\n            <input type=\"text\" name=\"lastName\" class=\"form-control\" required>\r\n        <\/div>\r\n        <div class=\"form-group\">\r\n            <label for=\"contact_email\" class=\"required\">Email<\/label>\r\n            <input type=\"email\" name=\"email\" class=\"form-control\" required>\r\n        <\/div>\r\n        <div class=\"form-group\">\r\n            <label for=\"contact_phone\" class=\"required\">Num\u00e9ro de t\u00e9l\u00e9phone<\/label>\r\n            <input type=\"tel\" name=\"phone\" class=\"form-control\" placeholder=\"0787117165\" pattern=\"^[0-9]{10}$\" required>\r\n        <\/div>\r\n        <div class=\"form-group\">\r\n            <label for=\"contact_postalCode\" class=\"required\">Code postal et localit\u00e9<\/label>\r\n            <input type=\"text\" name=\"postalCode\" class=\"form-control\" required>\r\n        <\/div>\r\n        <div class=\"form-group\">\r\n            <label for=\"contact_address\" class=\"required\">Adresse<\/label>\r\n            <input type=\"text\" name=\"address\" class=\"form-control\" required>\r\n        <\/div>\r\n        <div class=\"full-width topic\">\r\n            <p class=\"required\">Je souhaite \u00eatre contact\u00e9 pour :<\/p>\r\n            <div class=\"form-check\">\r\n                <input type=\"radio\" name=\"topic\" value=\"D\u00e9pannage\" class=\"form-control\" required>\r\n                <label for=\"d\u00e9pannage\">D\u00e9pannage<\/label>\r\n            <\/div>\r\n            <div class=\"form-check\">\r\n                <input type=\"radio\" name=\"topic\" value=\"Entretien\" class=\"form-control\" required>\r\n                <label for=\"entretien\">Entretien<\/label>\r\n            <\/div>\r\n            <div class=\"form-check\">\r\n                <input type=\"radio\" name=\"topic\" value=\"R\u00e9novation\" class=\"form-control\" required>\r\n                <label for=\"r\u00e9novation\">R\u00e9novation<\/label>\r\n            <\/div>\r\n            <div class=\"form-check\">\r\n                <input type=\"radio\" name=\"topic\" value=\"Autre\" class=\"form-control\" required>\r\n                <label for=\"autre\">Autre<\/label>\r\n            <\/div>\r\n        <\/div>\r\n        <div class=\"form-group full-width\">\r\n            <label for=\"contact_message\">Message<\/label>\r\n            <textarea name=\"message\" rows=\"3\" class=\"form-control\"><\/textarea>\r\n        <\/div>\r\n    <\/div>\r\n    <div class=\"form-actions\">\r\n        <button class=\"wp-block-button__link has-accent-background-color\">Contacter<\/button>\r\n    <\/div>\r\n<\/form>\r\n<div class=\"form-feedback\"><\/div>    <\/div>\n<h2>Pourquoi choisir Artisanlocal ?<\/h2>\n<ul>\n<li>\u00c9valuation rapide de votre projet : une fois que nous recevons votre demande de contact, notre technicien \u00e0 Pully prend rapidement contact avec vous.<\/li>\n<li>Visite \u00e0 votre domicile : le chauffagiste Pulli\u00e9ran peut se d\u00e9placer \u00e0 votre domicile pour \u00e9valuer le co\u00fbt de votre projet. Par la suite, vous obtenez un devis gratuit et d\u00e9taill\u00e9.<\/li>\n<li>Service de d\u00e9pannage et de maintenance en urgence : si votre syst\u00e8me de chauffage, chauffe-eau ou chaudi\u00e8re pr\u00e9sente un dysfonctionnement. Nous sommes pr\u00eats \u00e0 intervenir \u00e0 Pully ainsi que dans les localit\u00e9s proches en urgence.<\/li>\n<\/ul>\n<h2>Pourquoi est-il important d&rsquo;entretenir un chauffage ?<\/h2>\n<p>Avoir un syst\u00e8me de chauffage qui fonctionne est important, surtout dans les foyers avec de jeunes enfants. Nos chauffagistes vous aident \u00e0 param\u00e9trer la temp\u00e9rature id\u00e9ale et le taux de monoxyde de carbone cr\u00e9\u00e9 par votre chauffage. Quel que soit le type de votre chauffage, nos chauffagistes assurent la maintenance et l&rsquo;entretien, de chauffage : basse temp\u00e9rature, fioul, condensation, \u00e9lectrique, gaz ou \u00e0 accumulation.<\/p>\n<h2>Artisanlocal offre-t-il une assistance t\u00e9l\u00e9phonique ?<\/h2>\n<p>Oui, nous sommes en mesure de vous aider par t\u00e9l\u00e9phone. En nous expliquant votre probl\u00e9matique par mail ou t\u00e9l\u00e9phone, nous identifierons la bonne solution pour r\u00e9soudre votre probl\u00e8me. Il faut garder \u00e0 l&rsquo;esprit que dans la plupart des situations, un chauffagiste doit intervenir chez vous pour trouver et r\u00e9parer votre probl\u00e8me de chauffage.<\/p>\n<h2>De quelle mani\u00e8re fonctionne Artisanlocal ?<\/h2>\n<ol>\n<li>Premier contact : il est indispensable de nous joindre par e-mail ou par t\u00e9l\u00e9phone.<\/li>\n<li>Intervention : un chauffagiste Pulli\u00e9ran intervient \u00e0 votre logement.<\/li>\n<li>Estimation : il analysera votre \u00e9quipement ou votre demande, pour d\u00e9terminer la meilleure solution.<\/li>\n<li>Devis : vous recevez un devis d\u00e9taill\u00e9, vous pr\u00e9sentant les diverses d\u00e9penses.<\/li>\n<li>Installation\/r\u00e9paration : une fois que vous avec valid\u00e9 le devis et en fonction de vos disponibilit\u00e9s, nous installons\/r\u00e9parons votre chauffage, et ajustons le thermostat.<\/li>\n<\/ol>\n<h2>Quelle est la meilleure solution de chauffage pour un appartement ?<\/h2>\n<p>L&rsquo;expert qui se d\u00e9place \u00e0 votre domicile, vous conseillent pour choisir le meilleur chauffage possible parmi les chauffages, comme : \u00e0 gaz, \u00e9lectriques, fioul, classiques, condensation ou basses temp\u00e9ratures.<\/p>\n<p>Les \u00e9quipements de chauffages \u00e0 condensation ou \u00e0 basse temp\u00e9rature, malgr\u00e9 un co\u00fbt d&rsquo;achat plus important, permettent de faire des \u00e9conomies \u00e0 long terme.<\/p>\n<p>Par ailleurs, avant la mise en place de votre chauffage, il convient de param\u00e9trer la bonne temp\u00e9rature en fonction de vos besoins. Pas d\u2019inqui\u00e9tude, l&rsquo;expert qui se d\u00e9place chez vous a l&rsquo;expertise pour r\u00e9gler tous types de chauffage.<\/p>\n<h2>Entretien de chauffage \u00e0 Pully<\/h2>\n<p>Veillez \u00e0 faire l&rsquo;entretien de votre chauffage chaque ann\u00e9e, qu&rsquo;il soit au gaz ou au fioul. Solliciter un technicien pour l&rsquo;entretien de votre chauffage permet de contr\u00f4ler le taux de monoxyde de carbone. Il est important de savoir, si votre chauffage g\u00e9n\u00e8re trop de monoxyde de carbone, il est possible de vous intoxiquer.<\/p>\n<h2>Contrat d&rsquo;entretien pour votre chauffage \u00e0 Pully<\/h2>\n<p>Nous proposons des contrats pour entretenir votre chauffage. En r\u00e9alisant une maintenance r\u00e9guli\u00e8re, vous r\u00e9alisez des \u00e9conomies sur le long terme (et \u00e9viter les interventions en urgence).<\/p>\n<p>De plus, si vous avez un sinistre, l\u2019assurance r\u00e9clame le contrat d&rsquo;entretien pour contr\u00f4ler l\u2019\u00e9tat de votre chauffage avant le sinistre. Vous avez le choix de signer avec notre entreprise un contrat d&rsquo;assistance annuel ou pluriannuel.<\/p>\n<h2>Quels sont les avantages de souscrire \u00e0 un contrat de maintenance ?<\/h2>\n<p>Si vous avez une partie qui est endommag\u00e9e, nous la rempla\u00e7ons en priorit\u00e9, nous prenons l&rsquo;engagement de contr\u00f4ler l&rsquo;ensemble de votre chauffage, comme :<\/p>\n<ul>\n<li>La tension dans vos conduits,<\/li>\n<li>l&rsquo;\u00e9tat de votre br\u00fbleur, des tuyaux de raccordement et des \u00e9l\u00e9ments chauffants.<\/li>\n<\/ul>\n<h2>Quels services offre votre entreprise ?<\/h2>\n<ul>\n<li>Le d\u00e9tartrage et le d\u00e9sembouage de radiateur,<\/li>\n<li>la purge de l&rsquo;air de vos radiateurs,<\/li>\n<li>la maintenance de votre chauffage, chaudi\u00e8re et chauffe-eau,<\/li>\n<li>l&rsquo;ajustement des thermostats,<\/li>\n<li>l&rsquo;entretien des chaudi\u00e8res \u00e0 condensation, \u00e0 gaz, basses temp\u00e9ratures, \u00e0 fioul, \u00e0 accumulation et \u00e9lectriques,<\/li>\n<li>la remise en \u00e9tat de la vanne de vidange,<\/li>\n<li>l&rsquo;intervention et la remise en \u00e9tat : fuite de tuyauterie, radiateur qui ne marche plus, chaudi\u00e8re, etc.<\/li>\n<li>la pose de : radiateur \u00e9lectrique, pompe \u00e0 chaleur, plancher chauffant, chaudi\u00e8re, chauffage, etc.<\/li>\n<\/ul>\n<h2>FAQ<\/h2>\n<h3>Pourquoi engager un chauffagiste Pulli\u00e9ran ?<\/h3>\n<ul>\n<li>Optimiser votre confort thermique : un chauffage performant permet de maintenir une temp\u00e9rature fixe dans votre maison.<\/li>\n<li>\u00c9conomiser de l&rsquo;argent : en choisissant des mat\u00e9riaux de qualit\u00e9, pour le chauffage et l&rsquo;isolation, vous effectuez des \u00e9conomies et diminuer vos \u00e9missions de CO2.<\/li>\n<li>Prot\u00e9ger la s\u00e9curit\u00e9 de vos installations : un bon syst\u00e8me de chauffage permet de r\u00e9pondre aux r\u00e8gles de s\u00e9curit\u00e9 en vigueur (par exemple, pour baisser les taux de monoxyde de carbone).<\/li>\n<li>Pr\u00e9venir les pannes : un chauffagiste peut anticiper les pannes, juste en regardant votre installation.<\/li>\n<\/ul>\n<h3>Quels sont les \u00e9l\u00e9ments \u00e0 prendre en compte pour choisir le meilleur technicien chauffagiste \u00e0 Pully ?<\/h3>\n<p>Les qualifications : contr\u00f4lez les qualifications avant de s\u00e9lectionner votre chauffagiste.<\/p>\n<p>Les avis clients : n&rsquo;h\u00e9sitez pas \u00e0 consulter les avis des anciens clients ayant d\u00e9j\u00e0 eu recours \u00e0 l&rsquo;entreprise pour vous faire une opinion.<\/p>\n<p>Les garanties : v\u00e9rifiez que la soci\u00e9t\u00e9 de chauffage b\u00e9n\u00e9ficie d&rsquo;une garantie assurance qui couvre les possibles d\u00e9g\u00e2ts caus\u00e9s lors de ses interventions.<\/p>\n<h3>\u00c0 quelle rapidit\u00e9 intervenez-vous dans un foyer Pulli\u00e9ran ?<\/h3>\n<p>Si vous avez un probl\u00e8me qui demande une intervention en urgence, nous avons la possibilit\u00e9 d\u2019intervenir dans la journ\u00e9e, si votre demande n\u2019est pas urgente, nous intervenons en g\u00e9n\u00e9ral au cours de la semaine.<\/p>\n<h3>Votre entreprise est disponible pour intervenir \u00e0 Pully, mais aussi dans les villes aux alentours ?<\/h3>\n<p>Oui, nous intervenons \u00e0 Pully et dans les villes aux alentours, telles que : Les Monts-de-Pully, La Croix (Lutry), Belmont-sur-Lausanne, La Conversion, Paudex, Lutry.<\/p>\n","protected":false},"excerpt":{"rendered":"<p>Besoin d&rsquo;un chauffagiste \u00e0 Pully ? Artisanlocal r\u00e9pare et installe votre chauffage \u00e0 Pully et les villes aux environs. Pourquoi choisir Artisanlocal ? \u00c9valuation rapide de votre projet : une fois que nous recevons votre demande de contact, notre technicien \u00e0 Pully prend rapidement contact avec vous. Visite \u00e0 votre domicile : le chauffagiste Pulli\u00e9ran [&hellip;]<\/p>\n","protected":false},"author":4,"featured_media":2757,"parent":0,"menu_order":0,"comment_status":"closed","ping_status":"closed","template":"","meta":{"footnotes":""},"profession":[120],"location":[80],"canton":[113],"class_list":["post-674","page","type-page","status-publish","has-post-thumbnail","hentry","profession-chauffagiste","location-pully","canton-vd"],"yoast_head":"<!-- This site is optimized with the Yoast SEO Premium plugin v25.7.1 (Yoast SEO v27.4) - https:\/\/yoast.com\/product\/yoast-seo-premium-wordpress\/ -->\n<title>Chauffagiste \u00e0 Pully - Artisanlocal<\/title>\n<meta name=\"robots\" content=\"index, follow, max-snippet:-1, max-image-preview:large, max-video-preview:-1\" \/>\n<link rel=\"canonical\" href=\"https:\/\/www.artisanlocal.ch\/c\/vous-avez-besoin-dun-depannage-en-urgence-de-votre-chauffage-a-pully\/\" \/>\n<meta property=\"og:locale\" content=\"fr_FR\" \/>\n<meta property=\"og:type\" content=\"article\" \/>\n<meta property=\"og:title\" content=\"Chauffagiste \u00e0 Pully\" \/>\n<meta property=\"og:description\" content=\"Besoin d&rsquo;un chauffagiste \u00e0 Pully ? Artisanlocal r\u00e9pare et installe votre chauffage \u00e0 Pully et les villes aux environs. Pourquoi choisir Artisanlocal ? \u00c9valuation rapide de votre projet : une fois que nous recevons votre demande de contact, notre technicien \u00e0 Pully prend rapidement contact avec vous. Visite \u00e0 votre domicile : le chauffagiste Pulli\u00e9ran [&hellip;]\" \/>\n<meta property=\"og:url\" content=\"https:\/\/www.artisanlocal.ch\/c\/vous-avez-besoin-dun-depannage-en-urgence-de-votre-chauffage-a-pully\/\" \/>\n<meta property=\"og:site_name\" content=\"Artisanlocal\" \/>\n<meta property=\"article:modified_time\" content=\"2025-10-23T11:58:32+00:00\" \/>\n<meta property=\"og:image\" content=\"https:\/\/www.artisanlocal.ch\/c\/wp-content\/uploads\/2024\/10\/chauffagiste.jpg\" \/>\n\t<meta property=\"og:image:width\" content=\"1920\" \/>\n\t<meta property=\"og:image:height\" content=\"300\" \/>\n\t<meta property=\"og:image:type\" content=\"image\/jpeg\" \/>\n<meta name=\"twitter:card\" content=\"summary_large_image\" \/>\n<meta name=\"twitter:label1\" content=\"Dur\u00e9e de lecture estim\u00e9e\" \/>\n\t<meta name=\"twitter:data1\" content=\"5 minutes\" \/>\n<script type=\"application\/ld+json\" class=\"yoast-schema-graph\">{\"@context\":\"https:\\\/\\\/schema.org\",\"@graph\":[{\"@type\":\"WebPage\",\"@id\":\"https:\\\/\\\/www.artisanlocal.ch\\\/c\\\/vous-avez-besoin-dun-depannage-en-urgence-de-votre-chauffage-a-pully\\\/\",\"url\":\"https:\\\/\\\/www.artisanlocal.ch\\\/c\\\/vous-avez-besoin-dun-depannage-en-urgence-de-votre-chauffage-a-pully\\\/\",\"name\":\"Chauffagiste \u00e0 Pully - Artisanlocal\",\"isPartOf\":{\"@id\":\"https:\\\/\\\/www.artisanlocal.ch\\\/c\\\/#website\"},\"primaryImageOfPage\":{\"@id\":\"https:\\\/\\\/www.artisanlocal.ch\\\/c\\\/vous-avez-besoin-dun-depannage-en-urgence-de-votre-chauffage-a-pully\\\/#primaryimage\"},\"image\":{\"@id\":\"https:\\\/\\\/www.artisanlocal.ch\\\/c\\\/vous-avez-besoin-dun-depannage-en-urgence-de-votre-chauffage-a-pully\\\/#primaryimage\"},\"thumbnailUrl\":\"https:\\\/\\\/www.artisanlocal.ch\\\/c\\\/wp-content\\\/uploads\\\/2024\\\/10\\\/chauffagiste.jpg\",\"datePublished\":\"2024-04-18T00:35:20+00:00\",\"dateModified\":\"2025-10-23T11:58:32+00:00\",\"breadcrumb\":{\"@id\":\"https:\\\/\\\/www.artisanlocal.ch\\\/c\\\/vous-avez-besoin-dun-depannage-en-urgence-de-votre-chauffage-a-pully\\\/#breadcrumb\"},\"inLanguage\":\"fr-FR\",\"potentialAction\":[{\"@type\":\"ReadAction\",\"target\":[\"https:\\\/\\\/www.artisanlocal.ch\\\/c\\\/vous-avez-besoin-dun-depannage-en-urgence-de-votre-chauffage-a-pully\\\/\"]}]},{\"@type\":\"ImageObject\",\"inLanguage\":\"fr-FR\",\"@id\":\"https:\\\/\\\/www.artisanlocal.ch\\\/c\\\/vous-avez-besoin-dun-depannage-en-urgence-de-votre-chauffage-a-pully\\\/#primaryimage\",\"url\":\"https:\\\/\\\/www.artisanlocal.ch\\\/c\\\/wp-content\\\/uploads\\\/2024\\\/10\\\/chauffagiste.jpg\",\"contentUrl\":\"https:\\\/\\\/www.artisanlocal.ch\\\/c\\\/wp-content\\\/uploads\\\/2024\\\/10\\\/chauffagiste.jpg\",\"width\":1920,\"height\":300},{\"@type\":\"BreadcrumbList\",\"@id\":\"https:\\\/\\\/www.artisanlocal.ch\\\/c\\\/vous-avez-besoin-dun-depannage-en-urgence-de-votre-chauffage-a-pully\\\/#breadcrumb\",\"itemListElement\":[{\"@type\":\"ListItem\",\"position\":1,\"name\":\"Accueil\",\"item\":\"https:\\\/\\\/www.artisanlocal.ch\\\/c\\\/\"},{\"@type\":\"ListItem\",\"position\":2,\"name\":\"Chauffagiste \u00e0 Pully\"}]},{\"@type\":\"WebSite\",\"@id\":\"https:\\\/\\\/www.artisanlocal.ch\\\/c\\\/#website\",\"url\":\"https:\\\/\\\/www.artisanlocal.ch\\\/c\\\/\",\"name\":\"Artisanlocal\",\"description\":\"\",\"publisher\":{\"@id\":\"https:\\\/\\\/www.artisanlocal.ch\\\/c\\\/#organization\"},\"potentialAction\":[{\"@type\":\"SearchAction\",\"target\":{\"@type\":\"EntryPoint\",\"urlTemplate\":\"https:\\\/\\\/www.artisanlocal.ch\\\/c\\\/?s={search_term_string}\"},\"query-input\":{\"@type\":\"PropertyValueSpecification\",\"valueRequired\":true,\"valueName\":\"search_term_string\"}}],\"inLanguage\":\"fr-FR\"},{\"@type\":\"Organization\",\"@id\":\"https:\\\/\\\/www.artisanlocal.ch\\\/c\\\/#organization\",\"name\":\"Artisanlocal\",\"url\":\"https:\\\/\\\/www.artisanlocal.ch\\\/c\\\/\",\"logo\":{\"@type\":\"ImageObject\",\"inLanguage\":\"fr-FR\",\"@id\":\"https:\\\/\\\/www.artisanlocal.ch\\\/c\\\/#\\\/schema\\\/logo\\\/image\\\/\",\"url\":\"https:\\\/\\\/www.artisanlocal.ch\\\/c\\\/wp-content\\\/uploads\\\/2024\\\/02\\\/logo-artisanlocal-h.svg\",\"contentUrl\":\"https:\\\/\\\/www.artisanlocal.ch\\\/c\\\/wp-content\\\/uploads\\\/2024\\\/02\\\/logo-artisanlocal-h.svg\",\"caption\":\"Artisanlocal\"},\"image\":{\"@id\":\"https:\\\/\\\/www.artisanlocal.ch\\\/c\\\/#\\\/schema\\\/logo\\\/image\\\/\"}}]}<\/script>\n<!-- \/ Yoast SEO Premium plugin. -->","yoast_head_json":{"title":"Chauffagiste \u00e0 Pully - Artisanlocal","robots":{"index":"index","follow":"follow","max-snippet":"max-snippet:-1","max-image-preview":"max-image-preview:large","max-video-preview":"max-video-preview:-1"},"canonical":"https:\/\/www.artisanlocal.ch\/c\/vous-avez-besoin-dun-depannage-en-urgence-de-votre-chauffage-a-pully\/","og_locale":"fr_FR","og_type":"article","og_title":"Chauffagiste \u00e0 Pully","og_description":"Besoin d&rsquo;un chauffagiste \u00e0 Pully ? Artisanlocal r\u00e9pare et installe votre chauffage \u00e0 Pully et les villes aux environs. Pourquoi choisir Artisanlocal ? \u00c9valuation rapide de votre projet : une fois que nous recevons votre demande de contact, notre technicien \u00e0 Pully prend rapidement contact avec vous. Visite \u00e0 votre domicile : le chauffagiste Pulli\u00e9ran [&hellip;]","og_url":"https:\/\/www.artisanlocal.ch\/c\/vous-avez-besoin-dun-depannage-en-urgence-de-votre-chauffage-a-pully\/","og_site_name":"Artisanlocal","article_modified_time":"2025-10-23T11:58:32+00:00","og_image":[{"width":1920,"height":300,"url":"https:\/\/www.artisanlocal.ch\/c\/wp-content\/uploads\/2024\/10\/chauffagiste.jpg","type":"image\/jpeg"}],"twitter_card":"summary_large_image","twitter_misc":{"Dur\u00e9e de lecture estim\u00e9e":"5 minutes"},"schema":{"@context":"https:\/\/schema.org","@graph":[{"@type":"WebPage","@id":"https:\/\/www.artisanlocal.ch\/c\/vous-avez-besoin-dun-depannage-en-urgence-de-votre-chauffage-a-pully\/","url":"https:\/\/www.artisanlocal.ch\/c\/vous-avez-besoin-dun-depannage-en-urgence-de-votre-chauffage-a-pully\/","name":"Chauffagiste \u00e0 Pully - Artisanlocal","isPartOf":{"@id":"https:\/\/www.artisanlocal.ch\/c\/#website"},"primaryImageOfPage":{"@id":"https:\/\/www.artisanlocal.ch\/c\/vous-avez-besoin-dun-depannage-en-urgence-de-votre-chauffage-a-pully\/#primaryimage"},"image":{"@id":"https:\/\/www.artisanlocal.ch\/c\/vous-avez-besoin-dun-depannage-en-urgence-de-votre-chauffage-a-pully\/#primaryimage"},"thumbnailUrl":"https:\/\/www.artisanlocal.ch\/c\/wp-content\/uploads\/2024\/10\/chauffagiste.jpg","datePublished":"2024-04-18T00:35:20+00:00","dateModified":"2025-10-23T11:58:32+00:00","breadcrumb":{"@id":"https:\/\/www.artisanlocal.ch\/c\/vous-avez-besoin-dun-depannage-en-urgence-de-votre-chauffage-a-pully\/#breadcrumb"},"inLanguage":"fr-FR","potentialAction":[{"@type":"ReadAction","target":["https:\/\/www.artisanlocal.ch\/c\/vous-avez-besoin-dun-depannage-en-urgence-de-votre-chauffage-a-pully\/"]}]},{"@type":"ImageObject","inLanguage":"fr-FR","@id":"https:\/\/www.artisanlocal.ch\/c\/vous-avez-besoin-dun-depannage-en-urgence-de-votre-chauffage-a-pully\/#primaryimage","url":"https:\/\/www.artisanlocal.ch\/c\/wp-content\/uploads\/2024\/10\/chauffagiste.jpg","contentUrl":"https:\/\/www.artisanlocal.ch\/c\/wp-content\/uploads\/2024\/10\/chauffagiste.jpg","width":1920,"height":300},{"@type":"BreadcrumbList","@id":"https:\/\/www.artisanlocal.ch\/c\/vous-avez-besoin-dun-depannage-en-urgence-de-votre-chauffage-a-pully\/#breadcrumb","itemListElement":[{"@type":"ListItem","position":1,"name":"Accueil","item":"https:\/\/www.artisanlocal.ch\/c\/"},{"@type":"ListItem","position":2,"name":"Chauffagiste \u00e0 Pully"}]},{"@type":"WebSite","@id":"https:\/\/www.artisanlocal.ch\/c\/#website","url":"https:\/\/www.artisanlocal.ch\/c\/","name":"Artisanlocal","description":"","publisher":{"@id":"https:\/\/www.artisanlocal.ch\/c\/#organization"},"potentialAction":[{"@type":"SearchAction","target":{"@type":"EntryPoint","urlTemplate":"https:\/\/www.artisanlocal.ch\/c\/?s={search_term_string}"},"query-input":{"@type":"PropertyValueSpecification","valueRequired":true,"valueName":"search_term_string"}}],"inLanguage":"fr-FR"},{"@type":"Organization","@id":"https:\/\/www.artisanlocal.ch\/c\/#organization","name":"Artisanlocal","url":"https:\/\/www.artisanlocal.ch\/c\/","logo":{"@type":"ImageObject","inLanguage":"fr-FR","@id":"https:\/\/www.artisanlocal.ch\/c\/#\/schema\/logo\/image\/","url":"https:\/\/www.artisanlocal.ch\/c\/wp-content\/uploads\/2024\/02\/logo-artisanlocal-h.svg","contentUrl":"https:\/\/www.artisanlocal.ch\/c\/wp-content\/uploads\/2024\/02\/logo-artisanlocal-h.svg","caption":"Artisanlocal"},"image":{"@id":"https:\/\/www.artisanlocal.ch\/c\/#\/schema\/logo\/image\/"}}]}},"_links":{"self":[{"href":"https:\/\/www.artisanlocal.ch\/c\/wp-json\/wp\/v2\/pages\/674","targetHints":{"allow":["GET"]}}],"collection":[{"href":"https:\/\/www.artisanlocal.ch\/c\/wp-json\/wp\/v2\/pages"}],"about":[{"href":"https:\/\/www.artisanlocal.ch\/c\/wp-json\/wp\/v2\/types\/page"}],"author":[{"embeddable":true,"href":"https:\/\/www.artisanlocal.ch\/c\/wp-json\/wp\/v2\/users\/4"}],"replies":[{"embeddable":true,"href":"https:\/\/www.artisanlocal.ch\/c\/wp-json\/wp\/v2\/comments?post=674"}],"version-history":[{"count":0,"href":"https:\/\/www.artisanlocal.ch\/c\/wp-json\/wp\/v2\/pages\/674\/revisions"}],"wp:featuredmedia":[{"embeddable":true,"href":"https:\/\/www.artisanlocal.ch\/c\/wp-json\/wp\/v2\/media\/2757"}],"wp:attachment":[{"href":"https:\/\/www.artisanlocal.ch\/c\/wp-json\/wp\/v2\/media?parent=674"}],"wp:term":[{"taxonomy":"profession","embeddable":true,"href":"https:\/\/www.artisanlocal.ch\/c\/wp-json\/wp\/v2\/profession?post=674"},{"taxonomy":"location","embeddable":true,"href":"https:\/\/www.artisanlocal.ch\/c\/wp-json\/wp\/v2\/location?post=674"},{"taxonomy":"canton","embeddable":true,"href":"https:\/\/www.artisanlocal.ch\/c\/wp-json\/wp\/v2\/canton?post=674"}],"curies":[{"name":"wp","href":"https:\/\/api.w.org\/{rel}","templated":true}]}}