{"id":675,"date":"2024-04-19T21:42:50","date_gmt":"2024-04-19T19:42:50","guid":{"rendered":"https:\/\/www.artisanlocal.ch\/c\/depannage-urgence-chauffagiste-a-prilly\/"},"modified":"2025-10-23T13:44:38","modified_gmt":"2025-10-23T11:44:38","slug":"depannage-urgence-chauffagiste-a-prilly","status":"publish","type":"page","link":"https:\/\/www.artisanlocal.ch\/c\/depannage-urgence-chauffagiste-a-prilly\/","title":{"rendered":"Chauffagiste \u00e0 Prilly"},"content":{"rendered":"<p>Besoin d&rsquo;un chauffagiste \u00e0 Prilly ? Artisanlocal s&rsquo;occupe de la r\u00e9paration de votre chauffage et effectue vos travaux de chauffage \u00e0 Prilly.<\/p>\n\r\n<div class=\"box\">\r\n            <div class=\"company-info\">\r\n            <img decoding=\"async\" class=\"company-info__logo\" src=\"https:\/\/www.artisanlocal.ch\/media\/cache\/thumb\/images\/companies\/611a3184c2550010443282.png\" alt=\"Logo\">\r\n            <h2 class=\"company-info__name\">DEVAUX FRERES CHAUFFAGE & SANITAIRE SARL<\/h2>\r\n            <p class=\"company-info__business\">Installations sanitaires - Chauffages<\/p>\r\n        <\/div>\r\n        <div class=\"company-contact\">\r\n            <p class=\"company-info__address\">Chemin du Raffort 1<\/p>\r\n                            <div class=\"links\">\r\n                                            <a class=\"btn has-accent-background-color js-phoneNumber\" href=\"tel:0795983115\" title=\"Appelez\" data-id=\"1873\" data-type=\"11\">079 598 31 15<\/a>\r\n                                                                <a class=\"btn has-accent-background-color\" href=\"https:\/\/www.devaux-freres.ch\/\" target=\"_blank\" title=\"Voir le site internet\" data-id=\"1873\" data-type=\"20\">Site internet<\/a>\r\n                                    <\/div>\r\n                    <\/div>\r\n    \r\n            \r\n<form action=\"https:\/\/www.artisanlocal.ch\/c\/wp-admin\/admin-ajax.php\" method=\"post\" class=\"form-contact\" id=\"artisan_form_contact_company_inline\">\r\n    <div><input type=\"hidden\" name=\"action\" value=\"company_contact\"><\/div>\r\n    <div><input type=\"hidden\" name=\"nonce\" value=\"85ec494698\"><\/div>\r\n    <div><input type=\"hidden\" name=\"company_id\" value=\"1873\"><\/div>\r\n    <div><input type=\"hidden\" name=\"form_id\" value=\"artisan_form_contact_company_inline\"><\/div>\r\n    <div class=\"gglcptch gglcptch_v3 gglcptch_custom\"><input type=\"hidden\" id=\"g-recaptcha-response\" name=\"g-recaptcha-response\" \/><br \/><div class=\"gglcptch_error_text\">La p\u00e9riode de v\u00e9rification reCAPTCHA a expir\u00e9. Veuillez recharger la page.<\/div><\/div>    <div class=\"form-content\">\r\n        <div class=\"form-group\">\r\n            <label for=\"contact_firstName\" class=\"required\">Pr\u00e9nom<\/label>\r\n            <input type=\"text\" name=\"firstName\" class=\"form-control\" required>\r\n        <\/div>\r\n        <div class=\"form-group\">\r\n            <label for=\"contact_lastName\" class=\"required\">Nom<\/label>\r\n            <input type=\"text\" name=\"lastName\" class=\"form-control\" required>\r\n        <\/div>\r\n        <div class=\"form-group\">\r\n            <label for=\"contact_email\" class=\"required\">Email<\/label>\r\n            <input type=\"email\" name=\"email\" class=\"form-control\" required>\r\n        <\/div>\r\n        <div class=\"form-group\">\r\n            <label for=\"contact_phone\" class=\"required\">Num\u00e9ro de t\u00e9l\u00e9phone<\/label>\r\n            <input type=\"tel\" name=\"phone\" class=\"form-control\" placeholder=\"0787117165\" pattern=\"^[0-9]{10}$\" required>\r\n        <\/div>\r\n        <div class=\"form-group\">\r\n            <label for=\"contact_postalCode\" class=\"required\">Code postal et localit\u00e9<\/label>\r\n            <input type=\"text\" name=\"postalCode\" class=\"form-control\" required>\r\n        <\/div>\r\n        <div class=\"form-group\">\r\n            <label for=\"contact_address\" class=\"required\">Adresse<\/label>\r\n            <input type=\"text\" name=\"address\" class=\"form-control\" required>\r\n        <\/div>\r\n        <div class=\"full-width topic\">\r\n            <p class=\"required\">Je souhaite \u00eatre contact\u00e9 pour :<\/p>\r\n            <div class=\"form-check\">\r\n                <input type=\"radio\" name=\"topic\" value=\"D\u00e9pannage\" class=\"form-control\" required>\r\n                <label for=\"d\u00e9pannage\">D\u00e9pannage<\/label>\r\n            <\/div>\r\n            <div class=\"form-check\">\r\n                <input type=\"radio\" name=\"topic\" value=\"Entretien\" class=\"form-control\" required>\r\n                <label for=\"entretien\">Entretien<\/label>\r\n            <\/div>\r\n            <div class=\"form-check\">\r\n                <input type=\"radio\" name=\"topic\" value=\"R\u00e9novation\" class=\"form-control\" required>\r\n                <label for=\"r\u00e9novation\">R\u00e9novation<\/label>\r\n            <\/div>\r\n            <div class=\"form-check\">\r\n                <input type=\"radio\" name=\"topic\" value=\"Autre\" class=\"form-control\" required>\r\n                <label for=\"autre\">Autre<\/label>\r\n            <\/div>\r\n        <\/div>\r\n        <div class=\"form-group full-width\">\r\n            <label for=\"contact_message\">Message<\/label>\r\n            <textarea name=\"message\" rows=\"3\" class=\"form-control\"><\/textarea>\r\n        <\/div>\r\n    <\/div>\r\n    <div class=\"form-actions\">\r\n        <button class=\"wp-block-button__link has-accent-background-color\">Contacter<\/button>\r\n    <\/div>\r\n<\/form>\r\n<div class=\"form-feedback\"><\/div>    <\/div>\n<h2>Pourquoi travailler avec notre soci\u00e9t\u00e9 ?<\/h2>\n<ul>\n<li>\u00c9valuation rapide de vos travaux : d\u00e8s que vous nous envoyez une demande de contact, notre chauffagiste \u00e0 Prilly prend contact avec vous rapidement.<\/li>\n<li>D\u00e9placement de notre technicien : le chauffagiste Prilli\u00e9ran peut se rendre dans votre foyer pour calculer le prix des travaux. Vous recevrez ensuite un devis gratuit et vous pourrez poser toutes vos questions.<\/li>\n<li>Service de d\u00e9pannage et de r\u00e9paration en urgence : si une panne survient, notre entreprise peut intervenir chez vous en urgence.<\/li>\n<\/ul>\n<h2>Pourquoi est-il important d&rsquo;entretenir votre chauffage ?<\/h2>\n<p>Assurer un fonctionnement optimal de votre chauffage est important, surtout, si vous avez des enfants. Notre technicien vous aide \u00e0 r\u00e9gler la bonne temp\u00e9rature et le bon niveau de monoxyde de carbone d\u00e9gag\u00e9 par votre de chauffage. Nos experts garantissent l&rsquo;entretien de votre syst\u00e8me de chauffage, quel que soit le type : basse temp\u00e9rature, fioul, condensation, \u00e9lectrique, gaz ou \u00e0 accumulation.<\/p>\n<h2>Pouvez-vous m&rsquo;aider \u00e0 distance ?<\/h2>\n<p>Oui, nous pouvons vous aider par t\u00e9l\u00e9phone. Il suffit juste de nous expliquer votre probl\u00e8me pour nous soyons capables d&rsquo;en \u00e9valuer les causes et identifier la solution. Cependant, dans de nombreux cas, un expert doit venir chez vous.<\/p>\n<h2>De quelle mani\u00e8re fonctionne Artisanlocal ?<\/h2>\n<ol>\n<li>Premi\u00e8re prise de contact : il est n\u00e9cessaire de nous contacter par t\u00e9l\u00e9phone ou par message.<\/li>\n<li>D\u00e9placement : un chauffagiste Prilli\u00e9ran vient \u00e0 votre logement.<\/li>\n<li>\u00c9valuation : le chauffagiste \u00e9valuera votre situation.<\/li>\n<li>Indication : une strat\u00e9gie vous sera pr\u00e9sent\u00e9e en fonction de votre situation et de votre budget.<\/li>\n<li>Devis : vous obtenez un devis gratuit et d\u00e9taill\u00e9.<\/li>\n<li>Installation\/r\u00e9paration : apr\u00e8s avoir sign\u00e9 le devis, nous effectuons l&rsquo;installation ou la r\u00e9paration de votre chauffage.<\/li>\n<\/ol>\n<h2>Quelle est la meilleure solution de chauffage pour un logement ?<\/h2>\n<p>Le chauffagiste qui se d\u00e9place \u00e0 votre domicile, vous conseille pour choisir le meilleur chauffage, parmi les chauffages : \u00e0 gaz, \u00e9lectriques, fioul, classiques, condensation ou basses temp\u00e9ratures.<\/p>\n<p>Les chauffages \u00e0 condensation ou basses temp\u00e9ratures valent plus cher \u00e0 l&rsquo;acquisition, mais ils contribuent \u00e0 r\u00e9aliser des \u00e9conomies sur la dur\u00e9e.<\/p>\n<p>De plus, avant de poser votre chauffage, il convient de configurer la bonne temp\u00e9rature par rapport \u00e0 votre habitation et vos pr\u00e9f\u00e9rences.<\/p>\n<h2>Service d&rsquo;entretien pour votre chauffage \u00e0 Prilly<\/h2>\n<p>Veillez \u00e0 r\u00e9aliser la maintenance de votre chauffage tous les ans, qu&rsquo;il soit au gaz ou au fioul. Solliciter un technicien pour la maintenance de votre chauffage permet de contr\u00f4ler les \u00e9missions de monoxyde de carbone. Il convient de savoir, si votre chauffage cr\u00e9e trop de monoxyde de carbone, il est possible d&rsquo;intoxiquer les membres de votre famille.<\/p>\n<h2>Contrat de r\u00e9vision pour votre chauffage \u00e0 Prilly<\/h2>\n<p>Nous proposons des contrats d\u2019entretiens pour votre chauffage afin d&rsquo;en assurer le bon \u00e9tat de marche. Avec un entretien r\u00e9gulier, vous faites des \u00e9conomies en \u00e9vitant les pannes et les d\u00e9pannages en urgence.<\/p>\n<p>De plus, si vous avez un sinistre, l\u2019assurance r\u00e9clame le contrat d&rsquo;entretien dans le but de v\u00e9rifier l\u2019\u00e9tat de votre chauffage avant le sinistre. Notre soci\u00e9t\u00e9 propose des contrats de maintenance annuels ou pluriannuels.<\/p>\n<h2>Pourquoi signer un contrat d&rsquo;entretien pour votre chauffage ?<\/h2>\n<p>Si vous avez des \u00e9l\u00e9ments d\u00e9fectueux, nous garantissons le remplacement imm\u00e9diat. Par ailleurs, nous nous engageons \u00e0 inspecter la totalit\u00e9 des \u00e9quipements de votre chauffage, comme :<\/p>\n<ul>\n<li>Les pressions de vos conduits,<\/li>\n<li>et l&rsquo;\u00e9tat de votre br\u00fbleur, des tuyaux de raccordement et des \u00e9l\u00e9ments chauffants.<\/li>\n<\/ul>\n<h2>Quelles sont les diff\u00e9rentes prestations propos\u00e9es par votre entreprise ?<\/h2>\n<ul>\n<li>D\u00e9sembouage et d\u00e9tartrage de vos radiateurs,<\/li>\n<li>Purge de vos radiateurs,<\/li>\n<li>Maintenance de chauffe-eau et chaudi\u00e8re,<\/li>\n<li>R\u00e9glage du thermostat,<\/li>\n<li>Maintenance des chaudi\u00e8res \u00e0 condensation, \u00e0 gaz, basses temp\u00e9ratures, \u00e0 fioul, \u00e0 accumulation et \u00e9lectriques,<\/li>\n<li>Restauration de la vanne de purge,<\/li>\n<li>Intervention et remise en \u00e9tat : de votre chaudi\u00e8re, fuite de canalisation, radiateur qui ne chauffe plus, etc.<\/li>\n<li>Installation : chauffage, pompe \u00e0 chaleur, chaudi\u00e8re, radiateur \u00e9lectrique, plancher chauffant, etc.<\/li>\n<\/ul>\n<h2>R\u00e9ponses aux questions fr\u00e9quentes<\/h2>\n<h3>Pourquoi avoir recours \u00e0 un chauffagiste Prilli\u00e9ran ?<\/h3>\n<ul>\n<li>Stablisier la temp\u00e9rature ambiante de vos pi\u00e8ces : un syst\u00e8me de chauffage efficace permet de garder une bonne temp\u00e9rature int\u00e9rieure.<\/li>\n<li>Faire des \u00e9conomies : en choisissant des mat\u00e9riaux de qualit\u00e9, tels que le chauffage et l&rsquo;isolation, vous effectuez des \u00e9conomies et diminuer vos \u00e9missions de CO2.<\/li>\n<li>Prot\u00e9ger la s\u00e9curit\u00e9 de vos installations : un syst\u00e8me de chauffage performant permet de r\u00e9pondre aux r\u00e8gles en vigueur (par exemple, pour r\u00e9duire le taux de monoxyde de carbone).<\/li>\n<li>Anticiper les probl\u00e8mes : en examinant votre installation, un technicien peut anticiper les futurs probl\u00e8mes.<\/li>\n<\/ul>\n<h3>Comment choisir le meilleur chauffagiste \u00e0 Prilly ?<\/h3>\n<p>Certification : contr\u00f4lez les certifications qui attestent que l\u2019entreprise \u00e0 un v\u00e9ritable savoir-faire dans son domaine.<\/p>\n<p>Avis clients : prenez le temps de lire les avis des clients ayant d\u00e9j\u00e0 collabor\u00e9 avec l&rsquo;entreprise.<\/p>\n<p>Assurance : contr\u00f4lez que les techniciens sont assur\u00e9s en cas de d\u00e9g\u00e2ts.<\/p>\n<h3>\u00c0 quelle rapidit\u00e9 votre entreprise intervient dans un foyer Prilli\u00e9ran ?<\/h3>\n<p>Nous intervenons \u00e0 votre foyer dans la semaine.<\/p>\n<h3>Intervenez-vous \u00e0 Prilly et \u00e0 villes \u00e0 proximit\u00e9 ?<\/h3>\n<p>Oui, nous intervenons \u00e0 Prilly et dans les villes \u00e0 proximit\u00e9, telles que : Jouxtens-M\u00e9zery, Renens VD, Crissier.<\/p>\n","protected":false},"excerpt":{"rendered":"<p>Besoin d&rsquo;un chauffagiste \u00e0 Prilly ? Artisanlocal s&rsquo;occupe de la r\u00e9paration de votre chauffage et effectue vos travaux de chauffage \u00e0 Prilly. Pourquoi travailler avec notre soci\u00e9t\u00e9 ? \u00c9valuation rapide de vos travaux : d\u00e8s que vous nous envoyez une demande de contact, notre chauffagiste \u00e0 Prilly prend contact avec vous rapidement. D\u00e9placement de notre [&hellip;]<\/p>\n","protected":false},"author":4,"featured_media":2757,"parent":0,"menu_order":0,"comment_status":"closed","ping_status":"closed","template":"","meta":{"footnotes":""},"profession":[120],"location":[68],"canton":[113],"class_list":["post-675","page","type-page","status-publish","has-post-thumbnail","hentry","profession-chauffagiste","location-prilly","canton-vd"],"yoast_head":"<!-- This site is optimized with the Yoast SEO Premium plugin v25.7.1 (Yoast SEO v27.3) - https:\/\/yoast.com\/product\/yoast-seo-premium-wordpress\/ -->\n<title>Chauffagiste \u00e0 Prilly - Artisanlocal<\/title>\n<meta name=\"robots\" content=\"index, follow, max-snippet:-1, max-image-preview:large, max-video-preview:-1\" \/>\n<link rel=\"canonical\" href=\"https:\/\/www.artisanlocal.ch\/c\/depannage-urgence-chauffagiste-a-prilly\/\" \/>\n<meta property=\"og:locale\" content=\"fr_FR\" \/>\n<meta property=\"og:type\" content=\"article\" \/>\n<meta property=\"og:title\" content=\"Chauffagiste \u00e0 Prilly\" \/>\n<meta property=\"og:description\" content=\"Besoin d&rsquo;un chauffagiste \u00e0 Prilly ? Artisanlocal s&rsquo;occupe de la r\u00e9paration de votre chauffage et effectue vos travaux de chauffage \u00e0 Prilly. Pourquoi travailler avec notre soci\u00e9t\u00e9 ? \u00c9valuation rapide de vos travaux : d\u00e8s que vous nous envoyez une demande de contact, notre chauffagiste \u00e0 Prilly prend contact avec vous rapidement. D\u00e9placement de notre [&hellip;]\" \/>\n<meta property=\"og:url\" content=\"https:\/\/www.artisanlocal.ch\/c\/depannage-urgence-chauffagiste-a-prilly\/\" \/>\n<meta property=\"og:site_name\" content=\"Artisanlocal\" \/>\n<meta property=\"article:modified_time\" content=\"2025-10-23T11:44:38+00:00\" \/>\n<meta property=\"og:image\" content=\"https:\/\/www.artisanlocal.ch\/c\/wp-content\/uploads\/2024\/10\/chauffagiste.jpg\" \/>\n\t<meta property=\"og:image:width\" content=\"1920\" \/>\n\t<meta property=\"og:image:height\" content=\"300\" \/>\n\t<meta property=\"og:image:type\" content=\"image\/jpeg\" \/>\n<meta name=\"twitter:card\" content=\"summary_large_image\" \/>\n<meta name=\"twitter:label1\" content=\"Dur\u00e9e de lecture estim\u00e9e\" \/>\n\t<meta name=\"twitter:data1\" content=\"5 minutes\" \/>\n<script type=\"application\/ld+json\" class=\"yoast-schema-graph\">{\"@context\":\"https:\\\/\\\/schema.org\",\"@graph\":[{\"@type\":\"WebPage\",\"@id\":\"https:\\\/\\\/www.artisanlocal.ch\\\/c\\\/depannage-urgence-chauffagiste-a-prilly\\\/\",\"url\":\"https:\\\/\\\/www.artisanlocal.ch\\\/c\\\/depannage-urgence-chauffagiste-a-prilly\\\/\",\"name\":\"Chauffagiste \u00e0 Prilly - Artisanlocal\",\"isPartOf\":{\"@id\":\"https:\\\/\\\/www.artisanlocal.ch\\\/c\\\/#website\"},\"primaryImageOfPage\":{\"@id\":\"https:\\\/\\\/www.artisanlocal.ch\\\/c\\\/depannage-urgence-chauffagiste-a-prilly\\\/#primaryimage\"},\"image\":{\"@id\":\"https:\\\/\\\/www.artisanlocal.ch\\\/c\\\/depannage-urgence-chauffagiste-a-prilly\\\/#primaryimage\"},\"thumbnailUrl\":\"https:\\\/\\\/www.artisanlocal.ch\\\/c\\\/wp-content\\\/uploads\\\/2024\\\/10\\\/chauffagiste.jpg\",\"datePublished\":\"2024-04-19T19:42:50+00:00\",\"dateModified\":\"2025-10-23T11:44:38+00:00\",\"breadcrumb\":{\"@id\":\"https:\\\/\\\/www.artisanlocal.ch\\\/c\\\/depannage-urgence-chauffagiste-a-prilly\\\/#breadcrumb\"},\"inLanguage\":\"fr-FR\",\"potentialAction\":[{\"@type\":\"ReadAction\",\"target\":[\"https:\\\/\\\/www.artisanlocal.ch\\\/c\\\/depannage-urgence-chauffagiste-a-prilly\\\/\"]}]},{\"@type\":\"ImageObject\",\"inLanguage\":\"fr-FR\",\"@id\":\"https:\\\/\\\/www.artisanlocal.ch\\\/c\\\/depannage-urgence-chauffagiste-a-prilly\\\/#primaryimage\",\"url\":\"https:\\\/\\\/www.artisanlocal.ch\\\/c\\\/wp-content\\\/uploads\\\/2024\\\/10\\\/chauffagiste.jpg\",\"contentUrl\":\"https:\\\/\\\/www.artisanlocal.ch\\\/c\\\/wp-content\\\/uploads\\\/2024\\\/10\\\/chauffagiste.jpg\",\"width\":1920,\"height\":300},{\"@type\":\"BreadcrumbList\",\"@id\":\"https:\\\/\\\/www.artisanlocal.ch\\\/c\\\/depannage-urgence-chauffagiste-a-prilly\\\/#breadcrumb\",\"itemListElement\":[{\"@type\":\"ListItem\",\"position\":1,\"name\":\"Accueil\",\"item\":\"https:\\\/\\\/www.artisanlocal.ch\\\/c\\\/\"},{\"@type\":\"ListItem\",\"position\":2,\"name\":\"Chauffagiste \u00e0 Prilly\"}]},{\"@type\":\"WebSite\",\"@id\":\"https:\\\/\\\/www.artisanlocal.ch\\\/c\\\/#website\",\"url\":\"https:\\\/\\\/www.artisanlocal.ch\\\/c\\\/\",\"name\":\"Artisanlocal\",\"description\":\"\",\"publisher\":{\"@id\":\"https:\\\/\\\/www.artisanlocal.ch\\\/c\\\/#organization\"},\"potentialAction\":[{\"@type\":\"SearchAction\",\"target\":{\"@type\":\"EntryPoint\",\"urlTemplate\":\"https:\\\/\\\/www.artisanlocal.ch\\\/c\\\/?s={search_term_string}\"},\"query-input\":{\"@type\":\"PropertyValueSpecification\",\"valueRequired\":true,\"valueName\":\"search_term_string\"}}],\"inLanguage\":\"fr-FR\"},{\"@type\":\"Organization\",\"@id\":\"https:\\\/\\\/www.artisanlocal.ch\\\/c\\\/#organization\",\"name\":\"Artisanlocal\",\"url\":\"https:\\\/\\\/www.artisanlocal.ch\\\/c\\\/\",\"logo\":{\"@type\":\"ImageObject\",\"inLanguage\":\"fr-FR\",\"@id\":\"https:\\\/\\\/www.artisanlocal.ch\\\/c\\\/#\\\/schema\\\/logo\\\/image\\\/\",\"url\":\"https:\\\/\\\/www.artisanlocal.ch\\\/c\\\/wp-content\\\/uploads\\\/2024\\\/02\\\/logo-artisanlocal-h.svg\",\"contentUrl\":\"https:\\\/\\\/www.artisanlocal.ch\\\/c\\\/wp-content\\\/uploads\\\/2024\\\/02\\\/logo-artisanlocal-h.svg\",\"caption\":\"Artisanlocal\"},\"image\":{\"@id\":\"https:\\\/\\\/www.artisanlocal.ch\\\/c\\\/#\\\/schema\\\/logo\\\/image\\\/\"}}]}<\/script>\n<!-- \/ Yoast SEO Premium plugin. -->","yoast_head_json":{"title":"Chauffagiste \u00e0 Prilly - Artisanlocal","robots":{"index":"index","follow":"follow","max-snippet":"max-snippet:-1","max-image-preview":"max-image-preview:large","max-video-preview":"max-video-preview:-1"},"canonical":"https:\/\/www.artisanlocal.ch\/c\/depannage-urgence-chauffagiste-a-prilly\/","og_locale":"fr_FR","og_type":"article","og_title":"Chauffagiste \u00e0 Prilly","og_description":"Besoin d&rsquo;un chauffagiste \u00e0 Prilly ? Artisanlocal s&rsquo;occupe de la r\u00e9paration de votre chauffage et effectue vos travaux de chauffage \u00e0 Prilly. Pourquoi travailler avec notre soci\u00e9t\u00e9 ? \u00c9valuation rapide de vos travaux : d\u00e8s que vous nous envoyez une demande de contact, notre chauffagiste \u00e0 Prilly prend contact avec vous rapidement. D\u00e9placement de notre [&hellip;]","og_url":"https:\/\/www.artisanlocal.ch\/c\/depannage-urgence-chauffagiste-a-prilly\/","og_site_name":"Artisanlocal","article_modified_time":"2025-10-23T11:44:38+00:00","og_image":[{"width":1920,"height":300,"url":"https:\/\/www.artisanlocal.ch\/c\/wp-content\/uploads\/2024\/10\/chauffagiste.jpg","type":"image\/jpeg"}],"twitter_card":"summary_large_image","twitter_misc":{"Dur\u00e9e de lecture estim\u00e9e":"5 minutes"},"schema":{"@context":"https:\/\/schema.org","@graph":[{"@type":"WebPage","@id":"https:\/\/www.artisanlocal.ch\/c\/depannage-urgence-chauffagiste-a-prilly\/","url":"https:\/\/www.artisanlocal.ch\/c\/depannage-urgence-chauffagiste-a-prilly\/","name":"Chauffagiste \u00e0 Prilly - Artisanlocal","isPartOf":{"@id":"https:\/\/www.artisanlocal.ch\/c\/#website"},"primaryImageOfPage":{"@id":"https:\/\/www.artisanlocal.ch\/c\/depannage-urgence-chauffagiste-a-prilly\/#primaryimage"},"image":{"@id":"https:\/\/www.artisanlocal.ch\/c\/depannage-urgence-chauffagiste-a-prilly\/#primaryimage"},"thumbnailUrl":"https:\/\/www.artisanlocal.ch\/c\/wp-content\/uploads\/2024\/10\/chauffagiste.jpg","datePublished":"2024-04-19T19:42:50+00:00","dateModified":"2025-10-23T11:44:38+00:00","breadcrumb":{"@id":"https:\/\/www.artisanlocal.ch\/c\/depannage-urgence-chauffagiste-a-prilly\/#breadcrumb"},"inLanguage":"fr-FR","potentialAction":[{"@type":"ReadAction","target":["https:\/\/www.artisanlocal.ch\/c\/depannage-urgence-chauffagiste-a-prilly\/"]}]},{"@type":"ImageObject","inLanguage":"fr-FR","@id":"https:\/\/www.artisanlocal.ch\/c\/depannage-urgence-chauffagiste-a-prilly\/#primaryimage","url":"https:\/\/www.artisanlocal.ch\/c\/wp-content\/uploads\/2024\/10\/chauffagiste.jpg","contentUrl":"https:\/\/www.artisanlocal.ch\/c\/wp-content\/uploads\/2024\/10\/chauffagiste.jpg","width":1920,"height":300},{"@type":"BreadcrumbList","@id":"https:\/\/www.artisanlocal.ch\/c\/depannage-urgence-chauffagiste-a-prilly\/#breadcrumb","itemListElement":[{"@type":"ListItem","position":1,"name":"Accueil","item":"https:\/\/www.artisanlocal.ch\/c\/"},{"@type":"ListItem","position":2,"name":"Chauffagiste \u00e0 Prilly"}]},{"@type":"WebSite","@id":"https:\/\/www.artisanlocal.ch\/c\/#website","url":"https:\/\/www.artisanlocal.ch\/c\/","name":"Artisanlocal","description":"","publisher":{"@id":"https:\/\/www.artisanlocal.ch\/c\/#organization"},"potentialAction":[{"@type":"SearchAction","target":{"@type":"EntryPoint","urlTemplate":"https:\/\/www.artisanlocal.ch\/c\/?s={search_term_string}"},"query-input":{"@type":"PropertyValueSpecification","valueRequired":true,"valueName":"search_term_string"}}],"inLanguage":"fr-FR"},{"@type":"Organization","@id":"https:\/\/www.artisanlocal.ch\/c\/#organization","name":"Artisanlocal","url":"https:\/\/www.artisanlocal.ch\/c\/","logo":{"@type":"ImageObject","inLanguage":"fr-FR","@id":"https:\/\/www.artisanlocal.ch\/c\/#\/schema\/logo\/image\/","url":"https:\/\/www.artisanlocal.ch\/c\/wp-content\/uploads\/2024\/02\/logo-artisanlocal-h.svg","contentUrl":"https:\/\/www.artisanlocal.ch\/c\/wp-content\/uploads\/2024\/02\/logo-artisanlocal-h.svg","caption":"Artisanlocal"},"image":{"@id":"https:\/\/www.artisanlocal.ch\/c\/#\/schema\/logo\/image\/"}}]}},"_links":{"self":[{"href":"https:\/\/www.artisanlocal.ch\/c\/wp-json\/wp\/v2\/pages\/675","targetHints":{"allow":["GET"]}}],"collection":[{"href":"https:\/\/www.artisanlocal.ch\/c\/wp-json\/wp\/v2\/pages"}],"about":[{"href":"https:\/\/www.artisanlocal.ch\/c\/wp-json\/wp\/v2\/types\/page"}],"author":[{"embeddable":true,"href":"https:\/\/www.artisanlocal.ch\/c\/wp-json\/wp\/v2\/users\/4"}],"replies":[{"embeddable":true,"href":"https:\/\/www.artisanlocal.ch\/c\/wp-json\/wp\/v2\/comments?post=675"}],"version-history":[{"count":0,"href":"https:\/\/www.artisanlocal.ch\/c\/wp-json\/wp\/v2\/pages\/675\/revisions"}],"wp:featuredmedia":[{"embeddable":true,"href":"https:\/\/www.artisanlocal.ch\/c\/wp-json\/wp\/v2\/media\/2757"}],"wp:attachment":[{"href":"https:\/\/www.artisanlocal.ch\/c\/wp-json\/wp\/v2\/media?parent=675"}],"wp:term":[{"taxonomy":"profession","embeddable":true,"href":"https:\/\/www.artisanlocal.ch\/c\/wp-json\/wp\/v2\/profession?post=675"},{"taxonomy":"location","embeddable":true,"href":"https:\/\/www.artisanlocal.ch\/c\/wp-json\/wp\/v2\/location?post=675"},{"taxonomy":"canton","embeddable":true,"href":"https:\/\/www.artisanlocal.ch\/c\/wp-json\/wp\/v2\/canton?post=675"}],"curies":[{"name":"wp","href":"https:\/\/api.w.org\/{rel}","templated":true}]}}