{"id":676,"date":"2024-04-18T20:03:34","date_gmt":"2024-04-18T18:03:34","guid":{"rendered":"https:\/\/www.artisanlocal.ch\/c\/jai-besoin-dun-chauffagiste-a-bussigny-pres-lausanne\/"},"modified":"2025-09-04T16:32:25","modified_gmt":"2025-09-04T14:32:25","slug":"jai-besoin-dun-chauffagiste-a-bussigny-pres-lausanne","status":"publish","type":"page","link":"https:\/\/www.artisanlocal.ch\/c\/jai-besoin-dun-chauffagiste-a-bussigny-pres-lausanne\/","title":{"rendered":"Chauffagiste \u00e0 Bussigny"},"content":{"rendered":"<p>Besoin d&rsquo;un chauffagiste \u00e0 Bussigny ? Artisanlocal s&rsquo;occupe de la r\u00e9paration, de l&rsquo;entretien et de l&rsquo;installation \u00e0 Bussigny. Si vous travaillez avec notre entreprise, vous profitez :<\/p>\n<ul>\n<li>d&rsquo;un tarif transparent,<\/li>\n<li>d&rsquo;un service de qualit\u00e9,<\/li>\n<li>d&rsquo;intervention \u00e0 Bussigny et dans les villes \u00e0 proximit\u00e9,<\/li>\n<li>d&rsquo;un technicien avec une solide exp\u00e9rience,<\/li>\n<li>d&rsquo;un devis gratuit,<\/li>\n<li>de techniciens disponibles du lundi au samedi pour r\u00e9pondre \u00e0 toutes vos questions.<\/li>\n<\/ul>\n\r\n<div class=\"box\">\r\n            <div class=\"company-info\">\r\n            <img decoding=\"async\" class=\"company-info__logo\" src=\"https:\/\/www.artisanlocal.ch\/media\/cache\/thumb\/images\/companies\/60803815dc531069046081.png\" alt=\"Logo\">\r\n            <h2 class=\"company-info__name\">Ackermann et fils SA<\/h2>\r\n            <p class=\"company-info__business\">Installations sanitaires - Chauffages<\/p>\r\n        <\/div>\r\n        <div class=\"company-contact\">\r\n            <p class=\"company-info__address\">Route de la P\u00e2le 12<\/p>\r\n                            <div class=\"links\">\r\n                                            <a class=\"btn has-accent-background-color js-phoneNumber\" href=\"tel:0218011862\" title=\"Appelez\" data-id=\"2478\" data-type=\"11\">021 801 18 62<\/a>\r\n                                                                <a class=\"btn has-accent-background-color\" href=\"https:\/\/www.acksa.ch\/\" target=\"_blank\" title=\"Voir le site internet\" data-id=\"2478\" data-type=\"20\">Site internet<\/a>\r\n                                    <\/div>\r\n                    <\/div>\r\n    \r\n            \r\n<form action=\"https:\/\/www.artisanlocal.ch\/c\/wp-admin\/admin-ajax.php\" method=\"post\" class=\"form-contact\" id=\"artisan_form_contact_company_inline\">\r\n    <div><input type=\"hidden\" name=\"action\" value=\"company_contact\"><\/div>\r\n    <div><input type=\"hidden\" name=\"nonce\" value=\"1289a079ae\"><\/div>\r\n    <div><input type=\"hidden\" name=\"company_id\" value=\"2478\"><\/div>\r\n    <div><input type=\"hidden\" name=\"form_id\" value=\"artisan_form_contact_company_inline\"><\/div>\r\n    <div class=\"gglcptch gglcptch_v3 gglcptch_custom\"><input type=\"hidden\" id=\"g-recaptcha-response\" name=\"g-recaptcha-response\" \/><br \/><div class=\"gglcptch_error_text\">La p\u00e9riode de v\u00e9rification reCAPTCHA a expir\u00e9. Veuillez recharger la page.<\/div><\/div>    <div class=\"form-content\">\r\n        <div class=\"form-group\">\r\n            <label for=\"contact_firstName\" class=\"required\">Pr\u00e9nom<\/label>\r\n            <input type=\"text\" name=\"firstName\" class=\"form-control\" required>\r\n        <\/div>\r\n        <div class=\"form-group\">\r\n            <label for=\"contact_lastName\" class=\"required\">Nom<\/label>\r\n            <input type=\"text\" name=\"lastName\" class=\"form-control\" required>\r\n        <\/div>\r\n        <div class=\"form-group\">\r\n            <label for=\"contact_email\" class=\"required\">Email<\/label>\r\n            <input type=\"email\" name=\"email\" class=\"form-control\" required>\r\n        <\/div>\r\n        <div class=\"form-group\">\r\n            <label for=\"contact_phone\" class=\"required\">Num\u00e9ro de t\u00e9l\u00e9phone<\/label>\r\n            <input type=\"tel\" name=\"phone\" class=\"form-control\" placeholder=\"0787117165\" pattern=\"^[0-9]{10}$\" required>\r\n        <\/div>\r\n        <div class=\"form-group\">\r\n            <label for=\"contact_postalCode\" class=\"required\">Code postal et localit\u00e9<\/label>\r\n            <input type=\"text\" name=\"postalCode\" class=\"form-control\" required>\r\n        <\/div>\r\n        <div class=\"form-group\">\r\n            <label for=\"contact_address\" class=\"required\">Adresse<\/label>\r\n            <input type=\"text\" name=\"address\" class=\"form-control\" required>\r\n        <\/div>\r\n        <div class=\"full-width topic\">\r\n            <p class=\"required\">Je souhaite \u00eatre contact\u00e9 pour :<\/p>\r\n            <div class=\"form-check\">\r\n                <input type=\"radio\" name=\"topic\" value=\"D\u00e9pannage\" class=\"form-control\" required>\r\n                <label for=\"d\u00e9pannage\">D\u00e9pannage<\/label>\r\n            <\/div>\r\n            <div class=\"form-check\">\r\n                <input type=\"radio\" name=\"topic\" value=\"Entretien\" class=\"form-control\" required>\r\n                <label for=\"entretien\">Entretien<\/label>\r\n            <\/div>\r\n            <div class=\"form-check\">\r\n                <input type=\"radio\" name=\"topic\" value=\"R\u00e9novation\" class=\"form-control\" required>\r\n                <label for=\"r\u00e9novation\">R\u00e9novation<\/label>\r\n            <\/div>\r\n            <div class=\"form-check\">\r\n                <input type=\"radio\" name=\"topic\" value=\"Autre\" class=\"form-control\" required>\r\n                <label for=\"autre\">Autre<\/label>\r\n            <\/div>\r\n        <\/div>\r\n        <div class=\"form-group full-width\">\r\n            <label for=\"contact_message\">Message<\/label>\r\n            <textarea name=\"message\" rows=\"3\" class=\"form-control\"><\/textarea>\r\n        <\/div>\r\n    <\/div>\r\n    <div class=\"form-actions\">\r\n        <button class=\"wp-block-button__link has-accent-background-color\">Contacter<\/button>\r\n    <\/div>\r\n<\/form>\r\n<div class=\"form-feedback\"><\/div>    <\/div>\n<h2>Pourquoi choisir Artisanlocal ?<\/h2>\n<ul>\n<li>Estimations rapides de vos travaux : une fois que vous avez envoy\u00e9 votre demande, notre chauffagiste \u00e0 Bussigny vous contacte rapidement pour estimer votre projet.<\/li>\n<li>Intervention en urgence : un chauffagiste Bussignolais peut r\u00e9parer en urgence votre chauffage.<\/li>\n<li>Assistance technique : si votre syst\u00e8me de chauffage, chaudi\u00e8re ou chauffe-eau pr\u00e9sente un dysfonctionnement, notre chauffagiste peut vous aider par t\u00e9l\u00e9phone.<\/li>\n<\/ul>\n<h2>Pourquoi la maintenance du chauffage est importante ?<\/h2>\n<p>Assurer le fonctionnement optimal de votre chauffage est essentiel, surtout, si vous avez des enfants. Le technicien vous aide \u00e0 d\u00e9finir la bonne temp\u00e9rature et contr\u00f4le la pr\u00e9sence monoxyde de carbone fabriqu\u00e9 par votre syst\u00e8me de chauffage. Nos chauffagistes garantissent la maintenance et l&rsquo;entretien de votre chauffage, peu importe le mod\u00e8le : basse temp\u00e9rature, fioul, gaz, condensation, \u00e9lectrique ou \u00e0 accumulation.<\/p>\n<h2>Artisanlocal propose une aide t\u00e9l\u00e9phonique ?<\/h2>\n<p>Oui, nous pouvons vous aider par t\u00e9l\u00e9phone. En nous d\u00e9crivant votre probl\u00e9matique par t\u00e9l\u00e9phone, nous identifierons la meilleure solution pour r\u00e9soudre votre probl\u00e8me. Il faut garder en t\u00eate que dans la majorit\u00e9 des cas, un technicien doit intervenir chez vous pour identifier et corriger votre probl\u00e8me de chauffage.<\/p>\n<h2>Comment fonctionne Artisanlocal ?<\/h2>\n<ol>\n<li>Premier contact : il est indispensable que vous preniez contact avec nous par e-mail ou par t\u00e9l\u00e9phone.<\/li>\n<li>Intervention : un de nos techniciens intervient \u00e0 votre logement.<\/li>\n<li>\u00c9valuation : on examinera le volume de vos pi\u00e8ces, l&rsquo;isolation et l&rsquo;\u00e9quipement actuel pour estimer et d\u00e9finir la meilleure solution.<\/li>\n<li>Recommandation : une strat\u00e9gie vous sera faite en fonction de vos besoins et votre budget.<\/li>\n<li>Estimation : vous obtenez un devis d\u00e9taill\u00e9, vous pr\u00e9sentant les diff\u00e9rentes d\u00e9penses.<\/li>\n<li>Pose : apr\u00e8s avoir accept\u00e9 notre devis, nous r\u00e9alisons l&rsquo;installation de votre \u00e9quipe de chauffage et r\u00e9glons le thermostat en fonction de vos demandes.<\/li>\n<\/ol>\n<h2>Quelle est la meilleure solution de chauffage pour un appartement ?<\/h2>\n<p>L&rsquo;expert qui se d\u00e9place dans votre foyer, vous conseille pour choisir le syst\u00e8me de chauffage le plus adapt\u00e9, parmi les \u00e9quipements chauffages : \u00e0 gaz, \u00e9lectriques, fioul, classiques, condensation ou basses temp\u00e9ratures.<\/p>\n<p>Les syst\u00e8mes de chauffages \u00e0 basse temp\u00e9rature ou \u00e0 condensation, malgr\u00e9 un prix d&rsquo;achat plus important, ils offrent la capacit\u00e9 de r\u00e9aliser des \u00e9conomies sur le long terme.<\/p>\n<p>Par ailleurs, avant de poser votre chauffage, il faut param\u00e9trer votre thermostat en fonction de votre propri\u00e9t\u00e9 et vos d\u00e9sirs. Pas d&rsquo;inqui\u00e9tude, le technicien qui se d\u00e9place \u00e0 votre domicile a les connaissances pour r\u00e9pondre \u00e0 tous vos probl\u00e8mes.<\/p>\n<h2>Contrat d&rsquo;entretien de votre chauffage \u00e0 Bussigny<\/h2>\n<p>Vous devez r\u00e9aliser l&rsquo;entretien annuel de votre chauffage, qu&rsquo;il soit \u00e0 gaz ou au fioul. Faire appel \u00e0 un chauffagiste pour l&rsquo;entretien de votre chauffage offre la possibilit\u00e9 de contr\u00f4ler les taux de monoxyde de carbone. Pour rappel, si votre chauffage cr\u00e9e beaucoup de monoxyde de carbone, cela peut provoquer une intoxication. Le chauffagiste qui se d\u00e9place chez vous r\u00e8gle et contr\u00f4le le taux de monoxyde de carbone de votre chauffage pour vous \u00e9viter d\u2019avoir des potentiels soucis m\u00e9dicaux.<\/p>\n<h2>Contrat d\u2019entretien pour votre chauffage \u00e0 Bussigny<\/h2>\n<p>Nous proposons des forfaits d\u2019entretiens pour votre chauffage afin d&rsquo;en assurer le bon \u00e9tat de marche. En effectuant un entretien r\u00e9gulier, vous r\u00e9alisez des \u00e9conomies sur le long terme.<\/p>\n<p>Aussi, si vous avez un sinistre, votre assureur demande le contrat d&rsquo;entretien dans le but de contr\u00f4ler l&rsquo;\u00e9tat g\u00e9n\u00e9ral de votre chauffage en amont de l&rsquo;incident. Notre entreprise offre des contrats de maintenance annuels ou pluriannuels.<\/p>\n<h2>Pourquoi signer un contrat d&rsquo;entretien pour votre chauffage ?<\/h2>\n<p>Si vous avez une partie qui est endommag\u00e9e, nous la changeons en priorit\u00e9, nous prenons l&rsquo;engagement de v\u00e9rifier l&rsquo;ensemble de votre syst\u00e8me de chauffage, comme :<\/p>\n<ul>\n<li>La tension dans vos conduits,<\/li>\n<li>l&rsquo;\u00e9tat de vos conduits de raccordement, et des \u00e9l\u00e9ments chauffants.<\/li>\n<\/ul>\n<h2>Quels sont les diff\u00e9rents services propos\u00e9s par votre entreprise ?<\/h2>\n<ul>\n<li>Le d\u00e9sembouage et le d\u00e9tartrage de vos radiateurs,<\/li>\n<li>la purge de vos radiateurs,<\/li>\n<li>la maintenance des chauffe-eau et des chaudi\u00e8res,<\/li>\n<li>l&rsquo;ajustement des thermostats,<\/li>\n<li>la maintenance des chaudi\u00e8res \u00e0 condensation, basses temp\u00e9ratures, \u00e0 gaz, \u00e0 fioul, \u00e0 accumulation et \u00e9lectriques,<\/li>\n<li>la remise en \u00e9tat de la vanne de purge,<\/li>\n<li>l&rsquo;intervention et la remise en \u00e9tat : fuite de canalisation, radiateur qui ne marche plus, chaudi\u00e8re, etc.<\/li>\n<li>la pose de : radiateur \u00e9lectrique, pompe \u00e0 chaleur, plancher chauffant, chauffage, chaudi\u00e8re, etc.<\/li>\n<\/ul>\n<h2>R\u00e9ponses aux questions fr\u00e9quentes<\/h2>\n<h3>Pourquoi embaucher un chauffagiste Bussignolais ?<\/h3>\n<ul>\n<li>Optimiser votre confort : un chauffage correctement configur\u00e9 permet de conserver une bonne temp\u00e9rature ambiante.<\/li>\n<li>Faire des \u00e9conomies : en investissant dans des \u00e9quipements de qualit\u00e9, par exemple l&rsquo;isolation et le chauffage, vous r\u00e9alisez des \u00e9conomies et limiter vos \u00e9missions de CO2.<\/li>\n<li>Pr\u00e9server la s\u00e9curit\u00e9 de votre chauffage : respecter les r\u00e8gles de s\u00e9curit\u00e9 permet de maintenir un chauffage s\u00fbr et efficace (par exemple, pour limiter les \u00e9missions de monoxyde de carbone).<\/li>\n<li>\u00c9viter les difficult\u00e9s : un chauffagiste pourra anticiper les prochaines pannes, juste en regardant votre installation.<\/li>\n<\/ul>\n<h3>Comment choisir le bon technicien chauffagiste \u00e0 Bussigny ?<\/h3>\n<ul>\n<li>Les comp\u00e9tences : contr\u00f4lez les certifications certifiant que l\u2019entreprise \u00e0 un v\u00e9ritable savoir-faire dans son domaine.<\/li>\n<li>Les avis clients : prenez le temps de lire les avis des clients ayant d\u00e9j\u00e0 collabor\u00e9 avec les soci\u00e9t\u00e9s.<\/li>\n<li>Les garanties : v\u00e9rifiez que la soci\u00e9t\u00e9 de chauffage dispose d&rsquo;une assurance qui couvrira les \u00e9ventuels d\u00e9g\u00e2ts occasionn\u00e9s lors de ses interventions.<\/li>\n<\/ul>\n<h3>Quelle est votre vitesse d&rsquo;intervention \u00e0 Bussigny ?<\/h3>\n<p>Nous intervenons \u00e0 votre foyer dans la journ\u00e9e (pour les demandes urgentes) dans le cas contraire, nous pouvons intervenir au cours de la journ\u00e9e.<\/p>\n<h3>Pouvez-vous intervenir \u00e0 Bussigny et dans les villes aux alentours ?<\/h3>\n<p>Oui, nous r\u00e9alisons nos interventions \u00e0 Bussigny et dans les villes aux alentours, comme : Chavannes-pr\u00e8s-Renens, Ecublens VD, St-Sulpice VD, Denges, Echandens, Lonay, Pr\u00e9verenges, Villars-Ste-Croix, Morges, Echichens, St-Saphorin-sur-Morges, Colombier VD, Vullierens, Bremblens, Romanel-sur-Morges, Aclens, Monnaz, Vaux-sur-Morges, Clarmont, Reverolle, Tolochenaz, Lully VD, Chigny, Vufflens-le-Ch\u00e2teau, Denens, Bussy-Chardonney, St-Prex, Lussy-sur-Morges.<\/p>\n","protected":false},"excerpt":{"rendered":"<p>Besoin d&rsquo;un chauffagiste \u00e0 Bussigny ? Artisanlocal s&rsquo;occupe de la r\u00e9paration, de l&rsquo;entretien et de l&rsquo;installation \u00e0 Bussigny. Si vous travaillez avec notre entreprise, vous profitez : d&rsquo;un tarif transparent, d&rsquo;un service de qualit\u00e9, d&rsquo;intervention \u00e0 Bussigny et dans les villes \u00e0 proximit\u00e9, d&rsquo;un technicien avec une solide exp\u00e9rience, d&rsquo;un devis gratuit, de techniciens disponibles [&hellip;]<\/p>\n","protected":false},"author":4,"featured_media":2757,"parent":0,"menu_order":0,"comment_status":"closed","ping_status":"closed","template":"","meta":{"footnotes":""},"profession":[120],"location":[5],"canton":[113],"class_list":["post-676","page","type-page","status-publish","has-post-thumbnail","hentry","profession-chauffagiste","location-bussigny","canton-vd"],"yoast_head":"<!-- This site is optimized with the Yoast SEO Premium plugin v25.7.1 (Yoast SEO v27.3) - https:\/\/yoast.com\/product\/yoast-seo-premium-wordpress\/ -->\n<title>Chauffagiste \u00e0 Bussigny - Artisanlocal<\/title>\n<meta name=\"robots\" content=\"index, follow, max-snippet:-1, max-image-preview:large, max-video-preview:-1\" \/>\n<link rel=\"canonical\" href=\"https:\/\/www.artisanlocal.ch\/c\/jai-besoin-dun-chauffagiste-a-bussigny-pres-lausanne\/\" \/>\n<meta property=\"og:locale\" content=\"fr_FR\" \/>\n<meta property=\"og:type\" content=\"article\" \/>\n<meta property=\"og:title\" content=\"Chauffagiste \u00e0 Bussigny\" \/>\n<meta property=\"og:description\" content=\"Besoin d&rsquo;un chauffagiste \u00e0 Bussigny ? Artisanlocal s&rsquo;occupe de la r\u00e9paration, de l&rsquo;entretien et de l&rsquo;installation \u00e0 Bussigny. Si vous travaillez avec notre entreprise, vous profitez : d&rsquo;un tarif transparent, d&rsquo;un service de qualit\u00e9, d&rsquo;intervention \u00e0 Bussigny et dans les villes \u00e0 proximit\u00e9, d&rsquo;un technicien avec une solide exp\u00e9rience, d&rsquo;un devis gratuit, de techniciens disponibles [&hellip;]\" \/>\n<meta property=\"og:url\" content=\"https:\/\/www.artisanlocal.ch\/c\/jai-besoin-dun-chauffagiste-a-bussigny-pres-lausanne\/\" \/>\n<meta property=\"og:site_name\" content=\"Artisanlocal\" \/>\n<meta property=\"article:modified_time\" content=\"2025-09-04T14:32:25+00:00\" \/>\n<meta property=\"og:image\" content=\"https:\/\/www.artisanlocal.ch\/c\/wp-content\/uploads\/2024\/10\/chauffagiste.jpg\" \/>\n\t<meta property=\"og:image:width\" content=\"1920\" \/>\n\t<meta property=\"og:image:height\" content=\"300\" \/>\n\t<meta property=\"og:image:type\" content=\"image\/jpeg\" \/>\n<meta name=\"twitter:card\" content=\"summary_large_image\" \/>\n<meta name=\"twitter:label1\" content=\"Dur\u00e9e de lecture estim\u00e9e\" \/>\n\t<meta name=\"twitter:data1\" content=\"6 minutes\" \/>\n<script type=\"application\/ld+json\" class=\"yoast-schema-graph\">{\"@context\":\"https:\\\/\\\/schema.org\",\"@graph\":[{\"@type\":\"WebPage\",\"@id\":\"https:\\\/\\\/www.artisanlocal.ch\\\/c\\\/jai-besoin-dun-chauffagiste-a-bussigny-pres-lausanne\\\/\",\"url\":\"https:\\\/\\\/www.artisanlocal.ch\\\/c\\\/jai-besoin-dun-chauffagiste-a-bussigny-pres-lausanne\\\/\",\"name\":\"Chauffagiste \u00e0 Bussigny - Artisanlocal\",\"isPartOf\":{\"@id\":\"https:\\\/\\\/www.artisanlocal.ch\\\/c\\\/#website\"},\"primaryImageOfPage\":{\"@id\":\"https:\\\/\\\/www.artisanlocal.ch\\\/c\\\/jai-besoin-dun-chauffagiste-a-bussigny-pres-lausanne\\\/#primaryimage\"},\"image\":{\"@id\":\"https:\\\/\\\/www.artisanlocal.ch\\\/c\\\/jai-besoin-dun-chauffagiste-a-bussigny-pres-lausanne\\\/#primaryimage\"},\"thumbnailUrl\":\"https:\\\/\\\/www.artisanlocal.ch\\\/c\\\/wp-content\\\/uploads\\\/2024\\\/10\\\/chauffagiste.jpg\",\"datePublished\":\"2024-04-18T18:03:34+00:00\",\"dateModified\":\"2025-09-04T14:32:25+00:00\",\"breadcrumb\":{\"@id\":\"https:\\\/\\\/www.artisanlocal.ch\\\/c\\\/jai-besoin-dun-chauffagiste-a-bussigny-pres-lausanne\\\/#breadcrumb\"},\"inLanguage\":\"fr-FR\",\"potentialAction\":[{\"@type\":\"ReadAction\",\"target\":[\"https:\\\/\\\/www.artisanlocal.ch\\\/c\\\/jai-besoin-dun-chauffagiste-a-bussigny-pres-lausanne\\\/\"]}]},{\"@type\":\"ImageObject\",\"inLanguage\":\"fr-FR\",\"@id\":\"https:\\\/\\\/www.artisanlocal.ch\\\/c\\\/jai-besoin-dun-chauffagiste-a-bussigny-pres-lausanne\\\/#primaryimage\",\"url\":\"https:\\\/\\\/www.artisanlocal.ch\\\/c\\\/wp-content\\\/uploads\\\/2024\\\/10\\\/chauffagiste.jpg\",\"contentUrl\":\"https:\\\/\\\/www.artisanlocal.ch\\\/c\\\/wp-content\\\/uploads\\\/2024\\\/10\\\/chauffagiste.jpg\",\"width\":1920,\"height\":300},{\"@type\":\"BreadcrumbList\",\"@id\":\"https:\\\/\\\/www.artisanlocal.ch\\\/c\\\/jai-besoin-dun-chauffagiste-a-bussigny-pres-lausanne\\\/#breadcrumb\",\"itemListElement\":[{\"@type\":\"ListItem\",\"position\":1,\"name\":\"Accueil\",\"item\":\"https:\\\/\\\/www.artisanlocal.ch\\\/c\\\/\"},{\"@type\":\"ListItem\",\"position\":2,\"name\":\"Chauffagiste \u00e0 Bussigny-pr\u00e8s-Lausanne\"}]},{\"@type\":\"WebSite\",\"@id\":\"https:\\\/\\\/www.artisanlocal.ch\\\/c\\\/#website\",\"url\":\"https:\\\/\\\/www.artisanlocal.ch\\\/c\\\/\",\"name\":\"Artisanlocal\",\"description\":\"\",\"publisher\":{\"@id\":\"https:\\\/\\\/www.artisanlocal.ch\\\/c\\\/#organization\"},\"potentialAction\":[{\"@type\":\"SearchAction\",\"target\":{\"@type\":\"EntryPoint\",\"urlTemplate\":\"https:\\\/\\\/www.artisanlocal.ch\\\/c\\\/?s={search_term_string}\"},\"query-input\":{\"@type\":\"PropertyValueSpecification\",\"valueRequired\":true,\"valueName\":\"search_term_string\"}}],\"inLanguage\":\"fr-FR\"},{\"@type\":\"Organization\",\"@id\":\"https:\\\/\\\/www.artisanlocal.ch\\\/c\\\/#organization\",\"name\":\"Artisanlocal\",\"url\":\"https:\\\/\\\/www.artisanlocal.ch\\\/c\\\/\",\"logo\":{\"@type\":\"ImageObject\",\"inLanguage\":\"fr-FR\",\"@id\":\"https:\\\/\\\/www.artisanlocal.ch\\\/c\\\/#\\\/schema\\\/logo\\\/image\\\/\",\"url\":\"https:\\\/\\\/www.artisanlocal.ch\\\/c\\\/wp-content\\\/uploads\\\/2024\\\/02\\\/logo-artisanlocal-h.svg\",\"contentUrl\":\"https:\\\/\\\/www.artisanlocal.ch\\\/c\\\/wp-content\\\/uploads\\\/2024\\\/02\\\/logo-artisanlocal-h.svg\",\"caption\":\"Artisanlocal\"},\"image\":{\"@id\":\"https:\\\/\\\/www.artisanlocal.ch\\\/c\\\/#\\\/schema\\\/logo\\\/image\\\/\"}}]}<\/script>\n<!-- \/ Yoast SEO Premium plugin. -->","yoast_head_json":{"title":"Chauffagiste \u00e0 Bussigny - Artisanlocal","robots":{"index":"index","follow":"follow","max-snippet":"max-snippet:-1","max-image-preview":"max-image-preview:large","max-video-preview":"max-video-preview:-1"},"canonical":"https:\/\/www.artisanlocal.ch\/c\/jai-besoin-dun-chauffagiste-a-bussigny-pres-lausanne\/","og_locale":"fr_FR","og_type":"article","og_title":"Chauffagiste \u00e0 Bussigny","og_description":"Besoin d&rsquo;un chauffagiste \u00e0 Bussigny ? Artisanlocal s&rsquo;occupe de la r\u00e9paration, de l&rsquo;entretien et de l&rsquo;installation \u00e0 Bussigny. Si vous travaillez avec notre entreprise, vous profitez : d&rsquo;un tarif transparent, d&rsquo;un service de qualit\u00e9, d&rsquo;intervention \u00e0 Bussigny et dans les villes \u00e0 proximit\u00e9, d&rsquo;un technicien avec une solide exp\u00e9rience, d&rsquo;un devis gratuit, de techniciens disponibles [&hellip;]","og_url":"https:\/\/www.artisanlocal.ch\/c\/jai-besoin-dun-chauffagiste-a-bussigny-pres-lausanne\/","og_site_name":"Artisanlocal","article_modified_time":"2025-09-04T14:32:25+00:00","og_image":[{"width":1920,"height":300,"url":"https:\/\/www.artisanlocal.ch\/c\/wp-content\/uploads\/2024\/10\/chauffagiste.jpg","type":"image\/jpeg"}],"twitter_card":"summary_large_image","twitter_misc":{"Dur\u00e9e de lecture estim\u00e9e":"6 minutes"},"schema":{"@context":"https:\/\/schema.org","@graph":[{"@type":"WebPage","@id":"https:\/\/www.artisanlocal.ch\/c\/jai-besoin-dun-chauffagiste-a-bussigny-pres-lausanne\/","url":"https:\/\/www.artisanlocal.ch\/c\/jai-besoin-dun-chauffagiste-a-bussigny-pres-lausanne\/","name":"Chauffagiste \u00e0 Bussigny - Artisanlocal","isPartOf":{"@id":"https:\/\/www.artisanlocal.ch\/c\/#website"},"primaryImageOfPage":{"@id":"https:\/\/www.artisanlocal.ch\/c\/jai-besoin-dun-chauffagiste-a-bussigny-pres-lausanne\/#primaryimage"},"image":{"@id":"https:\/\/www.artisanlocal.ch\/c\/jai-besoin-dun-chauffagiste-a-bussigny-pres-lausanne\/#primaryimage"},"thumbnailUrl":"https:\/\/www.artisanlocal.ch\/c\/wp-content\/uploads\/2024\/10\/chauffagiste.jpg","datePublished":"2024-04-18T18:03:34+00:00","dateModified":"2025-09-04T14:32:25+00:00","breadcrumb":{"@id":"https:\/\/www.artisanlocal.ch\/c\/jai-besoin-dun-chauffagiste-a-bussigny-pres-lausanne\/#breadcrumb"},"inLanguage":"fr-FR","potentialAction":[{"@type":"ReadAction","target":["https:\/\/www.artisanlocal.ch\/c\/jai-besoin-dun-chauffagiste-a-bussigny-pres-lausanne\/"]}]},{"@type":"ImageObject","inLanguage":"fr-FR","@id":"https:\/\/www.artisanlocal.ch\/c\/jai-besoin-dun-chauffagiste-a-bussigny-pres-lausanne\/#primaryimage","url":"https:\/\/www.artisanlocal.ch\/c\/wp-content\/uploads\/2024\/10\/chauffagiste.jpg","contentUrl":"https:\/\/www.artisanlocal.ch\/c\/wp-content\/uploads\/2024\/10\/chauffagiste.jpg","width":1920,"height":300},{"@type":"BreadcrumbList","@id":"https:\/\/www.artisanlocal.ch\/c\/jai-besoin-dun-chauffagiste-a-bussigny-pres-lausanne\/#breadcrumb","itemListElement":[{"@type":"ListItem","position":1,"name":"Accueil","item":"https:\/\/www.artisanlocal.ch\/c\/"},{"@type":"ListItem","position":2,"name":"Chauffagiste \u00e0 Bussigny-pr\u00e8s-Lausanne"}]},{"@type":"WebSite","@id":"https:\/\/www.artisanlocal.ch\/c\/#website","url":"https:\/\/www.artisanlocal.ch\/c\/","name":"Artisanlocal","description":"","publisher":{"@id":"https:\/\/www.artisanlocal.ch\/c\/#organization"},"potentialAction":[{"@type":"SearchAction","target":{"@type":"EntryPoint","urlTemplate":"https:\/\/www.artisanlocal.ch\/c\/?s={search_term_string}"},"query-input":{"@type":"PropertyValueSpecification","valueRequired":true,"valueName":"search_term_string"}}],"inLanguage":"fr-FR"},{"@type":"Organization","@id":"https:\/\/www.artisanlocal.ch\/c\/#organization","name":"Artisanlocal","url":"https:\/\/www.artisanlocal.ch\/c\/","logo":{"@type":"ImageObject","inLanguage":"fr-FR","@id":"https:\/\/www.artisanlocal.ch\/c\/#\/schema\/logo\/image\/","url":"https:\/\/www.artisanlocal.ch\/c\/wp-content\/uploads\/2024\/02\/logo-artisanlocal-h.svg","contentUrl":"https:\/\/www.artisanlocal.ch\/c\/wp-content\/uploads\/2024\/02\/logo-artisanlocal-h.svg","caption":"Artisanlocal"},"image":{"@id":"https:\/\/www.artisanlocal.ch\/c\/#\/schema\/logo\/image\/"}}]}},"_links":{"self":[{"href":"https:\/\/www.artisanlocal.ch\/c\/wp-json\/wp\/v2\/pages\/676","targetHints":{"allow":["GET"]}}],"collection":[{"href":"https:\/\/www.artisanlocal.ch\/c\/wp-json\/wp\/v2\/pages"}],"about":[{"href":"https:\/\/www.artisanlocal.ch\/c\/wp-json\/wp\/v2\/types\/page"}],"author":[{"embeddable":true,"href":"https:\/\/www.artisanlocal.ch\/c\/wp-json\/wp\/v2\/users\/4"}],"replies":[{"embeddable":true,"href":"https:\/\/www.artisanlocal.ch\/c\/wp-json\/wp\/v2\/comments?post=676"}],"version-history":[{"count":0,"href":"https:\/\/www.artisanlocal.ch\/c\/wp-json\/wp\/v2\/pages\/676\/revisions"}],"wp:featuredmedia":[{"embeddable":true,"href":"https:\/\/www.artisanlocal.ch\/c\/wp-json\/wp\/v2\/media\/2757"}],"wp:attachment":[{"href":"https:\/\/www.artisanlocal.ch\/c\/wp-json\/wp\/v2\/media?parent=676"}],"wp:term":[{"taxonomy":"profession","embeddable":true,"href":"https:\/\/www.artisanlocal.ch\/c\/wp-json\/wp\/v2\/profession?post=676"},{"taxonomy":"location","embeddable":true,"href":"https:\/\/www.artisanlocal.ch\/c\/wp-json\/wp\/v2\/location?post=676"},{"taxonomy":"canton","embeddable":true,"href":"https:\/\/www.artisanlocal.ch\/c\/wp-json\/wp\/v2\/canton?post=676"}],"curies":[{"name":"wp","href":"https:\/\/api.w.org\/{rel}","templated":true}]}}