{"id":677,"date":"2024-04-19T12:13:53","date_gmt":"2024-04-19T10:13:53","guid":{"rendered":"https:\/\/www.artisanlocal.ch\/c\/vous-avez-besoin-dun-depannage-en-urgence-de-votre-chauffage-a-gland\/"},"modified":"2025-08-26T19:29:59","modified_gmt":"2025-08-26T17:29:59","slug":"vous-avez-besoin-dun-depannage-en-urgence-de-votre-chauffage-a-gland","status":"publish","type":"page","link":"https:\/\/www.artisanlocal.ch\/c\/vous-avez-besoin-dun-depannage-en-urgence-de-votre-chauffage-a-gland\/","title":{"rendered":"Vous avez besoin d&rsquo;un d\u00e9pannage en urgence de votre chauffage \u00e0 Gland ?"},"content":{"rendered":"<p>Vous recherchez un expert en chauffage \u00e0 Gland ? Dans le cas o\u00f9 vous seriez un Glandois, Artisanlocal s&rsquo;occupe de la r\u00e9paration et de l&rsquo;installation de votre syst\u00e8me de chauffage. En optant de travailler avec notre entreprise, vous b\u00e9n\u00e9ficiez :<\/p>\n<ul>\n<li>de tarif clair,<\/li>\n<li>de prestations haut de gamme,<\/li>\n<li>d&rsquo;assistance \u00e0 Gland et dans les environs,<\/li>\n<li>d\u2019une \u00e9quipe avec de l&rsquo;exp\u00e9rience,<\/li>\n<li>de devis gratuits,<\/li>\n<li>d&rsquo;experts joignables du lundi au samedi.<\/li>\n<\/ul>\n\r\n<div class=\"box\">\r\n            <div class=\"company-info\">\r\n            <img decoding=\"async\" class=\"company-info__logo\" src=\"https:\/\/www.artisanlocal.ch\/media\/cache\/thumb\/images\/companies\/611a76dd141d5079980423.png\" alt=\"Logo\">\r\n            <h2 class=\"company-info__name\">Chauffage-Eco S\u00e0rl<\/h2>\r\n            <p class=\"company-info__business\">Chauffages - Pompes \u00e0 chaleur - Energie solaire thermique<\/p>\r\n        <\/div>\r\n        <div class=\"company-contact\">\r\n            <p class=\"company-info__address\">Route du Stand 17<\/p>\r\n                            <div class=\"links\">\r\n                                            <a class=\"btn has-accent-background-color js-phoneNumber\" href=\"tel:0794180430\" title=\"Appelez\" data-id=\"2449\" data-type=\"11\">079 418 04 30<\/a>\r\n                                                                <a class=\"btn has-accent-background-color\" href=\"https:\/\/www.chauffageeco.ch\/\" target=\"_blank\" title=\"Voir le site internet\" data-id=\"2449\" data-type=\"20\">Site internet<\/a>\r\n                                    <\/div>\r\n                    <\/div>\r\n    \r\n            \r\n<form action=\"https:\/\/www.artisanlocal.ch\/c\/wp-admin\/admin-ajax.php\" method=\"post\" class=\"form-contact\" id=\"artisan_form_contact_company_inline\">\r\n    <div><input type=\"hidden\" name=\"action\" value=\"company_contact\"><\/div>\r\n    <div><input type=\"hidden\" name=\"nonce\" value=\"4e25433c73\"><\/div>\r\n    <div><input type=\"hidden\" name=\"company_id\" value=\"2449\"><\/div>\r\n    <div><input type=\"hidden\" name=\"form_id\" value=\"artisan_form_contact_company_inline\"><\/div>\r\n    <div class=\"gglcptch gglcptch_v3 gglcptch_custom\"><input type=\"hidden\" id=\"g-recaptcha-response\" name=\"g-recaptcha-response\" \/><br \/><div class=\"gglcptch_error_text\">La p\u00e9riode de v\u00e9rification reCAPTCHA a expir\u00e9. Veuillez recharger la page.<\/div><\/div>    <div class=\"form-content\">\r\n        <div class=\"form-group\">\r\n            <label for=\"contact_firstName\" class=\"required\">Pr\u00e9nom<\/label>\r\n            <input type=\"text\" name=\"firstName\" class=\"form-control\" required>\r\n        <\/div>\r\n        <div class=\"form-group\">\r\n            <label for=\"contact_lastName\" class=\"required\">Nom<\/label>\r\n            <input type=\"text\" name=\"lastName\" class=\"form-control\" required>\r\n        <\/div>\r\n        <div class=\"form-group\">\r\n            <label for=\"contact_email\" class=\"required\">Email<\/label>\r\n            <input type=\"email\" name=\"email\" class=\"form-control\" required>\r\n        <\/div>\r\n        <div class=\"form-group\">\r\n            <label for=\"contact_phone\" class=\"required\">Num\u00e9ro de t\u00e9l\u00e9phone<\/label>\r\n            <input type=\"tel\" name=\"phone\" class=\"form-control\" placeholder=\"0787117165\" pattern=\"^[0-9]{10}$\" required>\r\n        <\/div>\r\n        <div class=\"form-group\">\r\n            <label for=\"contact_postalCode\" class=\"required\">Code postal et localit\u00e9<\/label>\r\n            <input type=\"text\" name=\"postalCode\" class=\"form-control\" required>\r\n        <\/div>\r\n        <div class=\"form-group\">\r\n            <label for=\"contact_address\" class=\"required\">Adresse<\/label>\r\n            <input type=\"text\" name=\"address\" class=\"form-control\" required>\r\n        <\/div>\r\n        <div class=\"full-width topic\">\r\n            <p class=\"required\">Je souhaite \u00eatre contact\u00e9 pour :<\/p>\r\n            <div class=\"form-check\">\r\n                <input type=\"radio\" name=\"topic\" value=\"D\u00e9pannage\" class=\"form-control\" required>\r\n                <label for=\"d\u00e9pannage\">D\u00e9pannage<\/label>\r\n            <\/div>\r\n            <div class=\"form-check\">\r\n                <input type=\"radio\" name=\"topic\" value=\"Entretien\" class=\"form-control\" required>\r\n                <label for=\"entretien\">Entretien<\/label>\r\n            <\/div>\r\n            <div class=\"form-check\">\r\n                <input type=\"radio\" name=\"topic\" value=\"R\u00e9novation\" class=\"form-control\" required>\r\n                <label for=\"r\u00e9novation\">R\u00e9novation<\/label>\r\n            <\/div>\r\n            <div class=\"form-check\">\r\n                <input type=\"radio\" name=\"topic\" value=\"Autre\" class=\"form-control\" required>\r\n                <label for=\"autre\">Autre<\/label>\r\n            <\/div>\r\n        <\/div>\r\n        <div class=\"form-group full-width\">\r\n            <label for=\"contact_message\">Message<\/label>\r\n            <textarea name=\"message\" rows=\"3\" class=\"form-control\"><\/textarea>\r\n        <\/div>\r\n    <\/div>\r\n    <div class=\"form-actions\">\r\n        <button class=\"wp-block-button__link has-accent-background-color\">Contacter<\/button>\r\n    <\/div>\r\n<\/form>\r\n<div class=\"form-feedback\"><\/div>    <\/div>\n<h2>Pourquoi choisir Artisanlocal ?<\/h2>\n<p>\u00c9valuation rapide pour la mise en place ou le changement de votre chauffage : une fois que vous avez compl\u00e9t\u00e9 le formulaire, notre expert \u00e0 Gland vous contact dans la journ\u00e9e.<\/p>\n<p>Intervention chez vous dans la journ\u00e9e : notre expert Glandois vient \u00e0 votre domicile le jour m\u00eame pour \u00e9valuer le co\u00fbt de votre chantier et contr\u00f4ler la viabilit\u00e9 de votre projet. Par la suite, vous obtenez une estimation d\u00e9taill\u00e9e.<\/p>\n<p>Mise en place de votre \u00e9quipement de chauffage dans un d\u00e9lai de 24 \u00e0 48 heures : d\u00e8s que le devis est valid\u00e9 avec notre expert \u00e0 Gland. Nous d\u00e9terminerons le jour de notre intervention avec vous.<\/p>\n<p>Service de d\u00e9pannage et de maintenance : en cas de panne de votre chaudi\u00e8re, chauffe-eau ou syst\u00e8me de chauffage. Notre entreprise peut intervenir \u00e0 Gland et ses alentours.<\/p>\n<h2>Pourquoi la maintenance du chauffage est importante ?<\/h2>\n<p>Avoir un chauffage qui marche est important, si vous avez des enfants en bas \u00e2ge. Nos techniciens vous aident \u00e0 ajuster la temp\u00e9rature optimale et le taux de monoxyde de carbone g\u00e9n\u00e9r\u00e9 par votre \u00e9quipement de chauffage. Nos chauffagistes s&rsquo;occupent de l\u2019entretien de votre syst\u00e8me de chauffage, quel que soit le type : basse temp\u00e9rature, fioul, gaz, condensation, \u00e9lectrique ou \u00e0 accumulation.<\/p>\n<h2>Est-il possible qu&rsquo;Artisanlocal m&rsquo;aide \u00e0 distance ?<\/h2>\n<p>Absolument, nous sommes en mesure de vous aider par t\u00e9l\u00e9phone. Il vous suffit de nous d\u00e9tailler votre probl\u00e9matique pour nous soyons capables d&rsquo;en d\u00e9terminer les causes et identifier la solution. Il faut garder \u00e0 l&rsquo;esprit que dans la majorit\u00e9 des situations, un technicien doit intervenir chez vous pour d\u00e9celer et r\u00e9parer votre probl\u00e8me de chauffage.<\/p>\n<h2>De quelle mani\u00e8re fonctionne Artisanlocal ?<\/h2>\n<ol>\n<li>Premi\u00e8re prise de contact : il est n\u00e9cessaire de nous joindre par t\u00e9l\u00e9phone ou par mail.<\/li>\n<li>D\u00e9placement : un de nos techniciens se d\u00e9place \u00e0 votre logement.<\/li>\n<li>\u00c9valuation : le chauffagiste estimera l&rsquo;\u00e9tat actuel des choses afin de d\u00e9terminer le volume de vos pi\u00e8ces, et prendre en compte l&rsquo;isolation existante et la superficie totale.<\/li>\n<li>Indication : nous vous guiderons pour s\u00e9lectionner le meilleur syst\u00e8me de chauffage, en prenant compte de l\u2019efficacit\u00e9 et la rentabilit\u00e9 que vous souhaitez avoir.<\/li>\n<li>Prix : nous vous fournissons un devis pr\u00e9cis avec les divers prix.<\/li>\n<li>Installation : une fois que vous avec accept\u00e9 le devis et en fonction de vos disponibilit\u00e9s, nous posons votre syst\u00e8me de chauffage, et ajustons votre thermostat.<\/li>\n<\/ol>\n<h2>Quels sont les chauffages les plus performants pour votre habitation ?<\/h2>\n<p>Le technicien qui se d\u00e9place dans votre foyer, vous conseille pour choisir le syst\u00e8me de chauffage le plus adapt\u00e9, parmi les chauffages : \u00e0 gaz, \u00e9lectriques, fioul, classiques, basses temp\u00e9ratures ou \u00e0 condensation.<\/p>\n<p>Les \u00e9quipements de chauffages \u00e0 condensation ou \u00e0 basse temp\u00e9rature, malgr\u00e9 un co\u00fbt plus important, ils permettent de faire des \u00e9conomies \u00e0 long terme.<\/p>\n<p>Avant d\u2019installer votre chauffage, il faut choisir le meilleur thermostat. Pas d\u2019inqui\u00e9tude, le chauffagiste qui se rend chez vous a l&rsquo;expertise pour r\u00e9soudre toutes vos probl\u00e9matiques de chauffage. Dans le devis, vous trouvez les d\u00e9tails de notre intervention, tel que le montant des \u00e9quipements et de la main-d&rsquo;\u0153uvre.<\/p>\n<h2>Service d&rsquo;assistance pour votre chauffage \u00e0 Gland<\/h2>\n<p>Veillez \u00e0 faire l&rsquo;entretien de votre chauffage chaque ann\u00e9e, qu&rsquo;il soit au fioul ou au gaz. Faire appel \u00e0 un chauffagiste pour l&rsquo;entretien de votre chauffage offre la possibilit\u00e9 de contr\u00f4ler les \u00e9missions de monoxyde de carbone. Il est important de savoir, si votre chauffage fabrique trop de monoxyde de carbone, il est probable d&rsquo;intoxiquer les membres de votre famille. Le chauffagiste qui se rend chez vous r\u00e8gle et contr\u00f4le les \u00e9missions de monoxyde de carbone dans le but de vous emp\u00eacher d\u2019avoir des potentiels probl\u00e8mes de sant\u00e9.<\/p>\n<h2>Programme d&rsquo;entretien pour votre chauffage \u00e0 Gland<\/h2>\n<p>Artisanlocal propose des forfaits de maintenance pour votre chauffage afin d&rsquo;en assurer le fonctionnement optimal. En r\u00e9alisant une maintenance r\u00e9guli\u00e8re, vous r\u00e9alisez des \u00e9conomies sur le long terme.<\/p>\n<p>Par ailleurs, si vous avez un probl\u00e8me avec votre chauffage, votre assureur r\u00e9clame le contrat de maintenance dans le but de contr\u00f4ler l\u2019\u00e9tat de votre chauffage pr\u00e9alablement au sinistre. Notre soci\u00e9t\u00e9 offre des contrats de maintenance pluriannuels ou annuels.<\/p>\n<h2>Quels sont les b\u00e9n\u00e9fices de signer un contrat d\u2019entretien pour votre chauffage ?<\/h2>\n<p>Si vous avez une pi\u00e8ce qui est d\u00e9fectueuse, nous la rempla\u00e7ons en urgence, nous prenons l&rsquo;engagement de contr\u00f4ler l&rsquo;ensemble de votre syst\u00e8me de chauffage, comme :<\/p>\n<ul>\n<li>Les niveaux de pression dans vos conduits,<\/li>\n<li>le nettoyage des conduits de raccordement, et des parties chauffantes.<\/li>\n<\/ul>\n<h2>Quels sont les diff\u00e9rents services propos\u00e9s par votre soci\u00e9t\u00e9 ?<\/h2>\n<p>Nos techniciens interviennent dans votre appartement, pour :<\/p>\n<ul>\n<li>le d\u00e9tartrage et le d\u00e9sembouage de radiateur,<\/li>\n<li>la purge de l&rsquo;air de vos radiateurs,<\/li>\n<li>l\u2019entretien de votre chauffage, chaudi\u00e8re et chauffe-eau,<\/li>\n<li>l&rsquo;ajustement des thermostats,<\/li>\n<li>l&rsquo;entretien chaudi\u00e8res \u00e0 condensation, \u00e0 gaz, \u00e0 accumulation, \u00e0 fioul, \u00e9lectriques et basses temp\u00e9ratures,<\/li>\n<li>la r\u00e9paration de la vanne de vidange,<\/li>\n<li>le d\u00e9pannage et la r\u00e9paration sur tous types de probl\u00e8mes techniques : de votre chaudi\u00e8re, fuite de canalisation, radiateur qui ne chauffe plus, etc.<\/li>\n<li>la mise en place de : radiateur \u00e9lectrique, pompe \u00e0 chaleur, plancher chauffant, chaudi\u00e8re, chauffage, etc.<\/li>\n<\/ul>\n<h2>Foire aux questions<\/h2>\n<h3>Pourquoi embaucher un chauffagiste Glandois ?<\/h3>\n<p>Am\u00e9liorer votre confort : un chauffage performant permet de maintenir une temp\u00e9rature constante dans votre int\u00e9rieur.<\/p>\n<p>\u00c9conomiser de l&rsquo;argent : en s\u00e9lectionnant des mat\u00e9riaux de qualit\u00e9, pour le chauffage et l&rsquo;isolation, vous r\u00e9alisez des \u00e9conomies et diminuer vos \u00e9missions de CO2.<\/p>\n<p>Prot\u00e9ger la s\u00fbret\u00e9 de votre chauffage : un bon syst\u00e8me de chauffage permet de r\u00e9pondre aux r\u00e8gles de fiabilit\u00e9 en vigueur (par exemple, pour diminuer les taux de monoxyde de carbone).<\/p>\n<p>\u00c9viter les probl\u00e8mes : un expert peut anticiper les d\u00e9g\u00e2ts des eaux, juste en observant vos installations.<\/p>\n<h3>Quels sont les \u00e9l\u00e9ments \u00e0 prendre en compte pour s\u00e9lectionner le bon chauffagiste \u00e0 Gland ?<\/h3>\n<p>Les comp\u00e9tences : v\u00e9rifiez les comp\u00e9tences avant de choisir la soci\u00e9t\u00e9 de chauffage.<\/p>\n<p>Les avis clients : prenez le temps de consulter les t\u00e9moignages des anciens clients ayant d\u00e9j\u00e0 travaill\u00e9 avec les soci\u00e9t\u00e9s.<\/p>\n<p>Les garanties : v\u00e9rifiez que les techniciens chauffagistes sont assur\u00e9s en cas de d\u00e9g\u00e2ts.<\/p>\n<h3>Quelle est votre vitesse d&rsquo;action \u00e0 Gland ?<\/h3>\n<p>Si vous avez un incident qui demande une intervention en urgence, nous pouvons intervenir dans un d\u00e9lai de 2 heures, s&rsquo;il n&rsquo;y a pas d&rsquo;urgence concernant votre demande, nous op\u00e9rons en g\u00e9n\u00e9ral au cours de la journ\u00e9e.<\/p>\n<h3>Intervenez-vous \u00e0 Gland et aux alentours ?<\/h3>\n<p>En effet, nous effectuons nos interventions \u00e0 Gland et dans les communes aux environs, telles que : Prangins, Nyon, Le Vaud, Eysins, Crassier, St-Cergue, La Cure, Duillier, Coinsins, Vich, Begnins, Bassins, Tr\u00e9lex, Givrins, Genolier, Arzier-Le Muids, Grens, Signy, Ch\u00e9serex, Gingins, Arnex-sur-Nyon, Borex, La Rippe, Crans VD.<\/p>\n","protected":false},"excerpt":{"rendered":"<p>Vous recherchez un expert en chauffage \u00e0 Gland ? Dans le cas o\u00f9 vous seriez un Glandois, Artisanlocal s&rsquo;occupe de la r\u00e9paration et de l&rsquo;installation de votre syst\u00e8me de chauffage. En optant de travailler avec notre entreprise, vous b\u00e9n\u00e9ficiez : de tarif clair, de prestations haut de gamme, d&rsquo;assistance \u00e0 Gland et dans les environs, [&hellip;]<\/p>\n","protected":false},"author":4,"featured_media":2757,"parent":0,"menu_order":0,"comment_status":"closed","ping_status":"closed","template":"","meta":{"footnotes":""},"profession":[120],"location":[19],"canton":[113],"class_list":["post-677","page","type-page","status-publish","has-post-thumbnail","hentry","profession-chauffagiste","location-gland","canton-vd"],"yoast_head":"<!-- This site is optimized with the Yoast SEO Premium plugin v25.7.1 (Yoast SEO v27.3) - https:\/\/yoast.com\/product\/yoast-seo-premium-wordpress\/ -->\n<title>Vous avez besoin d&#039;un d\u00e9pannage en urgence de votre chauffage \u00e0 Gland ? - Artisanlocal<\/title>\n<meta name=\"robots\" content=\"index, follow, max-snippet:-1, max-image-preview:large, max-video-preview:-1\" \/>\n<link rel=\"canonical\" href=\"https:\/\/www.artisanlocal.ch\/c\/vous-avez-besoin-dun-depannage-en-urgence-de-votre-chauffage-a-gland\/\" \/>\n<meta property=\"og:locale\" content=\"fr_FR\" \/>\n<meta property=\"og:type\" content=\"article\" \/>\n<meta property=\"og:title\" content=\"Vous avez besoin d&#039;un d\u00e9pannage en urgence de votre chauffage \u00e0 Gland ?\" \/>\n<meta property=\"og:description\" content=\"Vous recherchez un expert en chauffage \u00e0 Gland ? Dans le cas o\u00f9 vous seriez un Glandois, Artisanlocal s&rsquo;occupe de la r\u00e9paration et de l&rsquo;installation de votre syst\u00e8me de chauffage. En optant de travailler avec notre entreprise, vous b\u00e9n\u00e9ficiez : de tarif clair, de prestations haut de gamme, d&rsquo;assistance \u00e0 Gland et dans les environs, [&hellip;]\" \/>\n<meta property=\"og:url\" content=\"https:\/\/www.artisanlocal.ch\/c\/vous-avez-besoin-dun-depannage-en-urgence-de-votre-chauffage-a-gland\/\" \/>\n<meta property=\"og:site_name\" content=\"Artisanlocal\" \/>\n<meta property=\"article:modified_time\" content=\"2025-08-26T17:29:59+00:00\" \/>\n<meta property=\"og:image\" content=\"https:\/\/www.artisanlocal.ch\/c\/wp-content\/uploads\/2024\/10\/chauffagiste.jpg\" \/>\n\t<meta property=\"og:image:width\" content=\"1920\" \/>\n\t<meta property=\"og:image:height\" content=\"300\" \/>\n\t<meta property=\"og:image:type\" content=\"image\/jpeg\" \/>\n<meta name=\"twitter:card\" content=\"summary_large_image\" \/>\n<meta name=\"twitter:label1\" content=\"Dur\u00e9e de lecture estim\u00e9e\" \/>\n\t<meta name=\"twitter:data1\" content=\"6 minutes\" \/>\n<script type=\"application\/ld+json\" class=\"yoast-schema-graph\">{\"@context\":\"https:\\\/\\\/schema.org\",\"@graph\":[{\"@type\":\"WebPage\",\"@id\":\"https:\\\/\\\/www.artisanlocal.ch\\\/c\\\/vous-avez-besoin-dun-depannage-en-urgence-de-votre-chauffage-a-gland\\\/\",\"url\":\"https:\\\/\\\/www.artisanlocal.ch\\\/c\\\/vous-avez-besoin-dun-depannage-en-urgence-de-votre-chauffage-a-gland\\\/\",\"name\":\"Vous avez besoin d'un d\u00e9pannage en urgence de votre chauffage \u00e0 Gland ? - Artisanlocal\",\"isPartOf\":{\"@id\":\"https:\\\/\\\/www.artisanlocal.ch\\\/c\\\/#website\"},\"primaryImageOfPage\":{\"@id\":\"https:\\\/\\\/www.artisanlocal.ch\\\/c\\\/vous-avez-besoin-dun-depannage-en-urgence-de-votre-chauffage-a-gland\\\/#primaryimage\"},\"image\":{\"@id\":\"https:\\\/\\\/www.artisanlocal.ch\\\/c\\\/vous-avez-besoin-dun-depannage-en-urgence-de-votre-chauffage-a-gland\\\/#primaryimage\"},\"thumbnailUrl\":\"https:\\\/\\\/www.artisanlocal.ch\\\/c\\\/wp-content\\\/uploads\\\/2024\\\/10\\\/chauffagiste.jpg\",\"datePublished\":\"2024-04-19T10:13:53+00:00\",\"dateModified\":\"2025-08-26T17:29:59+00:00\",\"breadcrumb\":{\"@id\":\"https:\\\/\\\/www.artisanlocal.ch\\\/c\\\/vous-avez-besoin-dun-depannage-en-urgence-de-votre-chauffage-a-gland\\\/#breadcrumb\"},\"inLanguage\":\"fr-FR\",\"potentialAction\":[{\"@type\":\"ReadAction\",\"target\":[\"https:\\\/\\\/www.artisanlocal.ch\\\/c\\\/vous-avez-besoin-dun-depannage-en-urgence-de-votre-chauffage-a-gland\\\/\"]}]},{\"@type\":\"ImageObject\",\"inLanguage\":\"fr-FR\",\"@id\":\"https:\\\/\\\/www.artisanlocal.ch\\\/c\\\/vous-avez-besoin-dun-depannage-en-urgence-de-votre-chauffage-a-gland\\\/#primaryimage\",\"url\":\"https:\\\/\\\/www.artisanlocal.ch\\\/c\\\/wp-content\\\/uploads\\\/2024\\\/10\\\/chauffagiste.jpg\",\"contentUrl\":\"https:\\\/\\\/www.artisanlocal.ch\\\/c\\\/wp-content\\\/uploads\\\/2024\\\/10\\\/chauffagiste.jpg\",\"width\":1920,\"height\":300},{\"@type\":\"BreadcrumbList\",\"@id\":\"https:\\\/\\\/www.artisanlocal.ch\\\/c\\\/vous-avez-besoin-dun-depannage-en-urgence-de-votre-chauffage-a-gland\\\/#breadcrumb\",\"itemListElement\":[{\"@type\":\"ListItem\",\"position\":1,\"name\":\"Accueil\",\"item\":\"https:\\\/\\\/www.artisanlocal.ch\\\/c\\\/\"},{\"@type\":\"ListItem\",\"position\":2,\"name\":\"Vous avez besoin d&rsquo;un d\u00e9pannage en urgence de votre chauffage \u00e0 Gland ?\"}]},{\"@type\":\"WebSite\",\"@id\":\"https:\\\/\\\/www.artisanlocal.ch\\\/c\\\/#website\",\"url\":\"https:\\\/\\\/www.artisanlocal.ch\\\/c\\\/\",\"name\":\"Artisanlocal\",\"description\":\"\",\"publisher\":{\"@id\":\"https:\\\/\\\/www.artisanlocal.ch\\\/c\\\/#organization\"},\"potentialAction\":[{\"@type\":\"SearchAction\",\"target\":{\"@type\":\"EntryPoint\",\"urlTemplate\":\"https:\\\/\\\/www.artisanlocal.ch\\\/c\\\/?s={search_term_string}\"},\"query-input\":{\"@type\":\"PropertyValueSpecification\",\"valueRequired\":true,\"valueName\":\"search_term_string\"}}],\"inLanguage\":\"fr-FR\"},{\"@type\":\"Organization\",\"@id\":\"https:\\\/\\\/www.artisanlocal.ch\\\/c\\\/#organization\",\"name\":\"Artisanlocal\",\"url\":\"https:\\\/\\\/www.artisanlocal.ch\\\/c\\\/\",\"logo\":{\"@type\":\"ImageObject\",\"inLanguage\":\"fr-FR\",\"@id\":\"https:\\\/\\\/www.artisanlocal.ch\\\/c\\\/#\\\/schema\\\/logo\\\/image\\\/\",\"url\":\"https:\\\/\\\/www.artisanlocal.ch\\\/c\\\/wp-content\\\/uploads\\\/2024\\\/02\\\/logo-artisanlocal-h.svg\",\"contentUrl\":\"https:\\\/\\\/www.artisanlocal.ch\\\/c\\\/wp-content\\\/uploads\\\/2024\\\/02\\\/logo-artisanlocal-h.svg\",\"caption\":\"Artisanlocal\"},\"image\":{\"@id\":\"https:\\\/\\\/www.artisanlocal.ch\\\/c\\\/#\\\/schema\\\/logo\\\/image\\\/\"}}]}<\/script>\n<!-- \/ Yoast SEO Premium plugin. -->","yoast_head_json":{"title":"Vous avez besoin d'un d\u00e9pannage en urgence de votre chauffage \u00e0 Gland ? - Artisanlocal","robots":{"index":"index","follow":"follow","max-snippet":"max-snippet:-1","max-image-preview":"max-image-preview:large","max-video-preview":"max-video-preview:-1"},"canonical":"https:\/\/www.artisanlocal.ch\/c\/vous-avez-besoin-dun-depannage-en-urgence-de-votre-chauffage-a-gland\/","og_locale":"fr_FR","og_type":"article","og_title":"Vous avez besoin d'un d\u00e9pannage en urgence de votre chauffage \u00e0 Gland ?","og_description":"Vous recherchez un expert en chauffage \u00e0 Gland ? Dans le cas o\u00f9 vous seriez un Glandois, Artisanlocal s&rsquo;occupe de la r\u00e9paration et de l&rsquo;installation de votre syst\u00e8me de chauffage. En optant de travailler avec notre entreprise, vous b\u00e9n\u00e9ficiez : de tarif clair, de prestations haut de gamme, d&rsquo;assistance \u00e0 Gland et dans les environs, [&hellip;]","og_url":"https:\/\/www.artisanlocal.ch\/c\/vous-avez-besoin-dun-depannage-en-urgence-de-votre-chauffage-a-gland\/","og_site_name":"Artisanlocal","article_modified_time":"2025-08-26T17:29:59+00:00","og_image":[{"width":1920,"height":300,"url":"https:\/\/www.artisanlocal.ch\/c\/wp-content\/uploads\/2024\/10\/chauffagiste.jpg","type":"image\/jpeg"}],"twitter_card":"summary_large_image","twitter_misc":{"Dur\u00e9e de lecture estim\u00e9e":"6 minutes"},"schema":{"@context":"https:\/\/schema.org","@graph":[{"@type":"WebPage","@id":"https:\/\/www.artisanlocal.ch\/c\/vous-avez-besoin-dun-depannage-en-urgence-de-votre-chauffage-a-gland\/","url":"https:\/\/www.artisanlocal.ch\/c\/vous-avez-besoin-dun-depannage-en-urgence-de-votre-chauffage-a-gland\/","name":"Vous avez besoin d'un d\u00e9pannage en urgence de votre chauffage \u00e0 Gland ? - Artisanlocal","isPartOf":{"@id":"https:\/\/www.artisanlocal.ch\/c\/#website"},"primaryImageOfPage":{"@id":"https:\/\/www.artisanlocal.ch\/c\/vous-avez-besoin-dun-depannage-en-urgence-de-votre-chauffage-a-gland\/#primaryimage"},"image":{"@id":"https:\/\/www.artisanlocal.ch\/c\/vous-avez-besoin-dun-depannage-en-urgence-de-votre-chauffage-a-gland\/#primaryimage"},"thumbnailUrl":"https:\/\/www.artisanlocal.ch\/c\/wp-content\/uploads\/2024\/10\/chauffagiste.jpg","datePublished":"2024-04-19T10:13:53+00:00","dateModified":"2025-08-26T17:29:59+00:00","breadcrumb":{"@id":"https:\/\/www.artisanlocal.ch\/c\/vous-avez-besoin-dun-depannage-en-urgence-de-votre-chauffage-a-gland\/#breadcrumb"},"inLanguage":"fr-FR","potentialAction":[{"@type":"ReadAction","target":["https:\/\/www.artisanlocal.ch\/c\/vous-avez-besoin-dun-depannage-en-urgence-de-votre-chauffage-a-gland\/"]}]},{"@type":"ImageObject","inLanguage":"fr-FR","@id":"https:\/\/www.artisanlocal.ch\/c\/vous-avez-besoin-dun-depannage-en-urgence-de-votre-chauffage-a-gland\/#primaryimage","url":"https:\/\/www.artisanlocal.ch\/c\/wp-content\/uploads\/2024\/10\/chauffagiste.jpg","contentUrl":"https:\/\/www.artisanlocal.ch\/c\/wp-content\/uploads\/2024\/10\/chauffagiste.jpg","width":1920,"height":300},{"@type":"BreadcrumbList","@id":"https:\/\/www.artisanlocal.ch\/c\/vous-avez-besoin-dun-depannage-en-urgence-de-votre-chauffage-a-gland\/#breadcrumb","itemListElement":[{"@type":"ListItem","position":1,"name":"Accueil","item":"https:\/\/www.artisanlocal.ch\/c\/"},{"@type":"ListItem","position":2,"name":"Vous avez besoin d&rsquo;un d\u00e9pannage en urgence de votre chauffage \u00e0 Gland ?"}]},{"@type":"WebSite","@id":"https:\/\/www.artisanlocal.ch\/c\/#website","url":"https:\/\/www.artisanlocal.ch\/c\/","name":"Artisanlocal","description":"","publisher":{"@id":"https:\/\/www.artisanlocal.ch\/c\/#organization"},"potentialAction":[{"@type":"SearchAction","target":{"@type":"EntryPoint","urlTemplate":"https:\/\/www.artisanlocal.ch\/c\/?s={search_term_string}"},"query-input":{"@type":"PropertyValueSpecification","valueRequired":true,"valueName":"search_term_string"}}],"inLanguage":"fr-FR"},{"@type":"Organization","@id":"https:\/\/www.artisanlocal.ch\/c\/#organization","name":"Artisanlocal","url":"https:\/\/www.artisanlocal.ch\/c\/","logo":{"@type":"ImageObject","inLanguage":"fr-FR","@id":"https:\/\/www.artisanlocal.ch\/c\/#\/schema\/logo\/image\/","url":"https:\/\/www.artisanlocal.ch\/c\/wp-content\/uploads\/2024\/02\/logo-artisanlocal-h.svg","contentUrl":"https:\/\/www.artisanlocal.ch\/c\/wp-content\/uploads\/2024\/02\/logo-artisanlocal-h.svg","caption":"Artisanlocal"},"image":{"@id":"https:\/\/www.artisanlocal.ch\/c\/#\/schema\/logo\/image\/"}}]}},"_links":{"self":[{"href":"https:\/\/www.artisanlocal.ch\/c\/wp-json\/wp\/v2\/pages\/677","targetHints":{"allow":["GET"]}}],"collection":[{"href":"https:\/\/www.artisanlocal.ch\/c\/wp-json\/wp\/v2\/pages"}],"about":[{"href":"https:\/\/www.artisanlocal.ch\/c\/wp-json\/wp\/v2\/types\/page"}],"author":[{"embeddable":true,"href":"https:\/\/www.artisanlocal.ch\/c\/wp-json\/wp\/v2\/users\/4"}],"replies":[{"embeddable":true,"href":"https:\/\/www.artisanlocal.ch\/c\/wp-json\/wp\/v2\/comments?post=677"}],"version-history":[{"count":0,"href":"https:\/\/www.artisanlocal.ch\/c\/wp-json\/wp\/v2\/pages\/677\/revisions"}],"wp:featuredmedia":[{"embeddable":true,"href":"https:\/\/www.artisanlocal.ch\/c\/wp-json\/wp\/v2\/media\/2757"}],"wp:attachment":[{"href":"https:\/\/www.artisanlocal.ch\/c\/wp-json\/wp\/v2\/media?parent=677"}],"wp:term":[{"taxonomy":"profession","embeddable":true,"href":"https:\/\/www.artisanlocal.ch\/c\/wp-json\/wp\/v2\/profession?post=677"},{"taxonomy":"location","embeddable":true,"href":"https:\/\/www.artisanlocal.ch\/c\/wp-json\/wp\/v2\/location?post=677"},{"taxonomy":"canton","embeddable":true,"href":"https:\/\/www.artisanlocal.ch\/c\/wp-json\/wp\/v2\/canton?post=677"}],"curies":[{"name":"wp","href":"https:\/\/api.w.org\/{rel}","templated":true}]}}