{"id":678,"date":"2024-04-19T12:55:45","date_gmt":"2024-04-19T10:55:45","guid":{"rendered":"https:\/\/www.artisanlocal.ch\/c\/chauffagiste-a-chavornay\/"},"modified":"2025-08-26T19:29:54","modified_gmt":"2025-08-26T17:29:54","slug":"chauffagiste-a-chavornay","status":"publish","type":"page","link":"https:\/\/www.artisanlocal.ch\/c\/chauffagiste-a-chavornay\/","title":{"rendered":"Chauffagiste \u00e0 Chavornay ?"},"content":{"rendered":"<p>Besoin d&rsquo;assistance pour r\u00e9parer votre chauffage ? ? Dans le cas o\u00f9 vous seriez un Chavornaysan, Artisanlocal s&rsquo;occupe de l&rsquo;installation et de la r\u00e9paration de votre chauffage. En travaillant avec notre entreprise, vous profitez :<\/p>\n<ul>\n<li>de tarif transparent,<\/li>\n<li>de services de qualit\u00e9,<\/li>\n<li>d&rsquo;intervention \u00e0 Chavornay et dans les environs,<\/li>\n<li>d&rsquo;un personnel qualifi\u00e9 et avec de l&rsquo;exp\u00e9rience,<\/li>\n<li>de devis gratuits,<\/li>\n<li>d&rsquo;une \u00e9quipe accessible du lundi au samedi.<\/li>\n<\/ul>\n\r\n<div class=\"box\">\r\n    <h2 class=\"text-dark\">Nous cherchons un <em class=\"text-primary\">Chauffagiste<\/em> dans la r\u00e9gion de <em class=\"text-primary\">Chavornay<\/em>  en exclusivit\u00e9, afin de proposer vos services \u00e0 nos clients propri\u00e9taires.<\/h2>\r\n    <p>Une opportunit\u00e9 unique pour booster votre activit\u00e9 \u00e0 <strong>Chavornay<\/strong> et aux alentours dans votre domaine (Chauffagiste).<\/p>\r\n    <p>Nous travaillons en exclusivit\u00e9 avec qu'une soci\u00e9t\u00e9 par m\u00e9tier et par r\u00e9gion. <br>Votre entreprise est pr\u00e9sente sur tous les documents immobiliers. Afin d'\u00eatre mieux vu sur le net, vous \u00eates \u00e9galement visible sur nos deux sites et sur les pages de r\u00e9f\u00e9rencement de votre r\u00e9gion.<\/p>\r\n    <a href=\"\/contact\" class=\"wp-block-button__link has-accent-background-color has-text-align-center wp-element-button\">R\u00e9server<\/a>\r\n<\/div>\n<h2>Pourquoi choisir notre entreprise ?<\/h2>\n<p>Estimation instantan\u00e9e de vos travaux : une fois que nous recevons votre demande de contact, notre technicien \u00e0 Chavornay vous contacte dans la journ\u00e9e.<\/p>\n<p>D\u00e9placement de notre technicien chez vous : notre technicien Chavornaysan vient chez vous le jour m\u00eame pour estimer le montant de votre chantier et v\u00e9rifier la viabilit\u00e9 de votre projet. Vous obtiendrez un devis et vous pouvez nous poser toutes vos questions.<\/p>\n<p>Mise en place de votre chauffage en 24\/48 heures : une fois que vous avez valid\u00e9 le devis avec notre expert \u00e0 Chavornay. Nous fixerons le jour de notre intervention ensemble.<\/p>\n<p>D\u00e9pannage et entretien : en cas de panne de votre chaudi\u00e8re, chauffe-eau ou syst\u00e8me de chauffage. Notre \u00e9quipe de chauffagistes est joignable pour intervenir \u00e0 Chavornay et aussi dans les municipalit\u00e9s \u00e0 proximit\u00e9.<\/p>\n<h2>Pourquoi la maintenance du chauffage est importante ?<\/h2>\n<p>Garantir le fonctionnement optimal de votre chauffage est essentiel, si vous avez des jeunes enfants. Notre \u00e9quipe vous aide \u00e0 d\u00e9finir la bonne temp\u00e9rature et v\u00e9rifie la concentration de monoxyde de carbone cr\u00e9\u00e9 par votre syst\u00e8me de chauffage. Quel que soit le type de votre syst\u00e8me de chauffage, nos chauffagistes garantissent la maintenance et l&rsquo;entretien, de votre \u00e9quipement de chauffage : basse temp\u00e9rature, fioul, gaz, condensation, \u00e9lectrique ou \u00e0 accumulation.<\/p>\n<h2>Pouvez-vous me d\u00e9panner \u00e0 distance ?<\/h2>\n<p>Oui, nous sommes en mesure de vous d\u00e9panner par t\u00e9l\u00e9phone. En nous d\u00e9crivant votre probl\u00e9matique par mail ou t\u00e9l\u00e9phone, nous trouverons la bonne solution pour r\u00e9soudre votre probl\u00e8me. Il faut garder en t\u00eate que dans la majorit\u00e9 des cas, un chauffagiste doit se d\u00e9placer chez vous pour identifier et r\u00e9parer le probl\u00e8me.<\/p>\n<h2>De quelle mani\u00e8re fonctionne Artisanlocal ?<\/h2>\n<ol>\n<li>Premi\u00e8re prise de contact : il est n\u00e9cessaire que vous preniez contact avec nous par t\u00e9l\u00e9phone ou par e-mail.<\/li>\n<li>D\u00e9placement : un de nos techniciens intervient \u00e0 votre domicile.<\/li>\n<li>\u00c9valuation : on analysera la taille de vos pi\u00e8ces, l&rsquo;isolation et l&rsquo;\u00e9quipement actuel pour estimer et d\u00e9terminer la solution id\u00e9ale.<\/li>\n<li>Avis : une proposition vous sera faite en fonction de vos moyens et de vos demandes.<\/li>\n<li>Devis : nous vous offrons un devis pr\u00e9cis avec les diff\u00e9rents co\u00fbts.<\/li>\n<li>Pose : apr\u00e8s avoir accept\u00e9 notre estimation et en fonction de vos disponibilit\u00e9s, nous mettons en place votre syst\u00e8me de chauffage, et ajustons votre thermostat.<\/li>\n<\/ol>\n<h2>Quels sont les meilleurs types de chauffages pour votre propri\u00e9t\u00e9 ?<\/h2>\n<p>Notre expert chauffagiste vous oriente pour choisir la meilleure solution, il vous donne des conseils sur mesure, comme les syst\u00e8mes de chauffages : \u00e0 gaz, \u00e9lectriques, fioul, classiques, basses temp\u00e9ratures ou \u00e0 condensation.<\/p>\n<p>Les \u00e9quipements de chauffages \u00e0 basse temp\u00e9rature ou \u00e0 condensation, malgr\u00e9 un prix d&rsquo;achat plus important, ils permettent de faire des \u00e9conomies sur le long terme.<\/p>\n<p>Avant la mise en place de votre chauffage, il faut choisir le bon thermostat. Le technicien chauffagiste qui vient chez vous a une grande exp\u00e9rience. Vous retrouverez dans notre estimation les d\u00e9tails de notre intervention.<\/p>\n<h2>Maintenance de votre chauffage \u00e0 Chavornay<\/h2>\n<p>Assurez-vous de r\u00e9aliser l&rsquo;entretien de votre chauffage chaque ann\u00e9e, qu&rsquo;il soit au fioul ou au gaz. La maintenance de votre syst\u00e8me de chauffage offre la possibilit\u00e9 de contr\u00f4ler le taux de monoxyde de carbone qui se d\u00e9gage. Il est important de savoir, si votre chauffage fabrique excessivement de monoxyde de carbone, il est possible d&rsquo;intoxiquer les membres de votre foyer. Lors de notre intervention, l&rsquo;expert r\u00e8gle et v\u00e9rifie les taux de monoxyde de carbone de votre syst\u00e8me de chauffage afin de vous \u00e9viter d&rsquo;avoir des soucis de sant\u00e9.<\/p>\n<h2>Contrat de r\u00e9vision pour votre syst\u00e8me de chauffage \u00e0 Chavornay<\/h2>\n<p>Notre soci\u00e9t\u00e9 propose des contrats d&rsquo;entretiens pour votre chauffage dans le but d&rsquo;en garantir le fonctionnement optimal. En faisant un entretien r\u00e9gulier, vous \u00e9conomisez de l&rsquo;argent sur le long terme.<\/p>\n<p>De plus, si vous avez un sinistre, votre assureur demande le contrat d&rsquo;entretien dans le but de v\u00e9rifier l\u2019\u00e9tat de votre chauffage pr\u00e9alablement au sinistre. Notre entreprise propose des contrats de maintenance pluriannuels ou annuels.<\/p>\n<h2>Pourquoi souscrire \u00e0 un contrat de maintenance pour votre chauffage ?<\/h2>\n<p>Si vous avez une pi\u00e8ce qui est d\u00e9fectueuse, nous la changeons en urgence, nous prenons l&rsquo;engagement de v\u00e9rifier tout votre syst\u00e8me de chauffage, comme :<\/p>\n<ul>\n<li>Les niveaux de pression dans vos tuyaux,<\/li>\n<li>et r\u00e9alisons-le nettoyage de votre br\u00fbleur, des tuyaux de liaison et des divers \u00e9l\u00e9ments chauffants.<\/li>\n<\/ul>\n<h2>Quelles sont les diff\u00e9rentes prestations propos\u00e9es par votre entreprise ?<\/h2>\n<p>Nos techniciens se d\u00e9placent \u00e0 votre domicile, pour effectuer :<\/p>\n<ul>\n<li>le d\u00e9tartrage et le d\u00e9sembouage de radiateur,<\/li>\n<li>la purge de l&rsquo;air de vos radiateurs,<\/li>\n<li>l\u2019entretien des chauffe-eau et des chaudi\u00e8res,<\/li>\n<li>l&rsquo;ajustement des thermostats,<\/li>\n<li>l&rsquo;entretien des chaudi\u00e8res \u00e0 condensation, basses temp\u00e9ratures, \u00e0 gaz, \u00e0 fioul, \u00e0 accumulation et \u00e9lectriques,<\/li>\n<li>la remise en \u00e9tat de la vanne de purge,<\/li>\n<li>l&rsquo;intervention et la remise en \u00e9tat : de votre chaudi\u00e8re, radiateur qui ne chauffe plus, fuite de canalisation, etc.<\/li>\n<li>la mise en place de votre : radiateur \u00e9lectrique, pompe \u00e0 chaleur, plancher chauffant, chaudi\u00e8re, chauffage, etc.<\/li>\n<\/ul>\n<h2>R\u00e9ponses aux questions fr\u00e9quentes<\/h2>\n<h3>Pourquoi avoir recours \u00e0 un chauffagiste Chavornaysan ?<\/h3>\n<p>Renforcer la temp\u00e9rature ambiante de vos pi\u00e8ces : un chauffage performant permet de conserver une temp\u00e9rature fixe dans votre habitation.<\/p>\n<p>\u00c9conomiser de l&rsquo;argent : en achetant des \u00e9quipements de qualit\u00e9 sup\u00e9rieure, par exemple l&rsquo;isolation et le chauffage, vous baissez vos \u00e9missions de CO2 et vous faites des \u00e9conomies.<\/p>\n<p>Garantir la s\u00e9curit\u00e9 de votre syst\u00e8me de chauffage : respecter les normes de s\u00fbret\u00e9 maintient votre chauffage s\u00fbr et performant (exemple, pour limiter le taux de monoxyde de carbone).<\/p>\n<p>Pr\u00e9voir les probl\u00e8mes : en regardant votre chauffage, un de nos techniciens peut anticiper les futurs probl\u00e8mes.<\/p>\n<h3>Quels sont les crit\u00e8res \u00e0 prendre en compte pour s\u00e9lectionner le bon chauffagiste \u00e0 Chavornay ?<\/h3>\n<p>La qualification : v\u00e9rifiez les certifications certifiant que l\u2019entreprise \u00e0 un v\u00e9ritable savoir-faire dans son secteur.<\/p>\n<p>Les avis clients : prenez le temps de consulter les avis des anciens clients ayant d\u00e9j\u00e0 travaill\u00e9 avec les soci\u00e9t\u00e9s.<\/p>\n<p>Les garanties : v\u00e9rifiez que les experts sont assur\u00e9s en cas de dommages.<\/p>\n<h3>Quelle est votre rapidit\u00e9 d&rsquo;action \u00e0 Chavornay ?<\/h3>\n<p>Nous op\u00e9rons \u00e0 votre domicile dans un d\u00e9lai de deux heures (pour les demandes urgentes) autrement, nous pouvons intervenir dans la journ\u00e9e.<\/p>\n<h3>Votre soci\u00e9t\u00e9 est disponible pour op\u00e9rer \u00e0 Chavornay, mais \u00e9galement dans les localit\u00e9s aux alentours ?<\/h3>\n<p>En effet, nous effectuons nos interventions \u00e0 Chavornay et dans les communes aux alentours, comme : La Praz, Arnex-sur-Orbe, Croy, Romainm\u00f4tier, Premier, Vaulion, Juriens, Bretonni\u00e8res, Vallorbe, Ballaigues, Orbe, Agiez, Bofflens, Montcherand, L'Abergement, Sergey, La Russille, Les Cl\u00e9es, Lignerolle, Valeyres-sous-Rances, Bavois, Corcelles-sur-Chavornay, Rances, Baulmes.<\/p>\n","protected":false},"excerpt":{"rendered":"<p>Besoin d&rsquo;assistance pour r\u00e9parer votre chauffage ? ? Dans le cas o\u00f9 vous seriez un Chavornaysan, Artisanlocal s&rsquo;occupe de l&rsquo;installation et de la r\u00e9paration de votre chauffage. En travaillant avec notre entreprise, vous profitez : de tarif transparent, de services de qualit\u00e9, d&rsquo;intervention \u00e0 Chavornay et dans les environs, d&rsquo;un personnel qualifi\u00e9 et avec de [&hellip;]<\/p>\n","protected":false},"author":4,"featured_media":2757,"parent":0,"menu_order":0,"comment_status":"closed","ping_status":"closed","template":"","meta":{"footnotes":""},"profession":[120],"location":[86],"canton":[113],"class_list":["post-678","page","type-page","status-publish","has-post-thumbnail","hentry","profession-chauffagiste","location-chavornay","canton-vd"],"yoast_head":"<!-- This site is optimized with the Yoast SEO Premium plugin v25.7.1 (Yoast SEO v27.3) - https:\/\/yoast.com\/product\/yoast-seo-premium-wordpress\/ -->\n<title>Chauffagiste \u00e0 Chavornay ? - Artisanlocal<\/title>\n<meta name=\"robots\" content=\"index, follow, max-snippet:-1, max-image-preview:large, max-video-preview:-1\" \/>\n<link rel=\"canonical\" href=\"https:\/\/www.artisanlocal.ch\/c\/chauffagiste-a-chavornay\/\" \/>\n<meta property=\"og:locale\" content=\"fr_FR\" \/>\n<meta property=\"og:type\" content=\"article\" \/>\n<meta property=\"og:title\" content=\"Chauffagiste \u00e0 Chavornay ?\" \/>\n<meta property=\"og:description\" content=\"Besoin d&rsquo;assistance pour r\u00e9parer votre chauffage ? ? Dans le cas o\u00f9 vous seriez un Chavornaysan, Artisanlocal s&rsquo;occupe de l&rsquo;installation et de la r\u00e9paration de votre chauffage. En travaillant avec notre entreprise, vous profitez : de tarif transparent, de services de qualit\u00e9, d&rsquo;intervention \u00e0 Chavornay et dans les environs, d&rsquo;un personnel qualifi\u00e9 et avec de [&hellip;]\" \/>\n<meta property=\"og:url\" content=\"https:\/\/www.artisanlocal.ch\/c\/chauffagiste-a-chavornay\/\" \/>\n<meta property=\"og:site_name\" content=\"Artisanlocal\" \/>\n<meta property=\"article:modified_time\" content=\"2025-08-26T17:29:54+00:00\" \/>\n<meta property=\"og:image\" content=\"https:\/\/www.artisanlocal.ch\/c\/wp-content\/uploads\/2024\/10\/chauffagiste.jpg\" \/>\n\t<meta property=\"og:image:width\" content=\"1920\" \/>\n\t<meta property=\"og:image:height\" content=\"300\" \/>\n\t<meta property=\"og:image:type\" content=\"image\/jpeg\" \/>\n<meta name=\"twitter:card\" content=\"summary_large_image\" \/>\n<meta name=\"twitter:label1\" content=\"Dur\u00e9e de lecture estim\u00e9e\" \/>\n\t<meta name=\"twitter:data1\" content=\"6 minutes\" \/>\n<script type=\"application\/ld+json\" class=\"yoast-schema-graph\">{\"@context\":\"https:\\\/\\\/schema.org\",\"@graph\":[{\"@type\":\"WebPage\",\"@id\":\"https:\\\/\\\/www.artisanlocal.ch\\\/c\\\/chauffagiste-a-chavornay\\\/\",\"url\":\"https:\\\/\\\/www.artisanlocal.ch\\\/c\\\/chauffagiste-a-chavornay\\\/\",\"name\":\"Chauffagiste \u00e0 Chavornay ? - Artisanlocal\",\"isPartOf\":{\"@id\":\"https:\\\/\\\/www.artisanlocal.ch\\\/c\\\/#website\"},\"primaryImageOfPage\":{\"@id\":\"https:\\\/\\\/www.artisanlocal.ch\\\/c\\\/chauffagiste-a-chavornay\\\/#primaryimage\"},\"image\":{\"@id\":\"https:\\\/\\\/www.artisanlocal.ch\\\/c\\\/chauffagiste-a-chavornay\\\/#primaryimage\"},\"thumbnailUrl\":\"https:\\\/\\\/www.artisanlocal.ch\\\/c\\\/wp-content\\\/uploads\\\/2024\\\/10\\\/chauffagiste.jpg\",\"datePublished\":\"2024-04-19T10:55:45+00:00\",\"dateModified\":\"2025-08-26T17:29:54+00:00\",\"breadcrumb\":{\"@id\":\"https:\\\/\\\/www.artisanlocal.ch\\\/c\\\/chauffagiste-a-chavornay\\\/#breadcrumb\"},\"inLanguage\":\"fr-FR\",\"potentialAction\":[{\"@type\":\"ReadAction\",\"target\":[\"https:\\\/\\\/www.artisanlocal.ch\\\/c\\\/chauffagiste-a-chavornay\\\/\"]}]},{\"@type\":\"ImageObject\",\"inLanguage\":\"fr-FR\",\"@id\":\"https:\\\/\\\/www.artisanlocal.ch\\\/c\\\/chauffagiste-a-chavornay\\\/#primaryimage\",\"url\":\"https:\\\/\\\/www.artisanlocal.ch\\\/c\\\/wp-content\\\/uploads\\\/2024\\\/10\\\/chauffagiste.jpg\",\"contentUrl\":\"https:\\\/\\\/www.artisanlocal.ch\\\/c\\\/wp-content\\\/uploads\\\/2024\\\/10\\\/chauffagiste.jpg\",\"width\":1920,\"height\":300},{\"@type\":\"BreadcrumbList\",\"@id\":\"https:\\\/\\\/www.artisanlocal.ch\\\/c\\\/chauffagiste-a-chavornay\\\/#breadcrumb\",\"itemListElement\":[{\"@type\":\"ListItem\",\"position\":1,\"name\":\"Accueil\",\"item\":\"https:\\\/\\\/www.artisanlocal.ch\\\/c\\\/\"},{\"@type\":\"ListItem\",\"position\":2,\"name\":\"Chauffagiste \u00e0 Chavornay ?\"}]},{\"@type\":\"WebSite\",\"@id\":\"https:\\\/\\\/www.artisanlocal.ch\\\/c\\\/#website\",\"url\":\"https:\\\/\\\/www.artisanlocal.ch\\\/c\\\/\",\"name\":\"Artisanlocal\",\"description\":\"\",\"publisher\":{\"@id\":\"https:\\\/\\\/www.artisanlocal.ch\\\/c\\\/#organization\"},\"potentialAction\":[{\"@type\":\"SearchAction\",\"target\":{\"@type\":\"EntryPoint\",\"urlTemplate\":\"https:\\\/\\\/www.artisanlocal.ch\\\/c\\\/?s={search_term_string}\"},\"query-input\":{\"@type\":\"PropertyValueSpecification\",\"valueRequired\":true,\"valueName\":\"search_term_string\"}}],\"inLanguage\":\"fr-FR\"},{\"@type\":\"Organization\",\"@id\":\"https:\\\/\\\/www.artisanlocal.ch\\\/c\\\/#organization\",\"name\":\"Artisanlocal\",\"url\":\"https:\\\/\\\/www.artisanlocal.ch\\\/c\\\/\",\"logo\":{\"@type\":\"ImageObject\",\"inLanguage\":\"fr-FR\",\"@id\":\"https:\\\/\\\/www.artisanlocal.ch\\\/c\\\/#\\\/schema\\\/logo\\\/image\\\/\",\"url\":\"https:\\\/\\\/www.artisanlocal.ch\\\/c\\\/wp-content\\\/uploads\\\/2024\\\/02\\\/logo-artisanlocal-h.svg\",\"contentUrl\":\"https:\\\/\\\/www.artisanlocal.ch\\\/c\\\/wp-content\\\/uploads\\\/2024\\\/02\\\/logo-artisanlocal-h.svg\",\"caption\":\"Artisanlocal\"},\"image\":{\"@id\":\"https:\\\/\\\/www.artisanlocal.ch\\\/c\\\/#\\\/schema\\\/logo\\\/image\\\/\"}}]}<\/script>\n<!-- \/ Yoast SEO Premium plugin. -->","yoast_head_json":{"title":"Chauffagiste \u00e0 Chavornay ? - Artisanlocal","robots":{"index":"index","follow":"follow","max-snippet":"max-snippet:-1","max-image-preview":"max-image-preview:large","max-video-preview":"max-video-preview:-1"},"canonical":"https:\/\/www.artisanlocal.ch\/c\/chauffagiste-a-chavornay\/","og_locale":"fr_FR","og_type":"article","og_title":"Chauffagiste \u00e0 Chavornay ?","og_description":"Besoin d&rsquo;assistance pour r\u00e9parer votre chauffage ? ? Dans le cas o\u00f9 vous seriez un Chavornaysan, Artisanlocal s&rsquo;occupe de l&rsquo;installation et de la r\u00e9paration de votre chauffage. En travaillant avec notre entreprise, vous profitez : de tarif transparent, de services de qualit\u00e9, d&rsquo;intervention \u00e0 Chavornay et dans les environs, d&rsquo;un personnel qualifi\u00e9 et avec de [&hellip;]","og_url":"https:\/\/www.artisanlocal.ch\/c\/chauffagiste-a-chavornay\/","og_site_name":"Artisanlocal","article_modified_time":"2025-08-26T17:29:54+00:00","og_image":[{"width":1920,"height":300,"url":"https:\/\/www.artisanlocal.ch\/c\/wp-content\/uploads\/2024\/10\/chauffagiste.jpg","type":"image\/jpeg"}],"twitter_card":"summary_large_image","twitter_misc":{"Dur\u00e9e de lecture estim\u00e9e":"6 minutes"},"schema":{"@context":"https:\/\/schema.org","@graph":[{"@type":"WebPage","@id":"https:\/\/www.artisanlocal.ch\/c\/chauffagiste-a-chavornay\/","url":"https:\/\/www.artisanlocal.ch\/c\/chauffagiste-a-chavornay\/","name":"Chauffagiste \u00e0 Chavornay ? - Artisanlocal","isPartOf":{"@id":"https:\/\/www.artisanlocal.ch\/c\/#website"},"primaryImageOfPage":{"@id":"https:\/\/www.artisanlocal.ch\/c\/chauffagiste-a-chavornay\/#primaryimage"},"image":{"@id":"https:\/\/www.artisanlocal.ch\/c\/chauffagiste-a-chavornay\/#primaryimage"},"thumbnailUrl":"https:\/\/www.artisanlocal.ch\/c\/wp-content\/uploads\/2024\/10\/chauffagiste.jpg","datePublished":"2024-04-19T10:55:45+00:00","dateModified":"2025-08-26T17:29:54+00:00","breadcrumb":{"@id":"https:\/\/www.artisanlocal.ch\/c\/chauffagiste-a-chavornay\/#breadcrumb"},"inLanguage":"fr-FR","potentialAction":[{"@type":"ReadAction","target":["https:\/\/www.artisanlocal.ch\/c\/chauffagiste-a-chavornay\/"]}]},{"@type":"ImageObject","inLanguage":"fr-FR","@id":"https:\/\/www.artisanlocal.ch\/c\/chauffagiste-a-chavornay\/#primaryimage","url":"https:\/\/www.artisanlocal.ch\/c\/wp-content\/uploads\/2024\/10\/chauffagiste.jpg","contentUrl":"https:\/\/www.artisanlocal.ch\/c\/wp-content\/uploads\/2024\/10\/chauffagiste.jpg","width":1920,"height":300},{"@type":"BreadcrumbList","@id":"https:\/\/www.artisanlocal.ch\/c\/chauffagiste-a-chavornay\/#breadcrumb","itemListElement":[{"@type":"ListItem","position":1,"name":"Accueil","item":"https:\/\/www.artisanlocal.ch\/c\/"},{"@type":"ListItem","position":2,"name":"Chauffagiste \u00e0 Chavornay ?"}]},{"@type":"WebSite","@id":"https:\/\/www.artisanlocal.ch\/c\/#website","url":"https:\/\/www.artisanlocal.ch\/c\/","name":"Artisanlocal","description":"","publisher":{"@id":"https:\/\/www.artisanlocal.ch\/c\/#organization"},"potentialAction":[{"@type":"SearchAction","target":{"@type":"EntryPoint","urlTemplate":"https:\/\/www.artisanlocal.ch\/c\/?s={search_term_string}"},"query-input":{"@type":"PropertyValueSpecification","valueRequired":true,"valueName":"search_term_string"}}],"inLanguage":"fr-FR"},{"@type":"Organization","@id":"https:\/\/www.artisanlocal.ch\/c\/#organization","name":"Artisanlocal","url":"https:\/\/www.artisanlocal.ch\/c\/","logo":{"@type":"ImageObject","inLanguage":"fr-FR","@id":"https:\/\/www.artisanlocal.ch\/c\/#\/schema\/logo\/image\/","url":"https:\/\/www.artisanlocal.ch\/c\/wp-content\/uploads\/2024\/02\/logo-artisanlocal-h.svg","contentUrl":"https:\/\/www.artisanlocal.ch\/c\/wp-content\/uploads\/2024\/02\/logo-artisanlocal-h.svg","caption":"Artisanlocal"},"image":{"@id":"https:\/\/www.artisanlocal.ch\/c\/#\/schema\/logo\/image\/"}}]}},"_links":{"self":[{"href":"https:\/\/www.artisanlocal.ch\/c\/wp-json\/wp\/v2\/pages\/678","targetHints":{"allow":["GET"]}}],"collection":[{"href":"https:\/\/www.artisanlocal.ch\/c\/wp-json\/wp\/v2\/pages"}],"about":[{"href":"https:\/\/www.artisanlocal.ch\/c\/wp-json\/wp\/v2\/types\/page"}],"author":[{"embeddable":true,"href":"https:\/\/www.artisanlocal.ch\/c\/wp-json\/wp\/v2\/users\/4"}],"replies":[{"embeddable":true,"href":"https:\/\/www.artisanlocal.ch\/c\/wp-json\/wp\/v2\/comments?post=678"}],"version-history":[{"count":0,"href":"https:\/\/www.artisanlocal.ch\/c\/wp-json\/wp\/v2\/pages\/678\/revisions"}],"wp:featuredmedia":[{"embeddable":true,"href":"https:\/\/www.artisanlocal.ch\/c\/wp-json\/wp\/v2\/media\/2757"}],"wp:attachment":[{"href":"https:\/\/www.artisanlocal.ch\/c\/wp-json\/wp\/v2\/media?parent=678"}],"wp:term":[{"taxonomy":"profession","embeddable":true,"href":"https:\/\/www.artisanlocal.ch\/c\/wp-json\/wp\/v2\/profession?post=678"},{"taxonomy":"location","embeddable":true,"href":"https:\/\/www.artisanlocal.ch\/c\/wp-json\/wp\/v2\/location?post=678"},{"taxonomy":"canton","embeddable":true,"href":"https:\/\/www.artisanlocal.ch\/c\/wp-json\/wp\/v2\/canton?post=678"}],"curies":[{"name":"wp","href":"https:\/\/api.w.org\/{rel}","templated":true}]}}