{"id":682,"date":"2024-04-19T05:06:49","date_gmt":"2024-04-19T03:06:49","guid":{"rendered":"https:\/\/www.artisanlocal.ch\/c\/besoin-dun-chauffagiste-a-saxon\/"},"modified":"2025-08-27T01:32:14","modified_gmt":"2025-08-26T23:32:14","slug":"besoin-dun-chauffagiste-a-saxon","status":"publish","type":"page","link":"https:\/\/www.artisanlocal.ch\/c\/besoin-dun-chauffagiste-a-saxon\/","title":{"rendered":"Besoin d&rsquo;un chauffagiste \u00e0 Saxon ?"},"content":{"rendered":"<p>Besoin d&rsquo;aide pour votre chauffage ? ? Si vous \u00eates un Saxonain, notre soci\u00e9t\u00e9 assure l&rsquo;installation ainsi que la r\u00e9paration de votre syst\u00e8me de chauffage. En optant de travailler avec notre entreprise, vous b\u00e9n\u00e9ficiez :<\/p>\n<ul>\n<li>de prix transparent,<\/li>\n<li>de services de qualit\u00e9,<\/li>\n<li>de services \u00e0 Saxon et dans les municipalit\u00e9s \u00e0 proximit\u00e9,<\/li>\n<li>d\u2019une \u00e9quipe avec une grande exp\u00e9rience,<\/li>\n<li>d&rsquo;estimations gratuites,<\/li>\n<li>de chauffagistes disponibles du lundi au samedi pour r\u00e9pondre \u00e0 toutes vos interrogations.<\/li>\n<\/ul>\n\r\n<div class=\"box\">\r\n            <div class=\"company-info\">\r\n            <img decoding=\"async\" class=\"company-info__logo\" src=\"https:\/\/www.artisanlocal.ch\/media\/cache\/thumb\/images\/companies\/68ee12ef46336297758106.png\" alt=\"Logo\">\r\n            <h2 class=\"company-info__name\">Valtherm Tech S\u00e0rl<\/h2>\r\n            <p class=\"company-info__business\">Chauffages - Sanitaire - D\u00e9pannage - Bureau d'ing\u00e9nieur - R\u00e9novation - Climatisation<\/p>\r\n        <\/div>\r\n        <div class=\"company-contact\">\r\n            <p class=\"company-info__address\">Rue de B\u00e9vignoux 5<\/p>\r\n                            <div class=\"links\">\r\n                                            <a class=\"btn has-accent-background-color js-phoneNumber\" href=\"tel:0792825438\" title=\"Appelez\" data-id=\"29371\" data-type=\"11\">079 282 54 38<\/a>\r\n                                                                <a class=\"btn has-accent-background-color\" href=\"https:\/\/valtherm-tech.ch\/\" target=\"_blank\" title=\"Voir le site internet\" data-id=\"29371\" data-type=\"20\">Site internet<\/a>\r\n                                    <\/div>\r\n                    <\/div>\r\n    \r\n            \r\n<form action=\"https:\/\/www.artisanlocal.ch\/c\/wp-admin\/admin-ajax.php\" method=\"post\" class=\"form-contact\" id=\"artisan_form_contact_company_inline\">\r\n    <div><input type=\"hidden\" name=\"action\" value=\"company_contact\"><\/div>\r\n    <div><input type=\"hidden\" name=\"nonce\" value=\"c697cd59ce\"><\/div>\r\n    <div><input type=\"hidden\" name=\"company_id\" value=\"29371\"><\/div>\r\n    <div><input type=\"hidden\" name=\"form_id\" value=\"artisan_form_contact_company_inline\"><\/div>\r\n    <div class=\"gglcptch gglcptch_v3 gglcptch_custom\"><input type=\"hidden\" id=\"g-recaptcha-response\" name=\"g-recaptcha-response\" \/><br \/><div class=\"gglcptch_error_text\">La p\u00e9riode de v\u00e9rification reCAPTCHA a expir\u00e9. Veuillez recharger la page.<\/div><\/div>    <div class=\"form-content\">\r\n        <div class=\"form-group\">\r\n            <label for=\"contact_firstName\" class=\"required\">Pr\u00e9nom<\/label>\r\n            <input type=\"text\" name=\"firstName\" class=\"form-control\" required>\r\n        <\/div>\r\n        <div class=\"form-group\">\r\n            <label for=\"contact_lastName\" class=\"required\">Nom<\/label>\r\n            <input type=\"text\" name=\"lastName\" class=\"form-control\" required>\r\n        <\/div>\r\n        <div class=\"form-group\">\r\n            <label for=\"contact_email\" class=\"required\">Email<\/label>\r\n            <input type=\"email\" name=\"email\" class=\"form-control\" required>\r\n        <\/div>\r\n        <div class=\"form-group\">\r\n            <label for=\"contact_phone\" class=\"required\">Num\u00e9ro de t\u00e9l\u00e9phone<\/label>\r\n            <input type=\"tel\" name=\"phone\" class=\"form-control\" placeholder=\"0787117165\" pattern=\"^[0-9]{10}$\" required>\r\n        <\/div>\r\n        <div class=\"form-group\">\r\n            <label for=\"contact_postalCode\" class=\"required\">Code postal et localit\u00e9<\/label>\r\n            <input type=\"text\" name=\"postalCode\" class=\"form-control\" required>\r\n        <\/div>\r\n        <div class=\"form-group\">\r\n            <label for=\"contact_address\" class=\"required\">Adresse<\/label>\r\n            <input type=\"text\" name=\"address\" class=\"form-control\" required>\r\n        <\/div>\r\n        <div class=\"full-width topic\">\r\n            <p class=\"required\">Je souhaite \u00eatre contact\u00e9 pour :<\/p>\r\n            <div class=\"form-check\">\r\n                <input type=\"radio\" name=\"topic\" value=\"D\u00e9pannage\" class=\"form-control\" required>\r\n                <label for=\"d\u00e9pannage\">D\u00e9pannage<\/label>\r\n            <\/div>\r\n            <div class=\"form-check\">\r\n                <input type=\"radio\" name=\"topic\" value=\"Entretien\" class=\"form-control\" required>\r\n                <label for=\"entretien\">Entretien<\/label>\r\n            <\/div>\r\n            <div class=\"form-check\">\r\n                <input type=\"radio\" name=\"topic\" value=\"R\u00e9novation\" class=\"form-control\" required>\r\n                <label for=\"r\u00e9novation\">R\u00e9novation<\/label>\r\n            <\/div>\r\n            <div class=\"form-check\">\r\n                <input type=\"radio\" name=\"topic\" value=\"Autre\" class=\"form-control\" required>\r\n                <label for=\"autre\">Autre<\/label>\r\n            <\/div>\r\n        <\/div>\r\n        <div class=\"form-group full-width\">\r\n            <label for=\"contact_message\">Message<\/label>\r\n            <textarea name=\"message\" rows=\"3\" class=\"form-control\"><\/textarea>\r\n        <\/div>\r\n    <\/div>\r\n    <div class=\"form-actions\">\r\n        <button class=\"wp-block-button__link has-accent-background-color\">Contacter<\/button>\r\n    <\/div>\r\n<\/form>\r\n<div class=\"form-feedback\"><\/div>    <\/div>\n<h2>Pourquoi choisir notre soci\u00e9t\u00e9 ?<\/h2>\n<p>Estimation rapide de votre projet : une fois que nous recevons votre demande de contact, notre sp\u00e9cialiste en chauffage \u00e0 Saxon vous contacte dans la journ\u00e9e.<\/p>\n<p>D\u00e9placement de notre technicien \u00e0 votre domicile : notre chauffagiste Saxonain vient \u00e0 votre domicile le jour m\u00eame afin d&rsquo;estimer le co\u00fbt de vos travaux et v\u00e9rifier la viabilit\u00e9 de votre projet. Par la suite, vous obtenez une \u00e9valuation d\u00e9taill\u00e9e et vous pouvez nous poser vos demandes.<\/p>\n<p>Installation de votre chauffage dans un d\u00e9lai de 24 \u00e0 48 heures : apr\u00e8s validation de notre devis. Nous d\u00e9terminerons le jour de notre intervention avec vous.<\/p>\n<p>Service de d\u00e9pannage et de maintenance : en cas de panne de votre chaudi\u00e8re, chauffe-eau ou syst\u00e8me de chauffage. Notre \u00e9quipe de chauffagistes est joignable pour intervenir \u00e0 Saxon et dans les municipalit\u00e9s \u00e0 proximit\u00e9.<\/p>\n<h2>Pourquoi est-il important de d\u00e9panner votre syst\u00e8me de chauffage ?<\/h2>\n<p>Avoir un chauffage qui fonctionne est important, surtout dans les foyers avec des enfants en bas \u00e2ge. Nos techniciens vous aident \u00e0 ajuster la temp\u00e9rature id\u00e9ale et la concentration de monoxyde de carbone g\u00e9n\u00e9r\u00e9 par votre syst\u00e8me de chauffage. Quel que soit le type de votre syst\u00e8me de chauffage, nos experts garantissent l&rsquo;entretien et la maintenance, de votre \u00e9quipement de chauffage : basse temp\u00e9rature, fioul, gaz, condensation, \u00e9lectrique ou \u00e0 accumulation.<\/p>\n<h2>L&rsquo;entreprise Artisanlocal propose-t-elle une aide t\u00e9l\u00e9phonique ?<\/h2>\n<p>Oui, Artisanlocal peut vous aider \u00e0 distance. En nous expliquant votre probl\u00e8me par mail ou t\u00e9l\u00e9phone, nous trouverons la meilleure solution pour r\u00e9gler votre probl\u00e8me. Il faut garder en t\u00eate que dans la plupart des cas, un chauffagiste doit intervenir chez vous pour d\u00e9tecter et r\u00e9parer le probl\u00e8me.<\/p>\n<h2>De quelle mani\u00e8re fonctionne Artisanlocal ?<\/h2>\n<ol>\n<li>Prise de contact : il est indispensable que vous preniez contact avec nous par e-mail ou par t\u00e9l\u00e9phone.<\/li>\n<li>Intervention : un de nos techniciens se d\u00e9place \u00e0 votre domicile.<\/li>\n<li>Estimation : le technicien estimera votre situation actuelle afin de calculer la surface de votre appartement, le volume de vos pi\u00e8ces et analyser l&rsquo;isolation existante.<\/li>\n<li>Avis : nous vous guiderons pour s\u00e9lectionner le meilleur chauffage pour vous, en prenant compte de la rentabilit\u00e9 et le rendement que vous souhaitez avoir.<\/li>\n<li>Prix : vous obtenez un devis d\u00e9taill\u00e9, vous pr\u00e9sentant les diff\u00e9rentes d\u00e9penses.<\/li>\n<li>Installation : apr\u00e8s avoir accept\u00e9 notre estimation et en fonction de vos disponibilit\u00e9s, nous installons votre syst\u00e8me de chauffage, et ajustons le thermostat.<\/li>\n<\/ol>\n<h2>Quelle est la meilleure solution de chauffage pour un logement ?<\/h2>\n<p>Notre expert chauffagiste vous conseille pour choisir la meilleure option, il vous conseille parmi les chauffages existants, comme les chauffages : \u00e0 condensation, \u00e0 gaz, \u00e9lectriques, fioul, classiques ou encore basses temp\u00e9ratures.<\/p>\n<p>Bien que les chauffages \u00e0 basses temp\u00e9ratures ou \u00e0 condensation co\u00fbtent plus cher \u00e0 l&rsquo;achat, mais ils permettent de faire des \u00e9conomies sur la dur\u00e9e.<\/p>\n<p>De plus, avant la mise en place de votre chauffage, il faut choisir le bon thermostat. Ne vous inqui\u00e9tez pas, le chauffagiste qui se d\u00e9place chez vous a l&rsquo;expertise pour r\u00e9gler tous vos probl\u00e8mes de chauffage. Vous retrouverez dans notre estimation les d\u00e9tails de notre intervention.<\/p>\n<h2>Solution de maintenance de votre chauffage \u00e0 Saxon<\/h2>\n<p>Vous devez r\u00e9aliser l&rsquo;entretien annuel de votre syst\u00e8me de chauffage, qu&rsquo;il soit au fioul ou \u00e0 gaz. Faire appel \u00e0 un expert pour la maintenance de votre chauffage offre la possibilit\u00e9 de contr\u00f4ler les taux de monoxyde de carbone. Pour rappel, si votre chauffage fabrique beaucoup de monoxyde de carbone, cela peut entra\u00eener une intoxication. En intervenant chez vous, le chauffagiste r\u00e8gle et v\u00e9rifie les \u00e9missions de monoxyde de carbone de votre chauffage pour vous emp\u00eacher d&rsquo;avoir de graves probl\u00e8mes de sant\u00e9.<\/p>\n<h2>Contrat de maintenance pour votre chauffage \u00e0 Saxon<\/h2>\n<p>Dans le butd&rsquo;assurer le bon \u00e9tat de marche de votre chauffage, nous offrons des contrats de maintenance sur mesure. En effectuant une maintenance r\u00e9guli\u00e8re, vous \u00e9conomisez de l&rsquo;argent sur le long terme.<\/p>\n<p>De plus, si vous avez un probl\u00e8me avec votre chauffage, l\u2019assurance r\u00e9clame le contrat de maintenance dans le but de contr\u00f4ler l\u2019\u00e9tat de votre chauffage avant le sinistre. Notre soci\u00e9t\u00e9 offre des contrats de maintenance annuels ou pluriannuels.<\/p>\n<h2>Quels sont les avantages de souscrire \u00e0 un contrat de maintenance pour votre chauffage ?<\/h2>\n<p>En cas de \u00e9l\u00e9ments d\u00e9fectueux, nous garantissons le remplacement rapide. D&rsquo;autre part, nous prenons l&rsquo;engagement d&rsquo;inspecter l&rsquo;ensemble de votre chauffage, comme :<\/p>\n<ul>\n<li>Les niveaux de pression de vos tuyaux,<\/li>\n<li>l&rsquo;entretien des conduits de raccordement, et des \u00e9l\u00e9ments chauffants.<\/li>\n<\/ul>\n<h2>Quelles sont les diff\u00e9rentes prestations propos\u00e9es par votre entreprise ?<\/h2>\n<p>Nos experts interviennent dans votre logement, pour :<\/p>\n<ul>\n<li>le d\u00e9tartrage et le d\u00e9sembouage de radiateur,<\/li>\n<li>la purge de l&rsquo;air de vos radiateurs,<\/li>\n<li>la maintenance de votre chauffage, chaudi\u00e8re et chauffe-eau,<\/li>\n<li>l&rsquo;ajustement des thermostats,<\/li>\n<li>la maintenance chaudi\u00e8res \u00e0 condensation, \u00e0 gaz, \u00e0 accumulation, \u00e0 fioul, \u00e9lectriques et basses temp\u00e9ratures,<\/li>\n<li>la r\u00e9paration de la vanne de vidange,<\/li>\n<li>l&rsquo;intervention et la remise en \u00e9tat : de votre chaudi\u00e8re, radiateur qui ne chauffe plus, fuite de canalisation, etc.<\/li>\n<li>l\u2019installation de : chauffage, pompe \u00e0 chaleur, chaudi\u00e8re, radiateur \u00e9lectrique, plancher chauffant, etc.<\/li>\n<\/ul>\n<h2>FAQ<\/h2>\n<h3>Pourquoi embaucher un chauffagiste Saxonain ?<\/h3>\n<p>D\u00e9velopper votre confort : un chauffage performant permet de garder une temp\u00e9rature constante dans votre logement.<\/p>\n<p>Faire des \u00e9conomies : en s\u00e9lectionnant des mat\u00e9riaux de qualit\u00e9, pour l&rsquo;isolation et le chauffage, vous diminuez vos \u00e9missions de carbone et vous r\u00e9alisez des \u00e9conomies.<\/p>\n<p>Prot\u00e9ger la s\u00fbret\u00e9 de votre syst\u00e8me de chauffage : un bon syst\u00e8me de chauffage permet de r\u00e9pondre aux r\u00e8gles de s\u00fbret\u00e9 en vigueur (par exemple, pour r\u00e9duire le taux de monoxyde de carbone).<\/p>\n<p>\u00c9viter les difficult\u00e9s : en examinant votre syst\u00e8me de chauffage, un de nos experts peut anticiper les futurs ennuis.<\/p>\n<h3>Quels sont les \u00e9l\u00e9ments \u00e0 prendre en compte pour s\u00e9lectionner le meilleur technicien chauffagiste \u00e0 Saxon ?<\/h3>\n<p>Les comp\u00e9tences : contr\u00f4lez les comp\u00e9tences avant de s\u00e9lectionner l&rsquo;entreprise de chauffage.<\/p>\n<p>Les cas clients : il ne faut pas h\u00e9siter \u00e0 consulter les t\u00e9moignages des anciens clients ayant d\u00e9j\u00e0 sollicit\u00e9 la soci\u00e9t\u00e9 de fa\u00e7on \u00e0 vous faire une id\u00e9e.<\/p>\n<p>Les garanties : v\u00e9rifiez que la soci\u00e9t\u00e9 de chauffage b\u00e9n\u00e9ficie d&rsquo;une assurance qui couvre les possibles dommages caus\u00e9s lors de ses op\u00e9rations.<\/p>\n<h3>\u00c0 quelle vitesse intervenez-vous dans un foyer Saxonain ?<\/h3>\n<p>Si vous avez un incident qui demande une intervention en urgence, nous pouvons intervenir dans un d\u00e9lai de 2 heures, s&rsquo;il n&rsquo;y a pas de priorit\u00e9 concernant votre demande, nous intervenons g\u00e9n\u00e9ralement au cours de la journ\u00e9e.<\/p>\n<h3>Votre soci\u00e9t\u00e9 est disponible pour op\u00e9rer \u00e0 Saxon, mais \u00e9galement dans les localit\u00e9s aux environs ?<\/h3>\n<p>En effet, nous effectuons nos interventions \u00e0 Saxon et dans les localit\u00e9s aux environs, par exemple : Charrat, Riddes, Dugny (Leytron), Leytron, Montagnon (Leytron), Produit (Leytron), Saillon, Is\u00e9rables, Auddes-sur-Riddes, La Tzoumaz, Martigny, Martigny-Croix, Fully, Chemin, Ravoire, Trient, Bovernier, Les Valettes (Bovernier), Chamoille (Sembrancher), La Garde (Sembrancher), Sembrancher, Vens (Sembrancher), Bruson, Le Ch\u00e2ble VS, Verbier, Orsi\u00e8res, Champex-Lac, Cries (Voll\u00e8ges), Voll\u00e8ges, Levron, Praz-de-Fort, La Fouly VS, Chandonne (Liddes), Chez Petit (Liddes), Dranse (Liddes), Fontaine Dessous (Liddes), Fontaine Dessus (Liddes), Fornex (Liddes), Les Moulins VS (Liddes), Liddes, Palasuit (Liddes), Petit Vich\u00e8res (Liddes), Rive Haute (Liddes), Vich\u00e8res (Liddes), Bourg-St-Pierre, Champsec, Verseg\u00e8res, Fionnay, Lourtier, Sarreyer, Mayens-de-Chamoson, Ovronnaz.<\/p>\n","protected":false},"excerpt":{"rendered":"<p>Besoin d&rsquo;aide pour votre chauffage ? ? Si vous \u00eates un Saxonain, notre soci\u00e9t\u00e9 assure l&rsquo;installation ainsi que la r\u00e9paration de votre syst\u00e8me de chauffage. En optant de travailler avec notre entreprise, vous b\u00e9n\u00e9ficiez : de prix transparent, de services de qualit\u00e9, de services \u00e0 Saxon et dans les municipalit\u00e9s \u00e0 proximit\u00e9, d\u2019une \u00e9quipe avec [&hellip;]<\/p>\n","protected":false},"author":4,"featured_media":2757,"parent":0,"menu_order":0,"comment_status":"closed","ping_status":"closed","template":"","meta":{"footnotes":""},"profession":[120],"location":[39],"canton":[110],"class_list":["post-682","page","type-page","status-publish","has-post-thumbnail","hentry","profession-chauffagiste","location-saxon","canton-vs"],"yoast_head":"<!-- This site is optimized with the Yoast SEO Premium plugin v25.7.1 (Yoast SEO v27.4) - https:\/\/yoast.com\/product\/yoast-seo-premium-wordpress\/ -->\n<title>Besoin d&#039;un chauffagiste \u00e0 Saxon ? - Artisanlocal<\/title>\n<meta name=\"robots\" content=\"index, follow, max-snippet:-1, max-image-preview:large, max-video-preview:-1\" \/>\n<link rel=\"canonical\" href=\"https:\/\/www.artisanlocal.ch\/c\/besoin-dun-chauffagiste-a-saxon\/\" \/>\n<meta property=\"og:locale\" content=\"fr_FR\" \/>\n<meta property=\"og:type\" content=\"article\" \/>\n<meta property=\"og:title\" content=\"Besoin d&#039;un chauffagiste \u00e0 Saxon ?\" \/>\n<meta property=\"og:description\" content=\"Besoin d&rsquo;aide pour votre chauffage ? ? Si vous \u00eates un Saxonain, notre soci\u00e9t\u00e9 assure l&rsquo;installation ainsi que la r\u00e9paration de votre syst\u00e8me de chauffage. En optant de travailler avec notre entreprise, vous b\u00e9n\u00e9ficiez : de prix transparent, de services de qualit\u00e9, de services \u00e0 Saxon et dans les municipalit\u00e9s \u00e0 proximit\u00e9, d\u2019une \u00e9quipe avec [&hellip;]\" \/>\n<meta property=\"og:url\" content=\"https:\/\/www.artisanlocal.ch\/c\/besoin-dun-chauffagiste-a-saxon\/\" \/>\n<meta property=\"og:site_name\" content=\"Artisanlocal\" \/>\n<meta property=\"article:modified_time\" content=\"2025-08-26T23:32:14+00:00\" \/>\n<meta property=\"og:image\" content=\"https:\/\/www.artisanlocal.ch\/c\/wp-content\/uploads\/2024\/10\/chauffagiste.jpg\" \/>\n\t<meta property=\"og:image:width\" content=\"1920\" \/>\n\t<meta property=\"og:image:height\" content=\"300\" \/>\n\t<meta property=\"og:image:type\" content=\"image\/jpeg\" \/>\n<meta name=\"twitter:card\" content=\"summary_large_image\" \/>\n<meta name=\"twitter:label1\" content=\"Dur\u00e9e de lecture estim\u00e9e\" \/>\n\t<meta name=\"twitter:data1\" content=\"6 minutes\" \/>\n<script type=\"application\/ld+json\" class=\"yoast-schema-graph\">{\"@context\":\"https:\\\/\\\/schema.org\",\"@graph\":[{\"@type\":\"WebPage\",\"@id\":\"https:\\\/\\\/www.artisanlocal.ch\\\/c\\\/besoin-dun-chauffagiste-a-saxon\\\/\",\"url\":\"https:\\\/\\\/www.artisanlocal.ch\\\/c\\\/besoin-dun-chauffagiste-a-saxon\\\/\",\"name\":\"Besoin d'un chauffagiste \u00e0 Saxon ? - Artisanlocal\",\"isPartOf\":{\"@id\":\"https:\\\/\\\/www.artisanlocal.ch\\\/c\\\/#website\"},\"primaryImageOfPage\":{\"@id\":\"https:\\\/\\\/www.artisanlocal.ch\\\/c\\\/besoin-dun-chauffagiste-a-saxon\\\/#primaryimage\"},\"image\":{\"@id\":\"https:\\\/\\\/www.artisanlocal.ch\\\/c\\\/besoin-dun-chauffagiste-a-saxon\\\/#primaryimage\"},\"thumbnailUrl\":\"https:\\\/\\\/www.artisanlocal.ch\\\/c\\\/wp-content\\\/uploads\\\/2024\\\/10\\\/chauffagiste.jpg\",\"datePublished\":\"2024-04-19T03:06:49+00:00\",\"dateModified\":\"2025-08-26T23:32:14+00:00\",\"breadcrumb\":{\"@id\":\"https:\\\/\\\/www.artisanlocal.ch\\\/c\\\/besoin-dun-chauffagiste-a-saxon\\\/#breadcrumb\"},\"inLanguage\":\"fr-FR\",\"potentialAction\":[{\"@type\":\"ReadAction\",\"target\":[\"https:\\\/\\\/www.artisanlocal.ch\\\/c\\\/besoin-dun-chauffagiste-a-saxon\\\/\"]}]},{\"@type\":\"ImageObject\",\"inLanguage\":\"fr-FR\",\"@id\":\"https:\\\/\\\/www.artisanlocal.ch\\\/c\\\/besoin-dun-chauffagiste-a-saxon\\\/#primaryimage\",\"url\":\"https:\\\/\\\/www.artisanlocal.ch\\\/c\\\/wp-content\\\/uploads\\\/2024\\\/10\\\/chauffagiste.jpg\",\"contentUrl\":\"https:\\\/\\\/www.artisanlocal.ch\\\/c\\\/wp-content\\\/uploads\\\/2024\\\/10\\\/chauffagiste.jpg\",\"width\":1920,\"height\":300},{\"@type\":\"BreadcrumbList\",\"@id\":\"https:\\\/\\\/www.artisanlocal.ch\\\/c\\\/besoin-dun-chauffagiste-a-saxon\\\/#breadcrumb\",\"itemListElement\":[{\"@type\":\"ListItem\",\"position\":1,\"name\":\"Accueil\",\"item\":\"https:\\\/\\\/www.artisanlocal.ch\\\/c\\\/\"},{\"@type\":\"ListItem\",\"position\":2,\"name\":\"Besoin d&rsquo;un chauffagiste \u00e0 Saxon ?\"}]},{\"@type\":\"WebSite\",\"@id\":\"https:\\\/\\\/www.artisanlocal.ch\\\/c\\\/#website\",\"url\":\"https:\\\/\\\/www.artisanlocal.ch\\\/c\\\/\",\"name\":\"Artisanlocal\",\"description\":\"\",\"publisher\":{\"@id\":\"https:\\\/\\\/www.artisanlocal.ch\\\/c\\\/#organization\"},\"potentialAction\":[{\"@type\":\"SearchAction\",\"target\":{\"@type\":\"EntryPoint\",\"urlTemplate\":\"https:\\\/\\\/www.artisanlocal.ch\\\/c\\\/?s={search_term_string}\"},\"query-input\":{\"@type\":\"PropertyValueSpecification\",\"valueRequired\":true,\"valueName\":\"search_term_string\"}}],\"inLanguage\":\"fr-FR\"},{\"@type\":\"Organization\",\"@id\":\"https:\\\/\\\/www.artisanlocal.ch\\\/c\\\/#organization\",\"name\":\"Artisanlocal\",\"url\":\"https:\\\/\\\/www.artisanlocal.ch\\\/c\\\/\",\"logo\":{\"@type\":\"ImageObject\",\"inLanguage\":\"fr-FR\",\"@id\":\"https:\\\/\\\/www.artisanlocal.ch\\\/c\\\/#\\\/schema\\\/logo\\\/image\\\/\",\"url\":\"https:\\\/\\\/www.artisanlocal.ch\\\/c\\\/wp-content\\\/uploads\\\/2024\\\/02\\\/logo-artisanlocal-h.svg\",\"contentUrl\":\"https:\\\/\\\/www.artisanlocal.ch\\\/c\\\/wp-content\\\/uploads\\\/2024\\\/02\\\/logo-artisanlocal-h.svg\",\"caption\":\"Artisanlocal\"},\"image\":{\"@id\":\"https:\\\/\\\/www.artisanlocal.ch\\\/c\\\/#\\\/schema\\\/logo\\\/image\\\/\"}}]}<\/script>\n<!-- \/ Yoast SEO Premium plugin. -->","yoast_head_json":{"title":"Besoin d'un chauffagiste \u00e0 Saxon ? - Artisanlocal","robots":{"index":"index","follow":"follow","max-snippet":"max-snippet:-1","max-image-preview":"max-image-preview:large","max-video-preview":"max-video-preview:-1"},"canonical":"https:\/\/www.artisanlocal.ch\/c\/besoin-dun-chauffagiste-a-saxon\/","og_locale":"fr_FR","og_type":"article","og_title":"Besoin d'un chauffagiste \u00e0 Saxon ?","og_description":"Besoin d&rsquo;aide pour votre chauffage ? ? Si vous \u00eates un Saxonain, notre soci\u00e9t\u00e9 assure l&rsquo;installation ainsi que la r\u00e9paration de votre syst\u00e8me de chauffage. En optant de travailler avec notre entreprise, vous b\u00e9n\u00e9ficiez : de prix transparent, de services de qualit\u00e9, de services \u00e0 Saxon et dans les municipalit\u00e9s \u00e0 proximit\u00e9, d\u2019une \u00e9quipe avec [&hellip;]","og_url":"https:\/\/www.artisanlocal.ch\/c\/besoin-dun-chauffagiste-a-saxon\/","og_site_name":"Artisanlocal","article_modified_time":"2025-08-26T23:32:14+00:00","og_image":[{"width":1920,"height":300,"url":"https:\/\/www.artisanlocal.ch\/c\/wp-content\/uploads\/2024\/10\/chauffagiste.jpg","type":"image\/jpeg"}],"twitter_card":"summary_large_image","twitter_misc":{"Dur\u00e9e de lecture estim\u00e9e":"6 minutes"},"schema":{"@context":"https:\/\/schema.org","@graph":[{"@type":"WebPage","@id":"https:\/\/www.artisanlocal.ch\/c\/besoin-dun-chauffagiste-a-saxon\/","url":"https:\/\/www.artisanlocal.ch\/c\/besoin-dun-chauffagiste-a-saxon\/","name":"Besoin d'un chauffagiste \u00e0 Saxon ? - Artisanlocal","isPartOf":{"@id":"https:\/\/www.artisanlocal.ch\/c\/#website"},"primaryImageOfPage":{"@id":"https:\/\/www.artisanlocal.ch\/c\/besoin-dun-chauffagiste-a-saxon\/#primaryimage"},"image":{"@id":"https:\/\/www.artisanlocal.ch\/c\/besoin-dun-chauffagiste-a-saxon\/#primaryimage"},"thumbnailUrl":"https:\/\/www.artisanlocal.ch\/c\/wp-content\/uploads\/2024\/10\/chauffagiste.jpg","datePublished":"2024-04-19T03:06:49+00:00","dateModified":"2025-08-26T23:32:14+00:00","breadcrumb":{"@id":"https:\/\/www.artisanlocal.ch\/c\/besoin-dun-chauffagiste-a-saxon\/#breadcrumb"},"inLanguage":"fr-FR","potentialAction":[{"@type":"ReadAction","target":["https:\/\/www.artisanlocal.ch\/c\/besoin-dun-chauffagiste-a-saxon\/"]}]},{"@type":"ImageObject","inLanguage":"fr-FR","@id":"https:\/\/www.artisanlocal.ch\/c\/besoin-dun-chauffagiste-a-saxon\/#primaryimage","url":"https:\/\/www.artisanlocal.ch\/c\/wp-content\/uploads\/2024\/10\/chauffagiste.jpg","contentUrl":"https:\/\/www.artisanlocal.ch\/c\/wp-content\/uploads\/2024\/10\/chauffagiste.jpg","width":1920,"height":300},{"@type":"BreadcrumbList","@id":"https:\/\/www.artisanlocal.ch\/c\/besoin-dun-chauffagiste-a-saxon\/#breadcrumb","itemListElement":[{"@type":"ListItem","position":1,"name":"Accueil","item":"https:\/\/www.artisanlocal.ch\/c\/"},{"@type":"ListItem","position":2,"name":"Besoin d&rsquo;un chauffagiste \u00e0 Saxon ?"}]},{"@type":"WebSite","@id":"https:\/\/www.artisanlocal.ch\/c\/#website","url":"https:\/\/www.artisanlocal.ch\/c\/","name":"Artisanlocal","description":"","publisher":{"@id":"https:\/\/www.artisanlocal.ch\/c\/#organization"},"potentialAction":[{"@type":"SearchAction","target":{"@type":"EntryPoint","urlTemplate":"https:\/\/www.artisanlocal.ch\/c\/?s={search_term_string}"},"query-input":{"@type":"PropertyValueSpecification","valueRequired":true,"valueName":"search_term_string"}}],"inLanguage":"fr-FR"},{"@type":"Organization","@id":"https:\/\/www.artisanlocal.ch\/c\/#organization","name":"Artisanlocal","url":"https:\/\/www.artisanlocal.ch\/c\/","logo":{"@type":"ImageObject","inLanguage":"fr-FR","@id":"https:\/\/www.artisanlocal.ch\/c\/#\/schema\/logo\/image\/","url":"https:\/\/www.artisanlocal.ch\/c\/wp-content\/uploads\/2024\/02\/logo-artisanlocal-h.svg","contentUrl":"https:\/\/www.artisanlocal.ch\/c\/wp-content\/uploads\/2024\/02\/logo-artisanlocal-h.svg","caption":"Artisanlocal"},"image":{"@id":"https:\/\/www.artisanlocal.ch\/c\/#\/schema\/logo\/image\/"}}]}},"_links":{"self":[{"href":"https:\/\/www.artisanlocal.ch\/c\/wp-json\/wp\/v2\/pages\/682","targetHints":{"allow":["GET"]}}],"collection":[{"href":"https:\/\/www.artisanlocal.ch\/c\/wp-json\/wp\/v2\/pages"}],"about":[{"href":"https:\/\/www.artisanlocal.ch\/c\/wp-json\/wp\/v2\/types\/page"}],"author":[{"embeddable":true,"href":"https:\/\/www.artisanlocal.ch\/c\/wp-json\/wp\/v2\/users\/4"}],"replies":[{"embeddable":true,"href":"https:\/\/www.artisanlocal.ch\/c\/wp-json\/wp\/v2\/comments?post=682"}],"version-history":[{"count":0,"href":"https:\/\/www.artisanlocal.ch\/c\/wp-json\/wp\/v2\/pages\/682\/revisions"}],"wp:featuredmedia":[{"embeddable":true,"href":"https:\/\/www.artisanlocal.ch\/c\/wp-json\/wp\/v2\/media\/2757"}],"wp:attachment":[{"href":"https:\/\/www.artisanlocal.ch\/c\/wp-json\/wp\/v2\/media?parent=682"}],"wp:term":[{"taxonomy":"profession","embeddable":true,"href":"https:\/\/www.artisanlocal.ch\/c\/wp-json\/wp\/v2\/profession?post=682"},{"taxonomy":"location","embeddable":true,"href":"https:\/\/www.artisanlocal.ch\/c\/wp-json\/wp\/v2\/location?post=682"},{"taxonomy":"canton","embeddable":true,"href":"https:\/\/www.artisanlocal.ch\/c\/wp-json\/wp\/v2\/canton?post=682"}],"curies":[{"name":"wp","href":"https:\/\/api.w.org\/{rel}","templated":true}]}}