{"id":684,"date":"2024-04-18T12:06:17","date_gmt":"2024-04-18T10:06:17","guid":{"rendered":"https:\/\/www.artisanlocal.ch\/c\/chauffagiste-a-romanel-sur-lausanne\/"},"modified":"2025-08-27T01:32:35","modified_gmt":"2025-08-26T23:32:35","slug":"chauffagiste-a-romanel-sur-lausanne","status":"publish","type":"page","link":"https:\/\/www.artisanlocal.ch\/c\/chauffagiste-a-romanel-sur-lausanne\/","title":{"rendered":"Chauffagiste \u00e0 Romanel-sur-Lausanne ?"},"content":{"rendered":"<p>Besoin d&rsquo;aide pour r\u00e9parer votre chauffage ? ? Dans le cas o\u00f9 vous seriez un Romanellois, Artisanlocal s&rsquo;occupe de la r\u00e9paration et de l&rsquo;installation de votre \u00e9quipement de chauffage. En travaillant avec notre entreprise, vous profitez :<\/p>\n<ul>\n<li>de prix transparent,<\/li>\n<li>de prestations de qualit\u00e9 sup\u00e9rieure,<\/li>\n<li>de services \u00e0 Romanel-sur-Lausanne et dans les localit\u00e9s \u00e0 proximit\u00e9,<\/li>\n<li>d&rsquo;une entreprise avec de l&rsquo;exp\u00e9rience,<\/li>\n<li>d&rsquo;estimations sans frais,<\/li>\n<li>de techniciens joignables du lundi au samedi.<\/li>\n<\/ul>\n\r\n<div class=\"box\">\r\n            <div class=\"company-info\">\r\n            <img decoding=\"async\" class=\"company-info__logo\" src=\"https:\/\/www.artisanlocal.ch\/media\/cache\/thumb\/images\/companies\/611a3184c2550010443282.png\" alt=\"Logo\">\r\n            <h2 class=\"company-info__name\">DEVAUX FRERES CHAUFFAGE & SANITAIRE SARL<\/h2>\r\n            <p class=\"company-info__business\">Installations sanitaires - Chauffages<\/p>\r\n        <\/div>\r\n        <div class=\"company-contact\">\r\n            <p class=\"company-info__address\">Chemin du Raffort 1<\/p>\r\n                            <div class=\"links\">\r\n                                            <a class=\"btn has-accent-background-color js-phoneNumber\" href=\"tel:0795983115\" title=\"Appelez\" data-id=\"1873\" data-type=\"11\">079 598 31 15<\/a>\r\n                                                                <a class=\"btn has-accent-background-color\" href=\"https:\/\/www.devaux-freres.ch\/\" target=\"_blank\" title=\"Voir le site internet\" data-id=\"1873\" data-type=\"20\">Site internet<\/a>\r\n                                    <\/div>\r\n                    <\/div>\r\n    \r\n            \r\n<form action=\"https:\/\/www.artisanlocal.ch\/c\/wp-admin\/admin-ajax.php\" method=\"post\" class=\"form-contact\" id=\"artisan_form_contact_company_inline\">\r\n    <div><input type=\"hidden\" name=\"action\" value=\"company_contact\"><\/div>\r\n    <div><input type=\"hidden\" name=\"nonce\" value=\"ef263162e6\"><\/div>\r\n    <div><input type=\"hidden\" name=\"company_id\" value=\"1873\"><\/div>\r\n    <div><input type=\"hidden\" name=\"form_id\" value=\"artisan_form_contact_company_inline\"><\/div>\r\n    <div class=\"gglcptch gglcptch_v3 gglcptch_custom\"><input type=\"hidden\" id=\"g-recaptcha-response\" name=\"g-recaptcha-response\" \/><br \/><div class=\"gglcptch_error_text\">La p\u00e9riode de v\u00e9rification reCAPTCHA a expir\u00e9. Veuillez recharger la page.<\/div><\/div>    <div class=\"form-content\">\r\n        <div class=\"form-group\">\r\n            <label for=\"contact_firstName\" class=\"required\">Pr\u00e9nom<\/label>\r\n            <input type=\"text\" name=\"firstName\" class=\"form-control\" required>\r\n        <\/div>\r\n        <div class=\"form-group\">\r\n            <label for=\"contact_lastName\" class=\"required\">Nom<\/label>\r\n            <input type=\"text\" name=\"lastName\" class=\"form-control\" required>\r\n        <\/div>\r\n        <div class=\"form-group\">\r\n            <label for=\"contact_email\" class=\"required\">Email<\/label>\r\n            <input type=\"email\" name=\"email\" class=\"form-control\" required>\r\n        <\/div>\r\n        <div class=\"form-group\">\r\n            <label for=\"contact_phone\" class=\"required\">Num\u00e9ro de t\u00e9l\u00e9phone<\/label>\r\n            <input type=\"tel\" name=\"phone\" class=\"form-control\" placeholder=\"0787117165\" pattern=\"^[0-9]{10}$\" required>\r\n        <\/div>\r\n        <div class=\"form-group\">\r\n            <label for=\"contact_postalCode\" class=\"required\">Code postal et localit\u00e9<\/label>\r\n            <input type=\"text\" name=\"postalCode\" class=\"form-control\" required>\r\n        <\/div>\r\n        <div class=\"form-group\">\r\n            <label for=\"contact_address\" class=\"required\">Adresse<\/label>\r\n            <input type=\"text\" name=\"address\" class=\"form-control\" required>\r\n        <\/div>\r\n        <div class=\"full-width topic\">\r\n            <p class=\"required\">Je souhaite \u00eatre contact\u00e9 pour :<\/p>\r\n            <div class=\"form-check\">\r\n                <input type=\"radio\" name=\"topic\" value=\"D\u00e9pannage\" class=\"form-control\" required>\r\n                <label for=\"d\u00e9pannage\">D\u00e9pannage<\/label>\r\n            <\/div>\r\n            <div class=\"form-check\">\r\n                <input type=\"radio\" name=\"topic\" value=\"Entretien\" class=\"form-control\" required>\r\n                <label for=\"entretien\">Entretien<\/label>\r\n            <\/div>\r\n            <div class=\"form-check\">\r\n                <input type=\"radio\" name=\"topic\" value=\"R\u00e9novation\" class=\"form-control\" required>\r\n                <label for=\"r\u00e9novation\">R\u00e9novation<\/label>\r\n            <\/div>\r\n            <div class=\"form-check\">\r\n                <input type=\"radio\" name=\"topic\" value=\"Autre\" class=\"form-control\" required>\r\n                <label for=\"autre\">Autre<\/label>\r\n            <\/div>\r\n        <\/div>\r\n        <div class=\"form-group full-width\">\r\n            <label for=\"contact_message\">Message<\/label>\r\n            <textarea name=\"message\" rows=\"3\" class=\"form-control\"><\/textarea>\r\n        <\/div>\r\n    <\/div>\r\n    <div class=\"form-actions\">\r\n        <button class=\"wp-block-button__link has-accent-background-color\">Contacter<\/button>\r\n    <\/div>\r\n<\/form>\r\n<div class=\"form-feedback\"><\/div>    <\/div>\n<h2>Pourquoi choisir notre soci\u00e9t\u00e9 ?<\/h2>\n<p>\u00c9valuation rapide de votre projet : d\u00e8s que vous nous envoyez le formulaire, notre sp\u00e9cialiste en chauffage \u00e0 Romanel-sur-Lausanne prend contact avec vous dans la journ\u00e9e.<\/p>\n<p>Visite \u00e0 votre domicile le jour m\u00eame : le jour m\u00eame, le chauffagiste Romanellois peut se rendre \u00e0 votre domicile pour \u00e9valuer le montant pour le changement ou l&rsquo;installation de votre chauffage. Vous recevrez une estimation et vous pouvez nous poser toutes vos demandes.<\/p>\n<p>Mise en place de votre syst\u00e8me de chauffage en 24 \u00e0 48 heures : une fois que vous avez accept\u00e9 notre devis. Nous d\u00e9terminerons le jour de notre intervention avec vous.<\/p>\n<p>D\u00e9pannage et entretien : si votre syst\u00e8me de chauffage, chaudi\u00e8re ou chauffe-eau pr\u00e9sente un dysfonctionnement. Notre entreprise est disponible pour intervenir \u00e0 Romanel-sur-Lausanne et dans les municipalit\u00e9s \u00e0 proximit\u00e9.<\/p>\n<h2>Pourquoi est-il indispensable de d\u00e9panner votre syst\u00e8me de chauffage ?<\/h2>\n<p>Assurer le fonctionnement optimal de votre \u00e9quipement de chauffage est important, si vous avez des enfants. Notre soci\u00e9t\u00e9 vous assiste \u00e0 d\u00e9finir la temp\u00e9rature id\u00e9ale et contr\u00f4le la pr\u00e9sence monoxyde de carbone fabriqu\u00e9 par votre chauffage. Nos chauffagistes s&rsquo;occupent de la maintenance et l&rsquo;entretien de votre syst\u00e8me de chauffage, quel que soit le type : basse temp\u00e9rature, fioul, condensation, \u00e9lectrique, gaz ou \u00e0 accumulation.<\/p>\n<h2>Est-il possible qu&rsquo;Artisanlocal m&rsquo;aide \u00e0 distance ?<\/h2>\n<p>Oui, nous sommes en mesure de vous aider par t\u00e9l\u00e9phone. Il vous suffit de nous d\u00e9tailler votre probl\u00e9matique pour nous soyons capables d&rsquo;en \u00e9valuer les origines et trouver la solution. Cependant, dans plusieurs cas, un expert doit venir dans votre foyer.<\/p>\n<h2>Comment fonctionne Artisanlocal ?<\/h2>\n<ol>\n<li>Prise de contact : il est n\u00e9cessaire que vous preniez contact avec nous par t\u00e9l\u00e9phone ou par e-mail.<\/li>\n<li>Intervention : un de nos chauffagistes intervient \u00e0 votre logement.<\/li>\n<li>Estimation : le chauffagiste \u00e9valuera l&rsquo;\u00e9tat actuel des choses dans le but de calculer le volume de vos pi\u00e8ces, et prendre en compte l&rsquo;isolation existante et la superficie totale.<\/li>\n<li>Avis : nous vous guiderons pour choisir le meilleur syst\u00e8me de chauffage, en prenant compte de l&rsquo;efficacit\u00e9 et la rentabilit\u00e9 que vous voulez avoir.<\/li>\n<li>Estimation : vous obtenez un devis d\u00e9taill\u00e9, vous montrant les diff\u00e9rentes d\u00e9penses.<\/li>\n<li>Installation : apr\u00e8s avoir accept\u00e9 notre estimation, nous r\u00e9alisons l&rsquo;installation de votre chauffage et r\u00e9glons le thermostat par rapport \u00e0 vos attentes.<\/li>\n<\/ol>\n<h2>Quelle est la solution de chauffage la plus adapt\u00e9e pour votre maison ?<\/h2>\n<p>L&rsquo;expert qui se d\u00e9place dans votre foyer, vous conseille pour choisir le meilleur chauffage possible, parmi les chauffages : \u00e0 gaz, \u00e9lectriques, fioul, classiques, basses temp\u00e9ratures ou \u00e0 condensation.<\/p>\n<p>Les chauffages \u00e0 condensation ou basses temp\u00e9ratures valent plus cher \u00e0 l&rsquo;acquisition, mais ils permettent de r\u00e9aliser des \u00e9conomies sur la dur\u00e9e.<\/p>\n<p>Par ailleurs, avant d&rsquo;installer votre chauffage, il faut param\u00e9trer votre thermostat selon votre propri\u00e9t\u00e9 et vos besoins. Pas d\u2019inqui\u00e9tude, le chauffagiste qui se d\u00e9place \u00e0 votre domicile a les connaissances pour r\u00e9gler tous vos probl\u00e8mes. Vous trouverez dans notre devis les \u00e9l\u00e9ments de notre intervention.<\/p>\n<h2>Entretien de votre chauffage \u00e0 Romanel-sur-Lausanne<\/h2>\n<p>Vous devez accomplir l&rsquo;entretien annuel de votre syst\u00e8me de chauffage, qu&rsquo;il soit au fioul ou \u00e0 gaz. La maintenance de votre syst\u00e8me de chauffage permet de contr\u00f4ler les \u00e9missions de monoxyde de carbone qui se d\u00e9gage. \u00c0 noter, dans le cas o\u00f9 votre chauffage fabrique trop de monoxyde de carbone, \u00e7a peut causer une intoxication. Lors de notre intervention, l&rsquo;expert v\u00e9rifie et r\u00e8gle les \u00e9missions de monoxyde de carbone de votre syst\u00e8me de chauffage pour vous \u00e9viter d&rsquo;avoir de graves soucis de sant\u00e9.<\/p>\n<h2>Contrat d\u2019entretien pour votre chauffage \u00e0 Romanel-sur-Lausanne<\/h2>\n<p>Artisanlocal propose des forfaits de maintenance pour votre chauffage dans le but d&rsquo;en assurer le bon \u00e9tat de marche. Avec un entretien r\u00e9gulier, vous r\u00e9alisez des \u00e9conomies en emp\u00eachant les pannes et les interventions en urgence.<\/p>\n<p>Aussi, si vous avez un sinistre, votre assureur r\u00e9clame le contrat d&rsquo;entretien afin de contr\u00f4ler l&rsquo;\u00e9tat g\u00e9n\u00e9ral de votre chauffage pr\u00e9alablement au sinistre. Notre entreprise offre des contrats d&rsquo;entretien pluriannuels ou annuels.<\/p>\n<h2>Quels sont les b\u00e9n\u00e9fices de signer un contrat de maintenance pour votre chauffage ?<\/h2>\n<p>En cas de \u00e9l\u00e9ments d\u00e9fectueux, nous garantissons le remplacement rapide. De plus, nous prenons l&rsquo;engagement d&rsquo;inspecter la totalit\u00e9 des \u00e9quipements de votre chauffage, tel que :<\/p>\n<ul>\n<li>Les niveaux de pression dans vos conduits,<\/li>\n<li>et r\u00e9alisons-le nettoyage de votre br\u00fbleur, des conduits de liaison et des diff\u00e9rents \u00e9l\u00e9ments chauffants.<\/li>\n<\/ul>\n<h2>Quels services offre Artisanlocal ?<\/h2>\n<p>Nos techniciens se d\u00e9placent \u00e0 votre domicile, pour accomplir :<\/p>\n<ul>\n<li>le d\u00e9sembouage et le d\u00e9tartrage de vos radiateurs,<\/li>\n<li>la purge de l&rsquo;air de vos radiateurs,<\/li>\n<li>l\u2019entretien de votre chauffage, chaudi\u00e8re et chauffe-eau,<\/li>\n<li>le param\u00e9trage de votre thermostat,<\/li>\n<li>la maintenance chaudi\u00e8res \u00e0 condensation, \u00e0 accumulation, \u00e0 gaz, \u00e0 fioul, \u00e9lectriques et basses temp\u00e9ratures,<\/li>\n<li>la remise en \u00e9tat de la vanne de purge,<\/li>\n<li>l&rsquo;intervention et la r\u00e9paration de vos pannes : fuite de canalisation, radiateur qui ne marche plus, chaudi\u00e8re, etc.<\/li>\n<li>l\u2019installation de votre : chauffage, pompe \u00e0 chaleur, chaudi\u00e8re, radiateur \u00e9lectrique, plancher chauffant, etc.<\/li>\n<\/ul>\n<h2>R\u00e9ponses aux questions fr\u00e9quentes<\/h2>\n<h3>Pourquoi engager un chauffagiste Romanellois ?<\/h3>\n<p>Accro\u00eetre la temp\u00e9rature de votre int\u00e9rieur : un chauffage performant permet de maintenir une temp\u00e9rature fixe dans votre int\u00e9rieur.<\/p>\n<p>\u00c9conomiser de l&rsquo;argent : en s\u00e9lectionnant des mat\u00e9riaux de qualit\u00e9, pour l&rsquo;isolation et le chauffage, vous r\u00e9alisez des \u00e9conomies et diminuer vos \u00e9missions carbones.<\/p>\n<p>Prot\u00e9ger la s\u00fbret\u00e9 de votre syst\u00e8me de chauffage : un syst\u00e8me de chauffage performant permet de r\u00e9pondre aux r\u00e8gles de fiabilit\u00e9 actuelles (par exemple, pour r\u00e9duire le taux de monoxyde de carbone).<\/p>\n<p>Pr\u00e9voir les incidents : un technicien chauffagiste peut anticiper les d\u00e9g\u00e2ts des eaux, juste en examinant votre installation.<\/p>\n<h3>Comment choisir le bon chauffagiste \u00e0 Romanel-sur-Lausanne ?<\/h3>\n<p>Les comp\u00e9tences : v\u00e9rifiez les certifications qui atteste que l\u2019entreprise \u00e0 une exp\u00e9rience dans son secteur.<\/p>\n<p>Les r\u00e9f\u00e9rences : prenez le temps de lire les t\u00e9moignages des anciens clients ayant d\u00e9j\u00e0 collabor\u00e9 avec les soci\u00e9t\u00e9s.<\/p>\n<p>Les garanties : contr\u00f4lez que les experts sont assur\u00e9s en cas de pr\u00e9judices.<\/p>\n<h3>Quels sont vos d\u00e9lais d&rsquo;interventions ?<\/h3>\n<p>Si vous avez une demande d&rsquo;intervention urgente, nous avons la possibilit\u00e9 d\u2019intervenir dans un d\u00e9lai de 2 heures, s&rsquo;il n&rsquo;y a pas d&rsquo;urgence concernant votre demande, nous op\u00e9rons normalement durant la journ\u00e9e.<\/p>\n<h3>Intervenez-vous \u00e0 Romanel-sur-Lausanne et aux alentours ?<\/h3>\n<p>Oui, nous intervenons \u00e0 Romanel-sur-Lausanne et dans les localit\u00e9s, comme : Cheseaux-sur-Lausanne, Le Mont-sur-Lausanne, Bretigny-sur-Morrens, Cugy VD, Morrens VD, Froideville, Epalinges.<\/p>\n","protected":false},"excerpt":{"rendered":"<p>Besoin d&rsquo;aide pour r\u00e9parer votre chauffage ? ? Dans le cas o\u00f9 vous seriez un Romanellois, Artisanlocal s&rsquo;occupe de la r\u00e9paration et de l&rsquo;installation de votre \u00e9quipement de chauffage. En travaillant avec notre entreprise, vous profitez : de prix transparent, de prestations de qualit\u00e9 sup\u00e9rieure, de services \u00e0 Romanel-sur-Lausanne et dans les localit\u00e9s \u00e0 proximit\u00e9, [&hellip;]<\/p>\n","protected":false},"author":4,"featured_media":2757,"parent":0,"menu_order":0,"comment_status":"closed","ping_status":"closed","template":"","meta":{"footnotes":""},"profession":[120],"location":[90],"canton":[113],"class_list":["post-684","page","type-page","status-publish","has-post-thumbnail","hentry","profession-chauffagiste","location-romanel-sur-lausanne","canton-vd"],"yoast_head":"<!-- This site is optimized with the Yoast SEO Premium plugin v25.7.1 (Yoast SEO v27.3) - https:\/\/yoast.com\/product\/yoast-seo-premium-wordpress\/ -->\n<title>Chauffagiste \u00e0 Romanel-sur-Lausanne ? - Artisanlocal<\/title>\n<meta name=\"robots\" content=\"index, follow, max-snippet:-1, max-image-preview:large, max-video-preview:-1\" \/>\n<link rel=\"canonical\" href=\"https:\/\/www.artisanlocal.ch\/c\/chauffagiste-a-romanel-sur-lausanne\/\" \/>\n<meta property=\"og:locale\" content=\"fr_FR\" \/>\n<meta property=\"og:type\" content=\"article\" \/>\n<meta property=\"og:title\" content=\"Chauffagiste \u00e0 Romanel-sur-Lausanne ?\" \/>\n<meta property=\"og:description\" content=\"Besoin d&rsquo;aide pour r\u00e9parer votre chauffage ? ? Dans le cas o\u00f9 vous seriez un Romanellois, Artisanlocal s&rsquo;occupe de la r\u00e9paration et de l&rsquo;installation de votre \u00e9quipement de chauffage. En travaillant avec notre entreprise, vous profitez : de prix transparent, de prestations de qualit\u00e9 sup\u00e9rieure, de services \u00e0 Romanel-sur-Lausanne et dans les localit\u00e9s \u00e0 proximit\u00e9, [&hellip;]\" \/>\n<meta property=\"og:url\" content=\"https:\/\/www.artisanlocal.ch\/c\/chauffagiste-a-romanel-sur-lausanne\/\" \/>\n<meta property=\"og:site_name\" content=\"Artisanlocal\" \/>\n<meta property=\"article:modified_time\" content=\"2025-08-26T23:32:35+00:00\" \/>\n<meta property=\"og:image\" content=\"https:\/\/www.artisanlocal.ch\/c\/wp-content\/uploads\/2024\/10\/chauffagiste.jpg\" \/>\n\t<meta property=\"og:image:width\" content=\"1920\" \/>\n\t<meta property=\"og:image:height\" content=\"300\" \/>\n\t<meta property=\"og:image:type\" content=\"image\/jpeg\" \/>\n<meta name=\"twitter:card\" content=\"summary_large_image\" \/>\n<meta name=\"twitter:label1\" content=\"Dur\u00e9e de lecture estim\u00e9e\" \/>\n\t<meta name=\"twitter:data1\" content=\"6 minutes\" \/>\n<script type=\"application\/ld+json\" class=\"yoast-schema-graph\">{\"@context\":\"https:\\\/\\\/schema.org\",\"@graph\":[{\"@type\":\"WebPage\",\"@id\":\"https:\\\/\\\/www.artisanlocal.ch\\\/c\\\/chauffagiste-a-romanel-sur-lausanne\\\/\",\"url\":\"https:\\\/\\\/www.artisanlocal.ch\\\/c\\\/chauffagiste-a-romanel-sur-lausanne\\\/\",\"name\":\"Chauffagiste \u00e0 Romanel-sur-Lausanne ? - Artisanlocal\",\"isPartOf\":{\"@id\":\"https:\\\/\\\/www.artisanlocal.ch\\\/c\\\/#website\"},\"primaryImageOfPage\":{\"@id\":\"https:\\\/\\\/www.artisanlocal.ch\\\/c\\\/chauffagiste-a-romanel-sur-lausanne\\\/#primaryimage\"},\"image\":{\"@id\":\"https:\\\/\\\/www.artisanlocal.ch\\\/c\\\/chauffagiste-a-romanel-sur-lausanne\\\/#primaryimage\"},\"thumbnailUrl\":\"https:\\\/\\\/www.artisanlocal.ch\\\/c\\\/wp-content\\\/uploads\\\/2024\\\/10\\\/chauffagiste.jpg\",\"datePublished\":\"2024-04-18T10:06:17+00:00\",\"dateModified\":\"2025-08-26T23:32:35+00:00\",\"breadcrumb\":{\"@id\":\"https:\\\/\\\/www.artisanlocal.ch\\\/c\\\/chauffagiste-a-romanel-sur-lausanne\\\/#breadcrumb\"},\"inLanguage\":\"fr-FR\",\"potentialAction\":[{\"@type\":\"ReadAction\",\"target\":[\"https:\\\/\\\/www.artisanlocal.ch\\\/c\\\/chauffagiste-a-romanel-sur-lausanne\\\/\"]}]},{\"@type\":\"ImageObject\",\"inLanguage\":\"fr-FR\",\"@id\":\"https:\\\/\\\/www.artisanlocal.ch\\\/c\\\/chauffagiste-a-romanel-sur-lausanne\\\/#primaryimage\",\"url\":\"https:\\\/\\\/www.artisanlocal.ch\\\/c\\\/wp-content\\\/uploads\\\/2024\\\/10\\\/chauffagiste.jpg\",\"contentUrl\":\"https:\\\/\\\/www.artisanlocal.ch\\\/c\\\/wp-content\\\/uploads\\\/2024\\\/10\\\/chauffagiste.jpg\",\"width\":1920,\"height\":300},{\"@type\":\"BreadcrumbList\",\"@id\":\"https:\\\/\\\/www.artisanlocal.ch\\\/c\\\/chauffagiste-a-romanel-sur-lausanne\\\/#breadcrumb\",\"itemListElement\":[{\"@type\":\"ListItem\",\"position\":1,\"name\":\"Accueil\",\"item\":\"https:\\\/\\\/www.artisanlocal.ch\\\/c\\\/\"},{\"@type\":\"ListItem\",\"position\":2,\"name\":\"Chauffagiste \u00e0 Romanel-sur-Lausanne ?\"}]},{\"@type\":\"WebSite\",\"@id\":\"https:\\\/\\\/www.artisanlocal.ch\\\/c\\\/#website\",\"url\":\"https:\\\/\\\/www.artisanlocal.ch\\\/c\\\/\",\"name\":\"Artisanlocal\",\"description\":\"\",\"publisher\":{\"@id\":\"https:\\\/\\\/www.artisanlocal.ch\\\/c\\\/#organization\"},\"potentialAction\":[{\"@type\":\"SearchAction\",\"target\":{\"@type\":\"EntryPoint\",\"urlTemplate\":\"https:\\\/\\\/www.artisanlocal.ch\\\/c\\\/?s={search_term_string}\"},\"query-input\":{\"@type\":\"PropertyValueSpecification\",\"valueRequired\":true,\"valueName\":\"search_term_string\"}}],\"inLanguage\":\"fr-FR\"},{\"@type\":\"Organization\",\"@id\":\"https:\\\/\\\/www.artisanlocal.ch\\\/c\\\/#organization\",\"name\":\"Artisanlocal\",\"url\":\"https:\\\/\\\/www.artisanlocal.ch\\\/c\\\/\",\"logo\":{\"@type\":\"ImageObject\",\"inLanguage\":\"fr-FR\",\"@id\":\"https:\\\/\\\/www.artisanlocal.ch\\\/c\\\/#\\\/schema\\\/logo\\\/image\\\/\",\"url\":\"https:\\\/\\\/www.artisanlocal.ch\\\/c\\\/wp-content\\\/uploads\\\/2024\\\/02\\\/logo-artisanlocal-h.svg\",\"contentUrl\":\"https:\\\/\\\/www.artisanlocal.ch\\\/c\\\/wp-content\\\/uploads\\\/2024\\\/02\\\/logo-artisanlocal-h.svg\",\"caption\":\"Artisanlocal\"},\"image\":{\"@id\":\"https:\\\/\\\/www.artisanlocal.ch\\\/c\\\/#\\\/schema\\\/logo\\\/image\\\/\"}}]}<\/script>\n<!-- \/ Yoast SEO Premium plugin. -->","yoast_head_json":{"title":"Chauffagiste \u00e0 Romanel-sur-Lausanne ? - Artisanlocal","robots":{"index":"index","follow":"follow","max-snippet":"max-snippet:-1","max-image-preview":"max-image-preview:large","max-video-preview":"max-video-preview:-1"},"canonical":"https:\/\/www.artisanlocal.ch\/c\/chauffagiste-a-romanel-sur-lausanne\/","og_locale":"fr_FR","og_type":"article","og_title":"Chauffagiste \u00e0 Romanel-sur-Lausanne ?","og_description":"Besoin d&rsquo;aide pour r\u00e9parer votre chauffage ? ? Dans le cas o\u00f9 vous seriez un Romanellois, Artisanlocal s&rsquo;occupe de la r\u00e9paration et de l&rsquo;installation de votre \u00e9quipement de chauffage. En travaillant avec notre entreprise, vous profitez : de prix transparent, de prestations de qualit\u00e9 sup\u00e9rieure, de services \u00e0 Romanel-sur-Lausanne et dans les localit\u00e9s \u00e0 proximit\u00e9, [&hellip;]","og_url":"https:\/\/www.artisanlocal.ch\/c\/chauffagiste-a-romanel-sur-lausanne\/","og_site_name":"Artisanlocal","article_modified_time":"2025-08-26T23:32:35+00:00","og_image":[{"width":1920,"height":300,"url":"https:\/\/www.artisanlocal.ch\/c\/wp-content\/uploads\/2024\/10\/chauffagiste.jpg","type":"image\/jpeg"}],"twitter_card":"summary_large_image","twitter_misc":{"Dur\u00e9e de lecture estim\u00e9e":"6 minutes"},"schema":{"@context":"https:\/\/schema.org","@graph":[{"@type":"WebPage","@id":"https:\/\/www.artisanlocal.ch\/c\/chauffagiste-a-romanel-sur-lausanne\/","url":"https:\/\/www.artisanlocal.ch\/c\/chauffagiste-a-romanel-sur-lausanne\/","name":"Chauffagiste \u00e0 Romanel-sur-Lausanne ? - Artisanlocal","isPartOf":{"@id":"https:\/\/www.artisanlocal.ch\/c\/#website"},"primaryImageOfPage":{"@id":"https:\/\/www.artisanlocal.ch\/c\/chauffagiste-a-romanel-sur-lausanne\/#primaryimage"},"image":{"@id":"https:\/\/www.artisanlocal.ch\/c\/chauffagiste-a-romanel-sur-lausanne\/#primaryimage"},"thumbnailUrl":"https:\/\/www.artisanlocal.ch\/c\/wp-content\/uploads\/2024\/10\/chauffagiste.jpg","datePublished":"2024-04-18T10:06:17+00:00","dateModified":"2025-08-26T23:32:35+00:00","breadcrumb":{"@id":"https:\/\/www.artisanlocal.ch\/c\/chauffagiste-a-romanel-sur-lausanne\/#breadcrumb"},"inLanguage":"fr-FR","potentialAction":[{"@type":"ReadAction","target":["https:\/\/www.artisanlocal.ch\/c\/chauffagiste-a-romanel-sur-lausanne\/"]}]},{"@type":"ImageObject","inLanguage":"fr-FR","@id":"https:\/\/www.artisanlocal.ch\/c\/chauffagiste-a-romanel-sur-lausanne\/#primaryimage","url":"https:\/\/www.artisanlocal.ch\/c\/wp-content\/uploads\/2024\/10\/chauffagiste.jpg","contentUrl":"https:\/\/www.artisanlocal.ch\/c\/wp-content\/uploads\/2024\/10\/chauffagiste.jpg","width":1920,"height":300},{"@type":"BreadcrumbList","@id":"https:\/\/www.artisanlocal.ch\/c\/chauffagiste-a-romanel-sur-lausanne\/#breadcrumb","itemListElement":[{"@type":"ListItem","position":1,"name":"Accueil","item":"https:\/\/www.artisanlocal.ch\/c\/"},{"@type":"ListItem","position":2,"name":"Chauffagiste \u00e0 Romanel-sur-Lausanne ?"}]},{"@type":"WebSite","@id":"https:\/\/www.artisanlocal.ch\/c\/#website","url":"https:\/\/www.artisanlocal.ch\/c\/","name":"Artisanlocal","description":"","publisher":{"@id":"https:\/\/www.artisanlocal.ch\/c\/#organization"},"potentialAction":[{"@type":"SearchAction","target":{"@type":"EntryPoint","urlTemplate":"https:\/\/www.artisanlocal.ch\/c\/?s={search_term_string}"},"query-input":{"@type":"PropertyValueSpecification","valueRequired":true,"valueName":"search_term_string"}}],"inLanguage":"fr-FR"},{"@type":"Organization","@id":"https:\/\/www.artisanlocal.ch\/c\/#organization","name":"Artisanlocal","url":"https:\/\/www.artisanlocal.ch\/c\/","logo":{"@type":"ImageObject","inLanguage":"fr-FR","@id":"https:\/\/www.artisanlocal.ch\/c\/#\/schema\/logo\/image\/","url":"https:\/\/www.artisanlocal.ch\/c\/wp-content\/uploads\/2024\/02\/logo-artisanlocal-h.svg","contentUrl":"https:\/\/www.artisanlocal.ch\/c\/wp-content\/uploads\/2024\/02\/logo-artisanlocal-h.svg","caption":"Artisanlocal"},"image":{"@id":"https:\/\/www.artisanlocal.ch\/c\/#\/schema\/logo\/image\/"}}]}},"_links":{"self":[{"href":"https:\/\/www.artisanlocal.ch\/c\/wp-json\/wp\/v2\/pages\/684","targetHints":{"allow":["GET"]}}],"collection":[{"href":"https:\/\/www.artisanlocal.ch\/c\/wp-json\/wp\/v2\/pages"}],"about":[{"href":"https:\/\/www.artisanlocal.ch\/c\/wp-json\/wp\/v2\/types\/page"}],"author":[{"embeddable":true,"href":"https:\/\/www.artisanlocal.ch\/c\/wp-json\/wp\/v2\/users\/4"}],"replies":[{"embeddable":true,"href":"https:\/\/www.artisanlocal.ch\/c\/wp-json\/wp\/v2\/comments?post=684"}],"version-history":[{"count":0,"href":"https:\/\/www.artisanlocal.ch\/c\/wp-json\/wp\/v2\/pages\/684\/revisions"}],"wp:featuredmedia":[{"embeddable":true,"href":"https:\/\/www.artisanlocal.ch\/c\/wp-json\/wp\/v2\/media\/2757"}],"wp:attachment":[{"href":"https:\/\/www.artisanlocal.ch\/c\/wp-json\/wp\/v2\/media?parent=684"}],"wp:term":[{"taxonomy":"profession","embeddable":true,"href":"https:\/\/www.artisanlocal.ch\/c\/wp-json\/wp\/v2\/profession?post=684"},{"taxonomy":"location","embeddable":true,"href":"https:\/\/www.artisanlocal.ch\/c\/wp-json\/wp\/v2\/location?post=684"},{"taxonomy":"canton","embeddable":true,"href":"https:\/\/www.artisanlocal.ch\/c\/wp-json\/wp\/v2\/canton?post=684"}],"curies":[{"name":"wp","href":"https:\/\/api.w.org\/{rel}","templated":true}]}}