{"id":685,"date":"2024-04-18T13:54:16","date_gmt":"2024-04-18T11:54:16","guid":{"rendered":"https:\/\/www.artisanlocal.ch\/c\/besoin-dun-chauffagiste-a-lutry\/"},"modified":"2025-08-27T01:32:32","modified_gmt":"2025-08-26T23:32:32","slug":"besoin-dun-chauffagiste-a-lutry","status":"publish","type":"page","link":"https:\/\/www.artisanlocal.ch\/c\/besoin-dun-chauffagiste-a-lutry\/","title":{"rendered":"Chauffagiste \u00e0 Lutry"},"content":{"rendered":"<p>Besoin d&rsquo;un chauffagiste \u00e0 Lutry ? Si vous \u00eates un Lutryen, notre soci\u00e9t\u00e9 installe et r\u00e9pare votre chauffage. En travaillant avec notre entreprise, vous obtenez :<\/p>\n<ul>\n<li>des prix transparents,<\/li>\n<li>des prestations de qualit\u00e9s,<\/li>\n<li>d&rsquo;intervention en urgence \u00e0 Lutry et dans les villes proches,<\/li>\n<li>d&rsquo;un personnel qualifi\u00e9 et avec une solide exp\u00e9rience,<\/li>\n<li>de devis gratuits,<\/li>\n<li>d&rsquo;une \u00e9quipe disponible du lundi au samedi.<\/li>\n<\/ul>\n\r\n<div class=\"box\">\r\n            <div class=\"company-info\">\r\n            <img decoding=\"async\" class=\"company-info__logo\" src=\"https:\/\/www.artisanlocal.ch\/media\/cache\/thumb\/images\/companies\/611a3184c2550010443282.png\" alt=\"Logo\">\r\n            <h2 class=\"company-info__name\">DEVAUX FRERES CHAUFFAGE & SANITAIRE SARL<\/h2>\r\n            <p class=\"company-info__business\">Installations sanitaires - Chauffages<\/p>\r\n        <\/div>\r\n        <div class=\"company-contact\">\r\n            <p class=\"company-info__address\">Chemin du Raffort 1<\/p>\r\n                            <div class=\"links\">\r\n                                            <a class=\"btn has-accent-background-color js-phoneNumber\" href=\"tel:0795983115\" title=\"Appelez\" data-id=\"1873\" data-type=\"11\">079 598 31 15<\/a>\r\n                                                                <a class=\"btn has-accent-background-color\" href=\"https:\/\/www.devaux-freres.ch\/\" target=\"_blank\" title=\"Voir le site internet\" data-id=\"1873\" data-type=\"20\">Site internet<\/a>\r\n                                    <\/div>\r\n                    <\/div>\r\n    \r\n            \r\n<form action=\"https:\/\/www.artisanlocal.ch\/c\/wp-admin\/admin-ajax.php\" method=\"post\" class=\"form-contact\" id=\"artisan_form_contact_company_inline\">\r\n    <div><input type=\"hidden\" name=\"action\" value=\"company_contact\"><\/div>\r\n    <div><input type=\"hidden\" name=\"nonce\" value=\"85ec494698\"><\/div>\r\n    <div><input type=\"hidden\" name=\"company_id\" value=\"1873\"><\/div>\r\n    <div><input type=\"hidden\" name=\"form_id\" value=\"artisan_form_contact_company_inline\"><\/div>\r\n    <div class=\"gglcptch gglcptch_v3 gglcptch_custom\"><input type=\"hidden\" id=\"g-recaptcha-response\" name=\"g-recaptcha-response\" \/><br \/><div class=\"gglcptch_error_text\">La p\u00e9riode de v\u00e9rification reCAPTCHA a expir\u00e9. Veuillez recharger la page.<\/div><\/div>    <div class=\"form-content\">\r\n        <div class=\"form-group\">\r\n            <label for=\"contact_firstName\" class=\"required\">Pr\u00e9nom<\/label>\r\n            <input type=\"text\" name=\"firstName\" class=\"form-control\" required>\r\n        <\/div>\r\n        <div class=\"form-group\">\r\n            <label for=\"contact_lastName\" class=\"required\">Nom<\/label>\r\n            <input type=\"text\" name=\"lastName\" class=\"form-control\" required>\r\n        <\/div>\r\n        <div class=\"form-group\">\r\n            <label for=\"contact_email\" class=\"required\">Email<\/label>\r\n            <input type=\"email\" name=\"email\" class=\"form-control\" required>\r\n        <\/div>\r\n        <div class=\"form-group\">\r\n            <label for=\"contact_phone\" class=\"required\">Num\u00e9ro de t\u00e9l\u00e9phone<\/label>\r\n            <input type=\"tel\" name=\"phone\" class=\"form-control\" placeholder=\"0787117165\" pattern=\"^[0-9]{10}$\" required>\r\n        <\/div>\r\n        <div class=\"form-group\">\r\n            <label for=\"contact_postalCode\" class=\"required\">Code postal et localit\u00e9<\/label>\r\n            <input type=\"text\" name=\"postalCode\" class=\"form-control\" required>\r\n        <\/div>\r\n        <div class=\"form-group\">\r\n            <label for=\"contact_address\" class=\"required\">Adresse<\/label>\r\n            <input type=\"text\" name=\"address\" class=\"form-control\" required>\r\n        <\/div>\r\n        <div class=\"full-width topic\">\r\n            <p class=\"required\">Je souhaite \u00eatre contact\u00e9 pour :<\/p>\r\n            <div class=\"form-check\">\r\n                <input type=\"radio\" name=\"topic\" value=\"D\u00e9pannage\" class=\"form-control\" required>\r\n                <label for=\"d\u00e9pannage\">D\u00e9pannage<\/label>\r\n            <\/div>\r\n            <div class=\"form-check\">\r\n                <input type=\"radio\" name=\"topic\" value=\"Entretien\" class=\"form-control\" required>\r\n                <label for=\"entretien\">Entretien<\/label>\r\n            <\/div>\r\n            <div class=\"form-check\">\r\n                <input type=\"radio\" name=\"topic\" value=\"R\u00e9novation\" class=\"form-control\" required>\r\n                <label for=\"r\u00e9novation\">R\u00e9novation<\/label>\r\n            <\/div>\r\n            <div class=\"form-check\">\r\n                <input type=\"radio\" name=\"topic\" value=\"Autre\" class=\"form-control\" required>\r\n                <label for=\"autre\">Autre<\/label>\r\n            <\/div>\r\n        <\/div>\r\n        <div class=\"form-group full-width\">\r\n            <label for=\"contact_message\">Message<\/label>\r\n            <textarea name=\"message\" rows=\"3\" class=\"form-control\"><\/textarea>\r\n        <\/div>\r\n    <\/div>\r\n    <div class=\"form-actions\">\r\n        <button class=\"wp-block-button__link has-accent-background-color\">Contacter<\/button>\r\n    <\/div>\r\n<\/form>\r\n<div class=\"form-feedback\"><\/div>    <\/div>\n<h2>Pourquoi choisir Artisanlocal ?<\/h2>\n<ul>\n<li>\u00c9valuation rapide de votre projet : une fois que vous avez rempli le formulaire, notre expert \u00e0 Lutry vous appelle le jour m\u00eame pour fixer un rendez-vous.<\/li>\n<li>D\u00e9placement de notre technicien : notre chauffagiste Lutryen se d\u00e9place chez vous pour estimer le montant de vos travaux et contr\u00f4ler la viabilit\u00e9 de votre projet. Ensuite, vous recevez un devis d\u00e9taill\u00e9.<\/li>\n<li>Intervention rapide : apr\u00e8s validation de notre devis, nous programmerons avec vous le jour de l&rsquo;intervention.<\/li>\n<\/ul>\n<h2>Pourquoi la maintenance du chauffage est importante ?<\/h2>\n<p>Avoir un chauffage qui marche est essentiel, surtout, si vous avez de jeunes enfants. Notre entreprise vous assiste pour r\u00e9gler la bonne temp\u00e9rature et v\u00e9rifier le taux de monoxyde de carbone d\u00e9gag\u00e9 par votre chauffage. Nos experts assurent la maintenance et l&rsquo;entretien de votre syst\u00e8me de chauffage, peu importe le type : basse temp\u00e9rature, fioul, gaz, condensation, \u00e9lectrique ou \u00e0 accumulation.<\/p>\n<h2>Votre entreprise propose-t-elle une aide t\u00e9l\u00e9phonique ?<\/h2>\n<p>Oui, Artisanlocal peut vous d\u00e9panner \u00e0 distance. Il suffit juste de nous d\u00e9tailler votre situation pour que nous soyons capables d&rsquo;en d\u00e9terminer les raisons et identifier la meilleure solution. Toutefois, g\u00e9n\u00e9ralement, un chauffagiste doit intervenir \u00e0 votre logement.<\/p>\n<h2>Quel est le mode de fonctionnement de votre entreprise ?<\/h2>\n<ol>\n<li>Premier contact : il est n\u00e9cessaire de nous joindre par t\u00e9l\u00e9phone ou par mail.<\/li>\n<li>D\u00e9placement : un de nos chauffagistes intervient \u00e0 votre domicile.<\/li>\n<li>\u00c9valuation : on \u00e9tudiera la taille de vos pi\u00e8ces, l&rsquo;isolation et l&rsquo;\u00e9quipement actuel pour \u00e9valuer et d\u00e9finir la solution id\u00e9ale.<\/li>\n<li>Avis : une strat\u00e9gie vous sera propos\u00e9e en fonction de votre budget et de vos attentes.<\/li>\n<li>Devis : nous vous livrons un devis pr\u00e9cis avec les diff\u00e9rents montants.<\/li>\n<li>Mise en place : apr\u00e8s avoir accept\u00e9 notre devis, nous installons votre chauffage et ajustons le thermostat par rapport \u00e0 vos besoins.<\/li>\n<\/ol>\n<h2>Quelle est la solution de chauffage la plus adapt\u00e9e pour votre maison ?<\/h2>\n<p>Notre technicien chauffagiste vous oriente pour choisir la meilleure solution, il vous conseille parmi les chauffages existants : \u00e0 gaz, \u00e9lectriques, fioul, classiques, basses temp\u00e9ratures ou \u00e0 condensation.<\/p>\n<p>Les syst\u00e8mes de chauffages \u00e0 condensation ou \u00e0 basse temp\u00e9rature, malgr\u00e9 un co\u00fbt plus important, permettent de r\u00e9aliser des \u00e9conomies sur le long terme.<\/p>\n<p>De plus, avant la mise en place de votre chauffage, il faut d\u00e9terminer le bon thermostat. Le technicien qui se rend \u00e0 votre domicile a l&rsquo;expertise pour r\u00e9gler votre chauffage.<\/p>\n<h2>Solution de maintenance de votre chauffage \u00e0 Lutry<\/h2>\n<p>Assurez-vous de faire l&rsquo;entretien de votre chauffage tous les ans, qu&rsquo;il soit au fioul ou au gaz. Avoir recours \u00e0 un expert pour l&rsquo;entretien de votre chauffage vous permet de contr\u00f4ler les taux de monoxyde de carbone. \u00c0 noter, si votre chauffage produit trop de monoxyde de carbone, il est probable d&rsquo;intoxiquer les membres de votre famille.<\/p>\n<h2>Programme d&rsquo;entretien pour votre chauffage \u00e0 Lutry<\/h2>\n<p>Artisanlocal propose des contrats de maintenance pour votre chauffage dans le but d&rsquo;en garantir le fonctionnement optimal. Avec une maintenance r\u00e9guli\u00e8re, vous r\u00e9alisez des \u00e9conomies en \u00e9vitant les pannes et les r\u00e9parations en urgence.<\/p>\n<p>Par ailleurs, dans le cas o\u00f9 vous auriez un sinistre, votre assurance r\u00e9clamera le contrat d&rsquo;entretien pour v\u00e9rifier l&rsquo;\u00e9tat de votre chauffage avant le sinistre. Notre entreprise propose des contrats de maintenance annuels ou pluriannuels.<\/p>\n<h2>Quels sont les avantages de signer un contrat d\u2019entretien pour votre chauffage ?<\/h2>\n<p>Si vous avez des \u00e9l\u00e9ments d\u00e9fectueux, nous garantissons le remplacement imm\u00e9diat. Par ailleurs, nous nous engageons \u00e0 inspecter l&rsquo;int\u00e9gralit\u00e9 de votre chauffage, comme :<\/p>\n<ul>\n<li>Les niveaux de pression dans vos tuyaux,<\/li>\n<li>et entretenir vos conduits de raccordement, et des \u00e9l\u00e9ments chauffants.<\/li>\n<\/ul>\n<h2>Quels sont les diff\u00e9rents services propos\u00e9s par votre soci\u00e9t\u00e9 ?<\/h2>\n<ul>\n<li>D\u00e9tartrage et le d\u00e9sembouage de radiateur,<\/li>\n<li>Purge d&rsquo;air,<\/li>\n<li>Maintenance de votre chauffage, chaudi\u00e8re et chauffe-eau,<\/li>\n<li>Param\u00e9trage de votre thermostat,<\/li>\n<li>Entretien des chaudi\u00e8res \u00e0 condensation, \u00e0 gaz, basses temp\u00e9ratures, \u00e0 fioul, \u00e0 accumulation et \u00e9lectriques,<\/li>\n<li>R\u00e9novation de la vanne de vidange,<\/li>\n<li>R\u00e9paration et d\u00e9pannage de chaudi\u00e8re, de canalisation, radiateur qui ne chauffe plus.<\/li>\n<li>Installation de : radiateur \u00e9lectrique, plancher chauffant, pompe \u00e0 chaleur, chaudi\u00e8re, chauffage, etc.<\/li>\n<\/ul>\n<h2>Foire aux questions<\/h2>\n<h3>Pourquoi faire appel \u00e0 un chauffagiste Lutryen ?<\/h3>\n<ul>\n<li>Conserver une bonne temp\u00e9rature ambiante dans vos pi\u00e8ces : un chauffage efficace permet de conserver une bonne temp\u00e9rature ambiante dans votre habitation.<\/li>\n<li>R\u00e9aliser des \u00e9conomies : en investissant dans des \u00e9quipements de qualit\u00e9, par exemple l&rsquo;isolation et le chauffage, vous effectuez des \u00e9conomies et diminuer vos \u00e9missions carbones sur le long terme.<\/li>\n<li>Assurer la s\u00fbret\u00e9 de vos installations : respecter les normes de s\u00fbret\u00e9 maintient votre chauffage s\u00fbr et efficace (exemple, pour r\u00e9duire les \u00e9missions de monoxyde de carbone).<\/li>\n<li>Pr\u00e9voir les incidents : en examinant votre installation, un expert peut pr\u00e9voir les futurs probl\u00e8mes.<\/li>\n<\/ul>\n<h3>Comment choisir le bon technicien chauffagiste \u00e0 Lutry ?<\/h3>\n<ul>\n<li>Les comp\u00e9tences : les certifications t\u00e9moignent que l\u2019entreprise \u00e0 un v\u00e9ritable savoir-faire dans son domaine d&rsquo;expertise.<\/li>\n<li>Les r\u00e9f\u00e9rences : les t\u00e9moignages des anciens clients ayant d\u00e9j\u00e0 collabor\u00e9 avec les entreprises sont un gage de qualit\u00e9.<\/li>\n<li>Les garanties : une garantie assurance couvre les \u00e9ventuels dommages occasionn\u00e9s lors des interventions.<\/li>\n<\/ul>\n<h3>\u00c0 quelle rapidit\u00e9 intervenez-vous dans un foyer Lutryen ?<\/h3>\n<p>Nous intervenons chez vous dans les deux heures (pour les demandes urgentes) dans le cas contraire, nous pouvons intervenir dans la semaine.<\/p>\n<h3>Pouvez-vous intervenir \u00e0 Lutry et aux alentours ?<\/h3>\n<p>Oui, nous intervenons \u00e0 Lutry et dans les villes aux alentours, par exemple : Pully, Les Monts-de-Pully, La Croix (Lutry), Belmont-sur-Lausanne, La Conversion, Paudex.<\/p>\n","protected":false},"excerpt":{"rendered":"<p>Besoin d&rsquo;un chauffagiste \u00e0 Lutry ? Si vous \u00eates un Lutryen, notre soci\u00e9t\u00e9 installe et r\u00e9pare votre chauffage. En travaillant avec notre entreprise, vous obtenez : des prix transparents, des prestations de qualit\u00e9s, d&rsquo;intervention en urgence \u00e0 Lutry et dans les villes proches, d&rsquo;un personnel qualifi\u00e9 et avec une solide exp\u00e9rience, de devis gratuits, d&rsquo;une [&hellip;]<\/p>\n","protected":false},"author":4,"featured_media":2757,"parent":0,"menu_order":0,"comment_status":"closed","ping_status":"closed","template":"","meta":{"footnotes":""},"profession":[120],"location":[55],"canton":[113],"class_list":["post-685","page","type-page","status-publish","has-post-thumbnail","hentry","profession-chauffagiste","location-lutry","canton-vd"],"yoast_head":"<!-- This site is optimized with the Yoast SEO Premium plugin v25.7.1 (Yoast SEO v27.3) - https:\/\/yoast.com\/product\/yoast-seo-premium-wordpress\/ -->\n<title>Chauffagiste \u00e0 Lutry - Artisanlocal<\/title>\n<meta name=\"robots\" content=\"index, follow, max-snippet:-1, max-image-preview:large, max-video-preview:-1\" \/>\n<link rel=\"canonical\" href=\"https:\/\/www.artisanlocal.ch\/c\/besoin-dun-chauffagiste-a-lutry\/\" \/>\n<meta property=\"og:locale\" content=\"fr_FR\" \/>\n<meta property=\"og:type\" content=\"article\" \/>\n<meta property=\"og:title\" content=\"Chauffagiste \u00e0 Lutry\" \/>\n<meta property=\"og:description\" content=\"Besoin d&rsquo;un chauffagiste \u00e0 Lutry ? Si vous \u00eates un Lutryen, notre soci\u00e9t\u00e9 installe et r\u00e9pare votre chauffage. En travaillant avec notre entreprise, vous obtenez : des prix transparents, des prestations de qualit\u00e9s, d&rsquo;intervention en urgence \u00e0 Lutry et dans les villes proches, d&rsquo;un personnel qualifi\u00e9 et avec une solide exp\u00e9rience, de devis gratuits, d&rsquo;une [&hellip;]\" \/>\n<meta property=\"og:url\" content=\"https:\/\/www.artisanlocal.ch\/c\/besoin-dun-chauffagiste-a-lutry\/\" \/>\n<meta property=\"og:site_name\" content=\"Artisanlocal\" \/>\n<meta property=\"article:modified_time\" content=\"2025-08-26T23:32:32+00:00\" \/>\n<meta property=\"og:image\" content=\"https:\/\/www.artisanlocal.ch\/c\/wp-content\/uploads\/2024\/10\/chauffagiste.jpg\" \/>\n\t<meta property=\"og:image:width\" content=\"1920\" \/>\n\t<meta property=\"og:image:height\" content=\"300\" \/>\n\t<meta property=\"og:image:type\" content=\"image\/jpeg\" \/>\n<meta name=\"twitter:card\" content=\"summary_large_image\" \/>\n<meta name=\"twitter:label1\" content=\"Dur\u00e9e de lecture estim\u00e9e\" \/>\n\t<meta name=\"twitter:data1\" content=\"5 minutes\" \/>\n<script type=\"application\/ld+json\" class=\"yoast-schema-graph\">{\"@context\":\"https:\\\/\\\/schema.org\",\"@graph\":[{\"@type\":\"WebPage\",\"@id\":\"https:\\\/\\\/www.artisanlocal.ch\\\/c\\\/besoin-dun-chauffagiste-a-lutry\\\/\",\"url\":\"https:\\\/\\\/www.artisanlocal.ch\\\/c\\\/besoin-dun-chauffagiste-a-lutry\\\/\",\"name\":\"Chauffagiste \u00e0 Lutry - Artisanlocal\",\"isPartOf\":{\"@id\":\"https:\\\/\\\/www.artisanlocal.ch\\\/c\\\/#website\"},\"primaryImageOfPage\":{\"@id\":\"https:\\\/\\\/www.artisanlocal.ch\\\/c\\\/besoin-dun-chauffagiste-a-lutry\\\/#primaryimage\"},\"image\":{\"@id\":\"https:\\\/\\\/www.artisanlocal.ch\\\/c\\\/besoin-dun-chauffagiste-a-lutry\\\/#primaryimage\"},\"thumbnailUrl\":\"https:\\\/\\\/www.artisanlocal.ch\\\/c\\\/wp-content\\\/uploads\\\/2024\\\/10\\\/chauffagiste.jpg\",\"datePublished\":\"2024-04-18T11:54:16+00:00\",\"dateModified\":\"2025-08-26T23:32:32+00:00\",\"breadcrumb\":{\"@id\":\"https:\\\/\\\/www.artisanlocal.ch\\\/c\\\/besoin-dun-chauffagiste-a-lutry\\\/#breadcrumb\"},\"inLanguage\":\"fr-FR\",\"potentialAction\":[{\"@type\":\"ReadAction\",\"target\":[\"https:\\\/\\\/www.artisanlocal.ch\\\/c\\\/besoin-dun-chauffagiste-a-lutry\\\/\"]}]},{\"@type\":\"ImageObject\",\"inLanguage\":\"fr-FR\",\"@id\":\"https:\\\/\\\/www.artisanlocal.ch\\\/c\\\/besoin-dun-chauffagiste-a-lutry\\\/#primaryimage\",\"url\":\"https:\\\/\\\/www.artisanlocal.ch\\\/c\\\/wp-content\\\/uploads\\\/2024\\\/10\\\/chauffagiste.jpg\",\"contentUrl\":\"https:\\\/\\\/www.artisanlocal.ch\\\/c\\\/wp-content\\\/uploads\\\/2024\\\/10\\\/chauffagiste.jpg\",\"width\":1920,\"height\":300},{\"@type\":\"BreadcrumbList\",\"@id\":\"https:\\\/\\\/www.artisanlocal.ch\\\/c\\\/besoin-dun-chauffagiste-a-lutry\\\/#breadcrumb\",\"itemListElement\":[{\"@type\":\"ListItem\",\"position\":1,\"name\":\"Accueil\",\"item\":\"https:\\\/\\\/www.artisanlocal.ch\\\/c\\\/\"},{\"@type\":\"ListItem\",\"position\":2,\"name\":\"Chauffagiste \u00e0 Lutry\"}]},{\"@type\":\"WebSite\",\"@id\":\"https:\\\/\\\/www.artisanlocal.ch\\\/c\\\/#website\",\"url\":\"https:\\\/\\\/www.artisanlocal.ch\\\/c\\\/\",\"name\":\"Artisanlocal\",\"description\":\"\",\"publisher\":{\"@id\":\"https:\\\/\\\/www.artisanlocal.ch\\\/c\\\/#organization\"},\"potentialAction\":[{\"@type\":\"SearchAction\",\"target\":{\"@type\":\"EntryPoint\",\"urlTemplate\":\"https:\\\/\\\/www.artisanlocal.ch\\\/c\\\/?s={search_term_string}\"},\"query-input\":{\"@type\":\"PropertyValueSpecification\",\"valueRequired\":true,\"valueName\":\"search_term_string\"}}],\"inLanguage\":\"fr-FR\"},{\"@type\":\"Organization\",\"@id\":\"https:\\\/\\\/www.artisanlocal.ch\\\/c\\\/#organization\",\"name\":\"Artisanlocal\",\"url\":\"https:\\\/\\\/www.artisanlocal.ch\\\/c\\\/\",\"logo\":{\"@type\":\"ImageObject\",\"inLanguage\":\"fr-FR\",\"@id\":\"https:\\\/\\\/www.artisanlocal.ch\\\/c\\\/#\\\/schema\\\/logo\\\/image\\\/\",\"url\":\"https:\\\/\\\/www.artisanlocal.ch\\\/c\\\/wp-content\\\/uploads\\\/2024\\\/02\\\/logo-artisanlocal-h.svg\",\"contentUrl\":\"https:\\\/\\\/www.artisanlocal.ch\\\/c\\\/wp-content\\\/uploads\\\/2024\\\/02\\\/logo-artisanlocal-h.svg\",\"caption\":\"Artisanlocal\"},\"image\":{\"@id\":\"https:\\\/\\\/www.artisanlocal.ch\\\/c\\\/#\\\/schema\\\/logo\\\/image\\\/\"}}]}<\/script>\n<!-- \/ Yoast SEO Premium plugin. -->","yoast_head_json":{"title":"Chauffagiste \u00e0 Lutry - Artisanlocal","robots":{"index":"index","follow":"follow","max-snippet":"max-snippet:-1","max-image-preview":"max-image-preview:large","max-video-preview":"max-video-preview:-1"},"canonical":"https:\/\/www.artisanlocal.ch\/c\/besoin-dun-chauffagiste-a-lutry\/","og_locale":"fr_FR","og_type":"article","og_title":"Chauffagiste \u00e0 Lutry","og_description":"Besoin d&rsquo;un chauffagiste \u00e0 Lutry ? Si vous \u00eates un Lutryen, notre soci\u00e9t\u00e9 installe et r\u00e9pare votre chauffage. En travaillant avec notre entreprise, vous obtenez : des prix transparents, des prestations de qualit\u00e9s, d&rsquo;intervention en urgence \u00e0 Lutry et dans les villes proches, d&rsquo;un personnel qualifi\u00e9 et avec une solide exp\u00e9rience, de devis gratuits, d&rsquo;une [&hellip;]","og_url":"https:\/\/www.artisanlocal.ch\/c\/besoin-dun-chauffagiste-a-lutry\/","og_site_name":"Artisanlocal","article_modified_time":"2025-08-26T23:32:32+00:00","og_image":[{"width":1920,"height":300,"url":"https:\/\/www.artisanlocal.ch\/c\/wp-content\/uploads\/2024\/10\/chauffagiste.jpg","type":"image\/jpeg"}],"twitter_card":"summary_large_image","twitter_misc":{"Dur\u00e9e de lecture estim\u00e9e":"5 minutes"},"schema":{"@context":"https:\/\/schema.org","@graph":[{"@type":"WebPage","@id":"https:\/\/www.artisanlocal.ch\/c\/besoin-dun-chauffagiste-a-lutry\/","url":"https:\/\/www.artisanlocal.ch\/c\/besoin-dun-chauffagiste-a-lutry\/","name":"Chauffagiste \u00e0 Lutry - Artisanlocal","isPartOf":{"@id":"https:\/\/www.artisanlocal.ch\/c\/#website"},"primaryImageOfPage":{"@id":"https:\/\/www.artisanlocal.ch\/c\/besoin-dun-chauffagiste-a-lutry\/#primaryimage"},"image":{"@id":"https:\/\/www.artisanlocal.ch\/c\/besoin-dun-chauffagiste-a-lutry\/#primaryimage"},"thumbnailUrl":"https:\/\/www.artisanlocal.ch\/c\/wp-content\/uploads\/2024\/10\/chauffagiste.jpg","datePublished":"2024-04-18T11:54:16+00:00","dateModified":"2025-08-26T23:32:32+00:00","breadcrumb":{"@id":"https:\/\/www.artisanlocal.ch\/c\/besoin-dun-chauffagiste-a-lutry\/#breadcrumb"},"inLanguage":"fr-FR","potentialAction":[{"@type":"ReadAction","target":["https:\/\/www.artisanlocal.ch\/c\/besoin-dun-chauffagiste-a-lutry\/"]}]},{"@type":"ImageObject","inLanguage":"fr-FR","@id":"https:\/\/www.artisanlocal.ch\/c\/besoin-dun-chauffagiste-a-lutry\/#primaryimage","url":"https:\/\/www.artisanlocal.ch\/c\/wp-content\/uploads\/2024\/10\/chauffagiste.jpg","contentUrl":"https:\/\/www.artisanlocal.ch\/c\/wp-content\/uploads\/2024\/10\/chauffagiste.jpg","width":1920,"height":300},{"@type":"BreadcrumbList","@id":"https:\/\/www.artisanlocal.ch\/c\/besoin-dun-chauffagiste-a-lutry\/#breadcrumb","itemListElement":[{"@type":"ListItem","position":1,"name":"Accueil","item":"https:\/\/www.artisanlocal.ch\/c\/"},{"@type":"ListItem","position":2,"name":"Chauffagiste \u00e0 Lutry"}]},{"@type":"WebSite","@id":"https:\/\/www.artisanlocal.ch\/c\/#website","url":"https:\/\/www.artisanlocal.ch\/c\/","name":"Artisanlocal","description":"","publisher":{"@id":"https:\/\/www.artisanlocal.ch\/c\/#organization"},"potentialAction":[{"@type":"SearchAction","target":{"@type":"EntryPoint","urlTemplate":"https:\/\/www.artisanlocal.ch\/c\/?s={search_term_string}"},"query-input":{"@type":"PropertyValueSpecification","valueRequired":true,"valueName":"search_term_string"}}],"inLanguage":"fr-FR"},{"@type":"Organization","@id":"https:\/\/www.artisanlocal.ch\/c\/#organization","name":"Artisanlocal","url":"https:\/\/www.artisanlocal.ch\/c\/","logo":{"@type":"ImageObject","inLanguage":"fr-FR","@id":"https:\/\/www.artisanlocal.ch\/c\/#\/schema\/logo\/image\/","url":"https:\/\/www.artisanlocal.ch\/c\/wp-content\/uploads\/2024\/02\/logo-artisanlocal-h.svg","contentUrl":"https:\/\/www.artisanlocal.ch\/c\/wp-content\/uploads\/2024\/02\/logo-artisanlocal-h.svg","caption":"Artisanlocal"},"image":{"@id":"https:\/\/www.artisanlocal.ch\/c\/#\/schema\/logo\/image\/"}}]}},"_links":{"self":[{"href":"https:\/\/www.artisanlocal.ch\/c\/wp-json\/wp\/v2\/pages\/685","targetHints":{"allow":["GET"]}}],"collection":[{"href":"https:\/\/www.artisanlocal.ch\/c\/wp-json\/wp\/v2\/pages"}],"about":[{"href":"https:\/\/www.artisanlocal.ch\/c\/wp-json\/wp\/v2\/types\/page"}],"author":[{"embeddable":true,"href":"https:\/\/www.artisanlocal.ch\/c\/wp-json\/wp\/v2\/users\/4"}],"replies":[{"embeddable":true,"href":"https:\/\/www.artisanlocal.ch\/c\/wp-json\/wp\/v2\/comments?post=685"}],"version-history":[{"count":0,"href":"https:\/\/www.artisanlocal.ch\/c\/wp-json\/wp\/v2\/pages\/685\/revisions"}],"wp:featuredmedia":[{"embeddable":true,"href":"https:\/\/www.artisanlocal.ch\/c\/wp-json\/wp\/v2\/media\/2757"}],"wp:attachment":[{"href":"https:\/\/www.artisanlocal.ch\/c\/wp-json\/wp\/v2\/media?parent=685"}],"wp:term":[{"taxonomy":"profession","embeddable":true,"href":"https:\/\/www.artisanlocal.ch\/c\/wp-json\/wp\/v2\/profession?post=685"},{"taxonomy":"location","embeddable":true,"href":"https:\/\/www.artisanlocal.ch\/c\/wp-json\/wp\/v2\/location?post=685"},{"taxonomy":"canton","embeddable":true,"href":"https:\/\/www.artisanlocal.ch\/c\/wp-json\/wp\/v2\/canton?post=685"}],"curies":[{"name":"wp","href":"https:\/\/api.w.org\/{rel}","templated":true}]}}