{"id":686,"date":"2024-04-19T02:14:02","date_gmt":"2024-04-19T00:14:02","guid":{"rendered":"https:\/\/www.artisanlocal.ch\/c\/chauffagiste-a-crissier\/"},"modified":"2025-08-27T01:32:19","modified_gmt":"2025-08-26T23:32:19","slug":"chauffagiste-a-crissier","status":"publish","type":"page","link":"https:\/\/www.artisanlocal.ch\/c\/chauffagiste-a-crissier\/","title":{"rendered":"Chauffagiste \u00e0 Crissier ?"},"content":{"rendered":"<p>Besoin d&rsquo;un chauffagiste \u00e0 Crissier ? Artisanlocal r\u00e9nove votre chaudi\u00e8re et r\u00e9alise vos travaux de chauffage \u00e0 Crissier. Si vous travaillez avec Artisanlocal, vous b\u00e9n\u00e9ficiez :<\/p>\n<ul>\n<li>d&rsquo;une tarification d\u00e9taill\u00e9e,<\/li>\n<li>de prestations de qualit\u00e9 sup\u00e9rieure,<\/li>\n<li>d&rsquo;intervention \u00e0 Crissier et dans ses alentours,<\/li>\n<li>d&rsquo;un personnel qualifi\u00e9 et avec de l&rsquo;exp\u00e9rience,<\/li>\n<li>de devis gratuits,<\/li>\n<li>de techniciens joignables du lundi au samedi afin de r\u00e9pondre \u00e0 toutes vos interrogations.<\/li>\n<\/ul>\n\r\n<div class=\"box\">\r\n            <div class=\"company-info\">\r\n            <img decoding=\"async\" class=\"company-info__logo\" src=\"https:\/\/www.artisanlocal.ch\/media\/cache\/thumb\/images\/companies\/611a3184c2550010443282.png\" alt=\"Logo\">\r\n            <h2 class=\"company-info__name\">DEVAUX FRERES CHAUFFAGE & SANITAIRE SARL<\/h2>\r\n            <p class=\"company-info__business\">Installations sanitaires - Chauffages<\/p>\r\n        <\/div>\r\n        <div class=\"company-contact\">\r\n            <p class=\"company-info__address\">Chemin du Raffort 1<\/p>\r\n                            <div class=\"links\">\r\n                                            <a class=\"btn has-accent-background-color js-phoneNumber\" href=\"tel:0795983115\" title=\"Appelez\" data-id=\"1873\" data-type=\"11\">079 598 31 15<\/a>\r\n                                                                <a class=\"btn has-accent-background-color\" href=\"https:\/\/www.devaux-freres.ch\/\" target=\"_blank\" title=\"Voir le site internet\" data-id=\"1873\" data-type=\"20\">Site internet<\/a>\r\n                                    <\/div>\r\n                    <\/div>\r\n    \r\n            \r\n<form action=\"https:\/\/www.artisanlocal.ch\/c\/wp-admin\/admin-ajax.php\" method=\"post\" class=\"form-contact\" id=\"artisan_form_contact_company_inline\">\r\n    <div><input type=\"hidden\" name=\"action\" value=\"company_contact\"><\/div>\r\n    <div><input type=\"hidden\" name=\"nonce\" value=\"71c831c7eb\"><\/div>\r\n    <div><input type=\"hidden\" name=\"company_id\" value=\"1873\"><\/div>\r\n    <div><input type=\"hidden\" name=\"form_id\" value=\"artisan_form_contact_company_inline\"><\/div>\r\n    <div class=\"gglcptch gglcptch_v3 gglcptch_custom\"><input type=\"hidden\" id=\"g-recaptcha-response\" name=\"g-recaptcha-response\" \/><br \/><div class=\"gglcptch_error_text\">La p\u00e9riode de v\u00e9rification reCAPTCHA a expir\u00e9. Veuillez recharger la page.<\/div><\/div>    <div class=\"form-content\">\r\n        <div class=\"form-group\">\r\n            <label for=\"contact_firstName\" class=\"required\">Pr\u00e9nom<\/label>\r\n            <input type=\"text\" name=\"firstName\" class=\"form-control\" required>\r\n        <\/div>\r\n        <div class=\"form-group\">\r\n            <label for=\"contact_lastName\" class=\"required\">Nom<\/label>\r\n            <input type=\"text\" name=\"lastName\" class=\"form-control\" required>\r\n        <\/div>\r\n        <div class=\"form-group\">\r\n            <label for=\"contact_email\" class=\"required\">Email<\/label>\r\n            <input type=\"email\" name=\"email\" class=\"form-control\" required>\r\n        <\/div>\r\n        <div class=\"form-group\">\r\n            <label for=\"contact_phone\" class=\"required\">Num\u00e9ro de t\u00e9l\u00e9phone<\/label>\r\n            <input type=\"tel\" name=\"phone\" class=\"form-control\" placeholder=\"0787117165\" pattern=\"^[0-9]{10}$\" required>\r\n        <\/div>\r\n        <div class=\"form-group\">\r\n            <label for=\"contact_postalCode\" class=\"required\">Code postal et localit\u00e9<\/label>\r\n            <input type=\"text\" name=\"postalCode\" class=\"form-control\" required>\r\n        <\/div>\r\n        <div class=\"form-group\">\r\n            <label for=\"contact_address\" class=\"required\">Adresse<\/label>\r\n            <input type=\"text\" name=\"address\" class=\"form-control\" required>\r\n        <\/div>\r\n        <div class=\"full-width topic\">\r\n            <p class=\"required\">Je souhaite \u00eatre contact\u00e9 pour :<\/p>\r\n            <div class=\"form-check\">\r\n                <input type=\"radio\" name=\"topic\" value=\"D\u00e9pannage\" class=\"form-control\" required>\r\n                <label for=\"d\u00e9pannage\">D\u00e9pannage<\/label>\r\n            <\/div>\r\n            <div class=\"form-check\">\r\n                <input type=\"radio\" name=\"topic\" value=\"Entretien\" class=\"form-control\" required>\r\n                <label for=\"entretien\">Entretien<\/label>\r\n            <\/div>\r\n            <div class=\"form-check\">\r\n                <input type=\"radio\" name=\"topic\" value=\"R\u00e9novation\" class=\"form-control\" required>\r\n                <label for=\"r\u00e9novation\">R\u00e9novation<\/label>\r\n            <\/div>\r\n            <div class=\"form-check\">\r\n                <input type=\"radio\" name=\"topic\" value=\"Autre\" class=\"form-control\" required>\r\n                <label for=\"autre\">Autre<\/label>\r\n            <\/div>\r\n        <\/div>\r\n        <div class=\"form-group full-width\">\r\n            <label for=\"contact_message\">Message<\/label>\r\n            <textarea name=\"message\" rows=\"3\" class=\"form-control\"><\/textarea>\r\n        <\/div>\r\n    <\/div>\r\n    <div class=\"form-actions\">\r\n        <button class=\"wp-block-button__link has-accent-background-color\">Contacter<\/button>\r\n    <\/div>\r\n<\/form>\r\n<div class=\"form-feedback\"><\/div>    <\/div>\n<h2>Pourquoi travailler avec notre soci\u00e9t\u00e9 ?<\/h2>\n<p>\u00c9valuation rapide pour la mise en place ou le changement de votre chauffage : d\u00e8s que vous nous envoyez le formulaire, notre chauffagiste \u00e0 Crissier vous contacte dans la journ\u00e9e.<\/p>\n<p>D\u00e9placement de notre technicien chez vous : notre technicien Crissirois vient chez vous le jour m\u00eame pour \u00e9valuer le co\u00fbt de votre chantier et v\u00e9rifier la faisabilit\u00e9 de votre projet. Vous recevrez une \u00e9valuation et pourrez poser toutes vos questions.<\/p>\n<p>Installation de votre chauffage en 24 \u00e0 48 heures : une fois que vous avez accept\u00e9 notre devis. Nous d\u00e9terminerons la date de notre intervention ensemble.<\/p>\n<p>D\u00e9pannage et entretien : si une panne survient chaudi\u00e8re, chauffe-eau ou syst\u00e8me de chauffage. Nous sommes pr\u00eats \u00e0 intervenir \u00e0 Crissier ainsi que dans les communes proches.<\/p>\n<h2>Pourquoi doit-on entretenir un chauffage ?<\/h2>\n<p>Avoir un syst\u00e8me de chauffage qui fonctionne est essentiel, surtout dans les foyers avec de jeunes enfants. Nos techniciens vous aident \u00e0 param\u00e9trer la bonne temp\u00e9rature et le taux de monoxyde de carbone g\u00e9n\u00e9r\u00e9 par votre chauffage. Quel que soit le type de votre syst\u00e8me de chauffage, nos chauffagistes garantissent la maintenance et l&rsquo;entretien, de votre chauffage : \u00e0 accumulation, basse temp\u00e9rature, fioul, condensation, \u00e9lectrique ou \u00e0 gaz.<\/p>\n<h2>L&rsquo;entreprise Artisanlocal propose-t-elle une aide t\u00e9l\u00e9phonique ?<\/h2>\n<p>Oui, l&rsquo;entreprise Artisanlocal peut vous guider \u00e0 distance. Il vous suffit de nous d\u00e9tailler votre situation pour que nous puissions en \u00e9valuer les origines et identifier la solution. N\u00e9anmoins, dans de nombreux cas, un expert doit intervenir \u00e0 votre domicile.<\/p>\n<h2>Quel est le mode de fonctionnement d&rsquo;Artisanlocal ?<\/h2>\n<ol>\n<li>Premier contact : vous devez nous joindre par t\u00e9l\u00e9phone ou par message.<\/li>\n<li>D\u00e9placement : un expert chauffagiste Crissirois intervient \u00e0 votre domicile.<\/li>\n<li>Estimation : on examinera le volume de vos pi\u00e8ces, l&rsquo;isolation et l&rsquo;\u00e9quipement actuel pour \u00e9valuer et d\u00e9terminer la solution id\u00e9ale.<\/li>\n<li>Recommandation : une solution vous sera pr\u00e9sent\u00e9e en fonction de vos besoins et votre budget.<\/li>\n<li>Estimation : nous vous fournissons un devis d\u00e9taill\u00e9 avec les divers prix.<\/li>\n<li>Mise en place : apr\u00e8s avoir accept\u00e9 notre estimation et en fonction de votre agenda, nous posons votre syst\u00e8me de chauffage, et r\u00e9glons votre thermostat.<\/li>\n<\/ol>\n<h2>Quels sont les chauffages les plus performants pour votre maison ?<\/h2>\n<p>Notre expert chauffagiste vous aide pour choisir la meilleure solution, il vous donne des conseils sur mesure, parmi les \u00e9quipements chauffages : \u00e0 condensation, \u00e0 gaz, \u00e9lectriques, fioul, classiques ou encore basses temp\u00e9ratures.<\/p>\n<p>Les chauffages \u00e0 condensation ou basses temp\u00e9ratures valent plus cher \u00e0 l&rsquo;achat, mais ils permettent de r\u00e9aliser des \u00e9conomies sur la dur\u00e9e.<\/p>\n<p>Avant la mise en place de votre chauffage, il faut d\u00e9terminer le bon thermostat. L&rsquo;expert qui vient chez vous est un professionnel avec une grande exp\u00e9rience. Vous retrouverez dans notre estimation les \u00e9l\u00e9ments de notre intervention.<\/p>\n<h2>Maintenance de votre chauffage \u00e0 Crissier<\/h2>\n<p>Vous devez accomplir l&rsquo;entretien annuel de votre syst\u00e8me de chauffage, qu&rsquo;il soit \u00e0 gaz ou au fioul. Avoir recours \u00e0 un expert pour la maintenance de votre chauffage offre la possibilit\u00e9 de contr\u00f4ler les \u00e9missions de monoxyde de carbone. \u00c0 noter, si votre chauffage cr\u00e9e beaucoup de monoxyde de carbone, cela peut causer une intoxication. Le chauffagiste qui se rend dans votre logement contr\u00f4le et r\u00e8gle les \u00e9missions de monoxyde de carbone de mani\u00e8re \u00e0 vous \u00e9viter d&rsquo;avoir des potentiels probl\u00e8mes m\u00e9dicaux.<\/p>\n<h2>Contrat d&rsquo;assistance pour votre chauffage \u00e0 Crissier<\/h2>\n<p>Pour assurer le bon \u00e9tat de marche de votre chauffage, nous offrons des contrats de maintenance sur mesure. Avec un entretien r\u00e9gulier, vous \u00e9conomisez de l&rsquo;argent en \u00e9vitant les dysfonctionnements et les d\u00e9pannages en urgence.<\/p>\n<p>Aussi, si vous avez un sinistre, votre assureur demande le contrat d&rsquo;entretien dans le but de v\u00e9rifier l&rsquo;\u00e9tat g\u00e9n\u00e9ral de votre chauffage en amont de l&rsquo;incident. Notre entreprise offre des contrats de maintenance pluriannuels ou annuels.<\/p>\n<h2>Quels sont les b\u00e9n\u00e9fices de signer un contrat d\u2019entretien pour votre chauffage ?<\/h2>\n<p>En cas de \u00e9l\u00e9ments d\u00e9fectueux, nous assurons le remplacement rapide. D&rsquo;autre part, nous prenons l&rsquo;engagement d&rsquo;inspecter la totalit\u00e9 de votre chauffage, comme :<\/p>\n<ul>\n<li>Les pressions de vos conduits,<\/li>\n<li>et r\u00e9alisons-le nettoyage de votre br\u00fbleur, des tuyaux de raccordement et des \u00e9l\u00e9ments chauffants.<\/li>\n<\/ul>\n<h2>Quelles sont les diff\u00e9rentes prestations propos\u00e9es par votre entreprise ?<\/h2>\n<p>Nos experts se d\u00e9placent dans votre domicile, pour effectuer :<\/p>\n<ul>\n<li>le d\u00e9sembouage et le d\u00e9tartrage de vos radiateurs,<\/li>\n<li>la purge de l&rsquo;air de vos radiateurs,<\/li>\n<li>la maintenance des chauffe-eau et des chaudi\u00e8res,<\/li>\n<li>l&rsquo;ajustement des thermostats,<\/li>\n<li>la maintenance chaudi\u00e8res \u00e0 condensation, \u00e0 gaz, \u00e0 accumulation, \u00e0 fioul, \u00e9lectriques et basses temp\u00e9ratures,<\/li>\n<li>la remise en \u00e9tat de la vanne de vidange,<\/li>\n<li> la r\u00e9paration et le d\u00e9pannage sur tous types de probl\u00e8mes techniques : de votre chaudi\u00e8re, radiateur qui ne chauffe plus, fuite de canalisation, etc.<\/li>\n<li>la pose de votre : chauffage, pompe \u00e0 chaleur, chaudi\u00e8re, radiateur \u00e9lectrique, plancher chauffant, etc.<\/li>\n<\/ul>\n<h2>FAQ<\/h2>\n<h3>Pourquoi faire appel \u00e0 un chauffagiste Crissirois ?<\/h3>\n<p>Renforcer la temp\u00e9rature de votre int\u00e9rieur : un syst\u00e8me de chauffage efficient maintient la temp\u00e9rature int\u00e9rieur de votre logement.<\/p>\n<p>Faire des \u00e9conomies : en investissant dans des \u00e9quipements de qualit\u00e9, exemple l&rsquo;isolation et le chauffage, vous r\u00e9duisez vos \u00e9missions de CO2 et vous faites des \u00e9conomies.<\/p>\n<p>Pr\u00e9server la s\u00fbret\u00e9 de votre syst\u00e8me de chauffage : un syst\u00e8me de chauffage efficace permet de r\u00e9pondre aux normes de fiabilit\u00e9 en vigueur (par exemple, pour r\u00e9duire les \u00e9missions de monoxyde de carbone).<\/p>\n<p>\u00c9viter les difficult\u00e9s : en examinant votre installation, un de nos techniciens peut pr\u00e9voir les futurs probl\u00e8mes.<\/p>\n<h3>Quels sont les crit\u00e8res \u00e0 prendre en consid\u00e9ration pour s\u00e9lectionner le meilleur technicien chauffagiste \u00e0 Crissier ?<\/h3>\n<p>Les comp\u00e9tences : v\u00e9rifiez les comp\u00e9tences avant de choisir l&rsquo;entreprise de chauffage.<\/p>\n<p>Les cas clients : prenez le temps de consulter les avis des anciens clients ayant d\u00e9j\u00e0 travaill\u00e9 avec les soci\u00e9t\u00e9s.<\/p>\n<p>Les assurances : assurez-vous que la soci\u00e9t\u00e9 de chauffage b\u00e9n\u00e9ficie d&rsquo;une assurance qui couvre les \u00e9ventuels d\u00e9g\u00e2ts caus\u00e9s lors de ses op\u00e9rations.<\/p>\n<h3>Quelle est votre vitesse d&rsquo;intervention \u00e0 Crissier ?<\/h3>\n<p>Si vous avez une demande d&rsquo;intervention qui ne peut attendre, nous avons la possibilit\u00e9 d\u2019intervenir dans un d\u00e9lai de 2 heures, s&rsquo;il n&rsquo;y a pas d&rsquo;urgence concernant votre demande, nous op\u00e9rons normalement dans la journ\u00e9e.<\/p>\n<h3>Votre soci\u00e9t\u00e9 est disponible pour agir \u00e0 Crissier, mais aussi dans les localit\u00e9s aux alentours ?<\/h3>\n<p>En effet, nous r\u00e9alisons nos interventions \u00e0 Crissier et dans les communes aux environs, par exemple : Jouxtens-M\u00e9zery, Prilly, Renens VD.<\/p>\n","protected":false},"excerpt":{"rendered":"<p>Besoin d&rsquo;un chauffagiste \u00e0 Crissier ? Artisanlocal r\u00e9nove votre chaudi\u00e8re et r\u00e9alise vos travaux de chauffage \u00e0 Crissier. Si vous travaillez avec Artisanlocal, vous b\u00e9n\u00e9ficiez : d&rsquo;une tarification d\u00e9taill\u00e9e, de prestations de qualit\u00e9 sup\u00e9rieure, d&rsquo;intervention \u00e0 Crissier et dans ses alentours, d&rsquo;un personnel qualifi\u00e9 et avec de l&rsquo;exp\u00e9rience, de devis gratuits, de techniciens joignables du [&hellip;]<\/p>\n","protected":false},"author":4,"featured_media":2757,"parent":0,"menu_order":0,"comment_status":"closed","ping_status":"closed","template":"","meta":{"footnotes":""},"profession":[120],"location":[65],"canton":[113],"class_list":["post-686","page","type-page","status-publish","has-post-thumbnail","hentry","profession-chauffagiste","location-crissier","canton-vd"],"yoast_head":"<!-- This site is optimized with the Yoast SEO Premium plugin v25.7.1 (Yoast SEO v27.4) - https:\/\/yoast.com\/product\/yoast-seo-premium-wordpress\/ -->\n<title>Chauffagiste \u00e0 Crissier ? - Artisanlocal<\/title>\n<meta name=\"robots\" content=\"index, follow, max-snippet:-1, max-image-preview:large, max-video-preview:-1\" \/>\n<link rel=\"canonical\" href=\"https:\/\/www.artisanlocal.ch\/c\/chauffagiste-a-crissier\/\" \/>\n<meta property=\"og:locale\" content=\"fr_FR\" \/>\n<meta property=\"og:type\" content=\"article\" \/>\n<meta property=\"og:title\" content=\"Chauffagiste \u00e0 Crissier ?\" \/>\n<meta property=\"og:description\" content=\"Besoin d&rsquo;un chauffagiste \u00e0 Crissier ? Artisanlocal r\u00e9nove votre chaudi\u00e8re et r\u00e9alise vos travaux de chauffage \u00e0 Crissier. Si vous travaillez avec Artisanlocal, vous b\u00e9n\u00e9ficiez : d&rsquo;une tarification d\u00e9taill\u00e9e, de prestations de qualit\u00e9 sup\u00e9rieure, d&rsquo;intervention \u00e0 Crissier et dans ses alentours, d&rsquo;un personnel qualifi\u00e9 et avec de l&rsquo;exp\u00e9rience, de devis gratuits, de techniciens joignables du [&hellip;]\" \/>\n<meta property=\"og:url\" content=\"https:\/\/www.artisanlocal.ch\/c\/chauffagiste-a-crissier\/\" \/>\n<meta property=\"og:site_name\" content=\"Artisanlocal\" \/>\n<meta property=\"article:modified_time\" content=\"2025-08-26T23:32:19+00:00\" \/>\n<meta property=\"og:image\" content=\"https:\/\/www.artisanlocal.ch\/c\/wp-content\/uploads\/2024\/10\/chauffagiste.jpg\" \/>\n\t<meta property=\"og:image:width\" content=\"1920\" \/>\n\t<meta property=\"og:image:height\" content=\"300\" \/>\n\t<meta property=\"og:image:type\" content=\"image\/jpeg\" \/>\n<meta name=\"twitter:card\" content=\"summary_large_image\" \/>\n<meta name=\"twitter:label1\" content=\"Dur\u00e9e de lecture estim\u00e9e\" \/>\n\t<meta name=\"twitter:data1\" content=\"6 minutes\" \/>\n<script type=\"application\/ld+json\" class=\"yoast-schema-graph\">{\"@context\":\"https:\\\/\\\/schema.org\",\"@graph\":[{\"@type\":\"WebPage\",\"@id\":\"https:\\\/\\\/www.artisanlocal.ch\\\/c\\\/chauffagiste-a-crissier\\\/\",\"url\":\"https:\\\/\\\/www.artisanlocal.ch\\\/c\\\/chauffagiste-a-crissier\\\/\",\"name\":\"Chauffagiste \u00e0 Crissier ? - Artisanlocal\",\"isPartOf\":{\"@id\":\"https:\\\/\\\/www.artisanlocal.ch\\\/c\\\/#website\"},\"primaryImageOfPage\":{\"@id\":\"https:\\\/\\\/www.artisanlocal.ch\\\/c\\\/chauffagiste-a-crissier\\\/#primaryimage\"},\"image\":{\"@id\":\"https:\\\/\\\/www.artisanlocal.ch\\\/c\\\/chauffagiste-a-crissier\\\/#primaryimage\"},\"thumbnailUrl\":\"https:\\\/\\\/www.artisanlocal.ch\\\/c\\\/wp-content\\\/uploads\\\/2024\\\/10\\\/chauffagiste.jpg\",\"datePublished\":\"2024-04-19T00:14:02+00:00\",\"dateModified\":\"2025-08-26T23:32:19+00:00\",\"breadcrumb\":{\"@id\":\"https:\\\/\\\/www.artisanlocal.ch\\\/c\\\/chauffagiste-a-crissier\\\/#breadcrumb\"},\"inLanguage\":\"fr-FR\",\"potentialAction\":[{\"@type\":\"ReadAction\",\"target\":[\"https:\\\/\\\/www.artisanlocal.ch\\\/c\\\/chauffagiste-a-crissier\\\/\"]}]},{\"@type\":\"ImageObject\",\"inLanguage\":\"fr-FR\",\"@id\":\"https:\\\/\\\/www.artisanlocal.ch\\\/c\\\/chauffagiste-a-crissier\\\/#primaryimage\",\"url\":\"https:\\\/\\\/www.artisanlocal.ch\\\/c\\\/wp-content\\\/uploads\\\/2024\\\/10\\\/chauffagiste.jpg\",\"contentUrl\":\"https:\\\/\\\/www.artisanlocal.ch\\\/c\\\/wp-content\\\/uploads\\\/2024\\\/10\\\/chauffagiste.jpg\",\"width\":1920,\"height\":300},{\"@type\":\"BreadcrumbList\",\"@id\":\"https:\\\/\\\/www.artisanlocal.ch\\\/c\\\/chauffagiste-a-crissier\\\/#breadcrumb\",\"itemListElement\":[{\"@type\":\"ListItem\",\"position\":1,\"name\":\"Accueil\",\"item\":\"https:\\\/\\\/www.artisanlocal.ch\\\/c\\\/\"},{\"@type\":\"ListItem\",\"position\":2,\"name\":\"Chauffagiste \u00e0 Crissier ?\"}]},{\"@type\":\"WebSite\",\"@id\":\"https:\\\/\\\/www.artisanlocal.ch\\\/c\\\/#website\",\"url\":\"https:\\\/\\\/www.artisanlocal.ch\\\/c\\\/\",\"name\":\"Artisanlocal\",\"description\":\"\",\"publisher\":{\"@id\":\"https:\\\/\\\/www.artisanlocal.ch\\\/c\\\/#organization\"},\"potentialAction\":[{\"@type\":\"SearchAction\",\"target\":{\"@type\":\"EntryPoint\",\"urlTemplate\":\"https:\\\/\\\/www.artisanlocal.ch\\\/c\\\/?s={search_term_string}\"},\"query-input\":{\"@type\":\"PropertyValueSpecification\",\"valueRequired\":true,\"valueName\":\"search_term_string\"}}],\"inLanguage\":\"fr-FR\"},{\"@type\":\"Organization\",\"@id\":\"https:\\\/\\\/www.artisanlocal.ch\\\/c\\\/#organization\",\"name\":\"Artisanlocal\",\"url\":\"https:\\\/\\\/www.artisanlocal.ch\\\/c\\\/\",\"logo\":{\"@type\":\"ImageObject\",\"inLanguage\":\"fr-FR\",\"@id\":\"https:\\\/\\\/www.artisanlocal.ch\\\/c\\\/#\\\/schema\\\/logo\\\/image\\\/\",\"url\":\"https:\\\/\\\/www.artisanlocal.ch\\\/c\\\/wp-content\\\/uploads\\\/2024\\\/02\\\/logo-artisanlocal-h.svg\",\"contentUrl\":\"https:\\\/\\\/www.artisanlocal.ch\\\/c\\\/wp-content\\\/uploads\\\/2024\\\/02\\\/logo-artisanlocal-h.svg\",\"caption\":\"Artisanlocal\"},\"image\":{\"@id\":\"https:\\\/\\\/www.artisanlocal.ch\\\/c\\\/#\\\/schema\\\/logo\\\/image\\\/\"}}]}<\/script>\n<!-- \/ Yoast SEO Premium plugin. -->","yoast_head_json":{"title":"Chauffagiste \u00e0 Crissier ? - Artisanlocal","robots":{"index":"index","follow":"follow","max-snippet":"max-snippet:-1","max-image-preview":"max-image-preview:large","max-video-preview":"max-video-preview:-1"},"canonical":"https:\/\/www.artisanlocal.ch\/c\/chauffagiste-a-crissier\/","og_locale":"fr_FR","og_type":"article","og_title":"Chauffagiste \u00e0 Crissier ?","og_description":"Besoin d&rsquo;un chauffagiste \u00e0 Crissier ? Artisanlocal r\u00e9nove votre chaudi\u00e8re et r\u00e9alise vos travaux de chauffage \u00e0 Crissier. Si vous travaillez avec Artisanlocal, vous b\u00e9n\u00e9ficiez : d&rsquo;une tarification d\u00e9taill\u00e9e, de prestations de qualit\u00e9 sup\u00e9rieure, d&rsquo;intervention \u00e0 Crissier et dans ses alentours, d&rsquo;un personnel qualifi\u00e9 et avec de l&rsquo;exp\u00e9rience, de devis gratuits, de techniciens joignables du [&hellip;]","og_url":"https:\/\/www.artisanlocal.ch\/c\/chauffagiste-a-crissier\/","og_site_name":"Artisanlocal","article_modified_time":"2025-08-26T23:32:19+00:00","og_image":[{"width":1920,"height":300,"url":"https:\/\/www.artisanlocal.ch\/c\/wp-content\/uploads\/2024\/10\/chauffagiste.jpg","type":"image\/jpeg"}],"twitter_card":"summary_large_image","twitter_misc":{"Dur\u00e9e de lecture estim\u00e9e":"6 minutes"},"schema":{"@context":"https:\/\/schema.org","@graph":[{"@type":"WebPage","@id":"https:\/\/www.artisanlocal.ch\/c\/chauffagiste-a-crissier\/","url":"https:\/\/www.artisanlocal.ch\/c\/chauffagiste-a-crissier\/","name":"Chauffagiste \u00e0 Crissier ? - Artisanlocal","isPartOf":{"@id":"https:\/\/www.artisanlocal.ch\/c\/#website"},"primaryImageOfPage":{"@id":"https:\/\/www.artisanlocal.ch\/c\/chauffagiste-a-crissier\/#primaryimage"},"image":{"@id":"https:\/\/www.artisanlocal.ch\/c\/chauffagiste-a-crissier\/#primaryimage"},"thumbnailUrl":"https:\/\/www.artisanlocal.ch\/c\/wp-content\/uploads\/2024\/10\/chauffagiste.jpg","datePublished":"2024-04-19T00:14:02+00:00","dateModified":"2025-08-26T23:32:19+00:00","breadcrumb":{"@id":"https:\/\/www.artisanlocal.ch\/c\/chauffagiste-a-crissier\/#breadcrumb"},"inLanguage":"fr-FR","potentialAction":[{"@type":"ReadAction","target":["https:\/\/www.artisanlocal.ch\/c\/chauffagiste-a-crissier\/"]}]},{"@type":"ImageObject","inLanguage":"fr-FR","@id":"https:\/\/www.artisanlocal.ch\/c\/chauffagiste-a-crissier\/#primaryimage","url":"https:\/\/www.artisanlocal.ch\/c\/wp-content\/uploads\/2024\/10\/chauffagiste.jpg","contentUrl":"https:\/\/www.artisanlocal.ch\/c\/wp-content\/uploads\/2024\/10\/chauffagiste.jpg","width":1920,"height":300},{"@type":"BreadcrumbList","@id":"https:\/\/www.artisanlocal.ch\/c\/chauffagiste-a-crissier\/#breadcrumb","itemListElement":[{"@type":"ListItem","position":1,"name":"Accueil","item":"https:\/\/www.artisanlocal.ch\/c\/"},{"@type":"ListItem","position":2,"name":"Chauffagiste \u00e0 Crissier ?"}]},{"@type":"WebSite","@id":"https:\/\/www.artisanlocal.ch\/c\/#website","url":"https:\/\/www.artisanlocal.ch\/c\/","name":"Artisanlocal","description":"","publisher":{"@id":"https:\/\/www.artisanlocal.ch\/c\/#organization"},"potentialAction":[{"@type":"SearchAction","target":{"@type":"EntryPoint","urlTemplate":"https:\/\/www.artisanlocal.ch\/c\/?s={search_term_string}"},"query-input":{"@type":"PropertyValueSpecification","valueRequired":true,"valueName":"search_term_string"}}],"inLanguage":"fr-FR"},{"@type":"Organization","@id":"https:\/\/www.artisanlocal.ch\/c\/#organization","name":"Artisanlocal","url":"https:\/\/www.artisanlocal.ch\/c\/","logo":{"@type":"ImageObject","inLanguage":"fr-FR","@id":"https:\/\/www.artisanlocal.ch\/c\/#\/schema\/logo\/image\/","url":"https:\/\/www.artisanlocal.ch\/c\/wp-content\/uploads\/2024\/02\/logo-artisanlocal-h.svg","contentUrl":"https:\/\/www.artisanlocal.ch\/c\/wp-content\/uploads\/2024\/02\/logo-artisanlocal-h.svg","caption":"Artisanlocal"},"image":{"@id":"https:\/\/www.artisanlocal.ch\/c\/#\/schema\/logo\/image\/"}}]}},"_links":{"self":[{"href":"https:\/\/www.artisanlocal.ch\/c\/wp-json\/wp\/v2\/pages\/686","targetHints":{"allow":["GET"]}}],"collection":[{"href":"https:\/\/www.artisanlocal.ch\/c\/wp-json\/wp\/v2\/pages"}],"about":[{"href":"https:\/\/www.artisanlocal.ch\/c\/wp-json\/wp\/v2\/types\/page"}],"author":[{"embeddable":true,"href":"https:\/\/www.artisanlocal.ch\/c\/wp-json\/wp\/v2\/users\/4"}],"replies":[{"embeddable":true,"href":"https:\/\/www.artisanlocal.ch\/c\/wp-json\/wp\/v2\/comments?post=686"}],"version-history":[{"count":0,"href":"https:\/\/www.artisanlocal.ch\/c\/wp-json\/wp\/v2\/pages\/686\/revisions"}],"wp:featuredmedia":[{"embeddable":true,"href":"https:\/\/www.artisanlocal.ch\/c\/wp-json\/wp\/v2\/media\/2757"}],"wp:attachment":[{"href":"https:\/\/www.artisanlocal.ch\/c\/wp-json\/wp\/v2\/media?parent=686"}],"wp:term":[{"taxonomy":"profession","embeddable":true,"href":"https:\/\/www.artisanlocal.ch\/c\/wp-json\/wp\/v2\/profession?post=686"},{"taxonomy":"location","embeddable":true,"href":"https:\/\/www.artisanlocal.ch\/c\/wp-json\/wp\/v2\/location?post=686"},{"taxonomy":"canton","embeddable":true,"href":"https:\/\/www.artisanlocal.ch\/c\/wp-json\/wp\/v2\/canton?post=686"}],"curies":[{"name":"wp","href":"https:\/\/api.w.org\/{rel}","templated":true}]}}