{"id":688,"date":"2024-04-19T19:17:34","date_gmt":"2024-04-19T17:17:34","guid":{"rendered":"https:\/\/www.artisanlocal.ch\/c\/vous-avez-besoin-dun-depannage-en-urgence-de-votre-chauffage-a-estavayer-le-lac\/"},"modified":"2025-08-26T19:29:49","modified_gmt":"2025-08-26T17:29:49","slug":"vous-avez-besoin-dun-depannage-en-urgence-de-votre-chauffage-a-estavayer-le-lac","status":"publish","type":"page","link":"https:\/\/www.artisanlocal.ch\/c\/vous-avez-besoin-dun-depannage-en-urgence-de-votre-chauffage-a-estavayer-le-lac\/","title":{"rendered":"Installation et entretien de chauffage \u00e0 Estavayer-le-lac"},"content":{"rendered":"<p>Besoin d&rsquo;une installation ou d&rsquo;un entretien de chauffage \u00e0 Estavayer-le-lac ? Artisanlocal.ch s&rsquo;occupe de l&rsquo;installation et de la r\u00e9paration de votre syst\u00e8me de chauffage. En travaillant avec notre entreprise, vous profitez :<\/p>\n<ul>\n<li>de tarif transparent,<\/li>\n<li>de services de qualit\u00e9,<\/li>\n<li>d&rsquo;intervention en urgence \u00e0 Estavayer-le-lac et dans les villes proches,<\/li>\n<li>d&rsquo;une entreprise avec de l&rsquo;exp\u00e9rience,<\/li>\n<li>d&rsquo;estimations sans frais,<\/li>\n<li>de chauffagistes joignables du lundi au samedi.<\/li>\n<\/ul>\n\r\n<div class=\"box\">\r\n            <div class=\"company-info\">\r\n            <img decoding=\"async\" class=\"company-info__logo\" src=\"https:\/\/www.artisanlocal.ch\/media\/cache\/thumb\/images\/companies\/621f972cb725d887772103.png\" alt=\"Logo\">\r\n            <h2 class=\"company-info__name\">M. Savary S\u00e0rl<\/h2>\r\n            <p class=\"company-info__business\">Ferblanterie - Couverture - Sanitaire - Chauffage - Etanch\u00e9it\u00e9 - R\u00e9novation - Toitures<\/p>\r\n        <\/div>\r\n        <div class=\"company-contact\">\r\n            <p class=\"company-info__address\">Chemin des Marais 1<\/p>\r\n                            <div class=\"links\">\r\n                                            <a class=\"btn has-accent-background-color js-phoneNumber\" href=\"tel:0797601121\" title=\"Appelez\" data-id=\"1372\" data-type=\"11\">079 760 11 21<\/a>\r\n                                                                <a class=\"btn has-accent-background-color\" href=\"https:\/\/msavary.ch\/\" target=\"_blank\" title=\"Voir le site internet\" data-id=\"1372\" data-type=\"20\">Site internet<\/a>\r\n                                    <\/div>\r\n                    <\/div>\r\n    \r\n            \r\n<form action=\"https:\/\/www.artisanlocal.ch\/c\/wp-admin\/admin-ajax.php\" method=\"post\" class=\"form-contact\" id=\"artisan_form_contact_company_inline\">\r\n    <div><input type=\"hidden\" name=\"action\" value=\"company_contact\"><\/div>\r\n    <div><input type=\"hidden\" name=\"nonce\" value=\"85ec494698\"><\/div>\r\n    <div><input type=\"hidden\" name=\"company_id\" value=\"1372\"><\/div>\r\n    <div><input type=\"hidden\" name=\"form_id\" value=\"artisan_form_contact_company_inline\"><\/div>\r\n    <div class=\"gglcptch gglcptch_v3 gglcptch_custom\"><input type=\"hidden\" id=\"g-recaptcha-response\" name=\"g-recaptcha-response\" \/><br \/><div class=\"gglcptch_error_text\">La p\u00e9riode de v\u00e9rification reCAPTCHA a expir\u00e9. Veuillez recharger la page.<\/div><\/div>    <div class=\"form-content\">\r\n        <div class=\"form-group\">\r\n            <label for=\"contact_firstName\" class=\"required\">Pr\u00e9nom<\/label>\r\n            <input type=\"text\" name=\"firstName\" class=\"form-control\" required>\r\n        <\/div>\r\n        <div class=\"form-group\">\r\n            <label for=\"contact_lastName\" class=\"required\">Nom<\/label>\r\n            <input type=\"text\" name=\"lastName\" class=\"form-control\" required>\r\n        <\/div>\r\n        <div class=\"form-group\">\r\n            <label for=\"contact_email\" class=\"required\">Email<\/label>\r\n            <input type=\"email\" name=\"email\" class=\"form-control\" required>\r\n        <\/div>\r\n        <div class=\"form-group\">\r\n            <label for=\"contact_phone\" class=\"required\">Num\u00e9ro de t\u00e9l\u00e9phone<\/label>\r\n            <input type=\"tel\" name=\"phone\" class=\"form-control\" placeholder=\"0787117165\" pattern=\"^[0-9]{10}$\" required>\r\n        <\/div>\r\n        <div class=\"form-group\">\r\n            <label for=\"contact_postalCode\" class=\"required\">Code postal et localit\u00e9<\/label>\r\n            <input type=\"text\" name=\"postalCode\" class=\"form-control\" required>\r\n        <\/div>\r\n        <div class=\"form-group\">\r\n            <label for=\"contact_address\" class=\"required\">Adresse<\/label>\r\n            <input type=\"text\" name=\"address\" class=\"form-control\" required>\r\n        <\/div>\r\n        <div class=\"full-width topic\">\r\n            <p class=\"required\">Je souhaite \u00eatre contact\u00e9 pour :<\/p>\r\n            <div class=\"form-check\">\r\n                <input type=\"radio\" name=\"topic\" value=\"D\u00e9pannage\" class=\"form-control\" required>\r\n                <label for=\"d\u00e9pannage\">D\u00e9pannage<\/label>\r\n            <\/div>\r\n            <div class=\"form-check\">\r\n                <input type=\"radio\" name=\"topic\" value=\"Entretien\" class=\"form-control\" required>\r\n                <label for=\"entretien\">Entretien<\/label>\r\n            <\/div>\r\n            <div class=\"form-check\">\r\n                <input type=\"radio\" name=\"topic\" value=\"R\u00e9novation\" class=\"form-control\" required>\r\n                <label for=\"r\u00e9novation\">R\u00e9novation<\/label>\r\n            <\/div>\r\n            <div class=\"form-check\">\r\n                <input type=\"radio\" name=\"topic\" value=\"Autre\" class=\"form-control\" required>\r\n                <label for=\"autre\">Autre<\/label>\r\n            <\/div>\r\n        <\/div>\r\n        <div class=\"form-group full-width\">\r\n            <label for=\"contact_message\">Message<\/label>\r\n            <textarea name=\"message\" rows=\"3\" class=\"form-control\"><\/textarea>\r\n        <\/div>\r\n    <\/div>\r\n    <div class=\"form-actions\">\r\n        <button class=\"wp-block-button__link has-accent-background-color\">Contacter<\/button>\r\n    <\/div>\r\n<\/form>\r\n<div class=\"form-feedback\"><\/div>    <\/div>\n<h2>Pourquoi choisir Artisanlocal ?<\/h2>\n<p>\u00c9valuation rapide de votre projet : une fois que vous avez rempli le formulaire, notre expert \u00e0 Estavayer-le-lac vous appelle dans la journ\u00e9e.<\/p>\n<p>D\u00e9placement de notre chauffagiste chez vous : le jour de votre demande, notre chauffagiste peut se rendre dans votre foyer afin de calculer le co\u00fbt de votre projet. Ensuite, vous recevez un devis d\u00e9taill\u00e9.<\/p>\n<p>Mise en place de votre chauffage en moins de 48 heures : d\u00e8s que le devis est valid\u00e9 avec notre technicien \u00e0 Estavayer-le-lac. Nous programmerons avec vous la date d&rsquo;installation ou de r\u00e9paration de votre chauffage.<\/p>\n<p>D\u00e9pannage et entretien : si votre syst\u00e8me de chauffage, chaudi\u00e8re ou chauffe-eau pr\u00e9sente un dysfonctionnement. Notre soci\u00e9t\u00e9 peut intervenir rapidement chez vous \u00e0 Estavayer-le-lac et ses alentours.<\/p>\n<h2>Pourquoi est-il important de d\u00e9panner votre syst\u00e8me de chauffage ?<\/h2>\n<p>Assurer le bon fonctionnement de votre chauffage est important, surtout si vous avez des jeunes enfants. Notre entreprise vous assiste pour r\u00e9gler la temp\u00e9rature id\u00e9ale et v\u00e9rifie la pr\u00e9sence de monoxyde de carbone fabriqu\u00e9 par votre syst\u00e8me de chauffage. Peu importe le type de votre chauffage, nos chauffagistes assurent l&rsquo;entretien et la maintenance, de votre \u00e9quipement de chauffage (\u00e0 accumulation, basse temp\u00e9rature, fioul, condensation, \u00e9lectrique ou \u00e0 gaz).<\/p>\n<h2>Votre entreprise offre-t-elle une assistance t\u00e9l\u00e9phonique ?<\/h2>\n<p>Oui, nous pouvons vous d\u00e9panner par t\u00e9l\u00e9phone. Vous devez nous expliquer votre probl\u00e8me par mail ou t\u00e9l\u00e9phone, nous trouverons la bonne solution pour r\u00e9gler votre situation. Toutefois, dans de nombreux cas, un technicien doit intervenir dans votre foyer.<\/p>\n<h2>Quel est le mode de fonctionnement d&rsquo;Artisanlocal ?<\/h2>\n<ol>\n<li>Premi\u00e8re prise de contact : dans un premier temps, il est n\u00e9cessaire de nous contacter par t\u00e9l\u00e9phone ou par message.<\/li>\n<li>D\u00e9placement : un de nos techniciens chauffagistes intervient \u00e0 votre domicile.<\/li>\n<li>Estimation : on examinera le volume de vos pi\u00e8ces, l&rsquo;isolation et l&rsquo;\u00e9quipement actuel pour d\u00e9terminer la meilleure solution.<\/li>\n<li>Avis : une strat\u00e9gie vous sera pr\u00e9sent\u00e9e en fonction de vos moyens et de vos demandes.<\/li>\n<li>Prix : nous vous fournissons un devis d\u00e9taill\u00e9.<\/li>\n<li>Mise en place : apr\u00e8s avoir accept\u00e9 notre estimation et en fonction de votre agenda, nous installons votre chauffage, et r\u00e9glons votre thermostat.<\/li>\n<\/ol>\n<h2>Quels sont les meilleurs types de chauffages pour votre habitation ?<\/h2>\n<p>Notre technicien vous aide \u00e0 trouver la meilleure option, l&rsquo;artisan, vous donne des conseils sur mesure, pour les chauffages : \u00e0 condensation, \u00e9lectriques, \u00e0 gaz, classiques, fioul ou encore basses temp\u00e9ratures.<\/p>\n<p>Avant d&rsquo;installer votre chauffage, il faut configurer la bonne temp\u00e9rature selon votre habitation et vos d\u00e9sirs. Pas d\u2019inqui\u00e9tude, le technicien qui se d\u00e9place chez vous a l&rsquo;expertise pour r\u00e9soudre tous vos probl\u00e8mes. Dans le devis, vous trouvez les d\u00e9tails de l\u2019intervention, tel que le montant de la main-d&rsquo;\u0153uvre et aussi du syst\u00e8me de chauffages.<\/p>\n<h2>Service de maintenance de votre chauffage \u00e0 Estavayer-le-lac<\/h2>\n<p>Vous devez effectuer l&rsquo;entretien annuel de votre chauffage, qu&rsquo;il soit au fioul ou \u00e0 gaz. Avoir recours \u00e0 un chauffagiste pour la maintenance de votre chauffage permet de contr\u00f4ler les \u00e9missions de monoxyde de carbone. \u00c0 noter, si votre chauffage fabrique beaucoup de monoxyde de carbone, \u00e7a peut provoquer une intoxication. Le chauffagiste qui se d\u00e9place chez vous contr\u00f4le et r\u00e8gle le taux de monoxyde de carbone dans le but de vous \u00e9viter d\u2019avoir des soucis de sant\u00e9.<\/p>\n<h2>Contrat de r\u00e9vision pour votre chauffage \u00e0 Estavayer-le-lac<\/h2>\n<p>Nous proposons des forfaits de maintenance pour votre chauffage dans le but d&rsquo;en garantir le bon fonctionnement. En effectuant une maintenance r\u00e9guli\u00e8re, vous \u00e9conomisez de l&rsquo;argent sur le long terme.<\/p>\n<p>De plus, si vous avez un sinistre, votre assureur demande le contrat de maintenance afin de contr\u00f4ler l&rsquo;\u00e9tat g\u00e9n\u00e9ral de votre chauffage pr\u00e9alablement au sinistre. Vous avez le choix de signer avec Artisanlocal un contrat de maintenance annuel ou pluriannuel.<\/p>\n<h2>Quels sont les b\u00e9n\u00e9fices de souscrire \u00e0 un contrat d\u2019entretien pour votre chauffage ?<\/h2>\n<p>Si vous avez une partie de votre chauffage qui est en panne, nous la changeons en priorit\u00e9, nous prenons l&rsquo;engagement de v\u00e9rifier l&rsquo;ensemble de votre chauffage, comme :<\/p>\n<ul>\n<li>Les pressions de vos tuyaux,<\/li>\n<li>le nettoyage de votre br\u00fbleur, des conduits de raccordement et des diff\u00e9rents \u00e9l\u00e9ments chauffants.<\/li>\n<\/ul>\n<h2>Quelles sont les diff\u00e9rentes prestations propos\u00e9es par votre soci\u00e9t\u00e9 ?<\/h2>\n<p>Nos techniciens op\u00e8rent dans votre domicile, pour :<\/p>\n<ul>\n<li>le d\u00e9sembouage et le d\u00e9tartrage de vos radiateurs,<\/li>\n<li>la purge d&rsquo;air,<\/li>\n<li>la maintenance des chauffe-eau et des chaudi\u00e8res,<\/li>\n<li>l&rsquo;ajustement des thermostats,<\/li>\n<li>l&rsquo;entretien chaudi\u00e8res \u00e0 condensation, \u00e0 accumulation, \u00e0 gaz, \u00e0 fioul, \u00e9lectriques et basses temp\u00e9ratures,<\/li>\n<li>la r\u00e9paration de la vanne de purge,<\/li>\n<li>la r\u00e9paration de vos pannes : fuite de canalisation, radiateur qui ne marche plus, chaudi\u00e8re, etc.<\/li>\n<li>la pose de : chauffage, pompe \u00e0 chaleur, chaudi\u00e8re, radiateur \u00e9lectrique, plancher chauffant, etc.<\/li>\n<\/ul>\n<h2>FAQ<\/h2>\n<h3>Pourquoi engager un chauffagiste Staviacois ?<\/h3>\n<p>Accro\u00eetre la temp\u00e9rature ambiante de votre int\u00e9rieur : un syst\u00e8me de chauffage efficace conserve la temp\u00e9rature \u00e0 l&rsquo;int\u00e9rieur de votre domicile.<\/p>\n<p>Faire des \u00e9conomies : en choisissant des mat\u00e9riaux de qualit\u00e9, tels que le chauffage et l&rsquo;isolation, vous effectuez des \u00e9conomies et limiter vos \u00e9missions de CO2.<\/p>\n<p>Prot\u00e9ger la s\u00fbret\u00e9 de vos installations : respecter les r\u00e8gles de s\u00e9curit\u00e9 permet de maintenir un chauffage s\u00fbr et efficace (exemple, pour r\u00e9duire les \u00e9missions de monoxyde de carbone).<\/p>\n<p>Pr\u00e9venir les difficult\u00e9s : en inspectant votre syst\u00e8me de chauffage, un de nos techniciens peut anticiper les futurs probl\u00e8mes.<\/p>\n<h3>Comment choisir le meilleur chauffagiste \u00e0 Estavayer-le-lac ?<\/h3>\n<p>La qualification : v\u00e9rifiez les comp\u00e9tences avant de s\u00e9lectionner la soci\u00e9t\u00e9 de chauffage.<\/p>\n<p>Les cas clients : n&rsquo;h\u00e9sitez pas \u00e0 consulter les t\u00e9moignages des anciens clients ayant d\u00e9j\u00e0 fait appel \u00e0 l&rsquo;entreprise afin de vous faire une id\u00e9e.<\/p>\n<p>Les assurances : v\u00e9rifiez que la soci\u00e9t\u00e9 de chauffage dispose d&rsquo;une assurance qui couvre les possibles dommages caus\u00e9s lors de ses op\u00e9rations.<\/p>\n<h3>\u00c0 quelle vitesse intervenez-vous dans un foyer Staviacois ?<\/h3>\n<p>Si vous avez une demande d&rsquo;intervention qui ne peut attendre, nous pouvons intervenir dans un d\u00e9lai de 2 heures, si votre demande n\u2019est pas urgente, nous intervenons g\u00e9n\u00e9ralement durant la journ\u00e9e.<\/p>\n<h3>Votre entreprise est disponible pour agir \u00e0 Estavayer-le-lac, mais \u00e9galement dans les villes aux environs ?<\/h3>\n<p>Oui, nous op\u00e9rons \u00e0 Estavayer-le-lac et dans les localit\u00e9s, comme : Cheyres, Estavayer-le-Lac, Bollion, Lully FR, Seiry, Ch\u00e2tillon FR, Font, Ch\u00e2bles FR, Autavaux, Forel FR, Montbrelloz, Cugy FR, Vesin, Frasses, Montet (Broye), Aumont, Granges-de-Vesin, Nuvilly, Murist, Payerne, F\u00e9tigny, M\u00e9ni\u00e8res, Treytorrens (Payerne), Bussy FR, Morens FR, S\u00e9vaz, Rueyres-les-Pr\u00e9s, Grandcour, Chevroux, Vers-chez-Perrin, Trey, Ch\u00e2tonnaye, Corcelles-pr\u00e8s-Payerne, Missy, Cerniat FR, Middes, Cousset, Montagny-les-Monts, Grandsivaz, Mannens, Montagny-la-Ville.<\/p>\n","protected":false},"excerpt":{"rendered":"<p>Besoin d&rsquo;une installation ou d&rsquo;un entretien de chauffage \u00e0 Estavayer-le-lac ? Artisanlocal.ch s&rsquo;occupe de l&rsquo;installation et de la r\u00e9paration de votre syst\u00e8me de chauffage. En travaillant avec notre entreprise, vous profitez : de tarif transparent, de services de qualit\u00e9, d&rsquo;intervention en urgence \u00e0 Estavayer-le-lac et dans les villes proches, d&rsquo;une entreprise avec de l&rsquo;exp\u00e9rience, d&rsquo;estimations [&hellip;]<\/p>\n","protected":false},"author":4,"featured_media":2757,"parent":0,"menu_order":0,"comment_status":"closed","ping_status":"closed","template":"","meta":{"footnotes":""},"profession":[120],"location":[42],"canton":[109],"class_list":["post-688","page","type-page","status-publish","has-post-thumbnail","hentry","profession-chauffagiste","location-estavayer-le-lac","canton-fr"],"yoast_head":"<!-- This site is optimized with the Yoast SEO Premium plugin v25.7.1 (Yoast SEO v27.3) - https:\/\/yoast.com\/product\/yoast-seo-premium-wordpress\/ -->\n<title>Installation et entretien de chauffage \u00e0 Estavayer-le-lac - Artisanlocal<\/title>\n<meta name=\"robots\" content=\"index, follow, max-snippet:-1, max-image-preview:large, max-video-preview:-1\" \/>\n<link rel=\"canonical\" href=\"https:\/\/www.artisanlocal.ch\/c\/vous-avez-besoin-dun-depannage-en-urgence-de-votre-chauffage-a-estavayer-le-lac\/\" \/>\n<meta property=\"og:locale\" content=\"fr_FR\" \/>\n<meta property=\"og:type\" content=\"article\" \/>\n<meta property=\"og:title\" content=\"Installation et entretien de chauffage \u00e0 Estavayer-le-lac\" \/>\n<meta property=\"og:description\" content=\"Besoin d&rsquo;une installation ou d&rsquo;un entretien de chauffage \u00e0 Estavayer-le-lac ? Artisanlocal.ch s&rsquo;occupe de l&rsquo;installation et de la r\u00e9paration de votre syst\u00e8me de chauffage. En travaillant avec notre entreprise, vous profitez : de tarif transparent, de services de qualit\u00e9, d&rsquo;intervention en urgence \u00e0 Estavayer-le-lac et dans les villes proches, d&rsquo;une entreprise avec de l&rsquo;exp\u00e9rience, d&rsquo;estimations [&hellip;]\" \/>\n<meta property=\"og:url\" content=\"https:\/\/www.artisanlocal.ch\/c\/vous-avez-besoin-dun-depannage-en-urgence-de-votre-chauffage-a-estavayer-le-lac\/\" \/>\n<meta property=\"og:site_name\" content=\"Artisanlocal\" \/>\n<meta property=\"article:modified_time\" content=\"2025-08-26T17:29:49+00:00\" \/>\n<meta property=\"og:image\" content=\"https:\/\/www.artisanlocal.ch\/c\/wp-content\/uploads\/2024\/10\/chauffagiste.jpg\" \/>\n\t<meta property=\"og:image:width\" content=\"1920\" \/>\n\t<meta property=\"og:image:height\" content=\"300\" \/>\n\t<meta property=\"og:image:type\" content=\"image\/jpeg\" \/>\n<meta name=\"twitter:card\" content=\"summary_large_image\" \/>\n<meta name=\"twitter:label1\" content=\"Dur\u00e9e de lecture estim\u00e9e\" \/>\n\t<meta name=\"twitter:data1\" content=\"6 minutes\" \/>\n<script type=\"application\/ld+json\" class=\"yoast-schema-graph\">{\"@context\":\"https:\\\/\\\/schema.org\",\"@graph\":[{\"@type\":\"WebPage\",\"@id\":\"https:\\\/\\\/www.artisanlocal.ch\\\/c\\\/vous-avez-besoin-dun-depannage-en-urgence-de-votre-chauffage-a-estavayer-le-lac\\\/\",\"url\":\"https:\\\/\\\/www.artisanlocal.ch\\\/c\\\/vous-avez-besoin-dun-depannage-en-urgence-de-votre-chauffage-a-estavayer-le-lac\\\/\",\"name\":\"Installation et entretien de chauffage \u00e0 Estavayer-le-lac - Artisanlocal\",\"isPartOf\":{\"@id\":\"https:\\\/\\\/www.artisanlocal.ch\\\/c\\\/#website\"},\"primaryImageOfPage\":{\"@id\":\"https:\\\/\\\/www.artisanlocal.ch\\\/c\\\/vous-avez-besoin-dun-depannage-en-urgence-de-votre-chauffage-a-estavayer-le-lac\\\/#primaryimage\"},\"image\":{\"@id\":\"https:\\\/\\\/www.artisanlocal.ch\\\/c\\\/vous-avez-besoin-dun-depannage-en-urgence-de-votre-chauffage-a-estavayer-le-lac\\\/#primaryimage\"},\"thumbnailUrl\":\"https:\\\/\\\/www.artisanlocal.ch\\\/c\\\/wp-content\\\/uploads\\\/2024\\\/10\\\/chauffagiste.jpg\",\"datePublished\":\"2024-04-19T17:17:34+00:00\",\"dateModified\":\"2025-08-26T17:29:49+00:00\",\"breadcrumb\":{\"@id\":\"https:\\\/\\\/www.artisanlocal.ch\\\/c\\\/vous-avez-besoin-dun-depannage-en-urgence-de-votre-chauffage-a-estavayer-le-lac\\\/#breadcrumb\"},\"inLanguage\":\"fr-FR\",\"potentialAction\":[{\"@type\":\"ReadAction\",\"target\":[\"https:\\\/\\\/www.artisanlocal.ch\\\/c\\\/vous-avez-besoin-dun-depannage-en-urgence-de-votre-chauffage-a-estavayer-le-lac\\\/\"]}]},{\"@type\":\"ImageObject\",\"inLanguage\":\"fr-FR\",\"@id\":\"https:\\\/\\\/www.artisanlocal.ch\\\/c\\\/vous-avez-besoin-dun-depannage-en-urgence-de-votre-chauffage-a-estavayer-le-lac\\\/#primaryimage\",\"url\":\"https:\\\/\\\/www.artisanlocal.ch\\\/c\\\/wp-content\\\/uploads\\\/2024\\\/10\\\/chauffagiste.jpg\",\"contentUrl\":\"https:\\\/\\\/www.artisanlocal.ch\\\/c\\\/wp-content\\\/uploads\\\/2024\\\/10\\\/chauffagiste.jpg\",\"width\":1920,\"height\":300},{\"@type\":\"BreadcrumbList\",\"@id\":\"https:\\\/\\\/www.artisanlocal.ch\\\/c\\\/vous-avez-besoin-dun-depannage-en-urgence-de-votre-chauffage-a-estavayer-le-lac\\\/#breadcrumb\",\"itemListElement\":[{\"@type\":\"ListItem\",\"position\":1,\"name\":\"Accueil\",\"item\":\"https:\\\/\\\/www.artisanlocal.ch\\\/c\\\/\"},{\"@type\":\"ListItem\",\"position\":2,\"name\":\"Installation et entretien de chauffage \u00e0 Estavayer-le-lac\"}]},{\"@type\":\"WebSite\",\"@id\":\"https:\\\/\\\/www.artisanlocal.ch\\\/c\\\/#website\",\"url\":\"https:\\\/\\\/www.artisanlocal.ch\\\/c\\\/\",\"name\":\"Artisanlocal\",\"description\":\"\",\"publisher\":{\"@id\":\"https:\\\/\\\/www.artisanlocal.ch\\\/c\\\/#organization\"},\"potentialAction\":[{\"@type\":\"SearchAction\",\"target\":{\"@type\":\"EntryPoint\",\"urlTemplate\":\"https:\\\/\\\/www.artisanlocal.ch\\\/c\\\/?s={search_term_string}\"},\"query-input\":{\"@type\":\"PropertyValueSpecification\",\"valueRequired\":true,\"valueName\":\"search_term_string\"}}],\"inLanguage\":\"fr-FR\"},{\"@type\":\"Organization\",\"@id\":\"https:\\\/\\\/www.artisanlocal.ch\\\/c\\\/#organization\",\"name\":\"Artisanlocal\",\"url\":\"https:\\\/\\\/www.artisanlocal.ch\\\/c\\\/\",\"logo\":{\"@type\":\"ImageObject\",\"inLanguage\":\"fr-FR\",\"@id\":\"https:\\\/\\\/www.artisanlocal.ch\\\/c\\\/#\\\/schema\\\/logo\\\/image\\\/\",\"url\":\"https:\\\/\\\/www.artisanlocal.ch\\\/c\\\/wp-content\\\/uploads\\\/2024\\\/02\\\/logo-artisanlocal-h.svg\",\"contentUrl\":\"https:\\\/\\\/www.artisanlocal.ch\\\/c\\\/wp-content\\\/uploads\\\/2024\\\/02\\\/logo-artisanlocal-h.svg\",\"caption\":\"Artisanlocal\"},\"image\":{\"@id\":\"https:\\\/\\\/www.artisanlocal.ch\\\/c\\\/#\\\/schema\\\/logo\\\/image\\\/\"}}]}<\/script>\n<!-- \/ Yoast SEO Premium plugin. -->","yoast_head_json":{"title":"Installation et entretien de chauffage \u00e0 Estavayer-le-lac - Artisanlocal","robots":{"index":"index","follow":"follow","max-snippet":"max-snippet:-1","max-image-preview":"max-image-preview:large","max-video-preview":"max-video-preview:-1"},"canonical":"https:\/\/www.artisanlocal.ch\/c\/vous-avez-besoin-dun-depannage-en-urgence-de-votre-chauffage-a-estavayer-le-lac\/","og_locale":"fr_FR","og_type":"article","og_title":"Installation et entretien de chauffage \u00e0 Estavayer-le-lac","og_description":"Besoin d&rsquo;une installation ou d&rsquo;un entretien de chauffage \u00e0 Estavayer-le-lac ? Artisanlocal.ch s&rsquo;occupe de l&rsquo;installation et de la r\u00e9paration de votre syst\u00e8me de chauffage. En travaillant avec notre entreprise, vous profitez : de tarif transparent, de services de qualit\u00e9, d&rsquo;intervention en urgence \u00e0 Estavayer-le-lac et dans les villes proches, d&rsquo;une entreprise avec de l&rsquo;exp\u00e9rience, d&rsquo;estimations [&hellip;]","og_url":"https:\/\/www.artisanlocal.ch\/c\/vous-avez-besoin-dun-depannage-en-urgence-de-votre-chauffage-a-estavayer-le-lac\/","og_site_name":"Artisanlocal","article_modified_time":"2025-08-26T17:29:49+00:00","og_image":[{"width":1920,"height":300,"url":"https:\/\/www.artisanlocal.ch\/c\/wp-content\/uploads\/2024\/10\/chauffagiste.jpg","type":"image\/jpeg"}],"twitter_card":"summary_large_image","twitter_misc":{"Dur\u00e9e de lecture estim\u00e9e":"6 minutes"},"schema":{"@context":"https:\/\/schema.org","@graph":[{"@type":"WebPage","@id":"https:\/\/www.artisanlocal.ch\/c\/vous-avez-besoin-dun-depannage-en-urgence-de-votre-chauffage-a-estavayer-le-lac\/","url":"https:\/\/www.artisanlocal.ch\/c\/vous-avez-besoin-dun-depannage-en-urgence-de-votre-chauffage-a-estavayer-le-lac\/","name":"Installation et entretien de chauffage \u00e0 Estavayer-le-lac - Artisanlocal","isPartOf":{"@id":"https:\/\/www.artisanlocal.ch\/c\/#website"},"primaryImageOfPage":{"@id":"https:\/\/www.artisanlocal.ch\/c\/vous-avez-besoin-dun-depannage-en-urgence-de-votre-chauffage-a-estavayer-le-lac\/#primaryimage"},"image":{"@id":"https:\/\/www.artisanlocal.ch\/c\/vous-avez-besoin-dun-depannage-en-urgence-de-votre-chauffage-a-estavayer-le-lac\/#primaryimage"},"thumbnailUrl":"https:\/\/www.artisanlocal.ch\/c\/wp-content\/uploads\/2024\/10\/chauffagiste.jpg","datePublished":"2024-04-19T17:17:34+00:00","dateModified":"2025-08-26T17:29:49+00:00","breadcrumb":{"@id":"https:\/\/www.artisanlocal.ch\/c\/vous-avez-besoin-dun-depannage-en-urgence-de-votre-chauffage-a-estavayer-le-lac\/#breadcrumb"},"inLanguage":"fr-FR","potentialAction":[{"@type":"ReadAction","target":["https:\/\/www.artisanlocal.ch\/c\/vous-avez-besoin-dun-depannage-en-urgence-de-votre-chauffage-a-estavayer-le-lac\/"]}]},{"@type":"ImageObject","inLanguage":"fr-FR","@id":"https:\/\/www.artisanlocal.ch\/c\/vous-avez-besoin-dun-depannage-en-urgence-de-votre-chauffage-a-estavayer-le-lac\/#primaryimage","url":"https:\/\/www.artisanlocal.ch\/c\/wp-content\/uploads\/2024\/10\/chauffagiste.jpg","contentUrl":"https:\/\/www.artisanlocal.ch\/c\/wp-content\/uploads\/2024\/10\/chauffagiste.jpg","width":1920,"height":300},{"@type":"BreadcrumbList","@id":"https:\/\/www.artisanlocal.ch\/c\/vous-avez-besoin-dun-depannage-en-urgence-de-votre-chauffage-a-estavayer-le-lac\/#breadcrumb","itemListElement":[{"@type":"ListItem","position":1,"name":"Accueil","item":"https:\/\/www.artisanlocal.ch\/c\/"},{"@type":"ListItem","position":2,"name":"Installation et entretien de chauffage \u00e0 Estavayer-le-lac"}]},{"@type":"WebSite","@id":"https:\/\/www.artisanlocal.ch\/c\/#website","url":"https:\/\/www.artisanlocal.ch\/c\/","name":"Artisanlocal","description":"","publisher":{"@id":"https:\/\/www.artisanlocal.ch\/c\/#organization"},"potentialAction":[{"@type":"SearchAction","target":{"@type":"EntryPoint","urlTemplate":"https:\/\/www.artisanlocal.ch\/c\/?s={search_term_string}"},"query-input":{"@type":"PropertyValueSpecification","valueRequired":true,"valueName":"search_term_string"}}],"inLanguage":"fr-FR"},{"@type":"Organization","@id":"https:\/\/www.artisanlocal.ch\/c\/#organization","name":"Artisanlocal","url":"https:\/\/www.artisanlocal.ch\/c\/","logo":{"@type":"ImageObject","inLanguage":"fr-FR","@id":"https:\/\/www.artisanlocal.ch\/c\/#\/schema\/logo\/image\/","url":"https:\/\/www.artisanlocal.ch\/c\/wp-content\/uploads\/2024\/02\/logo-artisanlocal-h.svg","contentUrl":"https:\/\/www.artisanlocal.ch\/c\/wp-content\/uploads\/2024\/02\/logo-artisanlocal-h.svg","caption":"Artisanlocal"},"image":{"@id":"https:\/\/www.artisanlocal.ch\/c\/#\/schema\/logo\/image\/"}}]}},"_links":{"self":[{"href":"https:\/\/www.artisanlocal.ch\/c\/wp-json\/wp\/v2\/pages\/688","targetHints":{"allow":["GET"]}}],"collection":[{"href":"https:\/\/www.artisanlocal.ch\/c\/wp-json\/wp\/v2\/pages"}],"about":[{"href":"https:\/\/www.artisanlocal.ch\/c\/wp-json\/wp\/v2\/types\/page"}],"author":[{"embeddable":true,"href":"https:\/\/www.artisanlocal.ch\/c\/wp-json\/wp\/v2\/users\/4"}],"replies":[{"embeddable":true,"href":"https:\/\/www.artisanlocal.ch\/c\/wp-json\/wp\/v2\/comments?post=688"}],"version-history":[{"count":0,"href":"https:\/\/www.artisanlocal.ch\/c\/wp-json\/wp\/v2\/pages\/688\/revisions"}],"wp:featuredmedia":[{"embeddable":true,"href":"https:\/\/www.artisanlocal.ch\/c\/wp-json\/wp\/v2\/media\/2757"}],"wp:attachment":[{"href":"https:\/\/www.artisanlocal.ch\/c\/wp-json\/wp\/v2\/media?parent=688"}],"wp:term":[{"taxonomy":"profession","embeddable":true,"href":"https:\/\/www.artisanlocal.ch\/c\/wp-json\/wp\/v2\/profession?post=688"},{"taxonomy":"location","embeddable":true,"href":"https:\/\/www.artisanlocal.ch\/c\/wp-json\/wp\/v2\/location?post=688"},{"taxonomy":"canton","embeddable":true,"href":"https:\/\/www.artisanlocal.ch\/c\/wp-json\/wp\/v2\/canton?post=688"}],"curies":[{"name":"wp","href":"https:\/\/api.w.org\/{rel}","templated":true}]}}