{"id":689,"date":"2024-04-18T18:22:57","date_gmt":"2024-04-18T16:22:57","guid":{"rendered":"https:\/\/www.artisanlocal.ch\/c\/chauffagiste-a-chardonne\/"},"modified":"2025-08-27T01:32:27","modified_gmt":"2025-08-26T23:32:27","slug":"chauffagiste-a-chardonne","status":"publish","type":"page","link":"https:\/\/www.artisanlocal.ch\/c\/chauffagiste-a-chardonne\/","title":{"rendered":"Chauffagiste \u00e0 Chardonne ?"},"content":{"rendered":"<p>Besoin d&rsquo;assistance pour votre chauffage ? ? Si vous \u00eates un Chardonneret, notre soci\u00e9t\u00e9 assure la mise en place ainsi que la restauration de votre chauffage. En choisissant de travailler avec nous, vous profitez :<\/p>\n<ul>\n<li>d&rsquo;une tarification d\u00e9taill\u00e9e,<\/li>\n<li>de services de qualit\u00e9,<\/li>\n<li>d&rsquo;intervention \u00e0 Chardonne et dans les environs,<\/li>\n<li>d&rsquo;une entreprise avec une grande exp\u00e9rience,<\/li>\n<li>de devis sans co\u00fbt,<\/li>\n<li>d&rsquo;experts joignables du lundi au samedi afin de r\u00e9pondre \u00e0 toutes vos interrogations.<\/li>\n<\/ul>\n\r\n<div class=\"box\">\r\n            <div class=\"company-info\">\r\n            <img decoding=\"async\" class=\"company-info__logo\" src=\"https:\/\/www.artisanlocal.ch\/media\/cache\/thumb\/images\/companies\/69086663cdef2256770633.png\" alt=\"Logo\">\r\n            <h2 class=\"company-info__name\">AMIAR Services<\/h2>\r\n            <p class=\"company-info__business\">Installations de chauffage - D\u00e9pannage 24H\/24 - Maintenance - R\u00e9paration - Assainissement de chaudi\u00e8res<\/p>\r\n        <\/div>\r\n        <div class=\"company-contact\">\r\n            <p class=\"company-info__address\">Rue du Bourg 38<\/p>\r\n                            <div class=\"links\">\r\n                                            <a class=\"btn has-accent-background-color js-phoneNumber\" href=\"tel:0779272487\" title=\"Appelez\" data-id=\"38828\" data-type=\"11\">077 927 24 87<\/a>\r\n                                                                <a class=\"btn has-accent-background-color\" href=\"https:\/\/www.amiarservices.ch\/\" target=\"_blank\" title=\"Voir le site internet\" data-id=\"38828\" data-type=\"20\">Site internet<\/a>\r\n                                    <\/div>\r\n                    <\/div>\r\n    \r\n            \r\n<form action=\"https:\/\/www.artisanlocal.ch\/c\/wp-admin\/admin-ajax.php\" method=\"post\" class=\"form-contact\" id=\"artisan_form_contact_company_inline\">\r\n    <div><input type=\"hidden\" name=\"action\" value=\"company_contact\"><\/div>\r\n    <div><input type=\"hidden\" name=\"nonce\" value=\"85ec494698\"><\/div>\r\n    <div><input type=\"hidden\" name=\"company_id\" value=\"38828\"><\/div>\r\n    <div><input type=\"hidden\" name=\"form_id\" value=\"artisan_form_contact_company_inline\"><\/div>\r\n    <div class=\"gglcptch gglcptch_v3 gglcptch_custom\"><input type=\"hidden\" id=\"g-recaptcha-response\" name=\"g-recaptcha-response\" \/><br \/><div class=\"gglcptch_error_text\">La p\u00e9riode de v\u00e9rification reCAPTCHA a expir\u00e9. Veuillez recharger la page.<\/div><\/div>    <div class=\"form-content\">\r\n        <div class=\"form-group\">\r\n            <label for=\"contact_firstName\" class=\"required\">Pr\u00e9nom<\/label>\r\n            <input type=\"text\" name=\"firstName\" class=\"form-control\" required>\r\n        <\/div>\r\n        <div class=\"form-group\">\r\n            <label for=\"contact_lastName\" class=\"required\">Nom<\/label>\r\n            <input type=\"text\" name=\"lastName\" class=\"form-control\" required>\r\n        <\/div>\r\n        <div class=\"form-group\">\r\n            <label for=\"contact_email\" class=\"required\">Email<\/label>\r\n            <input type=\"email\" name=\"email\" class=\"form-control\" required>\r\n        <\/div>\r\n        <div class=\"form-group\">\r\n            <label for=\"contact_phone\" class=\"required\">Num\u00e9ro de t\u00e9l\u00e9phone<\/label>\r\n            <input type=\"tel\" name=\"phone\" class=\"form-control\" placeholder=\"0787117165\" pattern=\"^[0-9]{10}$\" required>\r\n        <\/div>\r\n        <div class=\"form-group\">\r\n            <label for=\"contact_postalCode\" class=\"required\">Code postal et localit\u00e9<\/label>\r\n            <input type=\"text\" name=\"postalCode\" class=\"form-control\" required>\r\n        <\/div>\r\n        <div class=\"form-group\">\r\n            <label for=\"contact_address\" class=\"required\">Adresse<\/label>\r\n            <input type=\"text\" name=\"address\" class=\"form-control\" required>\r\n        <\/div>\r\n        <div class=\"full-width topic\">\r\n            <p class=\"required\">Je souhaite \u00eatre contact\u00e9 pour :<\/p>\r\n            <div class=\"form-check\">\r\n                <input type=\"radio\" name=\"topic\" value=\"D\u00e9pannage\" class=\"form-control\" required>\r\n                <label for=\"d\u00e9pannage\">D\u00e9pannage<\/label>\r\n            <\/div>\r\n            <div class=\"form-check\">\r\n                <input type=\"radio\" name=\"topic\" value=\"Entretien\" class=\"form-control\" required>\r\n                <label for=\"entretien\">Entretien<\/label>\r\n            <\/div>\r\n            <div class=\"form-check\">\r\n                <input type=\"radio\" name=\"topic\" value=\"R\u00e9novation\" class=\"form-control\" required>\r\n                <label for=\"r\u00e9novation\">R\u00e9novation<\/label>\r\n            <\/div>\r\n            <div class=\"form-check\">\r\n                <input type=\"radio\" name=\"topic\" value=\"Autre\" class=\"form-control\" required>\r\n                <label for=\"autre\">Autre<\/label>\r\n            <\/div>\r\n        <\/div>\r\n        <div class=\"form-group full-width\">\r\n            <label for=\"contact_message\">Message<\/label>\r\n            <textarea name=\"message\" rows=\"3\" class=\"form-control\"><\/textarea>\r\n        <\/div>\r\n    <\/div>\r\n    <div class=\"form-actions\">\r\n        <button class=\"wp-block-button__link has-accent-background-color\">Contacter<\/button>\r\n    <\/div>\r\n<\/form>\r\n<div class=\"form-feedback\"><\/div>    <\/div>\n<h2>Pourquoi choisir notre entreprise ?<\/h2>\n<p>Estimation rapide de votre projet : une fois que vous avez compl\u00e9t\u00e9 le formulaire, notre chauffagiste \u00e0 Chardonne vous appelle dans la journ\u00e9e.<\/p>\n<p>D\u00e9placement de notre technicien \u00e0 votre domicile : le jour m\u00eame, le chauffagiste Chardonneret peut se rendre \u00e0 votre domicile pour calculer le prix de votre projet. Vous obtiendrez un devis et pourrez poser toutes vos questions.<\/p>\n<p>Mise en place de votre syst\u00e8me de chauffage en 24 \u00e0 48 heures : une fois que vous avez accept\u00e9 notre devis. Nous d\u00e9terminerons le jour de notre intervention avec vous.<\/p>\n<p>Assistance technique et de r\u00e9paration : en cas de panne de votre chaudi\u00e8re, chauffe-eau ou syst\u00e8me de chauffage. Notre soci\u00e9t\u00e9 peut op\u00e9rer \u00e0 Chardonne et ses alentours.<\/p>\n<h2>Pourquoi est-il important de d\u00e9panner votre chauffage ?<\/h2>\n<p>Avoir un syst\u00e8me de chauffage qui fonctionne est essentiel, surtout dans les foyers avec des enfants en bas \u00e2ge. Nos chauffagistes vous aident \u00e0 ajuster la bonne temp\u00e9rature et le niveau de monoxyde de carbone engendr\u00e9 par votre syst\u00e8me de chauffage. Peu importe le type de votre chauffage, nos chauffagistes assurent la maintenance et l&rsquo;entretien, de votre \u00e9quipement de chauffage : \u00e0 accumulation, basse temp\u00e9rature, fioul, condensation, \u00e9lectrique ou \u00e0 gaz.<\/p>\n<h2>Pouvez-vous me d\u00e9panner \u00e0 distance ?<\/h2>\n<p>Oui, l&rsquo;entreprise Artisanlocal peut vous aider \u00e0 distance. Il vous suffit de nous d\u00e9crire votre probl\u00e8me pour que nous puissions en d\u00e9finir les raisons et trouver la solution. Il faut garder en t\u00eate que dans la majorit\u00e9 des cas, un technicien doit se d\u00e9placer chez vous pour d\u00e9tecter et r\u00e9parer le probl\u00e8me.<\/p>\n<h2>Quel est le mode de fonctionnement de votre entreprise ?<\/h2>\n<ol>\n<li>Prise de contact : il est n\u00e9cessaire que vous preniez contact avec nous par e-mail ou par t\u00e9l\u00e9phone.<\/li>\n<li>D\u00e9placement : un expert chauffagiste Chardonneret vient \u00e0 votre logement.<\/li>\n<li>\u00c9valuation : on examinera l&rsquo;\u00e9quipement actuel, la superficie, l&rsquo;isolation et le volume de vos pi\u00e8ces pour estimer et d\u00e9finir la meilleure solution.<\/li>\n<li>Recommandation : nous vous guiderons pour choisir le meilleur syst\u00e8me de chauffage, nous prenons en compte la rentabilit\u00e9 et le rendement que vous d\u00e9sirez avoir.<\/li>\n<li>Devis : vous recevez une estimation d\u00e9taill\u00e9e, vous pr\u00e9sentant les diverses d\u00e9penses.<\/li>\n<li>Mise en place : apr\u00e8s avoir sign\u00e9 notre devis, nous r\u00e9alisons l&rsquo;installation de votre chauffage et ajustons le thermostat par rapport \u00e0 vos besoins.<\/li>\n<\/ol>\n<h2>Quelle est la meilleure solution de chauffage pour un appartement ?<\/h2>\n<p>L&rsquo;expert qui se d\u00e9place \u00e0 votre domicile, vous conseille pour choisir le meilleur chauffage possible, comme les chauffages : \u00e0 gaz, \u00e9lectriques, fioul, classiques, basses temp\u00e9ratures ou \u00e0 condensation.<\/p>\n<p>Les chauffages \u00e0 basses temp\u00e9ratures ou \u00e0 condensation co\u00fbtent plus cher \u00e0 l&rsquo;acquisition, mais ils permettent de r\u00e9aliser des \u00e9conomies sur le long terme.<\/p>\n<p>De plus, avant de poser votre chauffage, il convient de configurer votre thermostat selon votre habitation et vos besoins. Ne vous inqui\u00e9tez pas, le chauffagiste qui se rend chez vous a les connaissances pour r\u00e9soudre toutes vos probl\u00e9matiques de chauffage. Vous retrouverez dans notre estimation les \u00e9l\u00e9ments de notre intervention.<\/p>\n<h2>Entretien de votre chauffage \u00e0 Chardonne<\/h2>\n<p>Veillez \u00e0 r\u00e9aliser la maintenance de votre chauffage chaque ann\u00e9e, qu&rsquo;il soit au gaz ou au fioul. Solliciter un chauffagiste pour la maintenance de votre chauffage permet de contr\u00f4ler les \u00e9missions de monoxyde de carbone. Il convient de savoir, si votre chauffage produit trop de monoxyde de carbone, il est probable de vous intoxiquer. En intervenant chez vous, l&rsquo;expert r\u00e8gle et v\u00e9rifie les taux de monoxyde de carbone de votre syst\u00e8me de chauffage pour vous \u00e9viter d&rsquo;avoir des probl\u00e8mes de sant\u00e9.<\/p>\n<h2>Contrat de maintenance pour votre chauffage \u00e0 Chardonne<\/h2>\n<p>Afind&rsquo;assurer le bon \u00e9tat de marche de votre chauffage, nous offrons des contrats d&rsquo;entretien. Avec un entretien r\u00e9gulier, vous r\u00e9alisez des \u00e9conomies en \u00e9vitant les dysfonctionnements et les interventions en urgence.<\/p>\n<p>D&rsquo;autre part, si vous avez un d\u00e9g\u00e2t ou un sinistre, votre assureur vous r\u00e9clame le contrat d&rsquo;entretien dans le but de comparer l&rsquo;\u00e9tat de votre chauffage avant l&rsquo;accident. Notre soci\u00e9t\u00e9 propose des contrats d&rsquo;entretien pluriannuels ou annuels.<\/p>\n<h2>Quels sont les b\u00e9n\u00e9fices de signer un contrat de maintenance pour votre chauffage ?<\/h2>\n<p>En cas de pi\u00e8ces d\u00e9fectueuses, nous assurons le remplacement imm\u00e9diat. Par ailleurs, nous nous engageons \u00e0 inspecter la totalit\u00e9 de votre chauffage, tel que :<\/p>\n<ul>\n<li>La tension dans vos conduits,<\/li>\n<li>l&rsquo;entretien des tuyaux de raccordement, et des \u00e9l\u00e9ments chauffants.<\/li>\n<\/ul>\n<h2>Quelles sont les diff\u00e9rentes prestations propos\u00e9es par votre entreprise ?<\/h2>\n<p>Nos experts interviennent dans votre appartement, pour :<\/p>\n<ul>\n<li>le d\u00e9tartrage et le d\u00e9sembouage de radiateur,<\/li>\n<li>la purge d&rsquo;air,<\/li>\n<li>l&rsquo;entretien des chauffe-eau et des chaudi\u00e8res,<\/li>\n<li>le r\u00e9glage de votre thermostat,<\/li>\n<li>l&rsquo;entretien des chaudi\u00e8res \u00e0 condensation, \u00e0 gaz, basses temp\u00e9ratures, \u00e0 fioul, \u00e0 accumulation et \u00e9lectriques,<\/li>\n<li>la remise en \u00e9tat de la vanne de vidange,<\/li>\n<li>l&rsquo;intervention et la r\u00e9paration de vos pannes : fuite de tuyauterie, radiateur qui ne chauffe plus, chaudi\u00e8re, etc.<\/li>\n<li>la mise en place de : radiateur \u00e9lectrique, plancher chauffant, pompe \u00e0 chaleur, chaudi\u00e8re, chauffage, etc.<\/li>\n<\/ul>\n<h2>Foire aux questions<\/h2>\n<h3>Pourquoi avoir recours \u00e0 un chauffagiste Chardonneret ?<\/h3>\n<p>D\u00e9velopper votre confort : un chauffage performant pr\u00e9serve la temp\u00e9rature \u00e0 l&rsquo;int\u00e9rieur de votre domicile.<\/p>\n<p>Faire des \u00e9conomies : en choisissant des mat\u00e9riaux de qualit\u00e9, pour le chauffage et l&rsquo;isolation, vous baissez vos \u00e9missions de carbone et vous r\u00e9alisez des \u00e9conomies.<\/p>\n<p>Maintenir la s\u00fbret\u00e9 de vos installations : respecter les normes de s\u00e9curit\u00e9 maintient votre chauffage s\u00fbr et efficace (par exemple, pour r\u00e9duire les \u00e9missions de monoxyde de carbone).<\/p>\n<p>Pr\u00e9voir les incidents : un technicien est en mesure d&rsquo;anticiper de potentiels dommages caus\u00e9s par vos \u00e9quipements, juste en examinant vos installations.<\/p>\n<h3>Quels sont les crit\u00e8res \u00e0 prendre en consid\u00e9ration pour s\u00e9lectionner le bon chauffagiste \u00e0 Chardonne ?<\/h3>\n<p>Les comp\u00e9tences : contr\u00f4lez les certifications certifiant que la soci\u00e9t\u00e9 \u00e0 un v\u00e9ritable savoir-faire dans son secteur.<\/p>\n<p>Les avis clients : prenez le temps de consulter les t\u00e9moignages des anciens clients ayant d\u00e9j\u00e0 collabor\u00e9 avec les soci\u00e9t\u00e9s.<\/p>\n<p>Les garanties : v\u00e9rifiez que les techniciens sont assur\u00e9s en cas de pr\u00e9judices.<\/p>\n<h3>\u00c0 quelle rapidit\u00e9 votre entreprise intervient dans un foyer Chardonneret ?<\/h3>\n<p>Si vous avez une demande d&rsquo;intervention urgente, nous pouvons intervenir sous un d\u00e9lai de deux heures, s&rsquo;il n&rsquo;y a pas d&rsquo;urgence concernant votre demande, nous op\u00e9rons normalement au cours de la journ\u00e9e.<\/p>\n<h3>Votre soci\u00e9t\u00e9 est disponible pour agir \u00e0 Chardonne, mais aussi dans les localit\u00e9s aux alentours ?<\/h3>\n<p>En effet, nous effectuons nos interventions \u00e0 Chardonne et dans les villes aux environs, par exemple : Puidoux, Chexbres, Rivaz, St-Saphorin (Lavaux), Aran, Chenaux, Grandvaux, Cully, Villette (Lavaux), Riex, Epesses, Vevey, Le Mont-P\u00e8lerin, Corseaux, Corsier-sur-Vevey, Jongny, St-L\u00e9gier-La Chi\u00e9saz, Blonay, Les Monts-de-Corsier, Fenil-sur-Corsier, La Tour-de-Peilz, Clarens, Chailly-Montreux, Brent, Montreux, Territet, Veytaux, Chernex, Glion, Caux, Chamby, Villard-sur-Chamby, Les Avants.<\/p>\n","protected":false},"excerpt":{"rendered":"<p>Besoin d&rsquo;assistance pour votre chauffage ? ? Si vous \u00eates un Chardonneret, notre soci\u00e9t\u00e9 assure la mise en place ainsi que la restauration de votre chauffage. En choisissant de travailler avec nous, vous profitez : d&rsquo;une tarification d\u00e9taill\u00e9e, de services de qualit\u00e9, d&rsquo;intervention \u00e0 Chardonne et dans les environs, d&rsquo;une entreprise avec une grande exp\u00e9rience, [&hellip;]<\/p>\n","protected":false},"author":4,"featured_media":2757,"parent":0,"menu_order":0,"comment_status":"closed","ping_status":"closed","template":"","meta":{"footnotes":""},"profession":[120],"location":[54],"canton":[113],"class_list":["post-689","page","type-page","status-publish","has-post-thumbnail","hentry","profession-chauffagiste","location-chardonne","canton-vd"],"yoast_head":"<!-- This site is optimized with the Yoast SEO Premium plugin v25.7.1 (Yoast SEO v27.3) - https:\/\/yoast.com\/product\/yoast-seo-premium-wordpress\/ -->\n<title>Chauffagiste \u00e0 Chardonne ? - Artisanlocal<\/title>\n<meta name=\"robots\" content=\"index, follow, max-snippet:-1, max-image-preview:large, max-video-preview:-1\" \/>\n<link rel=\"canonical\" href=\"https:\/\/www.artisanlocal.ch\/c\/chauffagiste-a-chardonne\/\" \/>\n<meta property=\"og:locale\" content=\"fr_FR\" \/>\n<meta property=\"og:type\" content=\"article\" \/>\n<meta property=\"og:title\" content=\"Chauffagiste \u00e0 Chardonne ?\" \/>\n<meta property=\"og:description\" content=\"Besoin d&rsquo;assistance pour votre chauffage ? ? Si vous \u00eates un Chardonneret, notre soci\u00e9t\u00e9 assure la mise en place ainsi que la restauration de votre chauffage. En choisissant de travailler avec nous, vous profitez : d&rsquo;une tarification d\u00e9taill\u00e9e, de services de qualit\u00e9, d&rsquo;intervention \u00e0 Chardonne et dans les environs, d&rsquo;une entreprise avec une grande exp\u00e9rience, [&hellip;]\" \/>\n<meta property=\"og:url\" content=\"https:\/\/www.artisanlocal.ch\/c\/chauffagiste-a-chardonne\/\" \/>\n<meta property=\"og:site_name\" content=\"Artisanlocal\" \/>\n<meta property=\"article:modified_time\" content=\"2025-08-26T23:32:27+00:00\" \/>\n<meta property=\"og:image\" content=\"https:\/\/www.artisanlocal.ch\/c\/wp-content\/uploads\/2024\/10\/chauffagiste.jpg\" \/>\n\t<meta property=\"og:image:width\" content=\"1920\" \/>\n\t<meta property=\"og:image:height\" content=\"300\" \/>\n\t<meta property=\"og:image:type\" content=\"image\/jpeg\" \/>\n<meta name=\"twitter:card\" content=\"summary_large_image\" \/>\n<meta name=\"twitter:label1\" content=\"Dur\u00e9e de lecture estim\u00e9e\" \/>\n\t<meta name=\"twitter:data1\" content=\"6 minutes\" \/>\n<script type=\"application\/ld+json\" class=\"yoast-schema-graph\">{\"@context\":\"https:\\\/\\\/schema.org\",\"@graph\":[{\"@type\":\"WebPage\",\"@id\":\"https:\\\/\\\/www.artisanlocal.ch\\\/c\\\/chauffagiste-a-chardonne\\\/\",\"url\":\"https:\\\/\\\/www.artisanlocal.ch\\\/c\\\/chauffagiste-a-chardonne\\\/\",\"name\":\"Chauffagiste \u00e0 Chardonne ? - Artisanlocal\",\"isPartOf\":{\"@id\":\"https:\\\/\\\/www.artisanlocal.ch\\\/c\\\/#website\"},\"primaryImageOfPage\":{\"@id\":\"https:\\\/\\\/www.artisanlocal.ch\\\/c\\\/chauffagiste-a-chardonne\\\/#primaryimage\"},\"image\":{\"@id\":\"https:\\\/\\\/www.artisanlocal.ch\\\/c\\\/chauffagiste-a-chardonne\\\/#primaryimage\"},\"thumbnailUrl\":\"https:\\\/\\\/www.artisanlocal.ch\\\/c\\\/wp-content\\\/uploads\\\/2024\\\/10\\\/chauffagiste.jpg\",\"datePublished\":\"2024-04-18T16:22:57+00:00\",\"dateModified\":\"2025-08-26T23:32:27+00:00\",\"breadcrumb\":{\"@id\":\"https:\\\/\\\/www.artisanlocal.ch\\\/c\\\/chauffagiste-a-chardonne\\\/#breadcrumb\"},\"inLanguage\":\"fr-FR\",\"potentialAction\":[{\"@type\":\"ReadAction\",\"target\":[\"https:\\\/\\\/www.artisanlocal.ch\\\/c\\\/chauffagiste-a-chardonne\\\/\"]}]},{\"@type\":\"ImageObject\",\"inLanguage\":\"fr-FR\",\"@id\":\"https:\\\/\\\/www.artisanlocal.ch\\\/c\\\/chauffagiste-a-chardonne\\\/#primaryimage\",\"url\":\"https:\\\/\\\/www.artisanlocal.ch\\\/c\\\/wp-content\\\/uploads\\\/2024\\\/10\\\/chauffagiste.jpg\",\"contentUrl\":\"https:\\\/\\\/www.artisanlocal.ch\\\/c\\\/wp-content\\\/uploads\\\/2024\\\/10\\\/chauffagiste.jpg\",\"width\":1920,\"height\":300},{\"@type\":\"BreadcrumbList\",\"@id\":\"https:\\\/\\\/www.artisanlocal.ch\\\/c\\\/chauffagiste-a-chardonne\\\/#breadcrumb\",\"itemListElement\":[{\"@type\":\"ListItem\",\"position\":1,\"name\":\"Accueil\",\"item\":\"https:\\\/\\\/www.artisanlocal.ch\\\/c\\\/\"},{\"@type\":\"ListItem\",\"position\":2,\"name\":\"Chauffagiste \u00e0 Chardonne ?\"}]},{\"@type\":\"WebSite\",\"@id\":\"https:\\\/\\\/www.artisanlocal.ch\\\/c\\\/#website\",\"url\":\"https:\\\/\\\/www.artisanlocal.ch\\\/c\\\/\",\"name\":\"Artisanlocal\",\"description\":\"\",\"publisher\":{\"@id\":\"https:\\\/\\\/www.artisanlocal.ch\\\/c\\\/#organization\"},\"potentialAction\":[{\"@type\":\"SearchAction\",\"target\":{\"@type\":\"EntryPoint\",\"urlTemplate\":\"https:\\\/\\\/www.artisanlocal.ch\\\/c\\\/?s={search_term_string}\"},\"query-input\":{\"@type\":\"PropertyValueSpecification\",\"valueRequired\":true,\"valueName\":\"search_term_string\"}}],\"inLanguage\":\"fr-FR\"},{\"@type\":\"Organization\",\"@id\":\"https:\\\/\\\/www.artisanlocal.ch\\\/c\\\/#organization\",\"name\":\"Artisanlocal\",\"url\":\"https:\\\/\\\/www.artisanlocal.ch\\\/c\\\/\",\"logo\":{\"@type\":\"ImageObject\",\"inLanguage\":\"fr-FR\",\"@id\":\"https:\\\/\\\/www.artisanlocal.ch\\\/c\\\/#\\\/schema\\\/logo\\\/image\\\/\",\"url\":\"https:\\\/\\\/www.artisanlocal.ch\\\/c\\\/wp-content\\\/uploads\\\/2024\\\/02\\\/logo-artisanlocal-h.svg\",\"contentUrl\":\"https:\\\/\\\/www.artisanlocal.ch\\\/c\\\/wp-content\\\/uploads\\\/2024\\\/02\\\/logo-artisanlocal-h.svg\",\"caption\":\"Artisanlocal\"},\"image\":{\"@id\":\"https:\\\/\\\/www.artisanlocal.ch\\\/c\\\/#\\\/schema\\\/logo\\\/image\\\/\"}}]}<\/script>\n<!-- \/ Yoast SEO Premium plugin. -->","yoast_head_json":{"title":"Chauffagiste \u00e0 Chardonne ? - Artisanlocal","robots":{"index":"index","follow":"follow","max-snippet":"max-snippet:-1","max-image-preview":"max-image-preview:large","max-video-preview":"max-video-preview:-1"},"canonical":"https:\/\/www.artisanlocal.ch\/c\/chauffagiste-a-chardonne\/","og_locale":"fr_FR","og_type":"article","og_title":"Chauffagiste \u00e0 Chardonne ?","og_description":"Besoin d&rsquo;assistance pour votre chauffage ? ? Si vous \u00eates un Chardonneret, notre soci\u00e9t\u00e9 assure la mise en place ainsi que la restauration de votre chauffage. En choisissant de travailler avec nous, vous profitez : d&rsquo;une tarification d\u00e9taill\u00e9e, de services de qualit\u00e9, d&rsquo;intervention \u00e0 Chardonne et dans les environs, d&rsquo;une entreprise avec une grande exp\u00e9rience, [&hellip;]","og_url":"https:\/\/www.artisanlocal.ch\/c\/chauffagiste-a-chardonne\/","og_site_name":"Artisanlocal","article_modified_time":"2025-08-26T23:32:27+00:00","og_image":[{"width":1920,"height":300,"url":"https:\/\/www.artisanlocal.ch\/c\/wp-content\/uploads\/2024\/10\/chauffagiste.jpg","type":"image\/jpeg"}],"twitter_card":"summary_large_image","twitter_misc":{"Dur\u00e9e de lecture estim\u00e9e":"6 minutes"},"schema":{"@context":"https:\/\/schema.org","@graph":[{"@type":"WebPage","@id":"https:\/\/www.artisanlocal.ch\/c\/chauffagiste-a-chardonne\/","url":"https:\/\/www.artisanlocal.ch\/c\/chauffagiste-a-chardonne\/","name":"Chauffagiste \u00e0 Chardonne ? - Artisanlocal","isPartOf":{"@id":"https:\/\/www.artisanlocal.ch\/c\/#website"},"primaryImageOfPage":{"@id":"https:\/\/www.artisanlocal.ch\/c\/chauffagiste-a-chardonne\/#primaryimage"},"image":{"@id":"https:\/\/www.artisanlocal.ch\/c\/chauffagiste-a-chardonne\/#primaryimage"},"thumbnailUrl":"https:\/\/www.artisanlocal.ch\/c\/wp-content\/uploads\/2024\/10\/chauffagiste.jpg","datePublished":"2024-04-18T16:22:57+00:00","dateModified":"2025-08-26T23:32:27+00:00","breadcrumb":{"@id":"https:\/\/www.artisanlocal.ch\/c\/chauffagiste-a-chardonne\/#breadcrumb"},"inLanguage":"fr-FR","potentialAction":[{"@type":"ReadAction","target":["https:\/\/www.artisanlocal.ch\/c\/chauffagiste-a-chardonne\/"]}]},{"@type":"ImageObject","inLanguage":"fr-FR","@id":"https:\/\/www.artisanlocal.ch\/c\/chauffagiste-a-chardonne\/#primaryimage","url":"https:\/\/www.artisanlocal.ch\/c\/wp-content\/uploads\/2024\/10\/chauffagiste.jpg","contentUrl":"https:\/\/www.artisanlocal.ch\/c\/wp-content\/uploads\/2024\/10\/chauffagiste.jpg","width":1920,"height":300},{"@type":"BreadcrumbList","@id":"https:\/\/www.artisanlocal.ch\/c\/chauffagiste-a-chardonne\/#breadcrumb","itemListElement":[{"@type":"ListItem","position":1,"name":"Accueil","item":"https:\/\/www.artisanlocal.ch\/c\/"},{"@type":"ListItem","position":2,"name":"Chauffagiste \u00e0 Chardonne ?"}]},{"@type":"WebSite","@id":"https:\/\/www.artisanlocal.ch\/c\/#website","url":"https:\/\/www.artisanlocal.ch\/c\/","name":"Artisanlocal","description":"","publisher":{"@id":"https:\/\/www.artisanlocal.ch\/c\/#organization"},"potentialAction":[{"@type":"SearchAction","target":{"@type":"EntryPoint","urlTemplate":"https:\/\/www.artisanlocal.ch\/c\/?s={search_term_string}"},"query-input":{"@type":"PropertyValueSpecification","valueRequired":true,"valueName":"search_term_string"}}],"inLanguage":"fr-FR"},{"@type":"Organization","@id":"https:\/\/www.artisanlocal.ch\/c\/#organization","name":"Artisanlocal","url":"https:\/\/www.artisanlocal.ch\/c\/","logo":{"@type":"ImageObject","inLanguage":"fr-FR","@id":"https:\/\/www.artisanlocal.ch\/c\/#\/schema\/logo\/image\/","url":"https:\/\/www.artisanlocal.ch\/c\/wp-content\/uploads\/2024\/02\/logo-artisanlocal-h.svg","contentUrl":"https:\/\/www.artisanlocal.ch\/c\/wp-content\/uploads\/2024\/02\/logo-artisanlocal-h.svg","caption":"Artisanlocal"},"image":{"@id":"https:\/\/www.artisanlocal.ch\/c\/#\/schema\/logo\/image\/"}}]}},"_links":{"self":[{"href":"https:\/\/www.artisanlocal.ch\/c\/wp-json\/wp\/v2\/pages\/689","targetHints":{"allow":["GET"]}}],"collection":[{"href":"https:\/\/www.artisanlocal.ch\/c\/wp-json\/wp\/v2\/pages"}],"about":[{"href":"https:\/\/www.artisanlocal.ch\/c\/wp-json\/wp\/v2\/types\/page"}],"author":[{"embeddable":true,"href":"https:\/\/www.artisanlocal.ch\/c\/wp-json\/wp\/v2\/users\/4"}],"replies":[{"embeddable":true,"href":"https:\/\/www.artisanlocal.ch\/c\/wp-json\/wp\/v2\/comments?post=689"}],"version-history":[{"count":0,"href":"https:\/\/www.artisanlocal.ch\/c\/wp-json\/wp\/v2\/pages\/689\/revisions"}],"wp:featuredmedia":[{"embeddable":true,"href":"https:\/\/www.artisanlocal.ch\/c\/wp-json\/wp\/v2\/media\/2757"}],"wp:attachment":[{"href":"https:\/\/www.artisanlocal.ch\/c\/wp-json\/wp\/v2\/media?parent=689"}],"wp:term":[{"taxonomy":"profession","embeddable":true,"href":"https:\/\/www.artisanlocal.ch\/c\/wp-json\/wp\/v2\/profession?post=689"},{"taxonomy":"location","embeddable":true,"href":"https:\/\/www.artisanlocal.ch\/c\/wp-json\/wp\/v2\/location?post=689"},{"taxonomy":"canton","embeddable":true,"href":"https:\/\/www.artisanlocal.ch\/c\/wp-json\/wp\/v2\/canton?post=689"}],"curies":[{"name":"wp","href":"https:\/\/api.w.org\/{rel}","templated":true}]}}