{"id":693,"date":"2024-04-19T19:40:27","date_gmt":"2024-04-19T17:40:27","guid":{"rendered":"https:\/\/www.artisanlocal.ch\/c\/chauffagiste-a-mont-sur-lausanne\/"},"modified":"2025-08-26T19:29:48","modified_gmt":"2025-08-26T17:29:48","slug":"chauffagiste-a-mont-sur-lausanne","status":"publish","type":"page","link":"https:\/\/www.artisanlocal.ch\/c\/chauffagiste-a-mont-sur-lausanne\/","title":{"rendered":"Chauffagiste \u00e0 Le Mont-sur-Lausanne ?"},"content":{"rendered":"<p>Vous recherchez un chauffagiste \u00e0 Le Mont-sur-Lausanne ? Artisanlocal r\u00e9pare votre chaudi\u00e8re et effectue vos travaux de chauffage \u00e0 Le Mont-sur-Lausanne. En travaillant avec nous, vous profitez :<\/p>\n<ul>\n<li>de prix clair,<\/li>\n<li>de prestations de haut niveau,<\/li>\n<li>de services \u00e0 Le Mont-sur-Lausanne et dans les villes \u00e0 proximit\u00e9,<\/li>\n<li>d&rsquo;un personnel qualifi\u00e9 et avec de l&rsquo;exp\u00e9rience,<\/li>\n<li>d&rsquo;estimations sans frais,<\/li>\n<li>d&rsquo;une entreprise disponible du lundi au samedi.<\/li>\n<\/ul>\n\r\n<div class=\"box\">\r\n            <div class=\"company-info\">\r\n            <img decoding=\"async\" class=\"company-info__logo\" src=\"https:\/\/www.artisanlocal.ch\/media\/cache\/thumb\/images\/companies\/611a3184c2550010443282.png\" alt=\"Logo\">\r\n            <h2 class=\"company-info__name\">DEVAUX FRERES CHAUFFAGE & SANITAIRE SARL<\/h2>\r\n            <p class=\"company-info__business\">Installations sanitaires - Chauffages<\/p>\r\n        <\/div>\r\n        <div class=\"company-contact\">\r\n            <p class=\"company-info__address\">Chemin du Raffort 1<\/p>\r\n                            <div class=\"links\">\r\n                                            <a class=\"btn has-accent-background-color js-phoneNumber\" href=\"tel:0795983115\" title=\"Appelez\" data-id=\"1873\" data-type=\"11\">079 598 31 15<\/a>\r\n                                                                <a class=\"btn has-accent-background-color\" href=\"https:\/\/www.devaux-freres.ch\/\" target=\"_blank\" title=\"Voir le site internet\" data-id=\"1873\" data-type=\"20\">Site internet<\/a>\r\n                                    <\/div>\r\n                    <\/div>\r\n    \r\n            \r\n<form action=\"https:\/\/www.artisanlocal.ch\/c\/wp-admin\/admin-ajax.php\" method=\"post\" class=\"form-contact\" id=\"artisan_form_contact_company_inline\">\r\n    <div><input type=\"hidden\" name=\"action\" value=\"company_contact\"><\/div>\r\n    <div><input type=\"hidden\" name=\"nonce\" value=\"71c831c7eb\"><\/div>\r\n    <div><input type=\"hidden\" name=\"company_id\" value=\"1873\"><\/div>\r\n    <div><input type=\"hidden\" name=\"form_id\" value=\"artisan_form_contact_company_inline\"><\/div>\r\n    <div class=\"gglcptch gglcptch_v3 gglcptch_custom\"><input type=\"hidden\" id=\"g-recaptcha-response\" name=\"g-recaptcha-response\" \/><br \/><div class=\"gglcptch_error_text\">La p\u00e9riode de v\u00e9rification reCAPTCHA a expir\u00e9. Veuillez recharger la page.<\/div><\/div>    <div class=\"form-content\">\r\n        <div class=\"form-group\">\r\n            <label for=\"contact_firstName\" class=\"required\">Pr\u00e9nom<\/label>\r\n            <input type=\"text\" name=\"firstName\" class=\"form-control\" required>\r\n        <\/div>\r\n        <div class=\"form-group\">\r\n            <label for=\"contact_lastName\" class=\"required\">Nom<\/label>\r\n            <input type=\"text\" name=\"lastName\" class=\"form-control\" required>\r\n        <\/div>\r\n        <div class=\"form-group\">\r\n            <label for=\"contact_email\" class=\"required\">Email<\/label>\r\n            <input type=\"email\" name=\"email\" class=\"form-control\" required>\r\n        <\/div>\r\n        <div class=\"form-group\">\r\n            <label for=\"contact_phone\" class=\"required\">Num\u00e9ro de t\u00e9l\u00e9phone<\/label>\r\n            <input type=\"tel\" name=\"phone\" class=\"form-control\" placeholder=\"0787117165\" pattern=\"^[0-9]{10}$\" required>\r\n        <\/div>\r\n        <div class=\"form-group\">\r\n            <label for=\"contact_postalCode\" class=\"required\">Code postal et localit\u00e9<\/label>\r\n            <input type=\"text\" name=\"postalCode\" class=\"form-control\" required>\r\n        <\/div>\r\n        <div class=\"form-group\">\r\n            <label for=\"contact_address\" class=\"required\">Adresse<\/label>\r\n            <input type=\"text\" name=\"address\" class=\"form-control\" required>\r\n        <\/div>\r\n        <div class=\"full-width topic\">\r\n            <p class=\"required\">Je souhaite \u00eatre contact\u00e9 pour :<\/p>\r\n            <div class=\"form-check\">\r\n                <input type=\"radio\" name=\"topic\" value=\"D\u00e9pannage\" class=\"form-control\" required>\r\n                <label for=\"d\u00e9pannage\">D\u00e9pannage<\/label>\r\n            <\/div>\r\n            <div class=\"form-check\">\r\n                <input type=\"radio\" name=\"topic\" value=\"Entretien\" class=\"form-control\" required>\r\n                <label for=\"entretien\">Entretien<\/label>\r\n            <\/div>\r\n            <div class=\"form-check\">\r\n                <input type=\"radio\" name=\"topic\" value=\"R\u00e9novation\" class=\"form-control\" required>\r\n                <label for=\"r\u00e9novation\">R\u00e9novation<\/label>\r\n            <\/div>\r\n            <div class=\"form-check\">\r\n                <input type=\"radio\" name=\"topic\" value=\"Autre\" class=\"form-control\" required>\r\n                <label for=\"autre\">Autre<\/label>\r\n            <\/div>\r\n        <\/div>\r\n        <div class=\"form-group full-width\">\r\n            <label for=\"contact_message\">Message<\/label>\r\n            <textarea name=\"message\" rows=\"3\" class=\"form-control\"><\/textarea>\r\n        <\/div>\r\n    <\/div>\r\n    <div class=\"form-actions\">\r\n        <button class=\"wp-block-button__link has-accent-background-color\">Contacter<\/button>\r\n    <\/div>\r\n<\/form>\r\n<div class=\"form-feedback\"><\/div>    <\/div>\n<h2>Pourquoi travailler avec notre entreprise ?<\/h2>\n<p>Estimation rapide de vos travaux : une fois que nous recevons votre demande de contact, notre technicien \u00e0 Le Mont-sur-Lausanne prend contact le jour m\u00eame.<\/p>\n<p>Visite \u00e0 votre domicile le jour m\u00eame : notre expert Montain vient \u00e0 votre domicile le jour m\u00eame pour estimer le co\u00fbt de votre chantier et v\u00e9rifier la viabilit\u00e9 de votre projet. Vous obtiendrez un devis et vous pouvez nous poser toutes vos demandes.<\/p>\n<p>Mise en place de votre syst\u00e8me de chauffage en 24 \u00e0 48 heures : d\u00e8s que le devis est valid\u00e9 avec notre technicien \u00e0 Le Mont-sur-Lausanne. Nous d\u00e9terminerons la date de notre intervention avec vous.<\/p>\n<p>Entretien et d\u00e9pannage : si votre syst\u00e8me de chauffage, chauffe-eau ou chaudi\u00e8re tombe en panne. Nous sommes pr\u00eats \u00e0 intervenir \u00e0 Le Mont-sur-Lausanne ainsi que dans les communes proches.<\/p>\n<h2>Pourquoi est-il important d&rsquo;entretenir votre syst\u00e8me de chauffage ?<\/h2>\n<p>Avoir un syst\u00e8me de chauffage qui fonctionne est essentiel, si vous avez des enfants en bas \u00e2ge. Notre soci\u00e9t\u00e9 vous aide \u00e0 d\u00e9finir la temp\u00e9rature id\u00e9ale et v\u00e9rifie le taux de monoxyde de carbone cr\u00e9\u00e9 par votre syst\u00e8me de chauffage. Nos experts s&rsquo;occupent de l&rsquo;entretien de votre syst\u00e8me de chauffage, quel que soit le mod\u00e8le : basse temp\u00e9rature, fioul, gaz, condensation, \u00e9lectrique ou \u00e0 accumulation.<\/p>\n<h2>L&rsquo;entreprise Artisanlocal offre-t-elle une aide t\u00e9l\u00e9phonique ?<\/h2>\n<p>Absolument, nous pouvons vous aider par t\u00e9l\u00e9phone. En nous d\u00e9crivant votre probl\u00e8me par t\u00e9l\u00e9phone, nous identifierons la meilleure solution pour r\u00e9soudre votre probl\u00e8me de chauffage. N\u00e9anmoins, dans de nombreux cas, un chauffagiste doit venir dans votre foyer.<\/p>\n<h2>De quelle mani\u00e8re fonctionne Artisanlocal ?<\/h2>\n<ol>\n<li>Premier contact : il est indispensable de nous joindre par e-mail ou par t\u00e9l\u00e9phone.<\/li>\n<li>Intervention : un de nos techniciens intervient \u00e0 votre domicile.<\/li>\n<li>Estimation : le chauffagiste \u00e9valuera l&rsquo;\u00e9tat actuel des choses afin de calculer la superficie, le volume des pi\u00e8ces et inspecter l&rsquo;isolation actuelle.<\/li>\n<li>Recommandation : une strat\u00e9gie vous sera propos\u00e9e en fonction de votre budget et de vos demandes.<\/li>\n<li>Estimation : vous recevez une estimation d\u00e9taill\u00e9e, vous montrant les diverses d\u00e9penses.<\/li>\n<li>Pose : apr\u00e8s avoir sign\u00e9 notre devis, nous effectuons l&rsquo;installation de votre \u00e9quipe de chauffage et ajustons le thermostat par rapport \u00e0 vos demandes.<\/li>\n<\/ol>\n<h2>Quels sont les meilleurs types de chauffages pour votre maison ?<\/h2>\n<p>Le technicien qui se d\u00e9place dans votre foyer, vous conseille pour choisir le meilleur chauffage possible, comme les chauffages : \u00e0 condensation, \u00e9lectriques, \u00e0 gaz, fioul, classiques ou encore basses temp\u00e9ratures.<\/p>\n<p>Les chauffages \u00e0 basses temp\u00e9ratures ou \u00e0 condensation co\u00fbtent plus cher \u00e0 l&rsquo;achat, mais ils contribuent \u00e0 r\u00e9aliser des \u00e9conomies sur la dur\u00e9e.<\/p>\n<p>De plus, avant d&rsquo;installer votre chauffage, il convient de configurer la bonne temp\u00e9rature selon votre propri\u00e9t\u00e9 et vos besoins. Pas d\u2019inqui\u00e9tude, le technicien qui se d\u00e9place chez vous a les connaissances pour r\u00e9soudre tous vos probl\u00e8mes. Dans le devis, vous trouvez les d\u00e9tails de l\u2019intervention, tel que le co\u00fbt des \u00e9quipements et de la main-d&rsquo;\u0153uvre.<\/p>\n<h2>Service d&rsquo;entretien pour votre chauffage \u00e0 Le Mont-sur-Lausanne<\/h2>\n<p>Vous devez r\u00e9aliser l&rsquo;entretien annuel de votre chauffage, qu&rsquo;il soit \u00e0 gaz ou au fioul. Avoir recours \u00e0 un technicien pour l&rsquo;entretien de votre chauffage permet de contr\u00f4ler les taux de monoxyde de carbone. Pour rappel, dans le cas o\u00f9 votre chauffage fabrique beaucoup de monoxyde de carbone, cela peut provoquer une intoxication. Le chauffagiste qui se d\u00e9place dans votre foyer r\u00e8gle et contr\u00f4le les \u00e9missions de monoxyde de carbone de votre chauffage afin de vous emp\u00eacher d\u2019avoir des potentiels soucis de sant\u00e9.<\/p>\n<h2>Contrat d\u2019entretien pour votre chauffage \u00e0 Le Mont-sur-Lausanne<\/h2>\n<p>Notre soci\u00e9t\u00e9 propose des contrats de maintenance pour votre chauffage afin d&rsquo;en assurer le bon \u00e9tat de marche. En r\u00e9alisant un entretien r\u00e9gulier, vous \u00e9conomisez de l&rsquo;argent sur le long terme.<\/p>\n<p>D&rsquo;autre part, dans le cas o\u00f9 vous auriez un sinistre, votre assureur vous r\u00e9clame le contrat d&rsquo;entretien afin de comparer l&rsquo;\u00e9tat de votre chauffage avant l&rsquo;accident. Vous avez le choix de signer avec notre soci\u00e9t\u00e9 un contrat de maintenance annuel ou pluriannuel.<\/p>\n<h2>Quels sont les b\u00e9n\u00e9fices de signer un contrat de maintenance pour votre chauffage ?<\/h2>\n<p>Si vous avez une pi\u00e8ce qui est d\u00e9fectueuse, nous la rempla\u00e7ons en priorit\u00e9, nous nous engageons \u00e0 contr\u00f4ler tout votre chauffage, comme :<\/p>\n<ul>\n<li>La tension dans vos tuyaux,<\/li>\n<li>l&rsquo;entretien des tuyaux de raccordement, et des parties chauffantes.<\/li>\n<\/ul>\n<h2>Quels services offre Artisanlocal ?<\/h2>\n<p>Nos techniciens op\u00e8rent dans votre logement, pour :<\/p>\n<ul>\n<li>le d\u00e9sembouage et le d\u00e9tartrage de vos radiateurs,<\/li>\n<li>la purge de vos radiateurs,<\/li>\n<li>la maintenance de votre chauffage, chaudi\u00e8re et chauffe-eau,<\/li>\n<li>l&rsquo;ajustement des thermostats,<\/li>\n<li>l&rsquo;entretien chaudi\u00e8res \u00e0 condensation, \u00e0 gaz, \u00e0 accumulation, \u00e0 fioul, \u00e9lectriques et basses temp\u00e9ratures,<\/li>\n<li>la remise en \u00e9tat de la vanne de purge,<\/li>\n<li> la r\u00e9paration et le d\u00e9pannage sur tous types de probl\u00e8mes techniques : fuite de canalisation, radiateur qui ne marche plus, chaudi\u00e8re, etc.<\/li>\n<li>l\u2019installation de : chauffage, chaudi\u00e8re, pompe \u00e0 chaleur, radiateur \u00e9lectrique, plancher chauffant, etc.<\/li>\n<\/ul>\n<h2>FAQ<\/h2>\n<h3>Pourquoi avoir recours \u00e0 un technicien chauffagiste Montain ?<\/h3>\n<p>D\u00e9velopper votre confort : un chauffage performant permet de garder une temp\u00e9rature constante dans votre maison.<\/p>\n<p>R\u00e9aliser des \u00e9conomies : en achetant des \u00e9quipements de qualit\u00e9 sup\u00e9rieure, par exemple l&rsquo;isolation et le chauffage, vous diminuez vos \u00e9missions de carbone et vous r\u00e9alisez des \u00e9conomies.<\/p>\n<p>Pr\u00e9server la s\u00fbret\u00e9 de votre syst\u00e8me de chauffage : respecter les normes de s\u00e9curit\u00e9 permet de maintenir un chauffage s\u00fbr et performant (par exemple, pour diminuer les \u00e9missions de monoxyde de carbone).<\/p>\n<p>Anticiper les incidents : un chauffagiste est en mesure d&rsquo;anticiper les d\u00e9g\u00e2ts des eaux, juste en observant votre installation.<\/p>\n<h3>Comment choisir le bon technicien chauffagiste \u00e0 Le Mont-sur-Lausanne ?<\/h3>\n<p>Les comp\u00e9tences : contr\u00f4lez les qualifications avant de choisir l&rsquo;entreprise de chauffage.<\/p>\n<p>Les r\u00e9f\u00e9rences : il ne faut pas h\u00e9siter \u00e0 examiner les avis des clients ayant d\u00e9j\u00e0 eu recours \u00e0 l&rsquo;entreprise de mani\u00e8re \u00e0 vous faire une opinion.<\/p>\n<p>Les assurances : v\u00e9rifiez que la soci\u00e9t\u00e9 de chauffage dispose d&rsquo;une assurance qui couvre les \u00e9ventuels d\u00e9g\u00e2ts caus\u00e9s lors de ses op\u00e9rations.<\/p>\n<h3>Quels sont vos d\u00e9lais pour intervenir \u00e0 mon foyer ?<\/h3>\n<p>Nous intervenons \u00e0 votre domicile dans un d\u00e9lai de deux heures (pour les situations d&rsquo;urgence) autrement, nous pouvons op\u00e9rer au cours de la journ\u00e9e.<\/p>\n<h3>Intervenez-vous \u00e0 Le Mont-sur-Lausanne et aux alentours ?<\/h3>\n<p>Oui, nous intervenons \u00e0 Le Mont-sur-Lausanne et dans les communes, comme : Romanel-sur-Lausanne, Cheseaux-sur-Lausanne, Bretigny-sur-Morrens, Cugy VD, Morrens VD, Froideville, Epalinges.<\/p>\n","protected":false},"excerpt":{"rendered":"<p>Vous recherchez un chauffagiste \u00e0 Le Mont-sur-Lausanne ? Artisanlocal r\u00e9pare votre chaudi\u00e8re et effectue vos travaux de chauffage \u00e0 Le Mont-sur-Lausanne. En travaillant avec nous, vous profitez : de prix clair, de prestations de haut niveau, de services \u00e0 Le Mont-sur-Lausanne et dans les villes \u00e0 proximit\u00e9, d&rsquo;un personnel qualifi\u00e9 et avec de l&rsquo;exp\u00e9rience, d&rsquo;estimations [&hellip;]<\/p>\n","protected":false},"author":4,"featured_media":2757,"parent":0,"menu_order":0,"comment_status":"closed","ping_status":"closed","template":"","meta":{"footnotes":""},"profession":[120],"location":[64],"canton":[113],"class_list":["post-693","page","type-page","status-publish","has-post-thumbnail","hentry","profession-chauffagiste","location-le-mont-sur-lausanne","canton-vd"],"yoast_head":"<!-- This site is optimized with the Yoast SEO Premium plugin v25.7.1 (Yoast SEO v27.4) - https:\/\/yoast.com\/product\/yoast-seo-premium-wordpress\/ -->\n<title>Chauffagiste \u00e0 Le Mont-sur-Lausanne ? - Artisanlocal<\/title>\n<meta name=\"robots\" content=\"index, follow, max-snippet:-1, max-image-preview:large, max-video-preview:-1\" \/>\n<link rel=\"canonical\" href=\"https:\/\/www.artisanlocal.ch\/c\/chauffagiste-a-mont-sur-lausanne\/\" \/>\n<meta property=\"og:locale\" content=\"fr_FR\" \/>\n<meta property=\"og:type\" content=\"article\" \/>\n<meta property=\"og:title\" content=\"Chauffagiste \u00e0 Le Mont-sur-Lausanne ?\" \/>\n<meta property=\"og:description\" content=\"Vous recherchez un chauffagiste \u00e0 Le Mont-sur-Lausanne ? Artisanlocal r\u00e9pare votre chaudi\u00e8re et effectue vos travaux de chauffage \u00e0 Le Mont-sur-Lausanne. En travaillant avec nous, vous profitez : de prix clair, de prestations de haut niveau, de services \u00e0 Le Mont-sur-Lausanne et dans les villes \u00e0 proximit\u00e9, d&rsquo;un personnel qualifi\u00e9 et avec de l&rsquo;exp\u00e9rience, d&rsquo;estimations [&hellip;]\" \/>\n<meta property=\"og:url\" content=\"https:\/\/www.artisanlocal.ch\/c\/chauffagiste-a-mont-sur-lausanne\/\" \/>\n<meta property=\"og:site_name\" content=\"Artisanlocal\" \/>\n<meta property=\"article:modified_time\" content=\"2025-08-26T17:29:48+00:00\" \/>\n<meta property=\"og:image\" content=\"https:\/\/www.artisanlocal.ch\/c\/wp-content\/uploads\/2024\/10\/chauffagiste.jpg\" \/>\n\t<meta property=\"og:image:width\" content=\"1920\" \/>\n\t<meta property=\"og:image:height\" content=\"300\" \/>\n\t<meta property=\"og:image:type\" content=\"image\/jpeg\" \/>\n<meta name=\"twitter:card\" content=\"summary_large_image\" \/>\n<meta name=\"twitter:label1\" content=\"Dur\u00e9e de lecture estim\u00e9e\" \/>\n\t<meta name=\"twitter:data1\" content=\"6 minutes\" \/>\n<script type=\"application\/ld+json\" class=\"yoast-schema-graph\">{\"@context\":\"https:\\\/\\\/schema.org\",\"@graph\":[{\"@type\":\"WebPage\",\"@id\":\"https:\\\/\\\/www.artisanlocal.ch\\\/c\\\/chauffagiste-a-mont-sur-lausanne\\\/\",\"url\":\"https:\\\/\\\/www.artisanlocal.ch\\\/c\\\/chauffagiste-a-mont-sur-lausanne\\\/\",\"name\":\"Chauffagiste \u00e0 Le Mont-sur-Lausanne ? - Artisanlocal\",\"isPartOf\":{\"@id\":\"https:\\\/\\\/www.artisanlocal.ch\\\/c\\\/#website\"},\"primaryImageOfPage\":{\"@id\":\"https:\\\/\\\/www.artisanlocal.ch\\\/c\\\/chauffagiste-a-mont-sur-lausanne\\\/#primaryimage\"},\"image\":{\"@id\":\"https:\\\/\\\/www.artisanlocal.ch\\\/c\\\/chauffagiste-a-mont-sur-lausanne\\\/#primaryimage\"},\"thumbnailUrl\":\"https:\\\/\\\/www.artisanlocal.ch\\\/c\\\/wp-content\\\/uploads\\\/2024\\\/10\\\/chauffagiste.jpg\",\"datePublished\":\"2024-04-19T17:40:27+00:00\",\"dateModified\":\"2025-08-26T17:29:48+00:00\",\"breadcrumb\":{\"@id\":\"https:\\\/\\\/www.artisanlocal.ch\\\/c\\\/chauffagiste-a-mont-sur-lausanne\\\/#breadcrumb\"},\"inLanguage\":\"fr-FR\",\"potentialAction\":[{\"@type\":\"ReadAction\",\"target\":[\"https:\\\/\\\/www.artisanlocal.ch\\\/c\\\/chauffagiste-a-mont-sur-lausanne\\\/\"]}]},{\"@type\":\"ImageObject\",\"inLanguage\":\"fr-FR\",\"@id\":\"https:\\\/\\\/www.artisanlocal.ch\\\/c\\\/chauffagiste-a-mont-sur-lausanne\\\/#primaryimage\",\"url\":\"https:\\\/\\\/www.artisanlocal.ch\\\/c\\\/wp-content\\\/uploads\\\/2024\\\/10\\\/chauffagiste.jpg\",\"contentUrl\":\"https:\\\/\\\/www.artisanlocal.ch\\\/c\\\/wp-content\\\/uploads\\\/2024\\\/10\\\/chauffagiste.jpg\",\"width\":1920,\"height\":300},{\"@type\":\"BreadcrumbList\",\"@id\":\"https:\\\/\\\/www.artisanlocal.ch\\\/c\\\/chauffagiste-a-mont-sur-lausanne\\\/#breadcrumb\",\"itemListElement\":[{\"@type\":\"ListItem\",\"position\":1,\"name\":\"Accueil\",\"item\":\"https:\\\/\\\/www.artisanlocal.ch\\\/c\\\/\"},{\"@type\":\"ListItem\",\"position\":2,\"name\":\"Chauffagiste \u00e0 Mont-sur-Lausanne ?\"}]},{\"@type\":\"WebSite\",\"@id\":\"https:\\\/\\\/www.artisanlocal.ch\\\/c\\\/#website\",\"url\":\"https:\\\/\\\/www.artisanlocal.ch\\\/c\\\/\",\"name\":\"Artisanlocal\",\"description\":\"\",\"publisher\":{\"@id\":\"https:\\\/\\\/www.artisanlocal.ch\\\/c\\\/#organization\"},\"potentialAction\":[{\"@type\":\"SearchAction\",\"target\":{\"@type\":\"EntryPoint\",\"urlTemplate\":\"https:\\\/\\\/www.artisanlocal.ch\\\/c\\\/?s={search_term_string}\"},\"query-input\":{\"@type\":\"PropertyValueSpecification\",\"valueRequired\":true,\"valueName\":\"search_term_string\"}}],\"inLanguage\":\"fr-FR\"},{\"@type\":\"Organization\",\"@id\":\"https:\\\/\\\/www.artisanlocal.ch\\\/c\\\/#organization\",\"name\":\"Artisanlocal\",\"url\":\"https:\\\/\\\/www.artisanlocal.ch\\\/c\\\/\",\"logo\":{\"@type\":\"ImageObject\",\"inLanguage\":\"fr-FR\",\"@id\":\"https:\\\/\\\/www.artisanlocal.ch\\\/c\\\/#\\\/schema\\\/logo\\\/image\\\/\",\"url\":\"https:\\\/\\\/www.artisanlocal.ch\\\/c\\\/wp-content\\\/uploads\\\/2024\\\/02\\\/logo-artisanlocal-h.svg\",\"contentUrl\":\"https:\\\/\\\/www.artisanlocal.ch\\\/c\\\/wp-content\\\/uploads\\\/2024\\\/02\\\/logo-artisanlocal-h.svg\",\"caption\":\"Artisanlocal\"},\"image\":{\"@id\":\"https:\\\/\\\/www.artisanlocal.ch\\\/c\\\/#\\\/schema\\\/logo\\\/image\\\/\"}}]}<\/script>\n<!-- \/ Yoast SEO Premium plugin. -->","yoast_head_json":{"title":"Chauffagiste \u00e0 Le Mont-sur-Lausanne ? - Artisanlocal","robots":{"index":"index","follow":"follow","max-snippet":"max-snippet:-1","max-image-preview":"max-image-preview:large","max-video-preview":"max-video-preview:-1"},"canonical":"https:\/\/www.artisanlocal.ch\/c\/chauffagiste-a-mont-sur-lausanne\/","og_locale":"fr_FR","og_type":"article","og_title":"Chauffagiste \u00e0 Le Mont-sur-Lausanne ?","og_description":"Vous recherchez un chauffagiste \u00e0 Le Mont-sur-Lausanne ? Artisanlocal r\u00e9pare votre chaudi\u00e8re et effectue vos travaux de chauffage \u00e0 Le Mont-sur-Lausanne. En travaillant avec nous, vous profitez : de prix clair, de prestations de haut niveau, de services \u00e0 Le Mont-sur-Lausanne et dans les villes \u00e0 proximit\u00e9, d&rsquo;un personnel qualifi\u00e9 et avec de l&rsquo;exp\u00e9rience, d&rsquo;estimations [&hellip;]","og_url":"https:\/\/www.artisanlocal.ch\/c\/chauffagiste-a-mont-sur-lausanne\/","og_site_name":"Artisanlocal","article_modified_time":"2025-08-26T17:29:48+00:00","og_image":[{"width":1920,"height":300,"url":"https:\/\/www.artisanlocal.ch\/c\/wp-content\/uploads\/2024\/10\/chauffagiste.jpg","type":"image\/jpeg"}],"twitter_card":"summary_large_image","twitter_misc":{"Dur\u00e9e de lecture estim\u00e9e":"6 minutes"},"schema":{"@context":"https:\/\/schema.org","@graph":[{"@type":"WebPage","@id":"https:\/\/www.artisanlocal.ch\/c\/chauffagiste-a-mont-sur-lausanne\/","url":"https:\/\/www.artisanlocal.ch\/c\/chauffagiste-a-mont-sur-lausanne\/","name":"Chauffagiste \u00e0 Le Mont-sur-Lausanne ? - Artisanlocal","isPartOf":{"@id":"https:\/\/www.artisanlocal.ch\/c\/#website"},"primaryImageOfPage":{"@id":"https:\/\/www.artisanlocal.ch\/c\/chauffagiste-a-mont-sur-lausanne\/#primaryimage"},"image":{"@id":"https:\/\/www.artisanlocal.ch\/c\/chauffagiste-a-mont-sur-lausanne\/#primaryimage"},"thumbnailUrl":"https:\/\/www.artisanlocal.ch\/c\/wp-content\/uploads\/2024\/10\/chauffagiste.jpg","datePublished":"2024-04-19T17:40:27+00:00","dateModified":"2025-08-26T17:29:48+00:00","breadcrumb":{"@id":"https:\/\/www.artisanlocal.ch\/c\/chauffagiste-a-mont-sur-lausanne\/#breadcrumb"},"inLanguage":"fr-FR","potentialAction":[{"@type":"ReadAction","target":["https:\/\/www.artisanlocal.ch\/c\/chauffagiste-a-mont-sur-lausanne\/"]}]},{"@type":"ImageObject","inLanguage":"fr-FR","@id":"https:\/\/www.artisanlocal.ch\/c\/chauffagiste-a-mont-sur-lausanne\/#primaryimage","url":"https:\/\/www.artisanlocal.ch\/c\/wp-content\/uploads\/2024\/10\/chauffagiste.jpg","contentUrl":"https:\/\/www.artisanlocal.ch\/c\/wp-content\/uploads\/2024\/10\/chauffagiste.jpg","width":1920,"height":300},{"@type":"BreadcrumbList","@id":"https:\/\/www.artisanlocal.ch\/c\/chauffagiste-a-mont-sur-lausanne\/#breadcrumb","itemListElement":[{"@type":"ListItem","position":1,"name":"Accueil","item":"https:\/\/www.artisanlocal.ch\/c\/"},{"@type":"ListItem","position":2,"name":"Chauffagiste \u00e0 Mont-sur-Lausanne ?"}]},{"@type":"WebSite","@id":"https:\/\/www.artisanlocal.ch\/c\/#website","url":"https:\/\/www.artisanlocal.ch\/c\/","name":"Artisanlocal","description":"","publisher":{"@id":"https:\/\/www.artisanlocal.ch\/c\/#organization"},"potentialAction":[{"@type":"SearchAction","target":{"@type":"EntryPoint","urlTemplate":"https:\/\/www.artisanlocal.ch\/c\/?s={search_term_string}"},"query-input":{"@type":"PropertyValueSpecification","valueRequired":true,"valueName":"search_term_string"}}],"inLanguage":"fr-FR"},{"@type":"Organization","@id":"https:\/\/www.artisanlocal.ch\/c\/#organization","name":"Artisanlocal","url":"https:\/\/www.artisanlocal.ch\/c\/","logo":{"@type":"ImageObject","inLanguage":"fr-FR","@id":"https:\/\/www.artisanlocal.ch\/c\/#\/schema\/logo\/image\/","url":"https:\/\/www.artisanlocal.ch\/c\/wp-content\/uploads\/2024\/02\/logo-artisanlocal-h.svg","contentUrl":"https:\/\/www.artisanlocal.ch\/c\/wp-content\/uploads\/2024\/02\/logo-artisanlocal-h.svg","caption":"Artisanlocal"},"image":{"@id":"https:\/\/www.artisanlocal.ch\/c\/#\/schema\/logo\/image\/"}}]}},"_links":{"self":[{"href":"https:\/\/www.artisanlocal.ch\/c\/wp-json\/wp\/v2\/pages\/693","targetHints":{"allow":["GET"]}}],"collection":[{"href":"https:\/\/www.artisanlocal.ch\/c\/wp-json\/wp\/v2\/pages"}],"about":[{"href":"https:\/\/www.artisanlocal.ch\/c\/wp-json\/wp\/v2\/types\/page"}],"author":[{"embeddable":true,"href":"https:\/\/www.artisanlocal.ch\/c\/wp-json\/wp\/v2\/users\/4"}],"replies":[{"embeddable":true,"href":"https:\/\/www.artisanlocal.ch\/c\/wp-json\/wp\/v2\/comments?post=693"}],"version-history":[{"count":0,"href":"https:\/\/www.artisanlocal.ch\/c\/wp-json\/wp\/v2\/pages\/693\/revisions"}],"wp:featuredmedia":[{"embeddable":true,"href":"https:\/\/www.artisanlocal.ch\/c\/wp-json\/wp\/v2\/media\/2757"}],"wp:attachment":[{"href":"https:\/\/www.artisanlocal.ch\/c\/wp-json\/wp\/v2\/media?parent=693"}],"wp:term":[{"taxonomy":"profession","embeddable":true,"href":"https:\/\/www.artisanlocal.ch\/c\/wp-json\/wp\/v2\/profession?post=693"},{"taxonomy":"location","embeddable":true,"href":"https:\/\/www.artisanlocal.ch\/c\/wp-json\/wp\/v2\/location?post=693"},{"taxonomy":"canton","embeddable":true,"href":"https:\/\/www.artisanlocal.ch\/c\/wp-json\/wp\/v2\/canton?post=693"}],"curies":[{"name":"wp","href":"https:\/\/api.w.org\/{rel}","templated":true}]}}