{"id":694,"date":"2024-04-18T04:39:39","date_gmt":"2024-04-18T02:39:39","guid":{"rendered":"https:\/\/www.artisanlocal.ch\/c\/depannage-urgence-chauffagiste-a-bienne\/"},"modified":"2025-08-27T01:32:42","modified_gmt":"2025-08-26T23:32:42","slug":"depannage-urgence-chauffagiste-a-bienne","status":"publish","type":"page","link":"https:\/\/www.artisanlocal.ch\/c\/depannage-urgence-chauffagiste-a-bienne\/","title":{"rendered":"Chauffagiste Biel\/Bienne : intervention en urgence"},"content":{"rendered":"<p>Vous recherchez un expert en chauffage \u00e0 Biel\/Bienne ? Si vous \u00eates un Biennois, notre soci\u00e9t\u00e9 assure l&rsquo;installation et la restauration de votre chauffage. En travaillant avec notre entreprise, vous b\u00e9n\u00e9ficiez :<\/p>\n<ul>\n<li>de prix transparent,<\/li>\n<li>de services de premier choix,<\/li>\n<li>d&rsquo;intervention \u00e0 Biel\/Bienne et dans ses alentours,<\/li>\n<li>d&rsquo;une \u00e9quipe avec une grande exp\u00e9rience,<\/li>\n<li>d&rsquo;estimations sans frais,<\/li>\n<li>d&rsquo;une entreprise disponible du lundi au samedi.<\/li>\n<\/ul>\n\r\n<div class=\"box\">\r\n    <h2 class=\"text-dark\">Nous cherchons un <em class=\"text-primary\">Chauffagiste<\/em> dans la r\u00e9gion de <em class=\"text-primary\">Biel\/Bienne<\/em>  en exclusivit\u00e9, afin de proposer vos services \u00e0 nos clients propri\u00e9taires.<\/h2>\r\n    <p>Une opportunit\u00e9 unique pour booster votre activit\u00e9 \u00e0 <strong>Biel\/Bienne<\/strong> et aux alentours dans votre domaine (Chauffagiste).<\/p>\r\n    <p>Nous travaillons en exclusivit\u00e9 avec qu'une soci\u00e9t\u00e9 par m\u00e9tier et par r\u00e9gion. <br>Votre entreprise est pr\u00e9sente sur tous les documents immobiliers. Afin d'\u00eatre mieux vu sur le net, vous \u00eates \u00e9galement visible sur nos deux sites et sur les pages de r\u00e9f\u00e9rencement de votre r\u00e9gion.<\/p>\r\n    <a href=\"\/contact\" class=\"wp-block-button__link has-accent-background-color has-text-align-center wp-element-button\">R\u00e9server<\/a>\r\n<\/div>\n<h2>Pourquoi choisir Artisanlocal ?<\/h2>\n<p>Nous r\u00e9alisons des estimations gratuites de vos travaux : une fois que vous avez rempli le formulaire, notre expert \u00e0 Biel\/Bienne vous contacte dans la journ\u00e9e.<\/p>\n<p>Intervention chez vous dans la journ\u00e9e : le chauffagiste Biennois peut se d\u00e9placer dans votre foyer pour estimer les couts pour le changement ou l&rsquo;installation d&rsquo;un nouveau chauffage. Avec Artisanlocal.ch, vous obtiendrez une \u00e9valuation et pourrez poser toutes vos questions.<\/p>\n<p>Installation de votre chauffage entre 24 et 48 heures : une fois que vous avez accept\u00e9 l&rsquo;offre. Nous programmerons avec vous la date d&rsquo;installation ou de r\u00e9paration de votre chauffage.<\/p>\n<p>D\u00e9pannage et entretien : si votre syst\u00e8me de chauffage, chaudi\u00e8re ou chauffe-eau pr\u00e9sente un dysfonctionnement. Nous sommes pr\u00eats \u00e0 intervenir en urgence \u00e0 Biel\/Bienne ainsi que dans les localit\u00e9s proches.<\/p>\n<h2>Pourquoi la maintenance de votre chauffage est importante ?<\/h2>\n<p>Garantir le bon fonctionnement de votre chauffage est important, si vous avez des enfants. Nos experts vous aident \u00e0 r\u00e9gler la bonne temp\u00e9rature ainsi que les \u00e9missions de monoxyde de carbone engendr\u00e9 par votre chauffage. Quel que soit le type de votre chauffage, nos techniciens garantissent la maintenance et l&rsquo;entretien, de vos \u00e9quipements : basse temp\u00e9rature, fioul, gaz, condensation, \u00e9lectrique ou \u00e0 accumulation.<\/p>\n<h2>L&rsquo;entreprise Artisanlocal offre-t-elle une assistance t\u00e9l\u00e9phonique ?<\/h2>\n<p>Oui, Artisanlocal peut vous assister \u00e0 distance. Il suffit juste de nous d\u00e9tailler votre probl\u00e8me pour en d\u00e9terminer les origines et trouver la bonne solution. Cependant, dans de nombreux cas, un technicien doit intervenir dans votre foyer.<\/p>\n<h2>Quel est le fonctionnement de votre entreprise ?<\/h2>\n<ol>\n<li>Prise de contact : il est n\u00e9cessaire que vous preniez contact avec nous par t\u00e9l\u00e9phone ou par mail.<\/li>\n<li>Intervention : un de nos techniciens intervient \u00e0 votre domicile.<\/li>\n<li>\u00c9valuation : le chauffagiste \u00e9valuera votre situation actuelle dans le but de calculer la surface de votre appartement, le volume des pi\u00e8ces et aussi contr\u00f4ler l&rsquo;isolation actuelle.<\/li>\n<li>Avis : nous vous guiderons pour s\u00e9lectionner le meilleur chauffage, en prenant compte de la rentabilit\u00e9 et le rendement que vous souhaitez avoir.<\/li>\n<li>Estimation : nous vous fournissons un devis d\u00e9taill\u00e9 avec les diff\u00e9rents prix.<\/li>\n<li>Installation : apr\u00e8s avoir accept\u00e9 notre devis et en fonction de votre agenda, nous posons votre syst\u00e8me de chauffage, et r\u00e9glons votre thermostat.<\/li>\n<\/ol>\n<h2>Quels sont les meilleurs types de chauffages pour votre habitation ?<\/h2>\n<p>L&rsquo;expert qui se d\u00e9place \u00e0 votre domicile vous conseille pour choisir le meilleur chauffage possible, il existe de nombreux types de chauffages : \u00e0 condensation, \u00e9lectrique, \u00e0 gaz, classiques, fioul ou encore basses temp\u00e9ratures.<\/p>\n<p>Les syst\u00e8mes de chauffages \u00e0 basse temp\u00e9rature ou \u00e0 condensation, malgr\u00e9 un co\u00fbt d&rsquo;achat plus important, permettent de faire des \u00e9conomies sur le long terme.<\/p>\n<h2>Maintenance de votre chauffage \u00e0 Biel\/Bienne<\/h2>\n<p>Vous devez r\u00e9aliser l&rsquo;entretien annuel de votre syst\u00e8me de chauffage, qu&rsquo;il soit \u00e0 gaz ou au fioul. L&rsquo;entretien de votre syst\u00e8me de chauffage permet de limiter les \u00e9missions de monoxyde de carbone. Pour rappel, dans le cas o\u00f9 votre chauffage produit trop de monoxyde de carbone, cela peut provoquer une intoxication. Le chauffagiste qui se d\u00e9place dans votre logement contr\u00f4le et r\u00e8gle les \u00e9missions de monoxyde de carbone afin de vous \u00e9viter d\u2019avoir des potentiels probl\u00e8mes de sant\u00e9.<\/p>\n<h2>Programme d&rsquo;entretien pour votre chauffage \u00e0 Biel\/Bienne<\/h2>\n<p>Nous proposons des forfaits d&rsquo;entretien pour votre chauffage dans le but d&rsquo;en garantir le fonctionnement optimal. Avec une maintenance r\u00e9guli\u00e8re, vous r\u00e9alisez des \u00e9conomies et \u00e9vitez les interventions en urgence.<\/p>\n<p>Aussi, si vous avez un sinistre, votre assureur, vous demande le contrat d&rsquo;entretien dans le but de contr\u00f4ler l\u2019\u00e9tat de votre chauffage avant le sinistre. Vous pouvez signer avec notre soci\u00e9t\u00e9 un contrat d&rsquo;assistance pluriannuel ou annuel.<\/p>\n<h2>Pourquoi souscrire \u00e0 un forfait d&rsquo;entretien pour votre chauffage ?<\/h2>\n<p>Si vous avez des parties d\u00e9fectueuses, nous garantissons le remplacement imm\u00e9diat. Par ailleurs, nous prenons l&rsquo;engagement d&rsquo;inspecter la totalit\u00e9 des \u00e9quipements de votre chauffage, comme :<\/p>\n<ul>\n<li>Les niveaux de pression de vos tuyaux,<\/li>\n<li>Le nettoyage de votre br\u00fbleur, des tuyaux et des \u00e9l\u00e9ments chauffants.<\/li>\n<\/ul>\n<h2>Quelles sont les diff\u00e9rentes prestations propos\u00e9es par votre soci\u00e9t\u00e9 ?<\/h2>\n<p>Nos techniciens interviennent dans votre domicile, pour :<\/p>\n<ul>\n<li>le d\u00e9sembouage et le d\u00e9tartrage de vos radiateurs,<\/li>\n<li>la purge d&rsquo;air,<\/li>\n<li>la maintenance de votre chauffage, chaudi\u00e8re et chauffe-eau,<\/li>\n<li>le r\u00e9glage de votre thermostat,<\/li>\n<li>la maintenance des chaudi\u00e8res \u00e0 condensation, \u00e0 gaz, basses temp\u00e9ratures, \u00e0 fioul, \u00e0 accumulation et \u00e9lectriques,<\/li>\n<li>la restauration de la vanne de vidange,<\/li>\n<li>l&rsquo;intervention et la r\u00e9paration de vos pannes : fuite de tuyauterie, radiateur qui ne chauffe plus, chaudi\u00e8re, etc.<\/li>\n<li>la pose de : radiateur \u00e9lectrique, plancher chauffant, pompe \u00e0 chaleur, chauffage, chaudi\u00e8re, etc.<\/li>\n<\/ul>\n<h2>R\u00e9ponses aux questions fr\u00e9quentes<\/h2>\n<h3>Pourquoi avoir recours \u00e0 un technicien chauffagiste Biennois ?<\/h3>\n<p>Pour renforcer la temp\u00e9rature de vos pi\u00e8ces : un chauffage performant permet de maintenir une bonne temp\u00e9rature ambiante.<\/p>\n<p>Pour \u00e9conomiser de l&rsquo;argent : en choisissant des mat\u00e9riaux de qualit\u00e9, tels que le chauffage et l&rsquo;isolation, vous r\u00e9alisez des \u00e9conomies et limitez vos \u00e9missions carbone.<\/p>\n<p>Pour pr\u00e9server la s\u00e9curit\u00e9 de votre syst\u00e8me de chauffage : un syst\u00e8me de chauffage efficace permet de r\u00e9pondre aux r\u00e8gles de s\u00e9curit\u00e9 en vigueur (par exemple, limiter les taux de monoxyde de carbone).<\/p>\n<p>Pour anticiper les probl\u00e8mes : un technicien chauffagiste est en mesure d&rsquo;anticiper de potentiels dommages caus\u00e9s par vos \u00e9quipements, juste en examinant votre installation.<\/p>\n<h3>Quels sont les \u00e9l\u00e9ments \u00e0 prendre en compte pour choisir le bon technicien chauffagiste \u00e0 Biel\/Bienne ?<\/h3>\n<p>Les comp\u00e9tences : contr\u00f4lez les comp\u00e9tences avant de s\u00e9lectionner la soci\u00e9t\u00e9 de chauffage.<\/p>\n<p>Les avis clients : il ne faut pas h\u00e9siter \u00e0 consulter les avis des clients ayant d\u00e9j\u00e0 sollicit\u00e9 l&rsquo;entreprise de fa\u00e7on \u00e0 vous faire une opinion.<\/p>\n<p>Les assurances : assurez-vous que la soci\u00e9t\u00e9 de chauffage b\u00e9n\u00e9ficie d&rsquo;une assurance qui couvrira les \u00e9ventuels d\u00e9g\u00e2ts caus\u00e9s lors de ses op\u00e9rations.<\/p>\n<h3>Quelle est votre rapidit\u00e9 d&rsquo;intervention \u00e0 Biel\/Bienne ?<\/h3>\n<p>Si vous avez un probl\u00e8me qui demande une intervention en urgence, nous avons la possibilit\u00e9 d\u2019intervenir dans un d\u00e9lai de deux heures, s&rsquo;il n&rsquo;y a pas de priorit\u00e9 concernant votre demande, nous op\u00e9rons g\u00e9n\u00e9ralement au cours de la journ\u00e9e.<\/p>\n<h3>Votre soci\u00e9t\u00e9 est disponible pour op\u00e9rer \u00e0 Biel\/Bienne, mais \u00e9galement dans les localit\u00e9s aux environs ?<\/h3>\n<p>Effectivement, nous effectuons nos interventions \u00e0 Biel\/Bienne et dans les communes aux environs, par exemple : T\u00fcscherz-Alferm\u00e9e, Twann, Ligerz, Ligni\u00e8res, Le Landeron, Magglingen\/Macolin, Evilard, Les Pr\u00e9s-d'Orvin.<\/p>\n","protected":false},"excerpt":{"rendered":"<p>Vous recherchez un expert en chauffage \u00e0 Biel\/Bienne ? Si vous \u00eates un Biennois, notre soci\u00e9t\u00e9 assure l&rsquo;installation et la restauration de votre chauffage. En travaillant avec notre entreprise, vous b\u00e9n\u00e9ficiez : de prix transparent, de services de premier choix, d&rsquo;intervention \u00e0 Biel\/Bienne et dans ses alentours, d&rsquo;une \u00e9quipe avec une grande exp\u00e9rience, d&rsquo;estimations sans [&hellip;]<\/p>\n","protected":false},"author":4,"featured_media":2757,"parent":0,"menu_order":0,"comment_status":"closed","ping_status":"closed","template":"","meta":{"footnotes":""},"profession":[120],"location":[59],"canton":[118],"class_list":["post-694","page","type-page","status-publish","has-post-thumbnail","hentry","profession-chauffagiste","location-biel-bienne","canton-be"],"yoast_head":"<!-- This site is optimized with the Yoast SEO Premium plugin v25.7.1 (Yoast SEO v27.3) - https:\/\/yoast.com\/product\/yoast-seo-premium-wordpress\/ -->\n<title>Chauffagiste Biel\/Bienne : intervention en urgence - Artisanlocal<\/title>\n<meta name=\"robots\" content=\"index, follow, max-snippet:-1, max-image-preview:large, max-video-preview:-1\" \/>\n<link rel=\"canonical\" href=\"https:\/\/www.artisanlocal.ch\/c\/depannage-urgence-chauffagiste-a-bienne\/\" \/>\n<meta property=\"og:locale\" content=\"fr_FR\" \/>\n<meta property=\"og:type\" content=\"article\" \/>\n<meta property=\"og:title\" content=\"Chauffagiste Biel\/Bienne : intervention en urgence\" \/>\n<meta property=\"og:description\" content=\"Vous recherchez un expert en chauffage \u00e0 Biel\/Bienne ? Si vous \u00eates un Biennois, notre soci\u00e9t\u00e9 assure l&rsquo;installation et la restauration de votre chauffage. En travaillant avec notre entreprise, vous b\u00e9n\u00e9ficiez : de prix transparent, de services de premier choix, d&rsquo;intervention \u00e0 Biel\/Bienne et dans ses alentours, d&rsquo;une \u00e9quipe avec une grande exp\u00e9rience, d&rsquo;estimations sans [&hellip;]\" \/>\n<meta property=\"og:url\" content=\"https:\/\/www.artisanlocal.ch\/c\/depannage-urgence-chauffagiste-a-bienne\/\" \/>\n<meta property=\"og:site_name\" content=\"Artisanlocal\" \/>\n<meta property=\"article:modified_time\" content=\"2025-08-26T23:32:42+00:00\" \/>\n<meta property=\"og:image\" content=\"https:\/\/www.artisanlocal.ch\/c\/wp-content\/uploads\/2024\/10\/chauffagiste.jpg\" \/>\n\t<meta property=\"og:image:width\" content=\"1920\" \/>\n\t<meta property=\"og:image:height\" content=\"300\" \/>\n\t<meta property=\"og:image:type\" content=\"image\/jpeg\" \/>\n<meta name=\"twitter:card\" content=\"summary_large_image\" \/>\n<meta name=\"twitter:label1\" content=\"Dur\u00e9e de lecture estim\u00e9e\" \/>\n\t<meta name=\"twitter:data1\" content=\"6 minutes\" \/>\n<script type=\"application\/ld+json\" class=\"yoast-schema-graph\">{\"@context\":\"https:\\\/\\\/schema.org\",\"@graph\":[{\"@type\":\"WebPage\",\"@id\":\"https:\\\/\\\/www.artisanlocal.ch\\\/c\\\/depannage-urgence-chauffagiste-a-bienne\\\/\",\"url\":\"https:\\\/\\\/www.artisanlocal.ch\\\/c\\\/depannage-urgence-chauffagiste-a-bienne\\\/\",\"name\":\"Chauffagiste Biel\\\/Bienne : intervention en urgence - Artisanlocal\",\"isPartOf\":{\"@id\":\"https:\\\/\\\/www.artisanlocal.ch\\\/c\\\/#website\"},\"primaryImageOfPage\":{\"@id\":\"https:\\\/\\\/www.artisanlocal.ch\\\/c\\\/depannage-urgence-chauffagiste-a-bienne\\\/#primaryimage\"},\"image\":{\"@id\":\"https:\\\/\\\/www.artisanlocal.ch\\\/c\\\/depannage-urgence-chauffagiste-a-bienne\\\/#primaryimage\"},\"thumbnailUrl\":\"https:\\\/\\\/www.artisanlocal.ch\\\/c\\\/wp-content\\\/uploads\\\/2024\\\/10\\\/chauffagiste.jpg\",\"datePublished\":\"2024-04-18T02:39:39+00:00\",\"dateModified\":\"2025-08-26T23:32:42+00:00\",\"breadcrumb\":{\"@id\":\"https:\\\/\\\/www.artisanlocal.ch\\\/c\\\/depannage-urgence-chauffagiste-a-bienne\\\/#breadcrumb\"},\"inLanguage\":\"fr-FR\",\"potentialAction\":[{\"@type\":\"ReadAction\",\"target\":[\"https:\\\/\\\/www.artisanlocal.ch\\\/c\\\/depannage-urgence-chauffagiste-a-bienne\\\/\"]}]},{\"@type\":\"ImageObject\",\"inLanguage\":\"fr-FR\",\"@id\":\"https:\\\/\\\/www.artisanlocal.ch\\\/c\\\/depannage-urgence-chauffagiste-a-bienne\\\/#primaryimage\",\"url\":\"https:\\\/\\\/www.artisanlocal.ch\\\/c\\\/wp-content\\\/uploads\\\/2024\\\/10\\\/chauffagiste.jpg\",\"contentUrl\":\"https:\\\/\\\/www.artisanlocal.ch\\\/c\\\/wp-content\\\/uploads\\\/2024\\\/10\\\/chauffagiste.jpg\",\"width\":1920,\"height\":300},{\"@type\":\"BreadcrumbList\",\"@id\":\"https:\\\/\\\/www.artisanlocal.ch\\\/c\\\/depannage-urgence-chauffagiste-a-bienne\\\/#breadcrumb\",\"itemListElement\":[{\"@type\":\"ListItem\",\"position\":1,\"name\":\"Accueil\",\"item\":\"https:\\\/\\\/www.artisanlocal.ch\\\/c\\\/\"},{\"@type\":\"ListItem\",\"position\":2,\"name\":\"Chauffagiste Bienne : intervention en urgence\"}]},{\"@type\":\"WebSite\",\"@id\":\"https:\\\/\\\/www.artisanlocal.ch\\\/c\\\/#website\",\"url\":\"https:\\\/\\\/www.artisanlocal.ch\\\/c\\\/\",\"name\":\"Artisanlocal\",\"description\":\"\",\"publisher\":{\"@id\":\"https:\\\/\\\/www.artisanlocal.ch\\\/c\\\/#organization\"},\"potentialAction\":[{\"@type\":\"SearchAction\",\"target\":{\"@type\":\"EntryPoint\",\"urlTemplate\":\"https:\\\/\\\/www.artisanlocal.ch\\\/c\\\/?s={search_term_string}\"},\"query-input\":{\"@type\":\"PropertyValueSpecification\",\"valueRequired\":true,\"valueName\":\"search_term_string\"}}],\"inLanguage\":\"fr-FR\"},{\"@type\":\"Organization\",\"@id\":\"https:\\\/\\\/www.artisanlocal.ch\\\/c\\\/#organization\",\"name\":\"Artisanlocal\",\"url\":\"https:\\\/\\\/www.artisanlocal.ch\\\/c\\\/\",\"logo\":{\"@type\":\"ImageObject\",\"inLanguage\":\"fr-FR\",\"@id\":\"https:\\\/\\\/www.artisanlocal.ch\\\/c\\\/#\\\/schema\\\/logo\\\/image\\\/\",\"url\":\"https:\\\/\\\/www.artisanlocal.ch\\\/c\\\/wp-content\\\/uploads\\\/2024\\\/02\\\/logo-artisanlocal-h.svg\",\"contentUrl\":\"https:\\\/\\\/www.artisanlocal.ch\\\/c\\\/wp-content\\\/uploads\\\/2024\\\/02\\\/logo-artisanlocal-h.svg\",\"caption\":\"Artisanlocal\"},\"image\":{\"@id\":\"https:\\\/\\\/www.artisanlocal.ch\\\/c\\\/#\\\/schema\\\/logo\\\/image\\\/\"}}]}<\/script>\n<!-- \/ Yoast SEO Premium plugin. -->","yoast_head_json":{"title":"Chauffagiste Biel\/Bienne : intervention en urgence - Artisanlocal","robots":{"index":"index","follow":"follow","max-snippet":"max-snippet:-1","max-image-preview":"max-image-preview:large","max-video-preview":"max-video-preview:-1"},"canonical":"https:\/\/www.artisanlocal.ch\/c\/depannage-urgence-chauffagiste-a-bienne\/","og_locale":"fr_FR","og_type":"article","og_title":"Chauffagiste Biel\/Bienne : intervention en urgence","og_description":"Vous recherchez un expert en chauffage \u00e0 Biel\/Bienne ? Si vous \u00eates un Biennois, notre soci\u00e9t\u00e9 assure l&rsquo;installation et la restauration de votre chauffage. En travaillant avec notre entreprise, vous b\u00e9n\u00e9ficiez : de prix transparent, de services de premier choix, d&rsquo;intervention \u00e0 Biel\/Bienne et dans ses alentours, d&rsquo;une \u00e9quipe avec une grande exp\u00e9rience, d&rsquo;estimations sans [&hellip;]","og_url":"https:\/\/www.artisanlocal.ch\/c\/depannage-urgence-chauffagiste-a-bienne\/","og_site_name":"Artisanlocal","article_modified_time":"2025-08-26T23:32:42+00:00","og_image":[{"width":1920,"height":300,"url":"https:\/\/www.artisanlocal.ch\/c\/wp-content\/uploads\/2024\/10\/chauffagiste.jpg","type":"image\/jpeg"}],"twitter_card":"summary_large_image","twitter_misc":{"Dur\u00e9e de lecture estim\u00e9e":"6 minutes"},"schema":{"@context":"https:\/\/schema.org","@graph":[{"@type":"WebPage","@id":"https:\/\/www.artisanlocal.ch\/c\/depannage-urgence-chauffagiste-a-bienne\/","url":"https:\/\/www.artisanlocal.ch\/c\/depannage-urgence-chauffagiste-a-bienne\/","name":"Chauffagiste Biel\/Bienne : intervention en urgence - Artisanlocal","isPartOf":{"@id":"https:\/\/www.artisanlocal.ch\/c\/#website"},"primaryImageOfPage":{"@id":"https:\/\/www.artisanlocal.ch\/c\/depannage-urgence-chauffagiste-a-bienne\/#primaryimage"},"image":{"@id":"https:\/\/www.artisanlocal.ch\/c\/depannage-urgence-chauffagiste-a-bienne\/#primaryimage"},"thumbnailUrl":"https:\/\/www.artisanlocal.ch\/c\/wp-content\/uploads\/2024\/10\/chauffagiste.jpg","datePublished":"2024-04-18T02:39:39+00:00","dateModified":"2025-08-26T23:32:42+00:00","breadcrumb":{"@id":"https:\/\/www.artisanlocal.ch\/c\/depannage-urgence-chauffagiste-a-bienne\/#breadcrumb"},"inLanguage":"fr-FR","potentialAction":[{"@type":"ReadAction","target":["https:\/\/www.artisanlocal.ch\/c\/depannage-urgence-chauffagiste-a-bienne\/"]}]},{"@type":"ImageObject","inLanguage":"fr-FR","@id":"https:\/\/www.artisanlocal.ch\/c\/depannage-urgence-chauffagiste-a-bienne\/#primaryimage","url":"https:\/\/www.artisanlocal.ch\/c\/wp-content\/uploads\/2024\/10\/chauffagiste.jpg","contentUrl":"https:\/\/www.artisanlocal.ch\/c\/wp-content\/uploads\/2024\/10\/chauffagiste.jpg","width":1920,"height":300},{"@type":"BreadcrumbList","@id":"https:\/\/www.artisanlocal.ch\/c\/depannage-urgence-chauffagiste-a-bienne\/#breadcrumb","itemListElement":[{"@type":"ListItem","position":1,"name":"Accueil","item":"https:\/\/www.artisanlocal.ch\/c\/"},{"@type":"ListItem","position":2,"name":"Chauffagiste Bienne : intervention en urgence"}]},{"@type":"WebSite","@id":"https:\/\/www.artisanlocal.ch\/c\/#website","url":"https:\/\/www.artisanlocal.ch\/c\/","name":"Artisanlocal","description":"","publisher":{"@id":"https:\/\/www.artisanlocal.ch\/c\/#organization"},"potentialAction":[{"@type":"SearchAction","target":{"@type":"EntryPoint","urlTemplate":"https:\/\/www.artisanlocal.ch\/c\/?s={search_term_string}"},"query-input":{"@type":"PropertyValueSpecification","valueRequired":true,"valueName":"search_term_string"}}],"inLanguage":"fr-FR"},{"@type":"Organization","@id":"https:\/\/www.artisanlocal.ch\/c\/#organization","name":"Artisanlocal","url":"https:\/\/www.artisanlocal.ch\/c\/","logo":{"@type":"ImageObject","inLanguage":"fr-FR","@id":"https:\/\/www.artisanlocal.ch\/c\/#\/schema\/logo\/image\/","url":"https:\/\/www.artisanlocal.ch\/c\/wp-content\/uploads\/2024\/02\/logo-artisanlocal-h.svg","contentUrl":"https:\/\/www.artisanlocal.ch\/c\/wp-content\/uploads\/2024\/02\/logo-artisanlocal-h.svg","caption":"Artisanlocal"},"image":{"@id":"https:\/\/www.artisanlocal.ch\/c\/#\/schema\/logo\/image\/"}}]}},"_links":{"self":[{"href":"https:\/\/www.artisanlocal.ch\/c\/wp-json\/wp\/v2\/pages\/694","targetHints":{"allow":["GET"]}}],"collection":[{"href":"https:\/\/www.artisanlocal.ch\/c\/wp-json\/wp\/v2\/pages"}],"about":[{"href":"https:\/\/www.artisanlocal.ch\/c\/wp-json\/wp\/v2\/types\/page"}],"author":[{"embeddable":true,"href":"https:\/\/www.artisanlocal.ch\/c\/wp-json\/wp\/v2\/users\/4"}],"replies":[{"embeddable":true,"href":"https:\/\/www.artisanlocal.ch\/c\/wp-json\/wp\/v2\/comments?post=694"}],"version-history":[{"count":0,"href":"https:\/\/www.artisanlocal.ch\/c\/wp-json\/wp\/v2\/pages\/694\/revisions"}],"wp:featuredmedia":[{"embeddable":true,"href":"https:\/\/www.artisanlocal.ch\/c\/wp-json\/wp\/v2\/media\/2757"}],"wp:attachment":[{"href":"https:\/\/www.artisanlocal.ch\/c\/wp-json\/wp\/v2\/media?parent=694"}],"wp:term":[{"taxonomy":"profession","embeddable":true,"href":"https:\/\/www.artisanlocal.ch\/c\/wp-json\/wp\/v2\/profession?post=694"},{"taxonomy":"location","embeddable":true,"href":"https:\/\/www.artisanlocal.ch\/c\/wp-json\/wp\/v2\/location?post=694"},{"taxonomy":"canton","embeddable":true,"href":"https:\/\/www.artisanlocal.ch\/c\/wp-json\/wp\/v2\/canton?post=694"}],"curies":[{"name":"wp","href":"https:\/\/api.w.org\/{rel}","templated":true}]}}