{"id":696,"date":"2024-04-18T07:19:27","date_gmt":"2024-04-18T05:19:27","guid":{"rendered":"https:\/\/www.artisanlocal.ch\/c\/chauffagiste-a-delemont\/"},"modified":"2025-08-27T01:32:41","modified_gmt":"2025-08-26T23:32:41","slug":"chauffagiste-a-delemont","status":"publish","type":"page","link":"https:\/\/www.artisanlocal.ch\/c\/chauffagiste-a-delemont\/","title":{"rendered":"Chauffagiste \u00e0 Del\u00e9mont"},"content":{"rendered":"<p>Vous recherchez un chauffagiste \u00e0 Del\u00e9mont ? Si vous \u00eates un Del\u00e9montain, Artisanlocal s&rsquo;occupe de l&rsquo;installation et de la r\u00e9paration de votre chauffage. En optant de travailler avec notre entreprise, vous b\u00e9n\u00e9ficiez :<\/p>\n<ul>\n<li>d&rsquo;une tarification claire,<\/li>\n<li>d&rsquo;une prestation de qualit\u00e9,<\/li>\n<li>d&rsquo;intervention \u00e0 Del\u00e9mont et dans les environs,<\/li>\n<li>d&rsquo;une \u00e9quipe avec de l&rsquo;exp\u00e9rience,<\/li>\n<li>d&rsquo;une estimation gratuite,<\/li>\n<li>d&rsquo;une entreprise accessible du lundi au samedi.<\/li>\n<\/ul>\n\r\n<div class=\"box\">\r\n            <div class=\"company-info\">\r\n            <img decoding=\"async\" class=\"company-info__logo\" src=\"https:\/\/www.artisanlocal.ch\/media\/cache\/thumb\/images\/companies\/eco6therm-sarl.jpg\" alt=\"Logo\">\r\n            <h2 class=\"company-info__name\">Eco6therm S\u00e0rl<\/h2>\r\n            <p class=\"company-info__business\">Ing\u00e9nierie solaire - Installations solaires - Photovolta\u00efque - Pompes \u00e0 chaleur - Ventilation - Energies renouvelables - Installations sanitaires - Chauffages<\/p>\r\n        <\/div>\r\n        <div class=\"company-contact\">\r\n            <p class=\"company-info__address\">Montchemin 18<\/p>\r\n                            <div class=\"links\">\r\n                                            <a class=\"btn has-accent-background-color js-phoneNumber\" href=\"tel:0324355511\" title=\"Appelez\" data-id=\"8209\" data-type=\"11\">032 435 55 11<\/a>\r\n                                                                <a class=\"btn has-accent-background-color\" href=\"http:\/\/www.eco6therm.ch\/\" target=\"_blank\" title=\"Voir le site internet\" data-id=\"8209\" data-type=\"20\">Site internet<\/a>\r\n                                    <\/div>\r\n                    <\/div>\r\n    \r\n            \r\n<form action=\"https:\/\/www.artisanlocal.ch\/c\/wp-admin\/admin-ajax.php\" method=\"post\" class=\"form-contact\" id=\"artisan_form_contact_company_inline\">\r\n    <div><input type=\"hidden\" name=\"action\" value=\"company_contact\"><\/div>\r\n    <div><input type=\"hidden\" name=\"nonce\" value=\"22a15c7617\"><\/div>\r\n    <div><input type=\"hidden\" name=\"company_id\" value=\"8209\"><\/div>\r\n    <div><input type=\"hidden\" name=\"form_id\" value=\"artisan_form_contact_company_inline\"><\/div>\r\n    <div class=\"gglcptch gglcptch_v3 gglcptch_custom\"><input type=\"hidden\" id=\"g-recaptcha-response\" name=\"g-recaptcha-response\" \/><br \/><div class=\"gglcptch_error_text\">La p\u00e9riode de v\u00e9rification reCAPTCHA a expir\u00e9. Veuillez recharger la page.<\/div><\/div>    <div class=\"form-content\">\r\n        <div class=\"form-group\">\r\n            <label for=\"contact_firstName\" class=\"required\">Pr\u00e9nom<\/label>\r\n            <input type=\"text\" name=\"firstName\" class=\"form-control\" required>\r\n        <\/div>\r\n        <div class=\"form-group\">\r\n            <label for=\"contact_lastName\" class=\"required\">Nom<\/label>\r\n            <input type=\"text\" name=\"lastName\" class=\"form-control\" required>\r\n        <\/div>\r\n        <div class=\"form-group\">\r\n            <label for=\"contact_email\" class=\"required\">Email<\/label>\r\n            <input type=\"email\" name=\"email\" class=\"form-control\" required>\r\n        <\/div>\r\n        <div class=\"form-group\">\r\n            <label for=\"contact_phone\" class=\"required\">Num\u00e9ro de t\u00e9l\u00e9phone<\/label>\r\n            <input type=\"tel\" name=\"phone\" class=\"form-control\" placeholder=\"0787117165\" pattern=\"^[0-9]{10}$\" required>\r\n        <\/div>\r\n        <div class=\"form-group\">\r\n            <label for=\"contact_postalCode\" class=\"required\">Code postal et localit\u00e9<\/label>\r\n            <input type=\"text\" name=\"postalCode\" class=\"form-control\" required>\r\n        <\/div>\r\n        <div class=\"form-group\">\r\n            <label for=\"contact_address\" class=\"required\">Adresse<\/label>\r\n            <input type=\"text\" name=\"address\" class=\"form-control\" required>\r\n        <\/div>\r\n        <div class=\"full-width topic\">\r\n            <p class=\"required\">Je souhaite \u00eatre contact\u00e9 pour :<\/p>\r\n            <div class=\"form-check\">\r\n                <input type=\"radio\" name=\"topic\" value=\"D\u00e9pannage\" class=\"form-control\" required>\r\n                <label for=\"d\u00e9pannage\">D\u00e9pannage<\/label>\r\n            <\/div>\r\n            <div class=\"form-check\">\r\n                <input type=\"radio\" name=\"topic\" value=\"Entretien\" class=\"form-control\" required>\r\n                <label for=\"entretien\">Entretien<\/label>\r\n            <\/div>\r\n            <div class=\"form-check\">\r\n                <input type=\"radio\" name=\"topic\" value=\"R\u00e9novation\" class=\"form-control\" required>\r\n                <label for=\"r\u00e9novation\">R\u00e9novation<\/label>\r\n            <\/div>\r\n            <div class=\"form-check\">\r\n                <input type=\"radio\" name=\"topic\" value=\"Autre\" class=\"form-control\" required>\r\n                <label for=\"autre\">Autre<\/label>\r\n            <\/div>\r\n        <\/div>\r\n        <div class=\"form-group full-width\">\r\n            <label for=\"contact_message\">Message<\/label>\r\n            <textarea name=\"message\" rows=\"3\" class=\"form-control\"><\/textarea>\r\n        <\/div>\r\n    <\/div>\r\n    <div class=\"form-actions\">\r\n        <button class=\"wp-block-button__link has-accent-background-color\">Contacter<\/button>\r\n    <\/div>\r\n<\/form>\r\n<div class=\"form-feedback\"><\/div>    <\/div>\n<h2>Pourquoi choisir Artisanlocal ?<\/h2>\n<p>Estimation rapide pour l&rsquo;installation ou le changement de votre chauffage : une fois que nous recevons votre demande de contact, notre chauffagiste \u00e0 Del\u00e9mont prend contact avec vous le jour m\u00eame.<\/p>\n<p>Intervention de notre technicien \u00e0 votre domicile : le jour m\u00eame, le chauffagiste Del\u00e9montain peut se d\u00e9placer \u00e0 votre domicile pour estimer le prix de votre projet. Par la suite, vous obtenez une estimation gratuite et d\u00e9taill\u00e9e.<\/p>\n<p>Installation de votre chauffage dans les 24\/48 heures : apr\u00e8s validation de notre devis. Nous fixerons le jour de l&rsquo;intervention.<\/p>\n<p>D\u00e9pannage et entretien : si votre syst\u00e8me de chauffage, chauffe-eau ou chaudi\u00e8re pr\u00e9sente un dysfonctionnement. Notre soci\u00e9t\u00e9 est disponible pour intervenir \u00e0 Del\u00e9mont et aussi dans les localit\u00e9s \u00e0 proximit\u00e9.<\/p>\n<h2>Pourquoi la maintenance du chauffage est importante ?<\/h2>\n<p>Avoir un chauffage qui marche est essentiel, surtout dans les foyers avec de jeunes enfants. Nos techniciens vous aident \u00e0 r\u00e9gler la temp\u00e9rature et la concentration de monoxyde de carbone cr\u00e9\u00e9 par votre chauffage. Nos artisans garantissent l&rsquo;entretien de votre chauffage, quel que soit le type : \u00e0 accumulation, basse temp\u00e9rature, \u00e9lectrique, fioul, condensation ou \u00e0 gaz.<\/p>\n<h2>Artisanlocal propose-t-il une aide t\u00e9l\u00e9phonique ?<\/h2>\n<p>Oui, nous sommes en mesure de vous d\u00e9panner par t\u00e9l\u00e9phone. Il vous suffit de nous d\u00e9tailler votre probl\u00e9matique pour que nous puissions en \u00e9valuer les origines et vous proposons la meilleure solution. Cependant, dans plusieurs cas, un chauffagiste doit intervenir dans votre foyer.<\/p>\n<h2>De quelle mani\u00e8re fonctionne Artisanlocal ?<\/h2>\n<ol>\n<li>Prise de contact : il est indispensable de nous joindre par e-mail ou par t\u00e9l\u00e9phone.<\/li>\n<li>Intervention : un chauffagiste Del\u00e9montain intervient dans votre logement.<\/li>\n<li>\u00c9valuation : on \u00e9tudiera le volume de vos pi\u00e8ces, l&rsquo;isolation et l&rsquo;\u00e9quipement actuel pour estimer et d\u00e9terminer la meilleure solution.<\/li>\n<li>Avis : nous vous orienterons pour choisir le meilleur chauffage, nous prenons en compte votre budget et le rendement que vous souhaitez obtenir.<\/li>\n<li>Estimation : nous vous fournissons un devis d\u00e9taill\u00e9.<\/li>\n<li>Installation : apr\u00e8s avoir valid\u00e9 notre estimation, nous r\u00e9alisons l&rsquo;installation ou la r\u00e9paration de votre chauffage et param\u00e9trons le thermostat en fonction de vos besoins.<\/li>\n<\/ol>\n<h2>Quels sont les chauffages les plus performants ?<\/h2>\n<p>Notre technicien vous conseille pour choisir la meilleure option, il vous donne des conseils personnalis\u00e9s, comme les chauffages : \u00e0 gaz, \u00e9lectriques, fioul, classiques, basses temp\u00e9ratures ou \u00e0 condensation.<\/p>\n<p>Les chauffages \u00e0 condensation ou \u00e0 basse temp\u00e9rature, malgr\u00e9 un co\u00fbt plus important, ils permettent de r\u00e9aliser des \u00e9conomies sur le long terme.<\/p>\n<p>Avant l&rsquo;installation de votre chauffage, il faut d\u00e9terminer le meilleur thermostat. Ne vous inqui\u00e9tez pas, le chauffagiste qui se d\u00e9place chez vous a les connaissances pour r\u00e9soudre toutes vos probl\u00e9matiques. Dans notre devis, vous trouvez les d\u00e9tails de notre intervention, comme le prix des \u00e9quipements et de la main-d&rsquo;\u0153uvre.<\/p>\n<h2>Service d&rsquo;assistance pour votre chauffage \u00e0 Del\u00e9mont<\/h2>\n<p>Assurez-vous de faire l&rsquo;entretien de votre chauffage tous les ans, qu&rsquo;il soit au fioul ou au gaz. Effectuer la maintenance de votre chauffage permet de contr\u00f4ler le taux de monoxyde de carbone. Pour rappel, dans le cas o\u00f9 votre chauffage cr\u00e9e trop de monoxyde de carbone, cela peut vous provoquer une intoxication. Lors de son intervention, l&rsquo;expert v\u00e9rifie et r\u00e8gle votre chauffage pour limiter les \u00e9missions de monoxyde de carbone.<\/p>\n<h2>Forfait d&rsquo;entretien pour votre chauffage \u00e0 Del\u00e9mont<\/h2>\n<p>Nous proposons des forfaits d&rsquo;entretiens pour votre chauffage. Avec une maintenance r\u00e9guli\u00e8re, vous faites des \u00e9conomies et limiter les dysfonctionnements et les r\u00e9parations couteuses.<\/p>\n<p>De plus, si vous avez un sinistre, votre assureur demande le contrat d&rsquo;entretien pour v\u00e9rifier l\u2019\u00e9tat de votre chauffage avant le sinistre. Vous avez le choix de signer avec Artisanlocal un contrat d&rsquo;assistance pluriannuel ou annuel.<\/p>\n<h2>Quels sont les avantages de signer un contrat de maintenance ?<\/h2>\n<p>Si vous avez des \u00e9l\u00e9ments d\u00e9fectueux, nous garantissons le remplacement rapide. D&rsquo;autre part, nous prenons l&rsquo;engagement d&rsquo;inspecter l&rsquo;int\u00e9gralit\u00e9 des \u00e9quipements de votre chauffage, comme :<\/p>\n<ul>\n<li>Les pressions de vos tuyaux,<\/li>\n<li>le nettoyage de votre br\u00fbleur, des conduits de raccordement et des diff\u00e9rents \u00e9l\u00e9ments chauffants.<\/li>\n<\/ul>\n<h2>Quels services propose votre entreprise ?<\/h2>\n<ul>\n<li>Le d\u00e9sembouage et le d\u00e9tartrage de vos radiateurs,<\/li>\n<li>la purge d&rsquo;air,<\/li>\n<li>l\u2019entretien des chauffe-eau et des chaudi\u00e8res,<\/li>\n<li>le r\u00e9glage de votre thermostat,<\/li>\n<li>la maintenance des chaudi\u00e8res \u00e0 condensation, basses temp\u00e9ratures, \u00e0 gaz, \u00e0 fioul, \u00e0 accumulation et \u00e9lectriques,<\/li>\n<li>la remise en \u00e9tat de la vanne de purge,<\/li>\n<li>l&rsquo;intervention et la remise en \u00e9tat : fuite de canalisation, radiateur qui ne marche plus, chaudi\u00e8re, etc.<\/li>\n<li>l\u2019installation de votre : radiateur \u00e9lectrique, plancher chauffant, pompe \u00e0 chaleur, chauffage, chaudi\u00e8re, etc.<\/li>\n<\/ul>\n<h2>R\u00e9ponses aux questions fr\u00e9quentes<\/h2>\n<h3>Pourquoi avoir recours \u00e0 un chauffagiste Del\u00e9montain ?<\/h3>\n<p>Augmenter la temp\u00e9rature ambiante de votre int\u00e9rieur : un chauffage efficace pr\u00e9serve la temp\u00e9rature de votre logement.<\/p>\n<p>R\u00e9aliser des \u00e9conomies : en investissant dans des \u00e9quipements de qualit\u00e9, par exemple dans l&rsquo;isolation et le chauffage, vous baissez vos \u00e9missions de CO2 et vous faites des \u00e9conomies.<\/p>\n<p>Assurer la s\u00fbret\u00e9 de vos installations : respecter les normes de s\u00fbret\u00e9 permet de maintenir un chauffage s\u00fbr et performant (exemple, pour r\u00e9duire le taux de monoxyde de carbone).<\/p>\n<p>Anticiper les incidents : en inspectant votre chauffage, un de nos experts peut anticiper vos futurs probl\u00e8mes.<\/p>\n<h3>Comment choisir le meilleur chauffagiste \u00e0 Del\u00e9mont ?<\/h3>\n<p>Les comp\u00e9tences : v\u00e9rifiez les certifications t\u00e9moignant que la soci\u00e9t\u00e9 \u00e0 une exp\u00e9rience dans son domaine d&rsquo;expertise.<\/p>\n<p>Les cas clients : prenez le temps de lire les t\u00e9moignages des clients ayant d\u00e9j\u00e0 collabor\u00e9 avec les soci\u00e9t\u00e9s.<\/p>\n<p>Les assurances : assurez-vous que la soci\u00e9t\u00e9 de chauffage b\u00e9n\u00e9ficie d&rsquo;une assurance qui couvrira les possibles d\u00e9g\u00e2ts caus\u00e9s lors de ses op\u00e9rations.<\/p>\n<h3>Quelle est votre rapidit\u00e9 d&rsquo;intervention \u00e0 Del\u00e9mont ?<\/h3>\n<p>Nous intervenons chez vous dans les deux heures (pour les demandes urgentes) dans le cas contraire, nous pouvons intervenir dans la semaine.<\/p>\n<h3>Votre soci\u00e9t\u00e9 est disponible pour intervenir \u00e0 Del\u00e9mont, mais aussi dans les communes aux alentours ?<\/h3>\n<p>Oui, nous intervenons \u00e0 Del\u00e9mont et dans les villes aux alentours, comme : Develier, Bourrignon, Soyhi\u00e8res, Mettembert, Pleigne, Lucelle, Movelier, Ederswiler, Roggenburg, Courroux, Courcelon, Vicques, Courchapoix, Corban, Mervelier, Montsevelier, Vermes, Courrendlin, Vellerat, Rebeuvelier, Rossemaison, Ch\u00e2tillon JU, Court\u00e9telle, Courfaivre, Bassecourt, Glovelier, Bo\u00e9court, Montavon, Undervelier, Soulce, Saulcy.<\/p>\n","protected":false},"excerpt":{"rendered":"<p>Vous recherchez un chauffagiste \u00e0 Del\u00e9mont ? Si vous \u00eates un Del\u00e9montain, Artisanlocal s&rsquo;occupe de l&rsquo;installation et de la r\u00e9paration de votre chauffage. En optant de travailler avec notre entreprise, vous b\u00e9n\u00e9ficiez : d&rsquo;une tarification claire, d&rsquo;une prestation de qualit\u00e9, d&rsquo;intervention \u00e0 Del\u00e9mont et dans les environs, d&rsquo;une \u00e9quipe avec de l&rsquo;exp\u00e9rience, d&rsquo;une estimation gratuite, [&hellip;]<\/p>\n","protected":false},"author":4,"featured_media":2757,"parent":0,"menu_order":0,"comment_status":"closed","ping_status":"closed","template":"","meta":{"footnotes":""},"profession":[120],"location":[11],"canton":[111],"class_list":["post-696","page","type-page","status-publish","has-post-thumbnail","hentry","profession-chauffagiste","location-delemont","canton-ju"],"yoast_head":"<!-- This site is optimized with the Yoast SEO Premium plugin v25.7.1 (Yoast SEO v27.3) - https:\/\/yoast.com\/product\/yoast-seo-premium-wordpress\/ -->\n<title>Chauffagiste \u00e0 Del\u00e9mont - Artisanlocal<\/title>\n<meta name=\"robots\" content=\"index, follow, max-snippet:-1, max-image-preview:large, max-video-preview:-1\" \/>\n<link rel=\"canonical\" href=\"https:\/\/www.artisanlocal.ch\/c\/chauffagiste-a-delemont\/\" \/>\n<meta property=\"og:locale\" content=\"fr_FR\" \/>\n<meta property=\"og:type\" content=\"article\" \/>\n<meta property=\"og:title\" content=\"Chauffagiste \u00e0 Del\u00e9mont\" \/>\n<meta property=\"og:description\" content=\"Vous recherchez un chauffagiste \u00e0 Del\u00e9mont ? Si vous \u00eates un Del\u00e9montain, Artisanlocal s&rsquo;occupe de l&rsquo;installation et de la r\u00e9paration de votre chauffage. En optant de travailler avec notre entreprise, vous b\u00e9n\u00e9ficiez : d&rsquo;une tarification claire, d&rsquo;une prestation de qualit\u00e9, d&rsquo;intervention \u00e0 Del\u00e9mont et dans les environs, d&rsquo;une \u00e9quipe avec de l&rsquo;exp\u00e9rience, d&rsquo;une estimation gratuite, [&hellip;]\" \/>\n<meta property=\"og:url\" content=\"https:\/\/www.artisanlocal.ch\/c\/chauffagiste-a-delemont\/\" \/>\n<meta property=\"og:site_name\" content=\"Artisanlocal\" \/>\n<meta property=\"article:modified_time\" content=\"2025-08-26T23:32:41+00:00\" \/>\n<meta property=\"og:image\" content=\"https:\/\/www.artisanlocal.ch\/c\/wp-content\/uploads\/2024\/10\/chauffagiste.jpg\" \/>\n\t<meta property=\"og:image:width\" content=\"1920\" \/>\n\t<meta property=\"og:image:height\" content=\"300\" \/>\n\t<meta property=\"og:image:type\" content=\"image\/jpeg\" \/>\n<meta name=\"twitter:card\" content=\"summary_large_image\" \/>\n<meta name=\"twitter:label1\" content=\"Dur\u00e9e de lecture estim\u00e9e\" \/>\n\t<meta name=\"twitter:data1\" content=\"6 minutes\" \/>\n<script type=\"application\/ld+json\" class=\"yoast-schema-graph\">{\"@context\":\"https:\\\/\\\/schema.org\",\"@graph\":[{\"@type\":\"WebPage\",\"@id\":\"https:\\\/\\\/www.artisanlocal.ch\\\/c\\\/chauffagiste-a-delemont\\\/\",\"url\":\"https:\\\/\\\/www.artisanlocal.ch\\\/c\\\/chauffagiste-a-delemont\\\/\",\"name\":\"Chauffagiste \u00e0 Del\u00e9mont - Artisanlocal\",\"isPartOf\":{\"@id\":\"https:\\\/\\\/www.artisanlocal.ch\\\/c\\\/#website\"},\"primaryImageOfPage\":{\"@id\":\"https:\\\/\\\/www.artisanlocal.ch\\\/c\\\/chauffagiste-a-delemont\\\/#primaryimage\"},\"image\":{\"@id\":\"https:\\\/\\\/www.artisanlocal.ch\\\/c\\\/chauffagiste-a-delemont\\\/#primaryimage\"},\"thumbnailUrl\":\"https:\\\/\\\/www.artisanlocal.ch\\\/c\\\/wp-content\\\/uploads\\\/2024\\\/10\\\/chauffagiste.jpg\",\"datePublished\":\"2024-04-18T05:19:27+00:00\",\"dateModified\":\"2025-08-26T23:32:41+00:00\",\"breadcrumb\":{\"@id\":\"https:\\\/\\\/www.artisanlocal.ch\\\/c\\\/chauffagiste-a-delemont\\\/#breadcrumb\"},\"inLanguage\":\"fr-FR\",\"potentialAction\":[{\"@type\":\"ReadAction\",\"target\":[\"https:\\\/\\\/www.artisanlocal.ch\\\/c\\\/chauffagiste-a-delemont\\\/\"]}]},{\"@type\":\"ImageObject\",\"inLanguage\":\"fr-FR\",\"@id\":\"https:\\\/\\\/www.artisanlocal.ch\\\/c\\\/chauffagiste-a-delemont\\\/#primaryimage\",\"url\":\"https:\\\/\\\/www.artisanlocal.ch\\\/c\\\/wp-content\\\/uploads\\\/2024\\\/10\\\/chauffagiste.jpg\",\"contentUrl\":\"https:\\\/\\\/www.artisanlocal.ch\\\/c\\\/wp-content\\\/uploads\\\/2024\\\/10\\\/chauffagiste.jpg\",\"width\":1920,\"height\":300},{\"@type\":\"BreadcrumbList\",\"@id\":\"https:\\\/\\\/www.artisanlocal.ch\\\/c\\\/chauffagiste-a-delemont\\\/#breadcrumb\",\"itemListElement\":[{\"@type\":\"ListItem\",\"position\":1,\"name\":\"Accueil\",\"item\":\"https:\\\/\\\/www.artisanlocal.ch\\\/c\\\/\"},{\"@type\":\"ListItem\",\"position\":2,\"name\":\"Chauffagiste \u00e0 Del\u00e9mont\"}]},{\"@type\":\"WebSite\",\"@id\":\"https:\\\/\\\/www.artisanlocal.ch\\\/c\\\/#website\",\"url\":\"https:\\\/\\\/www.artisanlocal.ch\\\/c\\\/\",\"name\":\"Artisanlocal\",\"description\":\"\",\"publisher\":{\"@id\":\"https:\\\/\\\/www.artisanlocal.ch\\\/c\\\/#organization\"},\"potentialAction\":[{\"@type\":\"SearchAction\",\"target\":{\"@type\":\"EntryPoint\",\"urlTemplate\":\"https:\\\/\\\/www.artisanlocal.ch\\\/c\\\/?s={search_term_string}\"},\"query-input\":{\"@type\":\"PropertyValueSpecification\",\"valueRequired\":true,\"valueName\":\"search_term_string\"}}],\"inLanguage\":\"fr-FR\"},{\"@type\":\"Organization\",\"@id\":\"https:\\\/\\\/www.artisanlocal.ch\\\/c\\\/#organization\",\"name\":\"Artisanlocal\",\"url\":\"https:\\\/\\\/www.artisanlocal.ch\\\/c\\\/\",\"logo\":{\"@type\":\"ImageObject\",\"inLanguage\":\"fr-FR\",\"@id\":\"https:\\\/\\\/www.artisanlocal.ch\\\/c\\\/#\\\/schema\\\/logo\\\/image\\\/\",\"url\":\"https:\\\/\\\/www.artisanlocal.ch\\\/c\\\/wp-content\\\/uploads\\\/2024\\\/02\\\/logo-artisanlocal-h.svg\",\"contentUrl\":\"https:\\\/\\\/www.artisanlocal.ch\\\/c\\\/wp-content\\\/uploads\\\/2024\\\/02\\\/logo-artisanlocal-h.svg\",\"caption\":\"Artisanlocal\"},\"image\":{\"@id\":\"https:\\\/\\\/www.artisanlocal.ch\\\/c\\\/#\\\/schema\\\/logo\\\/image\\\/\"}}]}<\/script>\n<!-- \/ Yoast SEO Premium plugin. -->","yoast_head_json":{"title":"Chauffagiste \u00e0 Del\u00e9mont - Artisanlocal","robots":{"index":"index","follow":"follow","max-snippet":"max-snippet:-1","max-image-preview":"max-image-preview:large","max-video-preview":"max-video-preview:-1"},"canonical":"https:\/\/www.artisanlocal.ch\/c\/chauffagiste-a-delemont\/","og_locale":"fr_FR","og_type":"article","og_title":"Chauffagiste \u00e0 Del\u00e9mont","og_description":"Vous recherchez un chauffagiste \u00e0 Del\u00e9mont ? Si vous \u00eates un Del\u00e9montain, Artisanlocal s&rsquo;occupe de l&rsquo;installation et de la r\u00e9paration de votre chauffage. En optant de travailler avec notre entreprise, vous b\u00e9n\u00e9ficiez : d&rsquo;une tarification claire, d&rsquo;une prestation de qualit\u00e9, d&rsquo;intervention \u00e0 Del\u00e9mont et dans les environs, d&rsquo;une \u00e9quipe avec de l&rsquo;exp\u00e9rience, d&rsquo;une estimation gratuite, [&hellip;]","og_url":"https:\/\/www.artisanlocal.ch\/c\/chauffagiste-a-delemont\/","og_site_name":"Artisanlocal","article_modified_time":"2025-08-26T23:32:41+00:00","og_image":[{"width":1920,"height":300,"url":"https:\/\/www.artisanlocal.ch\/c\/wp-content\/uploads\/2024\/10\/chauffagiste.jpg","type":"image\/jpeg"}],"twitter_card":"summary_large_image","twitter_misc":{"Dur\u00e9e de lecture estim\u00e9e":"6 minutes"},"schema":{"@context":"https:\/\/schema.org","@graph":[{"@type":"WebPage","@id":"https:\/\/www.artisanlocal.ch\/c\/chauffagiste-a-delemont\/","url":"https:\/\/www.artisanlocal.ch\/c\/chauffagiste-a-delemont\/","name":"Chauffagiste \u00e0 Del\u00e9mont - Artisanlocal","isPartOf":{"@id":"https:\/\/www.artisanlocal.ch\/c\/#website"},"primaryImageOfPage":{"@id":"https:\/\/www.artisanlocal.ch\/c\/chauffagiste-a-delemont\/#primaryimage"},"image":{"@id":"https:\/\/www.artisanlocal.ch\/c\/chauffagiste-a-delemont\/#primaryimage"},"thumbnailUrl":"https:\/\/www.artisanlocal.ch\/c\/wp-content\/uploads\/2024\/10\/chauffagiste.jpg","datePublished":"2024-04-18T05:19:27+00:00","dateModified":"2025-08-26T23:32:41+00:00","breadcrumb":{"@id":"https:\/\/www.artisanlocal.ch\/c\/chauffagiste-a-delemont\/#breadcrumb"},"inLanguage":"fr-FR","potentialAction":[{"@type":"ReadAction","target":["https:\/\/www.artisanlocal.ch\/c\/chauffagiste-a-delemont\/"]}]},{"@type":"ImageObject","inLanguage":"fr-FR","@id":"https:\/\/www.artisanlocal.ch\/c\/chauffagiste-a-delemont\/#primaryimage","url":"https:\/\/www.artisanlocal.ch\/c\/wp-content\/uploads\/2024\/10\/chauffagiste.jpg","contentUrl":"https:\/\/www.artisanlocal.ch\/c\/wp-content\/uploads\/2024\/10\/chauffagiste.jpg","width":1920,"height":300},{"@type":"BreadcrumbList","@id":"https:\/\/www.artisanlocal.ch\/c\/chauffagiste-a-delemont\/#breadcrumb","itemListElement":[{"@type":"ListItem","position":1,"name":"Accueil","item":"https:\/\/www.artisanlocal.ch\/c\/"},{"@type":"ListItem","position":2,"name":"Chauffagiste \u00e0 Del\u00e9mont"}]},{"@type":"WebSite","@id":"https:\/\/www.artisanlocal.ch\/c\/#website","url":"https:\/\/www.artisanlocal.ch\/c\/","name":"Artisanlocal","description":"","publisher":{"@id":"https:\/\/www.artisanlocal.ch\/c\/#organization"},"potentialAction":[{"@type":"SearchAction","target":{"@type":"EntryPoint","urlTemplate":"https:\/\/www.artisanlocal.ch\/c\/?s={search_term_string}"},"query-input":{"@type":"PropertyValueSpecification","valueRequired":true,"valueName":"search_term_string"}}],"inLanguage":"fr-FR"},{"@type":"Organization","@id":"https:\/\/www.artisanlocal.ch\/c\/#organization","name":"Artisanlocal","url":"https:\/\/www.artisanlocal.ch\/c\/","logo":{"@type":"ImageObject","inLanguage":"fr-FR","@id":"https:\/\/www.artisanlocal.ch\/c\/#\/schema\/logo\/image\/","url":"https:\/\/www.artisanlocal.ch\/c\/wp-content\/uploads\/2024\/02\/logo-artisanlocal-h.svg","contentUrl":"https:\/\/www.artisanlocal.ch\/c\/wp-content\/uploads\/2024\/02\/logo-artisanlocal-h.svg","caption":"Artisanlocal"},"image":{"@id":"https:\/\/www.artisanlocal.ch\/c\/#\/schema\/logo\/image\/"}}]}},"_links":{"self":[{"href":"https:\/\/www.artisanlocal.ch\/c\/wp-json\/wp\/v2\/pages\/696","targetHints":{"allow":["GET"]}}],"collection":[{"href":"https:\/\/www.artisanlocal.ch\/c\/wp-json\/wp\/v2\/pages"}],"about":[{"href":"https:\/\/www.artisanlocal.ch\/c\/wp-json\/wp\/v2\/types\/page"}],"author":[{"embeddable":true,"href":"https:\/\/www.artisanlocal.ch\/c\/wp-json\/wp\/v2\/users\/4"}],"replies":[{"embeddable":true,"href":"https:\/\/www.artisanlocal.ch\/c\/wp-json\/wp\/v2\/comments?post=696"}],"version-history":[{"count":0,"href":"https:\/\/www.artisanlocal.ch\/c\/wp-json\/wp\/v2\/pages\/696\/revisions"}],"wp:featuredmedia":[{"embeddable":true,"href":"https:\/\/www.artisanlocal.ch\/c\/wp-json\/wp\/v2\/media\/2757"}],"wp:attachment":[{"href":"https:\/\/www.artisanlocal.ch\/c\/wp-json\/wp\/v2\/media?parent=696"}],"wp:term":[{"taxonomy":"profession","embeddable":true,"href":"https:\/\/www.artisanlocal.ch\/c\/wp-json\/wp\/v2\/profession?post=696"},{"taxonomy":"location","embeddable":true,"href":"https:\/\/www.artisanlocal.ch\/c\/wp-json\/wp\/v2\/location?post=696"},{"taxonomy":"canton","embeddable":true,"href":"https:\/\/www.artisanlocal.ch\/c\/wp-json\/wp\/v2\/canton?post=696"}],"curies":[{"name":"wp","href":"https:\/\/api.w.org\/{rel}","templated":true}]}}