{"id":698,"date":"2024-04-19T04:07:08","date_gmt":"2024-04-19T02:07:08","guid":{"rendered":"https:\/\/www.artisanlocal.ch\/c\/chauffagiste-a-porrentruy\/"},"modified":"2025-10-08T11:00:23","modified_gmt":"2025-10-08T09:00:23","slug":"chauffagiste-a-porrentruy","status":"publish","type":"page","link":"https:\/\/www.artisanlocal.ch\/c\/chauffagiste-a-porrentruy\/","title":{"rendered":"Chauffagiste \u00e0 Porrentruy"},"content":{"rendered":"<p>Besoin d&rsquo;un chauffagiste \u00e0 Porrentruy ? Si vous \u00eates un Bruntrutain, Artisanlocal s&rsquo;occupe de l&rsquo;installation et de la r\u00e9paration de votre chauffage. En travaillant avec Artisanlocal.ch, vous b\u00e9n\u00e9ficiez :<\/p>\n<ul>\n<li>d&rsquo;une tarification claire,<\/li>\n<li>de serivces haut de gamme,<\/li>\n<li>d&rsquo;une intervention rapide \u00e0 Porrentruy et dans les villes \u00e0 proximit\u00e9,<\/li>\n<li>d&rsquo;une \u00e9quipe exp\u00e9riment\u00e9e,<\/li>\n<li>de devis gratuit,<\/li>\n<li>d&rsquo;une \u00e9quipe disponible du lundi au samedi.<\/li>\n<\/ul>\n\r\n<div class=\"box\">\r\n            <div class=\"company-info\">\r\n            <img decoding=\"async\" class=\"company-info__logo\" src=\"https:\/\/www.artisanlocal.ch\/media\/cache\/thumb\/images\/companies\/eco6therm-sarl.jpg\" alt=\"Logo\">\r\n            <h2 class=\"company-info__name\">Eco6therm S\u00e0rl<\/h2>\r\n            <p class=\"company-info__business\">Ing\u00e9nierie solaire - Installations solaires - Photovolta\u00efque - Pompes \u00e0 chaleur - Ventilation - Energies renouvelables - Installations sanitaires - Chauffages<\/p>\r\n        <\/div>\r\n        <div class=\"company-contact\">\r\n            <p class=\"company-info__address\">Montchemin 18<\/p>\r\n                            <div class=\"links\">\r\n                                            <a class=\"btn has-accent-background-color js-phoneNumber\" href=\"tel:0324355511\" title=\"Appelez\" data-id=\"8209\" data-type=\"11\">032 435 55 11<\/a>\r\n                                                                <a class=\"btn has-accent-background-color\" href=\"http:\/\/www.eco6therm.ch\/\" target=\"_blank\" title=\"Voir le site internet\" data-id=\"8209\" data-type=\"20\">Site internet<\/a>\r\n                                    <\/div>\r\n                    <\/div>\r\n    \r\n            \r\n<form action=\"https:\/\/www.artisanlocal.ch\/c\/wp-admin\/admin-ajax.php\" method=\"post\" class=\"form-contact\" id=\"artisan_form_contact_company_inline\">\r\n    <div><input type=\"hidden\" name=\"action\" value=\"company_contact\"><\/div>\r\n    <div><input type=\"hidden\" name=\"nonce\" value=\"22a15c7617\"><\/div>\r\n    <div><input type=\"hidden\" name=\"company_id\" value=\"8209\"><\/div>\r\n    <div><input type=\"hidden\" name=\"form_id\" value=\"artisan_form_contact_company_inline\"><\/div>\r\n    <div class=\"gglcptch gglcptch_v3 gglcptch_custom\"><input type=\"hidden\" id=\"g-recaptcha-response\" name=\"g-recaptcha-response\" \/><br \/><div class=\"gglcptch_error_text\">La p\u00e9riode de v\u00e9rification reCAPTCHA a expir\u00e9. Veuillez recharger la page.<\/div><\/div>    <div class=\"form-content\">\r\n        <div class=\"form-group\">\r\n            <label for=\"contact_firstName\" class=\"required\">Pr\u00e9nom<\/label>\r\n            <input type=\"text\" name=\"firstName\" class=\"form-control\" required>\r\n        <\/div>\r\n        <div class=\"form-group\">\r\n            <label for=\"contact_lastName\" class=\"required\">Nom<\/label>\r\n            <input type=\"text\" name=\"lastName\" class=\"form-control\" required>\r\n        <\/div>\r\n        <div class=\"form-group\">\r\n            <label for=\"contact_email\" class=\"required\">Email<\/label>\r\n            <input type=\"email\" name=\"email\" class=\"form-control\" required>\r\n        <\/div>\r\n        <div class=\"form-group\">\r\n            <label for=\"contact_phone\" class=\"required\">Num\u00e9ro de t\u00e9l\u00e9phone<\/label>\r\n            <input type=\"tel\" name=\"phone\" class=\"form-control\" placeholder=\"0787117165\" pattern=\"^[0-9]{10}$\" required>\r\n        <\/div>\r\n        <div class=\"form-group\">\r\n            <label for=\"contact_postalCode\" class=\"required\">Code postal et localit\u00e9<\/label>\r\n            <input type=\"text\" name=\"postalCode\" class=\"form-control\" required>\r\n        <\/div>\r\n        <div class=\"form-group\">\r\n            <label for=\"contact_address\" class=\"required\">Adresse<\/label>\r\n            <input type=\"text\" name=\"address\" class=\"form-control\" required>\r\n        <\/div>\r\n        <div class=\"full-width topic\">\r\n            <p class=\"required\">Je souhaite \u00eatre contact\u00e9 pour :<\/p>\r\n            <div class=\"form-check\">\r\n                <input type=\"radio\" name=\"topic\" value=\"D\u00e9pannage\" class=\"form-control\" required>\r\n                <label for=\"d\u00e9pannage\">D\u00e9pannage<\/label>\r\n            <\/div>\r\n            <div class=\"form-check\">\r\n                <input type=\"radio\" name=\"topic\" value=\"Entretien\" class=\"form-control\" required>\r\n                <label for=\"entretien\">Entretien<\/label>\r\n            <\/div>\r\n            <div class=\"form-check\">\r\n                <input type=\"radio\" name=\"topic\" value=\"R\u00e9novation\" class=\"form-control\" required>\r\n                <label for=\"r\u00e9novation\">R\u00e9novation<\/label>\r\n            <\/div>\r\n            <div class=\"form-check\">\r\n                <input type=\"radio\" name=\"topic\" value=\"Autre\" class=\"form-control\" required>\r\n                <label for=\"autre\">Autre<\/label>\r\n            <\/div>\r\n        <\/div>\r\n        <div class=\"form-group full-width\">\r\n            <label for=\"contact_message\">Message<\/label>\r\n            <textarea name=\"message\" rows=\"3\" class=\"form-control\"><\/textarea>\r\n        <\/div>\r\n    <\/div>\r\n    <div class=\"form-actions\">\r\n        <button class=\"wp-block-button__link has-accent-background-color\">Contacter<\/button>\r\n    <\/div>\r\n<\/form>\r\n<div class=\"form-feedback\"><\/div>    <\/div>\n<h2>Pourquoi choisir Artisanlocal ?<\/h2>\n<ul>\n<li>Estimation gratuite de votre projet : une fois que nous recevons votre prise de contact, notre chauffagiste \u00e0 Porrentruy vous contacte dans la journ\u00e9e et estime gratuitement votre projet.<\/li>\n<li>D\u00e9placement de notre chauffagiste \u00e0 votre domicile : notre technicien Bruntrutain se d\u00e9place \u00e0 votre domicile rapidement pour \u00e9valuer le montant de votre chantier et contr\u00f4ler la faisabilit\u00e9 de votre projet. Ensuite, vous recevez un devis d\u00e9taill\u00e9.<\/li>\n<li>Mise en place de votre chauffage en 24 \u00e0 48 heures : une fois que vous avez valid\u00e9 le devis avec notre technicien \u00e0 Porrentruy. Nous programmerons avec vous le jour de l&rsquo;intervention.<\/li>\n<li>Service de d\u00e9pannage et de maintenance : si votre chauffage, chaudi\u00e8re ou chauffe-eau pr\u00e9sente un dysfonctionnement. Notre \u00e9quipe de chauffagistes est disponible pour intervenir \u00e0 Porrentruy et aussi dans les villes \u00e0 proximit\u00e9.<\/li>\n<\/ul>\n<h2>Pourquoi la maintenance du chauffage est importante ?<\/h2>\n<p>Avoir un syst\u00e8me de chauffage qui marche est essentiel, surtout si vous avez des enfants. Notre entreprise vous aide \u00e0 d\u00e9finir la temp\u00e9rature id\u00e9ale et v\u00e9rifie la concentration de monoxyde de carbone d\u00e9gag\u00e9 par votre chauffage. Peu importe le type de votre chauffage, nos experts r\u00e9alisent la maintenance et l&rsquo;entretien, de votre chauffage : \u00e0 accumulation, basse temp\u00e9rature, fioul, condensation, \u00e9lectrique ou \u00e0 gaz.<\/p>\n<h2>L&rsquo;entreprise Artisanlocal propose-t-elle une assistance t\u00e9l\u00e9phonique ?<\/h2>\n<p>Oui, nous pouvons vous aider par t\u00e9l\u00e9phone. En nous d\u00e9crivant votre probl\u00e8me par t\u00e9l\u00e9phone, nous trouverons la meilleure solution pour r\u00e9gler votre probl\u00e8me. Cependant, dans plusieurs cas, un technicien doit intervenir \u00e0 votre logement.<\/p>\n<h2>Comment fonctionne Artisanlocal ?<\/h2>\n<ol>\n<li>Premi\u00e8re prise de contact : il est n\u00e9cessaire que vous preniez contact avec nous par e-mail ou par t\u00e9l\u00e9phone.<\/li>\n<li>Intervention : un de nos chauffagistes se d\u00e9place \u00e0 votre logement.<\/li>\n<li>Estimation : l&rsquo;artisan \u00e9value votre situation actuelle, il calcule la surface de votre logement, le volume de vos pi\u00e8ces et analyse votre isolation.<\/li>\n<li>Avis : nous vous orienterons pour choisir le meilleur chauffage, nous prenons en compte l\u2019efficacit\u00e9 et la rentabilit\u00e9 que vous voulez obtenir.<\/li>\n<li>Prix : vous recevez un devis d\u00e9taill\u00e9 avec les co\u00fbts.<\/li>\n<li>Mise en place : apr\u00e8s avoir sign\u00e9 notre devis, nous r\u00e9alisons l&rsquo;installation de votre chauffage et param\u00e9trons le thermostat en fonction de vos attentes.<\/li>\n<\/ol>\n<h2>Quels sont les meilleurs types de chauffages pour votre maison ?<\/h2>\n<p>Notre chauffagiste vous oriente pour choisir la meilleure solution, il vous conseille parmi les chauffages existants :<\/p>\n<ul>\n<li>\u00e0 gaz,<\/li>\n<li>\u00e9lectriques,<\/li>\n<li>fioul,<\/li>\n<li>classiques,<\/li>\n<li>condensation ou basses temp\u00e9ratures.<\/li>\n<\/ul>\n<p>Les syst\u00e8mes de chauffages \u00e0 basse temp\u00e9rature ou \u00e0 condensation, malgr\u00e9 un co\u00fbt d&rsquo;achat plus important, permettent de faire des \u00e9conomies \u00e0 long terme.<\/p>\n<h2>Service d&rsquo;entretien de chauffage \u00e0 Porrentruy<\/h2>\n<p>Vous devez r\u00e9aliser la r\u00e9vision annuelle de votre syst\u00e8me de chauffage, qu&rsquo;il soit \u00e0 gaz ou au fioul. Faire appel \u00e0 un expert pour la maintenance de votre chauffage permet de contr\u00f4ler les taux de monoxyde de carbone. \u00c0 noter, dans le cas o\u00f9 votre chauffage d\u00e9gage trop de monoxyde de carbone, cela peut provoquer une intoxication.<\/p>\n<h2>Contrat d&rsquo;assistance pour votre chauffage \u00e0 Porrentruy<\/h2>\n<p>Artisanlocal propose des contrats d\u2019entretiens pour votre chauffage pour garantir le bon fonctionnement. En r\u00e9alisent une maintenance r\u00e9guli\u00e8re, vous \u00e9conomisez de l&rsquo;argent sur le long terme.<\/p>\n<p>Par ailleurs, si vous avez un probl\u00e8me avec votre chauffage, votre assurance r\u00e9clame le contrat de maintenance pour contr\u00f4ler l\u2019\u00e9tat de votre chauffage en amont de l&rsquo;incident. Notre soci\u00e9t\u00e9 propose des contrats de maintenance annuels ou pluriannuels.<\/p>\n<h2>Pourquoi signer un forfait d&rsquo;entretien pour votre chauffage ?<\/h2>\n<p>Avec un contrat, nos techniciens interviennent en priorit\u00e9 pour r\u00e9parer et remplacer en priorit\u00e9 les pi\u00e8ces de votre chauffage, nous nous engageons \u00e0 contr\u00f4ler tout votre syst\u00e8me de chauffage, comme :<\/p>\n<ul>\n<li>Les niveaux de pression dans vos tuyaux,<\/li>\n<li>l&rsquo;\u00e9tat de votre br\u00fbleur, les tuyaux de liaison et les \u00e9l\u00e9ments chauffants.<\/li>\n<\/ul>\n<h2>Quels services offre Artisanlocal ?<\/h2>\n<ul>\n<li>Le d\u00e9tartrage et le d\u00e9sembouage de radiateur,<\/li>\n<li>la purge d&rsquo;air,<\/li>\n<li>l\u2019entretien des chauffe-eau et des chaudi\u00e8res,<\/li>\n<li>le r\u00e9glage de votre thermostat,<\/li>\n<li>l&rsquo;entretien des chaudi\u00e8res \u00e0 condensation, basses temp\u00e9ratures, \u00e0 gaz, \u00e0 fioul, \u00e0 accumulation et \u00e9lectriques,<\/li>\n<li>la restauration de la vanne de purge,<\/li>\n<li>l&rsquo;intervention et la r\u00e9paration de vos pannes : de votre chaudi\u00e8re, radiateur qui ne chauffe plus, fuite de canalisation, etc.<\/li>\n<li>l\u2019installation de : chauffage, pompe \u00e0 chaleur, chaudi\u00e8re, radiateur \u00e9lectrique, plancher chauffant, etc.<\/li>\n<\/ul>\n<h2>FAQ<\/h2>\n<h3>Pourquoi engager un chauffagiste Bruntrutain ?<\/h3>\n<ul>\n<li>Pour stabiliser la temp\u00e9rature ambiante de votre int\u00e9rieur : un chauffage bien r\u00e9gl\u00e9 permet de maintenir une temp\u00e9rature.<\/li>\n<li>Pour \u00e9conomiser de l&rsquo;argent : en choisissant des mat\u00e9riaux de qualit\u00e9, pour le chauffage et l&rsquo;isolation, vous r\u00e9alisez des \u00e9conomies et diminuer vos \u00e9missions de CO2 sur le long terme.<\/li>\n<li>Pour pr\u00e9server la s\u00e9curit\u00e9 de votre chauffage : un chauffage qui fonctionne correctement permet de limiter les \u00e9missions de monoxyde de carbone.<\/li>\n<li>Pour anticiper les incidents : un technicien chauffagiste peut anticiper de potentiels dommages provoqu\u00e9s par vos \u00e9quipements, juste en observant votre installation.<\/li>\n<\/ul>\n<h3>Comment choisir le bon chauffagiste \u00e0 Porrentruy ?<\/h3>\n<ul>\n<li>La qualification : les certifications du chauffagiste sont un bon indicateur de son expertise.<\/li>\n<li>Les avis clients : prenez le temps de consulter les t\u00e9moignages des clients ayant d\u00e9j\u00e0 travaill\u00e9 avec l&rsquo;entreprise.<\/li>\n<li>Les garanties : v\u00e9rifiez que la soci\u00e9t\u00e9 de chauffage dispose d&rsquo;une assurance qui couvrira les \u00e9ventuels dommages caus\u00e9s lors de ses interventions.<\/li>\n<\/ul>\n<h3>Quelle est votre vitesse d&rsquo;intervention \u00e0 Porrentruy ?<\/h3>\n<p>Si vous avez une demande d&rsquo;intervention urgente, nous pouvons intervenir dans la semaine, s&rsquo;il n&rsquo;y a pas de priorit\u00e9 concernant votre demande, nous intervenons en fonction de nos disponibilit\u00e9s.<\/p>\n<h3>Votre entreprise est disponible pour intervenir \u00e0 Porrentruy, mais aussi dans les villes proches ?<\/h3>\n<p>Oui, nous intervenons \u00e0 Porrentruy et dans les villes proches, comme : St-Ursanne, Montmelon, Montenol, Epauvillers, Epiquerez, Seleute, Ocourt, Fontenais, Villars-sur-Fontenais, Bressaucourt, Courtedoux, Chevenez, Rocourt, Grandfontaine, R\u00e9cl\u00e8re, Roche-d'Or, Damvant, Bure, Fahy, Courchavon, Courtema\u00eeche, Montignez, Buix, Boncourt, Coeuve, Damphreux, Lugnez, Beurnev\u00e9sin, Alle, Vendlincourt, Bonfol, Mi\u00e9court, Charmoille, Courgenay, Courtemautruy, Cornol, Fregi\u00e9court, Pleujouse, Asuel.<\/p>\n","protected":false},"excerpt":{"rendered":"<p>Besoin d&rsquo;un chauffagiste \u00e0 Porrentruy ? Si vous \u00eates un Bruntrutain, Artisanlocal s&rsquo;occupe de l&rsquo;installation et de la r\u00e9paration de votre chauffage. En travaillant avec Artisanlocal.ch, vous b\u00e9n\u00e9ficiez : d&rsquo;une tarification claire, de serivces haut de gamme, d&rsquo;une intervention rapide \u00e0 Porrentruy et dans les villes \u00e0 proximit\u00e9, d&rsquo;une \u00e9quipe exp\u00e9riment\u00e9e, de devis gratuit, d&rsquo;une [&hellip;]<\/p>\n","protected":false},"author":4,"featured_media":2757,"parent":0,"menu_order":0,"comment_status":"closed","ping_status":"closed","template":"","meta":{"footnotes":""},"profession":[120],"location":[72],"canton":[111],"class_list":["post-698","page","type-page","status-publish","has-post-thumbnail","hentry","profession-chauffagiste","location-porrentruy","canton-ju"],"yoast_head":"<!-- This site is optimized with the Yoast SEO Premium plugin v25.7.1 (Yoast SEO v27.3) - https:\/\/yoast.com\/product\/yoast-seo-premium-wordpress\/ -->\n<title>Chauffagiste \u00e0 Porrentruy - Artisanlocal<\/title>\n<meta name=\"robots\" content=\"index, follow, max-snippet:-1, max-image-preview:large, max-video-preview:-1\" \/>\n<link rel=\"canonical\" href=\"https:\/\/www.artisanlocal.ch\/c\/chauffagiste-a-porrentruy\/\" \/>\n<meta property=\"og:locale\" content=\"fr_FR\" \/>\n<meta property=\"og:type\" content=\"article\" \/>\n<meta property=\"og:title\" content=\"Chauffagiste \u00e0 Porrentruy\" \/>\n<meta property=\"og:description\" content=\"Besoin d&rsquo;un chauffagiste \u00e0 Porrentruy ? Si vous \u00eates un Bruntrutain, Artisanlocal s&rsquo;occupe de l&rsquo;installation et de la r\u00e9paration de votre chauffage. En travaillant avec Artisanlocal.ch, vous b\u00e9n\u00e9ficiez : d&rsquo;une tarification claire, de serivces haut de gamme, d&rsquo;une intervention rapide \u00e0 Porrentruy et dans les villes \u00e0 proximit\u00e9, d&rsquo;une \u00e9quipe exp\u00e9riment\u00e9e, de devis gratuit, d&rsquo;une [&hellip;]\" \/>\n<meta property=\"og:url\" content=\"https:\/\/www.artisanlocal.ch\/c\/chauffagiste-a-porrentruy\/\" \/>\n<meta property=\"og:site_name\" content=\"Artisanlocal\" \/>\n<meta property=\"article:modified_time\" content=\"2025-10-08T09:00:23+00:00\" \/>\n<meta property=\"og:image\" content=\"https:\/\/www.artisanlocal.ch\/c\/wp-content\/uploads\/2024\/10\/chauffagiste.jpg\" \/>\n\t<meta property=\"og:image:width\" content=\"1920\" \/>\n\t<meta property=\"og:image:height\" content=\"300\" \/>\n\t<meta property=\"og:image:type\" content=\"image\/jpeg\" \/>\n<meta name=\"twitter:card\" content=\"summary_large_image\" \/>\n<meta name=\"twitter:label1\" content=\"Dur\u00e9e de lecture estim\u00e9e\" \/>\n\t<meta name=\"twitter:data1\" content=\"6 minutes\" \/>\n<script type=\"application\/ld+json\" class=\"yoast-schema-graph\">{\"@context\":\"https:\\\/\\\/schema.org\",\"@graph\":[{\"@type\":\"WebPage\",\"@id\":\"https:\\\/\\\/www.artisanlocal.ch\\\/c\\\/chauffagiste-a-porrentruy\\\/\",\"url\":\"https:\\\/\\\/www.artisanlocal.ch\\\/c\\\/chauffagiste-a-porrentruy\\\/\",\"name\":\"Chauffagiste \u00e0 Porrentruy - Artisanlocal\",\"isPartOf\":{\"@id\":\"https:\\\/\\\/www.artisanlocal.ch\\\/c\\\/#website\"},\"primaryImageOfPage\":{\"@id\":\"https:\\\/\\\/www.artisanlocal.ch\\\/c\\\/chauffagiste-a-porrentruy\\\/#primaryimage\"},\"image\":{\"@id\":\"https:\\\/\\\/www.artisanlocal.ch\\\/c\\\/chauffagiste-a-porrentruy\\\/#primaryimage\"},\"thumbnailUrl\":\"https:\\\/\\\/www.artisanlocal.ch\\\/c\\\/wp-content\\\/uploads\\\/2024\\\/10\\\/chauffagiste.jpg\",\"datePublished\":\"2024-04-19T02:07:08+00:00\",\"dateModified\":\"2025-10-08T09:00:23+00:00\",\"breadcrumb\":{\"@id\":\"https:\\\/\\\/www.artisanlocal.ch\\\/c\\\/chauffagiste-a-porrentruy\\\/#breadcrumb\"},\"inLanguage\":\"fr-FR\",\"potentialAction\":[{\"@type\":\"ReadAction\",\"target\":[\"https:\\\/\\\/www.artisanlocal.ch\\\/c\\\/chauffagiste-a-porrentruy\\\/\"]}]},{\"@type\":\"ImageObject\",\"inLanguage\":\"fr-FR\",\"@id\":\"https:\\\/\\\/www.artisanlocal.ch\\\/c\\\/chauffagiste-a-porrentruy\\\/#primaryimage\",\"url\":\"https:\\\/\\\/www.artisanlocal.ch\\\/c\\\/wp-content\\\/uploads\\\/2024\\\/10\\\/chauffagiste.jpg\",\"contentUrl\":\"https:\\\/\\\/www.artisanlocal.ch\\\/c\\\/wp-content\\\/uploads\\\/2024\\\/10\\\/chauffagiste.jpg\",\"width\":1920,\"height\":300},{\"@type\":\"BreadcrumbList\",\"@id\":\"https:\\\/\\\/www.artisanlocal.ch\\\/c\\\/chauffagiste-a-porrentruy\\\/#breadcrumb\",\"itemListElement\":[{\"@type\":\"ListItem\",\"position\":1,\"name\":\"Accueil\",\"item\":\"https:\\\/\\\/www.artisanlocal.ch\\\/c\\\/\"},{\"@type\":\"ListItem\",\"position\":2,\"name\":\"Chauffagiste \u00e0 Porrentruy\"}]},{\"@type\":\"WebSite\",\"@id\":\"https:\\\/\\\/www.artisanlocal.ch\\\/c\\\/#website\",\"url\":\"https:\\\/\\\/www.artisanlocal.ch\\\/c\\\/\",\"name\":\"Artisanlocal\",\"description\":\"\",\"publisher\":{\"@id\":\"https:\\\/\\\/www.artisanlocal.ch\\\/c\\\/#organization\"},\"potentialAction\":[{\"@type\":\"SearchAction\",\"target\":{\"@type\":\"EntryPoint\",\"urlTemplate\":\"https:\\\/\\\/www.artisanlocal.ch\\\/c\\\/?s={search_term_string}\"},\"query-input\":{\"@type\":\"PropertyValueSpecification\",\"valueRequired\":true,\"valueName\":\"search_term_string\"}}],\"inLanguage\":\"fr-FR\"},{\"@type\":\"Organization\",\"@id\":\"https:\\\/\\\/www.artisanlocal.ch\\\/c\\\/#organization\",\"name\":\"Artisanlocal\",\"url\":\"https:\\\/\\\/www.artisanlocal.ch\\\/c\\\/\",\"logo\":{\"@type\":\"ImageObject\",\"inLanguage\":\"fr-FR\",\"@id\":\"https:\\\/\\\/www.artisanlocal.ch\\\/c\\\/#\\\/schema\\\/logo\\\/image\\\/\",\"url\":\"https:\\\/\\\/www.artisanlocal.ch\\\/c\\\/wp-content\\\/uploads\\\/2024\\\/02\\\/logo-artisanlocal-h.svg\",\"contentUrl\":\"https:\\\/\\\/www.artisanlocal.ch\\\/c\\\/wp-content\\\/uploads\\\/2024\\\/02\\\/logo-artisanlocal-h.svg\",\"caption\":\"Artisanlocal\"},\"image\":{\"@id\":\"https:\\\/\\\/www.artisanlocal.ch\\\/c\\\/#\\\/schema\\\/logo\\\/image\\\/\"}}]}<\/script>\n<!-- \/ Yoast SEO Premium plugin. -->","yoast_head_json":{"title":"Chauffagiste \u00e0 Porrentruy - Artisanlocal","robots":{"index":"index","follow":"follow","max-snippet":"max-snippet:-1","max-image-preview":"max-image-preview:large","max-video-preview":"max-video-preview:-1"},"canonical":"https:\/\/www.artisanlocal.ch\/c\/chauffagiste-a-porrentruy\/","og_locale":"fr_FR","og_type":"article","og_title":"Chauffagiste \u00e0 Porrentruy","og_description":"Besoin d&rsquo;un chauffagiste \u00e0 Porrentruy ? Si vous \u00eates un Bruntrutain, Artisanlocal s&rsquo;occupe de l&rsquo;installation et de la r\u00e9paration de votre chauffage. En travaillant avec Artisanlocal.ch, vous b\u00e9n\u00e9ficiez : d&rsquo;une tarification claire, de serivces haut de gamme, d&rsquo;une intervention rapide \u00e0 Porrentruy et dans les villes \u00e0 proximit\u00e9, d&rsquo;une \u00e9quipe exp\u00e9riment\u00e9e, de devis gratuit, d&rsquo;une [&hellip;]","og_url":"https:\/\/www.artisanlocal.ch\/c\/chauffagiste-a-porrentruy\/","og_site_name":"Artisanlocal","article_modified_time":"2025-10-08T09:00:23+00:00","og_image":[{"width":1920,"height":300,"url":"https:\/\/www.artisanlocal.ch\/c\/wp-content\/uploads\/2024\/10\/chauffagiste.jpg","type":"image\/jpeg"}],"twitter_card":"summary_large_image","twitter_misc":{"Dur\u00e9e de lecture estim\u00e9e":"6 minutes"},"schema":{"@context":"https:\/\/schema.org","@graph":[{"@type":"WebPage","@id":"https:\/\/www.artisanlocal.ch\/c\/chauffagiste-a-porrentruy\/","url":"https:\/\/www.artisanlocal.ch\/c\/chauffagiste-a-porrentruy\/","name":"Chauffagiste \u00e0 Porrentruy - Artisanlocal","isPartOf":{"@id":"https:\/\/www.artisanlocal.ch\/c\/#website"},"primaryImageOfPage":{"@id":"https:\/\/www.artisanlocal.ch\/c\/chauffagiste-a-porrentruy\/#primaryimage"},"image":{"@id":"https:\/\/www.artisanlocal.ch\/c\/chauffagiste-a-porrentruy\/#primaryimage"},"thumbnailUrl":"https:\/\/www.artisanlocal.ch\/c\/wp-content\/uploads\/2024\/10\/chauffagiste.jpg","datePublished":"2024-04-19T02:07:08+00:00","dateModified":"2025-10-08T09:00:23+00:00","breadcrumb":{"@id":"https:\/\/www.artisanlocal.ch\/c\/chauffagiste-a-porrentruy\/#breadcrumb"},"inLanguage":"fr-FR","potentialAction":[{"@type":"ReadAction","target":["https:\/\/www.artisanlocal.ch\/c\/chauffagiste-a-porrentruy\/"]}]},{"@type":"ImageObject","inLanguage":"fr-FR","@id":"https:\/\/www.artisanlocal.ch\/c\/chauffagiste-a-porrentruy\/#primaryimage","url":"https:\/\/www.artisanlocal.ch\/c\/wp-content\/uploads\/2024\/10\/chauffagiste.jpg","contentUrl":"https:\/\/www.artisanlocal.ch\/c\/wp-content\/uploads\/2024\/10\/chauffagiste.jpg","width":1920,"height":300},{"@type":"BreadcrumbList","@id":"https:\/\/www.artisanlocal.ch\/c\/chauffagiste-a-porrentruy\/#breadcrumb","itemListElement":[{"@type":"ListItem","position":1,"name":"Accueil","item":"https:\/\/www.artisanlocal.ch\/c\/"},{"@type":"ListItem","position":2,"name":"Chauffagiste \u00e0 Porrentruy"}]},{"@type":"WebSite","@id":"https:\/\/www.artisanlocal.ch\/c\/#website","url":"https:\/\/www.artisanlocal.ch\/c\/","name":"Artisanlocal","description":"","publisher":{"@id":"https:\/\/www.artisanlocal.ch\/c\/#organization"},"potentialAction":[{"@type":"SearchAction","target":{"@type":"EntryPoint","urlTemplate":"https:\/\/www.artisanlocal.ch\/c\/?s={search_term_string}"},"query-input":{"@type":"PropertyValueSpecification","valueRequired":true,"valueName":"search_term_string"}}],"inLanguage":"fr-FR"},{"@type":"Organization","@id":"https:\/\/www.artisanlocal.ch\/c\/#organization","name":"Artisanlocal","url":"https:\/\/www.artisanlocal.ch\/c\/","logo":{"@type":"ImageObject","inLanguage":"fr-FR","@id":"https:\/\/www.artisanlocal.ch\/c\/#\/schema\/logo\/image\/","url":"https:\/\/www.artisanlocal.ch\/c\/wp-content\/uploads\/2024\/02\/logo-artisanlocal-h.svg","contentUrl":"https:\/\/www.artisanlocal.ch\/c\/wp-content\/uploads\/2024\/02\/logo-artisanlocal-h.svg","caption":"Artisanlocal"},"image":{"@id":"https:\/\/www.artisanlocal.ch\/c\/#\/schema\/logo\/image\/"}}]}},"_links":{"self":[{"href":"https:\/\/www.artisanlocal.ch\/c\/wp-json\/wp\/v2\/pages\/698","targetHints":{"allow":["GET"]}}],"collection":[{"href":"https:\/\/www.artisanlocal.ch\/c\/wp-json\/wp\/v2\/pages"}],"about":[{"href":"https:\/\/www.artisanlocal.ch\/c\/wp-json\/wp\/v2\/types\/page"}],"author":[{"embeddable":true,"href":"https:\/\/www.artisanlocal.ch\/c\/wp-json\/wp\/v2\/users\/4"}],"replies":[{"embeddable":true,"href":"https:\/\/www.artisanlocal.ch\/c\/wp-json\/wp\/v2\/comments?post=698"}],"version-history":[{"count":0,"href":"https:\/\/www.artisanlocal.ch\/c\/wp-json\/wp\/v2\/pages\/698\/revisions"}],"wp:featuredmedia":[{"embeddable":true,"href":"https:\/\/www.artisanlocal.ch\/c\/wp-json\/wp\/v2\/media\/2757"}],"wp:attachment":[{"href":"https:\/\/www.artisanlocal.ch\/c\/wp-json\/wp\/v2\/media?parent=698"}],"wp:term":[{"taxonomy":"profession","embeddable":true,"href":"https:\/\/www.artisanlocal.ch\/c\/wp-json\/wp\/v2\/profession?post=698"},{"taxonomy":"location","embeddable":true,"href":"https:\/\/www.artisanlocal.ch\/c\/wp-json\/wp\/v2\/location?post=698"},{"taxonomy":"canton","embeddable":true,"href":"https:\/\/www.artisanlocal.ch\/c\/wp-json\/wp\/v2\/canton?post=698"}],"curies":[{"name":"wp","href":"https:\/\/api.w.org\/{rel}","templated":true}]}}