{"id":699,"date":"2024-04-19T02:42:50","date_gmt":"2024-04-19T00:42:50","guid":{"rendered":"https:\/\/www.artisanlocal.ch\/c\/chauffagiste-a-sierre\/"},"modified":"2025-09-04T16:15:49","modified_gmt":"2025-09-04T14:15:49","slug":"chauffagiste-a-sierre","status":"publish","type":"page","link":"https:\/\/www.artisanlocal.ch\/c\/chauffagiste-a-sierre\/","title":{"rendered":"Chauffagiste \u00e0 Sierre"},"content":{"rendered":"<p>Besoin d&rsquo;un chauffagiste \u00e0 Sierre ? Artisanlocal installe, entretien et r\u00e9pare votre chaudi\u00e8re \u00e0 Sierre. Si vous travaillez avec notre entreprise, vous b\u00e9n\u00e9ficiez :<\/p>\n<ul>\n<li>d&rsquo;un tarif transparent,<\/li>\n<li>de prestations de qualit\u00e9 sup\u00e9rieure,<\/li>\n<li>d&rsquo;intervention en urgence \u00e0 Sierre et dans les villes proches,<\/li>\n<li>d&rsquo;une \u00e9quipe exp\u00e9riment\u00e9e,<\/li>\n<li>de devis gratuit et sans frais,<\/li>\n<li>de techniciens accessibles du lundi au samedi.<\/li>\n<\/ul>\n\r\n<div class=\"box\">\r\n            <div class=\"company-info\">\r\n            <img decoding=\"async\" class=\"company-info__logo\" src=\"https:\/\/www.artisanlocal.ch\/media\/cache\/thumb\/images\/companies\/692967bfd37fe126209584.png\" alt=\"Logo\">\r\n            <h2 class=\"company-info__name\">TECHNI-THERM Masserey<\/h2>\r\n            <p class=\"company-info__business\">Chauffages - Ventilation - Climatisation<\/p>\r\n        <\/div>\r\n        <div class=\"company-contact\">\r\n            <p class=\"company-info__address\">Route du Moulin 44<\/p>\r\n                            <div class=\"links\">\r\n                                            <a class=\"btn has-accent-background-color js-phoneNumber\" href=\"tel:0799677176\" title=\"Appelez\" data-id=\"29402\" data-type=\"11\">079 967 71 76<\/a>\r\n                                                                <a class=\"btn has-accent-background-color\" href=\"https:\/\/www.techni-therm.ch\/\" target=\"_blank\" title=\"Voir le site internet\" data-id=\"29402\" data-type=\"20\">Site internet<\/a>\r\n                                    <\/div>\r\n                    <\/div>\r\n    \r\n            \r\n<form action=\"https:\/\/www.artisanlocal.ch\/c\/wp-admin\/admin-ajax.php\" method=\"post\" class=\"form-contact\" id=\"artisan_form_contact_company_inline\">\r\n    <div><input type=\"hidden\" name=\"action\" value=\"company_contact\"><\/div>\r\n    <div><input type=\"hidden\" name=\"nonce\" value=\"972bc58192\"><\/div>\r\n    <div><input type=\"hidden\" name=\"company_id\" value=\"29402\"><\/div>\r\n    <div><input type=\"hidden\" name=\"form_id\" value=\"artisan_form_contact_company_inline\"><\/div>\r\n    <div class=\"gglcptch gglcptch_v3 gglcptch_custom\"><input type=\"hidden\" id=\"g-recaptcha-response\" name=\"g-recaptcha-response\" \/><br \/><div class=\"gglcptch_error_text\">La p\u00e9riode de v\u00e9rification reCAPTCHA a expir\u00e9. Veuillez recharger la page.<\/div><\/div>    <div class=\"form-content\">\r\n        <div class=\"form-group\">\r\n            <label for=\"contact_firstName\" class=\"required\">Pr\u00e9nom<\/label>\r\n            <input type=\"text\" name=\"firstName\" class=\"form-control\" required>\r\n        <\/div>\r\n        <div class=\"form-group\">\r\n            <label for=\"contact_lastName\" class=\"required\">Nom<\/label>\r\n            <input type=\"text\" name=\"lastName\" class=\"form-control\" required>\r\n        <\/div>\r\n        <div class=\"form-group\">\r\n            <label for=\"contact_email\" class=\"required\">Email<\/label>\r\n            <input type=\"email\" name=\"email\" class=\"form-control\" required>\r\n        <\/div>\r\n        <div class=\"form-group\">\r\n            <label for=\"contact_phone\" class=\"required\">Num\u00e9ro de t\u00e9l\u00e9phone<\/label>\r\n            <input type=\"tel\" name=\"phone\" class=\"form-control\" placeholder=\"0787117165\" pattern=\"^[0-9]{10}$\" required>\r\n        <\/div>\r\n        <div class=\"form-group\">\r\n            <label for=\"contact_postalCode\" class=\"required\">Code postal et localit\u00e9<\/label>\r\n            <input type=\"text\" name=\"postalCode\" class=\"form-control\" required>\r\n        <\/div>\r\n        <div class=\"form-group\">\r\n            <label for=\"contact_address\" class=\"required\">Adresse<\/label>\r\n            <input type=\"text\" name=\"address\" class=\"form-control\" required>\r\n        <\/div>\r\n        <div class=\"full-width topic\">\r\n            <p class=\"required\">Je souhaite \u00eatre contact\u00e9 pour :<\/p>\r\n            <div class=\"form-check\">\r\n                <input type=\"radio\" name=\"topic\" value=\"D\u00e9pannage\" class=\"form-control\" required>\r\n                <label for=\"d\u00e9pannage\">D\u00e9pannage<\/label>\r\n            <\/div>\r\n            <div class=\"form-check\">\r\n                <input type=\"radio\" name=\"topic\" value=\"Entretien\" class=\"form-control\" required>\r\n                <label for=\"entretien\">Entretien<\/label>\r\n            <\/div>\r\n            <div class=\"form-check\">\r\n                <input type=\"radio\" name=\"topic\" value=\"R\u00e9novation\" class=\"form-control\" required>\r\n                <label for=\"r\u00e9novation\">R\u00e9novation<\/label>\r\n            <\/div>\r\n            <div class=\"form-check\">\r\n                <input type=\"radio\" name=\"topic\" value=\"Autre\" class=\"form-control\" required>\r\n                <label for=\"autre\">Autre<\/label>\r\n            <\/div>\r\n        <\/div>\r\n        <div class=\"form-group full-width\">\r\n            <label for=\"contact_message\">Message<\/label>\r\n            <textarea name=\"message\" rows=\"3\" class=\"form-control\"><\/textarea>\r\n        <\/div>\r\n    <\/div>\r\n    <div class=\"form-actions\">\r\n        <button class=\"wp-block-button__link has-accent-background-color\">Contacter<\/button>\r\n    <\/div>\r\n<\/form>\r\n<div class=\"form-feedback\"><\/div>    <\/div>\n<h2>Pourquoi choisir Artisanlocal ?<\/h2>\n<ul>\n<li>Estimation rapide de votre projet : d\u00e8s que vous nous envoyez une demande de contact, notre technicien \u00e0 Sierre prend rapidement contact avec vous.<\/li>\n<li>Intervention en urgence : notre technicien Sierrois peut intervenir en urgence chez vous.<\/li>\n<li>D\u00e9pannage et entretien 24h\/24 : si votre chauffage, chauffe-eau ou chaudi\u00e8re pr\u00e9sente un dysfonctionnement. Notre soci\u00e9t\u00e9 est disponible 24h\/24 pour intervenir \u00e0 Sierre et dans les villes proches.<\/li>\n<\/ul>\n<h2>Pourquoi doit-on entretenir un chauffage ?<\/h2>\n<p>Garantir le bon fonctionnement de votre \u00e9quipement de chauffage est essentiel, surtout, si vous avez des jeunes enfants. Artisanlocal, vous assiste pour r\u00e9gler la temp\u00e9rature id\u00e9ale et pour v\u00e9rifier la concentration de monoxyde de carbone cr\u00e9\u00e9 par votre syst\u00e8me de chauffage. Nos chauffagistes s&rsquo;occupent de l\u2019entretien de votre chauffage, peu importe le mod\u00e8le : basse temp\u00e9rature, fioul, gaz, condensation, \u00e9lectrique ou \u00e0 accumulation.<\/p>\n<h2>Votre entreprise propose-t-elle une aide t\u00e9l\u00e9phonique ?<\/h2>\n<p>Oui, Artisanlocal vous guide \u00e0 distance. En nous expliquant votre probl\u00e9matique par t\u00e9l\u00e9phone, nous identifierons la bonne solution pour corriger votre probl\u00e8me. Il faut garder \u00e0 l&rsquo;esprit que dans la majorit\u00e9 des cas, un technicien doit se d\u00e9placer chez vous pour d\u00e9celer et corriger le probl\u00e8me.<\/p>\n<h2>De quelle mani\u00e8re fonctionne Artisanlocal ?<\/h2>\n<ol>\n<li>Premi\u00e8re prise de contact : il est n\u00e9cessaire de nous joindre par mail ou par t\u00e9l\u00e9phone.<\/li>\n<li>Intervention : un chauffagiste Sierrois vient \u00e0 votre domicile.<\/li>\n<li>Estimation : le chauffagiste \u00e9valuera votre projet, pour cela, il doit d\u00e9terminer la surface de votre logement, le volume de vos pi\u00e8ces et analyser l&rsquo;isolation actuelle.<\/li>\n<li>Avis : une strat\u00e9gie vous sera pr\u00e9sent\u00e9e en fonction de vos moyens et de vos demandes.<\/li>\n<li>Prix : vous recevez un devis d\u00e9taill\u00e9, vous montrant les diverses d\u00e9penses.<\/li>\n<li>Pose : une fois que vous avec accept\u00e9 le devis et en fonction de vos disponibilit\u00e9s, nous mettons en place votre syst\u00e8me de chauffage, et ajustons le thermostat.<\/li>\n<\/ol>\n<h2>Quelle est la solution de chauffage la plus adapt\u00e9e pour votre habitation ?<\/h2>\n<ul>\n<li>Le chauffagiste qui se d\u00e9place \u00e0 votre domicile, vous conseille pour choisir le syst\u00e8me de chauffage le plus adapt\u00e9, parmi les chauffages : \u00e0 condensation, \u00e0 gaz, \u00e9lectriques, classiques, fioul ou encore basses temp\u00e9ratures.<\/li>\n<li>Les chauffages \u00e0 basses temp\u00e9ratures ou \u00e0 condensation co\u00fbtent plus cher \u00e0 l&rsquo;achat, mais ils contribuent \u00e0 r\u00e9aliser des \u00e9conomies sur le long terme.<\/li>\n<li>D&rsquo;ailleurs, avant d\u2019installer votre chauffage, il faut s\u00e9lectionner le meilleur thermostat. Ne vous inqui\u00e9tez pas, l&rsquo;expert qui se d\u00e9place a les connaissances pour r\u00e9soudre tous vos probl\u00e8mes de chauffage.<\/li>\n<\/ul>\n<h2>Solution de maintenance de votre chauffage \u00e0 Sierre<\/h2>\n<p>Assurez-vous de faire l&rsquo;entretien de votre chauffage tous les ans, qu&rsquo;il soit au fioul ou au gaz. L&rsquo;entretien de votre chauffage permet de contr\u00f4ler les \u00e9missions de monoxyde de carbone qui se d\u00e9gage. Il est important de savoir, si votre chauffage produit trop de monoxyde de carbone, il est possible d&rsquo;intoxiquer les membres de votre foyer. Le chauffagiste qui se rend dans votre logement contr\u00f4le et r\u00e8gle le taux de monoxyde de carbone pour votre s\u00e9curit\u00e9.<\/p>\n<h2>Contrat de r\u00e9vision pour votre syst\u00e8me de chauffage \u00e0 Sierre<\/h2>\n<p>Pour assurer le bon \u00e9tat de marche de votre chauffage, nous proposons des contrats de maintenance sur mesure. Avec un entretien r\u00e9gulier, vous \u00e9conomisez de l&rsquo;argent en \u00e9vitant r\u00e9paration et d\u00e9pannage en urgence.<\/p>\n<p>D&rsquo;autre part, dans le cas o\u00f9 vous auriez un d\u00e9g\u00e2t ou un sinistre, votre assureur vous demande le contrat de maintenance afin de contr\u00f4ler l&rsquo;\u00e9tat de votre chauffage en amont l&rsquo;accident.<\/p>\n<h2>Quels sont les avantages de signer un contrat de maintenance pour votre chauffage ?<\/h2>\n<p>En cas de pi\u00e8ces d\u00e9fectueuses, nous garantissons le remplacement imm\u00e9diat. De plus, nous prenons l&rsquo;engagement d&rsquo;inspecter la totalit\u00e9 de votre chauffage, comme :<\/p>\n<ul>\n<li>Les pressions de vos tuyaux,<\/li>\n<li>et l&rsquo;\u00e9tat de votre br\u00fbleur, des tuyaux de raccordement et des divers \u00e9l\u00e9ments chauffants.<\/li>\n<\/ul>\n<h2>Quels sont les diff\u00e9rents services propos\u00e9s par votre entreprise ?<\/h2>\n<ul>\n<li>Le d\u00e9tartrage et le d\u00e9sembouage de radiateur,<\/li>\n<li>la purge de l&rsquo;air de vos radiateurs,<\/li>\n<li>la maintenance des chauffe-eau et des chaudi\u00e8res,<\/li>\n<li>le r\u00e9glage de votre thermostat,<\/li>\n<li>la maintenance chaudi\u00e8res \u00e0 condensation, \u00e0 gaz, \u00e0 accumulation, \u00e0 fioul, \u00e9lectriques et basses temp\u00e9ratures,<\/li>\n<li>la remise en \u00e9tat de la vanne de purge,<\/li>\n<li>le d\u00e9pannage et la r\u00e9paration sur tous types de pannes : fuite de tuyauterie, radiateur qui ne chauffe plus, chaudi\u00e8re, etc.<\/li>\n<li>la pose de : radiateur \u00e9lectrique, plancher chauffant, pompe \u00e0 chaleur, chauffage, chaudi\u00e8re, etc.<\/li>\n<\/ul>\n<h2>Foire aux questions<\/h2>\n<h3>Pourquoi avoir recours \u00e0 un chauffagiste Sierrois ?<\/h3>\n<ul>\n<li>Maintenant la bonne temp\u00e9rature ambiante de vos pi\u00e8ces : un syst\u00e8me de chauffage bien param\u00e9tr\u00e9 maintient la temp\u00e9rature de votre foyer.<\/li>\n<li>Faire des \u00e9conomies : en investissant dans des \u00e9quipements de qualit\u00e9, par exemple l&rsquo;isolation et le chauffage, vous r\u00e9alisez des \u00e9conomies et diminuer vos \u00e9missions carbones.<\/li>\n<li>Garantir la s\u00fbret\u00e9 de votre chauffage : un bon syst\u00e8me de chauffage permet de r\u00e9pondre aux normes de s\u00e9curit\u00e9 en vigueur (par exemple, pour r\u00e9duire les \u00e9missions de monoxyde de carbone).<\/li>\n<li>Pr\u00e9voir les probl\u00e8mes : un technicien chauffagiste pourra anticiper les d\u00e9g\u00e2ts des eaux, juste en regardant votre installation.<\/li>\n<\/ul>\n<h3>Quels sont les \u00e9l\u00e9ments \u00e0 prendre en compte pour choisir le bon chauffagiste \u00e0 Sierre ?<\/h3>\n<ul>\n<li>La qualification : contr\u00f4lez les certifications qui montrent que l\u2019entreprise \u00e0 une exp\u00e9rience dans son domaine.<\/li>\n<li>Les avis clients : n&rsquo;h\u00e9sitez pas \u00e0 regarder les t\u00e9moignages des clients ayant d\u00e9j\u00e0 fait appel \u00e0 la soci\u00e9t\u00e9 de mani\u00e8re \u00e0 vous faire une id\u00e9e.<\/li>\n<li>Les assurances : contr\u00f4lez que les techniciens chauffagistes sont assur\u00e9s en cas de casses.<\/li>\n<\/ul>\n<h3>\u00c0 quelle rapidit\u00e9 votre entreprise intervient dans un foyer Sierrois ?<\/h3>\n<p>Nous intervenons chez vous dans la journ\u00e9e (pour les demandes urgentes) autrement, nous pouvons intervenir dans la semaine.<\/p>\n<h3>Votre soci\u00e9t\u00e9 est disponible pour intervenir \u00e0 Sierre, mais aussi dans les villes aux alentours ?<\/h3>\n<p>Oui, nous intervenons \u00e0 Sierre et dans les villes aux alentours, comme : Argnou (Ayent), Blignou (Ayent), Botyre (Ayent), Fortunau (Ayent), La Place (Ayent), Luc (Ayent), Saxonne (Ayent), Sign\u00e8se (Ayent), St-Romain (Ayent), Villa (Ayent), Anz\u00e8re, Icogne, Lens, Corin-de-la-Cr\u00eate, Loc, Muraz (Sierre), Niouc, Ayer, Chandolin, Grimentz, St-Jean VS, St-Luc, Vissoie, Zinal, Aminona, Crans-Montana, Montana, Chippis, Chalais, R\u00e9chy, Vercorin, Veyras, Chermignon, Chermignon-d'en-Bas, Ollon VS, Mi\u00e8ge, Venth\u00f4ne, Mollens VS, Randogne, Champzab\u00e9, No\u00ebs, Granges VS, Flanthey, Gr\u00f4ne.<\/p>\n","protected":false},"excerpt":{"rendered":"<p>Besoin d&rsquo;un chauffagiste \u00e0 Sierre ? Artisanlocal installe, entretien et r\u00e9pare votre chaudi\u00e8re \u00e0 Sierre. Si vous travaillez avec notre entreprise, vous b\u00e9n\u00e9ficiez : d&rsquo;un tarif transparent, de prestations de qualit\u00e9 sup\u00e9rieure, d&rsquo;intervention en urgence \u00e0 Sierre et dans les villes proches, d&rsquo;une \u00e9quipe exp\u00e9riment\u00e9e, de devis gratuit et sans frais, de techniciens accessibles du [&hellip;]<\/p>\n","protected":false},"author":4,"featured_media":2757,"parent":0,"menu_order":0,"comment_status":"closed","ping_status":"closed","template":"","meta":{"footnotes":""},"profession":[120],"location":[44],"canton":[110],"class_list":["post-699","page","type-page","status-publish","has-post-thumbnail","hentry","profession-chauffagiste","location-sierre","canton-vs"],"yoast_head":"<!-- This site is optimized with the Yoast SEO Premium plugin v25.7.1 (Yoast SEO v27.4) - https:\/\/yoast.com\/product\/yoast-seo-premium-wordpress\/ -->\n<title>Chauffagiste \u00e0 Sierre - Artisanlocal<\/title>\n<meta name=\"robots\" content=\"index, follow, max-snippet:-1, max-image-preview:large, max-video-preview:-1\" \/>\n<link rel=\"canonical\" href=\"https:\/\/www.artisanlocal.ch\/c\/chauffagiste-a-sierre\/\" \/>\n<meta property=\"og:locale\" content=\"fr_FR\" \/>\n<meta property=\"og:type\" content=\"article\" \/>\n<meta property=\"og:title\" content=\"Chauffagiste \u00e0 Sierre\" \/>\n<meta property=\"og:description\" content=\"Besoin d&rsquo;un chauffagiste \u00e0 Sierre ? Artisanlocal installe, entretien et r\u00e9pare votre chaudi\u00e8re \u00e0 Sierre. Si vous travaillez avec notre entreprise, vous b\u00e9n\u00e9ficiez : d&rsquo;un tarif transparent, de prestations de qualit\u00e9 sup\u00e9rieure, d&rsquo;intervention en urgence \u00e0 Sierre et dans les villes proches, d&rsquo;une \u00e9quipe exp\u00e9riment\u00e9e, de devis gratuit et sans frais, de techniciens accessibles du [&hellip;]\" \/>\n<meta property=\"og:url\" content=\"https:\/\/www.artisanlocal.ch\/c\/chauffagiste-a-sierre\/\" \/>\n<meta property=\"og:site_name\" content=\"Artisanlocal\" \/>\n<meta property=\"article:modified_time\" content=\"2025-09-04T14:15:49+00:00\" \/>\n<meta property=\"og:image\" content=\"https:\/\/www.artisanlocal.ch\/c\/wp-content\/uploads\/2024\/10\/chauffagiste.jpg\" \/>\n\t<meta property=\"og:image:width\" content=\"1920\" \/>\n\t<meta property=\"og:image:height\" content=\"300\" \/>\n\t<meta property=\"og:image:type\" content=\"image\/jpeg\" \/>\n<meta name=\"twitter:card\" content=\"summary_large_image\" \/>\n<meta name=\"twitter:label1\" content=\"Dur\u00e9e de lecture estim\u00e9e\" \/>\n\t<meta name=\"twitter:data1\" content=\"6 minutes\" \/>\n<script type=\"application\/ld+json\" class=\"yoast-schema-graph\">{\"@context\":\"https:\\\/\\\/schema.org\",\"@graph\":[{\"@type\":\"WebPage\",\"@id\":\"https:\\\/\\\/www.artisanlocal.ch\\\/c\\\/chauffagiste-a-sierre\\\/\",\"url\":\"https:\\\/\\\/www.artisanlocal.ch\\\/c\\\/chauffagiste-a-sierre\\\/\",\"name\":\"Chauffagiste \u00e0 Sierre - Artisanlocal\",\"isPartOf\":{\"@id\":\"https:\\\/\\\/www.artisanlocal.ch\\\/c\\\/#website\"},\"primaryImageOfPage\":{\"@id\":\"https:\\\/\\\/www.artisanlocal.ch\\\/c\\\/chauffagiste-a-sierre\\\/#primaryimage\"},\"image\":{\"@id\":\"https:\\\/\\\/www.artisanlocal.ch\\\/c\\\/chauffagiste-a-sierre\\\/#primaryimage\"},\"thumbnailUrl\":\"https:\\\/\\\/www.artisanlocal.ch\\\/c\\\/wp-content\\\/uploads\\\/2024\\\/10\\\/chauffagiste.jpg\",\"datePublished\":\"2024-04-19T00:42:50+00:00\",\"dateModified\":\"2025-09-04T14:15:49+00:00\",\"breadcrumb\":{\"@id\":\"https:\\\/\\\/www.artisanlocal.ch\\\/c\\\/chauffagiste-a-sierre\\\/#breadcrumb\"},\"inLanguage\":\"fr-FR\",\"potentialAction\":[{\"@type\":\"ReadAction\",\"target\":[\"https:\\\/\\\/www.artisanlocal.ch\\\/c\\\/chauffagiste-a-sierre\\\/\"]}]},{\"@type\":\"ImageObject\",\"inLanguage\":\"fr-FR\",\"@id\":\"https:\\\/\\\/www.artisanlocal.ch\\\/c\\\/chauffagiste-a-sierre\\\/#primaryimage\",\"url\":\"https:\\\/\\\/www.artisanlocal.ch\\\/c\\\/wp-content\\\/uploads\\\/2024\\\/10\\\/chauffagiste.jpg\",\"contentUrl\":\"https:\\\/\\\/www.artisanlocal.ch\\\/c\\\/wp-content\\\/uploads\\\/2024\\\/10\\\/chauffagiste.jpg\",\"width\":1920,\"height\":300},{\"@type\":\"BreadcrumbList\",\"@id\":\"https:\\\/\\\/www.artisanlocal.ch\\\/c\\\/chauffagiste-a-sierre\\\/#breadcrumb\",\"itemListElement\":[{\"@type\":\"ListItem\",\"position\":1,\"name\":\"Accueil\",\"item\":\"https:\\\/\\\/www.artisanlocal.ch\\\/c\\\/\"},{\"@type\":\"ListItem\",\"position\":2,\"name\":\"Chauffagiste \u00e0 Sierre\"}]},{\"@type\":\"WebSite\",\"@id\":\"https:\\\/\\\/www.artisanlocal.ch\\\/c\\\/#website\",\"url\":\"https:\\\/\\\/www.artisanlocal.ch\\\/c\\\/\",\"name\":\"Artisanlocal\",\"description\":\"\",\"publisher\":{\"@id\":\"https:\\\/\\\/www.artisanlocal.ch\\\/c\\\/#organization\"},\"potentialAction\":[{\"@type\":\"SearchAction\",\"target\":{\"@type\":\"EntryPoint\",\"urlTemplate\":\"https:\\\/\\\/www.artisanlocal.ch\\\/c\\\/?s={search_term_string}\"},\"query-input\":{\"@type\":\"PropertyValueSpecification\",\"valueRequired\":true,\"valueName\":\"search_term_string\"}}],\"inLanguage\":\"fr-FR\"},{\"@type\":\"Organization\",\"@id\":\"https:\\\/\\\/www.artisanlocal.ch\\\/c\\\/#organization\",\"name\":\"Artisanlocal\",\"url\":\"https:\\\/\\\/www.artisanlocal.ch\\\/c\\\/\",\"logo\":{\"@type\":\"ImageObject\",\"inLanguage\":\"fr-FR\",\"@id\":\"https:\\\/\\\/www.artisanlocal.ch\\\/c\\\/#\\\/schema\\\/logo\\\/image\\\/\",\"url\":\"https:\\\/\\\/www.artisanlocal.ch\\\/c\\\/wp-content\\\/uploads\\\/2024\\\/02\\\/logo-artisanlocal-h.svg\",\"contentUrl\":\"https:\\\/\\\/www.artisanlocal.ch\\\/c\\\/wp-content\\\/uploads\\\/2024\\\/02\\\/logo-artisanlocal-h.svg\",\"caption\":\"Artisanlocal\"},\"image\":{\"@id\":\"https:\\\/\\\/www.artisanlocal.ch\\\/c\\\/#\\\/schema\\\/logo\\\/image\\\/\"}}]}<\/script>\n<!-- \/ Yoast SEO Premium plugin. -->","yoast_head_json":{"title":"Chauffagiste \u00e0 Sierre - Artisanlocal","robots":{"index":"index","follow":"follow","max-snippet":"max-snippet:-1","max-image-preview":"max-image-preview:large","max-video-preview":"max-video-preview:-1"},"canonical":"https:\/\/www.artisanlocal.ch\/c\/chauffagiste-a-sierre\/","og_locale":"fr_FR","og_type":"article","og_title":"Chauffagiste \u00e0 Sierre","og_description":"Besoin d&rsquo;un chauffagiste \u00e0 Sierre ? Artisanlocal installe, entretien et r\u00e9pare votre chaudi\u00e8re \u00e0 Sierre. Si vous travaillez avec notre entreprise, vous b\u00e9n\u00e9ficiez : d&rsquo;un tarif transparent, de prestations de qualit\u00e9 sup\u00e9rieure, d&rsquo;intervention en urgence \u00e0 Sierre et dans les villes proches, d&rsquo;une \u00e9quipe exp\u00e9riment\u00e9e, de devis gratuit et sans frais, de techniciens accessibles du [&hellip;]","og_url":"https:\/\/www.artisanlocal.ch\/c\/chauffagiste-a-sierre\/","og_site_name":"Artisanlocal","article_modified_time":"2025-09-04T14:15:49+00:00","og_image":[{"width":1920,"height":300,"url":"https:\/\/www.artisanlocal.ch\/c\/wp-content\/uploads\/2024\/10\/chauffagiste.jpg","type":"image\/jpeg"}],"twitter_card":"summary_large_image","twitter_misc":{"Dur\u00e9e de lecture estim\u00e9e":"6 minutes"},"schema":{"@context":"https:\/\/schema.org","@graph":[{"@type":"WebPage","@id":"https:\/\/www.artisanlocal.ch\/c\/chauffagiste-a-sierre\/","url":"https:\/\/www.artisanlocal.ch\/c\/chauffagiste-a-sierre\/","name":"Chauffagiste \u00e0 Sierre - Artisanlocal","isPartOf":{"@id":"https:\/\/www.artisanlocal.ch\/c\/#website"},"primaryImageOfPage":{"@id":"https:\/\/www.artisanlocal.ch\/c\/chauffagiste-a-sierre\/#primaryimage"},"image":{"@id":"https:\/\/www.artisanlocal.ch\/c\/chauffagiste-a-sierre\/#primaryimage"},"thumbnailUrl":"https:\/\/www.artisanlocal.ch\/c\/wp-content\/uploads\/2024\/10\/chauffagiste.jpg","datePublished":"2024-04-19T00:42:50+00:00","dateModified":"2025-09-04T14:15:49+00:00","breadcrumb":{"@id":"https:\/\/www.artisanlocal.ch\/c\/chauffagiste-a-sierre\/#breadcrumb"},"inLanguage":"fr-FR","potentialAction":[{"@type":"ReadAction","target":["https:\/\/www.artisanlocal.ch\/c\/chauffagiste-a-sierre\/"]}]},{"@type":"ImageObject","inLanguage":"fr-FR","@id":"https:\/\/www.artisanlocal.ch\/c\/chauffagiste-a-sierre\/#primaryimage","url":"https:\/\/www.artisanlocal.ch\/c\/wp-content\/uploads\/2024\/10\/chauffagiste.jpg","contentUrl":"https:\/\/www.artisanlocal.ch\/c\/wp-content\/uploads\/2024\/10\/chauffagiste.jpg","width":1920,"height":300},{"@type":"BreadcrumbList","@id":"https:\/\/www.artisanlocal.ch\/c\/chauffagiste-a-sierre\/#breadcrumb","itemListElement":[{"@type":"ListItem","position":1,"name":"Accueil","item":"https:\/\/www.artisanlocal.ch\/c\/"},{"@type":"ListItem","position":2,"name":"Chauffagiste \u00e0 Sierre"}]},{"@type":"WebSite","@id":"https:\/\/www.artisanlocal.ch\/c\/#website","url":"https:\/\/www.artisanlocal.ch\/c\/","name":"Artisanlocal","description":"","publisher":{"@id":"https:\/\/www.artisanlocal.ch\/c\/#organization"},"potentialAction":[{"@type":"SearchAction","target":{"@type":"EntryPoint","urlTemplate":"https:\/\/www.artisanlocal.ch\/c\/?s={search_term_string}"},"query-input":{"@type":"PropertyValueSpecification","valueRequired":true,"valueName":"search_term_string"}}],"inLanguage":"fr-FR"},{"@type":"Organization","@id":"https:\/\/www.artisanlocal.ch\/c\/#organization","name":"Artisanlocal","url":"https:\/\/www.artisanlocal.ch\/c\/","logo":{"@type":"ImageObject","inLanguage":"fr-FR","@id":"https:\/\/www.artisanlocal.ch\/c\/#\/schema\/logo\/image\/","url":"https:\/\/www.artisanlocal.ch\/c\/wp-content\/uploads\/2024\/02\/logo-artisanlocal-h.svg","contentUrl":"https:\/\/www.artisanlocal.ch\/c\/wp-content\/uploads\/2024\/02\/logo-artisanlocal-h.svg","caption":"Artisanlocal"},"image":{"@id":"https:\/\/www.artisanlocal.ch\/c\/#\/schema\/logo\/image\/"}}]}},"_links":{"self":[{"href":"https:\/\/www.artisanlocal.ch\/c\/wp-json\/wp\/v2\/pages\/699","targetHints":{"allow":["GET"]}}],"collection":[{"href":"https:\/\/www.artisanlocal.ch\/c\/wp-json\/wp\/v2\/pages"}],"about":[{"href":"https:\/\/www.artisanlocal.ch\/c\/wp-json\/wp\/v2\/types\/page"}],"author":[{"embeddable":true,"href":"https:\/\/www.artisanlocal.ch\/c\/wp-json\/wp\/v2\/users\/4"}],"replies":[{"embeddable":true,"href":"https:\/\/www.artisanlocal.ch\/c\/wp-json\/wp\/v2\/comments?post=699"}],"version-history":[{"count":0,"href":"https:\/\/www.artisanlocal.ch\/c\/wp-json\/wp\/v2\/pages\/699\/revisions"}],"wp:featuredmedia":[{"embeddable":true,"href":"https:\/\/www.artisanlocal.ch\/c\/wp-json\/wp\/v2\/media\/2757"}],"wp:attachment":[{"href":"https:\/\/www.artisanlocal.ch\/c\/wp-json\/wp\/v2\/media?parent=699"}],"wp:term":[{"taxonomy":"profession","embeddable":true,"href":"https:\/\/www.artisanlocal.ch\/c\/wp-json\/wp\/v2\/profession?post=699"},{"taxonomy":"location","embeddable":true,"href":"https:\/\/www.artisanlocal.ch\/c\/wp-json\/wp\/v2\/location?post=699"},{"taxonomy":"canton","embeddable":true,"href":"https:\/\/www.artisanlocal.ch\/c\/wp-json\/wp\/v2\/canton?post=699"}],"curies":[{"name":"wp","href":"https:\/\/api.w.org\/{rel}","templated":true}]}}