{"id":700,"date":"2024-04-19T03:47:49","date_gmt":"2024-04-19T01:47:49","guid":{"rendered":"https:\/\/www.artisanlocal.ch\/c\/chauffagiste-dans-le-canton-de-fribourg\/"},"modified":"2025-11-06T12:33:40","modified_gmt":"2025-11-06T11:33:40","slug":"chauffagiste-dans-le-canton-de-fribourg","status":"publish","type":"page","link":"https:\/\/www.artisanlocal.ch\/c\/chauffagiste-dans-le-canton-de-fribourg\/","title":{"rendered":"Chauffagiste dans le canton de Fribourg ?"},"content":{"rendered":"<p>Vous avez besoin d&rsquo;un sp\u00e9cialiste du chauffage dans le canton de Fribourg ? Artisanlocal r\u00e9nove votre chaudi\u00e8re et r\u00e9alise vos travaux de chauffage dans le canton de Fribourg. En optant de travailler avec notre entreprise, vous profitez :<\/p>\n<ul>\n<li>d&rsquo;une tarification claire,<\/li>\n<li>de prestations haut de gamme,<\/li>\n<li>de prestation \u00e0 Fribourg et dans les municipalit\u00e9s proches,<\/li>\n<li>des chauffagistes avec de l&rsquo;exp\u00e9rience,<\/li>\n<li>d&rsquo;estimations gratuites,<\/li>\n<li>de chauffagistes disponibles du lundi au samedi pour r\u00e9pondre \u00e0 toutes vos questions.<\/li>\n<\/ul>\n<h2>Pourquoi choisir notre soci\u00e9t\u00e9 ?<\/h2>\n<p>\u00c9valuation instantan\u00e9e de votre projet : une fois que vous avez rempli le formulaire, notre chauffagiste dans le canton de Fribourg vous appelle dans la journ\u00e9e.<\/p>\n<p>Intervention chez vous dans la journ\u00e9e : le jour m\u00eame, le technicien chauffagiste dans le canton de Fribourg peut se d\u00e9placer \u00e0 votre domicile pour \u00e9valuer le montant de votre projet. Vous obtiendrez un devis et vous pouvez nous poser toutes vos demandes.<\/p>\n<p>Mise en place de votre syst\u00e8me de chauffage dans les 24\/48 heures : une fois que vous avez valid\u00e9 le devis avec notre technicien dans le canton de Fribourg. Nous planifierons avec vous le jour d&rsquo;installation ou de r\u00e9paration de votre chauffage.<\/p>\n<p>Assistance technique et de maintenance : en cas de panne de votre syst\u00e8me de chauffage, chaudi\u00e8re ou chauffe-eau. Notre \u00e9quipe peut op\u00e9rer dans le canton de Fribourg et ses alentours.<\/p>\n<h2>Pourquoi est-il indispensable de d\u00e9panner votre syst\u00e8me de chauffage ?<\/h2>\n<p>Avoir un chauffage qui fonctionne est essentiel, surtout dans les foyers avec de jeunes enfants. Notre entreprise vous assiste \u00e0 d\u00e9finir la temp\u00e9rature id\u00e9ale et contr\u00f4le la concentration de monoxyde de carbone cr\u00e9\u00e9 par votre chauffage. Peu importe le type de votre chauffage, nos chauffagistes assurent l&rsquo;entretien et la maintenance, de votre chauffage : \u00e0 accumulation, basse temp\u00e9rature, \u00e9lectrique, fioul, condensation ou \u00e0 gaz.<\/p>\n<h2>Est-il possible que votre entreprise m&rsquo;aide \u00e0 distance ?<\/h2>\n<p>Oui, la soci\u00e9t\u00e9 Artisanlocal peut vous aider \u00e0 distance. En nous d\u00e9crivant votre probl\u00e9matique par mail ou t\u00e9l\u00e9phone, nous trouverons la bonne solution pour r\u00e9gler votre probl\u00e8me. Cependant, dans de nombreux cas, un expert doit venir dans votre foyer.<\/p>\n<h2>De quelle mani\u00e8re fonctionne Artisanlocal ?<\/h2>\n<ol>\n<li>Premi\u00e8re prise de contact : Il est n\u00e9cessaire de nous joindre par t\u00e9l\u00e9phone ou par message.<\/li>\n<li>D\u00e9placement : un de nos techniciens se d\u00e9place \u00e0 votre logement.<\/li>\n<li>Estimation : le chauffagiste estimera votre situation actuelle afin de calculer le volume de vos pi\u00e8ces, et prendre en compte l&rsquo;isolation existante et la superficie totale.<\/li>\n<li>Indication : nous vous guiderons pour s\u00e9lectionner le meilleur chauffage pour vous, nous prenons en compte l&rsquo;efficacit\u00e9 et la rentabilit\u00e9 que vous souhaitez avoir.<\/li>\n<li>Estimation : vous recevez un devis d\u00e9taill\u00e9, vous pr\u00e9sentant les diff\u00e9rentes d\u00e9penses.<\/li>\n<li>Installation : apr\u00e8s avoir accept\u00e9 notre estimation et en fonction de vos disponibilit\u00e9s, nous posons votre syst\u00e8me de chauffage, et ajustons votre thermostat.<\/li>\n<\/ol>\n<h2>Quels sont les meilleurs types de chauffages pour votre maison ?<\/h2>\n<p>Le technicien qui se d\u00e9place dans votre foyer, vous conseille pour choisir le syst\u00e8me de chauffage le plus adapt\u00e9, parmi les \u00e9quipements chauffages : \u00e0 gaz, \u00e9lectriques, fioul, classiques, basses temp\u00e9ratures ou \u00e0 condensation.<\/p>\n<p>Les chauffages \u00e0 basses temp\u00e9ratures ou \u00e0 condensation valent plus cher \u00e0 l&rsquo;achat, mais ils permettent de r\u00e9aliser des \u00e9conomies sur la dur\u00e9e.<\/p>\n<p>Par ailleurs, avant de poser votre chauffage, il convient de param\u00e9trer votre thermostat en fonction de votre logement et vos d\u00e9sirs. Le chauffagiste qui vient dans votre foyer est un professionnel avec une solide exp\u00e9rience. Dans le devis, vous retrouvez les d\u00e9tails de notre intervention, tel que le montant des \u00e9quipements et de la main-d&rsquo;\u0153uvre.<\/p>\n<h2>Service d&rsquo;entretien pour votre chauffage dans le canton de Fribourg<\/h2>\n<p>Assurez-vous de r\u00e9aliser la maintenance de votre chauffage tous les ans, qu&rsquo;il soit au gaz ou au fioul. Faire appel \u00e0 un technicien pour l&rsquo;entretien de votre chauffage permet de contr\u00f4ler les \u00e9missions de monoxyde de carbone. Il convient de savoir, si votre chauffage fabrique trop de monoxyde de carbone, il est probable de vous intoxiquer. En intervenant chez vous, le technicien r\u00e8gle et v\u00e9rifie les \u00e9missions de monoxyde de carbone de votre syst\u00e8me de chauffage afin de vous \u00e9viter d&rsquo;avoir des probl\u00e8mes de sant\u00e9.<\/p>\n<h2>Programme de maintenance pour votre chauffage dans le canton de Fribourg<\/h2>\n<p>Nous proposons des contrats d\u2019entretiens pour votre chauffage dans le but d&rsquo;en garantir le fonctionnement optimal. En r\u00e9alisant un entretien r\u00e9gulier, vous r\u00e9alisez des \u00e9conomies sur le long terme.<\/p>\n<p>Aussi, si vous avez un probl\u00e8me avec votre chauffage, votre assureur r\u00e9clame le contrat d&rsquo;entretien afin de v\u00e9rifier l&rsquo;\u00e9tat g\u00e9n\u00e9ral de votre chauffage pr\u00e9alablement au sinistre. Vous avez le choix de signer avec Artisanlocal un contrat d&rsquo;entretien pluriannuel ou annuel.<\/p>\n<h2>Quels sont les avantages de souscrire \u00e0 un contrat d\u2019entretien pour votre chauffage ?<\/h2>\n<p>En cas de pi\u00e8ces d\u00e9fectueuses, nous assurons le remplacement imm\u00e9diat. D&rsquo;autre part, nous prenons l&rsquo;engagement d&rsquo;inspecter l&rsquo;ensemble des \u00e9quipements de votre chauffage, comme :<\/p>\n<ul>\n<li>Les niveaux de pression de vos tuyaux,<\/li>\n<li>l&rsquo;entretien des conduits de raccordement, et des parties chauffantes.<\/li>\n<\/ul>\n<h2>Quels sont les diff\u00e9rents services propos\u00e9s par votre soci\u00e9t\u00e9 ?<\/h2>\n<p>Nos experts op\u00e8rent dans votre logement, pour :<\/p>\n<ul>\n<li>le d\u00e9tartrage et le d\u00e9sembouage de radiateur,<\/li>\n<li>la purge d&rsquo;air,<\/li>\n<li>l\u2019entretien de votre chauffage, chaudi\u00e8re et chauffe-eau,<\/li>\n<li>l&rsquo;ajustement des thermostats,<\/li>\n<li>l&rsquo;entretien des chaudi\u00e8res \u00e0 condensation, \u00e0 gaz, basses temp\u00e9ratures, \u00e0 fioul, \u00e0 accumulation et \u00e9lectriques,<\/li>\n<li>la r\u00e9paration de la vanne de vidange,<\/li>\n<li>le d\u00e9pannage et la r\u00e9paration sur tous types de pannes : de votre chaudi\u00e8re, radiateur qui ne chauffe plus, fuite de canalisation, etc.<\/li>\n<li>l\u2019installation de votre : radiateur \u00e9lectrique, plancher chauffant, pompe \u00e0 chaleur, chaudi\u00e8re, chauffage, etc.<\/li>\n<\/ul>\n<h2>R\u00e9ponses aux questions fr\u00e9quentes<\/h2>\n<h3>Pourquoi engager un chauffagiste dans le canton de Fribourg ?<\/h3>\n<p>Accro\u00eetre votre confort thermique : un chauffage efficace permet de conserver une temp\u00e9rature stable dans votre maison.<\/p>\n<p>Faire des \u00e9conomies : en s\u00e9lectionnant des mat\u00e9riaux de qualit\u00e9, tels que l&rsquo;isolation et le chauffage, vous r\u00e9duisez vos \u00e9missions de CO2 et vous r\u00e9alisez des \u00e9conomies.<\/p>\n<p>Renforcer la s\u00e9curit\u00e9 de vos installations : un syst\u00e8me de chauffage performant permet de r\u00e9pondre aux r\u00e8gles de s\u00e9curit\u00e9 actuelles (par exemple, pour r\u00e9duire les taux de monoxyde de carbone).<\/p>\n<p>Anticiper les incidents : en examinant votre chauffage, un de nos experts peut pr\u00e9voir les futurs probl\u00e8mes.<\/p>\n<h3>Comment choisir le meilleur chauffagiste dans le canton de Fribourg ?<\/h3>\n<p>Les comp\u00e9tences : contr\u00f4lez les comp\u00e9tences avant de s\u00e9lectionner la soci\u00e9t\u00e9 de chauffage.<\/p>\n<p>Les r\u00e9f\u00e9rences : n&rsquo;h\u00e9sitez pas \u00e0 examiner les t\u00e9moignages des anciens clients ayant d\u00e9j\u00e0 sollicit\u00e9 la soci\u00e9t\u00e9 de fa\u00e7on \u00e0 vous faire une opinion.<\/p>\n<p>Les assurances : assurez-vous que l&rsquo;entreprise de chauffage b\u00e9n\u00e9ficie d&rsquo;une assurance qui couvre les possibles d\u00e9g\u00e2ts caus\u00e9s lors de ses op\u00e9rations.<\/p>\n<h3>Quelle est votre rapidit\u00e9 d&rsquo;intervention dans le canton de Fribourg ?<\/h3>\n<p>Nous op\u00e9rons \u00e0 votre domicile dans les deux heures (pour les situations d&rsquo;urgence) autrement, nous pouvons intervenir au cours de la journ\u00e9e.<\/p>\n<h3>Intervenez-vous dans le canton de Fribourg et aux alentours ?<\/h3>\n<p>Oui, nous intervenons dans le canton de Fribourg et dans les localit\u00e9s, comme : Maules, S\u00e2les (Gruy\u00e8re), Romanens, Rueyres-Treyfayes, Treyfayes, Vaulruz, Vuadens, Bulle, Riaz, Marsens, Vuippens, La Roche FR, La Tour-de-Tr\u00eame, Broc, Charmey (Gruy\u00e8re), Morlon, Sorens, Gumefens, Avry-devant-Pont, Le Bry, Echarlens, Corbi\u00e8res, Hauteville, Pont-la-Ville, Villarvolard, Botterens, Villarbeney, Ch\u00e2tel-sur-Montsalvens, Cr\u00e9suz, Im Fang, Jaun, Abl\u00e4ndschen, Le P\u00e2quier-Montbarry, Epagny, Gruy\u00e8res, Mol\u00e9son-sur-Gruy\u00e8res, Pringy, Estavannens, Grandvillard, Villars-sous-Mont, Enney, Albeuve, Lessoc, Montbovon, Neirivue, Les Sciernes-d'Albeuve, Besencens, Fiaug\u00e8res, St-Martin FR, Granges (Veveyse), Bossonnens, Attalens, Tatroz, Remaufens, Ch\u00e2tel-St-Denis, Les Paccots, Semsales, Grattavache, La Verrerie, Progens, Bouloz, Pont (Veveyse), Porsel, Bionnens, Esmonts, Ursy, Auboranges, Ecublens FR, Gillarens, Promasens, Rue, Montet (Gl\u00e2ne), Morlens, Vuarmarens, Blessens, Mossel, Vauderens, Chavannes-les-Forts, Prez-vers-Siviriez, Siviriez, Villaraboud, Berlens, Romont FR, Billens, Hennens, M\u00e9zi\u00e8res FR, Villariaz, Grangettes-pr\u00e8s-Romont, La Neirigue, Est\u00e9venens, La Magne, Vuisternens-devant-Romont, Lieffrens, Sommentier, Le Ch\u00e2telard-pr\u00e8s-Romont, Villaz-St-Pierre, Lussy FR, Villarimboud, Massonnens, Chavannes-sous-Orsonnens, Orsonnens, Villargiroud, Villarsiviriaux, La Joux FR, Les Ecasseys, Torny-le-Grand, Tafers, St. Antoni, Heitenried, Alterswil FR, Oberschrot, Plaffeien, Schwarzsee, St. Ursen, Rechthalten, Br\u00fcnisried, Zumholz, Tentlingen, Giffers, St. Silvester, Plasselb, Flamatt, B\u00f6singen, Ueberstorf, W\u00fcnnewil, Schmitten FR, D\u00fcdingen, Sangernboden, Courtepin, Cournillens, Wallenried, Cressier FR, Courtaman, Cordast, Guschelmuth, Jeuss, Salvenach, Courlevon, Courgevaux, M\u00fcnchenwiler, Kerzers, Gurmels, Kleinb\u00f6singen, Ulmiz, Gempenach, Ried b. Kerzers, Greng, Meyriez, Murten, Fr\u00e4schels, Galmiz, Muntelier, Estavayer-le-Gibloux, Rueyres-St-Laurent, Villarlod, Villarsel-le-Gibloux, Vuisternens-en-Ogoz, Ch\u00e9sopelloz, Corminboeuf, Bourguillon, Marly, Pierrafortscha, Villarsel-sur-Marly, Ferpicloz, Bonnefontaine, Essert FR, Le Mouret, Mont\u00e9vraz, Oberried FR, Z\u00e9nauva, Sen\u00e8des, Posieux, Farvagny-le-Grand, Farvagny-le-Petit, Grenilles, Posat, Corpataux, Magnedens, Rossens FR, Ecuvillens, Ependes FR, Arconciel, Treyvaux, Neyruz FR, Cottens FR, Autigny, Ch\u00e9nens, Lentigny, Prez-vers-Nor\u00e9az, Corserey, Villars-sur-Gl\u00e2ne, Matran, Avry-sur-Matran, Corjolens, Lovens, Onnens FR, Nor\u00e9az, Givisiez, Granges-Paccot, Grolley, Nierlet-les-Bois, Ponthaux, Autafond, Belfaux, Cormagens, Formangueires, La Corbaz, Lossy, Pensier, Barber\u00eache, Fribourg.<\/p>\n","protected":false},"excerpt":{"rendered":"<p>Vous avez besoin d&rsquo;un sp\u00e9cialiste du chauffage dans le canton de Fribourg ? Artisanlocal r\u00e9nove votre chaudi\u00e8re et r\u00e9alise vos travaux de chauffage dans le canton de Fribourg. En optant de travailler avec notre entreprise, vous profitez : d&rsquo;une tarification claire, de prestations haut de gamme, de prestation \u00e0 Fribourg et dans les municipalit\u00e9s proches, [&hellip;]<\/p>\n","protected":false},"author":4,"featured_media":2757,"parent":0,"menu_order":0,"comment_status":"closed","ping_status":"closed","template":"wp-custom-template-page-canton","meta":{"footnotes":""},"profession":[120],"location":[],"canton":[109],"class_list":["post-700","page","type-page","status-publish","has-post-thumbnail","hentry","profession-chauffagiste","canton-fr"],"yoast_head":"<!-- This site is optimized with the Yoast SEO Premium plugin v25.7.1 (Yoast SEO v27.3) - https:\/\/yoast.com\/product\/yoast-seo-premium-wordpress\/ -->\n<title>Chauffagiste dans le canton de Fribourg ? - Artisanlocal<\/title>\n<meta name=\"robots\" content=\"index, follow, max-snippet:-1, max-image-preview:large, max-video-preview:-1\" \/>\n<link rel=\"canonical\" href=\"https:\/\/www.artisanlocal.ch\/c\/chauffagiste-dans-le-canton-de-fribourg\/\" \/>\n<meta property=\"og:locale\" content=\"fr_FR\" \/>\n<meta property=\"og:type\" content=\"article\" \/>\n<meta property=\"og:title\" content=\"Chauffagiste dans le canton de Fribourg ?\" \/>\n<meta property=\"og:description\" content=\"Vous avez besoin d&rsquo;un sp\u00e9cialiste du chauffage dans le canton de Fribourg ? Artisanlocal r\u00e9nove votre chaudi\u00e8re et r\u00e9alise vos travaux de chauffage dans le canton de Fribourg. En optant de travailler avec notre entreprise, vous profitez : d&rsquo;une tarification claire, de prestations haut de gamme, de prestation \u00e0 Fribourg et dans les municipalit\u00e9s proches, [&hellip;]\" \/>\n<meta property=\"og:url\" content=\"https:\/\/www.artisanlocal.ch\/c\/chauffagiste-dans-le-canton-de-fribourg\/\" \/>\n<meta property=\"og:site_name\" content=\"Artisanlocal\" \/>\n<meta property=\"article:modified_time\" content=\"2025-11-06T11:33:40+00:00\" \/>\n<meta property=\"og:image\" content=\"https:\/\/www.artisanlocal.ch\/c\/wp-content\/uploads\/2024\/10\/chauffagiste.jpg\" \/>\n\t<meta property=\"og:image:width\" content=\"1920\" \/>\n\t<meta property=\"og:image:height\" content=\"300\" \/>\n\t<meta property=\"og:image:type\" content=\"image\/jpeg\" \/>\n<meta name=\"twitter:card\" content=\"summary_large_image\" \/>\n<meta name=\"twitter:label1\" content=\"Dur\u00e9e de lecture estim\u00e9e\" \/>\n\t<meta name=\"twitter:data1\" content=\"6 minutes\" \/>\n<script type=\"application\/ld+json\" class=\"yoast-schema-graph\">{\"@context\":\"https:\\\/\\\/schema.org\",\"@graph\":[{\"@type\":\"WebPage\",\"@id\":\"https:\\\/\\\/www.artisanlocal.ch\\\/c\\\/chauffagiste-dans-le-canton-de-fribourg\\\/\",\"url\":\"https:\\\/\\\/www.artisanlocal.ch\\\/c\\\/chauffagiste-dans-le-canton-de-fribourg\\\/\",\"name\":\"Chauffagiste dans le canton de Fribourg ? - Artisanlocal\",\"isPartOf\":{\"@id\":\"https:\\\/\\\/www.artisanlocal.ch\\\/c\\\/#website\"},\"primaryImageOfPage\":{\"@id\":\"https:\\\/\\\/www.artisanlocal.ch\\\/c\\\/chauffagiste-dans-le-canton-de-fribourg\\\/#primaryimage\"},\"image\":{\"@id\":\"https:\\\/\\\/www.artisanlocal.ch\\\/c\\\/chauffagiste-dans-le-canton-de-fribourg\\\/#primaryimage\"},\"thumbnailUrl\":\"https:\\\/\\\/www.artisanlocal.ch\\\/c\\\/wp-content\\\/uploads\\\/2024\\\/10\\\/chauffagiste.jpg\",\"datePublished\":\"2024-04-19T01:47:49+00:00\",\"dateModified\":\"2025-11-06T11:33:40+00:00\",\"breadcrumb\":{\"@id\":\"https:\\\/\\\/www.artisanlocal.ch\\\/c\\\/chauffagiste-dans-le-canton-de-fribourg\\\/#breadcrumb\"},\"inLanguage\":\"fr-FR\",\"potentialAction\":[{\"@type\":\"ReadAction\",\"target\":[\"https:\\\/\\\/www.artisanlocal.ch\\\/c\\\/chauffagiste-dans-le-canton-de-fribourg\\\/\"]}]},{\"@type\":\"ImageObject\",\"inLanguage\":\"fr-FR\",\"@id\":\"https:\\\/\\\/www.artisanlocal.ch\\\/c\\\/chauffagiste-dans-le-canton-de-fribourg\\\/#primaryimage\",\"url\":\"https:\\\/\\\/www.artisanlocal.ch\\\/c\\\/wp-content\\\/uploads\\\/2024\\\/10\\\/chauffagiste.jpg\",\"contentUrl\":\"https:\\\/\\\/www.artisanlocal.ch\\\/c\\\/wp-content\\\/uploads\\\/2024\\\/10\\\/chauffagiste.jpg\",\"width\":1920,\"height\":300},{\"@type\":\"BreadcrumbList\",\"@id\":\"https:\\\/\\\/www.artisanlocal.ch\\\/c\\\/chauffagiste-dans-le-canton-de-fribourg\\\/#breadcrumb\",\"itemListElement\":[{\"@type\":\"ListItem\",\"position\":1,\"name\":\"Accueil\",\"item\":\"https:\\\/\\\/www.artisanlocal.ch\\\/c\\\/\"},{\"@type\":\"ListItem\",\"position\":2,\"name\":\"Chauffagiste dans le canton de Fribourg ?\"}]},{\"@type\":\"WebSite\",\"@id\":\"https:\\\/\\\/www.artisanlocal.ch\\\/c\\\/#website\",\"url\":\"https:\\\/\\\/www.artisanlocal.ch\\\/c\\\/\",\"name\":\"Artisanlocal\",\"description\":\"\",\"publisher\":{\"@id\":\"https:\\\/\\\/www.artisanlocal.ch\\\/c\\\/#organization\"},\"potentialAction\":[{\"@type\":\"SearchAction\",\"target\":{\"@type\":\"EntryPoint\",\"urlTemplate\":\"https:\\\/\\\/www.artisanlocal.ch\\\/c\\\/?s={search_term_string}\"},\"query-input\":{\"@type\":\"PropertyValueSpecification\",\"valueRequired\":true,\"valueName\":\"search_term_string\"}}],\"inLanguage\":\"fr-FR\"},{\"@type\":\"Organization\",\"@id\":\"https:\\\/\\\/www.artisanlocal.ch\\\/c\\\/#organization\",\"name\":\"Artisanlocal\",\"url\":\"https:\\\/\\\/www.artisanlocal.ch\\\/c\\\/\",\"logo\":{\"@type\":\"ImageObject\",\"inLanguage\":\"fr-FR\",\"@id\":\"https:\\\/\\\/www.artisanlocal.ch\\\/c\\\/#\\\/schema\\\/logo\\\/image\\\/\",\"url\":\"https:\\\/\\\/www.artisanlocal.ch\\\/c\\\/wp-content\\\/uploads\\\/2024\\\/02\\\/logo-artisanlocal-h.svg\",\"contentUrl\":\"https:\\\/\\\/www.artisanlocal.ch\\\/c\\\/wp-content\\\/uploads\\\/2024\\\/02\\\/logo-artisanlocal-h.svg\",\"caption\":\"Artisanlocal\"},\"image\":{\"@id\":\"https:\\\/\\\/www.artisanlocal.ch\\\/c\\\/#\\\/schema\\\/logo\\\/image\\\/\"}}]}<\/script>\n<!-- \/ Yoast SEO Premium plugin. -->","yoast_head_json":{"title":"Chauffagiste dans le canton de Fribourg ? - Artisanlocal","robots":{"index":"index","follow":"follow","max-snippet":"max-snippet:-1","max-image-preview":"max-image-preview:large","max-video-preview":"max-video-preview:-1"},"canonical":"https:\/\/www.artisanlocal.ch\/c\/chauffagiste-dans-le-canton-de-fribourg\/","og_locale":"fr_FR","og_type":"article","og_title":"Chauffagiste dans le canton de Fribourg ?","og_description":"Vous avez besoin d&rsquo;un sp\u00e9cialiste du chauffage dans le canton de Fribourg ? Artisanlocal r\u00e9nove votre chaudi\u00e8re et r\u00e9alise vos travaux de chauffage dans le canton de Fribourg. En optant de travailler avec notre entreprise, vous profitez : d&rsquo;une tarification claire, de prestations haut de gamme, de prestation \u00e0 Fribourg et dans les municipalit\u00e9s proches, [&hellip;]","og_url":"https:\/\/www.artisanlocal.ch\/c\/chauffagiste-dans-le-canton-de-fribourg\/","og_site_name":"Artisanlocal","article_modified_time":"2025-11-06T11:33:40+00:00","og_image":[{"width":1920,"height":300,"url":"https:\/\/www.artisanlocal.ch\/c\/wp-content\/uploads\/2024\/10\/chauffagiste.jpg","type":"image\/jpeg"}],"twitter_card":"summary_large_image","twitter_misc":{"Dur\u00e9e de lecture estim\u00e9e":"6 minutes"},"schema":{"@context":"https:\/\/schema.org","@graph":[{"@type":"WebPage","@id":"https:\/\/www.artisanlocal.ch\/c\/chauffagiste-dans-le-canton-de-fribourg\/","url":"https:\/\/www.artisanlocal.ch\/c\/chauffagiste-dans-le-canton-de-fribourg\/","name":"Chauffagiste dans le canton de Fribourg ? - Artisanlocal","isPartOf":{"@id":"https:\/\/www.artisanlocal.ch\/c\/#website"},"primaryImageOfPage":{"@id":"https:\/\/www.artisanlocal.ch\/c\/chauffagiste-dans-le-canton-de-fribourg\/#primaryimage"},"image":{"@id":"https:\/\/www.artisanlocal.ch\/c\/chauffagiste-dans-le-canton-de-fribourg\/#primaryimage"},"thumbnailUrl":"https:\/\/www.artisanlocal.ch\/c\/wp-content\/uploads\/2024\/10\/chauffagiste.jpg","datePublished":"2024-04-19T01:47:49+00:00","dateModified":"2025-11-06T11:33:40+00:00","breadcrumb":{"@id":"https:\/\/www.artisanlocal.ch\/c\/chauffagiste-dans-le-canton-de-fribourg\/#breadcrumb"},"inLanguage":"fr-FR","potentialAction":[{"@type":"ReadAction","target":["https:\/\/www.artisanlocal.ch\/c\/chauffagiste-dans-le-canton-de-fribourg\/"]}]},{"@type":"ImageObject","inLanguage":"fr-FR","@id":"https:\/\/www.artisanlocal.ch\/c\/chauffagiste-dans-le-canton-de-fribourg\/#primaryimage","url":"https:\/\/www.artisanlocal.ch\/c\/wp-content\/uploads\/2024\/10\/chauffagiste.jpg","contentUrl":"https:\/\/www.artisanlocal.ch\/c\/wp-content\/uploads\/2024\/10\/chauffagiste.jpg","width":1920,"height":300},{"@type":"BreadcrumbList","@id":"https:\/\/www.artisanlocal.ch\/c\/chauffagiste-dans-le-canton-de-fribourg\/#breadcrumb","itemListElement":[{"@type":"ListItem","position":1,"name":"Accueil","item":"https:\/\/www.artisanlocal.ch\/c\/"},{"@type":"ListItem","position":2,"name":"Chauffagiste dans le canton de Fribourg ?"}]},{"@type":"WebSite","@id":"https:\/\/www.artisanlocal.ch\/c\/#website","url":"https:\/\/www.artisanlocal.ch\/c\/","name":"Artisanlocal","description":"","publisher":{"@id":"https:\/\/www.artisanlocal.ch\/c\/#organization"},"potentialAction":[{"@type":"SearchAction","target":{"@type":"EntryPoint","urlTemplate":"https:\/\/www.artisanlocal.ch\/c\/?s={search_term_string}"},"query-input":{"@type":"PropertyValueSpecification","valueRequired":true,"valueName":"search_term_string"}}],"inLanguage":"fr-FR"},{"@type":"Organization","@id":"https:\/\/www.artisanlocal.ch\/c\/#organization","name":"Artisanlocal","url":"https:\/\/www.artisanlocal.ch\/c\/","logo":{"@type":"ImageObject","inLanguage":"fr-FR","@id":"https:\/\/www.artisanlocal.ch\/c\/#\/schema\/logo\/image\/","url":"https:\/\/www.artisanlocal.ch\/c\/wp-content\/uploads\/2024\/02\/logo-artisanlocal-h.svg","contentUrl":"https:\/\/www.artisanlocal.ch\/c\/wp-content\/uploads\/2024\/02\/logo-artisanlocal-h.svg","caption":"Artisanlocal"},"image":{"@id":"https:\/\/www.artisanlocal.ch\/c\/#\/schema\/logo\/image\/"}}]}},"_links":{"self":[{"href":"https:\/\/www.artisanlocal.ch\/c\/wp-json\/wp\/v2\/pages\/700","targetHints":{"allow":["GET"]}}],"collection":[{"href":"https:\/\/www.artisanlocal.ch\/c\/wp-json\/wp\/v2\/pages"}],"about":[{"href":"https:\/\/www.artisanlocal.ch\/c\/wp-json\/wp\/v2\/types\/page"}],"author":[{"embeddable":true,"href":"https:\/\/www.artisanlocal.ch\/c\/wp-json\/wp\/v2\/users\/4"}],"replies":[{"embeddable":true,"href":"https:\/\/www.artisanlocal.ch\/c\/wp-json\/wp\/v2\/comments?post=700"}],"version-history":[{"count":0,"href":"https:\/\/www.artisanlocal.ch\/c\/wp-json\/wp\/v2\/pages\/700\/revisions"}],"wp:featuredmedia":[{"embeddable":true,"href":"https:\/\/www.artisanlocal.ch\/c\/wp-json\/wp\/v2\/media\/2757"}],"wp:attachment":[{"href":"https:\/\/www.artisanlocal.ch\/c\/wp-json\/wp\/v2\/media?parent=700"}],"wp:term":[{"taxonomy":"profession","embeddable":true,"href":"https:\/\/www.artisanlocal.ch\/c\/wp-json\/wp\/v2\/profession?post=700"},{"taxonomy":"location","embeddable":true,"href":"https:\/\/www.artisanlocal.ch\/c\/wp-json\/wp\/v2\/location?post=700"},{"taxonomy":"canton","embeddable":true,"href":"https:\/\/www.artisanlocal.ch\/c\/wp-json\/wp\/v2\/canton?post=700"}],"curies":[{"name":"wp","href":"https:\/\/api.w.org\/{rel}","templated":true}]}}