{"id":701,"date":"2024-04-18T01:58:21","date_gmt":"2024-04-17T23:58:21","guid":{"rendered":"https:\/\/www.artisanlocal.ch\/c\/depannage-urgence-chauffagiste-dans-le-canton-du-jura\/"},"modified":"2025-11-06T12:33:45","modified_gmt":"2025-11-06T11:33:45","slug":"depannage-urgence-chauffagiste-dans-le-canton-du-jura","status":"publish","type":"page","link":"https:\/\/www.artisanlocal.ch\/c\/depannage-urgence-chauffagiste-dans-le-canton-du-jura\/","title":{"rendered":"D\u00e9pannage Urgence Chauffagiste dans le canton du Jura ?"},"content":{"rendered":"<p>Besoin d&rsquo;un chauffagiste \u00e0 canton du Jura ? Artisanlocal assure la r\u00e9paration de votre chaudi\u00e8re et r\u00e9alise vos travaux de chauffage dans le canton du Jura. En travaillant avec notre entreprise, vous profitez :<\/p>\n<ul>\n<li>de prix clair,<\/li>\n<li>de services de qualit\u00e9,<\/li>\n<li>de services dans le canton du Jura et dans les villes proches,<\/li>\n<li>d&rsquo;un personnel qualifi\u00e9 et avec une solide exp\u00e9rience,<\/li>\n<li>d&rsquo;estimations sans frais,<\/li>\n<li>d&rsquo;experts accessibles du lundi au samedi afin de r\u00e9pondre \u00e0 toutes vos questions.<\/li>\n<\/ul>\n<h2>Pourquoi choisir Artisanlocal ?<\/h2>\n<p>Estimation rapide de votre projet : une fois que nous recevons votre demande de contact, notre sp\u00e9cialiste en chauffage \u00e0 canton du Jura vous contacte dans la journ\u00e9e.<\/p>\n<p>Visite \u00e0 votre domicile le jour m\u00eame : le jour de votre demande, le chauffagiste Jura peut se d\u00e9placer \u00e0 votre domicile pour estimer le montant pour le changement ou l&rsquo;installation de votre chauffage. Vous recevrez un devis et pourrez poser toutes vos questions.<\/p>\n<p>Installation de votre chauffage en moins de 48 heures : une fois que vous avez accept\u00e9 notre offre. Nous programmerons avec vous le jour d&rsquo;installation.<\/p>\n<p>Entretien et d\u00e9pannage : en cas de panne de votre chauffage, chaudi\u00e8re ou chauffe-eau. Notre entreprise est joignable pour intervenir \u00e0 canton du Jura et aussi dans les villes \u00e0 proximit\u00e9.<\/p>\n<h2>Pourquoi doit-on entretenir un chauffage ?<\/h2>\n<p>Garantir le bon fonctionnement de votre \u00e9quipement de chauffage est important, si vous avez des jeunes enfants. Notre entreprise vous aide \u00e0 r\u00e9gler la bonne temp\u00e9rature et contr\u00f4le la pr\u00e9sence monoxyde de carbone g\u00e9n\u00e9r\u00e9 par votre syst\u00e8me de chauffage. Peu importe le type de votre chauffage, nos chauffagistes assurent la maintenance et l&rsquo;entretien, de votre \u00e9quipement de chauffage : \u00e0 accumulation, basse temp\u00e9rature, fioul, condensation, \u00e9lectrique ou \u00e0 gaz.<\/p>\n<h2>\u00cates-vous capable de m&rsquo;aider \u00e0 distance ?<\/h2>\n<p>Oui, l&rsquo;entreprise Artisanlocal peut vous d\u00e9panner \u00e0 distance. Il vous suffit de nous d\u00e9crire votre situation pour que nous puissions en d\u00e9finir les raisons et trouver la solution. Il faut garder \u00e0 l&rsquo;esprit que dans la plupart des cas, un expert doit intervenir chez vous pour d\u00e9celer et r\u00e9parer le probl\u00e8me.<\/p>\n<h2>Quel est le mode de fonctionnement de votre entreprise ?<\/h2>\n<ol>\n<li>Prise de contact : il est n\u00e9cessaire de nous joindre par t\u00e9l\u00e9phone ou par mail.<\/li>\n<li>D\u00e9placement : un de nos chauffagistes se d\u00e9place \u00e0 votre domicile.<\/li>\n<li>\u00c9valuation : le chauffagiste \u00e9valuera l&rsquo;\u00e9tat actuel des choses afin de calculer la superficie, le volume des pi\u00e8ces et analyser l&rsquo;isolation actuelle.<\/li>\n<li>Indication : nous vous orienterons pour choisir le meilleur chauffage pour vous, en prenant compte de l&rsquo;efficacit\u00e9 et la rentabilit\u00e9 que vous d\u00e9sirez avoir.<\/li>\n<li>Prix : nous vous fournissons un devis d\u00e9taill\u00e9 avec les diff\u00e9rents montants.<\/li>\n<li>Mise en place : une fois que vous avec accept\u00e9 le devis et en fonction de vos disponibilit\u00e9s, nous installons votre syst\u00e8me de chauffage, et r\u00e9glons le thermostat.<\/li>\n<\/ol>\n<h2>Quels sont les meilleurs types de chauffages pour votre habitation ?<\/h2>\n<p>Notre technicien chauffagiste vous aide pour s\u00e9lectionner la meilleure option, il vous donne des conseils sur mesure, comme les chauffages : \u00e0 gaz, \u00e9lectriques, fioul, classiques, condensation ou basses temp\u00e9ratures.<\/p>\n<p>Bien que les chauffages \u00e0 condensation ou basses temp\u00e9ratures valent plus cher \u00e0 l&rsquo;achat, mais ils contribuent \u00e0 r\u00e9aliser des \u00e9conomies sur la dur\u00e9e.<\/p>\n<p>De plus, avant la mise en place de votre chauffage, il convient de configurer la bonne temp\u00e9rature selon votre propri\u00e9t\u00e9 et vos besoins. Le chauffagiste qui vient chez vous a une grande exp\u00e9rience. Dans notre devis, vous trouvez les d\u00e9tails de notre intervention, comme le prix des \u00e9quipements et de la main-d&rsquo;\u0153uvre.<\/p>\n<h2>Solution de maintenance de votre chauffage dans le canton du Jura<\/h2>\n<p>Veillez \u00e0 faire l&rsquo;entretien de votre chauffage chaque ann\u00e9e, qu&rsquo;il soit au fioul ou au gaz. Faire appel \u00e0 un chauffagiste pour l&rsquo;entretien de votre chauffage offre la possibilit\u00e9 de contr\u00f4ler les taux de monoxyde de carbone. Pour rappel, si votre chauffage fabrique trop de monoxyde de carbone, cela peut entra\u00eener une intoxication. Le chauffagiste qui se d\u00e9place dans votre logement contr\u00f4le et r\u00e8gle le taux de monoxyde de carbone de mani\u00e8re \u00e0 vous emp\u00eacher d\u2019avoir des potentiels probl\u00e8mes m\u00e9dicaux.<\/p>\n<h2>Programme d&rsquo;entretien pour votre chauffage dans le canton du Jura<\/h2>\n<p>Pour assurer le bon fonctionnement de votre chauffage, nous offrons des contrats d&rsquo;entretien. Avec une maintenance r\u00e9guli\u00e8re, vous r\u00e9alisez des \u00e9conomies en emp\u00eachant les dysfonctionnements et les interventions en urgence.<\/p>\n<p>D&rsquo;autre part, dans le cas o\u00f9 vous auriez un dommage ou un sinistre, votre assurance vous r\u00e9clame le contrat d&rsquo;entretien dans le but de v\u00e9rifier l&rsquo;\u00e9tat de votre chauffage avant l&rsquo;accident. Vous pouvez signer avec Artisanlocal un contrat de maintenance annuel ou pluriannuel.<\/p>\n<h2>Quels sont les b\u00e9n\u00e9fices de signer un contrat d\u2019entretien pour votre chauffage ?<\/h2>\n<p>Si vous avez une pi\u00e8ce qui est d\u00e9fectueuse, nous la changeons en urgence, nous prenons l&rsquo;engagement de v\u00e9rifier tout votre syst\u00e8me de chauffage, comme :<\/p>\n<ul>\n<li>Les pressions de vos tuyaux,<\/li>\n<li>et r\u00e9alisons-le lavage de votre br\u00fbleur, des conduits de liaison et des \u00e9l\u00e9ments chauffants.<\/li>\n<\/ul>\n<h2>Quels services offre Artisanlocal ?<\/h2>\n<p>Nos techniciens op\u00e8rent dans votre appartement, pour :<\/p>\n<ul>\n<li>le d\u00e9sembouage et le d\u00e9tartrage de vos radiateurs,<\/li>\n<li>la purge d&rsquo;air,<\/li>\n<li>la maintenance de votre chauffage, chaudi\u00e8re et chauffe-eau,<\/li>\n<li>l&rsquo;ajustement des thermostats,<\/li>\n<li>la maintenance des chaudi\u00e8res \u00e0 condensation, \u00e0 gaz, basses temp\u00e9ratures, \u00e0 fioul, \u00e0 accumulation et \u00e9lectriques,<\/li>\n<li>la remise en \u00e9tat de la vanne de purge,<\/li>\n<li>l&rsquo;intervention et la remise en \u00e9tat : fuite de tuyauterie, radiateur qui ne marche plus, chaudi\u00e8re, etc.<\/li>\n<li>la mise en place de : chauffage, pompe \u00e0 chaleur, chaudi\u00e8re, radiateur \u00e9lectrique, plancher chauffant, etc.<\/li>\n<\/ul>\n<h2>FAQ<\/h2>\n<h3>Pourquoi engager un chauffagiste dans le canton du Jura ?<\/h3>\n<p>Accro\u00eetre la temp\u00e9rature de vos pi\u00e8ces : un chauffage efficace permet de maintenir une temp\u00e9rature fixe dans votre int\u00e9rieur.<\/p>\n<p>Faire des \u00e9conomies : en choisissant des mat\u00e9riaux de qualit\u00e9, pour l&rsquo;isolation et le chauffage, vous diminuez vos \u00e9missions de carbone et vous r\u00e9alisez des \u00e9conomies.<\/p>\n<p>Renforcer la s\u00e9curit\u00e9 de vos installations : un bon syst\u00e8me de chauffage permet de r\u00e9pondre aux r\u00e8gles de s\u00e9curit\u00e9 actuelles (par exemple, pour limiter les \u00e9missions de monoxyde de carbone).<\/p>\n<p>Pr\u00e9voir les incidents : un chauffagiste peut anticiper les d\u00e9g\u00e2ts des eaux, juste en observant vos installations.<\/p>\n<h3>Comment choisir le meilleur technicien chauffagiste dans le canton du Jura ?<\/h3>\n<p>Les comp\u00e9tences : v\u00e9rifiez les certifications certifiant que la soci\u00e9t\u00e9 \u00e0 une exp\u00e9rience dans son domaine d&rsquo;expertise.<\/p>\n<p>Les cas clients : il ne faut pas h\u00e9siter \u00e0 consulter les t\u00e9moignages des clients ayant d\u00e9j\u00e0 eu recours \u00e0 la soci\u00e9t\u00e9 de mani\u00e8re \u00e0 vous faire une opinion.<\/p>\n<p>Les assurances : v\u00e9rifiez que la soci\u00e9t\u00e9 de chauffage b\u00e9n\u00e9ficie d&rsquo;une assurance qui couvrira les \u00e9ventuels d\u00e9g\u00e2ts occasionn\u00e9s lors de ses op\u00e9rations.<\/p>\n<h3>Quelle est votre vitesse d&rsquo;action dans le canton du Jura ?<\/h3>\n<p>Si vous avez une demande d&rsquo;intervention qui ne peut attendre, nous pouvons intervenir dans un d\u00e9lai de 2 heures, si votre demande n\u2019est pas urgente, nous op\u00e9rons normalement durant la journ\u00e9e.<\/p>\n<h3>Votre entreprise est disponible pour agir dans le canton du Jura, mais \u00e9galement dans les communes aux environs ?<\/h3>\n<p>Oui, nous op\u00e9rons dans le canton du Jura et dans les localit\u00e9s, comme : Biel\/Bienne, T\u00fcscherz-Alferm\u00e9e, Twann, Ligerz, Ligni\u00e8res, Le Landeron, Magglingen\/Macolin, Evilard, Les Pr\u00e9s-d'Orvin, Pieterlen, Lengnau BE, Orpund, Safnern, Meinisberg, Br\u00fcgg BE, Scheuren, Schwadernau, Studen BE, Aegerten, Nidau, Port, Ipsach, Bellmund, Jens, M\u00f6rigen, Sutz, Hagneck, Gerolfingen, T\u00e4uffelen, L\u00fcscherz, Finsterhennen, Siselen BE, La Ferri\u00e8re, Pr\u00eales, Lamboing, Diesse, Nods, La Neuveville, Orvin, Frinvillier, Plagne, Vauffelin, Romont BE, P\u00e9ry, La Heutte, Sonceboz-Sombeval, Corg\u00e9mont, Cort\u00e9bert, Courtelary, Montagne-de-Courtelary, Mont-Crosin, Les Pontins, Mont-Soleil, St-Imier, Cormoret, Villeret, Montagne-de-Sonvilier, Sonvilier, Renan BE, Tavannes, Le Fuet, Bellelay, Ch\u00e2telat, Monible, Sornetan, Fornet-Dessous, Reb\u00e9velier, Tramelan, La Tanne, Les Reussilles, Mont-Tramelan, Loveresse, Reconvilier, Saicourt, Saules BE, Pontenet, B\u00e9vilard, Champoz, Malleray, Sorvilier, Court, Moutier, Perrefitte, Eschert, Belprahon, Grandval, Cr\u00e9mines, Corcelles BE, Seehof, Les Ecorcheresses, Souboz, Roches BE, Schelten, Zweisimmen, Blankenburg, St. Stephan, Matten (St. Stephan), Lenk im Simmental, Oeschseite, Saanenm\u00f6ser, Sch\u00f6nried, Gstaad, Turbach, Lauenen b. Gstaad, Grund b. Gstaad, Feutersoey, Gsteig b. Gstaad, Saanen.<\/p>\n","protected":false},"excerpt":{"rendered":"<p>Besoin d&rsquo;un chauffagiste \u00e0 canton du Jura ? Artisanlocal assure la r\u00e9paration de votre chaudi\u00e8re et r\u00e9alise vos travaux de chauffage dans le canton du Jura. En travaillant avec notre entreprise, vous profitez : de prix clair, de services de qualit\u00e9, de services dans le canton du Jura et dans les villes proches, d&rsquo;un personnel [&hellip;]<\/p>\n","protected":false},"author":4,"featured_media":2757,"parent":0,"menu_order":0,"comment_status":"closed","ping_status":"closed","template":"wp-custom-template-page-canton","meta":{"footnotes":""},"profession":[120],"location":[],"canton":[111],"class_list":["post-701","page","type-page","status-publish","has-post-thumbnail","hentry","profession-chauffagiste","canton-ju"],"yoast_head":"<!-- This site is optimized with the Yoast SEO Premium plugin v25.7.1 (Yoast SEO v27.3) - https:\/\/yoast.com\/product\/yoast-seo-premium-wordpress\/ -->\n<title>D\u00e9pannage Urgence Chauffagiste dans le canton du Jura ? - Artisanlocal<\/title>\n<meta name=\"robots\" content=\"index, follow, max-snippet:-1, max-image-preview:large, max-video-preview:-1\" \/>\n<link rel=\"canonical\" href=\"https:\/\/www.artisanlocal.ch\/c\/depannage-urgence-chauffagiste-dans-le-canton-du-jura\/\" \/>\n<meta property=\"og:locale\" content=\"fr_FR\" \/>\n<meta property=\"og:type\" content=\"article\" \/>\n<meta property=\"og:title\" content=\"D\u00e9pannage Urgence Chauffagiste dans le canton du Jura ?\" \/>\n<meta property=\"og:description\" content=\"Besoin d&rsquo;un chauffagiste \u00e0 canton du Jura ? Artisanlocal assure la r\u00e9paration de votre chaudi\u00e8re et r\u00e9alise vos travaux de chauffage dans le canton du Jura. En travaillant avec notre entreprise, vous profitez : de prix clair, de services de qualit\u00e9, de services dans le canton du Jura et dans les villes proches, d&rsquo;un personnel [&hellip;]\" \/>\n<meta property=\"og:url\" content=\"https:\/\/www.artisanlocal.ch\/c\/depannage-urgence-chauffagiste-dans-le-canton-du-jura\/\" \/>\n<meta property=\"og:site_name\" content=\"Artisanlocal\" \/>\n<meta property=\"article:modified_time\" content=\"2025-11-06T11:33:45+00:00\" \/>\n<meta property=\"og:image\" content=\"https:\/\/www.artisanlocal.ch\/c\/wp-content\/uploads\/2024\/10\/chauffagiste.jpg\" \/>\n\t<meta property=\"og:image:width\" content=\"1920\" \/>\n\t<meta property=\"og:image:height\" content=\"300\" \/>\n\t<meta property=\"og:image:type\" content=\"image\/jpeg\" \/>\n<meta name=\"twitter:card\" content=\"summary_large_image\" \/>\n<meta name=\"twitter:label1\" content=\"Dur\u00e9e de lecture estim\u00e9e\" \/>\n\t<meta name=\"twitter:data1\" content=\"6 minutes\" \/>\n<script type=\"application\/ld+json\" class=\"yoast-schema-graph\">{\"@context\":\"https:\\\/\\\/schema.org\",\"@graph\":[{\"@type\":\"WebPage\",\"@id\":\"https:\\\/\\\/www.artisanlocal.ch\\\/c\\\/depannage-urgence-chauffagiste-dans-le-canton-du-jura\\\/\",\"url\":\"https:\\\/\\\/www.artisanlocal.ch\\\/c\\\/depannage-urgence-chauffagiste-dans-le-canton-du-jura\\\/\",\"name\":\"D\u00e9pannage Urgence Chauffagiste dans le canton du Jura ? - Artisanlocal\",\"isPartOf\":{\"@id\":\"https:\\\/\\\/www.artisanlocal.ch\\\/c\\\/#website\"},\"primaryImageOfPage\":{\"@id\":\"https:\\\/\\\/www.artisanlocal.ch\\\/c\\\/depannage-urgence-chauffagiste-dans-le-canton-du-jura\\\/#primaryimage\"},\"image\":{\"@id\":\"https:\\\/\\\/www.artisanlocal.ch\\\/c\\\/depannage-urgence-chauffagiste-dans-le-canton-du-jura\\\/#primaryimage\"},\"thumbnailUrl\":\"https:\\\/\\\/www.artisanlocal.ch\\\/c\\\/wp-content\\\/uploads\\\/2024\\\/10\\\/chauffagiste.jpg\",\"datePublished\":\"2024-04-17T23:58:21+00:00\",\"dateModified\":\"2025-11-06T11:33:45+00:00\",\"breadcrumb\":{\"@id\":\"https:\\\/\\\/www.artisanlocal.ch\\\/c\\\/depannage-urgence-chauffagiste-dans-le-canton-du-jura\\\/#breadcrumb\"},\"inLanguage\":\"fr-FR\",\"potentialAction\":[{\"@type\":\"ReadAction\",\"target\":[\"https:\\\/\\\/www.artisanlocal.ch\\\/c\\\/depannage-urgence-chauffagiste-dans-le-canton-du-jura\\\/\"]}]},{\"@type\":\"ImageObject\",\"inLanguage\":\"fr-FR\",\"@id\":\"https:\\\/\\\/www.artisanlocal.ch\\\/c\\\/depannage-urgence-chauffagiste-dans-le-canton-du-jura\\\/#primaryimage\",\"url\":\"https:\\\/\\\/www.artisanlocal.ch\\\/c\\\/wp-content\\\/uploads\\\/2024\\\/10\\\/chauffagiste.jpg\",\"contentUrl\":\"https:\\\/\\\/www.artisanlocal.ch\\\/c\\\/wp-content\\\/uploads\\\/2024\\\/10\\\/chauffagiste.jpg\",\"width\":1920,\"height\":300},{\"@type\":\"BreadcrumbList\",\"@id\":\"https:\\\/\\\/www.artisanlocal.ch\\\/c\\\/depannage-urgence-chauffagiste-dans-le-canton-du-jura\\\/#breadcrumb\",\"itemListElement\":[{\"@type\":\"ListItem\",\"position\":1,\"name\":\"Accueil\",\"item\":\"https:\\\/\\\/www.artisanlocal.ch\\\/c\\\/\"},{\"@type\":\"ListItem\",\"position\":2,\"name\":\"D\u00e9pannage Urgence Chauffagiste dans le canton du Jura ?\"}]},{\"@type\":\"WebSite\",\"@id\":\"https:\\\/\\\/www.artisanlocal.ch\\\/c\\\/#website\",\"url\":\"https:\\\/\\\/www.artisanlocal.ch\\\/c\\\/\",\"name\":\"Artisanlocal\",\"description\":\"\",\"publisher\":{\"@id\":\"https:\\\/\\\/www.artisanlocal.ch\\\/c\\\/#organization\"},\"potentialAction\":[{\"@type\":\"SearchAction\",\"target\":{\"@type\":\"EntryPoint\",\"urlTemplate\":\"https:\\\/\\\/www.artisanlocal.ch\\\/c\\\/?s={search_term_string}\"},\"query-input\":{\"@type\":\"PropertyValueSpecification\",\"valueRequired\":true,\"valueName\":\"search_term_string\"}}],\"inLanguage\":\"fr-FR\"},{\"@type\":\"Organization\",\"@id\":\"https:\\\/\\\/www.artisanlocal.ch\\\/c\\\/#organization\",\"name\":\"Artisanlocal\",\"url\":\"https:\\\/\\\/www.artisanlocal.ch\\\/c\\\/\",\"logo\":{\"@type\":\"ImageObject\",\"inLanguage\":\"fr-FR\",\"@id\":\"https:\\\/\\\/www.artisanlocal.ch\\\/c\\\/#\\\/schema\\\/logo\\\/image\\\/\",\"url\":\"https:\\\/\\\/www.artisanlocal.ch\\\/c\\\/wp-content\\\/uploads\\\/2024\\\/02\\\/logo-artisanlocal-h.svg\",\"contentUrl\":\"https:\\\/\\\/www.artisanlocal.ch\\\/c\\\/wp-content\\\/uploads\\\/2024\\\/02\\\/logo-artisanlocal-h.svg\",\"caption\":\"Artisanlocal\"},\"image\":{\"@id\":\"https:\\\/\\\/www.artisanlocal.ch\\\/c\\\/#\\\/schema\\\/logo\\\/image\\\/\"}}]}<\/script>\n<!-- \/ Yoast SEO Premium plugin. -->","yoast_head_json":{"title":"D\u00e9pannage Urgence Chauffagiste dans le canton du Jura ? - Artisanlocal","robots":{"index":"index","follow":"follow","max-snippet":"max-snippet:-1","max-image-preview":"max-image-preview:large","max-video-preview":"max-video-preview:-1"},"canonical":"https:\/\/www.artisanlocal.ch\/c\/depannage-urgence-chauffagiste-dans-le-canton-du-jura\/","og_locale":"fr_FR","og_type":"article","og_title":"D\u00e9pannage Urgence Chauffagiste dans le canton du Jura ?","og_description":"Besoin d&rsquo;un chauffagiste \u00e0 canton du Jura ? Artisanlocal assure la r\u00e9paration de votre chaudi\u00e8re et r\u00e9alise vos travaux de chauffage dans le canton du Jura. En travaillant avec notre entreprise, vous profitez : de prix clair, de services de qualit\u00e9, de services dans le canton du Jura et dans les villes proches, d&rsquo;un personnel [&hellip;]","og_url":"https:\/\/www.artisanlocal.ch\/c\/depannage-urgence-chauffagiste-dans-le-canton-du-jura\/","og_site_name":"Artisanlocal","article_modified_time":"2025-11-06T11:33:45+00:00","og_image":[{"width":1920,"height":300,"url":"https:\/\/www.artisanlocal.ch\/c\/wp-content\/uploads\/2024\/10\/chauffagiste.jpg","type":"image\/jpeg"}],"twitter_card":"summary_large_image","twitter_misc":{"Dur\u00e9e de lecture estim\u00e9e":"6 minutes"},"schema":{"@context":"https:\/\/schema.org","@graph":[{"@type":"WebPage","@id":"https:\/\/www.artisanlocal.ch\/c\/depannage-urgence-chauffagiste-dans-le-canton-du-jura\/","url":"https:\/\/www.artisanlocal.ch\/c\/depannage-urgence-chauffagiste-dans-le-canton-du-jura\/","name":"D\u00e9pannage Urgence Chauffagiste dans le canton du Jura ? - Artisanlocal","isPartOf":{"@id":"https:\/\/www.artisanlocal.ch\/c\/#website"},"primaryImageOfPage":{"@id":"https:\/\/www.artisanlocal.ch\/c\/depannage-urgence-chauffagiste-dans-le-canton-du-jura\/#primaryimage"},"image":{"@id":"https:\/\/www.artisanlocal.ch\/c\/depannage-urgence-chauffagiste-dans-le-canton-du-jura\/#primaryimage"},"thumbnailUrl":"https:\/\/www.artisanlocal.ch\/c\/wp-content\/uploads\/2024\/10\/chauffagiste.jpg","datePublished":"2024-04-17T23:58:21+00:00","dateModified":"2025-11-06T11:33:45+00:00","breadcrumb":{"@id":"https:\/\/www.artisanlocal.ch\/c\/depannage-urgence-chauffagiste-dans-le-canton-du-jura\/#breadcrumb"},"inLanguage":"fr-FR","potentialAction":[{"@type":"ReadAction","target":["https:\/\/www.artisanlocal.ch\/c\/depannage-urgence-chauffagiste-dans-le-canton-du-jura\/"]}]},{"@type":"ImageObject","inLanguage":"fr-FR","@id":"https:\/\/www.artisanlocal.ch\/c\/depannage-urgence-chauffagiste-dans-le-canton-du-jura\/#primaryimage","url":"https:\/\/www.artisanlocal.ch\/c\/wp-content\/uploads\/2024\/10\/chauffagiste.jpg","contentUrl":"https:\/\/www.artisanlocal.ch\/c\/wp-content\/uploads\/2024\/10\/chauffagiste.jpg","width":1920,"height":300},{"@type":"BreadcrumbList","@id":"https:\/\/www.artisanlocal.ch\/c\/depannage-urgence-chauffagiste-dans-le-canton-du-jura\/#breadcrumb","itemListElement":[{"@type":"ListItem","position":1,"name":"Accueil","item":"https:\/\/www.artisanlocal.ch\/c\/"},{"@type":"ListItem","position":2,"name":"D\u00e9pannage Urgence Chauffagiste dans le canton du Jura ?"}]},{"@type":"WebSite","@id":"https:\/\/www.artisanlocal.ch\/c\/#website","url":"https:\/\/www.artisanlocal.ch\/c\/","name":"Artisanlocal","description":"","publisher":{"@id":"https:\/\/www.artisanlocal.ch\/c\/#organization"},"potentialAction":[{"@type":"SearchAction","target":{"@type":"EntryPoint","urlTemplate":"https:\/\/www.artisanlocal.ch\/c\/?s={search_term_string}"},"query-input":{"@type":"PropertyValueSpecification","valueRequired":true,"valueName":"search_term_string"}}],"inLanguage":"fr-FR"},{"@type":"Organization","@id":"https:\/\/www.artisanlocal.ch\/c\/#organization","name":"Artisanlocal","url":"https:\/\/www.artisanlocal.ch\/c\/","logo":{"@type":"ImageObject","inLanguage":"fr-FR","@id":"https:\/\/www.artisanlocal.ch\/c\/#\/schema\/logo\/image\/","url":"https:\/\/www.artisanlocal.ch\/c\/wp-content\/uploads\/2024\/02\/logo-artisanlocal-h.svg","contentUrl":"https:\/\/www.artisanlocal.ch\/c\/wp-content\/uploads\/2024\/02\/logo-artisanlocal-h.svg","caption":"Artisanlocal"},"image":{"@id":"https:\/\/www.artisanlocal.ch\/c\/#\/schema\/logo\/image\/"}}]}},"_links":{"self":[{"href":"https:\/\/www.artisanlocal.ch\/c\/wp-json\/wp\/v2\/pages\/701","targetHints":{"allow":["GET"]}}],"collection":[{"href":"https:\/\/www.artisanlocal.ch\/c\/wp-json\/wp\/v2\/pages"}],"about":[{"href":"https:\/\/www.artisanlocal.ch\/c\/wp-json\/wp\/v2\/types\/page"}],"author":[{"embeddable":true,"href":"https:\/\/www.artisanlocal.ch\/c\/wp-json\/wp\/v2\/users\/4"}],"replies":[{"embeddable":true,"href":"https:\/\/www.artisanlocal.ch\/c\/wp-json\/wp\/v2\/comments?post=701"}],"version-history":[{"count":0,"href":"https:\/\/www.artisanlocal.ch\/c\/wp-json\/wp\/v2\/pages\/701\/revisions"}],"wp:featuredmedia":[{"embeddable":true,"href":"https:\/\/www.artisanlocal.ch\/c\/wp-json\/wp\/v2\/media\/2757"}],"wp:attachment":[{"href":"https:\/\/www.artisanlocal.ch\/c\/wp-json\/wp\/v2\/media?parent=701"}],"wp:term":[{"taxonomy":"profession","embeddable":true,"href":"https:\/\/www.artisanlocal.ch\/c\/wp-json\/wp\/v2\/profession?post=701"},{"taxonomy":"location","embeddable":true,"href":"https:\/\/www.artisanlocal.ch\/c\/wp-json\/wp\/v2\/location?post=701"},{"taxonomy":"canton","embeddable":true,"href":"https:\/\/www.artisanlocal.ch\/c\/wp-json\/wp\/v2\/canton?post=701"}],"curies":[{"name":"wp","href":"https:\/\/api.w.org\/{rel}","templated":true}]}}