{"id":702,"date":"2024-04-18T23:55:51","date_gmt":"2024-04-18T21:55:51","guid":{"rendered":"https:\/\/www.artisanlocal.ch\/c\/chauffagiste-dans-le-canton-de-neuchatel\/"},"modified":"2025-11-06T12:33:42","modified_gmt":"2025-11-06T11:33:42","slug":"chauffagiste-dans-le-canton-de-neuchatel","status":"publish","type":"page","link":"https:\/\/www.artisanlocal.ch\/c\/chauffagiste-dans-le-canton-de-neuchatel\/","title":{"rendered":"Chauffagiste dans le canton de Neuch\u00e2tel ?"},"content":{"rendered":"<p>Besoin d&rsquo;assistance pour votre chauffage ? Si vous \u00eates dans le canton de Neuch\u00e2tel, Artisanlocal s&rsquo;occupe de la r\u00e9paration et de l&rsquo;installation de votre \u00e9quipement de chauffage. En travaillant avec notre entreprise, vous b\u00e9n\u00e9ficiez :<\/p>\n<ul>\n<li>de prix clair,<\/li>\n<li>de services de premier choix,<\/li>\n<li>de services dans le canton de Neuch\u00e2tel et dans les villes proches,<\/li>\n<li>d&rsquo;une entreprise avec de l&rsquo;exp\u00e9rience,<\/li>\n<li>de devis gratuits,<\/li>\n<li>d&rsquo;une \u00e9quipe disponible du lundi au samedi.<\/li>\n<\/ul>\n<h2>Pourquoi choisir Artisanlocal ?<\/h2>\n<p>Estimation rapide pour la mise en place ou le remplacement de votre chauffage : une fois que vous avez rempli le formulaire, notre technicien dans le canton de Neuch\u00e2tel vous contact dans la m\u00eame journ\u00e9e.<\/p>\n<p>D\u00e9placement de notre technicien \u00e0 votre domicile : le jour m\u00eame, le chauffagiste dans le canton de Neuch\u00e2tel peut se d\u00e9placer \u00e0 votre domicile pour \u00e9valuer le montant pour le changement ou l&rsquo;installation de votre syst\u00e8me de chauffage. Vous recevrez un devis et vous pouvez nous poser toutes vos questions.<\/p>\n<p>Installation de votre chauffage dans un d\u00e9lai de 24 \u00e0 48 heures : une fois que vous avez valid\u00e9 le devis avec notre expert dans le canton de Neuch\u00e2tel. Nous d\u00e9terminerons le jour de notre intervention ensemble.<\/p>\n<p>Service de d\u00e9pannage et de r\u00e9paration : si votre syst\u00e8me de chauffage, chauffe-eau ou chaudi\u00e8re tombe en panne. Nous sommes pr\u00eats \u00e0 intervenir dans le canton de Neuch\u00e2tel ainsi que dans les villes proches.<\/p>\n<h2>Pourquoi est-il indispensable de d\u00e9panner votre syst\u00e8me de chauffage ?<\/h2>\n<p>Avoir un chauffage qui fonctionne est essentiel, surtout dans les foyers avec des enfants en bas \u00e2ge. Nos techniciens vous aident \u00e0 r\u00e9gler la bonne temp\u00e9rature et la concentration de monoxyde de carbone cr\u00e9\u00e9 par votre \u00e9quipement de chauffage. Quel que soit le type de votre chauffage, nos chauffagistes assurent l&rsquo;entretien et la maintenance, de votre chauffage : basse temp\u00e9rature, fioul, condensation, \u00e9lectrique, gaz ou \u00e0 accumulation.<\/p>\n<h2>L&rsquo;entreprise Artisanlocal propose-t-elle une assistance t\u00e9l\u00e9phonique ?<\/h2>\n<p>Oui, la soci\u00e9t\u00e9 Artisanlocal peut vous guider \u00e0 distance. En nous expliquant votre probl\u00e9matique par mail ou t\u00e9l\u00e9phone, nous identifierons la bonne solution pour r\u00e9soudre votre probl\u00e8me de chauffage. Cependant, dans plusieurs cas, un expert doit intervenir \u00e0 votre domicile.<\/p>\n<h2>Comment fonctionne Artisanlocal ?<\/h2>\n<ol>\n<li>Premi\u00e8re prise de contact : il est n\u00e9cessaire de nous joindre par e-mail ou par t\u00e9l\u00e9phone.<\/li>\n<li>D\u00e9placement : un expert chauffagiste dans le canton de Neuch\u00e2tel vient \u00e0 votre logement.<\/li>\n<li>\u00c9valuation : le chauffagiste estimera votre situation actuelle dans le but de calculer le volume de vos pi\u00e8ces, et prendre en compte l&rsquo;isolation existante et la superficie totale.<\/li>\n<li>Avis : nous vous guiderons pour s\u00e9lectionner le meilleur chauffage pour vous, nous prenons en compte l&rsquo;efficacit\u00e9 et la rentabilit\u00e9 que vous voulez avoir.<\/li>\n<li>Prix : nous vous livrons un devis pr\u00e9cis avec les diff\u00e9rents prix.<\/li>\n<li>Mise en place : apr\u00e8s avoir sign\u00e9 notre estimation, nous r\u00e9alisons l&rsquo;installation de votre \u00e9quipe de chauffage et ajustons le thermostat en fonction de vos demandes.<\/li>\n<\/ol>\n<h2>Quelle est la solution de chauffage la plus adapt\u00e9e pour votre r\u00e9sidence ?<\/h2>\n<p>Notre expert chauffagiste vous conseille pour trouver la meilleure solution, il vous donne des conseils sur mesure, parmi les \u00e9quipements chauffages : \u00e0 gaz, \u00e9lectriques, fioul, classiques, basses temp\u00e9ratures ou \u00e0 condensation.<\/p>\n<p>Les \u00e9quipements de chauffages \u00e0 condensation ou \u00e0 basse temp\u00e9rature, malgr\u00e9 un co\u00fbt d&rsquo;achat plus important, ils offrent la capacit\u00e9 de faire des \u00e9conomies \u00e0 long terme.<\/p>\n<p>Par ailleurs, avant la mise en place de votre chauffage, il faut param\u00e9trer la bonne temp\u00e9rature en fonction de votre propri\u00e9t\u00e9 et vos besoins. Ne vous inqui\u00e9tez pas, le chauffagiste qui se rend \u00e0 votre domicile a les connaissances pour r\u00e9soudre tous vos probl\u00e8mes de chauffage. Vous trouverez dans notre estimation les \u00e9l\u00e9ments de notre intervention.<\/p>\n<h2>Service de maintenance de votre chauffage dans le canton de Neuch\u00e2tel<\/h2>\n<p>Vous devez effectuer l&rsquo;entretien annuel de votre chauffage, qu&rsquo;il soit \u00e0 gaz ou au fioul. L&rsquo;entretien de votre chauffage permet de contr\u00f4ler les \u00e9missions de monoxyde de carbone qui se d\u00e9gage. \u00c0 noter, si votre chauffage produit excessivement de monoxyde de carbone, il est possible de vous intoxiquer. En intervenant chez vous, le technicien v\u00e9rifie et r\u00e8gle les taux de monoxyde de carbone de votre syst\u00e8me de chauffage pour vous \u00e9viter d&rsquo;avoir de graves soucis de sant\u00e9.<\/p>\n<h2>Contrat de maintenance pour votre chauffage dans le canton de Neuch\u00e2tel<\/h2>\n<p>Dans le butd&rsquo;assurer le bon \u00e9tat de marche de votre chauffage, nous proposons des contrats d&rsquo;entretien. Avec un entretien r\u00e9gulier, vous faites des \u00e9conomies en emp\u00eachant les pannes et les r\u00e9parations en urgence.<\/p>\n<p>D&rsquo;ailleurs, si vous avez un d\u00e9g\u00e2t ou un sinistre, votre assureur vous r\u00e9clame le contrat d&rsquo;entretien de fa\u00e7on \u00e0 comparer l&rsquo;\u00e9tat de votre chauffage avant l&rsquo;incident. Notre soci\u00e9t\u00e9 offre des contrats d&rsquo;entretien annuels ou pluriannuels.<\/p>\n<h2>Pourquoi signer un contrat de maintenance pour votre chauffage ?<\/h2>\n<p>En cas de \u00e9l\u00e9ments d\u00e9fectueux, nous assurons le remplacement imm\u00e9diat. Par ailleurs, nous prenons l&rsquo;engagement d&rsquo;inspecter la totalit\u00e9 de votre chauffage, tel que :<\/p>\n<ul>\n<li>Les niveaux de pression dans vos tuyaux,<\/li>\n<li>et r\u00e9alisons-le lavage de votre br\u00fbleur, des tuyaux de liaison et des \u00e9l\u00e9ments chauffants.<\/li>\n<\/ul>\n<h2>Quels services offre Artisanlocal ?<\/h2>\n<p>Nos techniciens interviennent dans votre domicile, pour :<\/p>\n<ul>\n<li>le d\u00e9tartrage et le d\u00e9sembouage de radiateur,<\/li>\n<li>la purge de l&rsquo;air de vos radiateurs,<\/li>\n<li>la maintenance de votre chauffage, chaudi\u00e8re et chauffe-eau,<\/li>\n<li>l&rsquo;ajustement des thermostats,<\/li>\n<li>la maintenance chaudi\u00e8res \u00e0 condensation, \u00e0 gaz, \u00e0 accumulation, \u00e0 fioul, \u00e9lectriques et basses temp\u00e9ratures,<\/li>\n<li>la r\u00e9paration de la vanne de purge,<\/li>\n<li>l&rsquo;intervention et la remise en \u00e9tat : de votre chaudi\u00e8re, fuite de canalisation, radiateur qui ne chauffe plus, etc.<\/li>\n<li>la pose de : chauffage, pompe \u00e0 chaleur, chaudi\u00e8re, radiateur \u00e9lectrique, plancher chauffant, etc.<\/li>\n<\/ul>\n<h2>Foire aux questions<\/h2>\n<h3>Pourquoi embaucher un chauffagiste dans le canton de Neuch\u00e2tel ?<\/h3>\n<p>Accro\u00eetre votre confort thermique : un chauffage performant permet de conserver une temp\u00e9rature fixe dans votre maison.<\/p>\n<p>\u00c9conomiser de l&rsquo;argent : en choisissant des mat\u00e9riaux de qualit\u00e9, tels que l&rsquo;isolation et le chauffage, vous effectuez des \u00e9conomies et diminuer vos \u00e9missions de CO2.<\/p>\n<p>Pr\u00e9server la s\u00fbret\u00e9 de votre chauffage : respecter les r\u00e8gles de s\u00fbret\u00e9 permet de maintenir un chauffage s\u00fbr et performant (par exemple, pour limiter le taux de monoxyde de carbone).<\/p>\n<p>Pr\u00e9voir les incidents : un technicien peut anticiper les d\u00e9g\u00e2ts des eaux, juste en observant vos installations.<\/p>\n<h3>Quels sont les crit\u00e8res \u00e0 prendre en consid\u00e9ration pour choisir le meilleur chauffagiste dans le canton de Neuch\u00e2tel ?<\/h3>\n<p>Les comp\u00e9tences : v\u00e9rifiez les certifications certifiant que l\u2019entreprise \u00e0 un v\u00e9ritable savoir-faire dans son secteur.<\/p>\n<p>Les avis clients : prenez le temps de lire les avis des clients ayant d\u00e9j\u00e0 collabor\u00e9 avec les soci\u00e9t\u00e9s.<\/p>\n<p>Les assurances : v\u00e9rifiez que les techniciens chauffagistes sont assur\u00e9s en cas de d\u00e9g\u00e2ts.<\/p>\n<h3>Quelle est votre vitesse d&rsquo;action dans le canton de Neuch\u00e2tel ?<\/h3>\n<p>Si vous avez un probl\u00e8me qui demande une intervention en urgence, nous avons la possibilit\u00e9 d\u2019intervenir sous un d\u00e9lai de deux heures, s&rsquo;il n&rsquo;y a pas d&rsquo;urgence concernant votre demande, nous op\u00e9rons normalement dans la journ\u00e9e.<\/p>\n<h3>Pouvez-vous intervenir dans le canton de Neuch\u00e2tel et aux environs ?<\/h3>\n<p>En effet, nous effectuons nos interventions dans le canton de Neuch\u00e2tel et dans les villes aux environs, par exemple : Noiraigue, Travers, Couvet, M\u00f4tiers NE, Boveresse, Fleurier, Buttes, Mont-de-Buttes, La C\u00f4te-aux-F\u00e9es, St-Sulpice NE, Les Sagnettes, Les Verri\u00e8res, Les Bayards, Brot-Dessous, Fretereules, Petit-Martel, Les Ponts-de-Martel, Brot-Plamboz, Le Locle, Le Pr\u00e9voux, La Chaux-du-Milieu, La Br\u00e9vine, La Ch\u00e2tagne, Le Brouillet, Les Taill\u00e8res, Le Cerneux-P\u00e9quignot, Les Brenets, Neuch\u00e2tel, Auvernier, Colombier NE, B\u00f4le, Areuse, Cortaillod, Boudry, Chambrelien, Rochefort, Bevaix, Gorgier, St-Aubin-Sauges, Chez-le-Bart, Fresens, Montalchez, Vaumarcus, Peseux, Corcelles NE, Cormondr\u00e8che, Hauterive NE, St-Blaise, Enges, Marin-Epagnier, Thielle, Wavre, Cornaux NE, Cressier NE, Champ-du-Moulin, Montmollin, Montezillon, Valangin, Boudevilliers, Fontaines NE, Fontainemelon, La Vue-des-Alpes, Cernier, Ch\u00e9zard-St-Martin, Les Vieux-Pr\u00e9s, Dombresson, Villiers, Le P\u00e2quier NE, Engollon, Fenin, Saules, Vilars NE, Savagnier, Chaumont, Les Geneveys-sur-Coffrane, Coffrane, Les Hauts-Geneveys, La Chaux-de-Fonds, La Sagne NE, Le Cr\u00eat-du-Locle, Les Planchettes, La Cibourg, Les Emibois, Le Cerneux-Veusil, Les Pommerats, Goumois, Montfavergier.<\/p>\n","protected":false},"excerpt":{"rendered":"<p>Besoin d&rsquo;assistance pour votre chauffage ? Si vous \u00eates dans le canton de Neuch\u00e2tel, Artisanlocal s&rsquo;occupe de la r\u00e9paration et de l&rsquo;installation de votre \u00e9quipement de chauffage. En travaillant avec notre entreprise, vous b\u00e9n\u00e9ficiez : de prix clair, de services de premier choix, de services dans le canton de Neuch\u00e2tel et dans les villes proches, [&hellip;]<\/p>\n","protected":false},"author":4,"featured_media":2757,"parent":0,"menu_order":0,"comment_status":"closed","ping_status":"closed","template":"wp-custom-template-page-canton","meta":{"footnotes":""},"profession":[120],"location":[],"canton":[114],"class_list":["post-702","page","type-page","status-publish","has-post-thumbnail","hentry","profession-chauffagiste","canton-ne"],"yoast_head":"<!-- This site is optimized with the Yoast SEO Premium plugin v25.7.1 (Yoast SEO v27.3) - https:\/\/yoast.com\/product\/yoast-seo-premium-wordpress\/ -->\n<title>Chauffagiste dans le canton de Neuch\u00e2tel ? - Artisanlocal<\/title>\n<meta name=\"robots\" content=\"index, follow, max-snippet:-1, max-image-preview:large, max-video-preview:-1\" \/>\n<link rel=\"canonical\" href=\"https:\/\/www.artisanlocal.ch\/c\/chauffagiste-dans-le-canton-de-neuchatel\/\" \/>\n<meta property=\"og:locale\" content=\"fr_FR\" \/>\n<meta property=\"og:type\" content=\"article\" \/>\n<meta property=\"og:title\" content=\"Chauffagiste dans le canton de Neuch\u00e2tel ?\" \/>\n<meta property=\"og:description\" content=\"Besoin d&rsquo;assistance pour votre chauffage ? Si vous \u00eates dans le canton de Neuch\u00e2tel, Artisanlocal s&rsquo;occupe de la r\u00e9paration et de l&rsquo;installation de votre \u00e9quipement de chauffage. En travaillant avec notre entreprise, vous b\u00e9n\u00e9ficiez : de prix clair, de services de premier choix, de services dans le canton de Neuch\u00e2tel et dans les villes proches, [&hellip;]\" \/>\n<meta property=\"og:url\" content=\"https:\/\/www.artisanlocal.ch\/c\/chauffagiste-dans-le-canton-de-neuchatel\/\" \/>\n<meta property=\"og:site_name\" content=\"Artisanlocal\" \/>\n<meta property=\"article:modified_time\" content=\"2025-11-06T11:33:42+00:00\" \/>\n<meta property=\"og:image\" content=\"https:\/\/www.artisanlocal.ch\/c\/wp-content\/uploads\/2024\/10\/chauffagiste.jpg\" \/>\n\t<meta property=\"og:image:width\" content=\"1920\" \/>\n\t<meta property=\"og:image:height\" content=\"300\" \/>\n\t<meta property=\"og:image:type\" content=\"image\/jpeg\" \/>\n<meta name=\"twitter:card\" content=\"summary_large_image\" \/>\n<meta name=\"twitter:label1\" content=\"Dur\u00e9e de lecture estim\u00e9e\" \/>\n\t<meta name=\"twitter:data1\" content=\"6 minutes\" \/>\n<script type=\"application\/ld+json\" class=\"yoast-schema-graph\">{\"@context\":\"https:\\\/\\\/schema.org\",\"@graph\":[{\"@type\":\"WebPage\",\"@id\":\"https:\\\/\\\/www.artisanlocal.ch\\\/c\\\/chauffagiste-dans-le-canton-de-neuchatel\\\/\",\"url\":\"https:\\\/\\\/www.artisanlocal.ch\\\/c\\\/chauffagiste-dans-le-canton-de-neuchatel\\\/\",\"name\":\"Chauffagiste dans le canton de Neuch\u00e2tel ? - Artisanlocal\",\"isPartOf\":{\"@id\":\"https:\\\/\\\/www.artisanlocal.ch\\\/c\\\/#website\"},\"primaryImageOfPage\":{\"@id\":\"https:\\\/\\\/www.artisanlocal.ch\\\/c\\\/chauffagiste-dans-le-canton-de-neuchatel\\\/#primaryimage\"},\"image\":{\"@id\":\"https:\\\/\\\/www.artisanlocal.ch\\\/c\\\/chauffagiste-dans-le-canton-de-neuchatel\\\/#primaryimage\"},\"thumbnailUrl\":\"https:\\\/\\\/www.artisanlocal.ch\\\/c\\\/wp-content\\\/uploads\\\/2024\\\/10\\\/chauffagiste.jpg\",\"datePublished\":\"2024-04-18T21:55:51+00:00\",\"dateModified\":\"2025-11-06T11:33:42+00:00\",\"breadcrumb\":{\"@id\":\"https:\\\/\\\/www.artisanlocal.ch\\\/c\\\/chauffagiste-dans-le-canton-de-neuchatel\\\/#breadcrumb\"},\"inLanguage\":\"fr-FR\",\"potentialAction\":[{\"@type\":\"ReadAction\",\"target\":[\"https:\\\/\\\/www.artisanlocal.ch\\\/c\\\/chauffagiste-dans-le-canton-de-neuchatel\\\/\"]}]},{\"@type\":\"ImageObject\",\"inLanguage\":\"fr-FR\",\"@id\":\"https:\\\/\\\/www.artisanlocal.ch\\\/c\\\/chauffagiste-dans-le-canton-de-neuchatel\\\/#primaryimage\",\"url\":\"https:\\\/\\\/www.artisanlocal.ch\\\/c\\\/wp-content\\\/uploads\\\/2024\\\/10\\\/chauffagiste.jpg\",\"contentUrl\":\"https:\\\/\\\/www.artisanlocal.ch\\\/c\\\/wp-content\\\/uploads\\\/2024\\\/10\\\/chauffagiste.jpg\",\"width\":1920,\"height\":300},{\"@type\":\"BreadcrumbList\",\"@id\":\"https:\\\/\\\/www.artisanlocal.ch\\\/c\\\/chauffagiste-dans-le-canton-de-neuchatel\\\/#breadcrumb\",\"itemListElement\":[{\"@type\":\"ListItem\",\"position\":1,\"name\":\"Accueil\",\"item\":\"https:\\\/\\\/www.artisanlocal.ch\\\/c\\\/\"},{\"@type\":\"ListItem\",\"position\":2,\"name\":\"Chauffagiste dans le canton de Neuch\u00e2tel ?\"}]},{\"@type\":\"WebSite\",\"@id\":\"https:\\\/\\\/www.artisanlocal.ch\\\/c\\\/#website\",\"url\":\"https:\\\/\\\/www.artisanlocal.ch\\\/c\\\/\",\"name\":\"Artisanlocal\",\"description\":\"\",\"publisher\":{\"@id\":\"https:\\\/\\\/www.artisanlocal.ch\\\/c\\\/#organization\"},\"potentialAction\":[{\"@type\":\"SearchAction\",\"target\":{\"@type\":\"EntryPoint\",\"urlTemplate\":\"https:\\\/\\\/www.artisanlocal.ch\\\/c\\\/?s={search_term_string}\"},\"query-input\":{\"@type\":\"PropertyValueSpecification\",\"valueRequired\":true,\"valueName\":\"search_term_string\"}}],\"inLanguage\":\"fr-FR\"},{\"@type\":\"Organization\",\"@id\":\"https:\\\/\\\/www.artisanlocal.ch\\\/c\\\/#organization\",\"name\":\"Artisanlocal\",\"url\":\"https:\\\/\\\/www.artisanlocal.ch\\\/c\\\/\",\"logo\":{\"@type\":\"ImageObject\",\"inLanguage\":\"fr-FR\",\"@id\":\"https:\\\/\\\/www.artisanlocal.ch\\\/c\\\/#\\\/schema\\\/logo\\\/image\\\/\",\"url\":\"https:\\\/\\\/www.artisanlocal.ch\\\/c\\\/wp-content\\\/uploads\\\/2024\\\/02\\\/logo-artisanlocal-h.svg\",\"contentUrl\":\"https:\\\/\\\/www.artisanlocal.ch\\\/c\\\/wp-content\\\/uploads\\\/2024\\\/02\\\/logo-artisanlocal-h.svg\",\"caption\":\"Artisanlocal\"},\"image\":{\"@id\":\"https:\\\/\\\/www.artisanlocal.ch\\\/c\\\/#\\\/schema\\\/logo\\\/image\\\/\"}}]}<\/script>\n<!-- \/ Yoast SEO Premium plugin. -->","yoast_head_json":{"title":"Chauffagiste dans le canton de Neuch\u00e2tel ? - Artisanlocal","robots":{"index":"index","follow":"follow","max-snippet":"max-snippet:-1","max-image-preview":"max-image-preview:large","max-video-preview":"max-video-preview:-1"},"canonical":"https:\/\/www.artisanlocal.ch\/c\/chauffagiste-dans-le-canton-de-neuchatel\/","og_locale":"fr_FR","og_type":"article","og_title":"Chauffagiste dans le canton de Neuch\u00e2tel ?","og_description":"Besoin d&rsquo;assistance pour votre chauffage ? Si vous \u00eates dans le canton de Neuch\u00e2tel, Artisanlocal s&rsquo;occupe de la r\u00e9paration et de l&rsquo;installation de votre \u00e9quipement de chauffage. En travaillant avec notre entreprise, vous b\u00e9n\u00e9ficiez : de prix clair, de services de premier choix, de services dans le canton de Neuch\u00e2tel et dans les villes proches, [&hellip;]","og_url":"https:\/\/www.artisanlocal.ch\/c\/chauffagiste-dans-le-canton-de-neuchatel\/","og_site_name":"Artisanlocal","article_modified_time":"2025-11-06T11:33:42+00:00","og_image":[{"width":1920,"height":300,"url":"https:\/\/www.artisanlocal.ch\/c\/wp-content\/uploads\/2024\/10\/chauffagiste.jpg","type":"image\/jpeg"}],"twitter_card":"summary_large_image","twitter_misc":{"Dur\u00e9e de lecture estim\u00e9e":"6 minutes"},"schema":{"@context":"https:\/\/schema.org","@graph":[{"@type":"WebPage","@id":"https:\/\/www.artisanlocal.ch\/c\/chauffagiste-dans-le-canton-de-neuchatel\/","url":"https:\/\/www.artisanlocal.ch\/c\/chauffagiste-dans-le-canton-de-neuchatel\/","name":"Chauffagiste dans le canton de Neuch\u00e2tel ? - Artisanlocal","isPartOf":{"@id":"https:\/\/www.artisanlocal.ch\/c\/#website"},"primaryImageOfPage":{"@id":"https:\/\/www.artisanlocal.ch\/c\/chauffagiste-dans-le-canton-de-neuchatel\/#primaryimage"},"image":{"@id":"https:\/\/www.artisanlocal.ch\/c\/chauffagiste-dans-le-canton-de-neuchatel\/#primaryimage"},"thumbnailUrl":"https:\/\/www.artisanlocal.ch\/c\/wp-content\/uploads\/2024\/10\/chauffagiste.jpg","datePublished":"2024-04-18T21:55:51+00:00","dateModified":"2025-11-06T11:33:42+00:00","breadcrumb":{"@id":"https:\/\/www.artisanlocal.ch\/c\/chauffagiste-dans-le-canton-de-neuchatel\/#breadcrumb"},"inLanguage":"fr-FR","potentialAction":[{"@type":"ReadAction","target":["https:\/\/www.artisanlocal.ch\/c\/chauffagiste-dans-le-canton-de-neuchatel\/"]}]},{"@type":"ImageObject","inLanguage":"fr-FR","@id":"https:\/\/www.artisanlocal.ch\/c\/chauffagiste-dans-le-canton-de-neuchatel\/#primaryimage","url":"https:\/\/www.artisanlocal.ch\/c\/wp-content\/uploads\/2024\/10\/chauffagiste.jpg","contentUrl":"https:\/\/www.artisanlocal.ch\/c\/wp-content\/uploads\/2024\/10\/chauffagiste.jpg","width":1920,"height":300},{"@type":"BreadcrumbList","@id":"https:\/\/www.artisanlocal.ch\/c\/chauffagiste-dans-le-canton-de-neuchatel\/#breadcrumb","itemListElement":[{"@type":"ListItem","position":1,"name":"Accueil","item":"https:\/\/www.artisanlocal.ch\/c\/"},{"@type":"ListItem","position":2,"name":"Chauffagiste dans le canton de Neuch\u00e2tel ?"}]},{"@type":"WebSite","@id":"https:\/\/www.artisanlocal.ch\/c\/#website","url":"https:\/\/www.artisanlocal.ch\/c\/","name":"Artisanlocal","description":"","publisher":{"@id":"https:\/\/www.artisanlocal.ch\/c\/#organization"},"potentialAction":[{"@type":"SearchAction","target":{"@type":"EntryPoint","urlTemplate":"https:\/\/www.artisanlocal.ch\/c\/?s={search_term_string}"},"query-input":{"@type":"PropertyValueSpecification","valueRequired":true,"valueName":"search_term_string"}}],"inLanguage":"fr-FR"},{"@type":"Organization","@id":"https:\/\/www.artisanlocal.ch\/c\/#organization","name":"Artisanlocal","url":"https:\/\/www.artisanlocal.ch\/c\/","logo":{"@type":"ImageObject","inLanguage":"fr-FR","@id":"https:\/\/www.artisanlocal.ch\/c\/#\/schema\/logo\/image\/","url":"https:\/\/www.artisanlocal.ch\/c\/wp-content\/uploads\/2024\/02\/logo-artisanlocal-h.svg","contentUrl":"https:\/\/www.artisanlocal.ch\/c\/wp-content\/uploads\/2024\/02\/logo-artisanlocal-h.svg","caption":"Artisanlocal"},"image":{"@id":"https:\/\/www.artisanlocal.ch\/c\/#\/schema\/logo\/image\/"}}]}},"_links":{"self":[{"href":"https:\/\/www.artisanlocal.ch\/c\/wp-json\/wp\/v2\/pages\/702","targetHints":{"allow":["GET"]}}],"collection":[{"href":"https:\/\/www.artisanlocal.ch\/c\/wp-json\/wp\/v2\/pages"}],"about":[{"href":"https:\/\/www.artisanlocal.ch\/c\/wp-json\/wp\/v2\/types\/page"}],"author":[{"embeddable":true,"href":"https:\/\/www.artisanlocal.ch\/c\/wp-json\/wp\/v2\/users\/4"}],"replies":[{"embeddable":true,"href":"https:\/\/www.artisanlocal.ch\/c\/wp-json\/wp\/v2\/comments?post=702"}],"version-history":[{"count":0,"href":"https:\/\/www.artisanlocal.ch\/c\/wp-json\/wp\/v2\/pages\/702\/revisions"}],"wp:featuredmedia":[{"embeddable":true,"href":"https:\/\/www.artisanlocal.ch\/c\/wp-json\/wp\/v2\/media\/2757"}],"wp:attachment":[{"href":"https:\/\/www.artisanlocal.ch\/c\/wp-json\/wp\/v2\/media?parent=702"}],"wp:term":[{"taxonomy":"profession","embeddable":true,"href":"https:\/\/www.artisanlocal.ch\/c\/wp-json\/wp\/v2\/profession?post=702"},{"taxonomy":"location","embeddable":true,"href":"https:\/\/www.artisanlocal.ch\/c\/wp-json\/wp\/v2\/location?post=702"},{"taxonomy":"canton","embeddable":true,"href":"https:\/\/www.artisanlocal.ch\/c\/wp-json\/wp\/v2\/canton?post=702"}],"curies":[{"name":"wp","href":"https:\/\/api.w.org\/{rel}","templated":true}]}}