{"id":703,"date":"2024-04-19T02:13:22","date_gmt":"2024-04-19T00:13:22","guid":{"rendered":"https:\/\/www.artisanlocal.ch\/c\/chauffagiste-dans-le-canton-du-valais\/"},"modified":"2025-11-06T12:33:42","modified_gmt":"2025-11-06T11:33:42","slug":"chauffagiste-dans-le-canton-du-valais","status":"publish","type":"page","link":"https:\/\/www.artisanlocal.ch\/c\/chauffagiste-dans-le-canton-du-valais\/","title":{"rendered":"Chauffagiste dans le canton du Valais ?"},"content":{"rendered":"<p>Vous avez besoin d&rsquo;un chauffagiste dans le canton du Valais ? Artisanlocal assure la r\u00e9paration de votre chaudi\u00e8re et r\u00e9alise l&rsquo;installation de votre chauffage dans le canton du Valais. Si vous travaillez avec notre entreprise, vous profitez :<\/p>\n<ul>\n<li>de prix clair,<\/li>\n<li>de prestations haut de gamme,<\/li>\n<li>d&rsquo;intervention dans le canton du Valais et dans ses alentours,<\/li>\n<li>d&rsquo;une \u00e9quipe avec de l&rsquo;exp\u00e9rience,<\/li>\n<li>d&rsquo;estimations gratuites,<\/li>\n<li>d&rsquo;une \u00e9quipe disponible du lundi au samedi.<\/li>\n<\/ul>\n<h2>Pourquoi choisir notre soci\u00e9t\u00e9 ?<\/h2>\n<p>\u00c9valuation rapide de votre projet : une fois que vous avez rempli le formulaire, notre chauffagiste dans le canton du Valais vous contact dans la m\u00eame journ\u00e9e.<\/p>\n<p>D\u00e9placement de notre technicien \u00e0 votre domicile : le jour de votre demande, le technicien chauffagiste Valais peut se rendre \u00e0 votre domicile pour estimer le co\u00fbt pour l&rsquo;installation ou le changement de votre chauffage. Par la suite, vous recevez un devis d\u00e9taill\u00e9 et vous pouvez nous poser vos demandes.<\/p>\n<p>Installation de votre syst\u00e8me de chauffage dans les 24\/48 heures : d\u00e8s que le devis est valid\u00e9 avec notre expert \u00e0 canton du Valais. Nous d\u00e9terminerons la date de notre intervention ensemble.<\/p>\n<p>Assistance technique et de r\u00e9paration : si votre chauffage, chaudi\u00e8re ou chauffe-eau pr\u00e9sente un dysfonctionnement. Notre \u00e9quipe de chauffagistes est disponible pour intervenir dans le canton du Valais et aussi dans les communes \u00e0 proximit\u00e9.<\/p>\n<h2>Pourquoi est-il indispensable d&rsquo;entretenir votre chauffage ?<\/h2>\n<p>Assurer le bon fonctionnement de votre \u00e9quipement de chauffage est essentiel, si vous avez des jeunes enfants. Nos chauffagistes vous aident \u00e0 ajuster la bonne temp\u00e9rature et la concentration de monoxyde de carbone cr\u00e9\u00e9 par votre chauffage. Quel que soit le type de votre chauffage, nos experts garantissent la maintenance et l&rsquo;entretien, de votre \u00e9quipement de chauffage : \u00e0 accumulation, basse temp\u00e9rature, \u00e9lectrique, fioul, condensation ou \u00e0 gaz.<\/p>\n<h2>Est-il possible qu&rsquo;Artisanlocal m&rsquo;aide \u00e0 distance ?<\/h2>\n<p>Oui, Artisanlocal peut vous assister \u00e0 distance. Il vous suffit de nous d\u00e9crire votre situation pour que nous puissions en d\u00e9finir les raisons et identifier la solution. Il faut garder en t\u00eate que dans la plupart des cas, un chauffagiste doit se d\u00e9placer chez vous pour identifier et r\u00e9parer le probl\u00e8me.<\/p>\n<h2>Quel est le fonctionnement d&rsquo;Artisanlocal ?<\/h2>\n<ol>\n<li>Prise de contact : vous devez nous contacter par mail ou par t\u00e9l\u00e9phone.<\/li>\n<li>Intervention : un de nos techniciens se d\u00e9place \u00e0 votre logement.<\/li>\n<li>\u00c9valuation : on analysera la taille de vos pi\u00e8ces, l&rsquo;isolation et l&rsquo;\u00e9quipement actuel pour \u00e9valuer et d\u00e9terminer la solution id\u00e9ale.<\/li>\n<li>Recommandation : une proposition vous sera propos\u00e9e en fonction de vos moyens et de vos demandes.<\/li>\n<li>Prix : vous recevez un devis d\u00e9taill\u00e9, vous pr\u00e9sentant les diverses d\u00e9penses.<\/li>\n<li>Mise en place : apr\u00e8s avoir sign\u00e9 notre devis, nous effectuons l&rsquo;installation de votre chauffage et ajustons le thermostat par rapport \u00e0 vos besoins.<\/li>\n<\/ol>\n<h2>Quels sont les chauffages les plus performants pour votre habitation ?<\/h2>\n<p>L&rsquo;expert qui se d\u00e9place \u00e0 votre domicile, vous conseille pour choisir le meilleur chauffage possible, comme les chauffages : \u00e0 condensation, \u00e0 gaz, \u00e9lectriques, classiques, fioul ou encore basses temp\u00e9ratures.<\/p>\n<p>Les \u00e9quipements de chauffages \u00e0 condensation ou \u00e0 basse temp\u00e9rature, malgr\u00e9 un co\u00fbt plus important, ils offrent la capacit\u00e9 de faire des \u00e9conomies \u00e0 long terme.<\/p>\n<p>De plus, avant de poser votre chauffage, il convient de configurer la bonne temp\u00e9rature en fonction de votre habitation et vos d\u00e9sirs. Le chauffagiste qui vient chez vous est un professionnel avec une grande exp\u00e9rience. Vous trouverez dans notre devis les d\u00e9tails de notre intervention.<\/p>\n<h2>Service de maintenance de votre chauffage dans le canton du Valais<\/h2>\n<p>Veillez \u00e0 r\u00e9aliser la maintenance de votre chauffage tous les ans, qu&rsquo;il soit au fioul ou au gaz. Avoir recours \u00e0 un expert pour l&rsquo;entretien de votre chauffage offre la possibilit\u00e9 de contr\u00f4ler les \u00e9missions de monoxyde de carbone. \u00c0 noter, si votre chauffage cr\u00e9e beaucoup de monoxyde de carbone, cela peut provoquer une intoxication. Le chauffagiste qui se rend chez vous r\u00e8gle et contr\u00f4le le taux de monoxyde de carbone de votre chauffage afin de vous emp\u00eacher d\u2019avoir des potentiels soucis de sant\u00e9.<\/p>\n<h2>Contrat de maintenance pour votre chauffage dans le canton du Valais<\/h2>\n<p>Notre entreprise propose des forfaits d\u2019entretiens pour votre chauffage dans le but d&rsquo;en assurer le fonctionnement optimal. Avec un entretien r\u00e9gulier, vous r\u00e9alisez des \u00e9conomies en \u00e9vitant les pannes et les interventions en urgence.<\/p>\n<p>Par ailleurs, si vous avez un d\u00e9g\u00e2t ou un sinistre, votre assureur vous r\u00e9clame le contrat d&rsquo;entretien dans le but de comparer l&rsquo;\u00e9tat de votre chauffage en amont l&rsquo;accident. Vous avez le choix de signer avec Artisanlocal un contrat de maintenance pluriannuel ou annuel.<\/p>\n<h2>Pourquoi souscrire \u00e0 un contrat de maintenance pour votre chauffage ?<\/h2>\n<p>Si vous avez une partie qui est endommag\u00e9e, nous la rempla\u00e7ons en urgence, nous prenons l&rsquo;engagement de v\u00e9rifier tout votre chauffage, comme :<\/p>\n<ul>\n<li>La tension dans vos tuyaux,<\/li>\n<li>le nettoyage des conduits de raccordement, et des parties chauffantes.<\/li>\n<\/ul>\n<h2>Quels services offre Artisanlocal ?<\/h2>\n<p>Nos techniciens interviennent dans votre domicile, pour :<\/p>\n<ul>\n<li>le d\u00e9tartrage et le d\u00e9sembouage de radiateur,<\/li>\n<li>la purge de vos radiateurs,<\/li>\n<li>la maintenance de votre chauffage, chaudi\u00e8re et chauffe-eau,<\/li>\n<li>le param\u00e9trage de votre thermostat,<\/li>\n<li>l&rsquo;entretien chaudi\u00e8res \u00e0 condensation, \u00e0 accumulation, \u00e0 gaz, \u00e0 fioul, \u00e9lectriques et basses temp\u00e9ratures,<\/li>\n<li>la remise en \u00e9tat de la vanne de vidange,<\/li>\n<li> la r\u00e9paration et le d\u00e9pannage sur tous types de pannes : fuite de tuyauterie, radiateur qui ne marche plus, chaudi\u00e8re, etc.<\/li>\n<li>la pose de votre : chauffage, pompe \u00e0 chaleur, chaudi\u00e8re, radiateur \u00e9lectrique, plancher chauffant, etc.<\/li>\n<\/ul>\n<h2>Foire aux questions<\/h2>\n<h3>Pourquoi avoir recours \u00e0 un chauffagiste dans le canton du Valais ?<\/h3>\n<p>Renforcer la temp\u00e9rature de votre int\u00e9rieur : un chauffage efficace maintient la temp\u00e9rature int\u00e9rieur de votre domicile.<\/p>\n<p>Faire des \u00e9conomies : en achetant des \u00e9quipements de qualit\u00e9, exemple le chauffage et l&rsquo;isolation, vous effectuez des \u00e9conomies et limiter vos \u00e9missions de CO2.<\/p>\n<p>Garantir la s\u00e9curit\u00e9 de votre syst\u00e8me de chauffage : respecter les r\u00e8gles de s\u00e9curit\u00e9 maintient votre chauffage s\u00fbr et performant (par exemple, pour limiter le taux de monoxyde de carbone).<\/p>\n<p>Pr\u00e9voir les incidents : un technicien chauffagiste est en mesure d&rsquo;anticiper les d\u00e9g\u00e2ts des eaux, juste en observant vos installations.<\/p>\n<h3>Quels sont les crit\u00e8res \u00e0 prendre en consid\u00e9ration pour choisir le meilleur technicien chauffagiste dans le canton du Valais ?<\/h3>\n<p>La qualification : v\u00e9rifiez les certifications attestant que l\u2019entreprise \u00e0 un v\u00e9ritable savoir-faire dans son domaine d&rsquo;expertise.<\/p>\n<p>Les avis clients : n&rsquo;h\u00e9sitez pas \u00e0 consulter les avis des clients ayant d\u00e9j\u00e0 fait appel \u00e0 l&rsquo;entreprise afin de vous faire une opinion.<\/p>\n<p>Les assurances : contr\u00f4lez que les techniciens sont assur\u00e9s en cas de dommages.<\/p>\n<h3>\u00c0 quelle rapidit\u00e9 votre entreprise intervient dans le canton du Valais ?<\/h3>\n<p>Si vous avez une demande d&rsquo;intervention urgente, nous avons la possibilit\u00e9 d\u2019intervenir sous un d\u00e9lai de deux heures, s&rsquo;il n&rsquo;y a pas d&rsquo;urgence concernant votre demande, nous intervenons en g\u00e9n\u00e9ral durant la journ\u00e9e.<\/p>\n<h3>Votre entreprise est disponible pour op\u00e9rer dans le canton du Valais, mais \u00e9galement dans les communes aux alentours ?<\/h3>\n<p>Oui, nous op\u00e9rons dans le canton du Valais et dans les villes, comme : Charrat, Saxon, Riddes, Mayens-de-Chamoson, Ovronnaz, Dugny (Leytron), Leytron, Montagnon (Leytron), Produit (Leytron), Saillon, Is\u00e9rables, Auddes-sur-Riddes, La Tzoumaz, Martigny, Martigny-Croix, Fully, Chemin, Ravoire, Trient, Bovernier, Les Valettes (Bovernier), Chamoille (Sembrancher), La Garde (Sembrancher), Sembrancher, Vens (Sembrancher), Bruson, Le Ch\u00e2ble VS, Verbier, Orsi\u00e8res, Champex-Lac, Cries (Voll\u00e8ges), Voll\u00e8ges, Levron, Praz-de-Fort, La Fouly VS, Chandonne (Liddes), Chez Petit (Liddes), Dranse (Liddes), Fontaine Dessous (Liddes), Fontaine Dessus (Liddes), Fornex (Liddes), Les Moulins VS (Liddes), Liddes, Palasuit (Liddes), Petit Vich\u00e8res (Liddes), Rive Haute (Liddes), Vich\u00e8res (Liddes), Bourg-St-Pierre, Champsec, Verseg\u00e8res, Fionnay, Lourtier, Sarreyer, Collombey, Massongex, Monthey, Cho\u00ebx, Les Giettes, Troistorrents, Champoussin, Les Crosets, Val-d'Illiez, Champ\u00e9ry, Morgins, Mex VS, St-Maurice, V\u00e9rossaz, Morcles, Muraz (Collombey), Vionnaz, Miex, Vouvry, Bouveret, Les Evouettes, St-Gingolph, Torgon, Evionnaz, Collonges, Vernayaz, Dor\u00e9naz, Les Granges (Salvan), Salvan, Le Tr\u00e9tien, Les Mar\u00e9cottes, Finhaut, Le Ch\u00e2telard VS, Sion, Chamoson, Grugnay (Chamoson), Les V\u00e9rines (Chamoson), N\u00e9miaz (Chamoson), St-Pierre-de-Clages, Ardon, St-L\u00e9onard, Uvrier, Vernami\u00e8ge, Pont-de-la-Morge (Sion), V\u00e9troz, Conthey, Savi\u00e8se, Bramois, Mase, Eison (St-Martin), Liez (St-Martin), St-Martin VS, Suen (St-Martin), Trogne (St-Martin), Champlan (Grimisuat), Grimisuat, Nax, Arbaz, St-S\u00e9verin, Aven, Daillon, Erde, Vex, Euseigne, Evol\u00e8ne, Lanna, La Tour VS, Les Haud\u00e8res, La Forclaz VS, La Sage, Villa (Evol\u00e8ne), Arolla, H\u00e9r\u00e9mence, Les Collons, Thyon, Arvillard (Salins), Mis\u00e9riez (Salins), Pravidondaz (Salins), Salins, Turin (Salins), Cr\u00eate-\u00e0-l'Oeil (Les Agettes), La Vernaz (Les Agettes), Les Agettes, Les Mayens-de-Sion, Cl\u00e8bes (Nendaz), Veysonnaz, Aproz (Nendaz), Baar (Nendaz), Basse-Nendaz, Beuson (Nendaz), Bieudron (Nendaz), Brignon (Nendaz), Cond\u00e9mines (Nendaz), Fey (Nendaz), Saclentse, Haute-Nendaz, Siviez (Nendaz), Sornard (Nendaz), Argnou (Ayent), Blignou (Ayent), Botyre (Ayent), Fortunau (Ayent), La Place (Ayent), Luc (Ayent), Saxonne (Ayent), Sign\u00e8se (Ayent), St-Romain (Ayent), Villa (Ayent), Anz\u00e8re, Icogne, Lens, Corin-de-la-Cr\u00eate, Loc, Muraz (Sierre), Sierre, Niouc, Ayer, Chandolin, Grimentz, St-Jean VS, St-Luc, Vissoie, Zinal, Aminona, Crans-Montana, Montana, Chippis, Chalais, R\u00e9chy, Vercorin, Veyras, Chermignon, Chermignon-d'en-Bas, Ollon VS, Mi\u00e8ge, Venth\u00f4ne, Mollens VS, Randogne, Champzab\u00e9, No\u00ebs, Granges VS, Flanthey, Gr\u00f4ne, Saas-Almagell, Saas-Fee, Saas-Balen, Saas-Grund, Ferden, Goppenstein, Kippel, Wiler (L\u00f6tschen), Blatten (L\u00f6tschen), Zermatt, Eisten, Kalpetran, Stalden VS, T\u00f6rbel, St. Niklaus VS, Gr\u00e4chen, Embd, Herbriggen, Randa, T\u00e4sch, Eyholz, Visp, Lalden, Visperterminen, Staldenried, Zeneggen, B\u00fcrchen, Baltschieder, Ausserberg, Steg VS, Niedergesteln, Raron, St. German, Eischoll, Unterb\u00e4ch VS, Gampel, Niedergampel, Gruben, Turtmann, Ergisch, Oberems, Unterems, Hohtenn, Agarn, Susten, Inden, Leuk Stadt, Varen, Leukerbad, Albinen, Guttet-Feschel, Erschmatt, Bratsch, Salgesch, Brig, Brigerbad, Gamsen, Rothwald, Glis, Birgisch, Mund, Naters, Gabi (Simplon), Simplon Dorf, Simplon Hospiz, Gondo, Ried-Brig, Termen, Rosswald, Belalp, Blatten b. Naters, Eggerberg, Bitsch, Bister, Goppisberg, Greich, Filet, M\u00f6rel, Fiesch, Fieschertal, Geschinen, M\u00fcnster VS, Ried-M\u00f6rel, Riederalp, Obergesteln, Ulrichen, Blitzingen, Niederwald, Biel VS, Ritzingen, Selkingen, Betten, Bettmeralp, Grengiols, Lax, Martisberg, Ausserbinn, Ernen, M\u00fchlebach (Goms), Steinhaus, Binn, Bellwald, Gluringen, Reckingen VS, Oberwald.<\/p>\n","protected":false},"excerpt":{"rendered":"<p>Vous avez besoin d&rsquo;un chauffagiste dans le canton du Valais ? Artisanlocal assure la r\u00e9paration de votre chaudi\u00e8re et r\u00e9alise l&rsquo;installation de votre chauffage dans le canton du Valais. Si vous travaillez avec notre entreprise, vous profitez : de prix clair, de prestations haut de gamme, d&rsquo;intervention dans le canton du Valais et dans ses [&hellip;]<\/p>\n","protected":false},"author":4,"featured_media":2757,"parent":0,"menu_order":0,"comment_status":"closed","ping_status":"closed","template":"wp-custom-template-page-canton","meta":{"footnotes":""},"profession":[120],"location":[],"canton":[110],"class_list":["post-703","page","type-page","status-publish","has-post-thumbnail","hentry","profession-chauffagiste","canton-vs"],"yoast_head":"<!-- This site is optimized with the Yoast SEO Premium plugin v25.7.1 (Yoast SEO v27.4) - https:\/\/yoast.com\/product\/yoast-seo-premium-wordpress\/ -->\n<title>Chauffagiste dans le canton du Valais ? - Artisanlocal<\/title>\n<meta name=\"robots\" content=\"index, follow, max-snippet:-1, max-image-preview:large, max-video-preview:-1\" \/>\n<link rel=\"canonical\" href=\"https:\/\/www.artisanlocal.ch\/c\/chauffagiste-dans-le-canton-du-valais\/\" \/>\n<meta property=\"og:locale\" content=\"fr_FR\" \/>\n<meta property=\"og:type\" content=\"article\" \/>\n<meta property=\"og:title\" content=\"Chauffagiste dans le canton du Valais ?\" \/>\n<meta property=\"og:description\" content=\"Vous avez besoin d&rsquo;un chauffagiste dans le canton du Valais ? Artisanlocal assure la r\u00e9paration de votre chaudi\u00e8re et r\u00e9alise l&rsquo;installation de votre chauffage dans le canton du Valais. Si vous travaillez avec notre entreprise, vous profitez : de prix clair, de prestations haut de gamme, d&rsquo;intervention dans le canton du Valais et dans ses [&hellip;]\" \/>\n<meta property=\"og:url\" content=\"https:\/\/www.artisanlocal.ch\/c\/chauffagiste-dans-le-canton-du-valais\/\" \/>\n<meta property=\"og:site_name\" content=\"Artisanlocal\" \/>\n<meta property=\"article:modified_time\" content=\"2025-11-06T11:33:42+00:00\" \/>\n<meta property=\"og:image\" content=\"https:\/\/www.artisanlocal.ch\/c\/wp-content\/uploads\/2024\/10\/chauffagiste.jpg\" \/>\n\t<meta property=\"og:image:width\" content=\"1920\" \/>\n\t<meta property=\"og:image:height\" content=\"300\" \/>\n\t<meta property=\"og:image:type\" content=\"image\/jpeg\" \/>\n<meta name=\"twitter:card\" content=\"summary_large_image\" \/>\n<meta name=\"twitter:label1\" content=\"Dur\u00e9e de lecture estim\u00e9e\" \/>\n\t<meta name=\"twitter:data1\" content=\"6 minutes\" \/>\n<script type=\"application\/ld+json\" class=\"yoast-schema-graph\">{\"@context\":\"https:\\\/\\\/schema.org\",\"@graph\":[{\"@type\":\"WebPage\",\"@id\":\"https:\\\/\\\/www.artisanlocal.ch\\\/c\\\/chauffagiste-dans-le-canton-du-valais\\\/\",\"url\":\"https:\\\/\\\/www.artisanlocal.ch\\\/c\\\/chauffagiste-dans-le-canton-du-valais\\\/\",\"name\":\"Chauffagiste dans le canton du Valais ? - Artisanlocal\",\"isPartOf\":{\"@id\":\"https:\\\/\\\/www.artisanlocal.ch\\\/c\\\/#website\"},\"primaryImageOfPage\":{\"@id\":\"https:\\\/\\\/www.artisanlocal.ch\\\/c\\\/chauffagiste-dans-le-canton-du-valais\\\/#primaryimage\"},\"image\":{\"@id\":\"https:\\\/\\\/www.artisanlocal.ch\\\/c\\\/chauffagiste-dans-le-canton-du-valais\\\/#primaryimage\"},\"thumbnailUrl\":\"https:\\\/\\\/www.artisanlocal.ch\\\/c\\\/wp-content\\\/uploads\\\/2024\\\/10\\\/chauffagiste.jpg\",\"datePublished\":\"2024-04-19T00:13:22+00:00\",\"dateModified\":\"2025-11-06T11:33:42+00:00\",\"breadcrumb\":{\"@id\":\"https:\\\/\\\/www.artisanlocal.ch\\\/c\\\/chauffagiste-dans-le-canton-du-valais\\\/#breadcrumb\"},\"inLanguage\":\"fr-FR\",\"potentialAction\":[{\"@type\":\"ReadAction\",\"target\":[\"https:\\\/\\\/www.artisanlocal.ch\\\/c\\\/chauffagiste-dans-le-canton-du-valais\\\/\"]}]},{\"@type\":\"ImageObject\",\"inLanguage\":\"fr-FR\",\"@id\":\"https:\\\/\\\/www.artisanlocal.ch\\\/c\\\/chauffagiste-dans-le-canton-du-valais\\\/#primaryimage\",\"url\":\"https:\\\/\\\/www.artisanlocal.ch\\\/c\\\/wp-content\\\/uploads\\\/2024\\\/10\\\/chauffagiste.jpg\",\"contentUrl\":\"https:\\\/\\\/www.artisanlocal.ch\\\/c\\\/wp-content\\\/uploads\\\/2024\\\/10\\\/chauffagiste.jpg\",\"width\":1920,\"height\":300},{\"@type\":\"BreadcrumbList\",\"@id\":\"https:\\\/\\\/www.artisanlocal.ch\\\/c\\\/chauffagiste-dans-le-canton-du-valais\\\/#breadcrumb\",\"itemListElement\":[{\"@type\":\"ListItem\",\"position\":1,\"name\":\"Accueil\",\"item\":\"https:\\\/\\\/www.artisanlocal.ch\\\/c\\\/\"},{\"@type\":\"ListItem\",\"position\":2,\"name\":\"Chauffagiste dans le canton du Valais ?\"}]},{\"@type\":\"WebSite\",\"@id\":\"https:\\\/\\\/www.artisanlocal.ch\\\/c\\\/#website\",\"url\":\"https:\\\/\\\/www.artisanlocal.ch\\\/c\\\/\",\"name\":\"Artisanlocal\",\"description\":\"\",\"publisher\":{\"@id\":\"https:\\\/\\\/www.artisanlocal.ch\\\/c\\\/#organization\"},\"potentialAction\":[{\"@type\":\"SearchAction\",\"target\":{\"@type\":\"EntryPoint\",\"urlTemplate\":\"https:\\\/\\\/www.artisanlocal.ch\\\/c\\\/?s={search_term_string}\"},\"query-input\":{\"@type\":\"PropertyValueSpecification\",\"valueRequired\":true,\"valueName\":\"search_term_string\"}}],\"inLanguage\":\"fr-FR\"},{\"@type\":\"Organization\",\"@id\":\"https:\\\/\\\/www.artisanlocal.ch\\\/c\\\/#organization\",\"name\":\"Artisanlocal\",\"url\":\"https:\\\/\\\/www.artisanlocal.ch\\\/c\\\/\",\"logo\":{\"@type\":\"ImageObject\",\"inLanguage\":\"fr-FR\",\"@id\":\"https:\\\/\\\/www.artisanlocal.ch\\\/c\\\/#\\\/schema\\\/logo\\\/image\\\/\",\"url\":\"https:\\\/\\\/www.artisanlocal.ch\\\/c\\\/wp-content\\\/uploads\\\/2024\\\/02\\\/logo-artisanlocal-h.svg\",\"contentUrl\":\"https:\\\/\\\/www.artisanlocal.ch\\\/c\\\/wp-content\\\/uploads\\\/2024\\\/02\\\/logo-artisanlocal-h.svg\",\"caption\":\"Artisanlocal\"},\"image\":{\"@id\":\"https:\\\/\\\/www.artisanlocal.ch\\\/c\\\/#\\\/schema\\\/logo\\\/image\\\/\"}}]}<\/script>\n<!-- \/ Yoast SEO Premium plugin. -->","yoast_head_json":{"title":"Chauffagiste dans le canton du Valais ? - Artisanlocal","robots":{"index":"index","follow":"follow","max-snippet":"max-snippet:-1","max-image-preview":"max-image-preview:large","max-video-preview":"max-video-preview:-1"},"canonical":"https:\/\/www.artisanlocal.ch\/c\/chauffagiste-dans-le-canton-du-valais\/","og_locale":"fr_FR","og_type":"article","og_title":"Chauffagiste dans le canton du Valais ?","og_description":"Vous avez besoin d&rsquo;un chauffagiste dans le canton du Valais ? Artisanlocal assure la r\u00e9paration de votre chaudi\u00e8re et r\u00e9alise l&rsquo;installation de votre chauffage dans le canton du Valais. Si vous travaillez avec notre entreprise, vous profitez : de prix clair, de prestations haut de gamme, d&rsquo;intervention dans le canton du Valais et dans ses [&hellip;]","og_url":"https:\/\/www.artisanlocal.ch\/c\/chauffagiste-dans-le-canton-du-valais\/","og_site_name":"Artisanlocal","article_modified_time":"2025-11-06T11:33:42+00:00","og_image":[{"width":1920,"height":300,"url":"https:\/\/www.artisanlocal.ch\/c\/wp-content\/uploads\/2024\/10\/chauffagiste.jpg","type":"image\/jpeg"}],"twitter_card":"summary_large_image","twitter_misc":{"Dur\u00e9e de lecture estim\u00e9e":"6 minutes"},"schema":{"@context":"https:\/\/schema.org","@graph":[{"@type":"WebPage","@id":"https:\/\/www.artisanlocal.ch\/c\/chauffagiste-dans-le-canton-du-valais\/","url":"https:\/\/www.artisanlocal.ch\/c\/chauffagiste-dans-le-canton-du-valais\/","name":"Chauffagiste dans le canton du Valais ? - Artisanlocal","isPartOf":{"@id":"https:\/\/www.artisanlocal.ch\/c\/#website"},"primaryImageOfPage":{"@id":"https:\/\/www.artisanlocal.ch\/c\/chauffagiste-dans-le-canton-du-valais\/#primaryimage"},"image":{"@id":"https:\/\/www.artisanlocal.ch\/c\/chauffagiste-dans-le-canton-du-valais\/#primaryimage"},"thumbnailUrl":"https:\/\/www.artisanlocal.ch\/c\/wp-content\/uploads\/2024\/10\/chauffagiste.jpg","datePublished":"2024-04-19T00:13:22+00:00","dateModified":"2025-11-06T11:33:42+00:00","breadcrumb":{"@id":"https:\/\/www.artisanlocal.ch\/c\/chauffagiste-dans-le-canton-du-valais\/#breadcrumb"},"inLanguage":"fr-FR","potentialAction":[{"@type":"ReadAction","target":["https:\/\/www.artisanlocal.ch\/c\/chauffagiste-dans-le-canton-du-valais\/"]}]},{"@type":"ImageObject","inLanguage":"fr-FR","@id":"https:\/\/www.artisanlocal.ch\/c\/chauffagiste-dans-le-canton-du-valais\/#primaryimage","url":"https:\/\/www.artisanlocal.ch\/c\/wp-content\/uploads\/2024\/10\/chauffagiste.jpg","contentUrl":"https:\/\/www.artisanlocal.ch\/c\/wp-content\/uploads\/2024\/10\/chauffagiste.jpg","width":1920,"height":300},{"@type":"BreadcrumbList","@id":"https:\/\/www.artisanlocal.ch\/c\/chauffagiste-dans-le-canton-du-valais\/#breadcrumb","itemListElement":[{"@type":"ListItem","position":1,"name":"Accueil","item":"https:\/\/www.artisanlocal.ch\/c\/"},{"@type":"ListItem","position":2,"name":"Chauffagiste dans le canton du Valais ?"}]},{"@type":"WebSite","@id":"https:\/\/www.artisanlocal.ch\/c\/#website","url":"https:\/\/www.artisanlocal.ch\/c\/","name":"Artisanlocal","description":"","publisher":{"@id":"https:\/\/www.artisanlocal.ch\/c\/#organization"},"potentialAction":[{"@type":"SearchAction","target":{"@type":"EntryPoint","urlTemplate":"https:\/\/www.artisanlocal.ch\/c\/?s={search_term_string}"},"query-input":{"@type":"PropertyValueSpecification","valueRequired":true,"valueName":"search_term_string"}}],"inLanguage":"fr-FR"},{"@type":"Organization","@id":"https:\/\/www.artisanlocal.ch\/c\/#organization","name":"Artisanlocal","url":"https:\/\/www.artisanlocal.ch\/c\/","logo":{"@type":"ImageObject","inLanguage":"fr-FR","@id":"https:\/\/www.artisanlocal.ch\/c\/#\/schema\/logo\/image\/","url":"https:\/\/www.artisanlocal.ch\/c\/wp-content\/uploads\/2024\/02\/logo-artisanlocal-h.svg","contentUrl":"https:\/\/www.artisanlocal.ch\/c\/wp-content\/uploads\/2024\/02\/logo-artisanlocal-h.svg","caption":"Artisanlocal"},"image":{"@id":"https:\/\/www.artisanlocal.ch\/c\/#\/schema\/logo\/image\/"}}]}},"_links":{"self":[{"href":"https:\/\/www.artisanlocal.ch\/c\/wp-json\/wp\/v2\/pages\/703","targetHints":{"allow":["GET"]}}],"collection":[{"href":"https:\/\/www.artisanlocal.ch\/c\/wp-json\/wp\/v2\/pages"}],"about":[{"href":"https:\/\/www.artisanlocal.ch\/c\/wp-json\/wp\/v2\/types\/page"}],"author":[{"embeddable":true,"href":"https:\/\/www.artisanlocal.ch\/c\/wp-json\/wp\/v2\/users\/4"}],"replies":[{"embeddable":true,"href":"https:\/\/www.artisanlocal.ch\/c\/wp-json\/wp\/v2\/comments?post=703"}],"version-history":[{"count":0,"href":"https:\/\/www.artisanlocal.ch\/c\/wp-json\/wp\/v2\/pages\/703\/revisions"}],"wp:featuredmedia":[{"embeddable":true,"href":"https:\/\/www.artisanlocal.ch\/c\/wp-json\/wp\/v2\/media\/2757"}],"wp:attachment":[{"href":"https:\/\/www.artisanlocal.ch\/c\/wp-json\/wp\/v2\/media?parent=703"}],"wp:term":[{"taxonomy":"profession","embeddable":true,"href":"https:\/\/www.artisanlocal.ch\/c\/wp-json\/wp\/v2\/profession?post=703"},{"taxonomy":"location","embeddable":true,"href":"https:\/\/www.artisanlocal.ch\/c\/wp-json\/wp\/v2\/location?post=703"},{"taxonomy":"canton","embeddable":true,"href":"https:\/\/www.artisanlocal.ch\/c\/wp-json\/wp\/v2\/canton?post=703"}],"curies":[{"name":"wp","href":"https:\/\/api.w.org\/{rel}","templated":true}]}}