{"id":705,"date":"2024-04-16T09:01:12","date_gmt":"2024-04-16T07:01:12","guid":{"rendered":"https:\/\/www.artisanlocal.ch\/c\/entreprise-de-peintre-a-broc\/"},"modified":"2025-09-18T12:54:05","modified_gmt":"2025-09-18T10:54:05","slug":"entreprise-de-peintre-a-broc","status":"publish","type":"page","link":"https:\/\/www.artisanlocal.ch\/c\/entreprise-de-peintre-a-broc\/","title":{"rendered":"Peintre \u00e0 Broc"},"content":{"rendered":"<p>Besoin d&rsquo;un peintre \u00e0 Broc ? Engagez Artisanlocal pour vos travaux de peinture, si vous \u00eates un Brocois, nous intervenons rapidement chez vous et aussi dans les villes \u00e0 proximit\u00e9.<br \/>\n\r\n<div class=\"box\">\r\n            <div class=\"company-info\">\r\n            <img decoding=\"async\" class=\"company-info__logo\" src=\"https:\/\/www.artisanlocal.ch\/media\/cache\/thumb\/images\/companies\/lb-peinture-sarl.png\" alt=\"Logo\">\r\n            <h2 class=\"company-info__name\">LB Peinture S\u00e0rl<\/h2>\r\n            <p class=\"company-info__business\">Peinture - R\u00e9novation - Isolation - Pl\u00e2trerie - Fa\u00e7ades<\/p>\r\n        <\/div>\r\n        <div class=\"company-contact\">\r\n            <p class=\"company-info__address\">Les Mosses 28<\/p>\r\n                            <div class=\"links\">\r\n                                            <a class=\"btn has-accent-background-color js-phoneNumber\" href=\"tel:0791939610\" title=\"Appelez\" data-id=\"30364\" data-type=\"11\">079 193 96 10<\/a>\r\n                                                                <a class=\"btn has-accent-background-color\" href=\"https:\/\/lbpeinture.ch\/\" target=\"_blank\" title=\"Voir le site internet\" data-id=\"30364\" data-type=\"20\">Site internet<\/a>\r\n                                    <\/div>\r\n                    <\/div>\r\n    \r\n            \r\n<form action=\"https:\/\/www.artisanlocal.ch\/c\/wp-admin\/admin-ajax.php\" method=\"post\" class=\"form-contact\" id=\"artisan_form_contact_company_inline\">\r\n    <div><input type=\"hidden\" name=\"action\" value=\"company_contact\"><\/div>\r\n    <div><input type=\"hidden\" name=\"nonce\" value=\"09754e6304\"><\/div>\r\n    <div><input type=\"hidden\" name=\"company_id\" value=\"30364\"><\/div>\r\n    <div><input type=\"hidden\" name=\"form_id\" value=\"artisan_form_contact_company_inline\"><\/div>\r\n    <div class=\"gglcptch gglcptch_v3 gglcptch_custom\"><input type=\"hidden\" id=\"g-recaptcha-response\" name=\"g-recaptcha-response\" \/><br \/><div class=\"gglcptch_error_text\">La p\u00e9riode de v\u00e9rification reCAPTCHA a expir\u00e9. Veuillez recharger la page.<\/div><\/div>    <div class=\"form-content\">\r\n        <div class=\"form-group\">\r\n            <label for=\"contact_firstName\" class=\"required\">Pr\u00e9nom<\/label>\r\n            <input type=\"text\" name=\"firstName\" class=\"form-control\" required>\r\n        <\/div>\r\n        <div class=\"form-group\">\r\n            <label for=\"contact_lastName\" class=\"required\">Nom<\/label>\r\n            <input type=\"text\" name=\"lastName\" class=\"form-control\" required>\r\n        <\/div>\r\n        <div class=\"form-group\">\r\n            <label for=\"contact_email\" class=\"required\">Email<\/label>\r\n            <input type=\"email\" name=\"email\" class=\"form-control\" required>\r\n        <\/div>\r\n        <div class=\"form-group\">\r\n            <label for=\"contact_phone\" class=\"required\">Num\u00e9ro de t\u00e9l\u00e9phone<\/label>\r\n            <input type=\"tel\" name=\"phone\" class=\"form-control\" placeholder=\"0787117165\" pattern=\"^[0-9]{10}$\" required>\r\n        <\/div>\r\n        <div class=\"form-group\">\r\n            <label for=\"contact_postalCode\" class=\"required\">Code postal et localit\u00e9<\/label>\r\n            <input type=\"text\" name=\"postalCode\" class=\"form-control\" required>\r\n        <\/div>\r\n        <div class=\"form-group\">\r\n            <label for=\"contact_address\" class=\"required\">Adresse<\/label>\r\n            <input type=\"text\" name=\"address\" class=\"form-control\" required>\r\n        <\/div>\r\n        <div class=\"full-width topic\">\r\n            <p class=\"required\">Je souhaite \u00eatre contact\u00e9 pour :<\/p>\r\n            <div class=\"form-check\">\r\n                <input type=\"radio\" name=\"topic\" value=\"D\u00e9pannage\" class=\"form-control\" required>\r\n                <label for=\"d\u00e9pannage\">D\u00e9pannage<\/label>\r\n            <\/div>\r\n            <div class=\"form-check\">\r\n                <input type=\"radio\" name=\"topic\" value=\"Entretien\" class=\"form-control\" required>\r\n                <label for=\"entretien\">Entretien<\/label>\r\n            <\/div>\r\n            <div class=\"form-check\">\r\n                <input type=\"radio\" name=\"topic\" value=\"R\u00e9novation\" class=\"form-control\" required>\r\n                <label for=\"r\u00e9novation\">R\u00e9novation<\/label>\r\n            <\/div>\r\n            <div class=\"form-check\">\r\n                <input type=\"radio\" name=\"topic\" value=\"Autre\" class=\"form-control\" required>\r\n                <label for=\"autre\">Autre<\/label>\r\n            <\/div>\r\n        <\/div>\r\n        <div class=\"form-group full-width\">\r\n            <label for=\"contact_message\">Message<\/label>\r\n            <textarea name=\"message\" rows=\"3\" class=\"form-control\"><\/textarea>\r\n        <\/div>\r\n    <\/div>\r\n    <div class=\"form-actions\">\r\n        <button class=\"wp-block-button__link has-accent-background-color\">Contacter<\/button>\r\n    <\/div>\r\n<\/form>\r\n<div class=\"form-feedback\"><\/div>    <\/div><\/p>\n<h2>Quels sont les travaux que votre soci\u00e9t\u00e9 propose ?<\/h2>\n<ul>\n<li>Peinture int\u00e9rieure : sur les moulures, les murs, les plafonds, les portes, et dans des lieux comme la salle d&rsquo;eau, la chambre et le salon.<\/li>\n<li>Peinture ext\u00e9rieure : sur le bardage, la brique, le stuc, les cl\u00f4tures, les terrasses et les portes de garage.<\/li>\n<li>Peinture d\u00e9corative, pour obtenir des effets : faux marbre, effet oxyd\u00e9, faux bois, patines et vieilli.<\/li>\n<li>Peinture pour cuisine : comme la peinture satin\u00e9e.<\/li>\n<li>L&rsquo;utilisation d&rsquo;enduits d\u00e9coratifs : ajout b\u00e9ton cir\u00e9 ou tadelakt, ou des enduits.<\/li>\n<li>Peinture artistique : r\u00e9alisation de fresques murales, d\u00e9coratives, artistiques, ext\u00e9rieures ou int\u00e9rieures.<\/li>\n<li>Peinture pour le ravalement de fa\u00e7ade : r\u00e9novation de votre fa\u00e7ade ext\u00e9rieure, pose d&rsquo;enduit, peinture, bardage ou cr\u00e9pi.<\/li>\n<li>Peinture sur zones en hauteur : intervention dans des lieux difficiles comme les ponts, les usines ou les tours.<\/li>\n<li>Finition de peinture : sur les meubles de cuisine ou de salle de bain.<\/li>\n<li>Les services d&rsquo;installation et de restauration : des nouvelles cloisons s\u00e8ches, rebouchage des creux dans les murs ou la remise en \u00e9tat des fissures.<\/li>\n<li>Retrait et pose de papier peint : remplacement et d\u00e9collage de votre ancien papier peint.<\/li>\n<li>Peinture pour professionnelle : les \u00e9coles, local commercial, b\u00e2timents d&rsquo;affaires, restaurants et complexes sportifs.<\/li>\n<li>Peinture pour immeuble : pr\u00e9paration des murs et plafonds, nouvelle couche et finitions.<\/li>\n<\/ul>\n<h2>Comment fonctionne votre soci\u00e9t\u00e9 ?<\/h2>\n<p>Dans notre soci\u00e9t\u00e9, nous avons d\u00e9velopp\u00e9 un processus afin de r\u00e9pondre aux besoins de nos clients.<\/p>\n<h3>\u00c9tape 1\u00a0 : estimation<\/h3>\n<p>Demandez une estimation gratuite en ligne ou par t\u00e9l\u00e9phone et recevez un devis de vos travaux rapidement.<\/p>\n<h3>\u00c9tape 2\u00a0 : \u00e9tudier votre devis<\/h3>\n<p>Ayez la garantie que le devis que vous recevez fixe correctement le prix de vos travaux. En cas de probl\u00e9matique sur votre estimation, n&rsquo;h\u00e9sitez pas \u00e0 nous joindre pour avoir des informations en plus.<\/p>\n<h3>\u00c9tape 3\u00a0 : programmer la date de commencement<\/h3>\n<p>D\u00e8s que vous avez confirm\u00e9 le devis, nous d\u00e9terminons ensemble la date de d\u00e9marrage de votre projet. Pour atteindre vos objectifs, nous vous attribuons un chef de projet.<\/p>\n<h2>Que faut-il d\u00e9bourser pour une prestation de peinture \u00e0 Broc ?<\/h2>\n<p>Le tarif d&rsquo;une intervention est impact\u00e9 par l&rsquo;\u00e9tat de vos plafonds et vos murs. En g\u00e9n\u00e9ral, les prix varient entre 60 et 70 CHF par heure. \u00c0 peu pr\u00e8s 80% \u00e0 90% du co\u00fbt sont attribu\u00e9s \u00e0 la main-d&rsquo;\u0153uvre, tandis que la peinture ne pr\u00e9sente que 10% \u00e0 20% du budget.<\/p>\n<h2>Quelles sont les raisons de choisir nos peintres \u00e0 Broc ?<\/h2>\n<ul>\n<li>Accessibilit\u00e9 : nos peintres sont accessibles en continu \u00e0 Broc pour r\u00e9pondre rapidement \u00e0 vos attentes.<\/li>\n<li>Qualit\u00e9 : en choisissant nos services de peinture, vous avez l&rsquo;assurance de profiter de prestations de qualit\u00e9, effectu\u00e9es avec professionnalisme et s\u00e9rieux.<\/li>\n<li>Prix comp\u00e9titifs : nous proposons des montants comp\u00e9titifs, adapt\u00e9s \u00e0 vos demandes et \u00e0 votre enveloppe budg\u00e9taire.<\/li>\n<li>Offres personnalis\u00e9es : nous prenons en consid\u00e9ration les sp\u00e9cificit\u00e9s de votre projet pour vous proposer une offre personnalis\u00e9e.<\/li>\n<li>Les comp\u00e9tences : nos peintres professionnels ont une grande exp\u00e9rience : de la pr\u00e9paration avant l&rsquo;application de la peinture, \u00e0 la pose des diff\u00e9rentes couches et la r\u00e9alisation des finitions.<\/li>\n<\/ul>\n<h2>FAQ<\/h2>\n<h3>Quelle peinture utilisez-vous ?<\/h3>\n<p>Nous utilisons uniquement des peintures de qualit\u00e9. Les pots de peinture que vous avez pay\u00e9s peuvent \u00eatre aussi utilis\u00e9s par nos peintres.<\/p>\n<h3>Votre soci\u00e9t\u00e9 est-elle ouverte le week-end ?<\/h3>\n<p>Oui, nos \u00e9quipes sont disponibles le samedi et le dimanche \u00e0 Broc.<\/p>\n<h3>Prot\u00e9gez-vous mon int\u00e9rieur ?<\/h3>\n<p>Oui, avant les travaux, nous prot\u00e9geons vos meubles et \u00e9lectrom\u00e9nagers. Notifiez-nous avant de commencer, tous vos objets fragiles, notre soci\u00e9t\u00e9 prendra des pr\u00e9cautions en plus.<\/p>\n<h3>Quels sont les recours si je juge le travail r\u00e9alis\u00e9 incomplet ?<\/h3>\n<p>Si vous n&rsquo;\u00eates pas satisfait \u00e0 100% des r\u00e9sultats, nous interviendrons de nouveau pour r\u00e9gler les probl\u00e8mes tant que vous ne serez pas satisfait.<\/p>\n<h3>Vos devis sont gratuits ?<\/h3>\n<p>Oui, nos devis sont 100% gratuits et sans engagements. Si vous voulez plus d&rsquo;informations, un technicien se d\u00e9place pour valider le devis.<\/p>\n<h3>Votre soci\u00e9t\u00e9 r\u00e9alise des interventions \u00e0 proximit\u00e9 de Broc ?<\/h3>\n<p>Oui, notre soci\u00e9t\u00e9 op\u00e8re \u00e0 Broc, et \u00e9galement dans les villes proches, telles que :<\/p>\nMaules, S\u00e2les (Gruy\u00e8re), Romanens, Rueyres-Treyfayes, Treyfayes, Vaulruz, Vuadens, Bulle, Riaz, Marsens, Vuippens, La Roche FR, La Tour-de-Tr\u00eame, Charmey (Gruy\u00e8re), Morlon, Sorens, Gumefens, Avry-devant-Pont, Le Bry, Echarlens, Corbi\u00e8res, Hauteville, Pont-la-Ville, Villarvolard, Botterens, Villarbeney, Ch\u00e2tel-sur-Montsalvens, Cr\u00e9suz, Im Fang, Jaun, Abl\u00e4ndschen, Le P\u00e2quier-Montbarry, Epagny, Gruy\u00e8res, Mol\u00e9son-sur-Gruy\u00e8res, Pringy, Estavannens, Grandvillard, Villars-sous-Mont, Enney, Albeuve, Lessoc, Montbovon, Neirivue, Les Sciernes-d'Albeuve.\n","protected":false},"excerpt":{"rendered":"<p>Besoin d&rsquo;un peintre \u00e0 Broc ? Engagez Artisanlocal pour vos travaux de peinture, si vous \u00eates un Brocois, nous intervenons rapidement chez vous et aussi dans les villes \u00e0 proximit\u00e9. Quels sont les travaux que votre soci\u00e9t\u00e9 propose ? Peinture int\u00e9rieure : sur les moulures, les murs, les plafonds, les portes, et dans des lieux [&hellip;]<\/p>\n","protected":false},"author":4,"featured_media":2756,"parent":0,"menu_order":0,"comment_status":"closed","ping_status":"closed","template":"","meta":{"footnotes":""},"profession":[121],"location":[115],"canton":[109],"class_list":["post-705","page","type-page","status-publish","has-post-thumbnail","hentry","profession-peintre","location-broc","canton-fr"],"yoast_head":"<!-- This site is optimized with the Yoast SEO Premium plugin v25.7.1 (Yoast SEO v27.4) - https:\/\/yoast.com\/product\/yoast-seo-premium-wordpress\/ -->\n<title>Peintre \u00e0 Broc - Artisanlocal<\/title>\n<meta name=\"robots\" content=\"index, follow, max-snippet:-1, max-image-preview:large, max-video-preview:-1\" \/>\n<link rel=\"canonical\" href=\"https:\/\/www.artisanlocal.ch\/c\/entreprise-de-peintre-a-broc\/\" \/>\n<meta property=\"og:locale\" content=\"fr_FR\" \/>\n<meta property=\"og:type\" content=\"article\" \/>\n<meta property=\"og:title\" content=\"Peintre \u00e0 Broc\" \/>\n<meta property=\"og:description\" content=\"Besoin d&rsquo;un peintre \u00e0 Broc ? Engagez Artisanlocal pour vos travaux de peinture, si vous \u00eates un Brocois, nous intervenons rapidement chez vous et aussi dans les villes \u00e0 proximit\u00e9. Quels sont les travaux que votre soci\u00e9t\u00e9 propose ? Peinture int\u00e9rieure : sur les moulures, les murs, les plafonds, les portes, et dans des lieux [&hellip;]\" \/>\n<meta property=\"og:url\" content=\"https:\/\/www.artisanlocal.ch\/c\/entreprise-de-peintre-a-broc\/\" \/>\n<meta property=\"og:site_name\" content=\"Artisanlocal\" \/>\n<meta property=\"article:modified_time\" content=\"2025-09-18T10:54:05+00:00\" \/>\n<meta property=\"og:image\" content=\"https:\/\/www.artisanlocal.ch\/c\/wp-content\/uploads\/2024\/10\/peintre.jpg\" \/>\n\t<meta property=\"og:image:width\" content=\"1920\" \/>\n\t<meta property=\"og:image:height\" content=\"300\" \/>\n\t<meta property=\"og:image:type\" content=\"image\/jpeg\" \/>\n<meta name=\"twitter:card\" content=\"summary_large_image\" \/>\n<meta name=\"twitter:label1\" content=\"Dur\u00e9e de lecture estim\u00e9e\" \/>\n\t<meta name=\"twitter:data1\" content=\"4 minutes\" \/>\n<script type=\"application\/ld+json\" class=\"yoast-schema-graph\">{\"@context\":\"https:\\\/\\\/schema.org\",\"@graph\":[{\"@type\":\"WebPage\",\"@id\":\"https:\\\/\\\/www.artisanlocal.ch\\\/c\\\/entreprise-de-peintre-a-broc\\\/\",\"url\":\"https:\\\/\\\/www.artisanlocal.ch\\\/c\\\/entreprise-de-peintre-a-broc\\\/\",\"name\":\"Peintre \u00e0 Broc - Artisanlocal\",\"isPartOf\":{\"@id\":\"https:\\\/\\\/www.artisanlocal.ch\\\/c\\\/#website\"},\"primaryImageOfPage\":{\"@id\":\"https:\\\/\\\/www.artisanlocal.ch\\\/c\\\/entreprise-de-peintre-a-broc\\\/#primaryimage\"},\"image\":{\"@id\":\"https:\\\/\\\/www.artisanlocal.ch\\\/c\\\/entreprise-de-peintre-a-broc\\\/#primaryimage\"},\"thumbnailUrl\":\"https:\\\/\\\/www.artisanlocal.ch\\\/c\\\/wp-content\\\/uploads\\\/2024\\\/10\\\/peintre.jpg\",\"datePublished\":\"2024-04-16T07:01:12+00:00\",\"dateModified\":\"2025-09-18T10:54:05+00:00\",\"breadcrumb\":{\"@id\":\"https:\\\/\\\/www.artisanlocal.ch\\\/c\\\/entreprise-de-peintre-a-broc\\\/#breadcrumb\"},\"inLanguage\":\"fr-FR\",\"potentialAction\":[{\"@type\":\"ReadAction\",\"target\":[\"https:\\\/\\\/www.artisanlocal.ch\\\/c\\\/entreprise-de-peintre-a-broc\\\/\"]}]},{\"@type\":\"ImageObject\",\"inLanguage\":\"fr-FR\",\"@id\":\"https:\\\/\\\/www.artisanlocal.ch\\\/c\\\/entreprise-de-peintre-a-broc\\\/#primaryimage\",\"url\":\"https:\\\/\\\/www.artisanlocal.ch\\\/c\\\/wp-content\\\/uploads\\\/2024\\\/10\\\/peintre.jpg\",\"contentUrl\":\"https:\\\/\\\/www.artisanlocal.ch\\\/c\\\/wp-content\\\/uploads\\\/2024\\\/10\\\/peintre.jpg\",\"width\":1920,\"height\":300},{\"@type\":\"BreadcrumbList\",\"@id\":\"https:\\\/\\\/www.artisanlocal.ch\\\/c\\\/entreprise-de-peintre-a-broc\\\/#breadcrumb\",\"itemListElement\":[{\"@type\":\"ListItem\",\"position\":1,\"name\":\"Accueil\",\"item\":\"https:\\\/\\\/www.artisanlocal.ch\\\/c\\\/\"},{\"@type\":\"ListItem\",\"position\":2,\"name\":\"Peintre \u00e0 Broc\"}]},{\"@type\":\"WebSite\",\"@id\":\"https:\\\/\\\/www.artisanlocal.ch\\\/c\\\/#website\",\"url\":\"https:\\\/\\\/www.artisanlocal.ch\\\/c\\\/\",\"name\":\"Artisanlocal\",\"description\":\"\",\"publisher\":{\"@id\":\"https:\\\/\\\/www.artisanlocal.ch\\\/c\\\/#organization\"},\"potentialAction\":[{\"@type\":\"SearchAction\",\"target\":{\"@type\":\"EntryPoint\",\"urlTemplate\":\"https:\\\/\\\/www.artisanlocal.ch\\\/c\\\/?s={search_term_string}\"},\"query-input\":{\"@type\":\"PropertyValueSpecification\",\"valueRequired\":true,\"valueName\":\"search_term_string\"}}],\"inLanguage\":\"fr-FR\"},{\"@type\":\"Organization\",\"@id\":\"https:\\\/\\\/www.artisanlocal.ch\\\/c\\\/#organization\",\"name\":\"Artisanlocal\",\"url\":\"https:\\\/\\\/www.artisanlocal.ch\\\/c\\\/\",\"logo\":{\"@type\":\"ImageObject\",\"inLanguage\":\"fr-FR\",\"@id\":\"https:\\\/\\\/www.artisanlocal.ch\\\/c\\\/#\\\/schema\\\/logo\\\/image\\\/\",\"url\":\"https:\\\/\\\/www.artisanlocal.ch\\\/c\\\/wp-content\\\/uploads\\\/2024\\\/02\\\/logo-artisanlocal-h.svg\",\"contentUrl\":\"https:\\\/\\\/www.artisanlocal.ch\\\/c\\\/wp-content\\\/uploads\\\/2024\\\/02\\\/logo-artisanlocal-h.svg\",\"caption\":\"Artisanlocal\"},\"image\":{\"@id\":\"https:\\\/\\\/www.artisanlocal.ch\\\/c\\\/#\\\/schema\\\/logo\\\/image\\\/\"}}]}<\/script>\n<!-- \/ Yoast SEO Premium plugin. -->","yoast_head_json":{"title":"Peintre \u00e0 Broc - Artisanlocal","robots":{"index":"index","follow":"follow","max-snippet":"max-snippet:-1","max-image-preview":"max-image-preview:large","max-video-preview":"max-video-preview:-1"},"canonical":"https:\/\/www.artisanlocal.ch\/c\/entreprise-de-peintre-a-broc\/","og_locale":"fr_FR","og_type":"article","og_title":"Peintre \u00e0 Broc","og_description":"Besoin d&rsquo;un peintre \u00e0 Broc ? Engagez Artisanlocal pour vos travaux de peinture, si vous \u00eates un Brocois, nous intervenons rapidement chez vous et aussi dans les villes \u00e0 proximit\u00e9. Quels sont les travaux que votre soci\u00e9t\u00e9 propose ? Peinture int\u00e9rieure : sur les moulures, les murs, les plafonds, les portes, et dans des lieux [&hellip;]","og_url":"https:\/\/www.artisanlocal.ch\/c\/entreprise-de-peintre-a-broc\/","og_site_name":"Artisanlocal","article_modified_time":"2025-09-18T10:54:05+00:00","og_image":[{"width":1920,"height":300,"url":"https:\/\/www.artisanlocal.ch\/c\/wp-content\/uploads\/2024\/10\/peintre.jpg","type":"image\/jpeg"}],"twitter_card":"summary_large_image","twitter_misc":{"Dur\u00e9e de lecture estim\u00e9e":"4 minutes"},"schema":{"@context":"https:\/\/schema.org","@graph":[{"@type":"WebPage","@id":"https:\/\/www.artisanlocal.ch\/c\/entreprise-de-peintre-a-broc\/","url":"https:\/\/www.artisanlocal.ch\/c\/entreprise-de-peintre-a-broc\/","name":"Peintre \u00e0 Broc - Artisanlocal","isPartOf":{"@id":"https:\/\/www.artisanlocal.ch\/c\/#website"},"primaryImageOfPage":{"@id":"https:\/\/www.artisanlocal.ch\/c\/entreprise-de-peintre-a-broc\/#primaryimage"},"image":{"@id":"https:\/\/www.artisanlocal.ch\/c\/entreprise-de-peintre-a-broc\/#primaryimage"},"thumbnailUrl":"https:\/\/www.artisanlocal.ch\/c\/wp-content\/uploads\/2024\/10\/peintre.jpg","datePublished":"2024-04-16T07:01:12+00:00","dateModified":"2025-09-18T10:54:05+00:00","breadcrumb":{"@id":"https:\/\/www.artisanlocal.ch\/c\/entreprise-de-peintre-a-broc\/#breadcrumb"},"inLanguage":"fr-FR","potentialAction":[{"@type":"ReadAction","target":["https:\/\/www.artisanlocal.ch\/c\/entreprise-de-peintre-a-broc\/"]}]},{"@type":"ImageObject","inLanguage":"fr-FR","@id":"https:\/\/www.artisanlocal.ch\/c\/entreprise-de-peintre-a-broc\/#primaryimage","url":"https:\/\/www.artisanlocal.ch\/c\/wp-content\/uploads\/2024\/10\/peintre.jpg","contentUrl":"https:\/\/www.artisanlocal.ch\/c\/wp-content\/uploads\/2024\/10\/peintre.jpg","width":1920,"height":300},{"@type":"BreadcrumbList","@id":"https:\/\/www.artisanlocal.ch\/c\/entreprise-de-peintre-a-broc\/#breadcrumb","itemListElement":[{"@type":"ListItem","position":1,"name":"Accueil","item":"https:\/\/www.artisanlocal.ch\/c\/"},{"@type":"ListItem","position":2,"name":"Peintre \u00e0 Broc"}]},{"@type":"WebSite","@id":"https:\/\/www.artisanlocal.ch\/c\/#website","url":"https:\/\/www.artisanlocal.ch\/c\/","name":"Artisanlocal","description":"","publisher":{"@id":"https:\/\/www.artisanlocal.ch\/c\/#organization"},"potentialAction":[{"@type":"SearchAction","target":{"@type":"EntryPoint","urlTemplate":"https:\/\/www.artisanlocal.ch\/c\/?s={search_term_string}"},"query-input":{"@type":"PropertyValueSpecification","valueRequired":true,"valueName":"search_term_string"}}],"inLanguage":"fr-FR"},{"@type":"Organization","@id":"https:\/\/www.artisanlocal.ch\/c\/#organization","name":"Artisanlocal","url":"https:\/\/www.artisanlocal.ch\/c\/","logo":{"@type":"ImageObject","inLanguage":"fr-FR","@id":"https:\/\/www.artisanlocal.ch\/c\/#\/schema\/logo\/image\/","url":"https:\/\/www.artisanlocal.ch\/c\/wp-content\/uploads\/2024\/02\/logo-artisanlocal-h.svg","contentUrl":"https:\/\/www.artisanlocal.ch\/c\/wp-content\/uploads\/2024\/02\/logo-artisanlocal-h.svg","caption":"Artisanlocal"},"image":{"@id":"https:\/\/www.artisanlocal.ch\/c\/#\/schema\/logo\/image\/"}}]}},"_links":{"self":[{"href":"https:\/\/www.artisanlocal.ch\/c\/wp-json\/wp\/v2\/pages\/705","targetHints":{"allow":["GET"]}}],"collection":[{"href":"https:\/\/www.artisanlocal.ch\/c\/wp-json\/wp\/v2\/pages"}],"about":[{"href":"https:\/\/www.artisanlocal.ch\/c\/wp-json\/wp\/v2\/types\/page"}],"author":[{"embeddable":true,"href":"https:\/\/www.artisanlocal.ch\/c\/wp-json\/wp\/v2\/users\/4"}],"replies":[{"embeddable":true,"href":"https:\/\/www.artisanlocal.ch\/c\/wp-json\/wp\/v2\/comments?post=705"}],"version-history":[{"count":0,"href":"https:\/\/www.artisanlocal.ch\/c\/wp-json\/wp\/v2\/pages\/705\/revisions"}],"wp:featuredmedia":[{"embeddable":true,"href":"https:\/\/www.artisanlocal.ch\/c\/wp-json\/wp\/v2\/media\/2756"}],"wp:attachment":[{"href":"https:\/\/www.artisanlocal.ch\/c\/wp-json\/wp\/v2\/media?parent=705"}],"wp:term":[{"taxonomy":"profession","embeddable":true,"href":"https:\/\/www.artisanlocal.ch\/c\/wp-json\/wp\/v2\/profession?post=705"},{"taxonomy":"location","embeddable":true,"href":"https:\/\/www.artisanlocal.ch\/c\/wp-json\/wp\/v2\/location?post=705"},{"taxonomy":"canton","embeddable":true,"href":"https:\/\/www.artisanlocal.ch\/c\/wp-json\/wp\/v2\/canton?post=705"}],"curies":[{"name":"wp","href":"https:\/\/api.w.org\/{rel}","templated":true}]}}