{"id":707,"date":"2024-04-16T01:00:49","date_gmt":"2024-04-15T23:00:49","guid":{"rendered":"https:\/\/www.artisanlocal.ch\/c\/entreprise-artisanale-de-peinture-a-bulle-artisanlocal-effectue-tous-vos-travaux-en-peinture\/"},"modified":"2025-09-17T12:19:33","modified_gmt":"2025-09-17T10:19:33","slug":"entreprise-artisanale-de-peinture-a-bulle-artisanlocal-effectue-tous-vos-travaux-en-peinture","status":"publish","type":"page","link":"https:\/\/www.artisanlocal.ch\/c\/entreprise-artisanale-de-peinture-a-bulle-artisanlocal-effectue-tous-vos-travaux-en-peinture\/","title":{"rendered":"Peintre \u00e0 Bulle"},"content":{"rendered":"<p>Besoin d&rsquo;un peintre \u00e0 Bulle ? Artisanlocal propose des services de qualit\u00e9, de l&rsquo;\u00e9tude de votre projet aux finitions, si vous \u00eates un Bullois, nous intervenons rapidement chez vous et aussi dans les villes aux environs.<br \/>\n\r\n<div class=\"box\">\r\n            <div class=\"company-info\">\r\n            <img decoding=\"async\" class=\"company-info__logo\" src=\"https:\/\/www.artisanlocal.ch\/media\/cache\/thumb\/images\/companies\/lb-peinture-sarl.png\" alt=\"Logo\">\r\n            <h2 class=\"company-info__name\">LB Peinture S\u00e0rl<\/h2>\r\n            <p class=\"company-info__business\">Peinture - R\u00e9novation - Isolation - Pl\u00e2trerie - Fa\u00e7ades<\/p>\r\n        <\/div>\r\n        <div class=\"company-contact\">\r\n            <p class=\"company-info__address\">Les Mosses 28<\/p>\r\n                            <div class=\"links\">\r\n                                            <a class=\"btn has-accent-background-color js-phoneNumber\" href=\"tel:0791939610\" title=\"Appelez\" data-id=\"30364\" data-type=\"11\">079 193 96 10<\/a>\r\n                                                                <a class=\"btn has-accent-background-color\" href=\"https:\/\/lbpeinture.ch\/\" target=\"_blank\" title=\"Voir le site internet\" data-id=\"30364\" data-type=\"20\">Site internet<\/a>\r\n                                    <\/div>\r\n                    <\/div>\r\n    \r\n            \r\n<form action=\"https:\/\/www.artisanlocal.ch\/c\/wp-admin\/admin-ajax.php\" method=\"post\" class=\"form-contact\" id=\"artisan_form_contact_company_inline\">\r\n    <div><input type=\"hidden\" name=\"action\" value=\"company_contact\"><\/div>\r\n    <div><input type=\"hidden\" name=\"nonce\" value=\"ce3305ca91\"><\/div>\r\n    <div><input type=\"hidden\" name=\"company_id\" value=\"30364\"><\/div>\r\n    <div><input type=\"hidden\" name=\"form_id\" value=\"artisan_form_contact_company_inline\"><\/div>\r\n    <div class=\"gglcptch gglcptch_v3 gglcptch_custom\"><input type=\"hidden\" id=\"g-recaptcha-response\" name=\"g-recaptcha-response\" \/><br \/><div class=\"gglcptch_error_text\">La p\u00e9riode de v\u00e9rification reCAPTCHA a expir\u00e9. Veuillez recharger la page.<\/div><\/div>    <div class=\"form-content\">\r\n        <div class=\"form-group\">\r\n            <label for=\"contact_firstName\" class=\"required\">Pr\u00e9nom<\/label>\r\n            <input type=\"text\" name=\"firstName\" class=\"form-control\" required>\r\n        <\/div>\r\n        <div class=\"form-group\">\r\n            <label for=\"contact_lastName\" class=\"required\">Nom<\/label>\r\n            <input type=\"text\" name=\"lastName\" class=\"form-control\" required>\r\n        <\/div>\r\n        <div class=\"form-group\">\r\n            <label for=\"contact_email\" class=\"required\">Email<\/label>\r\n            <input type=\"email\" name=\"email\" class=\"form-control\" required>\r\n        <\/div>\r\n        <div class=\"form-group\">\r\n            <label for=\"contact_phone\" class=\"required\">Num\u00e9ro de t\u00e9l\u00e9phone<\/label>\r\n            <input type=\"tel\" name=\"phone\" class=\"form-control\" placeholder=\"0787117165\" pattern=\"^[0-9]{10}$\" required>\r\n        <\/div>\r\n        <div class=\"form-group\">\r\n            <label for=\"contact_postalCode\" class=\"required\">Code postal et localit\u00e9<\/label>\r\n            <input type=\"text\" name=\"postalCode\" class=\"form-control\" required>\r\n        <\/div>\r\n        <div class=\"form-group\">\r\n            <label for=\"contact_address\" class=\"required\">Adresse<\/label>\r\n            <input type=\"text\" name=\"address\" class=\"form-control\" required>\r\n        <\/div>\r\n        <div class=\"full-width topic\">\r\n            <p class=\"required\">Je souhaite \u00eatre contact\u00e9 pour :<\/p>\r\n            <div class=\"form-check\">\r\n                <input type=\"radio\" name=\"topic\" value=\"D\u00e9pannage\" class=\"form-control\" required>\r\n                <label for=\"d\u00e9pannage\">D\u00e9pannage<\/label>\r\n            <\/div>\r\n            <div class=\"form-check\">\r\n                <input type=\"radio\" name=\"topic\" value=\"Entretien\" class=\"form-control\" required>\r\n                <label for=\"entretien\">Entretien<\/label>\r\n            <\/div>\r\n            <div class=\"form-check\">\r\n                <input type=\"radio\" name=\"topic\" value=\"R\u00e9novation\" class=\"form-control\" required>\r\n                <label for=\"r\u00e9novation\">R\u00e9novation<\/label>\r\n            <\/div>\r\n            <div class=\"form-check\">\r\n                <input type=\"radio\" name=\"topic\" value=\"Autre\" class=\"form-control\" required>\r\n                <label for=\"autre\">Autre<\/label>\r\n            <\/div>\r\n        <\/div>\r\n        <div class=\"form-group full-width\">\r\n            <label for=\"contact_message\">Message<\/label>\r\n            <textarea name=\"message\" rows=\"3\" class=\"form-control\"><\/textarea>\r\n        <\/div>\r\n    <\/div>\r\n    <div class=\"form-actions\">\r\n        <button class=\"wp-block-button__link has-accent-background-color\">Contacter<\/button>\r\n    <\/div>\r\n<\/form>\r\n<div class=\"form-feedback\"><\/div>    <\/div><\/p>\n<h2>Quels sont les services qu&rsquo;Artisanlocal ?<\/h2>\n<ul>\n<li>Peinture int\u00e9rieure : sur vos plafonds, murs, portes, moulures, ou dans vos pi\u00e8ces, comme votre salle de bain, salon ou chambre.<\/li>\n<li>Peinture ext\u00e9rieure : ajout d\u2019une nouvelle couche de peinture sur les cl\u00f4tures, les terrasses, le bardage, les portes de garage, la brique et le stuc.<\/li>\n<li>Peinture d\u00e9corative : pour cr\u00e9er des effets visuels comme le faux marbre, les patines, l&rsquo;effet vieilli, le faux bois et l&rsquo;effet oxyd\u00e9.<\/li>\n<li>Peinture de cuisine : pose d&rsquo;une couche, comme la peinture satin\u00e9e, qui se lave facilement.<\/li>\n<li>Les travaux d&rsquo;enduits d\u00e9coratifs : mise en place d&rsquo;enduits comme le tadelakt ou le b\u00e9ton cir\u00e9.<\/li>\n<li>Peinture artistique : fabrication de fresques murales, d\u00e9coratives, artistiques, ext\u00e9rieures ou int\u00e9rieures.<\/li>\n<li>Peinture pour le ravalement de fa\u00e7ade : restauration, r\u00e9novation des fa\u00e7ades de b\u00e2timents avec enduit, bardage, cr\u00e9pi ou peinture.<\/li>\n<li>Peinture sur zones en hauteur : nos peintres op\u00e8rent dans des environnements difficiles comme les usines, les tours ou les ponts.<\/li>\n<li>Peinture avec finition : application des finitions sur le mobilier de cuisine ou dans la salle de bain.<\/li>\n<li>Les services d&rsquo;installation et de r\u00e9novation : le comblement des fissures, l&rsquo;installation de votre placo, ou la remise en \u00e9tat des trous dans les murs.<\/li>\n<li>La suppression et installation de papier peint : changement et d\u00e9collage de votre ancienne tapisserie.<\/li>\n<li>Peinture pour soci\u00e9t\u00e9 : bureaux, restaurants, \u00e9tablissements \u00e9ducatifs, studios de sports et autres biens immobiliers commerciaux.<\/li>\n<li>Peintre pour immeuble : de la pr\u00e9paration des zones avant les travaux de peinture, la r\u00e9alisation des travaux de finition et la pose des rev\u00eatements\/peintures.<\/li>\n<\/ul>\n<h2>Quel est le processus de fonctionnement de votre soci\u00e9t\u00e9 ?<\/h2>\n<p>Nous avons cr\u00e9\u00e9 un processus afin de r\u00e9pondre de la meilleure mani\u00e8re possible aux probl\u00e9matiques nos clients.<\/p>\n<h3>\u00c9tape 1\u00a0 : demandez un devis<\/h3>\n<p>Demandez un devis sans frais par t\u00e9l\u00e9phone ou en ligne dans un d\u00e9lai de 24 heures.<\/p>\n<h3>\u00c9tape 2\u00a0 : \u00e9tudiez votre estimation<\/h3>\n<p>Soyez assur\u00e9 que le devis que vous recevez d\u00e9finit correctement le co\u00fbt de votre projet de peinture. En cas de questionnement sur votre devis, n&rsquo;h\u00e9sitez pas \u00e0 nous contacter pour avoir des informations suppl\u00e9mentaires.<\/p>\n<h3>\u00c9tape 3\u00a0 : programmez la date de commencement de votre projet<\/h3>\n<p>Apr\u00e8s avoir valid\u00e9 le devis, nous programmons ensemble le d\u00e9but de votre projet. Pour assurer la bonne r\u00e9ussite de votre chantier, nous vous mettons \u00e0 votre disposition un chef de projet.<\/p>\n<h2>Quel est le prix d&rsquo;une prestation de peinture \u00e0 Bulle ?<\/h2>\n<p>Le prix d&rsquo;une intervention est influenc\u00e9 par l&rsquo;\u00e9tat de vos plafonds et vos murs. En g\u00e9n\u00e9ral, les tarifs varient entre 60 et 70 francs suisses par heure. \u00c0 peu pr\u00e8s 80% \u00e0 90% du prix total sont attribu\u00e9s \u00e0 la main-d&rsquo;\u0153uvre, alors que la peinture ne pr\u00e9sente que 10% \u00e0 20% de l&rsquo;enveloppe financi\u00e8re.<\/p>\n<h2>Quels sont les avantages de travailler avec Artisanlocal ?<\/h2>\n<ul>\n<li>Disponibilit\u00e9 : localis\u00e9s \u00e0 Bulle, nos peintres interviennent rapidement chez vous.<\/li>\n<li>Qualit\u00e9 : en faisant appel \u00e0 notre entreprise de peinture, vous avez l&rsquo;assurance de b\u00e9n\u00e9ficier de prestations de qualit\u00e9, effectu\u00e9es avec soin et professionnalisme.<\/li>\n<li>Tarifs attractifs : nos tarifs sont attractifs, adapt\u00e9s \u00e0 vos demandes et \u00e0 votre budget.<\/li>\n<li>Services individualis\u00e9s : nous prenons en consid\u00e9ration les sp\u00e9cificit\u00e9s de votre projet dans le but de vous offrir des solutions sur-mesure.<\/li>\n<li>Nos peintres \u00e0 Bulle poss\u00e8dent un large \u00e9ventail de comp\u00e9tences, comme : le nettoyage et la pr\u00e9paration des zones avant l&rsquo;application de la peinture, l&rsquo;application des diff\u00e9rentes couches et la r\u00e9alisation des touches finales.<\/li>\n<\/ul>\n<h2>FAQ<\/h2>\n<h3>Quelle peinture est-ce que vous utilisez ?<\/h3>\n<p>Nous utilisons uniquement des peintures de qualit\u00e9. Les pots de peinture que vous avez en stock peuvent \u00eatre aussi utilis\u00e9s par nos artisans peintres.<\/p>\n<h3>Votre \u00e9quipe est-elle disponible le week-end ?<\/h3>\n<p>Oui, nous sommes disponibles le week-end.<\/p>\n<h3>Assurez-vous la protection de mon mobilier ?<\/h3>\n<p>Oui, avant les travaux, nous couvrons vos appareils \u00e9lectrom\u00e9nagers et vos meubles. N\u00e9anmoins, si vous poss\u00e9dez des objets susceptibles de se briser, nous vous pr\u00e9conisons d&rsquo;en informer notre \u00e9quipe, nous prendrons plus de pr\u00e9cautions.<\/p>\n<h3>Quels sont les recours si je juge le travail accompli incomplet ?<\/h3>\n<p>Si notre prestation ne vous satisfait pas, nous prenons l&rsquo;engagement d&rsquo;effectuer les corrections n\u00e9cessaires jusqu&rsquo;\u00e0 ce que vous soyez satisfait.<\/p>\n<h3>Fournissez-vous des devis gratuits ?<\/h3>\n<p>Oui, nos devis sont gratuits. Si vous voulez plus d&rsquo;informations, un technicien se rend \u00e0 votre domicile dans le but de valider votre estimation avec vous.<\/p>\n<h3>La soci\u00e9t\u00e9 Artisanlocal effectue-t-elle des travaux dans les villes proches de Bulle ?<\/h3>\n<p>Oui, nous intervenons \u00e0 Bulle, et aussi dans les villes proches, telles que :<\/p>\nMaules, S\u00e2les (Gruy\u00e8re), Romanens, Rueyres-Treyfayes, Treyfayes, Vaulruz, Vuadens, Riaz, Marsens, Vuippens, La Roche FR, La Tour-de-Tr\u00eame, Broc, Charmey (Gruy\u00e8re), Morlon, Sorens, Gumefens, Avry-devant-Pont, Le Bry, Echarlens, Corbi\u00e8res, Hauteville, Pont-la-Ville, Villarvolard, Botterens, Villarbeney, Ch\u00e2tel-sur-Montsalvens, Cr\u00e9suz, Im Fang, Jaun, Abl\u00e4ndschen, Le P\u00e2quier-Montbarry, Epagny, Gruy\u00e8res, Mol\u00e9son-sur-Gruy\u00e8res, Pringy, Estavannens, Grandvillard, Villars-sous-Mont, Enney, Albeuve, Lessoc, Montbovon, Neirivue, Les Sciernes-d'Albeuve.\n","protected":false},"excerpt":{"rendered":"<p>Besoin d&rsquo;un peintre \u00e0 Bulle ? Artisanlocal propose des services de qualit\u00e9, de l&rsquo;\u00e9tude de votre projet aux finitions, si vous \u00eates un Bullois, nous intervenons rapidement chez vous et aussi dans les villes aux environs. Quels sont les services qu&rsquo;Artisanlocal ? Peinture int\u00e9rieure : sur vos plafonds, murs, portes, moulures, ou dans vos pi\u00e8ces, [&hellip;]<\/p>\n","protected":false},"author":4,"featured_media":2756,"parent":0,"menu_order":0,"comment_status":"closed","ping_status":"closed","template":"","meta":{"footnotes":""},"profession":[121],"location":[58],"canton":[109],"class_list":["post-707","page","type-page","status-publish","has-post-thumbnail","hentry","profession-peintre","location-bulle","canton-fr"],"yoast_head":"<!-- This site is optimized with the Yoast SEO Premium plugin v25.7.1 (Yoast SEO v27.4) - https:\/\/yoast.com\/product\/yoast-seo-premium-wordpress\/ -->\n<title>Peintre \u00e0 Bulle - Artisanlocal<\/title>\n<meta name=\"robots\" content=\"index, follow, max-snippet:-1, max-image-preview:large, max-video-preview:-1\" \/>\n<link rel=\"canonical\" href=\"https:\/\/www.artisanlocal.ch\/c\/entreprise-artisanale-de-peinture-a-bulle-artisanlocal-effectue-tous-vos-travaux-en-peinture\/\" \/>\n<meta property=\"og:locale\" content=\"fr_FR\" \/>\n<meta property=\"og:type\" content=\"article\" \/>\n<meta property=\"og:title\" content=\"Peintre \u00e0 Bulle\" \/>\n<meta property=\"og:description\" content=\"Besoin d&rsquo;un peintre \u00e0 Bulle ? Artisanlocal propose des services de qualit\u00e9, de l&rsquo;\u00e9tude de votre projet aux finitions, si vous \u00eates un Bullois, nous intervenons rapidement chez vous et aussi dans les villes aux environs. Quels sont les services qu&rsquo;Artisanlocal ? Peinture int\u00e9rieure : sur vos plafonds, murs, portes, moulures, ou dans vos pi\u00e8ces, [&hellip;]\" \/>\n<meta property=\"og:url\" content=\"https:\/\/www.artisanlocal.ch\/c\/entreprise-artisanale-de-peinture-a-bulle-artisanlocal-effectue-tous-vos-travaux-en-peinture\/\" \/>\n<meta property=\"og:site_name\" content=\"Artisanlocal\" \/>\n<meta property=\"article:modified_time\" content=\"2025-09-17T10:19:33+00:00\" \/>\n<meta property=\"og:image\" content=\"https:\/\/www.artisanlocal.ch\/c\/wp-content\/uploads\/2024\/10\/peintre.jpg\" \/>\n\t<meta property=\"og:image:width\" content=\"1920\" \/>\n\t<meta property=\"og:image:height\" content=\"300\" \/>\n\t<meta property=\"og:image:type\" content=\"image\/jpeg\" \/>\n<meta name=\"twitter:card\" content=\"summary_large_image\" \/>\n<meta name=\"twitter:label1\" content=\"Dur\u00e9e de lecture estim\u00e9e\" \/>\n\t<meta name=\"twitter:data1\" content=\"5 minutes\" \/>\n<script type=\"application\/ld+json\" class=\"yoast-schema-graph\">{\"@context\":\"https:\\\/\\\/schema.org\",\"@graph\":[{\"@type\":\"WebPage\",\"@id\":\"https:\\\/\\\/www.artisanlocal.ch\\\/c\\\/entreprise-artisanale-de-peinture-a-bulle-artisanlocal-effectue-tous-vos-travaux-en-peinture\\\/\",\"url\":\"https:\\\/\\\/www.artisanlocal.ch\\\/c\\\/entreprise-artisanale-de-peinture-a-bulle-artisanlocal-effectue-tous-vos-travaux-en-peinture\\\/\",\"name\":\"Peintre \u00e0 Bulle - Artisanlocal\",\"isPartOf\":{\"@id\":\"https:\\\/\\\/www.artisanlocal.ch\\\/c\\\/#website\"},\"primaryImageOfPage\":{\"@id\":\"https:\\\/\\\/www.artisanlocal.ch\\\/c\\\/entreprise-artisanale-de-peinture-a-bulle-artisanlocal-effectue-tous-vos-travaux-en-peinture\\\/#primaryimage\"},\"image\":{\"@id\":\"https:\\\/\\\/www.artisanlocal.ch\\\/c\\\/entreprise-artisanale-de-peinture-a-bulle-artisanlocal-effectue-tous-vos-travaux-en-peinture\\\/#primaryimage\"},\"thumbnailUrl\":\"https:\\\/\\\/www.artisanlocal.ch\\\/c\\\/wp-content\\\/uploads\\\/2024\\\/10\\\/peintre.jpg\",\"datePublished\":\"2024-04-15T23:00:49+00:00\",\"dateModified\":\"2025-09-17T10:19:33+00:00\",\"breadcrumb\":{\"@id\":\"https:\\\/\\\/www.artisanlocal.ch\\\/c\\\/entreprise-artisanale-de-peinture-a-bulle-artisanlocal-effectue-tous-vos-travaux-en-peinture\\\/#breadcrumb\"},\"inLanguage\":\"fr-FR\",\"potentialAction\":[{\"@type\":\"ReadAction\",\"target\":[\"https:\\\/\\\/www.artisanlocal.ch\\\/c\\\/entreprise-artisanale-de-peinture-a-bulle-artisanlocal-effectue-tous-vos-travaux-en-peinture\\\/\"]}]},{\"@type\":\"ImageObject\",\"inLanguage\":\"fr-FR\",\"@id\":\"https:\\\/\\\/www.artisanlocal.ch\\\/c\\\/entreprise-artisanale-de-peinture-a-bulle-artisanlocal-effectue-tous-vos-travaux-en-peinture\\\/#primaryimage\",\"url\":\"https:\\\/\\\/www.artisanlocal.ch\\\/c\\\/wp-content\\\/uploads\\\/2024\\\/10\\\/peintre.jpg\",\"contentUrl\":\"https:\\\/\\\/www.artisanlocal.ch\\\/c\\\/wp-content\\\/uploads\\\/2024\\\/10\\\/peintre.jpg\",\"width\":1920,\"height\":300},{\"@type\":\"BreadcrumbList\",\"@id\":\"https:\\\/\\\/www.artisanlocal.ch\\\/c\\\/entreprise-artisanale-de-peinture-a-bulle-artisanlocal-effectue-tous-vos-travaux-en-peinture\\\/#breadcrumb\",\"itemListElement\":[{\"@type\":\"ListItem\",\"position\":1,\"name\":\"Accueil\",\"item\":\"https:\\\/\\\/www.artisanlocal.ch\\\/c\\\/\"},{\"@type\":\"ListItem\",\"position\":2,\"name\":\"Peintre \u00e0 Bulle\"}]},{\"@type\":\"WebSite\",\"@id\":\"https:\\\/\\\/www.artisanlocal.ch\\\/c\\\/#website\",\"url\":\"https:\\\/\\\/www.artisanlocal.ch\\\/c\\\/\",\"name\":\"Artisanlocal\",\"description\":\"\",\"publisher\":{\"@id\":\"https:\\\/\\\/www.artisanlocal.ch\\\/c\\\/#organization\"},\"potentialAction\":[{\"@type\":\"SearchAction\",\"target\":{\"@type\":\"EntryPoint\",\"urlTemplate\":\"https:\\\/\\\/www.artisanlocal.ch\\\/c\\\/?s={search_term_string}\"},\"query-input\":{\"@type\":\"PropertyValueSpecification\",\"valueRequired\":true,\"valueName\":\"search_term_string\"}}],\"inLanguage\":\"fr-FR\"},{\"@type\":\"Organization\",\"@id\":\"https:\\\/\\\/www.artisanlocal.ch\\\/c\\\/#organization\",\"name\":\"Artisanlocal\",\"url\":\"https:\\\/\\\/www.artisanlocal.ch\\\/c\\\/\",\"logo\":{\"@type\":\"ImageObject\",\"inLanguage\":\"fr-FR\",\"@id\":\"https:\\\/\\\/www.artisanlocal.ch\\\/c\\\/#\\\/schema\\\/logo\\\/image\\\/\",\"url\":\"https:\\\/\\\/www.artisanlocal.ch\\\/c\\\/wp-content\\\/uploads\\\/2024\\\/02\\\/logo-artisanlocal-h.svg\",\"contentUrl\":\"https:\\\/\\\/www.artisanlocal.ch\\\/c\\\/wp-content\\\/uploads\\\/2024\\\/02\\\/logo-artisanlocal-h.svg\",\"caption\":\"Artisanlocal\"},\"image\":{\"@id\":\"https:\\\/\\\/www.artisanlocal.ch\\\/c\\\/#\\\/schema\\\/logo\\\/image\\\/\"}}]}<\/script>\n<!-- \/ Yoast SEO Premium plugin. -->","yoast_head_json":{"title":"Peintre \u00e0 Bulle - Artisanlocal","robots":{"index":"index","follow":"follow","max-snippet":"max-snippet:-1","max-image-preview":"max-image-preview:large","max-video-preview":"max-video-preview:-1"},"canonical":"https:\/\/www.artisanlocal.ch\/c\/entreprise-artisanale-de-peinture-a-bulle-artisanlocal-effectue-tous-vos-travaux-en-peinture\/","og_locale":"fr_FR","og_type":"article","og_title":"Peintre \u00e0 Bulle","og_description":"Besoin d&rsquo;un peintre \u00e0 Bulle ? Artisanlocal propose des services de qualit\u00e9, de l&rsquo;\u00e9tude de votre projet aux finitions, si vous \u00eates un Bullois, nous intervenons rapidement chez vous et aussi dans les villes aux environs. Quels sont les services qu&rsquo;Artisanlocal ? Peinture int\u00e9rieure : sur vos plafonds, murs, portes, moulures, ou dans vos pi\u00e8ces, [&hellip;]","og_url":"https:\/\/www.artisanlocal.ch\/c\/entreprise-artisanale-de-peinture-a-bulle-artisanlocal-effectue-tous-vos-travaux-en-peinture\/","og_site_name":"Artisanlocal","article_modified_time":"2025-09-17T10:19:33+00:00","og_image":[{"width":1920,"height":300,"url":"https:\/\/www.artisanlocal.ch\/c\/wp-content\/uploads\/2024\/10\/peintre.jpg","type":"image\/jpeg"}],"twitter_card":"summary_large_image","twitter_misc":{"Dur\u00e9e de lecture estim\u00e9e":"5 minutes"},"schema":{"@context":"https:\/\/schema.org","@graph":[{"@type":"WebPage","@id":"https:\/\/www.artisanlocal.ch\/c\/entreprise-artisanale-de-peinture-a-bulle-artisanlocal-effectue-tous-vos-travaux-en-peinture\/","url":"https:\/\/www.artisanlocal.ch\/c\/entreprise-artisanale-de-peinture-a-bulle-artisanlocal-effectue-tous-vos-travaux-en-peinture\/","name":"Peintre \u00e0 Bulle - Artisanlocal","isPartOf":{"@id":"https:\/\/www.artisanlocal.ch\/c\/#website"},"primaryImageOfPage":{"@id":"https:\/\/www.artisanlocal.ch\/c\/entreprise-artisanale-de-peinture-a-bulle-artisanlocal-effectue-tous-vos-travaux-en-peinture\/#primaryimage"},"image":{"@id":"https:\/\/www.artisanlocal.ch\/c\/entreprise-artisanale-de-peinture-a-bulle-artisanlocal-effectue-tous-vos-travaux-en-peinture\/#primaryimage"},"thumbnailUrl":"https:\/\/www.artisanlocal.ch\/c\/wp-content\/uploads\/2024\/10\/peintre.jpg","datePublished":"2024-04-15T23:00:49+00:00","dateModified":"2025-09-17T10:19:33+00:00","breadcrumb":{"@id":"https:\/\/www.artisanlocal.ch\/c\/entreprise-artisanale-de-peinture-a-bulle-artisanlocal-effectue-tous-vos-travaux-en-peinture\/#breadcrumb"},"inLanguage":"fr-FR","potentialAction":[{"@type":"ReadAction","target":["https:\/\/www.artisanlocal.ch\/c\/entreprise-artisanale-de-peinture-a-bulle-artisanlocal-effectue-tous-vos-travaux-en-peinture\/"]}]},{"@type":"ImageObject","inLanguage":"fr-FR","@id":"https:\/\/www.artisanlocal.ch\/c\/entreprise-artisanale-de-peinture-a-bulle-artisanlocal-effectue-tous-vos-travaux-en-peinture\/#primaryimage","url":"https:\/\/www.artisanlocal.ch\/c\/wp-content\/uploads\/2024\/10\/peintre.jpg","contentUrl":"https:\/\/www.artisanlocal.ch\/c\/wp-content\/uploads\/2024\/10\/peintre.jpg","width":1920,"height":300},{"@type":"BreadcrumbList","@id":"https:\/\/www.artisanlocal.ch\/c\/entreprise-artisanale-de-peinture-a-bulle-artisanlocal-effectue-tous-vos-travaux-en-peinture\/#breadcrumb","itemListElement":[{"@type":"ListItem","position":1,"name":"Accueil","item":"https:\/\/www.artisanlocal.ch\/c\/"},{"@type":"ListItem","position":2,"name":"Peintre \u00e0 Bulle"}]},{"@type":"WebSite","@id":"https:\/\/www.artisanlocal.ch\/c\/#website","url":"https:\/\/www.artisanlocal.ch\/c\/","name":"Artisanlocal","description":"","publisher":{"@id":"https:\/\/www.artisanlocal.ch\/c\/#organization"},"potentialAction":[{"@type":"SearchAction","target":{"@type":"EntryPoint","urlTemplate":"https:\/\/www.artisanlocal.ch\/c\/?s={search_term_string}"},"query-input":{"@type":"PropertyValueSpecification","valueRequired":true,"valueName":"search_term_string"}}],"inLanguage":"fr-FR"},{"@type":"Organization","@id":"https:\/\/www.artisanlocal.ch\/c\/#organization","name":"Artisanlocal","url":"https:\/\/www.artisanlocal.ch\/c\/","logo":{"@type":"ImageObject","inLanguage":"fr-FR","@id":"https:\/\/www.artisanlocal.ch\/c\/#\/schema\/logo\/image\/","url":"https:\/\/www.artisanlocal.ch\/c\/wp-content\/uploads\/2024\/02\/logo-artisanlocal-h.svg","contentUrl":"https:\/\/www.artisanlocal.ch\/c\/wp-content\/uploads\/2024\/02\/logo-artisanlocal-h.svg","caption":"Artisanlocal"},"image":{"@id":"https:\/\/www.artisanlocal.ch\/c\/#\/schema\/logo\/image\/"}}]}},"_links":{"self":[{"href":"https:\/\/www.artisanlocal.ch\/c\/wp-json\/wp\/v2\/pages\/707","targetHints":{"allow":["GET"]}}],"collection":[{"href":"https:\/\/www.artisanlocal.ch\/c\/wp-json\/wp\/v2\/pages"}],"about":[{"href":"https:\/\/www.artisanlocal.ch\/c\/wp-json\/wp\/v2\/types\/page"}],"author":[{"embeddable":true,"href":"https:\/\/www.artisanlocal.ch\/c\/wp-json\/wp\/v2\/users\/4"}],"replies":[{"embeddable":true,"href":"https:\/\/www.artisanlocal.ch\/c\/wp-json\/wp\/v2\/comments?post=707"}],"version-history":[{"count":0,"href":"https:\/\/www.artisanlocal.ch\/c\/wp-json\/wp\/v2\/pages\/707\/revisions"}],"wp:featuredmedia":[{"embeddable":true,"href":"https:\/\/www.artisanlocal.ch\/c\/wp-json\/wp\/v2\/media\/2756"}],"wp:attachment":[{"href":"https:\/\/www.artisanlocal.ch\/c\/wp-json\/wp\/v2\/media?parent=707"}],"wp:term":[{"taxonomy":"profession","embeddable":true,"href":"https:\/\/www.artisanlocal.ch\/c\/wp-json\/wp\/v2\/profession?post=707"},{"taxonomy":"location","embeddable":true,"href":"https:\/\/www.artisanlocal.ch\/c\/wp-json\/wp\/v2\/location?post=707"},{"taxonomy":"canton","embeddable":true,"href":"https:\/\/www.artisanlocal.ch\/c\/wp-json\/wp\/v2\/canton?post=707"}],"curies":[{"name":"wp","href":"https:\/\/api.w.org\/{rel}","templated":true}]}}