{"id":714,"date":"2024-04-16T06:59:37","date_gmt":"2024-04-16T04:59:37","guid":{"rendered":"https:\/\/www.artisanlocal.ch\/c\/trouver-le-meilleur-peintre-a-neuchatel\/"},"modified":"2025-09-18T13:18:27","modified_gmt":"2025-09-18T11:18:27","slug":"trouver-le-meilleur-peintre-a-neuchatel","status":"publish","type":"page","link":"https:\/\/www.artisanlocal.ch\/c\/trouver-le-meilleur-peintre-a-neuchatel\/","title":{"rendered":"Peintre \u00e0 Neuch\u00e2tel"},"content":{"rendered":"<p>Besoin d&rsquo;un peintre \u00e0 Neuch\u00e2tel ? Contactez Artisanlocal, nous proposons des services de qualit\u00e9, de la pr\u00e9paration aux finitions, nous nous adaptons \u00e0 votre emploi du temps et nous intervenons rapidement chez vous \u00e0 Neuch\u00e2tel et dans les villes \u00e0 proximit\u00e9.<br \/>\n\r\n<div class=\"box\">\r\n            <div class=\"company-info\">\r\n            <img decoding=\"async\" class=\"company-info__logo\" src=\"https:\/\/www.artisanlocal.ch\/media\/cache\/thumb\/images\/companies\/6909ac3311a16017958916.png\" alt=\"Logo\">\r\n            <h2 class=\"company-info__name\">Loryrenov<\/h2>\r\n            <p class=\"company-info__business\">Entreprise de peinture - Pl\u00e2trerie<\/p>\r\n        <\/div>\r\n        <div class=\"company-contact\">\r\n            <p class=\"company-info__address\">Rue de la C\u00f4te 9<\/p>\r\n                            <div class=\"links\">\r\n                                            <a class=\"btn has-accent-background-color js-phoneNumber\" href=\"tel:0782325447\" title=\"Appelez\" data-id=\"34474\" data-type=\"11\">078 232 54 47<\/a>\r\n                                                                <a class=\"btn has-accent-background-color\" href=\"https:\/\/www.loryrenov.com\/\" target=\"_blank\" title=\"Voir le site internet\" data-id=\"34474\" data-type=\"20\">Site internet<\/a>\r\n                                    <\/div>\r\n                    <\/div>\r\n    \r\n            \r\n<form action=\"https:\/\/www.artisanlocal.ch\/c\/wp-admin\/admin-ajax.php\" method=\"post\" class=\"form-contact\" id=\"artisan_form_contact_company_inline\">\r\n    <div><input type=\"hidden\" name=\"action\" value=\"company_contact\"><\/div>\r\n    <div><input type=\"hidden\" name=\"nonce\" value=\"972bc58192\"><\/div>\r\n    <div><input type=\"hidden\" name=\"company_id\" value=\"34474\"><\/div>\r\n    <div><input type=\"hidden\" name=\"form_id\" value=\"artisan_form_contact_company_inline\"><\/div>\r\n    <div class=\"gglcptch gglcptch_v3 gglcptch_custom\"><input type=\"hidden\" id=\"g-recaptcha-response\" name=\"g-recaptcha-response\" \/><br \/><div class=\"gglcptch_error_text\">La p\u00e9riode de v\u00e9rification reCAPTCHA a expir\u00e9. Veuillez recharger la page.<\/div><\/div>    <div class=\"form-content\">\r\n        <div class=\"form-group\">\r\n            <label for=\"contact_firstName\" class=\"required\">Pr\u00e9nom<\/label>\r\n            <input type=\"text\" name=\"firstName\" class=\"form-control\" required>\r\n        <\/div>\r\n        <div class=\"form-group\">\r\n            <label for=\"contact_lastName\" class=\"required\">Nom<\/label>\r\n            <input type=\"text\" name=\"lastName\" class=\"form-control\" required>\r\n        <\/div>\r\n        <div class=\"form-group\">\r\n            <label for=\"contact_email\" class=\"required\">Email<\/label>\r\n            <input type=\"email\" name=\"email\" class=\"form-control\" required>\r\n        <\/div>\r\n        <div class=\"form-group\">\r\n            <label for=\"contact_phone\" class=\"required\">Num\u00e9ro de t\u00e9l\u00e9phone<\/label>\r\n            <input type=\"tel\" name=\"phone\" class=\"form-control\" placeholder=\"0787117165\" pattern=\"^[0-9]{10}$\" required>\r\n        <\/div>\r\n        <div class=\"form-group\">\r\n            <label for=\"contact_postalCode\" class=\"required\">Code postal et localit\u00e9<\/label>\r\n            <input type=\"text\" name=\"postalCode\" class=\"form-control\" required>\r\n        <\/div>\r\n        <div class=\"form-group\">\r\n            <label for=\"contact_address\" class=\"required\">Adresse<\/label>\r\n            <input type=\"text\" name=\"address\" class=\"form-control\" required>\r\n        <\/div>\r\n        <div class=\"full-width topic\">\r\n            <p class=\"required\">Je souhaite \u00eatre contact\u00e9 pour :<\/p>\r\n            <div class=\"form-check\">\r\n                <input type=\"radio\" name=\"topic\" value=\"D\u00e9pannage\" class=\"form-control\" required>\r\n                <label for=\"d\u00e9pannage\">D\u00e9pannage<\/label>\r\n            <\/div>\r\n            <div class=\"form-check\">\r\n                <input type=\"radio\" name=\"topic\" value=\"Entretien\" class=\"form-control\" required>\r\n                <label for=\"entretien\">Entretien<\/label>\r\n            <\/div>\r\n            <div class=\"form-check\">\r\n                <input type=\"radio\" name=\"topic\" value=\"R\u00e9novation\" class=\"form-control\" required>\r\n                <label for=\"r\u00e9novation\">R\u00e9novation<\/label>\r\n            <\/div>\r\n            <div class=\"form-check\">\r\n                <input type=\"radio\" name=\"topic\" value=\"Autre\" class=\"form-control\" required>\r\n                <label for=\"autre\">Autre<\/label>\r\n            <\/div>\r\n        <\/div>\r\n        <div class=\"form-group full-width\">\r\n            <label for=\"contact_message\">Message<\/label>\r\n            <textarea name=\"message\" rows=\"3\" class=\"form-control\"><\/textarea>\r\n        <\/div>\r\n    <\/div>\r\n    <div class=\"form-actions\">\r\n        <button class=\"wp-block-button__link has-accent-background-color\">Contacter<\/button>\r\n    <\/div>\r\n<\/form>\r\n<div class=\"form-feedback\"><\/div>    <\/div><\/p>\n<h2>Quelles sont les prestations d&rsquo;Artisanlocal ?<\/h2>\n<ul>\n<li>Peinture int\u00e9rieure : les murs, les plafonds, les moulures, les portes, et dans des endroits comme la salle d&rsquo;eau, la chambre et le salon.<\/li>\n<li>Peinture ext\u00e9rieure : ajout d\u2019une nouvelle couche de peinture sur les cl\u00f4tures, les terrasses, le bardage, les portes de garage, le stuc et la brique.<\/li>\n<li>Peinture d\u00e9corative : cr\u00e9ation des effets, tels que le faux marbre, l&rsquo;effet oxyd\u00e9, le faux bois, les patines et l&rsquo;effet vieilli.<\/li>\n<li>Peinture de votre cuisine : ajout d&rsquo;une peinture d\u00e9corative telle que la peinture satin\u00e9e qui est simple \u00e0 nettoyer.<\/li>\n<li>Les travaux d&rsquo;enduits d\u00e9coratifs : pose d&rsquo;enduits comme le tadelakt ou le b\u00e9ton cir\u00e9.<\/li>\n<li>Artiste peintre : cr\u00e9ation de fresques murales (ext\u00e9rieur, int\u00e9rieur, artistique ou d\u00e9corative).<\/li>\n<li>Peinture de\u00a0ravalement de fa\u00e7ade : restauration, r\u00e9novation des fa\u00e7ades de b\u00e2timents avec enduit, bardage, cr\u00e9pi ou peinture.<\/li>\n<li>Peinture en hauteur : nos peintres op\u00e8rent dans des environnements compliqu\u00e9s comme les ponts, les usines ou les tours.<\/li>\n<li>Peinture de finition : pose des finitions sur le mobilier de cuisine ou dans la salle d&rsquo;eau.<\/li>\n<li>Les services d&rsquo;installation et de r\u00e9novation : la mise en place de cloisons s\u00e8ches, la r\u00e9paration des trous dans les cloisons ou la r\u00e9novation des fissures.<\/li>\n<li>Les services de d\u00e9collage et de mise en place de papier peint : l&rsquo;enl\u00e8vement et l&rsquo;installation d&rsquo;une nouvelle tapisserie murale.<\/li>\n<li>Peinture pour votre soci\u00e9t\u00e9 : pour les restaurants, espaces de bureau, complexes sportifs, \u00e9tablissements \u00e9ducatifs et autres locaux commerciaux.<\/li>\n<li>Peinture de b\u00e2timent : pour les b\u00e2timents, pour la pr\u00e9paration des surfaces avant les travaux de peinture, la r\u00e9alisation des travaux de finition et l\u2019application des peintures et rev\u00eatements.<\/li>\n<\/ul>\n<h2>De quelle mani\u00e8re fonctionne votre soci\u00e9t\u00e9 ?<\/h2>\n<p>Nous avons cr\u00e9\u00e9 un processus dans le but de r\u00e9pondre avec pr\u00e9cision aux attentes de nos clients.<\/p>\n<h3>\u00c9tape 1\u00a0 : demander une estimation<\/h3>\n<p>Demandez-nous un devis gratuit en ligne ou par t\u00e9l\u00e9phone et obtenez une estimation de vos travaux de peintures rapidement.<\/p>\n<h3>\u00c9tape 2\u00a0 : analyser en d\u00e9tail votre estimation<\/h3>\n<p>Soyez s\u00fbr que le devis que vous recevez d\u00e9termine correctement le co\u00fbt de votre projet de peinture. Si vous avez un doute, contacter notre soci\u00e9t\u00e9 pour obtenir plus d&rsquo;informations sur les d\u00e9tails de votre devis.<\/p>\n<h3>\u00c9tape 3\u00a0 : programmer la date de d\u00e9but de votre projet<\/h3>\n<p>D\u00e8s que vous avez valid\u00e9 l&rsquo;estimation, nous fixons ensemble la date de d\u00e9marrage de votre r\u00e9novation. Pour assurer la bonne r\u00e9ussite de votre projet, nous vous assignons un chef de projet d\u00e9di\u00e9.<\/p>\n<h2>Que faut-il d\u00e9bourser pour une prestation de peinture \u00e0 Neuch\u00e2tel ?<\/h2>\n<p>Le prix d&rsquo;une prestation de peinture repose sur l&rsquo;\u00e9tat des surfaces \u00e0 peindre. G\u00e9n\u00e9ralement, les tarifs oscillent entre 60 et 70 francs suisses par heure. \u00c0 peu pr\u00e8s 80% \u00e0 90% du montant sont attribu\u00e9s \u00e0 la main-d&rsquo;\u0153uvre, alors que la peinture ne repr\u00e9sente que 10% \u00e0 20% du budget.<\/p>\n<h2>Pourquoi choisir nos peintres \u00e0 Neuch\u00e2tel ?<\/h2>\n<ul>\n<li>Accessibilit\u00e9 : nos peintres professionnels sont joignables en continu \u00e0 Neuch\u00e2tel afin de r\u00e9pondre d\u00e8s que possible \u00e0 vos besoins.<\/li>\n<li>Excellence : en choisissant nos services, vous avez la garantie de b\u00e9n\u00e9ficier de prestations de qualit\u00e9, r\u00e9alis\u00e9es avec professionnalisme et s\u00e9rieux.<\/li>\n<li>Tarifs \u00e9conomiques : nos tarifs sont \u00e9tudi\u00e9s en fonction de vos besoins et vos moyens financiers.<\/li>\n<li>Prestations personnalis\u00e9es : nous prenons en consid\u00e9ration les sp\u00e9cificit\u00e9s de votre projet de peinture afin de vous offrir des solutions adapt\u00e9es.<\/li>\n<li>Les capacit\u00e9s, nos peintres \u00e0 Neuch\u00e2tel ma\u00eetrisent une large gamme de comp\u00e9tences, comme : la pr\u00e9paration avant l&rsquo;application de la peinture, la pose des multiples couches et la mise en \u0153uvre des finitions.<\/li>\n<\/ul>\n<h2>Foire aux questions<\/h2>\n<h3>Quelle peinture est-ce que vous utilisez ?<\/h3>\n<p>Nous utilisons que des peintures de qualit\u00e9 sup\u00e9rieure. Nous pouvons aussi utiliser la peinture que vous avez d\u00e9j\u00e0 achet\u00e9e.<\/p>\n<h3>Vos artisans peintres sont joignables le week-end ?<\/h3>\n<p>Oui, nos \u00e9quipes sont disponibles le samedi et le dimanche \u00e0 Neuch\u00e2tel.<\/p>\n<h3>Assurez-vous la protection des meubles ?<\/h3>\n<p>Oui, avant les travaux, nous couvrons vos appareils \u00e9lectrom\u00e9nagers et vos meubles. Si vous avez des objets fragiles, notre \u00e9quipe prendra plus de pr\u00e9cautions.<\/p>\n<h3>Quelles sont les solutions si je trouve le travail r\u00e9alis\u00e9 insuffisant ?<\/h3>\n<p>Dans le cas o\u00f9 vous ne seriez pas content de notre travail, nous reviendrons pour am\u00e9liorer l&rsquo;aspect de vos surfaces.<\/p>\n<h3>Vos devis sont gratuits ?<\/h3>\n<p>Oui, nos devis sont gratuits et sans engagements. Si vous souhaitez aller plus loin, un artisan se d\u00e9place chez vous pour valider le devis.<\/p>\n<h3>Vos services s&rsquo;\u00e9tendent-ils aux villes proches de Neuch\u00e2tel ?<\/h3>\n<p>Oui, nous intervenons \u00e0 Neuch\u00e2tel, et par aussi dans les villes proches, comme :<\/p>\nAuvernier, Colombier NE, B\u00f4le, Areuse, Cortaillod, Boudry, Chambrelien, Rochefort, Bevaix, Gorgier, St-Aubin-Sauges, Chez-le-Bart, Fresens, Montalchez, Vaumarcus, Peseux, Corcelles NE, Cormondr\u00e8che, Hauterive NE, St-Blaise, Enges, Marin-Epagnier, Thielle, Wavre, Cornaux NE, Cressier NE, Champ-du-Moulin.\n","protected":false},"excerpt":{"rendered":"<p>Besoin d&rsquo;un peintre \u00e0 Neuch\u00e2tel ? Contactez Artisanlocal, nous proposons des services de qualit\u00e9, de la pr\u00e9paration aux finitions, nous nous adaptons \u00e0 votre emploi du temps et nous intervenons rapidement chez vous \u00e0 Neuch\u00e2tel et dans les villes \u00e0 proximit\u00e9. Quelles sont les prestations d&rsquo;Artisanlocal ? Peinture int\u00e9rieure : les murs, les plafonds, les [&hellip;]<\/p>\n","protected":false},"author":4,"featured_media":2756,"parent":0,"menu_order":0,"comment_status":"closed","ping_status":"closed","template":"","meta":{"footnotes":""},"profession":[121],"location":[62],"canton":[114],"class_list":["post-714","page","type-page","status-publish","has-post-thumbnail","hentry","profession-peintre","location-neuchatel","canton-ne"],"yoast_head":"<!-- This site is optimized with the Yoast SEO Premium plugin v25.7.1 (Yoast SEO v27.4) - https:\/\/yoast.com\/product\/yoast-seo-premium-wordpress\/ -->\n<title>Peintre \u00e0 Neuch\u00e2tel - Artisanlocal<\/title>\n<meta name=\"robots\" content=\"index, follow, max-snippet:-1, max-image-preview:large, max-video-preview:-1\" \/>\n<link rel=\"canonical\" href=\"https:\/\/www.artisanlocal.ch\/c\/trouver-le-meilleur-peintre-a-neuchatel\/\" \/>\n<meta property=\"og:locale\" content=\"fr_FR\" \/>\n<meta property=\"og:type\" content=\"article\" \/>\n<meta property=\"og:title\" content=\"Peintre \u00e0 Neuch\u00e2tel\" \/>\n<meta property=\"og:description\" content=\"Besoin d&rsquo;un peintre \u00e0 Neuch\u00e2tel ? Contactez Artisanlocal, nous proposons des services de qualit\u00e9, de la pr\u00e9paration aux finitions, nous nous adaptons \u00e0 votre emploi du temps et nous intervenons rapidement chez vous \u00e0 Neuch\u00e2tel et dans les villes \u00e0 proximit\u00e9. Quelles sont les prestations d&rsquo;Artisanlocal ? Peinture int\u00e9rieure : les murs, les plafonds, les [&hellip;]\" \/>\n<meta property=\"og:url\" content=\"https:\/\/www.artisanlocal.ch\/c\/trouver-le-meilleur-peintre-a-neuchatel\/\" \/>\n<meta property=\"og:site_name\" content=\"Artisanlocal\" \/>\n<meta property=\"article:modified_time\" content=\"2025-09-18T11:18:27+00:00\" \/>\n<meta property=\"og:image\" content=\"https:\/\/www.artisanlocal.ch\/c\/wp-content\/uploads\/2024\/10\/peintre.jpg\" \/>\n\t<meta property=\"og:image:width\" content=\"1920\" \/>\n\t<meta property=\"og:image:height\" content=\"300\" \/>\n\t<meta property=\"og:image:type\" content=\"image\/jpeg\" \/>\n<meta name=\"twitter:card\" content=\"summary_large_image\" \/>\n<meta name=\"twitter:label1\" content=\"Dur\u00e9e de lecture estim\u00e9e\" \/>\n\t<meta name=\"twitter:data1\" content=\"5 minutes\" \/>\n<script type=\"application\/ld+json\" class=\"yoast-schema-graph\">{\"@context\":\"https:\\\/\\\/schema.org\",\"@graph\":[{\"@type\":\"WebPage\",\"@id\":\"https:\\\/\\\/www.artisanlocal.ch\\\/c\\\/trouver-le-meilleur-peintre-a-neuchatel\\\/\",\"url\":\"https:\\\/\\\/www.artisanlocal.ch\\\/c\\\/trouver-le-meilleur-peintre-a-neuchatel\\\/\",\"name\":\"Peintre \u00e0 Neuch\u00e2tel - Artisanlocal\",\"isPartOf\":{\"@id\":\"https:\\\/\\\/www.artisanlocal.ch\\\/c\\\/#website\"},\"primaryImageOfPage\":{\"@id\":\"https:\\\/\\\/www.artisanlocal.ch\\\/c\\\/trouver-le-meilleur-peintre-a-neuchatel\\\/#primaryimage\"},\"image\":{\"@id\":\"https:\\\/\\\/www.artisanlocal.ch\\\/c\\\/trouver-le-meilleur-peintre-a-neuchatel\\\/#primaryimage\"},\"thumbnailUrl\":\"https:\\\/\\\/www.artisanlocal.ch\\\/c\\\/wp-content\\\/uploads\\\/2024\\\/10\\\/peintre.jpg\",\"datePublished\":\"2024-04-16T04:59:37+00:00\",\"dateModified\":\"2025-09-18T11:18:27+00:00\",\"breadcrumb\":{\"@id\":\"https:\\\/\\\/www.artisanlocal.ch\\\/c\\\/trouver-le-meilleur-peintre-a-neuchatel\\\/#breadcrumb\"},\"inLanguage\":\"fr-FR\",\"potentialAction\":[{\"@type\":\"ReadAction\",\"target\":[\"https:\\\/\\\/www.artisanlocal.ch\\\/c\\\/trouver-le-meilleur-peintre-a-neuchatel\\\/\"]}]},{\"@type\":\"ImageObject\",\"inLanguage\":\"fr-FR\",\"@id\":\"https:\\\/\\\/www.artisanlocal.ch\\\/c\\\/trouver-le-meilleur-peintre-a-neuchatel\\\/#primaryimage\",\"url\":\"https:\\\/\\\/www.artisanlocal.ch\\\/c\\\/wp-content\\\/uploads\\\/2024\\\/10\\\/peintre.jpg\",\"contentUrl\":\"https:\\\/\\\/www.artisanlocal.ch\\\/c\\\/wp-content\\\/uploads\\\/2024\\\/10\\\/peintre.jpg\",\"width\":1920,\"height\":300},{\"@type\":\"BreadcrumbList\",\"@id\":\"https:\\\/\\\/www.artisanlocal.ch\\\/c\\\/trouver-le-meilleur-peintre-a-neuchatel\\\/#breadcrumb\",\"itemListElement\":[{\"@type\":\"ListItem\",\"position\":1,\"name\":\"Accueil\",\"item\":\"https:\\\/\\\/www.artisanlocal.ch\\\/c\\\/\"},{\"@type\":\"ListItem\",\"position\":2,\"name\":\"Peintre \u00e0 Neuch\u00e2tel\"}]},{\"@type\":\"WebSite\",\"@id\":\"https:\\\/\\\/www.artisanlocal.ch\\\/c\\\/#website\",\"url\":\"https:\\\/\\\/www.artisanlocal.ch\\\/c\\\/\",\"name\":\"Artisanlocal\",\"description\":\"\",\"publisher\":{\"@id\":\"https:\\\/\\\/www.artisanlocal.ch\\\/c\\\/#organization\"},\"potentialAction\":[{\"@type\":\"SearchAction\",\"target\":{\"@type\":\"EntryPoint\",\"urlTemplate\":\"https:\\\/\\\/www.artisanlocal.ch\\\/c\\\/?s={search_term_string}\"},\"query-input\":{\"@type\":\"PropertyValueSpecification\",\"valueRequired\":true,\"valueName\":\"search_term_string\"}}],\"inLanguage\":\"fr-FR\"},{\"@type\":\"Organization\",\"@id\":\"https:\\\/\\\/www.artisanlocal.ch\\\/c\\\/#organization\",\"name\":\"Artisanlocal\",\"url\":\"https:\\\/\\\/www.artisanlocal.ch\\\/c\\\/\",\"logo\":{\"@type\":\"ImageObject\",\"inLanguage\":\"fr-FR\",\"@id\":\"https:\\\/\\\/www.artisanlocal.ch\\\/c\\\/#\\\/schema\\\/logo\\\/image\\\/\",\"url\":\"https:\\\/\\\/www.artisanlocal.ch\\\/c\\\/wp-content\\\/uploads\\\/2024\\\/02\\\/logo-artisanlocal-h.svg\",\"contentUrl\":\"https:\\\/\\\/www.artisanlocal.ch\\\/c\\\/wp-content\\\/uploads\\\/2024\\\/02\\\/logo-artisanlocal-h.svg\",\"caption\":\"Artisanlocal\"},\"image\":{\"@id\":\"https:\\\/\\\/www.artisanlocal.ch\\\/c\\\/#\\\/schema\\\/logo\\\/image\\\/\"}}]}<\/script>\n<!-- \/ Yoast SEO Premium plugin. -->","yoast_head_json":{"title":"Peintre \u00e0 Neuch\u00e2tel - Artisanlocal","robots":{"index":"index","follow":"follow","max-snippet":"max-snippet:-1","max-image-preview":"max-image-preview:large","max-video-preview":"max-video-preview:-1"},"canonical":"https:\/\/www.artisanlocal.ch\/c\/trouver-le-meilleur-peintre-a-neuchatel\/","og_locale":"fr_FR","og_type":"article","og_title":"Peintre \u00e0 Neuch\u00e2tel","og_description":"Besoin d&rsquo;un peintre \u00e0 Neuch\u00e2tel ? Contactez Artisanlocal, nous proposons des services de qualit\u00e9, de la pr\u00e9paration aux finitions, nous nous adaptons \u00e0 votre emploi du temps et nous intervenons rapidement chez vous \u00e0 Neuch\u00e2tel et dans les villes \u00e0 proximit\u00e9. Quelles sont les prestations d&rsquo;Artisanlocal ? Peinture int\u00e9rieure : les murs, les plafonds, les [&hellip;]","og_url":"https:\/\/www.artisanlocal.ch\/c\/trouver-le-meilleur-peintre-a-neuchatel\/","og_site_name":"Artisanlocal","article_modified_time":"2025-09-18T11:18:27+00:00","og_image":[{"width":1920,"height":300,"url":"https:\/\/www.artisanlocal.ch\/c\/wp-content\/uploads\/2024\/10\/peintre.jpg","type":"image\/jpeg"}],"twitter_card":"summary_large_image","twitter_misc":{"Dur\u00e9e de lecture estim\u00e9e":"5 minutes"},"schema":{"@context":"https:\/\/schema.org","@graph":[{"@type":"WebPage","@id":"https:\/\/www.artisanlocal.ch\/c\/trouver-le-meilleur-peintre-a-neuchatel\/","url":"https:\/\/www.artisanlocal.ch\/c\/trouver-le-meilleur-peintre-a-neuchatel\/","name":"Peintre \u00e0 Neuch\u00e2tel - Artisanlocal","isPartOf":{"@id":"https:\/\/www.artisanlocal.ch\/c\/#website"},"primaryImageOfPage":{"@id":"https:\/\/www.artisanlocal.ch\/c\/trouver-le-meilleur-peintre-a-neuchatel\/#primaryimage"},"image":{"@id":"https:\/\/www.artisanlocal.ch\/c\/trouver-le-meilleur-peintre-a-neuchatel\/#primaryimage"},"thumbnailUrl":"https:\/\/www.artisanlocal.ch\/c\/wp-content\/uploads\/2024\/10\/peintre.jpg","datePublished":"2024-04-16T04:59:37+00:00","dateModified":"2025-09-18T11:18:27+00:00","breadcrumb":{"@id":"https:\/\/www.artisanlocal.ch\/c\/trouver-le-meilleur-peintre-a-neuchatel\/#breadcrumb"},"inLanguage":"fr-FR","potentialAction":[{"@type":"ReadAction","target":["https:\/\/www.artisanlocal.ch\/c\/trouver-le-meilleur-peintre-a-neuchatel\/"]}]},{"@type":"ImageObject","inLanguage":"fr-FR","@id":"https:\/\/www.artisanlocal.ch\/c\/trouver-le-meilleur-peintre-a-neuchatel\/#primaryimage","url":"https:\/\/www.artisanlocal.ch\/c\/wp-content\/uploads\/2024\/10\/peintre.jpg","contentUrl":"https:\/\/www.artisanlocal.ch\/c\/wp-content\/uploads\/2024\/10\/peintre.jpg","width":1920,"height":300},{"@type":"BreadcrumbList","@id":"https:\/\/www.artisanlocal.ch\/c\/trouver-le-meilleur-peintre-a-neuchatel\/#breadcrumb","itemListElement":[{"@type":"ListItem","position":1,"name":"Accueil","item":"https:\/\/www.artisanlocal.ch\/c\/"},{"@type":"ListItem","position":2,"name":"Peintre \u00e0 Neuch\u00e2tel"}]},{"@type":"WebSite","@id":"https:\/\/www.artisanlocal.ch\/c\/#website","url":"https:\/\/www.artisanlocal.ch\/c\/","name":"Artisanlocal","description":"","publisher":{"@id":"https:\/\/www.artisanlocal.ch\/c\/#organization"},"potentialAction":[{"@type":"SearchAction","target":{"@type":"EntryPoint","urlTemplate":"https:\/\/www.artisanlocal.ch\/c\/?s={search_term_string}"},"query-input":{"@type":"PropertyValueSpecification","valueRequired":true,"valueName":"search_term_string"}}],"inLanguage":"fr-FR"},{"@type":"Organization","@id":"https:\/\/www.artisanlocal.ch\/c\/#organization","name":"Artisanlocal","url":"https:\/\/www.artisanlocal.ch\/c\/","logo":{"@type":"ImageObject","inLanguage":"fr-FR","@id":"https:\/\/www.artisanlocal.ch\/c\/#\/schema\/logo\/image\/","url":"https:\/\/www.artisanlocal.ch\/c\/wp-content\/uploads\/2024\/02\/logo-artisanlocal-h.svg","contentUrl":"https:\/\/www.artisanlocal.ch\/c\/wp-content\/uploads\/2024\/02\/logo-artisanlocal-h.svg","caption":"Artisanlocal"},"image":{"@id":"https:\/\/www.artisanlocal.ch\/c\/#\/schema\/logo\/image\/"}}]}},"_links":{"self":[{"href":"https:\/\/www.artisanlocal.ch\/c\/wp-json\/wp\/v2\/pages\/714","targetHints":{"allow":["GET"]}}],"collection":[{"href":"https:\/\/www.artisanlocal.ch\/c\/wp-json\/wp\/v2\/pages"}],"about":[{"href":"https:\/\/www.artisanlocal.ch\/c\/wp-json\/wp\/v2\/types\/page"}],"author":[{"embeddable":true,"href":"https:\/\/www.artisanlocal.ch\/c\/wp-json\/wp\/v2\/users\/4"}],"replies":[{"embeddable":true,"href":"https:\/\/www.artisanlocal.ch\/c\/wp-json\/wp\/v2\/comments?post=714"}],"version-history":[{"count":0,"href":"https:\/\/www.artisanlocal.ch\/c\/wp-json\/wp\/v2\/pages\/714\/revisions"}],"wp:featuredmedia":[{"embeddable":true,"href":"https:\/\/www.artisanlocal.ch\/c\/wp-json\/wp\/v2\/media\/2756"}],"wp:attachment":[{"href":"https:\/\/www.artisanlocal.ch\/c\/wp-json\/wp\/v2\/media?parent=714"}],"wp:term":[{"taxonomy":"profession","embeddable":true,"href":"https:\/\/www.artisanlocal.ch\/c\/wp-json\/wp\/v2\/profession?post=714"},{"taxonomy":"location","embeddable":true,"href":"https:\/\/www.artisanlocal.ch\/c\/wp-json\/wp\/v2\/location?post=714"},{"taxonomy":"canton","embeddable":true,"href":"https:\/\/www.artisanlocal.ch\/c\/wp-json\/wp\/v2\/canton?post=714"}],"curies":[{"name":"wp","href":"https:\/\/api.w.org\/{rel}","templated":true}]}}