{"id":715,"date":"2024-04-16T05:10:02","date_gmt":"2024-04-16T03:10:02","guid":{"rendered":"https:\/\/www.artisanlocal.ch\/c\/trouver-le-meilleur-peintre-a-le-locle\/"},"modified":"2025-11-12T12:12:02","modified_gmt":"2025-11-12T11:12:02","slug":"trouver-le-meilleur-peintre-a-le-locle","status":"publish","type":"page","link":"https:\/\/www.artisanlocal.ch\/c\/trouver-le-meilleur-peintre-a-le-locle\/","title":{"rendered":"Peintre au Locle"},"content":{"rendered":"<p>Besoin d&rsquo;un peintre au Locle ? Artisanlocal r\u00e9alise tous vos travaux de peinture et intervient rapidement dans votre foyer au Locle et dans les villes aux environs.<br \/>\n\r\n<div class=\"box\">\r\n    <h2 class=\"text-dark\">Nous cherchons un <em class=\"text-primary\">Peintre<\/em> dans la r\u00e9gion de <em class=\"text-primary\">Le Locle<\/em>  en exclusivit\u00e9, afin de proposer vos services \u00e0 nos clients propri\u00e9taires.<\/h2>\r\n    <p>Une opportunit\u00e9 unique pour booster votre activit\u00e9 \u00e0 <strong>Le Locle<\/strong> et aux alentours dans votre domaine (Peintre).<\/p>\r\n    <p>Nous travaillons en exclusivit\u00e9 avec qu'une soci\u00e9t\u00e9 par m\u00e9tier et par r\u00e9gion. <br>Votre entreprise est pr\u00e9sente sur tous les documents immobiliers. Afin d'\u00eatre mieux vu sur le net, vous \u00eates \u00e9galement visible sur nos deux sites et sur les pages de r\u00e9f\u00e9rencement de votre r\u00e9gion.<\/p>\r\n    <a href=\"\/contact\" class=\"wp-block-button__link has-accent-background-color has-text-align-center wp-element-button\">R\u00e9server<\/a>\r\n<\/div><\/p>\n<h2>Nos services au Locle<\/h2>\n<ul>\n<li>Peinture int\u00e9rieure : sur murs, portes, moulures, plafonds, salons, chambres, ou salles de bain.<\/li>\n<li>Peinture ext\u00e9rieure : sur bardage, brique, stuc, cl\u00f4ture, terrasse et porte de garage.<\/li>\n<li>Peinture d\u00e9corative : cr\u00e9ation d&rsquo;effets visuels comme le faux marbre, patines, effet vieilli, faux bois et effet oxyd\u00e9.<\/li>\n<li>Peinture pour cuisine : peinture finition satin\u00e9\u00e9.<\/li>\n<li>Enduits d\u00e9coratifs : b\u00e9ton cir\u00e9 ou tadelakt.<\/li>\n<li>Artiste peintre : cr\u00e9ation de fresques murales (ext\u00e9rieur, int\u00e9rieur, artistique ou d\u00e9corative).<\/li>\n<li>Peinture ravalement de fa\u00e7ade : am\u00e9lioration esth\u00e9tique de la face avant du b\u00e2timent cr\u00e9pi, bardage, pose d&rsquo;enduit ou de peinture.<\/li>\n<li>Peintre cordiste : peinture en hauteur dans les lieus difficiles d\u2019acc\u00e8s, comme les ponts, \u00e9oliennes, tours ou usines.<\/li>\n<li>Peinture de finition : sur mobilier, coin cuisine ou salle de bain.<\/li>\n<li>Installation et r\u00e9novation : installation de cloisons s\u00e8ches, comblement des creux et r\u00e9novation des fissures.<\/li>\n<li>Enl\u00e8vement et installation de papier peint.<\/li>\n<li>Peinture pour entreprise : h\u00f4tels, espaces de travail, complexes sportifs, \u00e9coles et autres locaux commerciaux.<\/li>\n<li>Peintre en b\u00e2timent : pr\u00e9paration des surfaces, application des finitions et des rev\u00eatements\/peintures.<\/li>\n<\/ul>\n<h2>Comment votre soci\u00e9t\u00e9 fonctionne ?<\/h2>\n<h3>\u00c9tape 1\u00a0 : demandez-nous un devis<\/h3>\n<p>Contactez-nous par mail ou t\u00e9l\u00e9phone et obtenez un devis gratuit en moins de 24 heures.<\/p>\n<h3>\u00c9tape 2\u00a0 : examinez votre devis<\/h3>\n<p>Assurez-vous que le devis que vous obtenez d\u00e9termine correctement le prix de vos travaux. En cas de questionnement sur votre estimation, n&rsquo;h\u00e9sitez pas \u00e0 nous contacter pour avoir plus de d\u00e9tails.<\/p>\n<h3>\u00c9tape 3\u00a0 : d\u00e9but des travaux<\/h3>\n<p>Apr\u00e8s la validation du devis, nous programmons ensemble le commencement de votre projet. Pour atteindre vos objectifs, nous vous mettons \u00e0 disposition un chef de projet.<\/p>\n<h2>Combien faut-il payer pour des travaux de peinture au Locle ?<\/h2>\n<p>Le co\u00fbt d&rsquo;une prestation de peinture repose sur l&rsquo;\u00e9tat des zones \u00e0 peindre. En g\u00e9n\u00e9ral, les tarifs se situent entre 60 et 70 CHF par heure. La main-d&rsquo;\u0153uvre repr\u00e9sente environ 80% \u00e0 90% du prix, tandis que le co\u00fbt des travaux peinture ne compose que 10% \u00e0 20% du montant.<\/p>\n<h2>Pourquoi choisir nos artisans peintres au Locle ?<\/h2>\n<ul>\n<li>Disponibilit\u00e9 : implant\u00e9s au Locle, nos peintres interviennent d\u00e8s que possible chez vous.<\/li>\n<li>Excellence : en faisant appel \u00e0 notre entreprise de peinture, vous avez la garantie de profiter de prestations de qualit\u00e9, r\u00e9alis\u00e9es avec professionnalisme et s\u00e9rieux.<\/li>\n<li>Prix comp\u00e9titifs : nos prix sont fix\u00e9s en fonction de vos besoins et de vos moyens.<\/li>\n<li>Services sur mesure : nous prenons en consid\u00e9ration les particularit\u00e9s de votre projet pour vous offrir des solutions adapt\u00e9es.<\/li>\n<li>Le savoir-faire : nos peintres au Locle poss\u00e8dent une v\u00e9ritable d&rsquo;expertises, de la pr\u00e9paration avant les travaux de peinture, \u00e0 la pose des diff\u00e9rentes couches et finitions.<\/li>\n<\/ul>\n<h2>Foire aux questions<\/h2>\n<h3>Quelle peinture utilisez-vous ?<\/h3>\n<p>Nous utilisons que des peintures de qualit\u00e9 sup\u00e9rieure. Toutefois, nous pouvons utiliser la peinture que vous avez d\u00e9j\u00e0 en stock.<\/p>\n<h3>Votre soci\u00e9t\u00e9 est-elle ouverte le week-end ?<\/h3>\n<p>Oui, nous sommes joignables le week-end au Locle.<\/p>\n<h3>Les meubles sont-ils prot\u00e9g\u00e9s lors de l&rsquo;application de la peinture ?<\/h3>\n<p>Oui, avant les travaux, nous couvrons vos appareils \u00e9lectrom\u00e9nagers et vos meubles. N\u00e9anmoins, si vous avez des objets fragiles, nous vous pr\u00e9conisons d&rsquo;en aviser notre \u00e9quipe d&rsquo;artisans, nous prendrons plus de pr\u00e9cautions.<\/p>\n<h3>Quelles sont les solutions si j&rsquo;estime le travail r\u00e9alis\u00e9 insuffisant ?<\/h3>\n<p>Si vous n&rsquo;\u00eates pas satisfait de notre travail, nous reviendrons pour r\u00e9soudre les manques jusqu&rsquo;\u00e0 ce que vous soyez content.<\/p>\n<h3>Vos devis sont-ils gratuits ?<\/h3>\n<p>Oui, nos devis sont gratuits. Nos techniciens se d\u00e9placent \u00e0 votre domicile dans le but de r\u00e9pondre \u00e0 vos interrogations et valider avec vous votre devis.<\/p>\n<h3>Vos services s&rsquo;\u00e9tendent-ils aux villes proches du Locle ?<\/h3>\n<p>Oui, Artisalocal r\u00e9alise des travaux de peintures au Locle, et \u00e9galement dans les villes proches, comme :<\/p>\nNoiraigue, Travers, Couvet, M\u00f4tiers NE, Boveresse, Fleurier, Buttes, Mont-de-Buttes, La C\u00f4te-aux-F\u00e9es, St-Sulpice NE, Les Sagnettes, Les Verri\u00e8res, Les Bayards, Brot-Dessous, Fretereules, Petit-Martel, Les Ponts-de-Martel, Brot-Plamboz, Le Pr\u00e9voux, La Chaux-du-Milieu, La Br\u00e9vine, La Ch\u00e2tagne, Le Brouillet, Les Taill\u00e8res, Le Cerneux-P\u00e9quignot, Les Brenets.\n","protected":false},"excerpt":{"rendered":"<p>Besoin d&rsquo;un peintre au Locle ? Artisanlocal r\u00e9alise tous vos travaux de peinture et intervient rapidement dans votre foyer au Locle et dans les villes aux environs. Nos services au Locle Peinture int\u00e9rieure : sur murs, portes, moulures, plafonds, salons, chambres, ou salles de bain. Peinture ext\u00e9rieure : sur bardage, brique, stuc, cl\u00f4ture, terrasse et [&hellip;]<\/p>\n","protected":false},"author":4,"featured_media":2756,"parent":0,"menu_order":0,"comment_status":"closed","ping_status":"closed","template":"","meta":{"footnotes":""},"profession":[121],"location":[83],"canton":[114],"class_list":["post-715","page","type-page","status-publish","has-post-thumbnail","hentry","profession-peintre","location-le-locle","canton-ne"],"yoast_head":"<!-- This site is optimized with the Yoast SEO Premium plugin v25.7.1 (Yoast SEO v27.4) - https:\/\/yoast.com\/product\/yoast-seo-premium-wordpress\/ -->\n<title>Peintre au Locle - Artisanlocal<\/title>\n<meta name=\"robots\" content=\"index, follow, max-snippet:-1, max-image-preview:large, max-video-preview:-1\" \/>\n<link rel=\"canonical\" href=\"https:\/\/www.artisanlocal.ch\/c\/trouver-le-meilleur-peintre-a-le-locle\/\" \/>\n<meta property=\"og:locale\" content=\"fr_FR\" \/>\n<meta property=\"og:type\" content=\"article\" \/>\n<meta property=\"og:title\" content=\"Peintre au Locle\" \/>\n<meta property=\"og:description\" content=\"Besoin d&rsquo;un peintre au Locle ? Artisanlocal r\u00e9alise tous vos travaux de peinture et intervient rapidement dans votre foyer au Locle et dans les villes aux environs. Nos services au Locle Peinture int\u00e9rieure : sur murs, portes, moulures, plafonds, salons, chambres, ou salles de bain. Peinture ext\u00e9rieure : sur bardage, brique, stuc, cl\u00f4ture, terrasse et [&hellip;]\" \/>\n<meta property=\"og:url\" content=\"https:\/\/www.artisanlocal.ch\/c\/trouver-le-meilleur-peintre-a-le-locle\/\" \/>\n<meta property=\"og:site_name\" content=\"Artisanlocal\" \/>\n<meta property=\"article:modified_time\" content=\"2025-11-12T11:12:02+00:00\" \/>\n<meta property=\"og:image\" content=\"https:\/\/www.artisanlocal.ch\/c\/wp-content\/uploads\/2024\/10\/peintre.jpg\" \/>\n\t<meta property=\"og:image:width\" content=\"1920\" \/>\n\t<meta property=\"og:image:height\" content=\"300\" \/>\n\t<meta property=\"og:image:type\" content=\"image\/jpeg\" \/>\n<meta name=\"twitter:card\" content=\"summary_large_image\" \/>\n<meta name=\"twitter:label1\" content=\"Dur\u00e9e de lecture estim\u00e9e\" \/>\n\t<meta name=\"twitter:data1\" content=\"4 minutes\" \/>\n<script type=\"application\/ld+json\" class=\"yoast-schema-graph\">{\"@context\":\"https:\\\/\\\/schema.org\",\"@graph\":[{\"@type\":\"WebPage\",\"@id\":\"https:\\\/\\\/www.artisanlocal.ch\\\/c\\\/trouver-le-meilleur-peintre-a-le-locle\\\/\",\"url\":\"https:\\\/\\\/www.artisanlocal.ch\\\/c\\\/trouver-le-meilleur-peintre-a-le-locle\\\/\",\"name\":\"Peintre au Locle - Artisanlocal\",\"isPartOf\":{\"@id\":\"https:\\\/\\\/www.artisanlocal.ch\\\/c\\\/#website\"},\"primaryImageOfPage\":{\"@id\":\"https:\\\/\\\/www.artisanlocal.ch\\\/c\\\/trouver-le-meilleur-peintre-a-le-locle\\\/#primaryimage\"},\"image\":{\"@id\":\"https:\\\/\\\/www.artisanlocal.ch\\\/c\\\/trouver-le-meilleur-peintre-a-le-locle\\\/#primaryimage\"},\"thumbnailUrl\":\"https:\\\/\\\/www.artisanlocal.ch\\\/c\\\/wp-content\\\/uploads\\\/2024\\\/10\\\/peintre.jpg\",\"datePublished\":\"2024-04-16T03:10:02+00:00\",\"dateModified\":\"2025-11-12T11:12:02+00:00\",\"breadcrumb\":{\"@id\":\"https:\\\/\\\/www.artisanlocal.ch\\\/c\\\/trouver-le-meilleur-peintre-a-le-locle\\\/#breadcrumb\"},\"inLanguage\":\"fr-FR\",\"potentialAction\":[{\"@type\":\"ReadAction\",\"target\":[\"https:\\\/\\\/www.artisanlocal.ch\\\/c\\\/trouver-le-meilleur-peintre-a-le-locle\\\/\"]}]},{\"@type\":\"ImageObject\",\"inLanguage\":\"fr-FR\",\"@id\":\"https:\\\/\\\/www.artisanlocal.ch\\\/c\\\/trouver-le-meilleur-peintre-a-le-locle\\\/#primaryimage\",\"url\":\"https:\\\/\\\/www.artisanlocal.ch\\\/c\\\/wp-content\\\/uploads\\\/2024\\\/10\\\/peintre.jpg\",\"contentUrl\":\"https:\\\/\\\/www.artisanlocal.ch\\\/c\\\/wp-content\\\/uploads\\\/2024\\\/10\\\/peintre.jpg\",\"width\":1920,\"height\":300},{\"@type\":\"BreadcrumbList\",\"@id\":\"https:\\\/\\\/www.artisanlocal.ch\\\/c\\\/trouver-le-meilleur-peintre-a-le-locle\\\/#breadcrumb\",\"itemListElement\":[{\"@type\":\"ListItem\",\"position\":1,\"name\":\"Accueil\",\"item\":\"https:\\\/\\\/www.artisanlocal.ch\\\/c\\\/\"},{\"@type\":\"ListItem\",\"position\":2,\"name\":\"Peintre au Locle\"}]},{\"@type\":\"WebSite\",\"@id\":\"https:\\\/\\\/www.artisanlocal.ch\\\/c\\\/#website\",\"url\":\"https:\\\/\\\/www.artisanlocal.ch\\\/c\\\/\",\"name\":\"Artisanlocal\",\"description\":\"\",\"publisher\":{\"@id\":\"https:\\\/\\\/www.artisanlocal.ch\\\/c\\\/#organization\"},\"potentialAction\":[{\"@type\":\"SearchAction\",\"target\":{\"@type\":\"EntryPoint\",\"urlTemplate\":\"https:\\\/\\\/www.artisanlocal.ch\\\/c\\\/?s={search_term_string}\"},\"query-input\":{\"@type\":\"PropertyValueSpecification\",\"valueRequired\":true,\"valueName\":\"search_term_string\"}}],\"inLanguage\":\"fr-FR\"},{\"@type\":\"Organization\",\"@id\":\"https:\\\/\\\/www.artisanlocal.ch\\\/c\\\/#organization\",\"name\":\"Artisanlocal\",\"url\":\"https:\\\/\\\/www.artisanlocal.ch\\\/c\\\/\",\"logo\":{\"@type\":\"ImageObject\",\"inLanguage\":\"fr-FR\",\"@id\":\"https:\\\/\\\/www.artisanlocal.ch\\\/c\\\/#\\\/schema\\\/logo\\\/image\\\/\",\"url\":\"https:\\\/\\\/www.artisanlocal.ch\\\/c\\\/wp-content\\\/uploads\\\/2024\\\/02\\\/logo-artisanlocal-h.svg\",\"contentUrl\":\"https:\\\/\\\/www.artisanlocal.ch\\\/c\\\/wp-content\\\/uploads\\\/2024\\\/02\\\/logo-artisanlocal-h.svg\",\"caption\":\"Artisanlocal\"},\"image\":{\"@id\":\"https:\\\/\\\/www.artisanlocal.ch\\\/c\\\/#\\\/schema\\\/logo\\\/image\\\/\"}}]}<\/script>\n<!-- \/ Yoast SEO Premium plugin. -->","yoast_head_json":{"title":"Peintre au Locle - Artisanlocal","robots":{"index":"index","follow":"follow","max-snippet":"max-snippet:-1","max-image-preview":"max-image-preview:large","max-video-preview":"max-video-preview:-1"},"canonical":"https:\/\/www.artisanlocal.ch\/c\/trouver-le-meilleur-peintre-a-le-locle\/","og_locale":"fr_FR","og_type":"article","og_title":"Peintre au Locle","og_description":"Besoin d&rsquo;un peintre au Locle ? Artisanlocal r\u00e9alise tous vos travaux de peinture et intervient rapidement dans votre foyer au Locle et dans les villes aux environs. Nos services au Locle Peinture int\u00e9rieure : sur murs, portes, moulures, plafonds, salons, chambres, ou salles de bain. Peinture ext\u00e9rieure : sur bardage, brique, stuc, cl\u00f4ture, terrasse et [&hellip;]","og_url":"https:\/\/www.artisanlocal.ch\/c\/trouver-le-meilleur-peintre-a-le-locle\/","og_site_name":"Artisanlocal","article_modified_time":"2025-11-12T11:12:02+00:00","og_image":[{"width":1920,"height":300,"url":"https:\/\/www.artisanlocal.ch\/c\/wp-content\/uploads\/2024\/10\/peintre.jpg","type":"image\/jpeg"}],"twitter_card":"summary_large_image","twitter_misc":{"Dur\u00e9e de lecture estim\u00e9e":"4 minutes"},"schema":{"@context":"https:\/\/schema.org","@graph":[{"@type":"WebPage","@id":"https:\/\/www.artisanlocal.ch\/c\/trouver-le-meilleur-peintre-a-le-locle\/","url":"https:\/\/www.artisanlocal.ch\/c\/trouver-le-meilleur-peintre-a-le-locle\/","name":"Peintre au Locle - Artisanlocal","isPartOf":{"@id":"https:\/\/www.artisanlocal.ch\/c\/#website"},"primaryImageOfPage":{"@id":"https:\/\/www.artisanlocal.ch\/c\/trouver-le-meilleur-peintre-a-le-locle\/#primaryimage"},"image":{"@id":"https:\/\/www.artisanlocal.ch\/c\/trouver-le-meilleur-peintre-a-le-locle\/#primaryimage"},"thumbnailUrl":"https:\/\/www.artisanlocal.ch\/c\/wp-content\/uploads\/2024\/10\/peintre.jpg","datePublished":"2024-04-16T03:10:02+00:00","dateModified":"2025-11-12T11:12:02+00:00","breadcrumb":{"@id":"https:\/\/www.artisanlocal.ch\/c\/trouver-le-meilleur-peintre-a-le-locle\/#breadcrumb"},"inLanguage":"fr-FR","potentialAction":[{"@type":"ReadAction","target":["https:\/\/www.artisanlocal.ch\/c\/trouver-le-meilleur-peintre-a-le-locle\/"]}]},{"@type":"ImageObject","inLanguage":"fr-FR","@id":"https:\/\/www.artisanlocal.ch\/c\/trouver-le-meilleur-peintre-a-le-locle\/#primaryimage","url":"https:\/\/www.artisanlocal.ch\/c\/wp-content\/uploads\/2024\/10\/peintre.jpg","contentUrl":"https:\/\/www.artisanlocal.ch\/c\/wp-content\/uploads\/2024\/10\/peintre.jpg","width":1920,"height":300},{"@type":"BreadcrumbList","@id":"https:\/\/www.artisanlocal.ch\/c\/trouver-le-meilleur-peintre-a-le-locle\/#breadcrumb","itemListElement":[{"@type":"ListItem","position":1,"name":"Accueil","item":"https:\/\/www.artisanlocal.ch\/c\/"},{"@type":"ListItem","position":2,"name":"Peintre au Locle"}]},{"@type":"WebSite","@id":"https:\/\/www.artisanlocal.ch\/c\/#website","url":"https:\/\/www.artisanlocal.ch\/c\/","name":"Artisanlocal","description":"","publisher":{"@id":"https:\/\/www.artisanlocal.ch\/c\/#organization"},"potentialAction":[{"@type":"SearchAction","target":{"@type":"EntryPoint","urlTemplate":"https:\/\/www.artisanlocal.ch\/c\/?s={search_term_string}"},"query-input":{"@type":"PropertyValueSpecification","valueRequired":true,"valueName":"search_term_string"}}],"inLanguage":"fr-FR"},{"@type":"Organization","@id":"https:\/\/www.artisanlocal.ch\/c\/#organization","name":"Artisanlocal","url":"https:\/\/www.artisanlocal.ch\/c\/","logo":{"@type":"ImageObject","inLanguage":"fr-FR","@id":"https:\/\/www.artisanlocal.ch\/c\/#\/schema\/logo\/image\/","url":"https:\/\/www.artisanlocal.ch\/c\/wp-content\/uploads\/2024\/02\/logo-artisanlocal-h.svg","contentUrl":"https:\/\/www.artisanlocal.ch\/c\/wp-content\/uploads\/2024\/02\/logo-artisanlocal-h.svg","caption":"Artisanlocal"},"image":{"@id":"https:\/\/www.artisanlocal.ch\/c\/#\/schema\/logo\/image\/"}}]}},"_links":{"self":[{"href":"https:\/\/www.artisanlocal.ch\/c\/wp-json\/wp\/v2\/pages\/715","targetHints":{"allow":["GET"]}}],"collection":[{"href":"https:\/\/www.artisanlocal.ch\/c\/wp-json\/wp\/v2\/pages"}],"about":[{"href":"https:\/\/www.artisanlocal.ch\/c\/wp-json\/wp\/v2\/types\/page"}],"author":[{"embeddable":true,"href":"https:\/\/www.artisanlocal.ch\/c\/wp-json\/wp\/v2\/users\/4"}],"replies":[{"embeddable":true,"href":"https:\/\/www.artisanlocal.ch\/c\/wp-json\/wp\/v2\/comments?post=715"}],"version-history":[{"count":0,"href":"https:\/\/www.artisanlocal.ch\/c\/wp-json\/wp\/v2\/pages\/715\/revisions"}],"wp:featuredmedia":[{"embeddable":true,"href":"https:\/\/www.artisanlocal.ch\/c\/wp-json\/wp\/v2\/media\/2756"}],"wp:attachment":[{"href":"https:\/\/www.artisanlocal.ch\/c\/wp-json\/wp\/v2\/media?parent=715"}],"wp:term":[{"taxonomy":"profession","embeddable":true,"href":"https:\/\/www.artisanlocal.ch\/c\/wp-json\/wp\/v2\/profession?post=715"},{"taxonomy":"location","embeddable":true,"href":"https:\/\/www.artisanlocal.ch\/c\/wp-json\/wp\/v2\/location?post=715"},{"taxonomy":"canton","embeddable":true,"href":"https:\/\/www.artisanlocal.ch\/c\/wp-json\/wp\/v2\/canton?post=715"}],"curies":[{"name":"wp","href":"https:\/\/api.w.org\/{rel}","templated":true}]}}