{"id":716,"date":"2024-04-16T21:45:27","date_gmt":"2024-04-16T19:45:27","guid":{"rendered":"https:\/\/www.artisanlocal.ch\/c\/societe-artisanale-de-peinture-a-aigle-artisanlocal-effectue-tous-vos-travaux-en-peinture\/"},"modified":"2025-09-18T19:30:27","modified_gmt":"2025-09-18T17:30:27","slug":"societe-artisanale-de-peinture-a-aigle-artisanlocal-effectue-tous-vos-travaux-en-peinture","status":"publish","type":"page","link":"https:\/\/www.artisanlocal.ch\/c\/societe-artisanale-de-peinture-a-aigle-artisanlocal-effectue-tous-vos-travaux-en-peinture\/","title":{"rendered":"Peintre \u00e0 Aigle"},"content":{"rendered":"<p>Besoin d&rsquo;un peintre \u00e0 Aigle ? Si vous \u00eates un Aiglon, nous pr\u00e9parons et posons votre nouvelle couche de peinture ext\u00e9rieure et int\u00e9rieure, de plus nous intervenons rapidement chez vous et dans les villes proches.<br \/>\n\r\n<div class=\"box\">\r\n            <div class=\"company-info\">\r\n            <img decoding=\"async\" class=\"company-info__logo\" src=\"https:\/\/www.artisanlocal.ch\/media\/cache\/thumb\/images\/companies\/6724ab58b5f1a191666511.png\" alt=\"Logo\">\r\n            <h2 class=\"company-info__name\">AM r\u00e9novation plus S\u00e0rl<\/h2>\r\n            <p class=\"company-info__business\">R\u00e9novation - Peinture - Isolation p\u00e9riph\u00e9rique - Cr\u00e9pi<\/p>\r\n        <\/div>\r\n        <div class=\"company-contact\">\r\n            <p class=\"company-info__address\">Chemin de Pr\u00e9 Yonnet 45<\/p>\r\n                            <div class=\"links\">\r\n                                            <a class=\"btn has-accent-background-color js-phoneNumber\" href=\"tel:0793989622\" title=\"Appelez\" data-id=\"25328\" data-type=\"11\">079 398 96 22<\/a>\r\n                                                                <a class=\"btn has-accent-background-color\" href=\"https:\/\/am-renovation.ch\/\" target=\"_blank\" title=\"Voir le site internet\" data-id=\"25328\" data-type=\"20\">Site internet<\/a>\r\n                                    <\/div>\r\n                    <\/div>\r\n    \r\n            \r\n<form action=\"https:\/\/www.artisanlocal.ch\/c\/wp-admin\/admin-ajax.php\" method=\"post\" class=\"form-contact\" id=\"artisan_form_contact_company_inline\">\r\n    <div><input type=\"hidden\" name=\"action\" value=\"company_contact\"><\/div>\r\n    <div><input type=\"hidden\" name=\"nonce\" value=\"67a23a8c67\"><\/div>\r\n    <div><input type=\"hidden\" name=\"company_id\" value=\"25328\"><\/div>\r\n    <div><input type=\"hidden\" name=\"form_id\" value=\"artisan_form_contact_company_inline\"><\/div>\r\n    <div class=\"gglcptch gglcptch_v3 gglcptch_custom\"><input type=\"hidden\" id=\"g-recaptcha-response\" name=\"g-recaptcha-response\" \/><br \/><div class=\"gglcptch_error_text\">La p\u00e9riode de v\u00e9rification reCAPTCHA a expir\u00e9. Veuillez recharger la page.<\/div><\/div>    <div class=\"form-content\">\r\n        <div class=\"form-group\">\r\n            <label for=\"contact_firstName\" class=\"required\">Pr\u00e9nom<\/label>\r\n            <input type=\"text\" name=\"firstName\" class=\"form-control\" required>\r\n        <\/div>\r\n        <div class=\"form-group\">\r\n            <label for=\"contact_lastName\" class=\"required\">Nom<\/label>\r\n            <input type=\"text\" name=\"lastName\" class=\"form-control\" required>\r\n        <\/div>\r\n        <div class=\"form-group\">\r\n            <label for=\"contact_email\" class=\"required\">Email<\/label>\r\n            <input type=\"email\" name=\"email\" class=\"form-control\" required>\r\n        <\/div>\r\n        <div class=\"form-group\">\r\n            <label for=\"contact_phone\" class=\"required\">Num\u00e9ro de t\u00e9l\u00e9phone<\/label>\r\n            <input type=\"tel\" name=\"phone\" class=\"form-control\" placeholder=\"0787117165\" pattern=\"^[0-9]{10}$\" required>\r\n        <\/div>\r\n        <div class=\"form-group\">\r\n            <label for=\"contact_postalCode\" class=\"required\">Code postal et localit\u00e9<\/label>\r\n            <input type=\"text\" name=\"postalCode\" class=\"form-control\" required>\r\n        <\/div>\r\n        <div class=\"form-group\">\r\n            <label for=\"contact_address\" class=\"required\">Adresse<\/label>\r\n            <input type=\"text\" name=\"address\" class=\"form-control\" required>\r\n        <\/div>\r\n        <div class=\"full-width topic\">\r\n            <p class=\"required\">Je souhaite \u00eatre contact\u00e9 pour :<\/p>\r\n            <div class=\"form-check\">\r\n                <input type=\"radio\" name=\"topic\" value=\"D\u00e9pannage\" class=\"form-control\" required>\r\n                <label for=\"d\u00e9pannage\">D\u00e9pannage<\/label>\r\n            <\/div>\r\n            <div class=\"form-check\">\r\n                <input type=\"radio\" name=\"topic\" value=\"Entretien\" class=\"form-control\" required>\r\n                <label for=\"entretien\">Entretien<\/label>\r\n            <\/div>\r\n            <div class=\"form-check\">\r\n                <input type=\"radio\" name=\"topic\" value=\"R\u00e9novation\" class=\"form-control\" required>\r\n                <label for=\"r\u00e9novation\">R\u00e9novation<\/label>\r\n            <\/div>\r\n            <div class=\"form-check\">\r\n                <input type=\"radio\" name=\"topic\" value=\"Autre\" class=\"form-control\" required>\r\n                <label for=\"autre\">Autre<\/label>\r\n            <\/div>\r\n        <\/div>\r\n        <div class=\"form-group full-width\">\r\n            <label for=\"contact_message\">Message<\/label>\r\n            <textarea name=\"message\" rows=\"3\" class=\"form-control\"><\/textarea>\r\n        <\/div>\r\n    <\/div>\r\n    <div class=\"form-actions\">\r\n        <button class=\"wp-block-button__link has-accent-background-color\">Contacter<\/button>\r\n    <\/div>\r\n<\/form>\r\n<div class=\"form-feedback\"><\/div>    <\/div><\/p>\n<h2>Quelles sont les prestations d&rsquo;Artisanlocal ?<\/h2>\n<ul>\n<li>Peinture int\u00e9rieure : sur les murs, les plafonds, les moulures, les portes, et dans des espaces comme la salle d&rsquo;eau, la chambre et le salon.<\/li>\n<li>Peinture ext\u00e9rieure : sur les terrasses, les cl\u00f4tures, le bardage, les briques, le stuc et les portes de votre parking.<\/li>\n<li>Peinture d\u00e9corative : cr\u00e9ation d&rsquo;effets, comme le faux marbre, patines, effet vieilli, faux bois, effet oxyd\u00e9.<\/li>\n<li>Peinture de cuisine : pose d&rsquo;une peinture d\u00e9corative comme la peinture finition satin\u00e9e qui est simple \u00e0 nettoyer.<\/li>\n<li>Les travaux d&rsquo;enduits d\u00e9coratifs : comme le b\u00e9ton cir\u00e9 ou le tadelakt.<\/li>\n<li>Peinture d\u00e9corative artistique : cr\u00e9ation de fresques murales d\u00e9coratives, artistiques, ext\u00e9rieures ou int\u00e9rieures.<\/li>\n<li>Peinture pour le ravalement de fa\u00e7ade : r\u00e9novation de votre fa\u00e7ade ext\u00e9rieure, pose d&rsquo;enduit, peinture, bardage ou cr\u00e9pi.<\/li>\n<li>Peinture sur des zones en hauteur : dans les zones difficiles comme les ponts, les usines ou les tours.<\/li>\n<li>Peinture de finition : sur le mobilier de cuisine ou dans la salle d&rsquo;eau.<\/li>\n<li>Installation et restauration : colmatage des fissures dans vos murs, colmatage des trous dans les murs et l&rsquo;installation de cloisons s\u00e8ches neuves.<\/li>\n<li>Les services d&rsquo;enl\u00e8vement et de pose de papier peint : l&rsquo;enl\u00e8vement et l&rsquo;installation d&rsquo;un rev\u00eatement mural.<\/li>\n<li>Peinture pour entreprise : pour les bureaux, restaurants, \u00e9tablissement \u00e9ducatif, studios de sports et autres biens immobiliers commerciaux.<\/li>\n<li>Peinture pour b\u00e2timent : dans les immeubles, pour la pr\u00e9paration des zones avant les travaux de peinture, la r\u00e9alisation des travaux de finition et l\u2019application des peintures et rev\u00eatements.<\/li>\n<\/ul>\n<h2>De quelle mani\u00e8re fonctionne votre soci\u00e9t\u00e9 ?<\/h2>\n<p>Nous avons cr\u00e9\u00e9 une m\u00e9thodologie pour r\u00e9pondre de fa\u00e7on pr\u00e9cise aux d\u00e9sirs de nos clients.<\/p>\n<h3>\u00c9tape 1\u00a0 : commander une estimation<\/h3>\n<p>Commandez un devis gratuit en ligne ou par t\u00e9l\u00e9phone.<\/p>\n<h3>\u00c9tape 2\u00a0 : v\u00e9rifier votre estimation<\/h3>\n<p>Soyez assur\u00e9 que le devis que vous obtenez d\u00e9termine correctement le prix de votre projet. En cas de probl\u00e9matique sur votre devis, n&rsquo;h\u00e9sitez pas \u00e0 nous contacter pour obtenir plus de d\u00e9tails.<\/p>\n<h3>\u00c9tape 3\u00a0 : d\u00e9finir la date de commencement de votre r\u00e9novation<\/h3>\n<p>Une fois que vous avez valid\u00e9 le devis, nous fixons ensemble la date de commencement de votre projet. Afin d&rsquo;assurer le succ\u00e8s de votre projet, nous vous attribuons un chef de projet.<\/p>\n<h2>Que faut-il d\u00e9bourser pour une prestation de peinture \u00e0 Aigle ?<\/h2>\n<p>Le montant d&rsquo;une prestation repose sur l&rsquo;\u00e9tat des zones \u00e0 r\u00e9nover. En moyenne, les montants sont compris entre 60 et 70 francs suisses par heure. La main-d&rsquo;\u0153uvre repr\u00e9sente environ 80% \u00e0 90% du prix total, tandis que le prix des travaux peinture ne constitue que 10% \u00e0 20% du prix.<\/p>\n<h2>Pourquoi choisir nos artisans peintres \u00e0 Aigle ?<\/h2>\n<ul>\n<li>Accessibilit\u00e9 : nos peintres sont joignables 24 heures sur 24 \u00e0 Aigle pour r\u00e9pondre rapidement \u00e0 vos besoins.<\/li>\n<li>Qualit\u00e9 : en choisissant notre soci\u00e9t\u00e9, vous choisissez la qualit\u00e9 et le professionnalisme.<\/li>\n<li>Prix comp\u00e9titifs : nous offrons des tarifs attractifs, adapt\u00e9s \u00e0 vos exigences et \u00e0 votre enveloppe budg\u00e9taire.<\/li>\n<li>Services sur mesure : nous analysons votre projet de peinture dans le but de concevoir une solution sur mesure.<\/li>\n<li>Les capacit\u00e9s, nos artisans peintres \u00e0 Aigle ma\u00eetrisent une large gamme de qualifications, comme : la pr\u00e9paration des surfaces avant l&rsquo;application de la peinture, la pose des diff\u00e9rentes couches et la mise en \u0153uvre des touches finales.<\/li>\n<\/ul>\n<h2>Foire aux questions<\/h2>\n<h3>Quelle peinture avez-vous l&rsquo;habitude d&rsquo;utiliser ?<\/h3>\n<p>Nous utilisons uniquement des peintures premium. Il est possible pour nos peintres d&rsquo;utiliser les pots que vous avez achet\u00e9s.<\/p>\n<h3>Votre entreprise est-elle disponible le week-end ?<\/h3>\n<p>Oui, notre soci\u00e9t\u00e9 intervient les week-ends \u00e0 Aigle et dans les villes aux environs.<\/p>\n<h3>Les meubles sont-ils couverts lors de l&rsquo;application de la peinture ?<\/h3>\n<p>Oui, avant les travaux, nous prot\u00e9geons vos mobiliers et \u00e9lectrom\u00e9nagers. Toutefois, si vous avez des objets susceptibles de se briser, nous vous pr\u00e9conisons d&rsquo;en informer notre \u00e9quipe, nous mettrons en \u0153uvre des mesures suppl\u00e9mentaires.<\/p>\n<h3>Que se passe-t-il si je ne suis pas content du travail accompli ?<\/h3>\n<p>Dans le cas o\u00f9 vous ne seriez pas combl\u00e9 des r\u00e9sultats, nous reviendrons pour corriger les manques tant que vous ne serez pas combl\u00e9.<\/p>\n<h3>Fournissez-vous des devis gratuits ?<\/h3>\n<p>Oui, nos devis sont 100% gratuits, sans frais cach\u00e9s. Nos techniciens peuvent se d\u00e9placer dans votre foyer dans le but de r\u00e9pondre \u00e0 vos questions et valider avec vous votre devis.<\/p>\n<h3>Votre soci\u00e9t\u00e9 intervient-elle aux alentours d&rsquo;Aigle ?<\/h3>\n<p>Oui, nous intervenons \u00e0 Aigle, mais aussi dans les villes proches, telles que :<\/p>\nLa Tine, Rossini\u00e8re, Flendruz, Rougemont, Ch\u00e2teau-d'Oex, L'Etivaz, La L\u00e9cherette, Les Moulins, Villeneuve VD, Noville, Chessel, Rennaz, Roche VD, Yvorne, Leysin, Corbeyrier, La Comballaz, Les Mosses, Le S\u00e9pey, Vers-l'Eglise, Les Diablerets, La Forclaz VD, Ollon VD, Panex, St-Triphon, Bex, Fenalet-sur-Bex, Freni\u00e8res-sur-Bex, Les Plans-sur-Bex, Gryon, Les Posses-sur-Bex, Arveyes, Hu\u00e9moz, Villars-sur-Ollon, Chesi\u00e8res, Lavey-les-Bains, Lavey-Village.\n","protected":false},"excerpt":{"rendered":"<p>Besoin d&rsquo;un peintre \u00e0 Aigle ? Si vous \u00eates un Aiglon, nous pr\u00e9parons et posons votre nouvelle couche de peinture ext\u00e9rieure et int\u00e9rieure, de plus nous intervenons rapidement chez vous et dans les villes proches. Quelles sont les prestations d&rsquo;Artisanlocal ? Peinture int\u00e9rieure : sur les murs, les plafonds, les moulures, les portes, et dans [&hellip;]<\/p>\n","protected":false},"author":4,"featured_media":2756,"parent":0,"menu_order":0,"comment_status":"closed","ping_status":"closed","template":"","meta":{"footnotes":""},"profession":[121],"location":[61],"canton":[113],"class_list":["post-716","page","type-page","status-publish","has-post-thumbnail","hentry","profession-peintre","location-aigle","canton-vd"],"yoast_head":"<!-- This site is optimized with the Yoast SEO Premium plugin v25.7.1 (Yoast SEO v27.3) - https:\/\/yoast.com\/product\/yoast-seo-premium-wordpress\/ -->\n<title>Peintre \u00e0 Aigle - Artisanlocal<\/title>\n<meta name=\"robots\" content=\"index, follow, max-snippet:-1, max-image-preview:large, max-video-preview:-1\" \/>\n<link rel=\"canonical\" href=\"https:\/\/www.artisanlocal.ch\/c\/societe-artisanale-de-peinture-a-aigle-artisanlocal-effectue-tous-vos-travaux-en-peinture\/\" \/>\n<meta property=\"og:locale\" content=\"fr_FR\" \/>\n<meta property=\"og:type\" content=\"article\" \/>\n<meta property=\"og:title\" content=\"Peintre \u00e0 Aigle\" \/>\n<meta property=\"og:description\" content=\"Besoin d&rsquo;un peintre \u00e0 Aigle ? Si vous \u00eates un Aiglon, nous pr\u00e9parons et posons votre nouvelle couche de peinture ext\u00e9rieure et int\u00e9rieure, de plus nous intervenons rapidement chez vous et dans les villes proches. Quelles sont les prestations d&rsquo;Artisanlocal ? Peinture int\u00e9rieure : sur les murs, les plafonds, les moulures, les portes, et dans [&hellip;]\" \/>\n<meta property=\"og:url\" content=\"https:\/\/www.artisanlocal.ch\/c\/societe-artisanale-de-peinture-a-aigle-artisanlocal-effectue-tous-vos-travaux-en-peinture\/\" \/>\n<meta property=\"og:site_name\" content=\"Artisanlocal\" \/>\n<meta property=\"article:modified_time\" content=\"2025-09-18T17:30:27+00:00\" \/>\n<meta property=\"og:image\" content=\"https:\/\/www.artisanlocal.ch\/c\/wp-content\/uploads\/2024\/10\/peintre.jpg\" \/>\n\t<meta property=\"og:image:width\" content=\"1920\" \/>\n\t<meta property=\"og:image:height\" content=\"300\" \/>\n\t<meta property=\"og:image:type\" content=\"image\/jpeg\" \/>\n<meta name=\"twitter:card\" content=\"summary_large_image\" \/>\n<meta name=\"twitter:label1\" content=\"Dur\u00e9e de lecture estim\u00e9e\" \/>\n\t<meta name=\"twitter:data1\" content=\"4 minutes\" \/>\n<script type=\"application\/ld+json\" class=\"yoast-schema-graph\">{\"@context\":\"https:\\\/\\\/schema.org\",\"@graph\":[{\"@type\":\"WebPage\",\"@id\":\"https:\\\/\\\/www.artisanlocal.ch\\\/c\\\/societe-artisanale-de-peinture-a-aigle-artisanlocal-effectue-tous-vos-travaux-en-peinture\\\/\",\"url\":\"https:\\\/\\\/www.artisanlocal.ch\\\/c\\\/societe-artisanale-de-peinture-a-aigle-artisanlocal-effectue-tous-vos-travaux-en-peinture\\\/\",\"name\":\"Peintre \u00e0 Aigle - Artisanlocal\",\"isPartOf\":{\"@id\":\"https:\\\/\\\/www.artisanlocal.ch\\\/c\\\/#website\"},\"primaryImageOfPage\":{\"@id\":\"https:\\\/\\\/www.artisanlocal.ch\\\/c\\\/societe-artisanale-de-peinture-a-aigle-artisanlocal-effectue-tous-vos-travaux-en-peinture\\\/#primaryimage\"},\"image\":{\"@id\":\"https:\\\/\\\/www.artisanlocal.ch\\\/c\\\/societe-artisanale-de-peinture-a-aigle-artisanlocal-effectue-tous-vos-travaux-en-peinture\\\/#primaryimage\"},\"thumbnailUrl\":\"https:\\\/\\\/www.artisanlocal.ch\\\/c\\\/wp-content\\\/uploads\\\/2024\\\/10\\\/peintre.jpg\",\"datePublished\":\"2024-04-16T19:45:27+00:00\",\"dateModified\":\"2025-09-18T17:30:27+00:00\",\"breadcrumb\":{\"@id\":\"https:\\\/\\\/www.artisanlocal.ch\\\/c\\\/societe-artisanale-de-peinture-a-aigle-artisanlocal-effectue-tous-vos-travaux-en-peinture\\\/#breadcrumb\"},\"inLanguage\":\"fr-FR\",\"potentialAction\":[{\"@type\":\"ReadAction\",\"target\":[\"https:\\\/\\\/www.artisanlocal.ch\\\/c\\\/societe-artisanale-de-peinture-a-aigle-artisanlocal-effectue-tous-vos-travaux-en-peinture\\\/\"]}]},{\"@type\":\"ImageObject\",\"inLanguage\":\"fr-FR\",\"@id\":\"https:\\\/\\\/www.artisanlocal.ch\\\/c\\\/societe-artisanale-de-peinture-a-aigle-artisanlocal-effectue-tous-vos-travaux-en-peinture\\\/#primaryimage\",\"url\":\"https:\\\/\\\/www.artisanlocal.ch\\\/c\\\/wp-content\\\/uploads\\\/2024\\\/10\\\/peintre.jpg\",\"contentUrl\":\"https:\\\/\\\/www.artisanlocal.ch\\\/c\\\/wp-content\\\/uploads\\\/2024\\\/10\\\/peintre.jpg\",\"width\":1920,\"height\":300},{\"@type\":\"BreadcrumbList\",\"@id\":\"https:\\\/\\\/www.artisanlocal.ch\\\/c\\\/societe-artisanale-de-peinture-a-aigle-artisanlocal-effectue-tous-vos-travaux-en-peinture\\\/#breadcrumb\",\"itemListElement\":[{\"@type\":\"ListItem\",\"position\":1,\"name\":\"Accueil\",\"item\":\"https:\\\/\\\/www.artisanlocal.ch\\\/c\\\/\"},{\"@type\":\"ListItem\",\"position\":2,\"name\":\"Peintre \u00e0 Aigle\"}]},{\"@type\":\"WebSite\",\"@id\":\"https:\\\/\\\/www.artisanlocal.ch\\\/c\\\/#website\",\"url\":\"https:\\\/\\\/www.artisanlocal.ch\\\/c\\\/\",\"name\":\"Artisanlocal\",\"description\":\"\",\"publisher\":{\"@id\":\"https:\\\/\\\/www.artisanlocal.ch\\\/c\\\/#organization\"},\"potentialAction\":[{\"@type\":\"SearchAction\",\"target\":{\"@type\":\"EntryPoint\",\"urlTemplate\":\"https:\\\/\\\/www.artisanlocal.ch\\\/c\\\/?s={search_term_string}\"},\"query-input\":{\"@type\":\"PropertyValueSpecification\",\"valueRequired\":true,\"valueName\":\"search_term_string\"}}],\"inLanguage\":\"fr-FR\"},{\"@type\":\"Organization\",\"@id\":\"https:\\\/\\\/www.artisanlocal.ch\\\/c\\\/#organization\",\"name\":\"Artisanlocal\",\"url\":\"https:\\\/\\\/www.artisanlocal.ch\\\/c\\\/\",\"logo\":{\"@type\":\"ImageObject\",\"inLanguage\":\"fr-FR\",\"@id\":\"https:\\\/\\\/www.artisanlocal.ch\\\/c\\\/#\\\/schema\\\/logo\\\/image\\\/\",\"url\":\"https:\\\/\\\/www.artisanlocal.ch\\\/c\\\/wp-content\\\/uploads\\\/2024\\\/02\\\/logo-artisanlocal-h.svg\",\"contentUrl\":\"https:\\\/\\\/www.artisanlocal.ch\\\/c\\\/wp-content\\\/uploads\\\/2024\\\/02\\\/logo-artisanlocal-h.svg\",\"caption\":\"Artisanlocal\"},\"image\":{\"@id\":\"https:\\\/\\\/www.artisanlocal.ch\\\/c\\\/#\\\/schema\\\/logo\\\/image\\\/\"}}]}<\/script>\n<!-- \/ Yoast SEO Premium plugin. -->","yoast_head_json":{"title":"Peintre \u00e0 Aigle - Artisanlocal","robots":{"index":"index","follow":"follow","max-snippet":"max-snippet:-1","max-image-preview":"max-image-preview:large","max-video-preview":"max-video-preview:-1"},"canonical":"https:\/\/www.artisanlocal.ch\/c\/societe-artisanale-de-peinture-a-aigle-artisanlocal-effectue-tous-vos-travaux-en-peinture\/","og_locale":"fr_FR","og_type":"article","og_title":"Peintre \u00e0 Aigle","og_description":"Besoin d&rsquo;un peintre \u00e0 Aigle ? Si vous \u00eates un Aiglon, nous pr\u00e9parons et posons votre nouvelle couche de peinture ext\u00e9rieure et int\u00e9rieure, de plus nous intervenons rapidement chez vous et dans les villes proches. Quelles sont les prestations d&rsquo;Artisanlocal ? Peinture int\u00e9rieure : sur les murs, les plafonds, les moulures, les portes, et dans [&hellip;]","og_url":"https:\/\/www.artisanlocal.ch\/c\/societe-artisanale-de-peinture-a-aigle-artisanlocal-effectue-tous-vos-travaux-en-peinture\/","og_site_name":"Artisanlocal","article_modified_time":"2025-09-18T17:30:27+00:00","og_image":[{"width":1920,"height":300,"url":"https:\/\/www.artisanlocal.ch\/c\/wp-content\/uploads\/2024\/10\/peintre.jpg","type":"image\/jpeg"}],"twitter_card":"summary_large_image","twitter_misc":{"Dur\u00e9e de lecture estim\u00e9e":"4 minutes"},"schema":{"@context":"https:\/\/schema.org","@graph":[{"@type":"WebPage","@id":"https:\/\/www.artisanlocal.ch\/c\/societe-artisanale-de-peinture-a-aigle-artisanlocal-effectue-tous-vos-travaux-en-peinture\/","url":"https:\/\/www.artisanlocal.ch\/c\/societe-artisanale-de-peinture-a-aigle-artisanlocal-effectue-tous-vos-travaux-en-peinture\/","name":"Peintre \u00e0 Aigle - Artisanlocal","isPartOf":{"@id":"https:\/\/www.artisanlocal.ch\/c\/#website"},"primaryImageOfPage":{"@id":"https:\/\/www.artisanlocal.ch\/c\/societe-artisanale-de-peinture-a-aigle-artisanlocal-effectue-tous-vos-travaux-en-peinture\/#primaryimage"},"image":{"@id":"https:\/\/www.artisanlocal.ch\/c\/societe-artisanale-de-peinture-a-aigle-artisanlocal-effectue-tous-vos-travaux-en-peinture\/#primaryimage"},"thumbnailUrl":"https:\/\/www.artisanlocal.ch\/c\/wp-content\/uploads\/2024\/10\/peintre.jpg","datePublished":"2024-04-16T19:45:27+00:00","dateModified":"2025-09-18T17:30:27+00:00","breadcrumb":{"@id":"https:\/\/www.artisanlocal.ch\/c\/societe-artisanale-de-peinture-a-aigle-artisanlocal-effectue-tous-vos-travaux-en-peinture\/#breadcrumb"},"inLanguage":"fr-FR","potentialAction":[{"@type":"ReadAction","target":["https:\/\/www.artisanlocal.ch\/c\/societe-artisanale-de-peinture-a-aigle-artisanlocal-effectue-tous-vos-travaux-en-peinture\/"]}]},{"@type":"ImageObject","inLanguage":"fr-FR","@id":"https:\/\/www.artisanlocal.ch\/c\/societe-artisanale-de-peinture-a-aigle-artisanlocal-effectue-tous-vos-travaux-en-peinture\/#primaryimage","url":"https:\/\/www.artisanlocal.ch\/c\/wp-content\/uploads\/2024\/10\/peintre.jpg","contentUrl":"https:\/\/www.artisanlocal.ch\/c\/wp-content\/uploads\/2024\/10\/peintre.jpg","width":1920,"height":300},{"@type":"BreadcrumbList","@id":"https:\/\/www.artisanlocal.ch\/c\/societe-artisanale-de-peinture-a-aigle-artisanlocal-effectue-tous-vos-travaux-en-peinture\/#breadcrumb","itemListElement":[{"@type":"ListItem","position":1,"name":"Accueil","item":"https:\/\/www.artisanlocal.ch\/c\/"},{"@type":"ListItem","position":2,"name":"Peintre \u00e0 Aigle"}]},{"@type":"WebSite","@id":"https:\/\/www.artisanlocal.ch\/c\/#website","url":"https:\/\/www.artisanlocal.ch\/c\/","name":"Artisanlocal","description":"","publisher":{"@id":"https:\/\/www.artisanlocal.ch\/c\/#organization"},"potentialAction":[{"@type":"SearchAction","target":{"@type":"EntryPoint","urlTemplate":"https:\/\/www.artisanlocal.ch\/c\/?s={search_term_string}"},"query-input":{"@type":"PropertyValueSpecification","valueRequired":true,"valueName":"search_term_string"}}],"inLanguage":"fr-FR"},{"@type":"Organization","@id":"https:\/\/www.artisanlocal.ch\/c\/#organization","name":"Artisanlocal","url":"https:\/\/www.artisanlocal.ch\/c\/","logo":{"@type":"ImageObject","inLanguage":"fr-FR","@id":"https:\/\/www.artisanlocal.ch\/c\/#\/schema\/logo\/image\/","url":"https:\/\/www.artisanlocal.ch\/c\/wp-content\/uploads\/2024\/02\/logo-artisanlocal-h.svg","contentUrl":"https:\/\/www.artisanlocal.ch\/c\/wp-content\/uploads\/2024\/02\/logo-artisanlocal-h.svg","caption":"Artisanlocal"},"image":{"@id":"https:\/\/www.artisanlocal.ch\/c\/#\/schema\/logo\/image\/"}}]}},"_links":{"self":[{"href":"https:\/\/www.artisanlocal.ch\/c\/wp-json\/wp\/v2\/pages\/716","targetHints":{"allow":["GET"]}}],"collection":[{"href":"https:\/\/www.artisanlocal.ch\/c\/wp-json\/wp\/v2\/pages"}],"about":[{"href":"https:\/\/www.artisanlocal.ch\/c\/wp-json\/wp\/v2\/types\/page"}],"author":[{"embeddable":true,"href":"https:\/\/www.artisanlocal.ch\/c\/wp-json\/wp\/v2\/users\/4"}],"replies":[{"embeddable":true,"href":"https:\/\/www.artisanlocal.ch\/c\/wp-json\/wp\/v2\/comments?post=716"}],"version-history":[{"count":0,"href":"https:\/\/www.artisanlocal.ch\/c\/wp-json\/wp\/v2\/pages\/716\/revisions"}],"wp:featuredmedia":[{"embeddable":true,"href":"https:\/\/www.artisanlocal.ch\/c\/wp-json\/wp\/v2\/media\/2756"}],"wp:attachment":[{"href":"https:\/\/www.artisanlocal.ch\/c\/wp-json\/wp\/v2\/media?parent=716"}],"wp:term":[{"taxonomy":"profession","embeddable":true,"href":"https:\/\/www.artisanlocal.ch\/c\/wp-json\/wp\/v2\/profession?post=716"},{"taxonomy":"location","embeddable":true,"href":"https:\/\/www.artisanlocal.ch\/c\/wp-json\/wp\/v2\/location?post=716"},{"taxonomy":"canton","embeddable":true,"href":"https:\/\/www.artisanlocal.ch\/c\/wp-json\/wp\/v2\/canton?post=716"}],"curies":[{"name":"wp","href":"https:\/\/api.w.org\/{rel}","templated":true}]}}