{"id":718,"date":"2024-04-15T00:34:50","date_gmt":"2024-04-14T22:34:50","guid":{"rendered":"https:\/\/www.artisanlocal.ch\/c\/societe-artisanale-de-peinture-a-avenches-artisanlocal-realise-tous-vos-travaux-de-peinture\/"},"modified":"2025-09-18T19:12:21","modified_gmt":"2025-09-18T17:12:21","slug":"societe-artisanale-de-peinture-a-avenches-artisanlocal-realise-tous-vos-travaux-de-peinture","status":"publish","type":"page","link":"https:\/\/www.artisanlocal.ch\/c\/societe-artisanale-de-peinture-a-avenches-artisanlocal-realise-tous-vos-travaux-de-peinture\/","title":{"rendered":"Peintre \u00e0 Avenches"},"content":{"rendered":"<p>Besoin d&rsquo;un peintre \u00e0 Avenches ? Artisanlocal s&rsquo;adapte \u00e0 vos horaires et peut intervenir rapidement chez vous \u00e0 Avenches et dans les villes \u00e0 proximit\u00e9.<br \/>\n\r\n<div class=\"box\">\r\n            <div class=\"company-info\">\r\n            <img decoding=\"async\" class=\"company-info__logo\" src=\"https:\/\/www.artisanlocal.ch\/media\/cache\/thumb\/images\/companies\/68aeff0c84752485308968.png\" alt=\"Logo\">\r\n            <h2 class=\"company-info__name\">C.Rapin<\/h2>\r\n            <p class=\"company-info__business\">Entreprise de peinture - Pl\u00e2trerie - R\u00e9novation - Fa\u00e7ades - Isolation<\/p>\r\n        <\/div>\r\n        <div class=\"company-contact\">\r\n            <p class=\"company-info__address\">Route du Grand-Chemin 23<\/p>\r\n                            <div class=\"links\">\r\n                                            <a class=\"btn has-accent-background-color js-phoneNumber\" href=\"tel:0796853106\" title=\"Appelez\" data-id=\"9430\" data-type=\"11\">079 685 31 06<\/a>\r\n                                                                <a class=\"btn has-accent-background-color\" href=\"https:\/\/rapinpeinture.ch\/\" target=\"_blank\" title=\"Voir le site internet\" data-id=\"9430\" data-type=\"20\">Site internet<\/a>\r\n                                    <\/div>\r\n                    <\/div>\r\n    \r\n            \r\n<form action=\"https:\/\/www.artisanlocal.ch\/c\/wp-admin\/admin-ajax.php\" method=\"post\" class=\"form-contact\" id=\"artisan_form_contact_company_inline\">\r\n    <div><input type=\"hidden\" name=\"action\" value=\"company_contact\"><\/div>\r\n    <div><input type=\"hidden\" name=\"nonce\" value=\"67a23a8c67\"><\/div>\r\n    <div><input type=\"hidden\" name=\"company_id\" value=\"9430\"><\/div>\r\n    <div><input type=\"hidden\" name=\"form_id\" value=\"artisan_form_contact_company_inline\"><\/div>\r\n    <div class=\"gglcptch gglcptch_v3 gglcptch_custom\"><input type=\"hidden\" id=\"g-recaptcha-response\" name=\"g-recaptcha-response\" \/><br \/><div class=\"gglcptch_error_text\">La p\u00e9riode de v\u00e9rification reCAPTCHA a expir\u00e9. Veuillez recharger la page.<\/div><\/div>    <div class=\"form-content\">\r\n        <div class=\"form-group\">\r\n            <label for=\"contact_firstName\" class=\"required\">Pr\u00e9nom<\/label>\r\n            <input type=\"text\" name=\"firstName\" class=\"form-control\" required>\r\n        <\/div>\r\n        <div class=\"form-group\">\r\n            <label for=\"contact_lastName\" class=\"required\">Nom<\/label>\r\n            <input type=\"text\" name=\"lastName\" class=\"form-control\" required>\r\n        <\/div>\r\n        <div class=\"form-group\">\r\n            <label for=\"contact_email\" class=\"required\">Email<\/label>\r\n            <input type=\"email\" name=\"email\" class=\"form-control\" required>\r\n        <\/div>\r\n        <div class=\"form-group\">\r\n            <label for=\"contact_phone\" class=\"required\">Num\u00e9ro de t\u00e9l\u00e9phone<\/label>\r\n            <input type=\"tel\" name=\"phone\" class=\"form-control\" placeholder=\"0787117165\" pattern=\"^[0-9]{10}$\" required>\r\n        <\/div>\r\n        <div class=\"form-group\">\r\n            <label for=\"contact_postalCode\" class=\"required\">Code postal et localit\u00e9<\/label>\r\n            <input type=\"text\" name=\"postalCode\" class=\"form-control\" required>\r\n        <\/div>\r\n        <div class=\"form-group\">\r\n            <label for=\"contact_address\" class=\"required\">Adresse<\/label>\r\n            <input type=\"text\" name=\"address\" class=\"form-control\" required>\r\n        <\/div>\r\n        <div class=\"full-width topic\">\r\n            <p class=\"required\">Je souhaite \u00eatre contact\u00e9 pour :<\/p>\r\n            <div class=\"form-check\">\r\n                <input type=\"radio\" name=\"topic\" value=\"D\u00e9pannage\" class=\"form-control\" required>\r\n                <label for=\"d\u00e9pannage\">D\u00e9pannage<\/label>\r\n            <\/div>\r\n            <div class=\"form-check\">\r\n                <input type=\"radio\" name=\"topic\" value=\"Entretien\" class=\"form-control\" required>\r\n                <label for=\"entretien\">Entretien<\/label>\r\n            <\/div>\r\n            <div class=\"form-check\">\r\n                <input type=\"radio\" name=\"topic\" value=\"R\u00e9novation\" class=\"form-control\" required>\r\n                <label for=\"r\u00e9novation\">R\u00e9novation<\/label>\r\n            <\/div>\r\n            <div class=\"form-check\">\r\n                <input type=\"radio\" name=\"topic\" value=\"Autre\" class=\"form-control\" required>\r\n                <label for=\"autre\">Autre<\/label>\r\n            <\/div>\r\n        <\/div>\r\n        <div class=\"form-group full-width\">\r\n            <label for=\"contact_message\">Message<\/label>\r\n            <textarea name=\"message\" rows=\"3\" class=\"form-control\"><\/textarea>\r\n        <\/div>\r\n    <\/div>\r\n    <div class=\"form-actions\">\r\n        <button class=\"wp-block-button__link has-accent-background-color\">Contacter<\/button>\r\n    <\/div>\r\n<\/form>\r\n<div class=\"form-feedback\"><\/div>    <\/div><\/p>\n<h2>Quels sont les services d&rsquo;Artisanlocal ?<\/h2>\n<ul>\n<li>Peinture int\u00e9rieure : sur les moulures, les murs, les plafonds, les portes d&rsquo;entr\u00e9es, et dans des espaces comme la salle de bain, le salon et la chambre.<\/li>\n<li>Peinture ext\u00e9rieure : sur les cl\u00f4tures, les terrasses, le bardage, les portes de garage, la brique et le stuc.<\/li>\n<li>Peinture d\u00e9corative : pour cr\u00e9er des effets visuels comme le faux marbre, l&rsquo;effet oxyd\u00e9, les patines, le faux bois et l&rsquo;effet vieilli.<\/li>\n<li>Peinture de cuisine : comme la peinture satin\u00e9e.<\/li>\n<li>L&rsquo;utilisation d&rsquo;enduits d\u00e9coratifs, comme le b\u00e9ton cir\u00e9, ou tadelakt.<\/li>\n<li>Peinture artistique : pour cr\u00e9er des fresques murales d\u00e9coratives, artistiques, int\u00e9rieures ou ext\u00e9rieures.<\/li>\n<li>Peinture en ravalement de fa\u00e7ade : restauration, r\u00e9novation des fa\u00e7ades de b\u00e2timents avec enduit, bardage, cr\u00e9pi ou peinture.<\/li>\n<li>Peinture cordiste : services de peinture sur des zones en hauteurs, nous op\u00e9rons dans les endroits inaccessibles d\u2019acc\u00e8s, comme les usines, tours, ponts ou \u00e9oliennes.<\/li>\n<li>Peinture de finition : sur le mobilier de cuisine ou dans la salle de bain.<\/li>\n<li>Les services de r\u00e9novation et d&rsquo;installation, comme l&rsquo;installation de nouvelles cloisons s\u00e8ches, la r\u00e9paration des creux dans les cloisons ou la remise en \u00e9tat des fissures.<\/li>\n<li>Retrait et pose de votre tapisserie, par exemple, le remplacement et la suppression de votre ancien papier peint.<\/li>\n<li>Peinture pour professionnelle : les espaces de travail, comme les \u00e9tablissements gastronomiques, scolaires, complexes sportifs et autres commerces.<\/li>\n<li>Peintures pour immeuble : nous pr\u00e9parons les supports \u00e0 peindre, et nous effectuons les finitions et appliquons la peinture.<\/li>\n<\/ul>\n<h2>Comment marche votre soci\u00e9t\u00e9 ?<\/h2>\n<p>Chez Artisanlocal, nous avons con\u00e7u un processus pour r\u00e9pondre aux besoins de nos clients.<\/p>\n<h3>\u00c9tape 1\u00a0 : commander un devis<\/h3>\n<p>Demandez-nous un devis par t\u00e9l\u00e9phone ou en ligne, nous vous transmettons une estimation de vos travaux rapidement.<\/p>\n<h3>\u00c9tape 2\u00a0 : examiner votre estimation<\/h3>\n<p>Soyez s\u00fbr que le devis que vous obtenez fixe correctement le co\u00fbt de votre projet. En cas de question sur votre estimation, n&rsquo;h\u00e9sitez pas \u00e0 nous joindre pour avoir plus de d\u00e9tails.<\/p>\n<h3>\u00c9tape 3\u00a0 : planifier la date de d\u00e9but de votre projet<\/h3>\n<p>D\u00e8s que vous avez valid\u00e9 le devis, nous fixons ensemble la date du d\u00e9but de votre r\u00e9novation. Pour assurer le succ\u00e8s de votre chantier, nous vous attribuons un chef de projet.<\/p>\n<h2>Quel est le montant d&rsquo;une prestation de peinture \u00e0 Avenches ?<\/h2>\n<p>Le montant d&rsquo;une prestation de peinture d\u00e9pend principalement de l&rsquo;\u00e9tat des zones \u00e0 peindre. Le plus souvent, les prix varient entre 60 et 70 CHF par heure. La main-d&rsquo;\u0153uvre constitue environ 80% \u00e0 90% du prix total, tandis que le co\u00fbt de la peinture ne constitue que 10% \u00e0 20% du co\u00fbt.<\/p>\n<h2>Pourquoi s\u00e9lectionner notre entreprise de peinture \u00e0 Avenches ? ?<\/h2>\n<ul>\n<li>Accessibilit\u00e9 : nos peintres sont joignables rapidement \u00e0 Avenches pour r\u00e9pondre d\u00e8s que possible \u00e0 vos attentes.<\/li>\n<li>Qualit\u00e9 : en choisissant nos services de peinture, vous avez l&rsquo;assurance de profiter de prestations de qualit\u00e9, r\u00e9alis\u00e9es avec professionnalisme et s\u00e9rieux.<\/li>\n<li>Prix comp\u00e9titifs : nous vous proposons des tarifs comp\u00e9titifs, adapt\u00e9s \u00e0 vos demandes et \u00e0 votre budget.<\/li>\n<li>Prestations adapt\u00e9es : nous \u00e9tudions votre projet dans le but de concevoir une offre sur mesure.<\/li>\n<li>Le savoir-faire, nos artisans peintres \u00e0 Avenches ont plusieurs comp\u00e9tences, comme : le nettoyage et la pr\u00e9paration des surfaces avant l&rsquo;application de la peinture, la pose des diff\u00e9rentes couches et la mise en \u0153uvre des finitions.<\/li>\n<\/ul>\n<h2>FAQ<\/h2>\n<h3>Quel genre de peinture utilisez-vous ?<\/h3>\n<p>Nous choisissons que des peintures de haute qualit\u00e9. Les pots de peinture que vous avez en stock peuvent \u00eatre aussi appliqu\u00e9s par nos artisans.<\/p>\n<h3>Est-ce que vos artisans peintres sont joignables le week-end ?<\/h3>\n<p>Oui, notre soci\u00e9t\u00e9 intervient les week-ends \u00e0 Avenches et dans les villes aux environs.<\/p>\n<h3>Prot\u00e9gez-vous mon mobilier ?<\/h3>\n<p>Oui, avant la pose de la peinture, nous prot\u00e9geons votre \u00e9lectrom\u00e9nager et vos meubles. Cependant, si vous avez des objets fragiles, nous vous recommandons d&rsquo;en avertir le chef de projet, nous prendrons plus de pr\u00e9cautions.<\/p>\n<h3>Que se passe-t-il si je ne suis pas content du travail r\u00e9alis\u00e9 ?<\/h3>\n<p>Si vous n&rsquo;\u00eates pas combl\u00e9 \u00e0 100% de notre travail, nous reviendrons pour ajuster notre travail.<\/p>\n<h3>Vos devis sont-ils sans frais ?<\/h3>\n<p>Nos devis sont gratuits. Nos peintres se d\u00e9placent dans votre foyer pour r\u00e9pondre \u00e0 vos interrogations et valider avec vous le devis.<\/p>\n<h3>Votre soci\u00e9t\u00e9 intervient-elle aux alentours de Avenches ?<\/h3>\n<p>Oui, Artisalocal effectue des interventions \u00e0 Avenches, mais aussi dans les villes proches, telles que : Gletterens, Dompierre FR, Domdidier, Vallon, Les Friques, St-Aubin FR, Delley, Portalban, Oleyres, Donatyre, Villarepos, Villars-le-Grand, Bellerive VD, Cotterd, Salavaux, Vallamand, Constantine, Montmagny, Cudrefin, Chabrey, Clavaleyres, Faoug, Corm\u00e9rod, Courtion, Misery, Chandon, L\u00e9chelles, Russy, Sugiez, Mur (Vully) FR, M\u00f4tier (Vully), Mur (Vully) VD, Praz (Vully), Lugnorre.<\/p>\n","protected":false},"excerpt":{"rendered":"<p>Besoin d&rsquo;un peintre \u00e0 Avenches ? Artisanlocal s&rsquo;adapte \u00e0 vos horaires et peut intervenir rapidement chez vous \u00e0 Avenches et dans les villes \u00e0 proximit\u00e9. Quels sont les services d&rsquo;Artisanlocal ? Peinture int\u00e9rieure : sur les moulures, les murs, les plafonds, les portes d&rsquo;entr\u00e9es, et dans des espaces comme la salle de bain, le salon [&hellip;]<\/p>\n","protected":false},"author":4,"featured_media":2756,"parent":0,"menu_order":0,"comment_status":"closed","ping_status":"closed","template":"","meta":{"footnotes":""},"profession":[121],"location":[37],"canton":[113],"class_list":["post-718","page","type-page","status-publish","has-post-thumbnail","hentry","profession-peintre","location-avenches","canton-vd"],"yoast_head":"<!-- This site is optimized with the Yoast SEO Premium plugin v25.7.1 (Yoast SEO v27.3) - https:\/\/yoast.com\/product\/yoast-seo-premium-wordpress\/ -->\n<title>Peintre \u00e0 Avenches - Artisanlocal<\/title>\n<meta name=\"robots\" content=\"index, follow, max-snippet:-1, max-image-preview:large, max-video-preview:-1\" \/>\n<link rel=\"canonical\" href=\"https:\/\/www.artisanlocal.ch\/c\/societe-artisanale-de-peinture-a-avenches-artisanlocal-realise-tous-vos-travaux-de-peinture\/\" \/>\n<meta property=\"og:locale\" content=\"fr_FR\" \/>\n<meta property=\"og:type\" content=\"article\" \/>\n<meta property=\"og:title\" content=\"Peintre \u00e0 Avenches\" \/>\n<meta property=\"og:description\" content=\"Besoin d&rsquo;un peintre \u00e0 Avenches ? Artisanlocal s&rsquo;adapte \u00e0 vos horaires et peut intervenir rapidement chez vous \u00e0 Avenches et dans les villes \u00e0 proximit\u00e9. Quels sont les services d&rsquo;Artisanlocal ? Peinture int\u00e9rieure : sur les moulures, les murs, les plafonds, les portes d&rsquo;entr\u00e9es, et dans des espaces comme la salle de bain, le salon [&hellip;]\" \/>\n<meta property=\"og:url\" content=\"https:\/\/www.artisanlocal.ch\/c\/societe-artisanale-de-peinture-a-avenches-artisanlocal-realise-tous-vos-travaux-de-peinture\/\" \/>\n<meta property=\"og:site_name\" content=\"Artisanlocal\" \/>\n<meta property=\"article:modified_time\" content=\"2025-09-18T17:12:21+00:00\" \/>\n<meta property=\"og:image\" content=\"https:\/\/www.artisanlocal.ch\/c\/wp-content\/uploads\/2024\/10\/peintre.jpg\" \/>\n\t<meta property=\"og:image:width\" content=\"1920\" \/>\n\t<meta property=\"og:image:height\" content=\"300\" \/>\n\t<meta property=\"og:image:type\" content=\"image\/jpeg\" \/>\n<meta name=\"twitter:card\" content=\"summary_large_image\" \/>\n<meta name=\"twitter:label1\" content=\"Dur\u00e9e de lecture estim\u00e9e\" \/>\n\t<meta name=\"twitter:data1\" content=\"4 minutes\" \/>\n<script type=\"application\/ld+json\" class=\"yoast-schema-graph\">{\"@context\":\"https:\\\/\\\/schema.org\",\"@graph\":[{\"@type\":\"WebPage\",\"@id\":\"https:\\\/\\\/www.artisanlocal.ch\\\/c\\\/societe-artisanale-de-peinture-a-avenches-artisanlocal-realise-tous-vos-travaux-de-peinture\\\/\",\"url\":\"https:\\\/\\\/www.artisanlocal.ch\\\/c\\\/societe-artisanale-de-peinture-a-avenches-artisanlocal-realise-tous-vos-travaux-de-peinture\\\/\",\"name\":\"Peintre \u00e0 Avenches - Artisanlocal\",\"isPartOf\":{\"@id\":\"https:\\\/\\\/www.artisanlocal.ch\\\/c\\\/#website\"},\"primaryImageOfPage\":{\"@id\":\"https:\\\/\\\/www.artisanlocal.ch\\\/c\\\/societe-artisanale-de-peinture-a-avenches-artisanlocal-realise-tous-vos-travaux-de-peinture\\\/#primaryimage\"},\"image\":{\"@id\":\"https:\\\/\\\/www.artisanlocal.ch\\\/c\\\/societe-artisanale-de-peinture-a-avenches-artisanlocal-realise-tous-vos-travaux-de-peinture\\\/#primaryimage\"},\"thumbnailUrl\":\"https:\\\/\\\/www.artisanlocal.ch\\\/c\\\/wp-content\\\/uploads\\\/2024\\\/10\\\/peintre.jpg\",\"datePublished\":\"2024-04-14T22:34:50+00:00\",\"dateModified\":\"2025-09-18T17:12:21+00:00\",\"breadcrumb\":{\"@id\":\"https:\\\/\\\/www.artisanlocal.ch\\\/c\\\/societe-artisanale-de-peinture-a-avenches-artisanlocal-realise-tous-vos-travaux-de-peinture\\\/#breadcrumb\"},\"inLanguage\":\"fr-FR\",\"potentialAction\":[{\"@type\":\"ReadAction\",\"target\":[\"https:\\\/\\\/www.artisanlocal.ch\\\/c\\\/societe-artisanale-de-peinture-a-avenches-artisanlocal-realise-tous-vos-travaux-de-peinture\\\/\"]}]},{\"@type\":\"ImageObject\",\"inLanguage\":\"fr-FR\",\"@id\":\"https:\\\/\\\/www.artisanlocal.ch\\\/c\\\/societe-artisanale-de-peinture-a-avenches-artisanlocal-realise-tous-vos-travaux-de-peinture\\\/#primaryimage\",\"url\":\"https:\\\/\\\/www.artisanlocal.ch\\\/c\\\/wp-content\\\/uploads\\\/2024\\\/10\\\/peintre.jpg\",\"contentUrl\":\"https:\\\/\\\/www.artisanlocal.ch\\\/c\\\/wp-content\\\/uploads\\\/2024\\\/10\\\/peintre.jpg\",\"width\":1920,\"height\":300},{\"@type\":\"BreadcrumbList\",\"@id\":\"https:\\\/\\\/www.artisanlocal.ch\\\/c\\\/societe-artisanale-de-peinture-a-avenches-artisanlocal-realise-tous-vos-travaux-de-peinture\\\/#breadcrumb\",\"itemListElement\":[{\"@type\":\"ListItem\",\"position\":1,\"name\":\"Accueil\",\"item\":\"https:\\\/\\\/www.artisanlocal.ch\\\/c\\\/\"},{\"@type\":\"ListItem\",\"position\":2,\"name\":\"Peintre \u00e0 Avenches\"}]},{\"@type\":\"WebSite\",\"@id\":\"https:\\\/\\\/www.artisanlocal.ch\\\/c\\\/#website\",\"url\":\"https:\\\/\\\/www.artisanlocal.ch\\\/c\\\/\",\"name\":\"Artisanlocal\",\"description\":\"\",\"publisher\":{\"@id\":\"https:\\\/\\\/www.artisanlocal.ch\\\/c\\\/#organization\"},\"potentialAction\":[{\"@type\":\"SearchAction\",\"target\":{\"@type\":\"EntryPoint\",\"urlTemplate\":\"https:\\\/\\\/www.artisanlocal.ch\\\/c\\\/?s={search_term_string}\"},\"query-input\":{\"@type\":\"PropertyValueSpecification\",\"valueRequired\":true,\"valueName\":\"search_term_string\"}}],\"inLanguage\":\"fr-FR\"},{\"@type\":\"Organization\",\"@id\":\"https:\\\/\\\/www.artisanlocal.ch\\\/c\\\/#organization\",\"name\":\"Artisanlocal\",\"url\":\"https:\\\/\\\/www.artisanlocal.ch\\\/c\\\/\",\"logo\":{\"@type\":\"ImageObject\",\"inLanguage\":\"fr-FR\",\"@id\":\"https:\\\/\\\/www.artisanlocal.ch\\\/c\\\/#\\\/schema\\\/logo\\\/image\\\/\",\"url\":\"https:\\\/\\\/www.artisanlocal.ch\\\/c\\\/wp-content\\\/uploads\\\/2024\\\/02\\\/logo-artisanlocal-h.svg\",\"contentUrl\":\"https:\\\/\\\/www.artisanlocal.ch\\\/c\\\/wp-content\\\/uploads\\\/2024\\\/02\\\/logo-artisanlocal-h.svg\",\"caption\":\"Artisanlocal\"},\"image\":{\"@id\":\"https:\\\/\\\/www.artisanlocal.ch\\\/c\\\/#\\\/schema\\\/logo\\\/image\\\/\"}}]}<\/script>\n<!-- \/ Yoast SEO Premium plugin. -->","yoast_head_json":{"title":"Peintre \u00e0 Avenches - Artisanlocal","robots":{"index":"index","follow":"follow","max-snippet":"max-snippet:-1","max-image-preview":"max-image-preview:large","max-video-preview":"max-video-preview:-1"},"canonical":"https:\/\/www.artisanlocal.ch\/c\/societe-artisanale-de-peinture-a-avenches-artisanlocal-realise-tous-vos-travaux-de-peinture\/","og_locale":"fr_FR","og_type":"article","og_title":"Peintre \u00e0 Avenches","og_description":"Besoin d&rsquo;un peintre \u00e0 Avenches ? Artisanlocal s&rsquo;adapte \u00e0 vos horaires et peut intervenir rapidement chez vous \u00e0 Avenches et dans les villes \u00e0 proximit\u00e9. Quels sont les services d&rsquo;Artisanlocal ? Peinture int\u00e9rieure : sur les moulures, les murs, les plafonds, les portes d&rsquo;entr\u00e9es, et dans des espaces comme la salle de bain, le salon [&hellip;]","og_url":"https:\/\/www.artisanlocal.ch\/c\/societe-artisanale-de-peinture-a-avenches-artisanlocal-realise-tous-vos-travaux-de-peinture\/","og_site_name":"Artisanlocal","article_modified_time":"2025-09-18T17:12:21+00:00","og_image":[{"width":1920,"height":300,"url":"https:\/\/www.artisanlocal.ch\/c\/wp-content\/uploads\/2024\/10\/peintre.jpg","type":"image\/jpeg"}],"twitter_card":"summary_large_image","twitter_misc":{"Dur\u00e9e de lecture estim\u00e9e":"4 minutes"},"schema":{"@context":"https:\/\/schema.org","@graph":[{"@type":"WebPage","@id":"https:\/\/www.artisanlocal.ch\/c\/societe-artisanale-de-peinture-a-avenches-artisanlocal-realise-tous-vos-travaux-de-peinture\/","url":"https:\/\/www.artisanlocal.ch\/c\/societe-artisanale-de-peinture-a-avenches-artisanlocal-realise-tous-vos-travaux-de-peinture\/","name":"Peintre \u00e0 Avenches - Artisanlocal","isPartOf":{"@id":"https:\/\/www.artisanlocal.ch\/c\/#website"},"primaryImageOfPage":{"@id":"https:\/\/www.artisanlocal.ch\/c\/societe-artisanale-de-peinture-a-avenches-artisanlocal-realise-tous-vos-travaux-de-peinture\/#primaryimage"},"image":{"@id":"https:\/\/www.artisanlocal.ch\/c\/societe-artisanale-de-peinture-a-avenches-artisanlocal-realise-tous-vos-travaux-de-peinture\/#primaryimage"},"thumbnailUrl":"https:\/\/www.artisanlocal.ch\/c\/wp-content\/uploads\/2024\/10\/peintre.jpg","datePublished":"2024-04-14T22:34:50+00:00","dateModified":"2025-09-18T17:12:21+00:00","breadcrumb":{"@id":"https:\/\/www.artisanlocal.ch\/c\/societe-artisanale-de-peinture-a-avenches-artisanlocal-realise-tous-vos-travaux-de-peinture\/#breadcrumb"},"inLanguage":"fr-FR","potentialAction":[{"@type":"ReadAction","target":["https:\/\/www.artisanlocal.ch\/c\/societe-artisanale-de-peinture-a-avenches-artisanlocal-realise-tous-vos-travaux-de-peinture\/"]}]},{"@type":"ImageObject","inLanguage":"fr-FR","@id":"https:\/\/www.artisanlocal.ch\/c\/societe-artisanale-de-peinture-a-avenches-artisanlocal-realise-tous-vos-travaux-de-peinture\/#primaryimage","url":"https:\/\/www.artisanlocal.ch\/c\/wp-content\/uploads\/2024\/10\/peintre.jpg","contentUrl":"https:\/\/www.artisanlocal.ch\/c\/wp-content\/uploads\/2024\/10\/peintre.jpg","width":1920,"height":300},{"@type":"BreadcrumbList","@id":"https:\/\/www.artisanlocal.ch\/c\/societe-artisanale-de-peinture-a-avenches-artisanlocal-realise-tous-vos-travaux-de-peinture\/#breadcrumb","itemListElement":[{"@type":"ListItem","position":1,"name":"Accueil","item":"https:\/\/www.artisanlocal.ch\/c\/"},{"@type":"ListItem","position":2,"name":"Peintre \u00e0 Avenches"}]},{"@type":"WebSite","@id":"https:\/\/www.artisanlocal.ch\/c\/#website","url":"https:\/\/www.artisanlocal.ch\/c\/","name":"Artisanlocal","description":"","publisher":{"@id":"https:\/\/www.artisanlocal.ch\/c\/#organization"},"potentialAction":[{"@type":"SearchAction","target":{"@type":"EntryPoint","urlTemplate":"https:\/\/www.artisanlocal.ch\/c\/?s={search_term_string}"},"query-input":{"@type":"PropertyValueSpecification","valueRequired":true,"valueName":"search_term_string"}}],"inLanguage":"fr-FR"},{"@type":"Organization","@id":"https:\/\/www.artisanlocal.ch\/c\/#organization","name":"Artisanlocal","url":"https:\/\/www.artisanlocal.ch\/c\/","logo":{"@type":"ImageObject","inLanguage":"fr-FR","@id":"https:\/\/www.artisanlocal.ch\/c\/#\/schema\/logo\/image\/","url":"https:\/\/www.artisanlocal.ch\/c\/wp-content\/uploads\/2024\/02\/logo-artisanlocal-h.svg","contentUrl":"https:\/\/www.artisanlocal.ch\/c\/wp-content\/uploads\/2024\/02\/logo-artisanlocal-h.svg","caption":"Artisanlocal"},"image":{"@id":"https:\/\/www.artisanlocal.ch\/c\/#\/schema\/logo\/image\/"}}]}},"_links":{"self":[{"href":"https:\/\/www.artisanlocal.ch\/c\/wp-json\/wp\/v2\/pages\/718","targetHints":{"allow":["GET"]}}],"collection":[{"href":"https:\/\/www.artisanlocal.ch\/c\/wp-json\/wp\/v2\/pages"}],"about":[{"href":"https:\/\/www.artisanlocal.ch\/c\/wp-json\/wp\/v2\/types\/page"}],"author":[{"embeddable":true,"href":"https:\/\/www.artisanlocal.ch\/c\/wp-json\/wp\/v2\/users\/4"}],"replies":[{"embeddable":true,"href":"https:\/\/www.artisanlocal.ch\/c\/wp-json\/wp\/v2\/comments?post=718"}],"version-history":[{"count":0,"href":"https:\/\/www.artisanlocal.ch\/c\/wp-json\/wp\/v2\/pages\/718\/revisions"}],"wp:featuredmedia":[{"embeddable":true,"href":"https:\/\/www.artisanlocal.ch\/c\/wp-json\/wp\/v2\/media\/2756"}],"wp:attachment":[{"href":"https:\/\/www.artisanlocal.ch\/c\/wp-json\/wp\/v2\/media?parent=718"}],"wp:term":[{"taxonomy":"profession","embeddable":true,"href":"https:\/\/www.artisanlocal.ch\/c\/wp-json\/wp\/v2\/profession?post=718"},{"taxonomy":"location","embeddable":true,"href":"https:\/\/www.artisanlocal.ch\/c\/wp-json\/wp\/v2\/location?post=718"},{"taxonomy":"canton","embeddable":true,"href":"https:\/\/www.artisanlocal.ch\/c\/wp-json\/wp\/v2\/canton?post=718"}],"curies":[{"name":"wp","href":"https:\/\/api.w.org\/{rel}","templated":true}]}}