{"id":719,"date":"2024-04-16T00:47:26","date_gmt":"2024-04-15T22:47:26","guid":{"rendered":"https:\/\/www.artisanlocal.ch\/c\/trouver-le-meilleur-peintre-a-coppet\/"},"modified":"2025-09-18T11:50:44","modified_gmt":"2025-09-18T09:50:44","slug":"trouver-le-meilleur-peintre-a-coppet","status":"publish","type":"page","link":"https:\/\/www.artisanlocal.ch\/c\/trouver-le-meilleur-peintre-a-coppet\/","title":{"rendered":"Peintre \u00e0 Coppet"},"content":{"rendered":"<p>Besoin d&rsquo;une entreprise de peinture \u00e0 Coppet ? Artisanlocal intervient chez les particuliers et les professionnels \u00e0 Coppet et dans les villes proches.<br \/>\n\r\n<div class=\"box\">\r\n            <div class=\"company-info\">\r\n            <img decoding=\"async\" class=\"company-info__logo\" src=\"https:\/\/www.artisanlocal.ch\/media\/cache\/thumb\/images\/companies\/61a9f3bc4e7fa121332149.png\" alt=\"Logo\">\r\n            <h2 class=\"company-info__name\">R\u00e9novation B\u00e2t DM S\u00e0rl<\/h2>\r\n            <p class=\"company-info__business\">Carrelage - Rev\u00eatements de sols - Pl\u00e2trerie - Peinture - Isolation - R\u00e9novation<\/p>\r\n        <\/div>\r\n        <div class=\"company-contact\">\r\n            <p class=\"company-info__address\">Avenue d'A\u00efre 49<\/p>\r\n                            <div class=\"links\">\r\n                                            <a class=\"btn has-accent-background-color js-phoneNumber\" href=\"tel:0797763302\" title=\"Appelez\" data-id=\"3934\" data-type=\"11\">079 776 33 02<\/a>\r\n                                                                <a class=\"btn has-accent-background-color\" href=\"https:\/\/www.renovation-batiment.ch\/\" target=\"_blank\" title=\"Voir le site internet\" data-id=\"3934\" data-type=\"20\">Site internet<\/a>\r\n                                    <\/div>\r\n                    <\/div>\r\n    \r\n            \r\n<form action=\"https:\/\/www.artisanlocal.ch\/c\/wp-admin\/admin-ajax.php\" method=\"post\" class=\"form-contact\" id=\"artisan_form_contact_company_inline\">\r\n    <div><input type=\"hidden\" name=\"action\" value=\"company_contact\"><\/div>\r\n    <div><input type=\"hidden\" name=\"nonce\" value=\"67a23a8c67\"><\/div>\r\n    <div><input type=\"hidden\" name=\"company_id\" value=\"3934\"><\/div>\r\n    <div><input type=\"hidden\" name=\"form_id\" value=\"artisan_form_contact_company_inline\"><\/div>\r\n    <div class=\"gglcptch gglcptch_v3 gglcptch_custom\"><input type=\"hidden\" id=\"g-recaptcha-response\" name=\"g-recaptcha-response\" \/><br \/><div class=\"gglcptch_error_text\">La p\u00e9riode de v\u00e9rification reCAPTCHA a expir\u00e9. Veuillez recharger la page.<\/div><\/div>    <div class=\"form-content\">\r\n        <div class=\"form-group\">\r\n            <label for=\"contact_firstName\" class=\"required\">Pr\u00e9nom<\/label>\r\n            <input type=\"text\" name=\"firstName\" class=\"form-control\" required>\r\n        <\/div>\r\n        <div class=\"form-group\">\r\n            <label for=\"contact_lastName\" class=\"required\">Nom<\/label>\r\n            <input type=\"text\" name=\"lastName\" class=\"form-control\" required>\r\n        <\/div>\r\n        <div class=\"form-group\">\r\n            <label for=\"contact_email\" class=\"required\">Email<\/label>\r\n            <input type=\"email\" name=\"email\" class=\"form-control\" required>\r\n        <\/div>\r\n        <div class=\"form-group\">\r\n            <label for=\"contact_phone\" class=\"required\">Num\u00e9ro de t\u00e9l\u00e9phone<\/label>\r\n            <input type=\"tel\" name=\"phone\" class=\"form-control\" placeholder=\"0787117165\" pattern=\"^[0-9]{10}$\" required>\r\n        <\/div>\r\n        <div class=\"form-group\">\r\n            <label for=\"contact_postalCode\" class=\"required\">Code postal et localit\u00e9<\/label>\r\n            <input type=\"text\" name=\"postalCode\" class=\"form-control\" required>\r\n        <\/div>\r\n        <div class=\"form-group\">\r\n            <label for=\"contact_address\" class=\"required\">Adresse<\/label>\r\n            <input type=\"text\" name=\"address\" class=\"form-control\" required>\r\n        <\/div>\r\n        <div class=\"full-width topic\">\r\n            <p class=\"required\">Je souhaite \u00eatre contact\u00e9 pour :<\/p>\r\n            <div class=\"form-check\">\r\n                <input type=\"radio\" name=\"topic\" value=\"D\u00e9pannage\" class=\"form-control\" required>\r\n                <label for=\"d\u00e9pannage\">D\u00e9pannage<\/label>\r\n            <\/div>\r\n            <div class=\"form-check\">\r\n                <input type=\"radio\" name=\"topic\" value=\"Entretien\" class=\"form-control\" required>\r\n                <label for=\"entretien\">Entretien<\/label>\r\n            <\/div>\r\n            <div class=\"form-check\">\r\n                <input type=\"radio\" name=\"topic\" value=\"R\u00e9novation\" class=\"form-control\" required>\r\n                <label for=\"r\u00e9novation\">R\u00e9novation<\/label>\r\n            <\/div>\r\n            <div class=\"form-check\">\r\n                <input type=\"radio\" name=\"topic\" value=\"Autre\" class=\"form-control\" required>\r\n                <label for=\"autre\">Autre<\/label>\r\n            <\/div>\r\n        <\/div>\r\n        <div class=\"form-group full-width\">\r\n            <label for=\"contact_message\">Message<\/label>\r\n            <textarea name=\"message\" rows=\"3\" class=\"form-control\"><\/textarea>\r\n        <\/div>\r\n    <\/div>\r\n    <div class=\"form-actions\">\r\n        <button class=\"wp-block-button__link has-accent-background-color\">Contacter<\/button>\r\n    <\/div>\r\n<\/form>\r\n<div class=\"form-feedback\"><\/div>    <\/div><\/p>\n<h2>Quelles sont les services d&rsquo;Artisanlocal ?<\/h2>\n<ul>\n<li>Peinture int\u00e9rieure : sur les moulures, les murs, les plafonds, les portes d&rsquo;entr\u00e9es, et dans des lieux comme la salle d&rsquo;eau, le salon et la chambre.<\/li>\n<li>Peinture ext\u00e9rieure : sur le bardage, le stuc, la brique, les cl\u00f4tures, les terrasses et les portes de garage.<\/li>\n<li>Peinture d\u00e9corative : cr\u00e9ation des effets, tels que le faux marbre, les patines, l&rsquo;effet vieilli, le faux bois et l&rsquo;effet oxyd\u00e9.<\/li>\n<li>Peinture dans votre cuisine : couche de peinture d\u00e9corative et peinture de finition.<\/li>\n<li>Les travaux d&rsquo;enduits d\u00e9coratifs : tadelakt ou b\u00e9ton cir\u00e9.<\/li>\n<li>Artiste peintre : cr\u00e9ation de peintures murales (ext\u00e9rieur, int\u00e9rieur, artistique ou d\u00e9corative).<\/li>\n<li>Peinture de ravalement de fa\u00e7ade : cr\u00e9pi, bardage, pose d&rsquo;enduit ou de peinture.<\/li>\n<li>Peinture sur zones en hauteur : sur usines, tours ou ponts.<\/li>\n<li>Peinture de finition : sur meubles de cuisine ou salle de bain.<\/li>\n<li>R\u00e9novation : r\u00e9paration des fissures, colmatage des trous dans les murs, ou encore pose de nouvelles cloisons s\u00e8ches.<\/li>\n<li>Pose et retrait de l&rsquo;ancien de papier peint : retrait et changement de votre ancien papier peint.<\/li>\n<li>Peinture entreprise : h\u00f4tels, espaces de travail, complexes sportifs, centres d&rsquo;enseignement et autres locaux commerciaux.<\/li>\n<li>Peintures b\u00e2timent : sur les murs et plafonds.<\/li>\n<\/ul>\n<h2>Comment votre entreprise fonctionne ?<\/h2>\n<h3>\u00c9tape 1\u00a0 : commandez votre devis<\/h3>\n<p>Apr\u00e8s votre prise de contact, vous recevez de notre part un devis gratuit.<\/p>\n<h3>\u00c9tape 2\u00a0 : examinez votre devis<\/h3>\n<p>Examiner le devis que vous obtenez. Si vous avez des questions, contactez-nous pour obtenir plus d&rsquo;informations sur les d\u00e9tails de votre devis.<\/p>\n<h3>\u00c9tape 3\u00a0 : organisez la date de d\u00e9but de votre projet<\/h3>\n<p>Une fois que vous avez valid\u00e9 notre devis, nous planifions la date de commencement de votre projet. Pour assurer le succ\u00e8s de votre projet, nous vous mettons \u00e0 votre disposition un chef de projet.<\/p>\n<h2>Combien faut-il d\u00e9penser pour des travaux de peinture \u00e0 Coppet ?<\/h2>\n<p>Le prix d&rsquo;une prestation de peinture d\u00e9pend principalement de l&rsquo;\u00e9tat des zones \u00e0 r\u00e9nover. En moyenne, les tarifs sont compris entre 60 et 70 CHF par heure. Le co\u00fbt de main-d&rsquo;\u0153uvre repr\u00e9sente environ 80% \u00e0 90% du montant total, tandis que le prix de la peinture ne compose que 10% \u00e0 20% du prix.<\/p>\n<h2>Quels sont les avantages de faire appel \u00e0 Artisanlocal ?<\/h2>\n<ul>\n<li>Disponibilit\u00e9 : nos peintres sont disponibles toute la semaine \u00e0 Coppet pour r\u00e9pondre d\u00e8s que possible \u00e0 vos attentes.<\/li>\n<li>Qualit\u00e9 : en choisissant Artisanlocal, vous optez pour l&rsquo;excellence et le savoir-faire.<\/li>\n<li>Prix abordables : nos prix sont attractifs et adapt\u00e9s \u00e0 votre budget.<\/li>\n<li>Prestations sur mesure : nous prenons en compte vos attentes et la complexit\u00e9 de projet pour vous proposer une prestation adapt\u00e9e.<\/li>\n<li>Le savoir-faire : nos peintres pr\u00e9parent toujours la surface avant de poser la peinture, et appliquent des multiples couches et finitions.<\/li>\n<\/ul>\n<h2>FAQ<\/h2>\n<h3>Quel genre de peinture utilisez-vous ?<\/h3>\n<p>Nous utilisons que des peintures de qualit\u00e9. Les pots de peinture que vous avez achet\u00e9s peuvent \u00eatre aussi utilis\u00e9s par nos peintres.<\/p>\n<h3>Votre \u00e9quipe est-elle disponible le week-end ?<\/h3>\n<p>Oui, nous sommes disponibles le samedi \u00e0 Coppet.<\/p>\n<h3>Assurez-vous la protection de mon mobilier ?<\/h3>\n<p>Oui, avant la pose de la peinture, nous prot\u00e9geons vos appareils \u00e9lectrom\u00e9nagers et vos meubles. Toutefois, si vous avez des objets susceptibles de se briser, nous vous conseillons d&rsquo;en aviser notre \u00e9quipe, nous prendrons plus de pr\u00e9cautions.<\/p>\n<h3>Que se passe-t-il si je ne suis pas content du travail accompli ?<\/h3>\n<p>Si vous n&rsquo;\u00eates pas satisfait \u00e0 100% de nos r\u00e9sultats, nous interviendrons pour corriger les probl\u00e8mes jusqu&rsquo;\u00e0 ce que vous soyez satisfait.<\/p>\n<h3>Vos devis sont-ils sans frais ?<\/h3>\n<p>Oui, nos devis sont 100% gratuits et sans engagements. Nos techniciens se d\u00e9placent \u00e0 votre domicile pour r\u00e9pondre \u00e0 vos interrogations et confirmer avec vous votre estimation.<\/p>\n<h3>Vos services s&rsquo;\u00e9tendent-ils aux villes proches de Coppet ?<\/h3>\n<p>Oui, nous intervenons \u00e0 Coppet, mais aussi dans les villes proches, telles que :<\/p>\nBogis-Bossey, Chavannes-de-Bogis, Chavannes-des-Bois, Versoix, Commugny, Bellevue, Genthod, Mies, Tannay, Founex, C\u00e9ligny.\n","protected":false},"excerpt":{"rendered":"<p>Besoin d&rsquo;une entreprise de peinture \u00e0 Coppet ? Artisanlocal intervient chez les particuliers et les professionnels \u00e0 Coppet et dans les villes proches. Quelles sont les services d&rsquo;Artisanlocal ? Peinture int\u00e9rieure : sur les moulures, les murs, les plafonds, les portes d&rsquo;entr\u00e9es, et dans des lieux comme la salle d&rsquo;eau, le salon et la chambre. [&hellip;]<\/p>\n","protected":false},"author":4,"featured_media":2756,"parent":0,"menu_order":0,"comment_status":"closed","ping_status":"closed","template":"","meta":{"footnotes":""},"profession":[121],"location":[45],"canton":[113],"class_list":["post-719","page","type-page","status-publish","has-post-thumbnail","hentry","profession-peintre","location-coppet","canton-vd"],"yoast_head":"<!-- This site is optimized with the Yoast SEO Premium plugin v25.7.1 (Yoast SEO v27.3) - https:\/\/yoast.com\/product\/yoast-seo-premium-wordpress\/ -->\n<title>Peintre \u00e0 Coppet - Artisanlocal<\/title>\n<meta name=\"robots\" content=\"index, follow, max-snippet:-1, max-image-preview:large, max-video-preview:-1\" \/>\n<link rel=\"canonical\" href=\"https:\/\/www.artisanlocal.ch\/c\/trouver-le-meilleur-peintre-a-coppet\/\" \/>\n<meta property=\"og:locale\" content=\"fr_FR\" \/>\n<meta property=\"og:type\" content=\"article\" \/>\n<meta property=\"og:title\" content=\"Peintre \u00e0 Coppet\" \/>\n<meta property=\"og:description\" content=\"Besoin d&rsquo;une entreprise de peinture \u00e0 Coppet ? Artisanlocal intervient chez les particuliers et les professionnels \u00e0 Coppet et dans les villes proches. Quelles sont les services d&rsquo;Artisanlocal ? Peinture int\u00e9rieure : sur les moulures, les murs, les plafonds, les portes d&rsquo;entr\u00e9es, et dans des lieux comme la salle d&rsquo;eau, le salon et la chambre. [&hellip;]\" \/>\n<meta property=\"og:url\" content=\"https:\/\/www.artisanlocal.ch\/c\/trouver-le-meilleur-peintre-a-coppet\/\" \/>\n<meta property=\"og:site_name\" content=\"Artisanlocal\" \/>\n<meta property=\"article:modified_time\" content=\"2025-09-18T09:50:44+00:00\" \/>\n<meta property=\"og:image\" content=\"https:\/\/www.artisanlocal.ch\/c\/wp-content\/uploads\/2024\/10\/peintre.jpg\" \/>\n\t<meta property=\"og:image:width\" content=\"1920\" \/>\n\t<meta property=\"og:image:height\" content=\"300\" \/>\n\t<meta property=\"og:image:type\" content=\"image\/jpeg\" \/>\n<meta name=\"twitter:card\" content=\"summary_large_image\" \/>\n<meta name=\"twitter:label1\" content=\"Dur\u00e9e de lecture estim\u00e9e\" \/>\n\t<meta name=\"twitter:data1\" content=\"4 minutes\" \/>\n<script type=\"application\/ld+json\" class=\"yoast-schema-graph\">{\"@context\":\"https:\\\/\\\/schema.org\",\"@graph\":[{\"@type\":\"WebPage\",\"@id\":\"https:\\\/\\\/www.artisanlocal.ch\\\/c\\\/trouver-le-meilleur-peintre-a-coppet\\\/\",\"url\":\"https:\\\/\\\/www.artisanlocal.ch\\\/c\\\/trouver-le-meilleur-peintre-a-coppet\\\/\",\"name\":\"Peintre \u00e0 Coppet - Artisanlocal\",\"isPartOf\":{\"@id\":\"https:\\\/\\\/www.artisanlocal.ch\\\/c\\\/#website\"},\"primaryImageOfPage\":{\"@id\":\"https:\\\/\\\/www.artisanlocal.ch\\\/c\\\/trouver-le-meilleur-peintre-a-coppet\\\/#primaryimage\"},\"image\":{\"@id\":\"https:\\\/\\\/www.artisanlocal.ch\\\/c\\\/trouver-le-meilleur-peintre-a-coppet\\\/#primaryimage\"},\"thumbnailUrl\":\"https:\\\/\\\/www.artisanlocal.ch\\\/c\\\/wp-content\\\/uploads\\\/2024\\\/10\\\/peintre.jpg\",\"datePublished\":\"2024-04-15T22:47:26+00:00\",\"dateModified\":\"2025-09-18T09:50:44+00:00\",\"breadcrumb\":{\"@id\":\"https:\\\/\\\/www.artisanlocal.ch\\\/c\\\/trouver-le-meilleur-peintre-a-coppet\\\/#breadcrumb\"},\"inLanguage\":\"fr-FR\",\"potentialAction\":[{\"@type\":\"ReadAction\",\"target\":[\"https:\\\/\\\/www.artisanlocal.ch\\\/c\\\/trouver-le-meilleur-peintre-a-coppet\\\/\"]}]},{\"@type\":\"ImageObject\",\"inLanguage\":\"fr-FR\",\"@id\":\"https:\\\/\\\/www.artisanlocal.ch\\\/c\\\/trouver-le-meilleur-peintre-a-coppet\\\/#primaryimage\",\"url\":\"https:\\\/\\\/www.artisanlocal.ch\\\/c\\\/wp-content\\\/uploads\\\/2024\\\/10\\\/peintre.jpg\",\"contentUrl\":\"https:\\\/\\\/www.artisanlocal.ch\\\/c\\\/wp-content\\\/uploads\\\/2024\\\/10\\\/peintre.jpg\",\"width\":1920,\"height\":300},{\"@type\":\"BreadcrumbList\",\"@id\":\"https:\\\/\\\/www.artisanlocal.ch\\\/c\\\/trouver-le-meilleur-peintre-a-coppet\\\/#breadcrumb\",\"itemListElement\":[{\"@type\":\"ListItem\",\"position\":1,\"name\":\"Accueil\",\"item\":\"https:\\\/\\\/www.artisanlocal.ch\\\/c\\\/\"},{\"@type\":\"ListItem\",\"position\":2,\"name\":\"Peintre \u00e0 Coppet\"}]},{\"@type\":\"WebSite\",\"@id\":\"https:\\\/\\\/www.artisanlocal.ch\\\/c\\\/#website\",\"url\":\"https:\\\/\\\/www.artisanlocal.ch\\\/c\\\/\",\"name\":\"Artisanlocal\",\"description\":\"\",\"publisher\":{\"@id\":\"https:\\\/\\\/www.artisanlocal.ch\\\/c\\\/#organization\"},\"potentialAction\":[{\"@type\":\"SearchAction\",\"target\":{\"@type\":\"EntryPoint\",\"urlTemplate\":\"https:\\\/\\\/www.artisanlocal.ch\\\/c\\\/?s={search_term_string}\"},\"query-input\":{\"@type\":\"PropertyValueSpecification\",\"valueRequired\":true,\"valueName\":\"search_term_string\"}}],\"inLanguage\":\"fr-FR\"},{\"@type\":\"Organization\",\"@id\":\"https:\\\/\\\/www.artisanlocal.ch\\\/c\\\/#organization\",\"name\":\"Artisanlocal\",\"url\":\"https:\\\/\\\/www.artisanlocal.ch\\\/c\\\/\",\"logo\":{\"@type\":\"ImageObject\",\"inLanguage\":\"fr-FR\",\"@id\":\"https:\\\/\\\/www.artisanlocal.ch\\\/c\\\/#\\\/schema\\\/logo\\\/image\\\/\",\"url\":\"https:\\\/\\\/www.artisanlocal.ch\\\/c\\\/wp-content\\\/uploads\\\/2024\\\/02\\\/logo-artisanlocal-h.svg\",\"contentUrl\":\"https:\\\/\\\/www.artisanlocal.ch\\\/c\\\/wp-content\\\/uploads\\\/2024\\\/02\\\/logo-artisanlocal-h.svg\",\"caption\":\"Artisanlocal\"},\"image\":{\"@id\":\"https:\\\/\\\/www.artisanlocal.ch\\\/c\\\/#\\\/schema\\\/logo\\\/image\\\/\"}}]}<\/script>\n<!-- \/ Yoast SEO Premium plugin. -->","yoast_head_json":{"title":"Peintre \u00e0 Coppet - Artisanlocal","robots":{"index":"index","follow":"follow","max-snippet":"max-snippet:-1","max-image-preview":"max-image-preview:large","max-video-preview":"max-video-preview:-1"},"canonical":"https:\/\/www.artisanlocal.ch\/c\/trouver-le-meilleur-peintre-a-coppet\/","og_locale":"fr_FR","og_type":"article","og_title":"Peintre \u00e0 Coppet","og_description":"Besoin d&rsquo;une entreprise de peinture \u00e0 Coppet ? Artisanlocal intervient chez les particuliers et les professionnels \u00e0 Coppet et dans les villes proches. Quelles sont les services d&rsquo;Artisanlocal ? Peinture int\u00e9rieure : sur les moulures, les murs, les plafonds, les portes d&rsquo;entr\u00e9es, et dans des lieux comme la salle d&rsquo;eau, le salon et la chambre. [&hellip;]","og_url":"https:\/\/www.artisanlocal.ch\/c\/trouver-le-meilleur-peintre-a-coppet\/","og_site_name":"Artisanlocal","article_modified_time":"2025-09-18T09:50:44+00:00","og_image":[{"width":1920,"height":300,"url":"https:\/\/www.artisanlocal.ch\/c\/wp-content\/uploads\/2024\/10\/peintre.jpg","type":"image\/jpeg"}],"twitter_card":"summary_large_image","twitter_misc":{"Dur\u00e9e de lecture estim\u00e9e":"4 minutes"},"schema":{"@context":"https:\/\/schema.org","@graph":[{"@type":"WebPage","@id":"https:\/\/www.artisanlocal.ch\/c\/trouver-le-meilleur-peintre-a-coppet\/","url":"https:\/\/www.artisanlocal.ch\/c\/trouver-le-meilleur-peintre-a-coppet\/","name":"Peintre \u00e0 Coppet - Artisanlocal","isPartOf":{"@id":"https:\/\/www.artisanlocal.ch\/c\/#website"},"primaryImageOfPage":{"@id":"https:\/\/www.artisanlocal.ch\/c\/trouver-le-meilleur-peintre-a-coppet\/#primaryimage"},"image":{"@id":"https:\/\/www.artisanlocal.ch\/c\/trouver-le-meilleur-peintre-a-coppet\/#primaryimage"},"thumbnailUrl":"https:\/\/www.artisanlocal.ch\/c\/wp-content\/uploads\/2024\/10\/peintre.jpg","datePublished":"2024-04-15T22:47:26+00:00","dateModified":"2025-09-18T09:50:44+00:00","breadcrumb":{"@id":"https:\/\/www.artisanlocal.ch\/c\/trouver-le-meilleur-peintre-a-coppet\/#breadcrumb"},"inLanguage":"fr-FR","potentialAction":[{"@type":"ReadAction","target":["https:\/\/www.artisanlocal.ch\/c\/trouver-le-meilleur-peintre-a-coppet\/"]}]},{"@type":"ImageObject","inLanguage":"fr-FR","@id":"https:\/\/www.artisanlocal.ch\/c\/trouver-le-meilleur-peintre-a-coppet\/#primaryimage","url":"https:\/\/www.artisanlocal.ch\/c\/wp-content\/uploads\/2024\/10\/peintre.jpg","contentUrl":"https:\/\/www.artisanlocal.ch\/c\/wp-content\/uploads\/2024\/10\/peintre.jpg","width":1920,"height":300},{"@type":"BreadcrumbList","@id":"https:\/\/www.artisanlocal.ch\/c\/trouver-le-meilleur-peintre-a-coppet\/#breadcrumb","itemListElement":[{"@type":"ListItem","position":1,"name":"Accueil","item":"https:\/\/www.artisanlocal.ch\/c\/"},{"@type":"ListItem","position":2,"name":"Peintre \u00e0 Coppet"}]},{"@type":"WebSite","@id":"https:\/\/www.artisanlocal.ch\/c\/#website","url":"https:\/\/www.artisanlocal.ch\/c\/","name":"Artisanlocal","description":"","publisher":{"@id":"https:\/\/www.artisanlocal.ch\/c\/#organization"},"potentialAction":[{"@type":"SearchAction","target":{"@type":"EntryPoint","urlTemplate":"https:\/\/www.artisanlocal.ch\/c\/?s={search_term_string}"},"query-input":{"@type":"PropertyValueSpecification","valueRequired":true,"valueName":"search_term_string"}}],"inLanguage":"fr-FR"},{"@type":"Organization","@id":"https:\/\/www.artisanlocal.ch\/c\/#organization","name":"Artisanlocal","url":"https:\/\/www.artisanlocal.ch\/c\/","logo":{"@type":"ImageObject","inLanguage":"fr-FR","@id":"https:\/\/www.artisanlocal.ch\/c\/#\/schema\/logo\/image\/","url":"https:\/\/www.artisanlocal.ch\/c\/wp-content\/uploads\/2024\/02\/logo-artisanlocal-h.svg","contentUrl":"https:\/\/www.artisanlocal.ch\/c\/wp-content\/uploads\/2024\/02\/logo-artisanlocal-h.svg","caption":"Artisanlocal"},"image":{"@id":"https:\/\/www.artisanlocal.ch\/c\/#\/schema\/logo\/image\/"}}]}},"_links":{"self":[{"href":"https:\/\/www.artisanlocal.ch\/c\/wp-json\/wp\/v2\/pages\/719","targetHints":{"allow":["GET"]}}],"collection":[{"href":"https:\/\/www.artisanlocal.ch\/c\/wp-json\/wp\/v2\/pages"}],"about":[{"href":"https:\/\/www.artisanlocal.ch\/c\/wp-json\/wp\/v2\/types\/page"}],"author":[{"embeddable":true,"href":"https:\/\/www.artisanlocal.ch\/c\/wp-json\/wp\/v2\/users\/4"}],"replies":[{"embeddable":true,"href":"https:\/\/www.artisanlocal.ch\/c\/wp-json\/wp\/v2\/comments?post=719"}],"version-history":[{"count":0,"href":"https:\/\/www.artisanlocal.ch\/c\/wp-json\/wp\/v2\/pages\/719\/revisions"}],"wp:featuredmedia":[{"embeddable":true,"href":"https:\/\/www.artisanlocal.ch\/c\/wp-json\/wp\/v2\/media\/2756"}],"wp:attachment":[{"href":"https:\/\/www.artisanlocal.ch\/c\/wp-json\/wp\/v2\/media?parent=719"}],"wp:term":[{"taxonomy":"profession","embeddable":true,"href":"https:\/\/www.artisanlocal.ch\/c\/wp-json\/wp\/v2\/profession?post=719"},{"taxonomy":"location","embeddable":true,"href":"https:\/\/www.artisanlocal.ch\/c\/wp-json\/wp\/v2\/location?post=719"},{"taxonomy":"canton","embeddable":true,"href":"https:\/\/www.artisanlocal.ch\/c\/wp-json\/wp\/v2\/canton?post=719"}],"curies":[{"name":"wp","href":"https:\/\/api.w.org\/{rel}","templated":true}]}}