{"id":720,"date":"2024-04-15T05:24:52","date_gmt":"2024-04-15T03:24:52","guid":{"rendered":"https:\/\/www.artisanlocal.ch\/c\/entreprise-de-peinture-a-cossonay-ville-artisanlocal-realise-tous-vos-projets-de-peinture\/"},"modified":"2025-09-17T16:28:44","modified_gmt":"2025-09-17T14:28:44","slug":"entreprise-de-peinture-a-cossonay-ville-artisanlocal-realise-tous-vos-projets-de-peinture","status":"publish","type":"page","link":"https:\/\/www.artisanlocal.ch\/c\/entreprise-de-peinture-a-cossonay-ville-artisanlocal-realise-tous-vos-projets-de-peinture\/","title":{"rendered":"Peintre \u00e0 Cossonay-Ville"},"content":{"rendered":"<p>Besoin d&rsquo;un peintre \u00e0 Cossonay-Ville ? Faites appel \u00e0 Artisanlocal, nous r\u00e9alisons tous vos travaux, de l&rsquo;\u00e9tude aux finitions, nous nous adaptons \u00e0 votre emploi du temps et nous intervenons rapidement chez vous \u00e0 Cossonay-Ville et dans les villes aux environs.<br \/>\n\r\n<div class=\"box\">\r\n            <div class=\"company-info\">\r\n            <img decoding=\"async\" class=\"company-info__logo\" src=\"https:\/\/www.artisanlocal.ch\/media\/cache\/thumb\/images\/companies\/67c5735cb7708626022379.png\" alt=\"Logo\">\r\n            <h2 class=\"company-info__name\">Eco R\u00e9no S\u00e0rl<\/h2>\r\n            <p class=\"company-info__business\">Entreprise de peinture - Pl\u00e2trerie - R\u00e9novation<\/p>\r\n        <\/div>\r\n        <div class=\"company-contact\">\r\n            <p class=\"company-info__address\">Rue de l'Industrie 12<\/p>\r\n                            <div class=\"links\">\r\n                                            <a class=\"btn has-accent-background-color js-phoneNumber\" href=\"tel:0794599596\" title=\"Appelez\" data-id=\"2837\" data-type=\"11\">079 459 95 96<\/a>\r\n                                                        <\/div>\r\n                    <\/div>\r\n    \r\n            \r\n<form action=\"https:\/\/www.artisanlocal.ch\/c\/wp-admin\/admin-ajax.php\" method=\"post\" class=\"form-contact\" id=\"artisan_form_contact_company_inline\">\r\n    <div><input type=\"hidden\" name=\"action\" value=\"company_contact\"><\/div>\r\n    <div><input type=\"hidden\" name=\"nonce\" value=\"67a23a8c67\"><\/div>\r\n    <div><input type=\"hidden\" name=\"company_id\" value=\"2837\"><\/div>\r\n    <div><input type=\"hidden\" name=\"form_id\" value=\"artisan_form_contact_company_inline\"><\/div>\r\n    <div class=\"gglcptch gglcptch_v3 gglcptch_custom\"><input type=\"hidden\" id=\"g-recaptcha-response\" name=\"g-recaptcha-response\" \/><br \/><div class=\"gglcptch_error_text\">La p\u00e9riode de v\u00e9rification reCAPTCHA a expir\u00e9. Veuillez recharger la page.<\/div><\/div>    <div class=\"form-content\">\r\n        <div class=\"form-group\">\r\n            <label for=\"contact_firstName\" class=\"required\">Pr\u00e9nom<\/label>\r\n            <input type=\"text\" name=\"firstName\" class=\"form-control\" required>\r\n        <\/div>\r\n        <div class=\"form-group\">\r\n            <label for=\"contact_lastName\" class=\"required\">Nom<\/label>\r\n            <input type=\"text\" name=\"lastName\" class=\"form-control\" required>\r\n        <\/div>\r\n        <div class=\"form-group\">\r\n            <label for=\"contact_email\" class=\"required\">Email<\/label>\r\n            <input type=\"email\" name=\"email\" class=\"form-control\" required>\r\n        <\/div>\r\n        <div class=\"form-group\">\r\n            <label for=\"contact_phone\" class=\"required\">Num\u00e9ro de t\u00e9l\u00e9phone<\/label>\r\n            <input type=\"tel\" name=\"phone\" class=\"form-control\" placeholder=\"0787117165\" pattern=\"^[0-9]{10}$\" required>\r\n        <\/div>\r\n        <div class=\"form-group\">\r\n            <label for=\"contact_postalCode\" class=\"required\">Code postal et localit\u00e9<\/label>\r\n            <input type=\"text\" name=\"postalCode\" class=\"form-control\" required>\r\n        <\/div>\r\n        <div class=\"form-group\">\r\n            <label for=\"contact_address\" class=\"required\">Adresse<\/label>\r\n            <input type=\"text\" name=\"address\" class=\"form-control\" required>\r\n        <\/div>\r\n        <div class=\"full-width topic\">\r\n            <p class=\"required\">Je souhaite \u00eatre contact\u00e9 pour :<\/p>\r\n            <div class=\"form-check\">\r\n                <input type=\"radio\" name=\"topic\" value=\"D\u00e9pannage\" class=\"form-control\" required>\r\n                <label for=\"d\u00e9pannage\">D\u00e9pannage<\/label>\r\n            <\/div>\r\n            <div class=\"form-check\">\r\n                <input type=\"radio\" name=\"topic\" value=\"Entretien\" class=\"form-control\" required>\r\n                <label for=\"entretien\">Entretien<\/label>\r\n            <\/div>\r\n            <div class=\"form-check\">\r\n                <input type=\"radio\" name=\"topic\" value=\"R\u00e9novation\" class=\"form-control\" required>\r\n                <label for=\"r\u00e9novation\">R\u00e9novation<\/label>\r\n            <\/div>\r\n            <div class=\"form-check\">\r\n                <input type=\"radio\" name=\"topic\" value=\"Autre\" class=\"form-control\" required>\r\n                <label for=\"autre\">Autre<\/label>\r\n            <\/div>\r\n        <\/div>\r\n        <div class=\"form-group full-width\">\r\n            <label for=\"contact_message\">Message<\/label>\r\n            <textarea name=\"message\" rows=\"3\" class=\"form-control\"><\/textarea>\r\n        <\/div>\r\n    <\/div>\r\n    <div class=\"form-actions\">\r\n        <button class=\"wp-block-button__link has-accent-background-color\">Contacter<\/button>\r\n    <\/div>\r\n<\/form>\r\n<div class=\"form-feedback\"><\/div>    <\/div><\/p>\n<h2>Quels sont les services que votre entreprise propose ?<\/h2>\n<ul>\n<li>Peinture int\u00e9rieure : sur vos murs, portes, moulures, et plafonds, ou dans des pi\u00e8ces sp\u00e9cifiques telles que votre chambre, salon ou salle d&rsquo;eau.<\/li>\n<li>Peinture des zones ext\u00e9rieures : ajout d\u2019une nouvelle couche de peinture sur les terrasses, les cl\u00f4tures, le bardage, les portes de garage, le stuc et la brique.<\/li>\n<li>Peinture d\u00e9corative : cr\u00e9ation des effets, tels que le faux marbre, l&rsquo;effet oxyd\u00e9, le faux bois, les patines et l&rsquo;effet vieilli.<\/li>\n<li>Peinture de cuisine : pose d&rsquo;une couche, comme la peinture satin\u00e9e, qui se lave facilement.<\/li>\n<li>Les enduits d\u00e9coratifs : ajout b\u00e9ton cir\u00e9 ou tadelakt, ou des enduits.<\/li>\n<li>Peinture d\u00e9corative artistique : r\u00e9alisation de fresques murales, artistiques, d\u00e9coratives, ext\u00e9rieures ou int\u00e9rieures.<\/li>\n<li>Les travaux de peinture pour le ravalement de fa\u00e7ade : r\u00e9novation de votre fa\u00e7ade ext\u00e9rieure, cr\u00e9pi, bardage, pose d&rsquo;enduit ou de peinture.<\/li>\n<li>Peintre cordiste : travaux de peinture en hauteur, nous intervenons dans les coins inaccessibles d\u2019acc\u00e8s, comme les ponts, \u00e9oliennes, tours, ou usines.<\/li>\n<li>Peinture de finition : application des finitions sur les meubles de cuisine ou dans la salle d&rsquo;eau.<\/li>\n<li>Les services d&rsquo;installation et de r\u00e9novation : l&rsquo;installation de cloisons s\u00e8ches, la r\u00e9paration des trous dans les cloisons ou la r\u00e9novation des fissures.<\/li>\n<li>Les travaux d&rsquo;enl\u00e8vement et de pose de papier peint : le retrait et la pose d&rsquo;une nouvelle d\u00e9coration murale.<\/li>\n<li>Peinture pour les commerces : pour les espaces de travail, restaurants, \u00e9tablissement scolaire, complexes sportifs et autres biens immobiliers, pour les professionnels.<\/li>\n<li>Peinture pour immeuble : nos peintres interviennent aussi dans les immeubles, pour la pr\u00e9paration des murs et plafonds \u00e0 peindre, la r\u00e9alisation des finitions et la pose des rev\u00eatements\/peintures.<\/li>\n<\/ul>\n<h2>Quel est le processus de fonctionnement de votre entreprise ?<\/h2>\n<h3>\u00c9tape 1\u00a0 : commander un devis<\/h3>\n<p>Commandez un devis gratuit par t\u00e9l\u00e9phone ou en ligne dans les 24 heures.<\/p>\n<h3>\u00c9tape 2\u00a0 : analyser en d\u00e9tail votre estimation<\/h3>\n<p>Soyez assur\u00e9 que le devis que vous obtenez d\u00e9finit bien le prix de votre projet de peinture. Si vous avez des questions sur votre devis, n&rsquo;h\u00e9sitez pas \u00e0 nous joindre pour avoir plus de d\u00e9tails.<\/p>\n<h3>\u00c9tape 3\u00a0 : planifiez la date de commencement de votre projet peinture<\/h3>\n<p>Une fois que vous avez confirm\u00e9 l&rsquo;estimation, nous fixons ensemble la date de d\u00e9marrage de votre r\u00e9novation. Afin d&rsquo;assurer la bonne r\u00e9ussite de votre chantier, nous vous assignons un chef de projet.<\/p>\n<h2>Quel est le montant d&rsquo;un service de peinture \u00e0 Cossonay-Ville ?<\/h2>\n<p>Le prix de nos services est influenc\u00e9 par l&rsquo;\u00e9tat de vos plafonds et vos murs. G\u00e9n\u00e9ralement, les tarifs varient entre 60 et 70 francs suisses par heure. Le co\u00fbt de main-d&rsquo;\u0153uvre constitue environ 80% \u00e0 90% du prix total, tandis que le montant de la peinture ne constitue que 10% \u00e0 20% du co\u00fbt.<\/p>\n<h2>Quels sont les avantages de faire appel \u00e0 Artisanlocal ?<\/h2>\n<ul>\n<li>Disponibilit\u00e9 : localis\u00e9s \u00e0 Cossonay-Ville, nos artisans peintres interviennent rapidement dans votre foyer.<\/li>\n<li>Qualit\u00e9 : en faisant appel \u00e0 notre entreprise, vous avez la garantie de b\u00e9n\u00e9ficier de prestations de qualit\u00e9, effectu\u00e9es avec professionnalisme et s\u00e9rieux.<\/li>\n<li>Prix accessibles : nos prix sont fix\u00e9s en fonction de vos attentes et de vos moyens.<\/li>\n<li>Offres personnalis\u00e9es : nous \u00e9tudions votre projet pour concevoir une offre adapt\u00e9e.<\/li>\n<li>Les comp\u00e9tences de nos peintres \u00e0 Cossonay-Ville, ils r\u00e9alisent : le lavage et la pr\u00e9paration des zones avant l&rsquo;application de la peinture, l&rsquo;application des multiples couches et la mise en \u0153uvre des touches finales.<\/li>\n<\/ul>\n<h2>FAQ<\/h2>\n<h3>Quelle peinture avez-vous l&rsquo;habitude d&rsquo;utiliser ?<\/h3>\n<p>Nous utilisons seulement des peintures haut de gamme. Les pots de peinture que vous avez achet\u00e9s peuvent \u00eatre aussi employ\u00e9s par nos artisans peintres.<\/p>\n<h3>Vos peintres sont disponibles le week-end ?<\/h3>\n<p>Oui, notre entreprise intervient les week-ends \u00e0 Cossonay-Ville.<\/p>\n<h3>Les meubles sont-ils couverts lors de la pose de la peinture ?<\/h3>\n<p>Oui, avant les travaux, nous couvrons vos meubles et \u00e9lectrom\u00e9nagers. N\u00e9anmoins, si vous d\u00e9tenez des objets susceptibles de se briser, nous vous pr\u00e9conisons d&rsquo;en informer notre \u00e9quipe, nous prendrons plus de pr\u00e9cautions.<\/p>\n<h3>Quelles sont les solutions si j&rsquo;estime le travail effectu\u00e9 insuffisant ?<\/h3>\n<p>Si notre travail ne vous satisfait pas, nous effectuons les travaux n\u00e9cessaires jusqu&rsquo;\u00e0 ce que vous soyez satisfait.<\/p>\n<h3>Vos devis sont-ils gratuits ?<\/h3>\n<p>Oui, nos devis sont gratuits. Si vous avez besoin d&rsquo;explication, un technicien se d\u00e9place chez vous afin de valider le devis avec vous.<\/p>\n<h3>Vos services s&rsquo;\u00e9tendent-ils aux villes proches de Cossonay-Ville ?<\/h3>\n<p>Oui, nous intervenons \u00e0 Cossonay-Ville, mais aussi dans les villes proches, comme :<\/p>\nMex VD, Boussens, Bournens, Sullens, Bettens, Cottens VD, Grancy, Gollion, S\u00e9very, Pampigny, Montricher, Chavannes-le-Veyron, Cuarnens, L'Isle, La Coudre, Villars-Bozon, Mauraz, Moiry VD, Mont-la-Ville, Vufflens-la-Ville, Penthaz, Allens, Dizy, Senarclens, Penthalaz, Daillens, Lussery-Villars, La Chaux (Cossonay), Ecl\u00e9pens, Ferreyres, La Sarraz, Chevilly, Orny, Pompaples.\n","protected":false},"excerpt":{"rendered":"<p>Besoin d&rsquo;un peintre \u00e0 Cossonay-Ville ? Faites appel \u00e0 Artisanlocal, nous r\u00e9alisons tous vos travaux, de l&rsquo;\u00e9tude aux finitions, nous nous adaptons \u00e0 votre emploi du temps et nous intervenons rapidement chez vous \u00e0 Cossonay-Ville et dans les villes aux environs. Quels sont les services que votre entreprise propose ? Peinture int\u00e9rieure : sur vos [&hellip;]<\/p>\n","protected":false},"author":4,"featured_media":2756,"parent":0,"menu_order":0,"comment_status":"closed","ping_status":"closed","template":"","meta":{"footnotes":""},"profession":[121],"location":[116],"canton":[113],"class_list":["post-720","page","type-page","status-publish","has-post-thumbnail","hentry","profession-peintre","location-cossonay-ville","canton-vd"],"yoast_head":"<!-- This site is optimized with the Yoast SEO Premium plugin v25.7.1 (Yoast SEO v27.3) - https:\/\/yoast.com\/product\/yoast-seo-premium-wordpress\/ -->\n<title>Peintre \u00e0 Cossonay-Ville - Artisanlocal<\/title>\n<meta name=\"robots\" content=\"index, follow, max-snippet:-1, max-image-preview:large, max-video-preview:-1\" \/>\n<link rel=\"canonical\" href=\"https:\/\/www.artisanlocal.ch\/c\/entreprise-de-peinture-a-cossonay-ville-artisanlocal-realise-tous-vos-projets-de-peinture\/\" \/>\n<meta property=\"og:locale\" content=\"fr_FR\" \/>\n<meta property=\"og:type\" content=\"article\" \/>\n<meta property=\"og:title\" content=\"Peintre \u00e0 Cossonay-Ville\" \/>\n<meta property=\"og:description\" content=\"Besoin d&rsquo;un peintre \u00e0 Cossonay-Ville ? Faites appel \u00e0 Artisanlocal, nous r\u00e9alisons tous vos travaux, de l&rsquo;\u00e9tude aux finitions, nous nous adaptons \u00e0 votre emploi du temps et nous intervenons rapidement chez vous \u00e0 Cossonay-Ville et dans les villes aux environs. Quels sont les services que votre entreprise propose ? Peinture int\u00e9rieure : sur vos [&hellip;]\" \/>\n<meta property=\"og:url\" content=\"https:\/\/www.artisanlocal.ch\/c\/entreprise-de-peinture-a-cossonay-ville-artisanlocal-realise-tous-vos-projets-de-peinture\/\" \/>\n<meta property=\"og:site_name\" content=\"Artisanlocal\" \/>\n<meta property=\"article:modified_time\" content=\"2025-09-17T14:28:44+00:00\" \/>\n<meta property=\"og:image\" content=\"https:\/\/www.artisanlocal.ch\/c\/wp-content\/uploads\/2024\/10\/peintre.jpg\" \/>\n\t<meta property=\"og:image:width\" content=\"1920\" \/>\n\t<meta property=\"og:image:height\" content=\"300\" \/>\n\t<meta property=\"og:image:type\" content=\"image\/jpeg\" \/>\n<meta name=\"twitter:card\" content=\"summary_large_image\" \/>\n<meta name=\"twitter:label1\" content=\"Dur\u00e9e de lecture estim\u00e9e\" \/>\n\t<meta name=\"twitter:data1\" content=\"5 minutes\" \/>\n<script type=\"application\/ld+json\" class=\"yoast-schema-graph\">{\"@context\":\"https:\\\/\\\/schema.org\",\"@graph\":[{\"@type\":\"WebPage\",\"@id\":\"https:\\\/\\\/www.artisanlocal.ch\\\/c\\\/entreprise-de-peinture-a-cossonay-ville-artisanlocal-realise-tous-vos-projets-de-peinture\\\/\",\"url\":\"https:\\\/\\\/www.artisanlocal.ch\\\/c\\\/entreprise-de-peinture-a-cossonay-ville-artisanlocal-realise-tous-vos-projets-de-peinture\\\/\",\"name\":\"Peintre \u00e0 Cossonay-Ville - Artisanlocal\",\"isPartOf\":{\"@id\":\"https:\\\/\\\/www.artisanlocal.ch\\\/c\\\/#website\"},\"primaryImageOfPage\":{\"@id\":\"https:\\\/\\\/www.artisanlocal.ch\\\/c\\\/entreprise-de-peinture-a-cossonay-ville-artisanlocal-realise-tous-vos-projets-de-peinture\\\/#primaryimage\"},\"image\":{\"@id\":\"https:\\\/\\\/www.artisanlocal.ch\\\/c\\\/entreprise-de-peinture-a-cossonay-ville-artisanlocal-realise-tous-vos-projets-de-peinture\\\/#primaryimage\"},\"thumbnailUrl\":\"https:\\\/\\\/www.artisanlocal.ch\\\/c\\\/wp-content\\\/uploads\\\/2024\\\/10\\\/peintre.jpg\",\"datePublished\":\"2024-04-15T03:24:52+00:00\",\"dateModified\":\"2025-09-17T14:28:44+00:00\",\"breadcrumb\":{\"@id\":\"https:\\\/\\\/www.artisanlocal.ch\\\/c\\\/entreprise-de-peinture-a-cossonay-ville-artisanlocal-realise-tous-vos-projets-de-peinture\\\/#breadcrumb\"},\"inLanguage\":\"fr-FR\",\"potentialAction\":[{\"@type\":\"ReadAction\",\"target\":[\"https:\\\/\\\/www.artisanlocal.ch\\\/c\\\/entreprise-de-peinture-a-cossonay-ville-artisanlocal-realise-tous-vos-projets-de-peinture\\\/\"]}]},{\"@type\":\"ImageObject\",\"inLanguage\":\"fr-FR\",\"@id\":\"https:\\\/\\\/www.artisanlocal.ch\\\/c\\\/entreprise-de-peinture-a-cossonay-ville-artisanlocal-realise-tous-vos-projets-de-peinture\\\/#primaryimage\",\"url\":\"https:\\\/\\\/www.artisanlocal.ch\\\/c\\\/wp-content\\\/uploads\\\/2024\\\/10\\\/peintre.jpg\",\"contentUrl\":\"https:\\\/\\\/www.artisanlocal.ch\\\/c\\\/wp-content\\\/uploads\\\/2024\\\/10\\\/peintre.jpg\",\"width\":1920,\"height\":300},{\"@type\":\"BreadcrumbList\",\"@id\":\"https:\\\/\\\/www.artisanlocal.ch\\\/c\\\/entreprise-de-peinture-a-cossonay-ville-artisanlocal-realise-tous-vos-projets-de-peinture\\\/#breadcrumb\",\"itemListElement\":[{\"@type\":\"ListItem\",\"position\":1,\"name\":\"Accueil\",\"item\":\"https:\\\/\\\/www.artisanlocal.ch\\\/c\\\/\"},{\"@type\":\"ListItem\",\"position\":2,\"name\":\"Peintre \u00e0 Cossonay-Ville\"}]},{\"@type\":\"WebSite\",\"@id\":\"https:\\\/\\\/www.artisanlocal.ch\\\/c\\\/#website\",\"url\":\"https:\\\/\\\/www.artisanlocal.ch\\\/c\\\/\",\"name\":\"Artisanlocal\",\"description\":\"\",\"publisher\":{\"@id\":\"https:\\\/\\\/www.artisanlocal.ch\\\/c\\\/#organization\"},\"potentialAction\":[{\"@type\":\"SearchAction\",\"target\":{\"@type\":\"EntryPoint\",\"urlTemplate\":\"https:\\\/\\\/www.artisanlocal.ch\\\/c\\\/?s={search_term_string}\"},\"query-input\":{\"@type\":\"PropertyValueSpecification\",\"valueRequired\":true,\"valueName\":\"search_term_string\"}}],\"inLanguage\":\"fr-FR\"},{\"@type\":\"Organization\",\"@id\":\"https:\\\/\\\/www.artisanlocal.ch\\\/c\\\/#organization\",\"name\":\"Artisanlocal\",\"url\":\"https:\\\/\\\/www.artisanlocal.ch\\\/c\\\/\",\"logo\":{\"@type\":\"ImageObject\",\"inLanguage\":\"fr-FR\",\"@id\":\"https:\\\/\\\/www.artisanlocal.ch\\\/c\\\/#\\\/schema\\\/logo\\\/image\\\/\",\"url\":\"https:\\\/\\\/www.artisanlocal.ch\\\/c\\\/wp-content\\\/uploads\\\/2024\\\/02\\\/logo-artisanlocal-h.svg\",\"contentUrl\":\"https:\\\/\\\/www.artisanlocal.ch\\\/c\\\/wp-content\\\/uploads\\\/2024\\\/02\\\/logo-artisanlocal-h.svg\",\"caption\":\"Artisanlocal\"},\"image\":{\"@id\":\"https:\\\/\\\/www.artisanlocal.ch\\\/c\\\/#\\\/schema\\\/logo\\\/image\\\/\"}}]}<\/script>\n<!-- \/ Yoast SEO Premium plugin. -->","yoast_head_json":{"title":"Peintre \u00e0 Cossonay-Ville - Artisanlocal","robots":{"index":"index","follow":"follow","max-snippet":"max-snippet:-1","max-image-preview":"max-image-preview:large","max-video-preview":"max-video-preview:-1"},"canonical":"https:\/\/www.artisanlocal.ch\/c\/entreprise-de-peinture-a-cossonay-ville-artisanlocal-realise-tous-vos-projets-de-peinture\/","og_locale":"fr_FR","og_type":"article","og_title":"Peintre \u00e0 Cossonay-Ville","og_description":"Besoin d&rsquo;un peintre \u00e0 Cossonay-Ville ? Faites appel \u00e0 Artisanlocal, nous r\u00e9alisons tous vos travaux, de l&rsquo;\u00e9tude aux finitions, nous nous adaptons \u00e0 votre emploi du temps et nous intervenons rapidement chez vous \u00e0 Cossonay-Ville et dans les villes aux environs. Quels sont les services que votre entreprise propose ? Peinture int\u00e9rieure : sur vos [&hellip;]","og_url":"https:\/\/www.artisanlocal.ch\/c\/entreprise-de-peinture-a-cossonay-ville-artisanlocal-realise-tous-vos-projets-de-peinture\/","og_site_name":"Artisanlocal","article_modified_time":"2025-09-17T14:28:44+00:00","og_image":[{"width":1920,"height":300,"url":"https:\/\/www.artisanlocal.ch\/c\/wp-content\/uploads\/2024\/10\/peintre.jpg","type":"image\/jpeg"}],"twitter_card":"summary_large_image","twitter_misc":{"Dur\u00e9e de lecture estim\u00e9e":"5 minutes"},"schema":{"@context":"https:\/\/schema.org","@graph":[{"@type":"WebPage","@id":"https:\/\/www.artisanlocal.ch\/c\/entreprise-de-peinture-a-cossonay-ville-artisanlocal-realise-tous-vos-projets-de-peinture\/","url":"https:\/\/www.artisanlocal.ch\/c\/entreprise-de-peinture-a-cossonay-ville-artisanlocal-realise-tous-vos-projets-de-peinture\/","name":"Peintre \u00e0 Cossonay-Ville - Artisanlocal","isPartOf":{"@id":"https:\/\/www.artisanlocal.ch\/c\/#website"},"primaryImageOfPage":{"@id":"https:\/\/www.artisanlocal.ch\/c\/entreprise-de-peinture-a-cossonay-ville-artisanlocal-realise-tous-vos-projets-de-peinture\/#primaryimage"},"image":{"@id":"https:\/\/www.artisanlocal.ch\/c\/entreprise-de-peinture-a-cossonay-ville-artisanlocal-realise-tous-vos-projets-de-peinture\/#primaryimage"},"thumbnailUrl":"https:\/\/www.artisanlocal.ch\/c\/wp-content\/uploads\/2024\/10\/peintre.jpg","datePublished":"2024-04-15T03:24:52+00:00","dateModified":"2025-09-17T14:28:44+00:00","breadcrumb":{"@id":"https:\/\/www.artisanlocal.ch\/c\/entreprise-de-peinture-a-cossonay-ville-artisanlocal-realise-tous-vos-projets-de-peinture\/#breadcrumb"},"inLanguage":"fr-FR","potentialAction":[{"@type":"ReadAction","target":["https:\/\/www.artisanlocal.ch\/c\/entreprise-de-peinture-a-cossonay-ville-artisanlocal-realise-tous-vos-projets-de-peinture\/"]}]},{"@type":"ImageObject","inLanguage":"fr-FR","@id":"https:\/\/www.artisanlocal.ch\/c\/entreprise-de-peinture-a-cossonay-ville-artisanlocal-realise-tous-vos-projets-de-peinture\/#primaryimage","url":"https:\/\/www.artisanlocal.ch\/c\/wp-content\/uploads\/2024\/10\/peintre.jpg","contentUrl":"https:\/\/www.artisanlocal.ch\/c\/wp-content\/uploads\/2024\/10\/peintre.jpg","width":1920,"height":300},{"@type":"BreadcrumbList","@id":"https:\/\/www.artisanlocal.ch\/c\/entreprise-de-peinture-a-cossonay-ville-artisanlocal-realise-tous-vos-projets-de-peinture\/#breadcrumb","itemListElement":[{"@type":"ListItem","position":1,"name":"Accueil","item":"https:\/\/www.artisanlocal.ch\/c\/"},{"@type":"ListItem","position":2,"name":"Peintre \u00e0 Cossonay-Ville"}]},{"@type":"WebSite","@id":"https:\/\/www.artisanlocal.ch\/c\/#website","url":"https:\/\/www.artisanlocal.ch\/c\/","name":"Artisanlocal","description":"","publisher":{"@id":"https:\/\/www.artisanlocal.ch\/c\/#organization"},"potentialAction":[{"@type":"SearchAction","target":{"@type":"EntryPoint","urlTemplate":"https:\/\/www.artisanlocal.ch\/c\/?s={search_term_string}"},"query-input":{"@type":"PropertyValueSpecification","valueRequired":true,"valueName":"search_term_string"}}],"inLanguage":"fr-FR"},{"@type":"Organization","@id":"https:\/\/www.artisanlocal.ch\/c\/#organization","name":"Artisanlocal","url":"https:\/\/www.artisanlocal.ch\/c\/","logo":{"@type":"ImageObject","inLanguage":"fr-FR","@id":"https:\/\/www.artisanlocal.ch\/c\/#\/schema\/logo\/image\/","url":"https:\/\/www.artisanlocal.ch\/c\/wp-content\/uploads\/2024\/02\/logo-artisanlocal-h.svg","contentUrl":"https:\/\/www.artisanlocal.ch\/c\/wp-content\/uploads\/2024\/02\/logo-artisanlocal-h.svg","caption":"Artisanlocal"},"image":{"@id":"https:\/\/www.artisanlocal.ch\/c\/#\/schema\/logo\/image\/"}}]}},"_links":{"self":[{"href":"https:\/\/www.artisanlocal.ch\/c\/wp-json\/wp\/v2\/pages\/720","targetHints":{"allow":["GET"]}}],"collection":[{"href":"https:\/\/www.artisanlocal.ch\/c\/wp-json\/wp\/v2\/pages"}],"about":[{"href":"https:\/\/www.artisanlocal.ch\/c\/wp-json\/wp\/v2\/types\/page"}],"author":[{"embeddable":true,"href":"https:\/\/www.artisanlocal.ch\/c\/wp-json\/wp\/v2\/users\/4"}],"replies":[{"embeddable":true,"href":"https:\/\/www.artisanlocal.ch\/c\/wp-json\/wp\/v2\/comments?post=720"}],"version-history":[{"count":0,"href":"https:\/\/www.artisanlocal.ch\/c\/wp-json\/wp\/v2\/pages\/720\/revisions"}],"wp:featuredmedia":[{"embeddable":true,"href":"https:\/\/www.artisanlocal.ch\/c\/wp-json\/wp\/v2\/media\/2756"}],"wp:attachment":[{"href":"https:\/\/www.artisanlocal.ch\/c\/wp-json\/wp\/v2\/media?parent=720"}],"wp:term":[{"taxonomy":"profession","embeddable":true,"href":"https:\/\/www.artisanlocal.ch\/c\/wp-json\/wp\/v2\/profession?post=720"},{"taxonomy":"location","embeddable":true,"href":"https:\/\/www.artisanlocal.ch\/c\/wp-json\/wp\/v2\/location?post=720"},{"taxonomy":"canton","embeddable":true,"href":"https:\/\/www.artisanlocal.ch\/c\/wp-json\/wp\/v2\/canton?post=720"}],"curies":[{"name":"wp","href":"https:\/\/api.w.org\/{rel}","templated":true}]}}