{"id":721,"date":"2024-04-15T16:25:25","date_gmt":"2024-04-15T14:25:25","guid":{"rendered":"https:\/\/www.artisanlocal.ch\/c\/societe-artisanale-de-peinture-a-echallens-artisanlocal-effectue-tous-vos-projets-en-peinture\/"},"modified":"2025-09-18T11:16:52","modified_gmt":"2025-09-18T09:16:52","slug":"societe-artisanale-de-peinture-a-echallens-artisanlocal-effectue-tous-vos-projets-en-peinture","status":"publish","type":"page","link":"https:\/\/www.artisanlocal.ch\/c\/societe-artisanale-de-peinture-a-echallens-artisanlocal-effectue-tous-vos-projets-en-peinture\/","title":{"rendered":"Peintre \u00e0 Echallens"},"content":{"rendered":"<p>Vous avez besoin de peindre l&rsquo;int\u00e9rieur de votre maison ou de votre commerce ? Artisanlocal propose des services de qualit\u00e9, de la pr\u00e9paration aux finitions, nous nous adaptons \u00e0 votre emploi du temps et nous intervenons rapidement dans votre foyer \u00e0 Echallens et dans les villes aux alentours.<br \/>\n\r\n<div class=\"box\">\r\n            <div class=\"company-info\">\r\n            <img decoding=\"async\" class=\"company-info__logo\" src=\"https:\/\/www.artisanlocal.ch\/media\/cache\/thumb\/images\/companies\/671f6a6c061f0065901076.png\" alt=\"Logo\">\r\n            <h2 class=\"company-info__name\">Paint-Life S\u00e0rl<\/h2>\r\n            <p class=\"company-info__business\">Pl\u00e2trerie - Peinture (int\u00e9rieure et ext\u00e9rieure) - R\u00e9novation<\/p>\r\n        <\/div>\r\n        <div class=\"company-contact\">\r\n            <p class=\"company-info__address\">Chemin de la Vulliette 27<\/p>\r\n                            <div class=\"links\">\r\n                                            <a class=\"btn has-accent-background-color js-phoneNumber\" href=\"tel:0799211978\" title=\"Appelez\" data-id=\"25324\" data-type=\"11\">079 921 19 78<\/a>\r\n                                                                <a class=\"btn has-accent-background-color\" href=\"http:\/\/paint-life.ch\/\" target=\"_blank\" title=\"Voir le site internet\" data-id=\"25324\" data-type=\"20\">Site internet<\/a>\r\n                                    <\/div>\r\n                    <\/div>\r\n    \r\n            \r\n<form action=\"https:\/\/www.artisanlocal.ch\/c\/wp-admin\/admin-ajax.php\" method=\"post\" class=\"form-contact\" id=\"artisan_form_contact_company_inline\">\r\n    <div><input type=\"hidden\" name=\"action\" value=\"company_contact\"><\/div>\r\n    <div><input type=\"hidden\" name=\"nonce\" value=\"67a23a8c67\"><\/div>\r\n    <div><input type=\"hidden\" name=\"company_id\" value=\"25324\"><\/div>\r\n    <div><input type=\"hidden\" name=\"form_id\" value=\"artisan_form_contact_company_inline\"><\/div>\r\n    <div class=\"gglcptch gglcptch_v3 gglcptch_custom\"><input type=\"hidden\" id=\"g-recaptcha-response\" name=\"g-recaptcha-response\" \/><br \/><div class=\"gglcptch_error_text\">La p\u00e9riode de v\u00e9rification reCAPTCHA a expir\u00e9. Veuillez recharger la page.<\/div><\/div>    <div class=\"form-content\">\r\n        <div class=\"form-group\">\r\n            <label for=\"contact_firstName\" class=\"required\">Pr\u00e9nom<\/label>\r\n            <input type=\"text\" name=\"firstName\" class=\"form-control\" required>\r\n        <\/div>\r\n        <div class=\"form-group\">\r\n            <label for=\"contact_lastName\" class=\"required\">Nom<\/label>\r\n            <input type=\"text\" name=\"lastName\" class=\"form-control\" required>\r\n        <\/div>\r\n        <div class=\"form-group\">\r\n            <label for=\"contact_email\" class=\"required\">Email<\/label>\r\n            <input type=\"email\" name=\"email\" class=\"form-control\" required>\r\n        <\/div>\r\n        <div class=\"form-group\">\r\n            <label for=\"contact_phone\" class=\"required\">Num\u00e9ro de t\u00e9l\u00e9phone<\/label>\r\n            <input type=\"tel\" name=\"phone\" class=\"form-control\" placeholder=\"0787117165\" pattern=\"^[0-9]{10}$\" required>\r\n        <\/div>\r\n        <div class=\"form-group\">\r\n            <label for=\"contact_postalCode\" class=\"required\">Code postal et localit\u00e9<\/label>\r\n            <input type=\"text\" name=\"postalCode\" class=\"form-control\" required>\r\n        <\/div>\r\n        <div class=\"form-group\">\r\n            <label for=\"contact_address\" class=\"required\">Adresse<\/label>\r\n            <input type=\"text\" name=\"address\" class=\"form-control\" required>\r\n        <\/div>\r\n        <div class=\"full-width topic\">\r\n            <p class=\"required\">Je souhaite \u00eatre contact\u00e9 pour :<\/p>\r\n            <div class=\"form-check\">\r\n                <input type=\"radio\" name=\"topic\" value=\"D\u00e9pannage\" class=\"form-control\" required>\r\n                <label for=\"d\u00e9pannage\">D\u00e9pannage<\/label>\r\n            <\/div>\r\n            <div class=\"form-check\">\r\n                <input type=\"radio\" name=\"topic\" value=\"Entretien\" class=\"form-control\" required>\r\n                <label for=\"entretien\">Entretien<\/label>\r\n            <\/div>\r\n            <div class=\"form-check\">\r\n                <input type=\"radio\" name=\"topic\" value=\"R\u00e9novation\" class=\"form-control\" required>\r\n                <label for=\"r\u00e9novation\">R\u00e9novation<\/label>\r\n            <\/div>\r\n            <div class=\"form-check\">\r\n                <input type=\"radio\" name=\"topic\" value=\"Autre\" class=\"form-control\" required>\r\n                <label for=\"autre\">Autre<\/label>\r\n            <\/div>\r\n        <\/div>\r\n        <div class=\"form-group full-width\">\r\n            <label for=\"contact_message\">Message<\/label>\r\n            <textarea name=\"message\" rows=\"3\" class=\"form-control\"><\/textarea>\r\n        <\/div>\r\n    <\/div>\r\n    <div class=\"form-actions\">\r\n        <button class=\"wp-block-button__link has-accent-background-color\">Contacter<\/button>\r\n    <\/div>\r\n<\/form>\r\n<div class=\"form-feedback\"><\/div>    <\/div><\/p>\n<h2>Quels sont les services qu&rsquo;Artisanlocal propose ?<\/h2>\n<ul>\n<li>Peinture int\u00e9rieure : les murs, les plafonds, les moulures, les portes, et dans des espaces comme la salle de bain, le salon et la chambre.<\/li>\n<li>Peinture ext\u00e9rieure : pose d&rsquo;une nouvelle couche de peinture sur le bardage, la brique, le stuc, les cl\u00f4tures, les terrasses et les portes de votre parking.<\/li>\n<li>Peinture d\u00e9corative : cr\u00e9ation des effets, tels que le faux marbre, l&rsquo;effet oxyd\u00e9, le faux bois, les patines et l&rsquo;effet vieilli.<\/li>\n<li>Peinture dans votre cuisine : ajout d\u2019une couche peinture d\u00e9corative comme la peinture satin\u00e9e qui est facilement nettoyable.<\/li>\n<li>Les enduits d\u00e9coratifs : ajout b\u00e9ton cir\u00e9 ou tadelakt, ou des enduits.<\/li>\n<li>Artiste peintre : r\u00e9alisation de peintures murales (ext\u00e9rieur, int\u00e9rieur, artistique ou d\u00e9corative).<\/li>\n<li>Peinture de ravalement de fa\u00e7ade : restauration, r\u00e9novation des fa\u00e7ades de b\u00e2timents avec enduit, bardage, cr\u00e9pi ou peinture.<\/li>\n<li>Peinture cordiste : services de peinture en hauteur, nous intervenons dans les endroits difficiles d\u2019acc\u00e8s, comme les ponts, \u00e9oliennes, tours, ou usines.<\/li>\n<li>Peinture de finition : pose des finitions sur le mobilier de cuisine ou dans la salle de bain.<\/li>\n<li>Mise en place et remise en \u00e9tat : colmatage des fissures, colmatage des trous dans les murs, ou encore pose de nouvelles cloisons s\u00e8ches.<\/li>\n<li>Les services d&rsquo;enl\u00e8vement et de mise en place de tapisserie : le retrait et la mise en place d&rsquo;un rev\u00eatement mural.<\/li>\n<li>Peinture pour entreprise : pour les h\u00f4tels, espaces de bureau, complexes sportifs, \u00e9coles et autres locaux commerciaux.<\/li>\n<li>Peinture en b\u00e2timent : nos peintres interviennent aussi dans les immeubles, pour la pr\u00e9paration des murs et plafonds avant la peinture, la r\u00e9alisation des travaux de finition et l\u2019application des rev\u00eatements\/peintures.<\/li>\n<\/ul>\n<h2>De quelle mani\u00e8re fonctionne votre entreprise ?<\/h2>\n<h3>\u00c9tape 1\u00a0 : commander un devis<\/h3>\n<p>Recevez une estimation gratuite par t\u00e9l\u00e9phone ou en ligne et obtenez une estimation de vos travaux de peintures en moins de 24 heures.<\/p>\n<h3>\u00c9tape 2\u00a0 : \u00e9tudier votre estimation<\/h3>\n<p>Soyez assur\u00e9 que le devis que vous recevez d\u00e9termine correctement le prix de votre projet. Si vous avez des questions, contacter notre entreprise pour en savoir plus sur les \u00e9l\u00e9ments de votre estimation.<\/p>\n<h3>\u00c9tape 3\u00a0 : planifier la date de commencement de votre projet<\/h3>\n<p>D\u00e8s que vous avez valid\u00e9 l&rsquo;estimation, nous fixons ensemble la date de d\u00e9marrage de votre r\u00e9novation. Pour assurer la bonne r\u00e9ussite de votre chantier, nous vous assignons un chef de projet.<\/p>\n<h2>Quel est le co\u00fbt d&rsquo;une prestation de peinture \u00e0 Echallens ?<\/h2>\n<p>Le prix d&rsquo;une prestation de peinture d\u00e9pend principalement de l&rsquo;\u00e9tat des surfaces \u00e0 r\u00e9nover. G\u00e9n\u00e9ralement, les prix varient entre 60 et 70 CHF par heure. La main-d&rsquo;\u0153uvre repr\u00e9sente environ 80% \u00e0 90% du montant total, tandis que le co\u00fbt des travaux peinture ne repr\u00e9sente que 10% \u00e0 20% du montant.<\/p>\n<h2>Quels sont les avantages de faire appel \u00e0 Artisanlocal ?<\/h2>\n<ul>\n<li>Disponibilit\u00e9 : nos artisans peintres sont disponibles 24 heures sur 24 \u00e0 Echallens pour r\u00e9pondre rapidement \u00e0 vos d\u00e9sirs.<\/li>\n<li>Qualit\u00e9 : en choisissant notre soci\u00e9t\u00e9, vous optez pour l&rsquo;excellence et le professionnalisme.<\/li>\n<li>Tarifs \u00e9conomiques : nous proposons des montants comp\u00e9titifs, adapt\u00e9s \u00e0 votre budget et \u00e0 vos volont\u00e9s.<\/li>\n<li>Offres sur mesure : nous prenons en compte les caract\u00e9ristiques de votre r\u00e9novation de peinture dans le but de vous pr\u00e9senter des prestations personnalis\u00e9es.<\/li>\n<li>Les comp\u00e9tences, nos peintres professionnels \u00e0 Echallens ont une gamme d&rsquo;expertises, comme : le lavage et la pr\u00e9paration des surfaces avant l&rsquo;application de la peinture, l&rsquo;application des multiples couches et la r\u00e9alisation des touches finales.<\/li>\n<\/ul>\n<h2>Foire aux questions<\/h2>\n<h3>Quelle peinture utilisez-vous ?<\/h3>\n<p>Nous appliquons seulement des peintures de qualit\u00e9. Cependant, nous pouvons utiliser la peinture que vous avez d\u00e9j\u00e0 en stock.<\/p>\n<h3>Votre entreprise est-elle joignable le week-end ?<\/h3>\n<p>Oui, nos \u00e9quipes sont disponibles le samedi et le dimanche \u00e0 Echallens.<\/p>\n<h3>Prot\u00e9gez-vous les meubles ?<\/h3>\n<p>Oui, nous prot\u00e9geons votre mobilier et votre \u00e9quipement \u00e9lectrom\u00e9nager pendant nos travaux. Toutefois, si vous poss\u00e9dez des objets fragiles, nous vous pr\u00e9conisons d&rsquo;en informer notre \u00e9quipe, nous prendrons plus de pr\u00e9cautions.<\/p>\n<h3>Que faire si les travaux image accomplis ne satisfont pas \u00e0 mes besoins ?<\/h3>\n<p>Si notre travail ne vous satisfait pas, nous prenons l&rsquo;engagement d&rsquo;effectuer les ajustements n\u00e9cessaires jusqu&rsquo;\u00e0 ce que vous soyez satisfait.<\/p>\n<h3>Fournissez-vous des estimations gratuites ?<\/h3>\n<p>Nos estimations sont gratuites et sans engagements. Nos artisans se d\u00e9placent \u00e0 votre domicile dans le but de r\u00e9pondre \u00e0 vos interrogations et confirmer avec vous votre estimation.<\/p>\n<h3>Vos services s&rsquo;\u00e9tendent-ils aux villes proches de Echallens ?<\/h3>\n<p>Oui, notre entreprise intervient \u00e0 Echallens, et dans les villes proches, comme :<\/p>\nEtagni\u00e8res, Bercher, St-Barth\u00e9lemy VD, Villars-le-Terroir, Bottens, Poliez-Pittet, Dommartin, Naz, Poliez-le-Grand, Montaubion-Chardonney, Assens, Bioley-Orjulaz, Sugnens, Fey, Rueyres, Villars-Tiercelin, Penth\u00e9r\u00e9az, Eclagnens, Goumoens-la-Ville, Goumoens-le-Jux, Oulens-sous-Echallens, Pailly, Vuarrens.\n","protected":false},"excerpt":{"rendered":"<p>Vous avez besoin de peindre l&rsquo;int\u00e9rieur de votre maison ou de votre commerce ? Artisanlocal propose des services de qualit\u00e9, de la pr\u00e9paration aux finitions, nous nous adaptons \u00e0 votre emploi du temps et nous intervenons rapidement dans votre foyer \u00e0 Echallens et dans les villes aux alentours. Quels sont les services qu&rsquo;Artisanlocal propose ? [&hellip;]<\/p>\n","protected":false},"author":4,"featured_media":2756,"parent":0,"menu_order":0,"comment_status":"closed","ping_status":"closed","template":"","meta":{"footnotes":""},"profession":[121],"location":[57],"canton":[113],"class_list":["post-721","page","type-page","status-publish","has-post-thumbnail","hentry","profession-peintre","location-echallens","canton-vd"],"yoast_head":"<!-- This site is optimized with the Yoast SEO Premium plugin v25.7.1 (Yoast SEO v27.3) - https:\/\/yoast.com\/product\/yoast-seo-premium-wordpress\/ -->\n<title>Peintre \u00e0 Echallens - Artisanlocal<\/title>\n<meta name=\"robots\" content=\"index, follow, max-snippet:-1, max-image-preview:large, max-video-preview:-1\" \/>\n<link rel=\"canonical\" href=\"https:\/\/www.artisanlocal.ch\/c\/societe-artisanale-de-peinture-a-echallens-artisanlocal-effectue-tous-vos-projets-en-peinture\/\" \/>\n<meta property=\"og:locale\" content=\"fr_FR\" \/>\n<meta property=\"og:type\" content=\"article\" \/>\n<meta property=\"og:title\" content=\"Peintre \u00e0 Echallens\" \/>\n<meta property=\"og:description\" content=\"Vous avez besoin de peindre l&rsquo;int\u00e9rieur de votre maison ou de votre commerce ? Artisanlocal propose des services de qualit\u00e9, de la pr\u00e9paration aux finitions, nous nous adaptons \u00e0 votre emploi du temps et nous intervenons rapidement dans votre foyer \u00e0 Echallens et dans les villes aux alentours. Quels sont les services qu&rsquo;Artisanlocal propose ? [&hellip;]\" \/>\n<meta property=\"og:url\" content=\"https:\/\/www.artisanlocal.ch\/c\/societe-artisanale-de-peinture-a-echallens-artisanlocal-effectue-tous-vos-projets-en-peinture\/\" \/>\n<meta property=\"og:site_name\" content=\"Artisanlocal\" \/>\n<meta property=\"article:modified_time\" content=\"2025-09-18T09:16:52+00:00\" \/>\n<meta property=\"og:image\" content=\"https:\/\/www.artisanlocal.ch\/c\/wp-content\/uploads\/2024\/10\/peintre.jpg\" \/>\n\t<meta property=\"og:image:width\" content=\"1920\" \/>\n\t<meta property=\"og:image:height\" content=\"300\" \/>\n\t<meta property=\"og:image:type\" content=\"image\/jpeg\" \/>\n<meta name=\"twitter:card\" content=\"summary_large_image\" \/>\n<meta name=\"twitter:label1\" content=\"Dur\u00e9e de lecture estim\u00e9e\" \/>\n\t<meta name=\"twitter:data1\" content=\"5 minutes\" \/>\n<script type=\"application\/ld+json\" class=\"yoast-schema-graph\">{\"@context\":\"https:\\\/\\\/schema.org\",\"@graph\":[{\"@type\":\"WebPage\",\"@id\":\"https:\\\/\\\/www.artisanlocal.ch\\\/c\\\/societe-artisanale-de-peinture-a-echallens-artisanlocal-effectue-tous-vos-projets-en-peinture\\\/\",\"url\":\"https:\\\/\\\/www.artisanlocal.ch\\\/c\\\/societe-artisanale-de-peinture-a-echallens-artisanlocal-effectue-tous-vos-projets-en-peinture\\\/\",\"name\":\"Peintre \u00e0 Echallens - Artisanlocal\",\"isPartOf\":{\"@id\":\"https:\\\/\\\/www.artisanlocal.ch\\\/c\\\/#website\"},\"primaryImageOfPage\":{\"@id\":\"https:\\\/\\\/www.artisanlocal.ch\\\/c\\\/societe-artisanale-de-peinture-a-echallens-artisanlocal-effectue-tous-vos-projets-en-peinture\\\/#primaryimage\"},\"image\":{\"@id\":\"https:\\\/\\\/www.artisanlocal.ch\\\/c\\\/societe-artisanale-de-peinture-a-echallens-artisanlocal-effectue-tous-vos-projets-en-peinture\\\/#primaryimage\"},\"thumbnailUrl\":\"https:\\\/\\\/www.artisanlocal.ch\\\/c\\\/wp-content\\\/uploads\\\/2024\\\/10\\\/peintre.jpg\",\"datePublished\":\"2024-04-15T14:25:25+00:00\",\"dateModified\":\"2025-09-18T09:16:52+00:00\",\"breadcrumb\":{\"@id\":\"https:\\\/\\\/www.artisanlocal.ch\\\/c\\\/societe-artisanale-de-peinture-a-echallens-artisanlocal-effectue-tous-vos-projets-en-peinture\\\/#breadcrumb\"},\"inLanguage\":\"fr-FR\",\"potentialAction\":[{\"@type\":\"ReadAction\",\"target\":[\"https:\\\/\\\/www.artisanlocal.ch\\\/c\\\/societe-artisanale-de-peinture-a-echallens-artisanlocal-effectue-tous-vos-projets-en-peinture\\\/\"]}]},{\"@type\":\"ImageObject\",\"inLanguage\":\"fr-FR\",\"@id\":\"https:\\\/\\\/www.artisanlocal.ch\\\/c\\\/societe-artisanale-de-peinture-a-echallens-artisanlocal-effectue-tous-vos-projets-en-peinture\\\/#primaryimage\",\"url\":\"https:\\\/\\\/www.artisanlocal.ch\\\/c\\\/wp-content\\\/uploads\\\/2024\\\/10\\\/peintre.jpg\",\"contentUrl\":\"https:\\\/\\\/www.artisanlocal.ch\\\/c\\\/wp-content\\\/uploads\\\/2024\\\/10\\\/peintre.jpg\",\"width\":1920,\"height\":300},{\"@type\":\"BreadcrumbList\",\"@id\":\"https:\\\/\\\/www.artisanlocal.ch\\\/c\\\/societe-artisanale-de-peinture-a-echallens-artisanlocal-effectue-tous-vos-projets-en-peinture\\\/#breadcrumb\",\"itemListElement\":[{\"@type\":\"ListItem\",\"position\":1,\"name\":\"Accueil\",\"item\":\"https:\\\/\\\/www.artisanlocal.ch\\\/c\\\/\"},{\"@type\":\"ListItem\",\"position\":2,\"name\":\"Peintre \u00e0 Echallens\"}]},{\"@type\":\"WebSite\",\"@id\":\"https:\\\/\\\/www.artisanlocal.ch\\\/c\\\/#website\",\"url\":\"https:\\\/\\\/www.artisanlocal.ch\\\/c\\\/\",\"name\":\"Artisanlocal\",\"description\":\"\",\"publisher\":{\"@id\":\"https:\\\/\\\/www.artisanlocal.ch\\\/c\\\/#organization\"},\"potentialAction\":[{\"@type\":\"SearchAction\",\"target\":{\"@type\":\"EntryPoint\",\"urlTemplate\":\"https:\\\/\\\/www.artisanlocal.ch\\\/c\\\/?s={search_term_string}\"},\"query-input\":{\"@type\":\"PropertyValueSpecification\",\"valueRequired\":true,\"valueName\":\"search_term_string\"}}],\"inLanguage\":\"fr-FR\"},{\"@type\":\"Organization\",\"@id\":\"https:\\\/\\\/www.artisanlocal.ch\\\/c\\\/#organization\",\"name\":\"Artisanlocal\",\"url\":\"https:\\\/\\\/www.artisanlocal.ch\\\/c\\\/\",\"logo\":{\"@type\":\"ImageObject\",\"inLanguage\":\"fr-FR\",\"@id\":\"https:\\\/\\\/www.artisanlocal.ch\\\/c\\\/#\\\/schema\\\/logo\\\/image\\\/\",\"url\":\"https:\\\/\\\/www.artisanlocal.ch\\\/c\\\/wp-content\\\/uploads\\\/2024\\\/02\\\/logo-artisanlocal-h.svg\",\"contentUrl\":\"https:\\\/\\\/www.artisanlocal.ch\\\/c\\\/wp-content\\\/uploads\\\/2024\\\/02\\\/logo-artisanlocal-h.svg\",\"caption\":\"Artisanlocal\"},\"image\":{\"@id\":\"https:\\\/\\\/www.artisanlocal.ch\\\/c\\\/#\\\/schema\\\/logo\\\/image\\\/\"}}]}<\/script>\n<!-- \/ Yoast SEO Premium plugin. -->","yoast_head_json":{"title":"Peintre \u00e0 Echallens - Artisanlocal","robots":{"index":"index","follow":"follow","max-snippet":"max-snippet:-1","max-image-preview":"max-image-preview:large","max-video-preview":"max-video-preview:-1"},"canonical":"https:\/\/www.artisanlocal.ch\/c\/societe-artisanale-de-peinture-a-echallens-artisanlocal-effectue-tous-vos-projets-en-peinture\/","og_locale":"fr_FR","og_type":"article","og_title":"Peintre \u00e0 Echallens","og_description":"Vous avez besoin de peindre l&rsquo;int\u00e9rieur de votre maison ou de votre commerce ? Artisanlocal propose des services de qualit\u00e9, de la pr\u00e9paration aux finitions, nous nous adaptons \u00e0 votre emploi du temps et nous intervenons rapidement dans votre foyer \u00e0 Echallens et dans les villes aux alentours. Quels sont les services qu&rsquo;Artisanlocal propose ? [&hellip;]","og_url":"https:\/\/www.artisanlocal.ch\/c\/societe-artisanale-de-peinture-a-echallens-artisanlocal-effectue-tous-vos-projets-en-peinture\/","og_site_name":"Artisanlocal","article_modified_time":"2025-09-18T09:16:52+00:00","og_image":[{"width":1920,"height":300,"url":"https:\/\/www.artisanlocal.ch\/c\/wp-content\/uploads\/2024\/10\/peintre.jpg","type":"image\/jpeg"}],"twitter_card":"summary_large_image","twitter_misc":{"Dur\u00e9e de lecture estim\u00e9e":"5 minutes"},"schema":{"@context":"https:\/\/schema.org","@graph":[{"@type":"WebPage","@id":"https:\/\/www.artisanlocal.ch\/c\/societe-artisanale-de-peinture-a-echallens-artisanlocal-effectue-tous-vos-projets-en-peinture\/","url":"https:\/\/www.artisanlocal.ch\/c\/societe-artisanale-de-peinture-a-echallens-artisanlocal-effectue-tous-vos-projets-en-peinture\/","name":"Peintre \u00e0 Echallens - Artisanlocal","isPartOf":{"@id":"https:\/\/www.artisanlocal.ch\/c\/#website"},"primaryImageOfPage":{"@id":"https:\/\/www.artisanlocal.ch\/c\/societe-artisanale-de-peinture-a-echallens-artisanlocal-effectue-tous-vos-projets-en-peinture\/#primaryimage"},"image":{"@id":"https:\/\/www.artisanlocal.ch\/c\/societe-artisanale-de-peinture-a-echallens-artisanlocal-effectue-tous-vos-projets-en-peinture\/#primaryimage"},"thumbnailUrl":"https:\/\/www.artisanlocal.ch\/c\/wp-content\/uploads\/2024\/10\/peintre.jpg","datePublished":"2024-04-15T14:25:25+00:00","dateModified":"2025-09-18T09:16:52+00:00","breadcrumb":{"@id":"https:\/\/www.artisanlocal.ch\/c\/societe-artisanale-de-peinture-a-echallens-artisanlocal-effectue-tous-vos-projets-en-peinture\/#breadcrumb"},"inLanguage":"fr-FR","potentialAction":[{"@type":"ReadAction","target":["https:\/\/www.artisanlocal.ch\/c\/societe-artisanale-de-peinture-a-echallens-artisanlocal-effectue-tous-vos-projets-en-peinture\/"]}]},{"@type":"ImageObject","inLanguage":"fr-FR","@id":"https:\/\/www.artisanlocal.ch\/c\/societe-artisanale-de-peinture-a-echallens-artisanlocal-effectue-tous-vos-projets-en-peinture\/#primaryimage","url":"https:\/\/www.artisanlocal.ch\/c\/wp-content\/uploads\/2024\/10\/peintre.jpg","contentUrl":"https:\/\/www.artisanlocal.ch\/c\/wp-content\/uploads\/2024\/10\/peintre.jpg","width":1920,"height":300},{"@type":"BreadcrumbList","@id":"https:\/\/www.artisanlocal.ch\/c\/societe-artisanale-de-peinture-a-echallens-artisanlocal-effectue-tous-vos-projets-en-peinture\/#breadcrumb","itemListElement":[{"@type":"ListItem","position":1,"name":"Accueil","item":"https:\/\/www.artisanlocal.ch\/c\/"},{"@type":"ListItem","position":2,"name":"Peintre \u00e0 Echallens"}]},{"@type":"WebSite","@id":"https:\/\/www.artisanlocal.ch\/c\/#website","url":"https:\/\/www.artisanlocal.ch\/c\/","name":"Artisanlocal","description":"","publisher":{"@id":"https:\/\/www.artisanlocal.ch\/c\/#organization"},"potentialAction":[{"@type":"SearchAction","target":{"@type":"EntryPoint","urlTemplate":"https:\/\/www.artisanlocal.ch\/c\/?s={search_term_string}"},"query-input":{"@type":"PropertyValueSpecification","valueRequired":true,"valueName":"search_term_string"}}],"inLanguage":"fr-FR"},{"@type":"Organization","@id":"https:\/\/www.artisanlocal.ch\/c\/#organization","name":"Artisanlocal","url":"https:\/\/www.artisanlocal.ch\/c\/","logo":{"@type":"ImageObject","inLanguage":"fr-FR","@id":"https:\/\/www.artisanlocal.ch\/c\/#\/schema\/logo\/image\/","url":"https:\/\/www.artisanlocal.ch\/c\/wp-content\/uploads\/2024\/02\/logo-artisanlocal-h.svg","contentUrl":"https:\/\/www.artisanlocal.ch\/c\/wp-content\/uploads\/2024\/02\/logo-artisanlocal-h.svg","caption":"Artisanlocal"},"image":{"@id":"https:\/\/www.artisanlocal.ch\/c\/#\/schema\/logo\/image\/"}}]}},"_links":{"self":[{"href":"https:\/\/www.artisanlocal.ch\/c\/wp-json\/wp\/v2\/pages\/721","targetHints":{"allow":["GET"]}}],"collection":[{"href":"https:\/\/www.artisanlocal.ch\/c\/wp-json\/wp\/v2\/pages"}],"about":[{"href":"https:\/\/www.artisanlocal.ch\/c\/wp-json\/wp\/v2\/types\/page"}],"author":[{"embeddable":true,"href":"https:\/\/www.artisanlocal.ch\/c\/wp-json\/wp\/v2\/users\/4"}],"replies":[{"embeddable":true,"href":"https:\/\/www.artisanlocal.ch\/c\/wp-json\/wp\/v2\/comments?post=721"}],"version-history":[{"count":0,"href":"https:\/\/www.artisanlocal.ch\/c\/wp-json\/wp\/v2\/pages\/721\/revisions"}],"wp:featuredmedia":[{"embeddable":true,"href":"https:\/\/www.artisanlocal.ch\/c\/wp-json\/wp\/v2\/media\/2756"}],"wp:attachment":[{"href":"https:\/\/www.artisanlocal.ch\/c\/wp-json\/wp\/v2\/media?parent=721"}],"wp:term":[{"taxonomy":"profession","embeddable":true,"href":"https:\/\/www.artisanlocal.ch\/c\/wp-json\/wp\/v2\/profession?post=721"},{"taxonomy":"location","embeddable":true,"href":"https:\/\/www.artisanlocal.ch\/c\/wp-json\/wp\/v2\/location?post=721"},{"taxonomy":"canton","embeddable":true,"href":"https:\/\/www.artisanlocal.ch\/c\/wp-json\/wp\/v2\/canton?post=721"}],"curies":[{"name":"wp","href":"https:\/\/api.w.org\/{rel}","templated":true}]}}