{"id":722,"date":"2024-04-16T12:59:32","date_gmt":"2024-04-16T10:59:32","guid":{"rendered":"https:\/\/www.artisanlocal.ch\/c\/societe-artisanale-de-peinture-a-lausanne-artisanlocal-realise-tous-vos-projets-de-peinture\/"},"modified":"2025-08-27T01:34:18","modified_gmt":"2025-08-26T23:34:18","slug":"societe-artisanale-de-peinture-a-lausanne-artisanlocal-realise-tous-vos-projets-de-peinture","status":"publish","type":"page","link":"https:\/\/www.artisanlocal.ch\/c\/societe-artisanale-de-peinture-a-lausanne-artisanlocal-realise-tous-vos-projets-de-peinture\/","title":{"rendered":"Entreprise de peinture \u00e0 Lausanne"},"content":{"rendered":"<p>Besoin d&rsquo;une entreprise de peinture \u00e0 Lausanne ? Artisanlocal intervient rapidement \u00e0 Lausanne et dans les villes aux alentours.<br \/>\n\r\n<div class=\"company-partners\">\r\n    <h3>Nos soci\u00e9t\u00e9s<\/h3>\r\n    <ul>\r\n                    <li>\r\n                <p class=\"company-partners__name\">\r\n                    <a href=\"https:\/\/www.artisanlocal.ch\/c\/societe-artisanale-de-peinture-a-lausanne-artisanlocal-realise-tous-vos-projets-de-peinture\/?geo=Sud\" target=\"_blank\" class=\"has-accent-color\" title=\"Voir les coordonn\u00e9es de notre partenaire\">DESIGN PEINTURE SARL<\/a>\r\n                <\/p>\r\n                <p class=\"company-partners__address\">1004 Lausanne<\/p>\r\n            <\/li>\r\n                    <li>\r\n                <p class=\"company-partners__name\">\r\n                    <a href=\"https:\/\/www.artisanlocal.ch\/c\/societe-artisanale-de-peinture-a-lausanne-artisanlocal-realise-tous-vos-projets-de-peinture\/?geo=Est\" target=\"_blank\" class=\"has-accent-color\" title=\"Voir les coordonn\u00e9es de notre partenaire\">Devaux Peinture<\/a>\r\n                <\/p>\r\n                <p class=\"company-partners__address\">1053 Cugy<\/p>\r\n            <\/li>\r\n                    <li>\r\n                <p class=\"company-partners__name\">\r\n                    <a href=\"https:\/\/www.artisanlocal.ch\/c\/societe-artisanale-de-peinture-a-lausanne-artisanlocal-realise-tous-vos-projets-de-peinture\/?geo=Ouest\" target=\"_blank\" class=\"has-accent-color\" title=\"Voir les coordonn\u00e9es de notre partenaire\">Di Salvo St\u00e9phane<\/a>\r\n                <\/p>\r\n                <p class=\"company-partners__address\">1020 Renens VD<\/p>\r\n            <\/li>\r\n                    <li>\r\n                <p class=\"company-partners__name\">\r\n                    <a href=\"https:\/\/www.artisanlocal.ch\/c\/societe-artisanale-de-peinture-a-lausanne-artisanlocal-realise-tous-vos-projets-de-peinture\/?geo=Nord\" target=\"_blank\" class=\"has-accent-color\" title=\"Voir les coordonn\u00e9es de notre partenaire\">Maliqi R\u00e9novation<\/a>\r\n                <\/p>\r\n                <p class=\"company-partners__address\">1030\u00a0Bussigny<\/p>\r\n            <\/li>\r\n            <\/ul>\r\n<\/div><\/p>\n<h2>Quels sont les services d&rsquo;Artisanlocal ?<\/h2>\n<ul>\n<li>Peinture int\u00e9rieure sur : les murs, les plafonds, les moulures, les portes d&rsquo;entr\u00e9es, et dans des espaces comme la salle d&rsquo;eau, la chambre et le salon.<\/li>\n<li>Peinture ext\u00e9rieure sur : les portes de garage, les briques, les terrasses, les bardages, le stuc et les cl\u00f4tures.<\/li>\n<li>Peinture d\u00e9corative : pour concevoir des effets visuels comme le faux marbre, l&rsquo;effet oxyd\u00e9, les patines, le faux bois et l&rsquo;effet vieilli.<\/li>\n<li>Peinture dans votre coin cuisine : ajout d&rsquo;une peinture d\u00e9corative comme la peinture satin\u00e9e qui est facilement nettoyable.<\/li>\n<li>Utilisation d&rsquo;enduits d\u00e9coratifs : ajout b\u00e9ton cir\u00e9 ou tadelakt, ou des enduits.<\/li>\n<li>Artiste peintre : r\u00e9alisation de peintures murales (d\u00e9corative, artistique, pour ext\u00e9rieur ou int\u00e9rieur).<\/li>\n<li>Peinture pour le ravalement de fa\u00e7ade : r\u00e9novation de votre fa\u00e7ade ext\u00e9rieure cr\u00e9pi, bardage, pose d&rsquo;enduit ou de peinture.<\/li>\n<li>Peinture sur des zones en hauteur : nos artisans peintres interviennent dans des lieux compliqu\u00e9s comme les usines, les tours ou les ponts.<\/li>\n<li>Peinture de finition : ajout d\u2019une couche de finition dans votre salle d&rsquo;eau ou sur vos meubles pr\u00e9sents dans votre cuisine.<\/li>\n<li>R\u00e9novation et installation : mise en place de nouvelles cloisons s\u00e8ches, la r\u00e9paration des trous dans les murs ou la r\u00e9paration des fissures.<\/li>\n<li>Travaux d&rsquo;enl\u00e8vement et d&rsquo;installation de tapisserie : l&rsquo;enl\u00e8vement et la mise en place d&rsquo;une nouvelle d\u00e9coration murale.<\/li>\n<li>Travaux de peinture pour les magasins : pour les locaux commerciaux, \u00e9tablissements gastronomique, \u00e9coles, salles de sports et autres biens immobiliers pour les professionnels.<\/li>\n<li>Peintre en b\u00e2timent : nos artisans peintres interviennent aussi dans les b\u00e2timents, pour la pr\u00e9paration des surfaces \u00e0 peindre, la r\u00e9alisation des finitions et la pose des peintures et rev\u00eatements.<\/li>\n<\/ul>\n<h2>De quelle mani\u00e8re fonctionne votre soci\u00e9t\u00e9 ?<\/h2>\n<h3>\u00c9tape 1\u00a0 : recever votre devis<\/h3>\n<p>Recevez un devis gratuit par t\u00e9l\u00e9phone ou en ligne dans les 24 heures.<\/p>\n<h3>\u00c9tape 2\u00a0 : examiner<\/h3>\n<p>Ayez la garantie que l&rsquo;estimation que vous recevez d\u00e9termine le prix de vos travaux. En cas de probl\u00e9matique sur votre estimation, n&rsquo;h\u00e9sitez pas \u00e0 nous contacter pour obtenir des informations suppl\u00e9mentaires.<\/p>\n<h3>\u00c9tape 3\u00a0 : d\u00e9terminer la date de commencement de votre r\u00e9novation<\/h3>\n<p>Apr\u00e8s la validation du devis, nous programmons ensemble le d\u00e9but de votre projet. Pour assurer la bonne r\u00e9ussite de votre projet, nous vous mettons \u00e0 votre disposition un chef de projet d\u00e9di\u00e9.<\/p>\n<h2>Que faut-il d\u00e9bourser pour des travaux de peinture \u00e0 Lausanne ?<\/h2>\n<p>Le co\u00fbt d&rsquo;une prestation de peinture d\u00e9pend principalement de l&rsquo;\u00e9tat des zones \u00e0 peindre. G\u00e9n\u00e9ralement, les tarifs se situent entre 60 et 70 francs suisses par heure. Environ 80% \u00e0 90% du montant total sont attribu\u00e9s \u00e0 la main-d&rsquo;\u0153uvre, alors que la peinture ne repr\u00e9sente que 10% \u00e0 20% de l&rsquo;enveloppe financi\u00e8re.<\/p>\n<h2>Quelles sont les raisons de choisir nos artisans peintres \u00e0 Lausanne ?<\/h2>\n<ul>\n<li>Disponibilit\u00e9 : nos peintres professionnels sont joignables 24 heures sur 24 \u00e0 Lausanne afin de r\u00e9pondre d\u00e8s que possible \u00e0 vos besoins.<\/li>\n<li>Excellence : en choisissant notre soci\u00e9t\u00e9, vous optez pour la qualit\u00e9 et le professionnalisme.<\/li>\n<li>Tarifs avantageux : nous mettons en place des prix comp\u00e9titifs, adapt\u00e9s \u00e0 vos moyens et \u00e0 vos exigences.<\/li>\n<li>Offres sur mesure : nous \u00e9tudions votre projet de peinture de mani\u00e8re \u00e0 cr\u00e9er une prestation personnalis\u00e9e.<\/li>\n<li>Le savoir-faire, nos artisans peintres \u00e0 Lausanne ont de nombreuses expertises, comme : la pr\u00e9paration des surfaces avant la pose de la peinture, l&rsquo;application des diff\u00e9rentes couches et la r\u00e9alisation des finitions.<\/li>\n<\/ul>\n<h2>Foire aux questions<\/h2>\n<h3>Quel genre de peinture utilisez-vous ?<\/h3>\n<p>Nous utilisons uniquement des peintures haut de gamme. Il est possible pour nos artisans peintres d&rsquo;utiliser les pots que vous avez en stock.<\/p>\n<h3>Votre entreprise est-elle disponible le week-end ?<\/h3>\n<p>Oui, nous sommes disponibles le week-end \u00e0 Lausanne et dans les villes aux environs.<\/p>\n<h3>Assurez-vous la protection de mon mobilier ?<\/h3>\n<p>Oui, avant les travaux, nous prot\u00e9geons vos mobiliers et \u00e9lectrom\u00e9nagers. Signalez-nous, tous vos objets sensibles, notre soci\u00e9t\u00e9 prendra des pr\u00e9cautions additionnelles.<\/p>\n<h3>Que faire si les travaux de peinture accomplis ne satisfont pas \u00e0 mes besoins ?<\/h3>\n<p>Dans le cas o\u00f9 vous ne seriez pas satisfait \u00e0 100% des r\u00e9sultats, nous interviendrons de nouveau chez vous pour corriger les probl\u00e8mes tant que vous ne serez pas satisfait.<\/p>\n<h3>Vos devis sont-ils sans frais ?<\/h3>\n<p>Oui, nos devis sont 100% gratuits et sans engagements. Si vous voulez plus d&rsquo;informations, un artisan se rend \u00e0 votre domicile dans le but de valider votre devis avec vous.<\/p>\n<h3>La soci\u00e9t\u00e9 Artisanlocal r\u00e9alise-t-elle des travaux de peintures dans les alentours de Lausanne ?<\/h3>\n<p>Oui, nous intervenons \u00e0 Lausanne, mais aussi dans les villes, telles que :<\/p>\nPully, Les Monts-de-Pully, La Croix (Lutry), Belmont-sur-Lausanne, La Conversion, Paudex, Lutry, Jouxtens-M\u00e9zery, Prilly, Renens VD, Crissier, Romanel-sur-Lausanne, Cheseaux-sur-Lausanne, Le Mont-sur-Lausanne, Bretigny-sur-Morrens, Cugy VD, Morrens VD, Froideville, Epalinges.\n","protected":false},"excerpt":{"rendered":"<p>Besoin d&rsquo;une entreprise de peinture \u00e0 Lausanne ? Artisanlocal intervient rapidement \u00e0 Lausanne et dans les villes aux alentours. Quels sont les services d&rsquo;Artisanlocal ? Peinture int\u00e9rieure sur : les murs, les plafonds, les moulures, les portes d&rsquo;entr\u00e9es, et dans des espaces comme la salle d&rsquo;eau, la chambre et le salon. Peinture ext\u00e9rieure sur : [&hellip;]<\/p>\n","protected":false},"author":4,"featured_media":2756,"parent":0,"menu_order":0,"comment_status":"closed","ping_status":"closed","template":"","meta":{"footnotes":""},"profession":[121],"location":[31],"canton":[113],"class_list":["post-722","page","type-page","status-publish","has-post-thumbnail","hentry","profession-peintre","location-lausanne","canton-vd"],"yoast_head":"<!-- This site is optimized with the Yoast SEO Premium plugin v25.7.1 (Yoast SEO v27.3) - https:\/\/yoast.com\/product\/yoast-seo-premium-wordpress\/ -->\n<title>Entreprise de peinture \u00e0 Lausanne - Artisanlocal<\/title>\n<meta name=\"robots\" content=\"index, follow, max-snippet:-1, max-image-preview:large, max-video-preview:-1\" \/>\n<link rel=\"canonical\" href=\"https:\/\/www.artisanlocal.ch\/c\/societe-artisanale-de-peinture-a-lausanne-artisanlocal-realise-tous-vos-projets-de-peinture\/\" \/>\n<meta property=\"og:locale\" content=\"fr_FR\" \/>\n<meta property=\"og:type\" content=\"article\" \/>\n<meta property=\"og:title\" content=\"Entreprise de peinture \u00e0 Lausanne\" \/>\n<meta property=\"og:description\" content=\"Besoin d&rsquo;une entreprise de peinture \u00e0 Lausanne ? Artisanlocal intervient rapidement \u00e0 Lausanne et dans les villes aux alentours. Quels sont les services d&rsquo;Artisanlocal ? Peinture int\u00e9rieure sur : les murs, les plafonds, les moulures, les portes d&rsquo;entr\u00e9es, et dans des espaces comme la salle d&rsquo;eau, la chambre et le salon. Peinture ext\u00e9rieure sur : [&hellip;]\" \/>\n<meta property=\"og:url\" content=\"https:\/\/www.artisanlocal.ch\/c\/societe-artisanale-de-peinture-a-lausanne-artisanlocal-realise-tous-vos-projets-de-peinture\/\" \/>\n<meta property=\"og:site_name\" content=\"Artisanlocal\" \/>\n<meta property=\"article:modified_time\" content=\"2025-08-26T23:34:18+00:00\" \/>\n<meta property=\"og:image\" content=\"https:\/\/www.artisanlocal.ch\/c\/wp-content\/uploads\/2024\/10\/peintre.jpg\" \/>\n\t<meta property=\"og:image:width\" content=\"1920\" \/>\n\t<meta property=\"og:image:height\" content=\"300\" \/>\n\t<meta property=\"og:image:type\" content=\"image\/jpeg\" \/>\n<meta name=\"twitter:card\" content=\"summary_large_image\" \/>\n<meta name=\"twitter:label1\" content=\"Dur\u00e9e de lecture estim\u00e9e\" \/>\n\t<meta name=\"twitter:data1\" content=\"4 minutes\" \/>\n<script type=\"application\/ld+json\" class=\"yoast-schema-graph\">{\"@context\":\"https:\\\/\\\/schema.org\",\"@graph\":[{\"@type\":\"WebPage\",\"@id\":\"https:\\\/\\\/www.artisanlocal.ch\\\/c\\\/societe-artisanale-de-peinture-a-lausanne-artisanlocal-realise-tous-vos-projets-de-peinture\\\/\",\"url\":\"https:\\\/\\\/www.artisanlocal.ch\\\/c\\\/societe-artisanale-de-peinture-a-lausanne-artisanlocal-realise-tous-vos-projets-de-peinture\\\/\",\"name\":\"Entreprise de peinture \u00e0 Lausanne - Artisanlocal\",\"isPartOf\":{\"@id\":\"https:\\\/\\\/www.artisanlocal.ch\\\/c\\\/#website\"},\"primaryImageOfPage\":{\"@id\":\"https:\\\/\\\/www.artisanlocal.ch\\\/c\\\/societe-artisanale-de-peinture-a-lausanne-artisanlocal-realise-tous-vos-projets-de-peinture\\\/#primaryimage\"},\"image\":{\"@id\":\"https:\\\/\\\/www.artisanlocal.ch\\\/c\\\/societe-artisanale-de-peinture-a-lausanne-artisanlocal-realise-tous-vos-projets-de-peinture\\\/#primaryimage\"},\"thumbnailUrl\":\"https:\\\/\\\/www.artisanlocal.ch\\\/c\\\/wp-content\\\/uploads\\\/2024\\\/10\\\/peintre.jpg\",\"datePublished\":\"2024-04-16T10:59:32+00:00\",\"dateModified\":\"2025-08-26T23:34:18+00:00\",\"breadcrumb\":{\"@id\":\"https:\\\/\\\/www.artisanlocal.ch\\\/c\\\/societe-artisanale-de-peinture-a-lausanne-artisanlocal-realise-tous-vos-projets-de-peinture\\\/#breadcrumb\"},\"inLanguage\":\"fr-FR\",\"potentialAction\":[{\"@type\":\"ReadAction\",\"target\":[\"https:\\\/\\\/www.artisanlocal.ch\\\/c\\\/societe-artisanale-de-peinture-a-lausanne-artisanlocal-realise-tous-vos-projets-de-peinture\\\/\"]}]},{\"@type\":\"ImageObject\",\"inLanguage\":\"fr-FR\",\"@id\":\"https:\\\/\\\/www.artisanlocal.ch\\\/c\\\/societe-artisanale-de-peinture-a-lausanne-artisanlocal-realise-tous-vos-projets-de-peinture\\\/#primaryimage\",\"url\":\"https:\\\/\\\/www.artisanlocal.ch\\\/c\\\/wp-content\\\/uploads\\\/2024\\\/10\\\/peintre.jpg\",\"contentUrl\":\"https:\\\/\\\/www.artisanlocal.ch\\\/c\\\/wp-content\\\/uploads\\\/2024\\\/10\\\/peintre.jpg\",\"width\":1920,\"height\":300},{\"@type\":\"BreadcrumbList\",\"@id\":\"https:\\\/\\\/www.artisanlocal.ch\\\/c\\\/societe-artisanale-de-peinture-a-lausanne-artisanlocal-realise-tous-vos-projets-de-peinture\\\/#breadcrumb\",\"itemListElement\":[{\"@type\":\"ListItem\",\"position\":1,\"name\":\"Accueil\",\"item\":\"https:\\\/\\\/www.artisanlocal.ch\\\/c\\\/\"},{\"@type\":\"ListItem\",\"position\":2,\"name\":\"Entreprise de peinture \u00e0 Lausanne\"}]},{\"@type\":\"WebSite\",\"@id\":\"https:\\\/\\\/www.artisanlocal.ch\\\/c\\\/#website\",\"url\":\"https:\\\/\\\/www.artisanlocal.ch\\\/c\\\/\",\"name\":\"Artisanlocal\",\"description\":\"\",\"publisher\":{\"@id\":\"https:\\\/\\\/www.artisanlocal.ch\\\/c\\\/#organization\"},\"potentialAction\":[{\"@type\":\"SearchAction\",\"target\":{\"@type\":\"EntryPoint\",\"urlTemplate\":\"https:\\\/\\\/www.artisanlocal.ch\\\/c\\\/?s={search_term_string}\"},\"query-input\":{\"@type\":\"PropertyValueSpecification\",\"valueRequired\":true,\"valueName\":\"search_term_string\"}}],\"inLanguage\":\"fr-FR\"},{\"@type\":\"Organization\",\"@id\":\"https:\\\/\\\/www.artisanlocal.ch\\\/c\\\/#organization\",\"name\":\"Artisanlocal\",\"url\":\"https:\\\/\\\/www.artisanlocal.ch\\\/c\\\/\",\"logo\":{\"@type\":\"ImageObject\",\"inLanguage\":\"fr-FR\",\"@id\":\"https:\\\/\\\/www.artisanlocal.ch\\\/c\\\/#\\\/schema\\\/logo\\\/image\\\/\",\"url\":\"https:\\\/\\\/www.artisanlocal.ch\\\/c\\\/wp-content\\\/uploads\\\/2024\\\/02\\\/logo-artisanlocal-h.svg\",\"contentUrl\":\"https:\\\/\\\/www.artisanlocal.ch\\\/c\\\/wp-content\\\/uploads\\\/2024\\\/02\\\/logo-artisanlocal-h.svg\",\"caption\":\"Artisanlocal\"},\"image\":{\"@id\":\"https:\\\/\\\/www.artisanlocal.ch\\\/c\\\/#\\\/schema\\\/logo\\\/image\\\/\"}}]}<\/script>\n<!-- \/ Yoast SEO Premium plugin. -->","yoast_head_json":{"title":"Entreprise de peinture \u00e0 Lausanne - Artisanlocal","robots":{"index":"index","follow":"follow","max-snippet":"max-snippet:-1","max-image-preview":"max-image-preview:large","max-video-preview":"max-video-preview:-1"},"canonical":"https:\/\/www.artisanlocal.ch\/c\/societe-artisanale-de-peinture-a-lausanne-artisanlocal-realise-tous-vos-projets-de-peinture\/","og_locale":"fr_FR","og_type":"article","og_title":"Entreprise de peinture \u00e0 Lausanne","og_description":"Besoin d&rsquo;une entreprise de peinture \u00e0 Lausanne ? Artisanlocal intervient rapidement \u00e0 Lausanne et dans les villes aux alentours. Quels sont les services d&rsquo;Artisanlocal ? Peinture int\u00e9rieure sur : les murs, les plafonds, les moulures, les portes d&rsquo;entr\u00e9es, et dans des espaces comme la salle d&rsquo;eau, la chambre et le salon. Peinture ext\u00e9rieure sur : [&hellip;]","og_url":"https:\/\/www.artisanlocal.ch\/c\/societe-artisanale-de-peinture-a-lausanne-artisanlocal-realise-tous-vos-projets-de-peinture\/","og_site_name":"Artisanlocal","article_modified_time":"2025-08-26T23:34:18+00:00","og_image":[{"width":1920,"height":300,"url":"https:\/\/www.artisanlocal.ch\/c\/wp-content\/uploads\/2024\/10\/peintre.jpg","type":"image\/jpeg"}],"twitter_card":"summary_large_image","twitter_misc":{"Dur\u00e9e de lecture estim\u00e9e":"4 minutes"},"schema":{"@context":"https:\/\/schema.org","@graph":[{"@type":"WebPage","@id":"https:\/\/www.artisanlocal.ch\/c\/societe-artisanale-de-peinture-a-lausanne-artisanlocal-realise-tous-vos-projets-de-peinture\/","url":"https:\/\/www.artisanlocal.ch\/c\/societe-artisanale-de-peinture-a-lausanne-artisanlocal-realise-tous-vos-projets-de-peinture\/","name":"Entreprise de peinture \u00e0 Lausanne - Artisanlocal","isPartOf":{"@id":"https:\/\/www.artisanlocal.ch\/c\/#website"},"primaryImageOfPage":{"@id":"https:\/\/www.artisanlocal.ch\/c\/societe-artisanale-de-peinture-a-lausanne-artisanlocal-realise-tous-vos-projets-de-peinture\/#primaryimage"},"image":{"@id":"https:\/\/www.artisanlocal.ch\/c\/societe-artisanale-de-peinture-a-lausanne-artisanlocal-realise-tous-vos-projets-de-peinture\/#primaryimage"},"thumbnailUrl":"https:\/\/www.artisanlocal.ch\/c\/wp-content\/uploads\/2024\/10\/peintre.jpg","datePublished":"2024-04-16T10:59:32+00:00","dateModified":"2025-08-26T23:34:18+00:00","breadcrumb":{"@id":"https:\/\/www.artisanlocal.ch\/c\/societe-artisanale-de-peinture-a-lausanne-artisanlocal-realise-tous-vos-projets-de-peinture\/#breadcrumb"},"inLanguage":"fr-FR","potentialAction":[{"@type":"ReadAction","target":["https:\/\/www.artisanlocal.ch\/c\/societe-artisanale-de-peinture-a-lausanne-artisanlocal-realise-tous-vos-projets-de-peinture\/"]}]},{"@type":"ImageObject","inLanguage":"fr-FR","@id":"https:\/\/www.artisanlocal.ch\/c\/societe-artisanale-de-peinture-a-lausanne-artisanlocal-realise-tous-vos-projets-de-peinture\/#primaryimage","url":"https:\/\/www.artisanlocal.ch\/c\/wp-content\/uploads\/2024\/10\/peintre.jpg","contentUrl":"https:\/\/www.artisanlocal.ch\/c\/wp-content\/uploads\/2024\/10\/peintre.jpg","width":1920,"height":300},{"@type":"BreadcrumbList","@id":"https:\/\/www.artisanlocal.ch\/c\/societe-artisanale-de-peinture-a-lausanne-artisanlocal-realise-tous-vos-projets-de-peinture\/#breadcrumb","itemListElement":[{"@type":"ListItem","position":1,"name":"Accueil","item":"https:\/\/www.artisanlocal.ch\/c\/"},{"@type":"ListItem","position":2,"name":"Entreprise de peinture \u00e0 Lausanne"}]},{"@type":"WebSite","@id":"https:\/\/www.artisanlocal.ch\/c\/#website","url":"https:\/\/www.artisanlocal.ch\/c\/","name":"Artisanlocal","description":"","publisher":{"@id":"https:\/\/www.artisanlocal.ch\/c\/#organization"},"potentialAction":[{"@type":"SearchAction","target":{"@type":"EntryPoint","urlTemplate":"https:\/\/www.artisanlocal.ch\/c\/?s={search_term_string}"},"query-input":{"@type":"PropertyValueSpecification","valueRequired":true,"valueName":"search_term_string"}}],"inLanguage":"fr-FR"},{"@type":"Organization","@id":"https:\/\/www.artisanlocal.ch\/c\/#organization","name":"Artisanlocal","url":"https:\/\/www.artisanlocal.ch\/c\/","logo":{"@type":"ImageObject","inLanguage":"fr-FR","@id":"https:\/\/www.artisanlocal.ch\/c\/#\/schema\/logo\/image\/","url":"https:\/\/www.artisanlocal.ch\/c\/wp-content\/uploads\/2024\/02\/logo-artisanlocal-h.svg","contentUrl":"https:\/\/www.artisanlocal.ch\/c\/wp-content\/uploads\/2024\/02\/logo-artisanlocal-h.svg","caption":"Artisanlocal"},"image":{"@id":"https:\/\/www.artisanlocal.ch\/c\/#\/schema\/logo\/image\/"}}]}},"_links":{"self":[{"href":"https:\/\/www.artisanlocal.ch\/c\/wp-json\/wp\/v2\/pages\/722","targetHints":{"allow":["GET"]}}],"collection":[{"href":"https:\/\/www.artisanlocal.ch\/c\/wp-json\/wp\/v2\/pages"}],"about":[{"href":"https:\/\/www.artisanlocal.ch\/c\/wp-json\/wp\/v2\/types\/page"}],"author":[{"embeddable":true,"href":"https:\/\/www.artisanlocal.ch\/c\/wp-json\/wp\/v2\/users\/4"}],"replies":[{"embeddable":true,"href":"https:\/\/www.artisanlocal.ch\/c\/wp-json\/wp\/v2\/comments?post=722"}],"version-history":[{"count":0,"href":"https:\/\/www.artisanlocal.ch\/c\/wp-json\/wp\/v2\/pages\/722\/revisions"}],"wp:featuredmedia":[{"embeddable":true,"href":"https:\/\/www.artisanlocal.ch\/c\/wp-json\/wp\/v2\/media\/2756"}],"wp:attachment":[{"href":"https:\/\/www.artisanlocal.ch\/c\/wp-json\/wp\/v2\/media?parent=722"}],"wp:term":[{"taxonomy":"profession","embeddable":true,"href":"https:\/\/www.artisanlocal.ch\/c\/wp-json\/wp\/v2\/profession?post=722"},{"taxonomy":"location","embeddable":true,"href":"https:\/\/www.artisanlocal.ch\/c\/wp-json\/wp\/v2\/location?post=722"},{"taxonomy":"canton","embeddable":true,"href":"https:\/\/www.artisanlocal.ch\/c\/wp-json\/wp\/v2\/canton?post=722"}],"curies":[{"name":"wp","href":"https:\/\/api.w.org\/{rel}","templated":true}]}}