{"id":724,"date":"2024-04-15T19:03:59","date_gmt":"2024-04-15T17:03:59","guid":{"rendered":"https:\/\/www.artisanlocal.ch\/c\/societe-de-peintre-a-moudon\/"},"modified":"2025-09-18T12:19:30","modified_gmt":"2025-09-18T10:19:30","slug":"societe-de-peintre-a-moudon","status":"publish","type":"page","link":"https:\/\/www.artisanlocal.ch\/c\/societe-de-peintre-a-moudon\/","title":{"rendered":"Peintre \u00e0 Moudon"},"content":{"rendered":"<p>Besoin d&rsquo;un peintre \u00e0 Moudon ? Faites appel \u00e0 Artisanlocal, nous proposons des travaux de qualit\u00e9, de l&rsquo;\u00e9tude aux finitions de vos peintures, nous nous adaptons \u00e0 votre emploi du temps et nous intervenons rapidement chez vous \u00e0 Moudon et dans les villes aux environs.<br \/>\n\r\n<div class=\"box\">\r\n            <div class=\"company-info\">\r\n            <img decoding=\"async\" class=\"company-info__logo\" src=\"https:\/\/www.artisanlocal.ch\/media\/cache\/thumb\/images\/companies\/69a167967865c206572847.png\" alt=\"Logo\">\r\n            <h2 class=\"company-info__name\">Ella-peinture<\/h2>\r\n            <p class=\"company-info__business\">Entreprise de peinture - Pl\u00e2trerie - Papiers peints - R\u00e9novation<\/p>\r\n        <\/div>\r\n        <div class=\"company-contact\">\r\n            <p class=\"company-info__address\">Ruelle de Bourg 2<\/p>\r\n                            <div class=\"links\">\r\n                                            <a class=\"btn has-accent-background-color js-phoneNumber\" href=\"tel:0792749497\" title=\"Appelez\" data-id=\"34612\" data-type=\"11\">079 274 94 97<\/a>\r\n                                                                <a class=\"btn has-accent-background-color\" href=\"https:\/\/ella-peinture.ch\/\" target=\"_blank\" title=\"Voir le site internet\" data-id=\"34612\" data-type=\"20\">Site internet<\/a>\r\n                                    <\/div>\r\n                    <\/div>\r\n    \r\n            \r\n<form action=\"https:\/\/www.artisanlocal.ch\/c\/wp-admin\/admin-ajax.php\" method=\"post\" class=\"form-contact\" id=\"artisan_form_contact_company_inline\">\r\n    <div><input type=\"hidden\" name=\"action\" value=\"company_contact\"><\/div>\r\n    <div><input type=\"hidden\" name=\"nonce\" value=\"67a23a8c67\"><\/div>\r\n    <div><input type=\"hidden\" name=\"company_id\" value=\"34612\"><\/div>\r\n    <div><input type=\"hidden\" name=\"form_id\" value=\"artisan_form_contact_company_inline\"><\/div>\r\n    <div class=\"gglcptch gglcptch_v3 gglcptch_custom\"><input type=\"hidden\" id=\"g-recaptcha-response\" name=\"g-recaptcha-response\" \/><br \/><div class=\"gglcptch_error_text\">La p\u00e9riode de v\u00e9rification reCAPTCHA a expir\u00e9. Veuillez recharger la page.<\/div><\/div>    <div class=\"form-content\">\r\n        <div class=\"form-group\">\r\n            <label for=\"contact_firstName\" class=\"required\">Pr\u00e9nom<\/label>\r\n            <input type=\"text\" name=\"firstName\" class=\"form-control\" required>\r\n        <\/div>\r\n        <div class=\"form-group\">\r\n            <label for=\"contact_lastName\" class=\"required\">Nom<\/label>\r\n            <input type=\"text\" name=\"lastName\" class=\"form-control\" required>\r\n        <\/div>\r\n        <div class=\"form-group\">\r\n            <label for=\"contact_email\" class=\"required\">Email<\/label>\r\n            <input type=\"email\" name=\"email\" class=\"form-control\" required>\r\n        <\/div>\r\n        <div class=\"form-group\">\r\n            <label for=\"contact_phone\" class=\"required\">Num\u00e9ro de t\u00e9l\u00e9phone<\/label>\r\n            <input type=\"tel\" name=\"phone\" class=\"form-control\" placeholder=\"0787117165\" pattern=\"^[0-9]{10}$\" required>\r\n        <\/div>\r\n        <div class=\"form-group\">\r\n            <label for=\"contact_postalCode\" class=\"required\">Code postal et localit\u00e9<\/label>\r\n            <input type=\"text\" name=\"postalCode\" class=\"form-control\" required>\r\n        <\/div>\r\n        <div class=\"form-group\">\r\n            <label for=\"contact_address\" class=\"required\">Adresse<\/label>\r\n            <input type=\"text\" name=\"address\" class=\"form-control\" required>\r\n        <\/div>\r\n        <div class=\"full-width topic\">\r\n            <p class=\"required\">Je souhaite \u00eatre contact\u00e9 pour :<\/p>\r\n            <div class=\"form-check\">\r\n                <input type=\"radio\" name=\"topic\" value=\"D\u00e9pannage\" class=\"form-control\" required>\r\n                <label for=\"d\u00e9pannage\">D\u00e9pannage<\/label>\r\n            <\/div>\r\n            <div class=\"form-check\">\r\n                <input type=\"radio\" name=\"topic\" value=\"Entretien\" class=\"form-control\" required>\r\n                <label for=\"entretien\">Entretien<\/label>\r\n            <\/div>\r\n            <div class=\"form-check\">\r\n                <input type=\"radio\" name=\"topic\" value=\"R\u00e9novation\" class=\"form-control\" required>\r\n                <label for=\"r\u00e9novation\">R\u00e9novation<\/label>\r\n            <\/div>\r\n            <div class=\"form-check\">\r\n                <input type=\"radio\" name=\"topic\" value=\"Autre\" class=\"form-control\" required>\r\n                <label for=\"autre\">Autre<\/label>\r\n            <\/div>\r\n        <\/div>\r\n        <div class=\"form-group full-width\">\r\n            <label for=\"contact_message\">Message<\/label>\r\n            <textarea name=\"message\" rows=\"3\" class=\"form-control\"><\/textarea>\r\n        <\/div>\r\n    <\/div>\r\n    <div class=\"form-actions\">\r\n        <button class=\"wp-block-button__link has-accent-background-color\">Contacter<\/button>\r\n    <\/div>\r\n<\/form>\r\n<div class=\"form-feedback\"><\/div>    <\/div><\/p>\n<h2>Quelles sont les prestations d&rsquo;Artisanlocal ?<\/h2>\n<ul>\n<li>Peinture int\u00e9rieure : sur vos plafonds, murs, moulures, portes, ou dans vos pi\u00e8ces, comme votre salle d&rsquo;eau, salon ou chambre.<\/li>\n<li>Peinture ext\u00e9rieure : pose d&rsquo;une nouvelle couche de peinture sur les terrasses, les cl\u00f4tures, le bardage, les portes de garage, le stuc et la brique.<\/li>\n<li>Peinture d\u00e9corative : cr\u00e9ation des effets, tels que le faux marbre, l&rsquo;effet oxyd\u00e9, le faux bois, les patines et l&rsquo;effet vieilli.<\/li>\n<li>Peinture pour cuisine : ajout d&rsquo;une peinture d\u00e9corative telle que la peinture finition satin\u00e9e qui est facilement nettoyable.<\/li>\n<li>Les travaux d&rsquo;enduits d\u00e9coratifs : installation d&rsquo;enduits comme le tadelakt ou le b\u00e9ton cir\u00e9.<\/li>\n<li>Peinture artistique : fabrication de fresques murales d\u00e9coratives, artistiques, ext\u00e9rieures ou int\u00e9rieures.<\/li>\n<li>Peinture de ravalement de fa\u00e7ade : am\u00e9lioration esth\u00e9tique de votre fa\u00e7ade ext\u00e9rieure pose d&rsquo;enduit, peinture, bardage ou cr\u00e9pi.<\/li>\n<li>Peinture cordiste : travaux de peinture sur des zones en hauteurs, nous op\u00e9rons dans les coins inaccessibles d&rsquo;acc\u00e8s, comme les ponts, \u00e9oliennes, tours, ou usines.<\/li>\n<li>Peinture de finition : pose des finitions sur le mobilier de cuisine ou dans la salle de bain.<\/li>\n<li>R\u00e9paration et installation : colmatage des fissures, comblement des trous dans les murs, ou encore pose de cloisons s\u00e8ches.<\/li>\n<li>Les services d&rsquo;enl\u00e8vement et d&rsquo;installation de papier peint : le retrait et la mise en place d&rsquo;une nouvelle tapisserie murale.<\/li>\n<li>Peinture pour les commerces : pour les espaces de travail, \u00e9tablissements gastronomique, \u00e9tablissement scolaire, complexes sportifs et autres propri\u00e9t\u00e9s commerciales.<\/li>\n<li>Peinture pour b\u00e2timent : nos artisans peintres op\u00e8rent aussi dans les b\u00e2timents, pour la pr\u00e9paration des murs et plafonds \u00e0 peindre, la r\u00e9alisation des travaux de finition et l\u2019application des peintures et rev\u00eatements.<\/li>\n<\/ul>\n<h2>Comment votre entreprise fonctionne ?<\/h2>\n<p>Nous avons \u00e9labor\u00e9 une m\u00e9thodologie afin de r\u00e9pondre de la meilleure mani\u00e8re possible aux probl\u00e9matiques nos clients.<\/p>\n<h3>\u00c9tape 1\u00a0 : recevez un devis gratuit<\/h3>\n<p>Demandez votre devis gratuit en ligne ou par t\u00e9l\u00e9phone et obtenez une estimation de vos travaux de peintures rapidement.<\/p>\n<h3>\u00c9tape 2\u00a0 : analysez votre devis<\/h3>\n<p>Soyez assur\u00e9 que le devis que vous recevez d\u00e9termine bien le co\u00fbt de votre projet de peinture. En cas de question sur votre devis, n&rsquo;h\u00e9sitez pas \u00e0 nous joindre pour avoir plus de d\u00e9tails.<\/p>\n<h3>\u00c9tape 3\u00a0 : programmez la date de commencement de votre projet peinture<\/h3>\n<p>Apr\u00e8s avoir valid\u00e9 le devis, nous programmons ensemble le d\u00e9but de votre r\u00e9novation. Pour atteindre vos objectifs, vous avez un chef de projet d\u00e9di\u00e9.<\/p>\n<h2>Quel est le co\u00fbt d&rsquo;un service de peinture \u00e0 Moudon ?<\/h2>\n<p>Le tarif du service est influenc\u00e9 par l&rsquo;\u00e9tat de vos murs et plafonds. G\u00e9n\u00e9ralement, les prix oscillent entre 60 et 70 francs suisses par heure. Le co\u00fbt de main-d&rsquo;\u0153uvre repr\u00e9sente environ 80% \u00e0 90% du prix, tandis que le montant de la peinture ne repr\u00e9sente que 10% \u00e0 20% du tarif.<\/p>\n<h2>Pourquoi choisir nos peintres \u00e0 Moudon ?<\/h2>\n<ul>\n<li>Disponibilit\u00e9 : nos peintres sont disponibles en continu \u00e0 Moudon afin de r\u00e9pondre rapidement \u00e0 vos besoins.<\/li>\n<li>Excellence : en choisissant notre soci\u00e9t\u00e9, vous choisissez la qualit\u00e9 et le savoir-faire.<\/li>\n<li>Prix abordables : nos tarifs sont calcul\u00e9s en tenant compte de vos besoins et vos moyens financiers.<\/li>\n<li>Services personnalis\u00e9s : nous prenons en compte les caract\u00e9ristiques de votre projet dans le but de vous proposer des solutions personnalis\u00e9es.<\/li>\n<li>Le savoir-faire, nos experts de la peinture \u00e0 Moudon poss\u00e8dent un \u00e9ventail d&rsquo;expertises, tels que : le lavage et la pr\u00e9paration des zones avant la pose de la peinture, la pose des multiples couches et la mise en \u0153uvre des touches finales.<\/li>\n<\/ul>\n<h2>Foire aux questions<\/h2>\n<h3>Quelle marque peinture avez-vous l&rsquo;habitude d&rsquo;utiliser ?<\/h3>\n<p>Nous appliquons uniquement des peintures de qualit\u00e9. Il est possible pour nos peintres d&rsquo;utiliser les pots que vous avez achet\u00e9s.<\/p>\n<h3>Votre \u00e9quipe est-elle disponible le week-end ?<\/h3>\n<p>Oui, notre entreprise est disponible les week-ends \u00e0 Moudon.<\/p>\n<h3>Les meubles sont-ils couverts lors de votre intervention ?<\/h3>\n<p>Oui, nous apportons l&rsquo;\u00e9quipement n\u00e9cessaire de sorte \u00e0 garantir que votre mobilier et votre \u00e9quipement \u00e9lectrom\u00e9nager soient couverts pendant nos travaux de peinture. Notifiez-nous avant de commencer, tous vos objets fragiles, notre \u00e9quipe adoptera des mesures additionnelles.<\/p>\n<h3>Que va-t-il arriver si je ne suis pas satisfait du travail effectu\u00e9 ?<\/h3>\n<p>Si notre travail ne vous satisfait pas, nous prenons l&rsquo;engagement d&rsquo;effectuer les corrections n\u00e9cessaires jusqu&rsquo;\u00e0 ce que vous soyez satisfait.<\/p>\n<h3>Vos devis sont-ils gratuits ?<\/h3>\n<p>Oui, nos devis sont gratuits. Si vous d\u00e9sirez aller plus loin, un artisan se rend \u00e0 votre foyer afin de valider votre estimation avec vous.<\/p>\n<h3>Votre entreprise effectue-t-elle des travaux dans les villes proches de Moudon ?<\/h3>\n<p>Oui, nous intervenons \u00e0 Moudon, mais aussi dans les villes proches, telles que :<\/p>\nOgens, Villars-Mendraz, Sottens, Boulens, Chapelle-sur-Moudon, Martherenges, Peyres-Possens, Chan\u00e9az, Pr\u00e9vondavaux, Correvon, Denezy, St-Cierges, Thierrens, Vuissens, Vucherens, Syens, Chavannes-sur-Moudon, Hermenches, Rossenges, Bussy-sur-Moudon, Neyruz-sur-Moudon, Villars-le-Comte, Curtilles, Lucens, Oulens-sur-Lucens, Granges-pr\u00e8s-Marnand, Marnand, Henniez, Seigneux, Cremin, Forel-sur-Lucens, Villeneuve FR, Praratoud, Surpierre, Cheiry, Chapelle (Broye), Sassel, Combremont-le-Grand, Combremont-le-Petit, Champtauroz, Rossens VD, S\u00e9deilles, Villarzel, Dompierre VD, Lovatens, Pr\u00e9vonloup, Cerniaz VD, Villars-Bramard, Brenles, Chesalles-sur-Moudon, Sarzens.\n","protected":false},"excerpt":{"rendered":"<p>Besoin d&rsquo;un peintre \u00e0 Moudon ? Faites appel \u00e0 Artisanlocal, nous proposons des travaux de qualit\u00e9, de l&rsquo;\u00e9tude aux finitions de vos peintures, nous nous adaptons \u00e0 votre emploi du temps et nous intervenons rapidement chez vous \u00e0 Moudon et dans les villes aux environs. Quelles sont les prestations d&rsquo;Artisanlocal ? Peinture int\u00e9rieure : sur [&hellip;]<\/p>\n","protected":false},"author":4,"featured_media":2756,"parent":0,"menu_order":0,"comment_status":"closed","ping_status":"closed","template":"","meta":{"footnotes":""},"profession":[121],"location":[63],"canton":[113],"class_list":["post-724","page","type-page","status-publish","has-post-thumbnail","hentry","profession-peintre","location-moudon","canton-vd"],"yoast_head":"<!-- This site is optimized with the Yoast SEO Premium plugin v25.7.1 (Yoast SEO v27.3) - https:\/\/yoast.com\/product\/yoast-seo-premium-wordpress\/ -->\n<title>Peintre \u00e0 Moudon - Artisanlocal<\/title>\n<meta name=\"robots\" content=\"index, follow, max-snippet:-1, max-image-preview:large, max-video-preview:-1\" \/>\n<link rel=\"canonical\" href=\"https:\/\/www.artisanlocal.ch\/c\/societe-de-peintre-a-moudon\/\" \/>\n<meta property=\"og:locale\" content=\"fr_FR\" \/>\n<meta property=\"og:type\" content=\"article\" \/>\n<meta property=\"og:title\" content=\"Peintre \u00e0 Moudon\" \/>\n<meta property=\"og:description\" content=\"Besoin d&rsquo;un peintre \u00e0 Moudon ? Faites appel \u00e0 Artisanlocal, nous proposons des travaux de qualit\u00e9, de l&rsquo;\u00e9tude aux finitions de vos peintures, nous nous adaptons \u00e0 votre emploi du temps et nous intervenons rapidement chez vous \u00e0 Moudon et dans les villes aux environs. Quelles sont les prestations d&rsquo;Artisanlocal ? Peinture int\u00e9rieure : sur [&hellip;]\" \/>\n<meta property=\"og:url\" content=\"https:\/\/www.artisanlocal.ch\/c\/societe-de-peintre-a-moudon\/\" \/>\n<meta property=\"og:site_name\" content=\"Artisanlocal\" \/>\n<meta property=\"article:modified_time\" content=\"2025-09-18T10:19:30+00:00\" \/>\n<meta property=\"og:image\" content=\"https:\/\/www.artisanlocal.ch\/c\/wp-content\/uploads\/2024\/10\/peintre.jpg\" \/>\n\t<meta property=\"og:image:width\" content=\"1920\" \/>\n\t<meta property=\"og:image:height\" content=\"300\" \/>\n\t<meta property=\"og:image:type\" content=\"image\/jpeg\" \/>\n<meta name=\"twitter:card\" content=\"summary_large_image\" \/>\n<meta name=\"twitter:label1\" content=\"Dur\u00e9e de lecture estim\u00e9e\" \/>\n\t<meta name=\"twitter:data1\" content=\"5 minutes\" \/>\n<script type=\"application\/ld+json\" class=\"yoast-schema-graph\">{\"@context\":\"https:\\\/\\\/schema.org\",\"@graph\":[{\"@type\":\"WebPage\",\"@id\":\"https:\\\/\\\/www.artisanlocal.ch\\\/c\\\/societe-de-peintre-a-moudon\\\/\",\"url\":\"https:\\\/\\\/www.artisanlocal.ch\\\/c\\\/societe-de-peintre-a-moudon\\\/\",\"name\":\"Peintre \u00e0 Moudon - Artisanlocal\",\"isPartOf\":{\"@id\":\"https:\\\/\\\/www.artisanlocal.ch\\\/c\\\/#website\"},\"primaryImageOfPage\":{\"@id\":\"https:\\\/\\\/www.artisanlocal.ch\\\/c\\\/societe-de-peintre-a-moudon\\\/#primaryimage\"},\"image\":{\"@id\":\"https:\\\/\\\/www.artisanlocal.ch\\\/c\\\/societe-de-peintre-a-moudon\\\/#primaryimage\"},\"thumbnailUrl\":\"https:\\\/\\\/www.artisanlocal.ch\\\/c\\\/wp-content\\\/uploads\\\/2024\\\/10\\\/peintre.jpg\",\"datePublished\":\"2024-04-15T17:03:59+00:00\",\"dateModified\":\"2025-09-18T10:19:30+00:00\",\"breadcrumb\":{\"@id\":\"https:\\\/\\\/www.artisanlocal.ch\\\/c\\\/societe-de-peintre-a-moudon\\\/#breadcrumb\"},\"inLanguage\":\"fr-FR\",\"potentialAction\":[{\"@type\":\"ReadAction\",\"target\":[\"https:\\\/\\\/www.artisanlocal.ch\\\/c\\\/societe-de-peintre-a-moudon\\\/\"]}]},{\"@type\":\"ImageObject\",\"inLanguage\":\"fr-FR\",\"@id\":\"https:\\\/\\\/www.artisanlocal.ch\\\/c\\\/societe-de-peintre-a-moudon\\\/#primaryimage\",\"url\":\"https:\\\/\\\/www.artisanlocal.ch\\\/c\\\/wp-content\\\/uploads\\\/2024\\\/10\\\/peintre.jpg\",\"contentUrl\":\"https:\\\/\\\/www.artisanlocal.ch\\\/c\\\/wp-content\\\/uploads\\\/2024\\\/10\\\/peintre.jpg\",\"width\":1920,\"height\":300},{\"@type\":\"BreadcrumbList\",\"@id\":\"https:\\\/\\\/www.artisanlocal.ch\\\/c\\\/societe-de-peintre-a-moudon\\\/#breadcrumb\",\"itemListElement\":[{\"@type\":\"ListItem\",\"position\":1,\"name\":\"Accueil\",\"item\":\"https:\\\/\\\/www.artisanlocal.ch\\\/c\\\/\"},{\"@type\":\"ListItem\",\"position\":2,\"name\":\"Peintre \u00e0 Moudon\"}]},{\"@type\":\"WebSite\",\"@id\":\"https:\\\/\\\/www.artisanlocal.ch\\\/c\\\/#website\",\"url\":\"https:\\\/\\\/www.artisanlocal.ch\\\/c\\\/\",\"name\":\"Artisanlocal\",\"description\":\"\",\"publisher\":{\"@id\":\"https:\\\/\\\/www.artisanlocal.ch\\\/c\\\/#organization\"},\"potentialAction\":[{\"@type\":\"SearchAction\",\"target\":{\"@type\":\"EntryPoint\",\"urlTemplate\":\"https:\\\/\\\/www.artisanlocal.ch\\\/c\\\/?s={search_term_string}\"},\"query-input\":{\"@type\":\"PropertyValueSpecification\",\"valueRequired\":true,\"valueName\":\"search_term_string\"}}],\"inLanguage\":\"fr-FR\"},{\"@type\":\"Organization\",\"@id\":\"https:\\\/\\\/www.artisanlocal.ch\\\/c\\\/#organization\",\"name\":\"Artisanlocal\",\"url\":\"https:\\\/\\\/www.artisanlocal.ch\\\/c\\\/\",\"logo\":{\"@type\":\"ImageObject\",\"inLanguage\":\"fr-FR\",\"@id\":\"https:\\\/\\\/www.artisanlocal.ch\\\/c\\\/#\\\/schema\\\/logo\\\/image\\\/\",\"url\":\"https:\\\/\\\/www.artisanlocal.ch\\\/c\\\/wp-content\\\/uploads\\\/2024\\\/02\\\/logo-artisanlocal-h.svg\",\"contentUrl\":\"https:\\\/\\\/www.artisanlocal.ch\\\/c\\\/wp-content\\\/uploads\\\/2024\\\/02\\\/logo-artisanlocal-h.svg\",\"caption\":\"Artisanlocal\"},\"image\":{\"@id\":\"https:\\\/\\\/www.artisanlocal.ch\\\/c\\\/#\\\/schema\\\/logo\\\/image\\\/\"}}]}<\/script>\n<!-- \/ Yoast SEO Premium plugin. -->","yoast_head_json":{"title":"Peintre \u00e0 Moudon - Artisanlocal","robots":{"index":"index","follow":"follow","max-snippet":"max-snippet:-1","max-image-preview":"max-image-preview:large","max-video-preview":"max-video-preview:-1"},"canonical":"https:\/\/www.artisanlocal.ch\/c\/societe-de-peintre-a-moudon\/","og_locale":"fr_FR","og_type":"article","og_title":"Peintre \u00e0 Moudon","og_description":"Besoin d&rsquo;un peintre \u00e0 Moudon ? Faites appel \u00e0 Artisanlocal, nous proposons des travaux de qualit\u00e9, de l&rsquo;\u00e9tude aux finitions de vos peintures, nous nous adaptons \u00e0 votre emploi du temps et nous intervenons rapidement chez vous \u00e0 Moudon et dans les villes aux environs. Quelles sont les prestations d&rsquo;Artisanlocal ? Peinture int\u00e9rieure : sur [&hellip;]","og_url":"https:\/\/www.artisanlocal.ch\/c\/societe-de-peintre-a-moudon\/","og_site_name":"Artisanlocal","article_modified_time":"2025-09-18T10:19:30+00:00","og_image":[{"width":1920,"height":300,"url":"https:\/\/www.artisanlocal.ch\/c\/wp-content\/uploads\/2024\/10\/peintre.jpg","type":"image\/jpeg"}],"twitter_card":"summary_large_image","twitter_misc":{"Dur\u00e9e de lecture estim\u00e9e":"5 minutes"},"schema":{"@context":"https:\/\/schema.org","@graph":[{"@type":"WebPage","@id":"https:\/\/www.artisanlocal.ch\/c\/societe-de-peintre-a-moudon\/","url":"https:\/\/www.artisanlocal.ch\/c\/societe-de-peintre-a-moudon\/","name":"Peintre \u00e0 Moudon - Artisanlocal","isPartOf":{"@id":"https:\/\/www.artisanlocal.ch\/c\/#website"},"primaryImageOfPage":{"@id":"https:\/\/www.artisanlocal.ch\/c\/societe-de-peintre-a-moudon\/#primaryimage"},"image":{"@id":"https:\/\/www.artisanlocal.ch\/c\/societe-de-peintre-a-moudon\/#primaryimage"},"thumbnailUrl":"https:\/\/www.artisanlocal.ch\/c\/wp-content\/uploads\/2024\/10\/peintre.jpg","datePublished":"2024-04-15T17:03:59+00:00","dateModified":"2025-09-18T10:19:30+00:00","breadcrumb":{"@id":"https:\/\/www.artisanlocal.ch\/c\/societe-de-peintre-a-moudon\/#breadcrumb"},"inLanguage":"fr-FR","potentialAction":[{"@type":"ReadAction","target":["https:\/\/www.artisanlocal.ch\/c\/societe-de-peintre-a-moudon\/"]}]},{"@type":"ImageObject","inLanguage":"fr-FR","@id":"https:\/\/www.artisanlocal.ch\/c\/societe-de-peintre-a-moudon\/#primaryimage","url":"https:\/\/www.artisanlocal.ch\/c\/wp-content\/uploads\/2024\/10\/peintre.jpg","contentUrl":"https:\/\/www.artisanlocal.ch\/c\/wp-content\/uploads\/2024\/10\/peintre.jpg","width":1920,"height":300},{"@type":"BreadcrumbList","@id":"https:\/\/www.artisanlocal.ch\/c\/societe-de-peintre-a-moudon\/#breadcrumb","itemListElement":[{"@type":"ListItem","position":1,"name":"Accueil","item":"https:\/\/www.artisanlocal.ch\/c\/"},{"@type":"ListItem","position":2,"name":"Peintre \u00e0 Moudon"}]},{"@type":"WebSite","@id":"https:\/\/www.artisanlocal.ch\/c\/#website","url":"https:\/\/www.artisanlocal.ch\/c\/","name":"Artisanlocal","description":"","publisher":{"@id":"https:\/\/www.artisanlocal.ch\/c\/#organization"},"potentialAction":[{"@type":"SearchAction","target":{"@type":"EntryPoint","urlTemplate":"https:\/\/www.artisanlocal.ch\/c\/?s={search_term_string}"},"query-input":{"@type":"PropertyValueSpecification","valueRequired":true,"valueName":"search_term_string"}}],"inLanguage":"fr-FR"},{"@type":"Organization","@id":"https:\/\/www.artisanlocal.ch\/c\/#organization","name":"Artisanlocal","url":"https:\/\/www.artisanlocal.ch\/c\/","logo":{"@type":"ImageObject","inLanguage":"fr-FR","@id":"https:\/\/www.artisanlocal.ch\/c\/#\/schema\/logo\/image\/","url":"https:\/\/www.artisanlocal.ch\/c\/wp-content\/uploads\/2024\/02\/logo-artisanlocal-h.svg","contentUrl":"https:\/\/www.artisanlocal.ch\/c\/wp-content\/uploads\/2024\/02\/logo-artisanlocal-h.svg","caption":"Artisanlocal"},"image":{"@id":"https:\/\/www.artisanlocal.ch\/c\/#\/schema\/logo\/image\/"}}]}},"_links":{"self":[{"href":"https:\/\/www.artisanlocal.ch\/c\/wp-json\/wp\/v2\/pages\/724","targetHints":{"allow":["GET"]}}],"collection":[{"href":"https:\/\/www.artisanlocal.ch\/c\/wp-json\/wp\/v2\/pages"}],"about":[{"href":"https:\/\/www.artisanlocal.ch\/c\/wp-json\/wp\/v2\/types\/page"}],"author":[{"embeddable":true,"href":"https:\/\/www.artisanlocal.ch\/c\/wp-json\/wp\/v2\/users\/4"}],"replies":[{"embeddable":true,"href":"https:\/\/www.artisanlocal.ch\/c\/wp-json\/wp\/v2\/comments?post=724"}],"version-history":[{"count":0,"href":"https:\/\/www.artisanlocal.ch\/c\/wp-json\/wp\/v2\/pages\/724\/revisions"}],"wp:featuredmedia":[{"embeddable":true,"href":"https:\/\/www.artisanlocal.ch\/c\/wp-json\/wp\/v2\/media\/2756"}],"wp:attachment":[{"href":"https:\/\/www.artisanlocal.ch\/c\/wp-json\/wp\/v2\/media?parent=724"}],"wp:term":[{"taxonomy":"profession","embeddable":true,"href":"https:\/\/www.artisanlocal.ch\/c\/wp-json\/wp\/v2\/profession?post=724"},{"taxonomy":"location","embeddable":true,"href":"https:\/\/www.artisanlocal.ch\/c\/wp-json\/wp\/v2\/location?post=724"},{"taxonomy":"canton","embeddable":true,"href":"https:\/\/www.artisanlocal.ch\/c\/wp-json\/wp\/v2\/canton?post=724"}],"curies":[{"name":"wp","href":"https:\/\/api.w.org\/{rel}","templated":true}]}}