{"id":725,"date":"2024-04-15T14:15:24","date_gmt":"2024-04-15T12:15:24","guid":{"rendered":"https:\/\/www.artisanlocal.ch\/c\/entreprise-de-peintre-a-nyon\/"},"modified":"2025-09-18T12:23:17","modified_gmt":"2025-09-18T10:23:17","slug":"entreprise-de-peintre-a-nyon","status":"publish","type":"page","link":"https:\/\/www.artisanlocal.ch\/c\/entreprise-de-peintre-a-nyon\/","title":{"rendered":"Peintre \u00e0 Nyon"},"content":{"rendered":"<p>Besoin d&rsquo;une entreprise de peinture \u00e0 Nyon ? Artisanlocal propose des services de qualit\u00e9, de l&rsquo;\u00e9tude aux finitions, si vous \u00eates un Nyonnais, nous intervenons rapidement \u00e0 votre domicile et dans les villes aux alentours.<br \/>\n\r\n<div class=\"box\">\r\n    <h2 class=\"text-dark\">Nous cherchons un <em class=\"text-primary\">Peintre<\/em> dans la r\u00e9gion de <em class=\"text-primary\">Nyon<\/em>  en exclusivit\u00e9, afin de proposer vos services \u00e0 nos clients propri\u00e9taires.<\/h2>\r\n    <p>Une opportunit\u00e9 unique pour booster votre activit\u00e9 \u00e0 <strong>Nyon<\/strong> et aux alentours dans votre domaine (Peintre).<\/p>\r\n    <p>Nous travaillons en exclusivit\u00e9 avec qu'une soci\u00e9t\u00e9 par m\u00e9tier et par r\u00e9gion. <br>Votre entreprise est pr\u00e9sente sur tous les documents immobiliers. Afin d'\u00eatre mieux vu sur le net, vous \u00eates \u00e9galement visible sur nos deux sites et sur les pages de r\u00e9f\u00e9rencement de votre r\u00e9gion.<\/p>\r\n    <a href=\"\/contact\" class=\"wp-block-button__link has-accent-background-color has-text-align-center wp-element-button\">R\u00e9server<\/a>\r\n<\/div><\/p>\n<h2>Quels sont les services d&rsquo;Artisanlocal ?<\/h2>\n<ul>\n<li>Peinture int\u00e9rieure : sur vos plafonds, murs, moulures, portes, ou dans vos pi\u00e8ces, comme votre salle de bain, salon ou chambre.<\/li>\n<li>Peinture ext\u00e9rieure : application d&rsquo;une nouvelle couche de peinture sur les terrasses, les cl\u00f4tures, le bardage, les briques, le stuc et les portes de garage.<\/li>\n<li>La peinture d\u00e9corative : cr\u00e9ation d\u2019effets, comme le faux marbre, patines, effet vieilli, faux bois, effet oxyd\u00e9.<\/li>\n<li>Peinture pour cuisine : ajout d&rsquo;une peinture d\u00e9corative comme la peinture finition satin\u00e9e qui est simple \u00e0 nettoyer.<\/li>\n<li>Les travaux d&rsquo;enduits d\u00e9coratifs : mise en place d&rsquo;enduits comme le tadelakt ou le b\u00e9ton cir\u00e9.<\/li>\n<li>Artiste peintre : cr\u00e9ation de fresques murales (ext\u00e9rieur, int\u00e9rieur, artistique ou d\u00e9corative).<\/li>\n<li>Peinture de ravalement de fa\u00e7ade : restauration de la face avant du b\u00e2timent, cr\u00e9pi, bardage, pose d&rsquo;enduit ou de peinture.<\/li>\n<li>Peinture cordiste : travaux de peinture en hauteur, nous intervenons dans les coins difficiles d\u2019acc\u00e8s, comme les usines, tours, ponts ou \u00e9oliennes.<\/li>\n<li>Peinture de finition : ajout d\u2019une couche de finition sur votre mobilier de cuisine ou de votre salle d&rsquo;eau.<\/li>\n<li>Les travaux d&rsquo;installation et de r\u00e9novation : le colmatage des br\u00e8ches dans vos murs, l&rsquo;installation de nouvelles plaques de pl\u00e2tre, ou la r\u00e9paration des creux dans les murs.<\/li>\n<li>Les travaux de d\u00e9collage et d&rsquo;installation de papier peint : le retrait et la mise en place d&rsquo;un nouveau rev\u00eatement mural.<\/li>\n<li>Peinture pour les magasins : pour les espaces de travail, restaurants, \u00e9coles, salles de sports et autres propri\u00e9t\u00e9s commerciales.<\/li>\n<li>Peinture pour immeuble : de la pr\u00e9paration des murs et des plafonds avant les travaux, jusqu&rsquo;\u00e0 la r\u00e9alisation des finitions et la pose des rev\u00eatements\/peintures.<\/li>\n<\/ul>\n<h2>Comment fonctionne votre entreprise ?<\/h2>\n<h3>\u00c9tape 1\u00a0 : recevez une estimation<\/h3>\n<p>Demandez-nous un devis par t\u00e9l\u00e9phone ou mail, vous recevez rapidement votre estimation.<\/p>\n<h3>\u00c9tape 2\u00a0 : \u00e9tudiez votre devis<\/h3>\n<p>Ayez la garantie que le devis que vous obtenez d\u00e9termine bien le prix de vos travaux. Si vous avez des questions, contacter notre entreprise pour obtenir plus d&rsquo;informations sur les d\u00e9tails de votre devis.<\/p>\n<h3>\u00c9tape 3\u00a0 : organisez la date de commencement de votre projet<\/h3>\n<p>Apr\u00e8s la validation du devis, nous planifions ensemble le commencement de votre projet. Pour atteindre vos objectifs, nous vous mettons \u00e0 disposition un chef de projet.<\/p>\n<h2>Que faut-il payer pour des travaux de peinture \u00e0 Nyon ?<\/h2>\n<p>Le prix des travaux de peinture d\u00e9pend principalement de l&rsquo;\u00e9tat des zones \u00e0 r\u00e9nover. Le plus souvent, les tarifs se situent entre 60 et 70 CHF par heure. La main-d&rsquo;\u0153uvre repr\u00e9sente environ 80% \u00e0 90% du prix, tandis que le co\u00fbt de la peinture ne compose que 10% \u00e0 20% du co\u00fbt.<\/p>\n<h2>Pourquoi s\u00e9lectionner nos artisans peintres \u00e0 Nyon ? ?<\/h2>\n<ul>\n<li>Disponibilit\u00e9 : situ\u00e9s \u00e0 Nyon, nos artisans peintres interviennent d\u00e8s que possible chez vous.<\/li>\n<li>Excellence : en choisissant notre entreprise, vous choisissez l&rsquo;excellence et le savoir-faire.<\/li>\n<li>Tarifs avantageux : nous offrons des prix attractifs, adapt\u00e9s \u00e0 votre budget et \u00e0 vos exigences.<\/li>\n<li>Prestations personnalis\u00e9es : nous prenons en consid\u00e9ration les sp\u00e9cificit\u00e9s de votre r\u00e9novation de peinture afin de vous pr\u00e9senter des solutions personnalis\u00e9es.<\/li>\n<li>Le savoir-faire, nos artisans peintres \u00e0 Nyon ont de multiples expertises, comme : la pr\u00e9paration des zones avant l&rsquo;application de la peinture, l&rsquo;application des multiples couches et la mise en \u0153uvre des finitions.<\/li>\n<\/ul>\n<h2>FAQ<\/h2>\n<h3>Quelle peinture utilisez-vous ?<\/h3>\n<p>Nous utilisons que des peintures de qualit\u00e9 sup\u00e9rieure. Il est possible pour nos peintres d&rsquo;utiliser les pots que vous avez en stock.<\/p>\n<h3>Votre soci\u00e9t\u00e9 est-elle disponible le week-end ?<\/h3>\n<p>Oui, nos \u00e9quipes sont joignables le samedi et le dimanche \u00e0 Nyon et dans les localit\u00e9s alentours.<\/p>\n<h3>Les meubles sont-ils couverts lors de votre intervention ?<\/h3>\n<p>Oui, nous prot\u00e9geons votre mobilier et votre \u00e9lectrom\u00e9nager pendant notre intervention. N\u00e9anmoins, si vous avez des objets susceptibles de se briser, nous vous recommandons d&rsquo;en aviser le chef de projet, nous prendrons plus de pr\u00e9cautions.<\/p>\n<h3>Quels sont les recours si j&rsquo;estime le travail effectu\u00e9 incomplet ?<\/h3>\n<p>Si notre travail ne vous satisfait pas, nous prenons l&rsquo;engagement d&rsquo;effectuer les corrections n\u00e9cessaires jusqu&rsquo;\u00e0 ce que vous soyez satisfait.<\/p>\n<h3>Vos devis sont-ils gratuits ?<\/h3>\n<p>Oui, nos devis sont 100% gratuits et transparents. Nos techniciens se d\u00e9placent dans votre foyer pour r\u00e9pondre \u00e0 vos questions et confirmer avec vous votre estimation.<\/p>\n<h3>Votre soci\u00e9t\u00e9 r\u00e9alise des interventions de peintures aux environs de Nyon ?<\/h3>\n<p>Oui, notre entreprise intervient \u00e0 Nyon, mais aussi dans les villes proches, comme :<\/p>\nGland, Prangins, Le Vaud, Eysins, Crassier, St-Cergue, La Cure, Duillier, Coinsins, Vich, Begnins, Bassins, Tr\u00e9lex, Givrins, Genolier, Arzier-Le Muids, Grens, Signy, Ch\u00e9serex, Gingins, Arnex-sur-Nyon, Borex, La Rippe, Crans VD.\n","protected":false},"excerpt":{"rendered":"<p>Besoin d&rsquo;une entreprise de peinture \u00e0 Nyon ? Artisanlocal propose des services de qualit\u00e9, de l&rsquo;\u00e9tude aux finitions, si vous \u00eates un Nyonnais, nous intervenons rapidement \u00e0 votre domicile et dans les villes aux alentours. Quels sont les services d&rsquo;Artisanlocal ? Peinture int\u00e9rieure : sur vos plafonds, murs, moulures, portes, ou dans vos pi\u00e8ces, comme [&hellip;]<\/p>\n","protected":false},"author":4,"featured_media":2756,"parent":0,"menu_order":0,"comment_status":"closed","ping_status":"closed","template":"","meta":{"footnotes":""},"profession":[121],"location":[103],"canton":[113],"class_list":["post-725","page","type-page","status-publish","has-post-thumbnail","hentry","profession-peintre","location-nyon","canton-vd"],"yoast_head":"<!-- This site is optimized with the Yoast SEO Premium plugin v25.7.1 (Yoast SEO v27.3) - https:\/\/yoast.com\/product\/yoast-seo-premium-wordpress\/ -->\n<title>Peintre \u00e0 Nyon - Artisanlocal<\/title>\n<meta name=\"robots\" content=\"index, follow, max-snippet:-1, max-image-preview:large, max-video-preview:-1\" \/>\n<link rel=\"canonical\" href=\"https:\/\/www.artisanlocal.ch\/c\/entreprise-de-peintre-a-nyon\/\" \/>\n<meta property=\"og:locale\" content=\"fr_FR\" \/>\n<meta property=\"og:type\" content=\"article\" \/>\n<meta property=\"og:title\" content=\"Peintre \u00e0 Nyon\" \/>\n<meta property=\"og:description\" content=\"Besoin d&rsquo;une entreprise de peinture \u00e0 Nyon ? Artisanlocal propose des services de qualit\u00e9, de l&rsquo;\u00e9tude aux finitions, si vous \u00eates un Nyonnais, nous intervenons rapidement \u00e0 votre domicile et dans les villes aux alentours. Quels sont les services d&rsquo;Artisanlocal ? Peinture int\u00e9rieure : sur vos plafonds, murs, moulures, portes, ou dans vos pi\u00e8ces, comme [&hellip;]\" \/>\n<meta property=\"og:url\" content=\"https:\/\/www.artisanlocal.ch\/c\/entreprise-de-peintre-a-nyon\/\" \/>\n<meta property=\"og:site_name\" content=\"Artisanlocal\" \/>\n<meta property=\"article:modified_time\" content=\"2025-09-18T10:23:17+00:00\" \/>\n<meta property=\"og:image\" content=\"https:\/\/www.artisanlocal.ch\/c\/wp-content\/uploads\/2024\/10\/peintre.jpg\" \/>\n\t<meta property=\"og:image:width\" content=\"1920\" \/>\n\t<meta property=\"og:image:height\" content=\"300\" \/>\n\t<meta property=\"og:image:type\" content=\"image\/jpeg\" \/>\n<meta name=\"twitter:card\" content=\"summary_large_image\" \/>\n<meta name=\"twitter:label1\" content=\"Dur\u00e9e de lecture estim\u00e9e\" \/>\n\t<meta name=\"twitter:data1\" content=\"4 minutes\" \/>\n<script type=\"application\/ld+json\" class=\"yoast-schema-graph\">{\"@context\":\"https:\\\/\\\/schema.org\",\"@graph\":[{\"@type\":\"WebPage\",\"@id\":\"https:\\\/\\\/www.artisanlocal.ch\\\/c\\\/entreprise-de-peintre-a-nyon\\\/\",\"url\":\"https:\\\/\\\/www.artisanlocal.ch\\\/c\\\/entreprise-de-peintre-a-nyon\\\/\",\"name\":\"Peintre \u00e0 Nyon - Artisanlocal\",\"isPartOf\":{\"@id\":\"https:\\\/\\\/www.artisanlocal.ch\\\/c\\\/#website\"},\"primaryImageOfPage\":{\"@id\":\"https:\\\/\\\/www.artisanlocal.ch\\\/c\\\/entreprise-de-peintre-a-nyon\\\/#primaryimage\"},\"image\":{\"@id\":\"https:\\\/\\\/www.artisanlocal.ch\\\/c\\\/entreprise-de-peintre-a-nyon\\\/#primaryimage\"},\"thumbnailUrl\":\"https:\\\/\\\/www.artisanlocal.ch\\\/c\\\/wp-content\\\/uploads\\\/2024\\\/10\\\/peintre.jpg\",\"datePublished\":\"2024-04-15T12:15:24+00:00\",\"dateModified\":\"2025-09-18T10:23:17+00:00\",\"breadcrumb\":{\"@id\":\"https:\\\/\\\/www.artisanlocal.ch\\\/c\\\/entreprise-de-peintre-a-nyon\\\/#breadcrumb\"},\"inLanguage\":\"fr-FR\",\"potentialAction\":[{\"@type\":\"ReadAction\",\"target\":[\"https:\\\/\\\/www.artisanlocal.ch\\\/c\\\/entreprise-de-peintre-a-nyon\\\/\"]}]},{\"@type\":\"ImageObject\",\"inLanguage\":\"fr-FR\",\"@id\":\"https:\\\/\\\/www.artisanlocal.ch\\\/c\\\/entreprise-de-peintre-a-nyon\\\/#primaryimage\",\"url\":\"https:\\\/\\\/www.artisanlocal.ch\\\/c\\\/wp-content\\\/uploads\\\/2024\\\/10\\\/peintre.jpg\",\"contentUrl\":\"https:\\\/\\\/www.artisanlocal.ch\\\/c\\\/wp-content\\\/uploads\\\/2024\\\/10\\\/peintre.jpg\",\"width\":1920,\"height\":300},{\"@type\":\"BreadcrumbList\",\"@id\":\"https:\\\/\\\/www.artisanlocal.ch\\\/c\\\/entreprise-de-peintre-a-nyon\\\/#breadcrumb\",\"itemListElement\":[{\"@type\":\"ListItem\",\"position\":1,\"name\":\"Accueil\",\"item\":\"https:\\\/\\\/www.artisanlocal.ch\\\/c\\\/\"},{\"@type\":\"ListItem\",\"position\":2,\"name\":\"Peintre \u00e0 Nyon\"}]},{\"@type\":\"WebSite\",\"@id\":\"https:\\\/\\\/www.artisanlocal.ch\\\/c\\\/#website\",\"url\":\"https:\\\/\\\/www.artisanlocal.ch\\\/c\\\/\",\"name\":\"Artisanlocal\",\"description\":\"\",\"publisher\":{\"@id\":\"https:\\\/\\\/www.artisanlocal.ch\\\/c\\\/#organization\"},\"potentialAction\":[{\"@type\":\"SearchAction\",\"target\":{\"@type\":\"EntryPoint\",\"urlTemplate\":\"https:\\\/\\\/www.artisanlocal.ch\\\/c\\\/?s={search_term_string}\"},\"query-input\":{\"@type\":\"PropertyValueSpecification\",\"valueRequired\":true,\"valueName\":\"search_term_string\"}}],\"inLanguage\":\"fr-FR\"},{\"@type\":\"Organization\",\"@id\":\"https:\\\/\\\/www.artisanlocal.ch\\\/c\\\/#organization\",\"name\":\"Artisanlocal\",\"url\":\"https:\\\/\\\/www.artisanlocal.ch\\\/c\\\/\",\"logo\":{\"@type\":\"ImageObject\",\"inLanguage\":\"fr-FR\",\"@id\":\"https:\\\/\\\/www.artisanlocal.ch\\\/c\\\/#\\\/schema\\\/logo\\\/image\\\/\",\"url\":\"https:\\\/\\\/www.artisanlocal.ch\\\/c\\\/wp-content\\\/uploads\\\/2024\\\/02\\\/logo-artisanlocal-h.svg\",\"contentUrl\":\"https:\\\/\\\/www.artisanlocal.ch\\\/c\\\/wp-content\\\/uploads\\\/2024\\\/02\\\/logo-artisanlocal-h.svg\",\"caption\":\"Artisanlocal\"},\"image\":{\"@id\":\"https:\\\/\\\/www.artisanlocal.ch\\\/c\\\/#\\\/schema\\\/logo\\\/image\\\/\"}}]}<\/script>\n<!-- \/ Yoast SEO Premium plugin. -->","yoast_head_json":{"title":"Peintre \u00e0 Nyon - Artisanlocal","robots":{"index":"index","follow":"follow","max-snippet":"max-snippet:-1","max-image-preview":"max-image-preview:large","max-video-preview":"max-video-preview:-1"},"canonical":"https:\/\/www.artisanlocal.ch\/c\/entreprise-de-peintre-a-nyon\/","og_locale":"fr_FR","og_type":"article","og_title":"Peintre \u00e0 Nyon","og_description":"Besoin d&rsquo;une entreprise de peinture \u00e0 Nyon ? Artisanlocal propose des services de qualit\u00e9, de l&rsquo;\u00e9tude aux finitions, si vous \u00eates un Nyonnais, nous intervenons rapidement \u00e0 votre domicile et dans les villes aux alentours. Quels sont les services d&rsquo;Artisanlocal ? Peinture int\u00e9rieure : sur vos plafonds, murs, moulures, portes, ou dans vos pi\u00e8ces, comme [&hellip;]","og_url":"https:\/\/www.artisanlocal.ch\/c\/entreprise-de-peintre-a-nyon\/","og_site_name":"Artisanlocal","article_modified_time":"2025-09-18T10:23:17+00:00","og_image":[{"width":1920,"height":300,"url":"https:\/\/www.artisanlocal.ch\/c\/wp-content\/uploads\/2024\/10\/peintre.jpg","type":"image\/jpeg"}],"twitter_card":"summary_large_image","twitter_misc":{"Dur\u00e9e de lecture estim\u00e9e":"4 minutes"},"schema":{"@context":"https:\/\/schema.org","@graph":[{"@type":"WebPage","@id":"https:\/\/www.artisanlocal.ch\/c\/entreprise-de-peintre-a-nyon\/","url":"https:\/\/www.artisanlocal.ch\/c\/entreprise-de-peintre-a-nyon\/","name":"Peintre \u00e0 Nyon - Artisanlocal","isPartOf":{"@id":"https:\/\/www.artisanlocal.ch\/c\/#website"},"primaryImageOfPage":{"@id":"https:\/\/www.artisanlocal.ch\/c\/entreprise-de-peintre-a-nyon\/#primaryimage"},"image":{"@id":"https:\/\/www.artisanlocal.ch\/c\/entreprise-de-peintre-a-nyon\/#primaryimage"},"thumbnailUrl":"https:\/\/www.artisanlocal.ch\/c\/wp-content\/uploads\/2024\/10\/peintre.jpg","datePublished":"2024-04-15T12:15:24+00:00","dateModified":"2025-09-18T10:23:17+00:00","breadcrumb":{"@id":"https:\/\/www.artisanlocal.ch\/c\/entreprise-de-peintre-a-nyon\/#breadcrumb"},"inLanguage":"fr-FR","potentialAction":[{"@type":"ReadAction","target":["https:\/\/www.artisanlocal.ch\/c\/entreprise-de-peintre-a-nyon\/"]}]},{"@type":"ImageObject","inLanguage":"fr-FR","@id":"https:\/\/www.artisanlocal.ch\/c\/entreprise-de-peintre-a-nyon\/#primaryimage","url":"https:\/\/www.artisanlocal.ch\/c\/wp-content\/uploads\/2024\/10\/peintre.jpg","contentUrl":"https:\/\/www.artisanlocal.ch\/c\/wp-content\/uploads\/2024\/10\/peintre.jpg","width":1920,"height":300},{"@type":"BreadcrumbList","@id":"https:\/\/www.artisanlocal.ch\/c\/entreprise-de-peintre-a-nyon\/#breadcrumb","itemListElement":[{"@type":"ListItem","position":1,"name":"Accueil","item":"https:\/\/www.artisanlocal.ch\/c\/"},{"@type":"ListItem","position":2,"name":"Peintre \u00e0 Nyon"}]},{"@type":"WebSite","@id":"https:\/\/www.artisanlocal.ch\/c\/#website","url":"https:\/\/www.artisanlocal.ch\/c\/","name":"Artisanlocal","description":"","publisher":{"@id":"https:\/\/www.artisanlocal.ch\/c\/#organization"},"potentialAction":[{"@type":"SearchAction","target":{"@type":"EntryPoint","urlTemplate":"https:\/\/www.artisanlocal.ch\/c\/?s={search_term_string}"},"query-input":{"@type":"PropertyValueSpecification","valueRequired":true,"valueName":"search_term_string"}}],"inLanguage":"fr-FR"},{"@type":"Organization","@id":"https:\/\/www.artisanlocal.ch\/c\/#organization","name":"Artisanlocal","url":"https:\/\/www.artisanlocal.ch\/c\/","logo":{"@type":"ImageObject","inLanguage":"fr-FR","@id":"https:\/\/www.artisanlocal.ch\/c\/#\/schema\/logo\/image\/","url":"https:\/\/www.artisanlocal.ch\/c\/wp-content\/uploads\/2024\/02\/logo-artisanlocal-h.svg","contentUrl":"https:\/\/www.artisanlocal.ch\/c\/wp-content\/uploads\/2024\/02\/logo-artisanlocal-h.svg","caption":"Artisanlocal"},"image":{"@id":"https:\/\/www.artisanlocal.ch\/c\/#\/schema\/logo\/image\/"}}]}},"_links":{"self":[{"href":"https:\/\/www.artisanlocal.ch\/c\/wp-json\/wp\/v2\/pages\/725","targetHints":{"allow":["GET"]}}],"collection":[{"href":"https:\/\/www.artisanlocal.ch\/c\/wp-json\/wp\/v2\/pages"}],"about":[{"href":"https:\/\/www.artisanlocal.ch\/c\/wp-json\/wp\/v2\/types\/page"}],"author":[{"embeddable":true,"href":"https:\/\/www.artisanlocal.ch\/c\/wp-json\/wp\/v2\/users\/4"}],"replies":[{"embeddable":true,"href":"https:\/\/www.artisanlocal.ch\/c\/wp-json\/wp\/v2\/comments?post=725"}],"version-history":[{"count":0,"href":"https:\/\/www.artisanlocal.ch\/c\/wp-json\/wp\/v2\/pages\/725\/revisions"}],"wp:featuredmedia":[{"embeddable":true,"href":"https:\/\/www.artisanlocal.ch\/c\/wp-json\/wp\/v2\/media\/2756"}],"wp:attachment":[{"href":"https:\/\/www.artisanlocal.ch\/c\/wp-json\/wp\/v2\/media?parent=725"}],"wp:term":[{"taxonomy":"profession","embeddable":true,"href":"https:\/\/www.artisanlocal.ch\/c\/wp-json\/wp\/v2\/profession?post=725"},{"taxonomy":"location","embeddable":true,"href":"https:\/\/www.artisanlocal.ch\/c\/wp-json\/wp\/v2\/location?post=725"},{"taxonomy":"canton","embeddable":true,"href":"https:\/\/www.artisanlocal.ch\/c\/wp-json\/wp\/v2\/canton?post=725"}],"curies":[{"name":"wp","href":"https:\/\/api.w.org\/{rel}","templated":true}]}}