{"id":728,"date":"2024-04-15T00:16:02","date_gmt":"2024-04-14T22:16:02","guid":{"rendered":"https:\/\/www.artisanlocal.ch\/c\/trouver-le-meilleur-peintre-a-rolle\/"},"modified":"2025-09-17T19:34:41","modified_gmt":"2025-09-17T17:34:41","slug":"trouver-le-meilleur-peintre-a-rolle","status":"publish","type":"page","link":"https:\/\/www.artisanlocal.ch\/c\/trouver-le-meilleur-peintre-a-rolle\/","title":{"rendered":"Peintre \u00e0 Rolle"},"content":{"rendered":"<p>Besoin d&rsquo;un peintre \u00e0 Rolle ? Choisissez Artisanlocal pour repeindre votre int\u00e9rieur et ext\u00e9rieur, si vous \u00eates un Rollois, nous intervenons rapidement \u00e0 votre domicile et aussi dans les villes aux alentours.<\/p>\n\r\n<div class=\"box\">\r\n    <h2 class=\"text-dark\">Nous cherchons un <em class=\"text-primary\">Peintre<\/em> dans la r\u00e9gion de <em class=\"text-primary\">Rolle<\/em>  en exclusivit\u00e9, afin de proposer vos services \u00e0 nos clients propri\u00e9taires.<\/h2>\r\n    <p>Une opportunit\u00e9 unique pour booster votre activit\u00e9 \u00e0 <strong>Rolle<\/strong> et aux alentours dans votre domaine (Peintre).<\/p>\r\n    <p>Nous travaillons en exclusivit\u00e9 avec qu'une soci\u00e9t\u00e9 par m\u00e9tier et par r\u00e9gion. <br>Votre entreprise est pr\u00e9sente sur tous les documents immobiliers. Afin d'\u00eatre mieux vu sur le net, vous \u00eates \u00e9galement visible sur nos deux sites et sur les pages de r\u00e9f\u00e9rencement de votre r\u00e9gion.<\/p>\r\n    <a href=\"\/contact\" class=\"wp-block-button__link has-accent-background-color has-text-align-center wp-element-button\">R\u00e9server<\/a>\r\n<\/div>\n<h2>Quels sont les travaux qu&rsquo;Artisanlocal propose ?<\/h2>\n<ul>\n<li>Peinture int\u00e9rieure : sur vos portes, moulures, murs, et plafonds, ou dans les autres pi\u00e8ces de votre habitation telles que votre salon, chambre, ou salle d&rsquo;eau.<\/li>\n<li>Peinture ext\u00e9rieure : application d&rsquo;une nouvelle couche de peinture sur les portes de garage, les terrasses, les briques, les bardages, le stuc et les cl\u00f4tures.<\/li>\n<li>Peinture d\u00e9corative : pour concevoir des effets visuels comme le faux marbre, l&rsquo;effet oxyd\u00e9, les patines, le faux bois et l&rsquo;effet vieilli.<\/li>\n<li>Peinture dans votre cuisine : ajout d\u2019une couche peinture d\u00e9corative telle que la peinture satin\u00e9e qui est simple \u00e0 nettoyer.<\/li>\n<li>Les travaux d&rsquo;enduits d\u00e9coratifs : mise en place d&rsquo;enduits comme le b\u00e9ton cir\u00e9 ou le tadelakt.<\/li>\n<li>Artiste peintre : r\u00e9alisation de fresques murales (ext\u00e9rieur, int\u00e9rieur, artistique ou d\u00e9corative).<\/li>\n<li>Peinture pour le ravalement de fa\u00e7ade : r\u00e9novation de la face avant du b\u00e2timent cr\u00e9pi, bardage, pose d&rsquo;enduit ou de peinture.<\/li>\n<li>Peinture sur des zones en hauteur : nos peintres op\u00e8rent dans des emplacements compliqu\u00e9s comme les ponts, les usines, ou les tours.<\/li>\n<li>Peinture de finition : pose des finitions sur les meubles de cuisine ou dans la salle d&rsquo;eau.<\/li>\n<li>Restauration et mise en place : r\u00e9paration des fissures, colmatage des trous dans les murs, et l&rsquo;installation de cloisons s\u00e8ches neuves.<\/li>\n<li>Installation et suppression de l&rsquo;ancien de votre papier peint : retrait et changement de votre ancien papier peint.<\/li>\n<li>Peinture pour votre soci\u00e9t\u00e9 : pour les h\u00f4tels, espaces de travail, complexes sportifs, \u00e9tablissements \u00e9ducatifs et autres biens immobiliers commerciaux.<\/li>\n<li>Peinture pour b\u00e2timent : de la pr\u00e9paration des murs et plafonds avant la peinture, \u00e0 la r\u00e9alisation des travaux de finition et l\u2019application des peintures et rev\u00eatements.<\/li>\n<\/ul>\n<h2>Comment votre soci\u00e9t\u00e9 fonctionne ?<\/h2>\n<p>Dans notre soci\u00e9t\u00e9, nous avons cr\u00e9\u00e9 un syst\u00e8me \u00e9tape par \u00e9tape pour r\u00e9pondre aux attentes de nos partenaires.<\/p>\n<h3>\u00c9tape 1\u00a0 : recevez une estimation<\/h3>\n<p>Commandez un devis gratuit en ligne ou par t\u00e9l\u00e9phone dans les 24 heures.<\/p>\n<h3>\u00c9tape 2\u00a0 : \u00e9tudiez votre estimation<\/h3>\n<p>Soyez s\u00fbr que le devis que vous recevez d\u00e9finit bien le montant de votre projet. Si vous avez un doute, contacter notre entreprise pour en savoir plus sur les \u00e9l\u00e9ments de votre estimation.<\/p>\n<h3>\u00c9tape 3\u00a0 : fixez la date de commencement de votre projet<\/h3>\n<p>Une fois que vous avez approuv\u00e9 le devis, nous d\u00e9terminons ensemble la date de commencement de votre projet. Afin d&rsquo;assurer la bonne r\u00e9ussite de votre projet, nous vous attribuons un chef de projet.<\/p>\n<h2>Quel est le montant d&rsquo;une prestation de peinture \u00e0 Rolle ?<\/h2>\n<p>Le prix d&rsquo;une prestation de peinture d\u00e9pend principalement de l&rsquo;\u00e9tat des surfaces \u00e0 r\u00e9nover. G\u00e9n\u00e9ralement, les tarifs sont compris entre 60 et 70 CHF par heure. Environ 80% \u00e0 90% du montant sont attribu\u00e9s \u00e0 la main-d&rsquo;\u0153uvre, tandis que la peinture ne repr\u00e9sente que 10% \u00e0 20% de l&rsquo;enveloppe financi\u00e8re.<\/p>\n<h2>Pourquoi choisir nos artisans peintres \u00e0 Rolle ?<\/h2>\n<ul>\n<li>Disponibilit\u00e9 : nos peintres sont disponibles en continu \u00e0 Rolle pour r\u00e9pondre rapidement \u00e0 vos besoins.<\/li>\n<li>Qualit\u00e9 : en faisant appel \u00e0 notre entreprise de peinture, vous avez l&rsquo;assurance de profiter de prestations de qualit\u00e9, effectu\u00e9es avec soin et professionnalisme.<\/li>\n<li>Prix comp\u00e9titifs : nos prix sont \u00e9valu\u00e9s en tenant compte de vos d\u00e9sirs et de vos moyens.<\/li>\n<li>Prestations personnalis\u00e9es : nous analysons votre projet de peinture dans le but de cr\u00e9er une offre sur mesure.<\/li>\n<li>Le savoir-faire de nos experts \u00e0 Rolle, comme : le lavage et la pr\u00e9paration des surfaces avant la pose de la peinture, l&rsquo;application des diff\u00e9rentes couches et la mise en \u0153uvre des finitions.<\/li>\n<\/ul>\n<h2>Foire aux questions<\/h2>\n<h3>Quelle peinture avez-vous l&rsquo;habitude d&rsquo;utiliser ?<\/h3>\n<p>Nous s\u00e9lectionnons que des peintures premium. N\u00e9anmoins, nous pouvons utiliser la peinture que vous avez d\u00e9j\u00e0 achet\u00e9e.<\/p>\n<h3>Vos artisans peintres sont joignables le week-end ?<\/h3>\n<p>Oui, nous sommes joignables le samedi et le dimanche \u00e0 Rolle et dans les communes alentours.<\/p>\n<h3>Assurez-vous la protection de mon mobilier ?<\/h3>\n<p>Oui, nous apportons le mat\u00e9riel n\u00e9cessaire de sorte \u00e0 garantir que votre mobilier et votre \u00e9lectrom\u00e9nager soient couverts pendant nos travaux de peinture. Cependant, si vous d\u00e9tenez des objets susceptibles de se briser, nous vous conseillons d&rsquo;en informer le chef de projet, nous prendrons plus de pr\u00e9cautions.<\/p>\n<h3>Quelles sont les solutions si j&rsquo;estime le travail effectu\u00e9 incomplet ?<\/h3>\n<p>Si notre prestation ne vous satisfait pas, nous nous engageons \u00e0 effectuer les modifications n\u00e9cessaires jusqu&rsquo;\u00e0 ce que vous soyez satisfait.<\/p>\n<h3>Fournissez-vous des devis gratuits ?<\/h3>\n<p>Oui, nos devis sont 100% gratuits, sans frais cach\u00e9s. Si vous souhaitez plus d&rsquo;informations, un artisan se rend \u00e0 votre domicile pour valider le devis avec vous.<\/p>\n<h3>Votre soci\u00e9t\u00e9 r\u00e9alise des interventions de peintures aux environs de Rolle ?<\/h3>\n<p>Oui, notre entreprise effectue des interventions \u00e0 Rolle, et par ailleurs dans les villes, telles que :<\/p>\nTartegnin, Gilly, Bursins, Luins, Vinzel, Mont-sur-Rolle, Essertines-sur-Rolle, St-Oyens, Gimel, St-George, Bursinel, Dully, Longirod, Marchissy, Burtigny.\n","protected":false},"excerpt":{"rendered":"<p>Besoin d&rsquo;un peintre \u00e0 Rolle ? Choisissez Artisanlocal pour repeindre votre int\u00e9rieur et ext\u00e9rieur, si vous \u00eates un Rollois, nous intervenons rapidement \u00e0 votre domicile et aussi dans les villes aux alentours. Quels sont les travaux qu&rsquo;Artisanlocal propose ? Peinture int\u00e9rieure : sur vos portes, moulures, murs, et plafonds, ou dans les autres pi\u00e8ces de [&hellip;]<\/p>\n","protected":false},"author":4,"featured_media":2756,"parent":0,"menu_order":0,"comment_status":"closed","ping_status":"closed","template":"","meta":{"footnotes":""},"profession":[121],"location":[70],"canton":[113],"class_list":["post-728","page","type-page","status-publish","has-post-thumbnail","hentry","profession-peintre","location-rolle","canton-vd"],"yoast_head":"<!-- This site is optimized with the Yoast SEO Premium plugin v25.7.1 (Yoast SEO v27.3) - https:\/\/yoast.com\/product\/yoast-seo-premium-wordpress\/ -->\n<title>Peintre \u00e0 Rolle - Artisanlocal<\/title>\n<meta name=\"robots\" content=\"index, follow, max-snippet:-1, max-image-preview:large, max-video-preview:-1\" \/>\n<link rel=\"canonical\" href=\"https:\/\/www.artisanlocal.ch\/c\/trouver-le-meilleur-peintre-a-rolle\/\" \/>\n<meta property=\"og:locale\" content=\"fr_FR\" \/>\n<meta property=\"og:type\" content=\"article\" \/>\n<meta property=\"og:title\" content=\"Peintre \u00e0 Rolle\" \/>\n<meta property=\"og:description\" content=\"Besoin d&rsquo;un peintre \u00e0 Rolle ? Choisissez Artisanlocal pour repeindre votre int\u00e9rieur et ext\u00e9rieur, si vous \u00eates un Rollois, nous intervenons rapidement \u00e0 votre domicile et aussi dans les villes aux alentours. Quels sont les travaux qu&rsquo;Artisanlocal propose ? Peinture int\u00e9rieure : sur vos portes, moulures, murs, et plafonds, ou dans les autres pi\u00e8ces de [&hellip;]\" \/>\n<meta property=\"og:url\" content=\"https:\/\/www.artisanlocal.ch\/c\/trouver-le-meilleur-peintre-a-rolle\/\" \/>\n<meta property=\"og:site_name\" content=\"Artisanlocal\" \/>\n<meta property=\"article:modified_time\" content=\"2025-09-17T17:34:41+00:00\" \/>\n<meta property=\"og:image\" content=\"https:\/\/www.artisanlocal.ch\/c\/wp-content\/uploads\/2024\/10\/peintre.jpg\" \/>\n\t<meta property=\"og:image:width\" content=\"1920\" \/>\n\t<meta property=\"og:image:height\" content=\"300\" \/>\n\t<meta property=\"og:image:type\" content=\"image\/jpeg\" \/>\n<meta name=\"twitter:card\" content=\"summary_large_image\" \/>\n<meta name=\"twitter:label1\" content=\"Dur\u00e9e de lecture estim\u00e9e\" \/>\n\t<meta name=\"twitter:data1\" content=\"5 minutes\" \/>\n<script type=\"application\/ld+json\" class=\"yoast-schema-graph\">{\"@context\":\"https:\\\/\\\/schema.org\",\"@graph\":[{\"@type\":\"WebPage\",\"@id\":\"https:\\\/\\\/www.artisanlocal.ch\\\/c\\\/trouver-le-meilleur-peintre-a-rolle\\\/\",\"url\":\"https:\\\/\\\/www.artisanlocal.ch\\\/c\\\/trouver-le-meilleur-peintre-a-rolle\\\/\",\"name\":\"Peintre \u00e0 Rolle - Artisanlocal\",\"isPartOf\":{\"@id\":\"https:\\\/\\\/www.artisanlocal.ch\\\/c\\\/#website\"},\"primaryImageOfPage\":{\"@id\":\"https:\\\/\\\/www.artisanlocal.ch\\\/c\\\/trouver-le-meilleur-peintre-a-rolle\\\/#primaryimage\"},\"image\":{\"@id\":\"https:\\\/\\\/www.artisanlocal.ch\\\/c\\\/trouver-le-meilleur-peintre-a-rolle\\\/#primaryimage\"},\"thumbnailUrl\":\"https:\\\/\\\/www.artisanlocal.ch\\\/c\\\/wp-content\\\/uploads\\\/2024\\\/10\\\/peintre.jpg\",\"datePublished\":\"2024-04-14T22:16:02+00:00\",\"dateModified\":\"2025-09-17T17:34:41+00:00\",\"breadcrumb\":{\"@id\":\"https:\\\/\\\/www.artisanlocal.ch\\\/c\\\/trouver-le-meilleur-peintre-a-rolle\\\/#breadcrumb\"},\"inLanguage\":\"fr-FR\",\"potentialAction\":[{\"@type\":\"ReadAction\",\"target\":[\"https:\\\/\\\/www.artisanlocal.ch\\\/c\\\/trouver-le-meilleur-peintre-a-rolle\\\/\"]}]},{\"@type\":\"ImageObject\",\"inLanguage\":\"fr-FR\",\"@id\":\"https:\\\/\\\/www.artisanlocal.ch\\\/c\\\/trouver-le-meilleur-peintre-a-rolle\\\/#primaryimage\",\"url\":\"https:\\\/\\\/www.artisanlocal.ch\\\/c\\\/wp-content\\\/uploads\\\/2024\\\/10\\\/peintre.jpg\",\"contentUrl\":\"https:\\\/\\\/www.artisanlocal.ch\\\/c\\\/wp-content\\\/uploads\\\/2024\\\/10\\\/peintre.jpg\",\"width\":1920,\"height\":300},{\"@type\":\"BreadcrumbList\",\"@id\":\"https:\\\/\\\/www.artisanlocal.ch\\\/c\\\/trouver-le-meilleur-peintre-a-rolle\\\/#breadcrumb\",\"itemListElement\":[{\"@type\":\"ListItem\",\"position\":1,\"name\":\"Accueil\",\"item\":\"https:\\\/\\\/www.artisanlocal.ch\\\/c\\\/\"},{\"@type\":\"ListItem\",\"position\":2,\"name\":\"Peintre \u00e0 Rolle\"}]},{\"@type\":\"WebSite\",\"@id\":\"https:\\\/\\\/www.artisanlocal.ch\\\/c\\\/#website\",\"url\":\"https:\\\/\\\/www.artisanlocal.ch\\\/c\\\/\",\"name\":\"Artisanlocal\",\"description\":\"\",\"publisher\":{\"@id\":\"https:\\\/\\\/www.artisanlocal.ch\\\/c\\\/#organization\"},\"potentialAction\":[{\"@type\":\"SearchAction\",\"target\":{\"@type\":\"EntryPoint\",\"urlTemplate\":\"https:\\\/\\\/www.artisanlocal.ch\\\/c\\\/?s={search_term_string}\"},\"query-input\":{\"@type\":\"PropertyValueSpecification\",\"valueRequired\":true,\"valueName\":\"search_term_string\"}}],\"inLanguage\":\"fr-FR\"},{\"@type\":\"Organization\",\"@id\":\"https:\\\/\\\/www.artisanlocal.ch\\\/c\\\/#organization\",\"name\":\"Artisanlocal\",\"url\":\"https:\\\/\\\/www.artisanlocal.ch\\\/c\\\/\",\"logo\":{\"@type\":\"ImageObject\",\"inLanguage\":\"fr-FR\",\"@id\":\"https:\\\/\\\/www.artisanlocal.ch\\\/c\\\/#\\\/schema\\\/logo\\\/image\\\/\",\"url\":\"https:\\\/\\\/www.artisanlocal.ch\\\/c\\\/wp-content\\\/uploads\\\/2024\\\/02\\\/logo-artisanlocal-h.svg\",\"contentUrl\":\"https:\\\/\\\/www.artisanlocal.ch\\\/c\\\/wp-content\\\/uploads\\\/2024\\\/02\\\/logo-artisanlocal-h.svg\",\"caption\":\"Artisanlocal\"},\"image\":{\"@id\":\"https:\\\/\\\/www.artisanlocal.ch\\\/c\\\/#\\\/schema\\\/logo\\\/image\\\/\"}}]}<\/script>\n<!-- \/ Yoast SEO Premium plugin. -->","yoast_head_json":{"title":"Peintre \u00e0 Rolle - Artisanlocal","robots":{"index":"index","follow":"follow","max-snippet":"max-snippet:-1","max-image-preview":"max-image-preview:large","max-video-preview":"max-video-preview:-1"},"canonical":"https:\/\/www.artisanlocal.ch\/c\/trouver-le-meilleur-peintre-a-rolle\/","og_locale":"fr_FR","og_type":"article","og_title":"Peintre \u00e0 Rolle","og_description":"Besoin d&rsquo;un peintre \u00e0 Rolle ? Choisissez Artisanlocal pour repeindre votre int\u00e9rieur et ext\u00e9rieur, si vous \u00eates un Rollois, nous intervenons rapidement \u00e0 votre domicile et aussi dans les villes aux alentours. Quels sont les travaux qu&rsquo;Artisanlocal propose ? Peinture int\u00e9rieure : sur vos portes, moulures, murs, et plafonds, ou dans les autres pi\u00e8ces de [&hellip;]","og_url":"https:\/\/www.artisanlocal.ch\/c\/trouver-le-meilleur-peintre-a-rolle\/","og_site_name":"Artisanlocal","article_modified_time":"2025-09-17T17:34:41+00:00","og_image":[{"width":1920,"height":300,"url":"https:\/\/www.artisanlocal.ch\/c\/wp-content\/uploads\/2024\/10\/peintre.jpg","type":"image\/jpeg"}],"twitter_card":"summary_large_image","twitter_misc":{"Dur\u00e9e de lecture estim\u00e9e":"5 minutes"},"schema":{"@context":"https:\/\/schema.org","@graph":[{"@type":"WebPage","@id":"https:\/\/www.artisanlocal.ch\/c\/trouver-le-meilleur-peintre-a-rolle\/","url":"https:\/\/www.artisanlocal.ch\/c\/trouver-le-meilleur-peintre-a-rolle\/","name":"Peintre \u00e0 Rolle - Artisanlocal","isPartOf":{"@id":"https:\/\/www.artisanlocal.ch\/c\/#website"},"primaryImageOfPage":{"@id":"https:\/\/www.artisanlocal.ch\/c\/trouver-le-meilleur-peintre-a-rolle\/#primaryimage"},"image":{"@id":"https:\/\/www.artisanlocal.ch\/c\/trouver-le-meilleur-peintre-a-rolle\/#primaryimage"},"thumbnailUrl":"https:\/\/www.artisanlocal.ch\/c\/wp-content\/uploads\/2024\/10\/peintre.jpg","datePublished":"2024-04-14T22:16:02+00:00","dateModified":"2025-09-17T17:34:41+00:00","breadcrumb":{"@id":"https:\/\/www.artisanlocal.ch\/c\/trouver-le-meilleur-peintre-a-rolle\/#breadcrumb"},"inLanguage":"fr-FR","potentialAction":[{"@type":"ReadAction","target":["https:\/\/www.artisanlocal.ch\/c\/trouver-le-meilleur-peintre-a-rolle\/"]}]},{"@type":"ImageObject","inLanguage":"fr-FR","@id":"https:\/\/www.artisanlocal.ch\/c\/trouver-le-meilleur-peintre-a-rolle\/#primaryimage","url":"https:\/\/www.artisanlocal.ch\/c\/wp-content\/uploads\/2024\/10\/peintre.jpg","contentUrl":"https:\/\/www.artisanlocal.ch\/c\/wp-content\/uploads\/2024\/10\/peintre.jpg","width":1920,"height":300},{"@type":"BreadcrumbList","@id":"https:\/\/www.artisanlocal.ch\/c\/trouver-le-meilleur-peintre-a-rolle\/#breadcrumb","itemListElement":[{"@type":"ListItem","position":1,"name":"Accueil","item":"https:\/\/www.artisanlocal.ch\/c\/"},{"@type":"ListItem","position":2,"name":"Peintre \u00e0 Rolle"}]},{"@type":"WebSite","@id":"https:\/\/www.artisanlocal.ch\/c\/#website","url":"https:\/\/www.artisanlocal.ch\/c\/","name":"Artisanlocal","description":"","publisher":{"@id":"https:\/\/www.artisanlocal.ch\/c\/#organization"},"potentialAction":[{"@type":"SearchAction","target":{"@type":"EntryPoint","urlTemplate":"https:\/\/www.artisanlocal.ch\/c\/?s={search_term_string}"},"query-input":{"@type":"PropertyValueSpecification","valueRequired":true,"valueName":"search_term_string"}}],"inLanguage":"fr-FR"},{"@type":"Organization","@id":"https:\/\/www.artisanlocal.ch\/c\/#organization","name":"Artisanlocal","url":"https:\/\/www.artisanlocal.ch\/c\/","logo":{"@type":"ImageObject","inLanguage":"fr-FR","@id":"https:\/\/www.artisanlocal.ch\/c\/#\/schema\/logo\/image\/","url":"https:\/\/www.artisanlocal.ch\/c\/wp-content\/uploads\/2024\/02\/logo-artisanlocal-h.svg","contentUrl":"https:\/\/www.artisanlocal.ch\/c\/wp-content\/uploads\/2024\/02\/logo-artisanlocal-h.svg","caption":"Artisanlocal"},"image":{"@id":"https:\/\/www.artisanlocal.ch\/c\/#\/schema\/logo\/image\/"}}]}},"_links":{"self":[{"href":"https:\/\/www.artisanlocal.ch\/c\/wp-json\/wp\/v2\/pages\/728","targetHints":{"allow":["GET"]}}],"collection":[{"href":"https:\/\/www.artisanlocal.ch\/c\/wp-json\/wp\/v2\/pages"}],"about":[{"href":"https:\/\/www.artisanlocal.ch\/c\/wp-json\/wp\/v2\/types\/page"}],"author":[{"embeddable":true,"href":"https:\/\/www.artisanlocal.ch\/c\/wp-json\/wp\/v2\/users\/4"}],"replies":[{"embeddable":true,"href":"https:\/\/www.artisanlocal.ch\/c\/wp-json\/wp\/v2\/comments?post=728"}],"version-history":[{"count":0,"href":"https:\/\/www.artisanlocal.ch\/c\/wp-json\/wp\/v2\/pages\/728\/revisions"}],"wp:featuredmedia":[{"embeddable":true,"href":"https:\/\/www.artisanlocal.ch\/c\/wp-json\/wp\/v2\/media\/2756"}],"wp:attachment":[{"href":"https:\/\/www.artisanlocal.ch\/c\/wp-json\/wp\/v2\/media?parent=728"}],"wp:term":[{"taxonomy":"profession","embeddable":true,"href":"https:\/\/www.artisanlocal.ch\/c\/wp-json\/wp\/v2\/profession?post=728"},{"taxonomy":"location","embeddable":true,"href":"https:\/\/www.artisanlocal.ch\/c\/wp-json\/wp\/v2\/location?post=728"},{"taxonomy":"canton","embeddable":true,"href":"https:\/\/www.artisanlocal.ch\/c\/wp-json\/wp\/v2\/canton?post=728"}],"curies":[{"name":"wp","href":"https:\/\/api.w.org\/{rel}","templated":true}]}}