{"id":729,"date":"2024-04-16T08:16:18","date_gmt":"2024-04-16T06:16:18","guid":{"rendered":"https:\/\/www.artisanlocal.ch\/c\/engager-le-meilleur-peintre-a-vevey\/"},"modified":"2026-04-03T12:58:15","modified_gmt":"2026-04-03T10:58:15","slug":"engager-le-meilleur-peintre-a-vevey","status":"publish","type":"page","link":"https:\/\/www.artisanlocal.ch\/c\/engager-le-meilleur-peintre-a-vevey\/","title":{"rendered":"Peintre \u00e0 Vevey"},"content":{"rendered":"<p>Besoin d&rsquo;un peintre \u00e0 Vevey ? Artisanlocal r\u00e9nove la peinture de votre int\u00e9rieur et de votre ext\u00e9rieur, si vous \u00eates un Veveysan, nous intervenons rapidement \u00e0 votre domicile et aussi dans les villes \u00e0 proximit\u00e9.<\/p>\n\r\n<div class=\"box\">\r\n            <div class=\"company-info\">\r\n            <img decoding=\"async\" class=\"company-info__logo\" src=\"https:\/\/www.artisanlocal.ch\/media\/cache\/thumb\/images\/companies\/687e356b45890617501541.png\" alt=\"Logo\">\r\n            <h2 class=\"company-info__name\">AM Peinture-R\u00e9novation S\u00e0rl<\/h2>\r\n            <p class=\"company-info__business\">Peinture (int\u00e9rieure, ext\u00e9rieure, \u00e9cologique, d\u00e9corative) - Pl\u00e2trerie - R\u00e9novation (int\u00e9rieure, de fa\u00e7ades) - Isolation - Am\u00e9nagement de nouveaux espaces (cr\u00e9ation, r\u00e9am\u00e9nagement)<\/p>\r\n        <\/div>\r\n        <div class=\"company-contact\">\r\n            <p class=\"company-info__address\">Rue du Cygne 5<\/p>\r\n                            <div class=\"links\">\r\n                                            <a class=\"btn has-accent-background-color js-phoneNumber\" href=\"tel:0763905414\" title=\"Appelez\" data-id=\"11225\" data-type=\"11\">076 390 54 14<\/a>\r\n                                                                <a class=\"btn has-accent-background-color\" href=\"https:\/\/peinture-renovation.ch\/\" target=\"_blank\" title=\"Voir le site internet\" data-id=\"11225\" data-type=\"20\">Site internet<\/a>\r\n                                    <\/div>\r\n                    <\/div>\r\n    \r\n            \r\n<form action=\"https:\/\/www.artisanlocal.ch\/c\/wp-admin\/admin-ajax.php\" method=\"post\" class=\"form-contact\" id=\"artisan_form_contact_company_inline\">\r\n    <div><input type=\"hidden\" name=\"action\" value=\"company_contact\"><\/div>\r\n    <div><input type=\"hidden\" name=\"nonce\" value=\"67a23a8c67\"><\/div>\r\n    <div><input type=\"hidden\" name=\"company_id\" value=\"11225\"><\/div>\r\n    <div><input type=\"hidden\" name=\"form_id\" value=\"artisan_form_contact_company_inline\"><\/div>\r\n    <div class=\"gglcptch gglcptch_v3 gglcptch_custom\"><input type=\"hidden\" id=\"g-recaptcha-response\" name=\"g-recaptcha-response\" \/><br \/><div class=\"gglcptch_error_text\">La p\u00e9riode de v\u00e9rification reCAPTCHA a expir\u00e9. Veuillez recharger la page.<\/div><\/div>    <div class=\"form-content\">\r\n        <div class=\"form-group\">\r\n            <label for=\"contact_firstName\" class=\"required\">Pr\u00e9nom<\/label>\r\n            <input type=\"text\" name=\"firstName\" class=\"form-control\" required>\r\n        <\/div>\r\n        <div class=\"form-group\">\r\n            <label for=\"contact_lastName\" class=\"required\">Nom<\/label>\r\n            <input type=\"text\" name=\"lastName\" class=\"form-control\" required>\r\n        <\/div>\r\n        <div class=\"form-group\">\r\n            <label for=\"contact_email\" class=\"required\">Email<\/label>\r\n            <input type=\"email\" name=\"email\" class=\"form-control\" required>\r\n        <\/div>\r\n        <div class=\"form-group\">\r\n            <label for=\"contact_phone\" class=\"required\">Num\u00e9ro de t\u00e9l\u00e9phone<\/label>\r\n            <input type=\"tel\" name=\"phone\" class=\"form-control\" placeholder=\"0787117165\" pattern=\"^[0-9]{10}$\" required>\r\n        <\/div>\r\n        <div class=\"form-group\">\r\n            <label for=\"contact_postalCode\" class=\"required\">Code postal et localit\u00e9<\/label>\r\n            <input type=\"text\" name=\"postalCode\" class=\"form-control\" required>\r\n        <\/div>\r\n        <div class=\"form-group\">\r\n            <label for=\"contact_address\" class=\"required\">Adresse<\/label>\r\n            <input type=\"text\" name=\"address\" class=\"form-control\" required>\r\n        <\/div>\r\n        <div class=\"full-width topic\">\r\n            <p class=\"required\">Je souhaite \u00eatre contact\u00e9 pour :<\/p>\r\n            <div class=\"form-check\">\r\n                <input type=\"radio\" name=\"topic\" value=\"D\u00e9pannage\" class=\"form-control\" required>\r\n                <label for=\"d\u00e9pannage\">D\u00e9pannage<\/label>\r\n            <\/div>\r\n            <div class=\"form-check\">\r\n                <input type=\"radio\" name=\"topic\" value=\"Entretien\" class=\"form-control\" required>\r\n                <label for=\"entretien\">Entretien<\/label>\r\n            <\/div>\r\n            <div class=\"form-check\">\r\n                <input type=\"radio\" name=\"topic\" value=\"R\u00e9novation\" class=\"form-control\" required>\r\n                <label for=\"r\u00e9novation\">R\u00e9novation<\/label>\r\n            <\/div>\r\n            <div class=\"form-check\">\r\n                <input type=\"radio\" name=\"topic\" value=\"Autre\" class=\"form-control\" required>\r\n                <label for=\"autre\">Autre<\/label>\r\n            <\/div>\r\n        <\/div>\r\n        <div class=\"form-group full-width\">\r\n            <label for=\"contact_message\">Message<\/label>\r\n            <textarea name=\"message\" rows=\"3\" class=\"form-control\"><\/textarea>\r\n        <\/div>\r\n    <\/div>\r\n    <div class=\"form-actions\">\r\n        <button class=\"wp-block-button__link has-accent-background-color\">Contacter<\/button>\r\n    <\/div>\r\n<\/form>\r\n<div class=\"form-feedback\"><\/div>    <\/div>\n<h2>Quels sont les services d&rsquo;Artisanlocal ?<\/h2>\n<ul>\n<li>La peinture int\u00e9rieure : sur vos murs, plafonds, portes, moulures, ou dans vos pi\u00e8ces, comme votre salle de bain, salon ou chambre.<\/li>\n<li>La peinture ext\u00e9rieure : sur les terrasses, les cl\u00f4tures, le bardage, les briques, le stuc et les portes de votre parking.<\/li>\n<li>La peinture d\u00e9corative : pour cr\u00e9er des effets visuels comme le faux marbre, les patines, l&rsquo;effet vieilli, le faux bois et l&rsquo;effet oxyd\u00e9.<\/li>\n<li>La peinture dans votre cuisine : pose d&rsquo;une couche de peinture, comme la peinture satin\u00e9e, qui se lave facilement.<\/li>\n<li>Les enduits d\u00e9coratifs : ajout b\u00e9ton cir\u00e9 ou tadelakt, ou des enduits.<\/li>\n<li>Artiste peintre : r\u00e9alisation de peintures murales (ext\u00e9rieur, int\u00e9rieur, artistique ou d\u00e9corative).<\/li>\n<li>La peinture pour le ravalement de fa\u00e7ade : r\u00e9novation de la face avant du b\u00e2timent, pose d&rsquo;enduit, peinture, bardage ou cr\u00e9pi.<\/li>\n<li>La peinture sur les zones en hauteur : nos artisans peintres interviennent dans des emplacements compliqu\u00e9s comme les ponts, les usines ou les tours.<\/li>\n<li>La peinture de finition : ajout d&rsquo;une couche de finition sur vos meubles de coin cuisine ou de votre salle de bain.<\/li>\n<li>Les services d&rsquo;installation et de restauration : le colmatage des fissures, la mise en place de plaques de pl\u00e2tre, ou la r\u00e9paration des creux dans les murs.<\/li>\n<li>Les travaux de d\u00e9collage et de mise en place de tapisserie : l&rsquo;enl\u00e8vement et la pose d&rsquo;un nouveau rev\u00eatement mural.<\/li>\n<li>La peinture pour les commerces : pour les espaces de travail, restaurants, \u00e9tablissement scolaire, salles de sports et autres biens immobiliers, pour les professionnels.<\/li>\n<li>La peinture pour b\u00e2timent : nos peintres interviennent aussi dans les b\u00e2timents, pour la pr\u00e9paration des zones avant la peinture, la r\u00e9alisation des finitions et l\u2019application des rev\u00eatements\/peintures.<\/li>\n<\/ul>\n<h2>Comment votre soci\u00e9t\u00e9 fonctionne ?<\/h2>\n<p>Dans notre soci\u00e9t\u00e9, nous avons cr\u00e9\u00e9 un syst\u00e8me \u00e9tape par \u00e9tape afin de r\u00e9pondre aux attentes de nos clients.<\/p>\n<h3>\u00c9tape 1\u00a0 : recevez une estimation<\/h3>\n<p>Demandez un devis gratuit en ligne ou par t\u00e9l\u00e9phone dans les 24 heures.<\/p>\n<h3>\u00c9tape 2\u00a0 : \u00e9tudiez votre estimation<\/h3>\n<p>Soyez assur\u00e9 que le devis que vous obtenez d\u00e9termine correctement le montant de votre projet. Si vous avez un doute, contactez-nous pour en savoir plus sur les d\u00e9tails de votre estimation.<\/p>\n<h3>\u00c9tape 3\u00a0 : planifiez la date de d\u00e9but de votre projet<\/h3>\n<p>Une fois que vous avez approuv\u00e9 le devis, nous d\u00e9cidons ensemble la date de commencement de votre projet. Afin d&rsquo;assurer le succ\u00e8s de votre projet, nous vous mettons \u00e0 votre disposition un chef de projet.<\/p>\n<h2>Que faut-il d\u00e9penser pour une prestation de peinture \u00e0 Vevey ?<\/h2>\n<p>Le co\u00fbt des travaux d\u00e9pend principalement de l&rsquo;\u00e9tat des surfaces \u00e0 r\u00e9nover. G\u00e9n\u00e9ralement, les montants se situent entre 60 et 70 CHF par heure. \u00c0 peu pr\u00e8s 80% \u00e0 90% du montant total sont attribu\u00e9s \u00e0 la main-d&rsquo;\u0153uvre, tandis que la peinture ne repr\u00e9sente que 10% \u00e0 20% du budget.<\/p>\n<h2>Pourquoi choisir nos peintres \u00e0 Vevey ?<\/h2>\n<ul>\n<li>Disponibilit\u00e9 : nos artisans peintres sont disponibles en continu \u00e0 Vevey pour r\u00e9pondre d\u00e8s que possible \u00e0 vos d\u00e9sirs.<\/li>\n<li>Excellence : en choisissant notre entreprise, vous choisissez la qualit\u00e9 et le professionnalisme.<\/li>\n<li>Prix accessibles : nos prix sont \u00e9valu\u00e9s en tenant compte de vos besoins et vos moyens.<\/li>\n<li>Offres sur mesure : nous \u00e9tudions votre projet de peinture de mani\u00e8re \u00e0 cr\u00e9er une prestation sur mesure.<\/li>\n<li>Le savoir-faire, nos sp\u00e9cialistes de la peinture \u00e0 Vevey poss\u00e8dent un \u00e9ventail de qualifications, tels que : la pr\u00e9paration avant la pose de peinture, la pose des diff\u00e9rentes couches et la mise en \u0153uvre des finitions.<\/li>\n<\/ul>\n<h2>Questions fr\u00e9quentes<\/h2>\n<h3>Quelle peinture utilisez-vous ?<\/h3>\n<p>Nous appliquons uniquement des peintures haut de gamme. Il est possible pour nos artisans peintres d&rsquo;utiliser les pots que vous avez achet\u00e9s.<\/p>\n<h3>Votre entreprise est-elle ouverte le week-end ?<\/h3>\n<p>Oui, nous sommes disponibles le samedi et le dimanche \u00e0 Vevey et dans les localit\u00e9s alentours.<\/p>\n<h3>Assurez-vous la protection des meubles ?<\/h3>\n<p>Oui, nous apportons le mat\u00e9riel n\u00e9cessaire pour garantir que vos meubles et votre \u00e9lectrom\u00e9nager soient recouverts durant nos travaux. N\u00e9anmoins, si vous avez des objets susceptibles de se briser, nous vous conseillons d&rsquo;en informer le chef de projet, nous mettrons en \u0153uvre des mesures suppl\u00e9mentaires.<\/p>\n<h3>Quelles sont les solutions si j&rsquo;estime le travail accompli insuffisant ?<\/h3>\n<p>Dans le cas o\u00f9 vous ne seriez pas content des r\u00e9sultats, nous interviendrons de nouveau \u00e0 votre domicile pour r\u00e9soudre les manques tant que vous ne serez pas combl\u00e9.<\/p>\n<h3>Fournissez-vous des devis gratuits ?<\/h3>\n<p>Oui, nos devis sont gratuits et sans engagements. Si vous d\u00e9sirez aller plus loin, un artisan peintre se d\u00e9place chez vous dans le but de valider le devis avec vous.<\/p>\n<h3>Vos services couvrent-ils aussi les villes proches Vevey ?<\/h3>\n<p>Oui, notre soci\u00e9t\u00e9 r\u00e9alise des travaux de peintures \u00e0 Vevey, et \u00e9galement dans les villes proches, comme :<\/p>\nPuidoux, Chexbres, Rivaz, St-Saphorin (Lavaux), Aran, Chenaux, Grandvaux, Cully, Villette (Lavaux), Riex, Epesses, Le Mont-P\u00e8lerin, Corseaux, Chardonne, Corsier-sur-Vevey, Jongny, St-L\u00e9gier-La Chi\u00e9saz, Blonay, Les Monts-de-Corsier, Fenil-sur-Corsier, La Tour-de-Peilz, Clarens, Chailly-Montreux, Brent, Montreux, Territet, Veytaux, Chernex, Glion, Caux, Chamby, Villard-sur-Chamby, Les Avants.\n","protected":false},"excerpt":{"rendered":"<p>Besoin d&rsquo;un peintre \u00e0 Vevey ? Artisanlocal r\u00e9nove la peinture de votre int\u00e9rieur et de votre ext\u00e9rieur, si vous \u00eates un Veveysan, nous intervenons rapidement \u00e0 votre domicile et aussi dans les villes \u00e0 proximit\u00e9. Quels sont les services d&rsquo;Artisanlocal ? La peinture int\u00e9rieure : sur vos murs, plafonds, portes, moulures, ou dans vos pi\u00e8ces, [&hellip;]<\/p>\n","protected":false},"author":4,"featured_media":2756,"parent":0,"menu_order":0,"comment_status":"closed","ping_status":"closed","template":"","meta":{"footnotes":""},"profession":[121],"location":[133],"canton":[113],"class_list":["post-729","page","type-page","status-publish","has-post-thumbnail","hentry","profession-peintre","location-vevey","canton-vd"],"yoast_head":"<!-- This site is optimized with the Yoast SEO Premium plugin v25.7.1 (Yoast SEO v27.3) - https:\/\/yoast.com\/product\/yoast-seo-premium-wordpress\/ -->\n<title>Peintre \u00e0 Vevey - Artisanlocal<\/title>\n<meta name=\"robots\" content=\"index, follow, max-snippet:-1, max-image-preview:large, max-video-preview:-1\" \/>\n<link rel=\"canonical\" href=\"https:\/\/www.artisanlocal.ch\/c\/engager-le-meilleur-peintre-a-vevey\/\" \/>\n<meta property=\"og:locale\" content=\"fr_FR\" \/>\n<meta property=\"og:type\" content=\"article\" \/>\n<meta property=\"og:title\" content=\"Peintre \u00e0 Vevey\" \/>\n<meta property=\"og:description\" content=\"Besoin d&rsquo;un peintre \u00e0 Vevey ? Artisanlocal r\u00e9nove la peinture de votre int\u00e9rieur et de votre ext\u00e9rieur, si vous \u00eates un Veveysan, nous intervenons rapidement \u00e0 votre domicile et aussi dans les villes \u00e0 proximit\u00e9. Quels sont les services d&rsquo;Artisanlocal ? La peinture int\u00e9rieure : sur vos murs, plafonds, portes, moulures, ou dans vos pi\u00e8ces, [&hellip;]\" \/>\n<meta property=\"og:url\" content=\"https:\/\/www.artisanlocal.ch\/c\/engager-le-meilleur-peintre-a-vevey\/\" \/>\n<meta property=\"og:site_name\" content=\"Artisanlocal\" \/>\n<meta property=\"article:modified_time\" content=\"2026-04-03T10:58:15+00:00\" \/>\n<meta property=\"og:image\" content=\"https:\/\/www.artisanlocal.ch\/c\/wp-content\/uploads\/2024\/10\/peintre.jpg\" \/>\n\t<meta property=\"og:image:width\" content=\"1920\" \/>\n\t<meta property=\"og:image:height\" content=\"300\" \/>\n\t<meta property=\"og:image:type\" content=\"image\/jpeg\" \/>\n<meta name=\"twitter:card\" content=\"summary_large_image\" \/>\n<meta name=\"twitter:label1\" content=\"Dur\u00e9e de lecture estim\u00e9e\" \/>\n\t<meta name=\"twitter:data1\" content=\"5 minutes\" \/>\n<script type=\"application\/ld+json\" class=\"yoast-schema-graph\">{\"@context\":\"https:\\\/\\\/schema.org\",\"@graph\":[{\"@type\":\"WebPage\",\"@id\":\"https:\\\/\\\/www.artisanlocal.ch\\\/c\\\/engager-le-meilleur-peintre-a-vevey\\\/\",\"url\":\"https:\\\/\\\/www.artisanlocal.ch\\\/c\\\/engager-le-meilleur-peintre-a-vevey\\\/\",\"name\":\"Peintre \u00e0 Vevey - Artisanlocal\",\"isPartOf\":{\"@id\":\"https:\\\/\\\/www.artisanlocal.ch\\\/c\\\/#website\"},\"primaryImageOfPage\":{\"@id\":\"https:\\\/\\\/www.artisanlocal.ch\\\/c\\\/engager-le-meilleur-peintre-a-vevey\\\/#primaryimage\"},\"image\":{\"@id\":\"https:\\\/\\\/www.artisanlocal.ch\\\/c\\\/engager-le-meilleur-peintre-a-vevey\\\/#primaryimage\"},\"thumbnailUrl\":\"https:\\\/\\\/www.artisanlocal.ch\\\/c\\\/wp-content\\\/uploads\\\/2024\\\/10\\\/peintre.jpg\",\"datePublished\":\"2024-04-16T06:16:18+00:00\",\"dateModified\":\"2026-04-03T10:58:15+00:00\",\"breadcrumb\":{\"@id\":\"https:\\\/\\\/www.artisanlocal.ch\\\/c\\\/engager-le-meilleur-peintre-a-vevey\\\/#breadcrumb\"},\"inLanguage\":\"fr-FR\",\"potentialAction\":[{\"@type\":\"ReadAction\",\"target\":[\"https:\\\/\\\/www.artisanlocal.ch\\\/c\\\/engager-le-meilleur-peintre-a-vevey\\\/\"]}]},{\"@type\":\"ImageObject\",\"inLanguage\":\"fr-FR\",\"@id\":\"https:\\\/\\\/www.artisanlocal.ch\\\/c\\\/engager-le-meilleur-peintre-a-vevey\\\/#primaryimage\",\"url\":\"https:\\\/\\\/www.artisanlocal.ch\\\/c\\\/wp-content\\\/uploads\\\/2024\\\/10\\\/peintre.jpg\",\"contentUrl\":\"https:\\\/\\\/www.artisanlocal.ch\\\/c\\\/wp-content\\\/uploads\\\/2024\\\/10\\\/peintre.jpg\",\"width\":1920,\"height\":300},{\"@type\":\"BreadcrumbList\",\"@id\":\"https:\\\/\\\/www.artisanlocal.ch\\\/c\\\/engager-le-meilleur-peintre-a-vevey\\\/#breadcrumb\",\"itemListElement\":[{\"@type\":\"ListItem\",\"position\":1,\"name\":\"Accueil\",\"item\":\"https:\\\/\\\/www.artisanlocal.ch\\\/c\\\/\"},{\"@type\":\"ListItem\",\"position\":2,\"name\":\"Peintre \u00e0 Vevey\"}]},{\"@type\":\"WebSite\",\"@id\":\"https:\\\/\\\/www.artisanlocal.ch\\\/c\\\/#website\",\"url\":\"https:\\\/\\\/www.artisanlocal.ch\\\/c\\\/\",\"name\":\"Artisanlocal\",\"description\":\"\",\"publisher\":{\"@id\":\"https:\\\/\\\/www.artisanlocal.ch\\\/c\\\/#organization\"},\"potentialAction\":[{\"@type\":\"SearchAction\",\"target\":{\"@type\":\"EntryPoint\",\"urlTemplate\":\"https:\\\/\\\/www.artisanlocal.ch\\\/c\\\/?s={search_term_string}\"},\"query-input\":{\"@type\":\"PropertyValueSpecification\",\"valueRequired\":true,\"valueName\":\"search_term_string\"}}],\"inLanguage\":\"fr-FR\"},{\"@type\":\"Organization\",\"@id\":\"https:\\\/\\\/www.artisanlocal.ch\\\/c\\\/#organization\",\"name\":\"Artisanlocal\",\"url\":\"https:\\\/\\\/www.artisanlocal.ch\\\/c\\\/\",\"logo\":{\"@type\":\"ImageObject\",\"inLanguage\":\"fr-FR\",\"@id\":\"https:\\\/\\\/www.artisanlocal.ch\\\/c\\\/#\\\/schema\\\/logo\\\/image\\\/\",\"url\":\"https:\\\/\\\/www.artisanlocal.ch\\\/c\\\/wp-content\\\/uploads\\\/2024\\\/02\\\/logo-artisanlocal-h.svg\",\"contentUrl\":\"https:\\\/\\\/www.artisanlocal.ch\\\/c\\\/wp-content\\\/uploads\\\/2024\\\/02\\\/logo-artisanlocal-h.svg\",\"caption\":\"Artisanlocal\"},\"image\":{\"@id\":\"https:\\\/\\\/www.artisanlocal.ch\\\/c\\\/#\\\/schema\\\/logo\\\/image\\\/\"}}]}<\/script>\n<!-- \/ Yoast SEO Premium plugin. -->","yoast_head_json":{"title":"Peintre \u00e0 Vevey - Artisanlocal","robots":{"index":"index","follow":"follow","max-snippet":"max-snippet:-1","max-image-preview":"max-image-preview:large","max-video-preview":"max-video-preview:-1"},"canonical":"https:\/\/www.artisanlocal.ch\/c\/engager-le-meilleur-peintre-a-vevey\/","og_locale":"fr_FR","og_type":"article","og_title":"Peintre \u00e0 Vevey","og_description":"Besoin d&rsquo;un peintre \u00e0 Vevey ? Artisanlocal r\u00e9nove la peinture de votre int\u00e9rieur et de votre ext\u00e9rieur, si vous \u00eates un Veveysan, nous intervenons rapidement \u00e0 votre domicile et aussi dans les villes \u00e0 proximit\u00e9. Quels sont les services d&rsquo;Artisanlocal ? La peinture int\u00e9rieure : sur vos murs, plafonds, portes, moulures, ou dans vos pi\u00e8ces, [&hellip;]","og_url":"https:\/\/www.artisanlocal.ch\/c\/engager-le-meilleur-peintre-a-vevey\/","og_site_name":"Artisanlocal","article_modified_time":"2026-04-03T10:58:15+00:00","og_image":[{"width":1920,"height":300,"url":"https:\/\/www.artisanlocal.ch\/c\/wp-content\/uploads\/2024\/10\/peintre.jpg","type":"image\/jpeg"}],"twitter_card":"summary_large_image","twitter_misc":{"Dur\u00e9e de lecture estim\u00e9e":"5 minutes"},"schema":{"@context":"https:\/\/schema.org","@graph":[{"@type":"WebPage","@id":"https:\/\/www.artisanlocal.ch\/c\/engager-le-meilleur-peintre-a-vevey\/","url":"https:\/\/www.artisanlocal.ch\/c\/engager-le-meilleur-peintre-a-vevey\/","name":"Peintre \u00e0 Vevey - Artisanlocal","isPartOf":{"@id":"https:\/\/www.artisanlocal.ch\/c\/#website"},"primaryImageOfPage":{"@id":"https:\/\/www.artisanlocal.ch\/c\/engager-le-meilleur-peintre-a-vevey\/#primaryimage"},"image":{"@id":"https:\/\/www.artisanlocal.ch\/c\/engager-le-meilleur-peintre-a-vevey\/#primaryimage"},"thumbnailUrl":"https:\/\/www.artisanlocal.ch\/c\/wp-content\/uploads\/2024\/10\/peintre.jpg","datePublished":"2024-04-16T06:16:18+00:00","dateModified":"2026-04-03T10:58:15+00:00","breadcrumb":{"@id":"https:\/\/www.artisanlocal.ch\/c\/engager-le-meilleur-peintre-a-vevey\/#breadcrumb"},"inLanguage":"fr-FR","potentialAction":[{"@type":"ReadAction","target":["https:\/\/www.artisanlocal.ch\/c\/engager-le-meilleur-peintre-a-vevey\/"]}]},{"@type":"ImageObject","inLanguage":"fr-FR","@id":"https:\/\/www.artisanlocal.ch\/c\/engager-le-meilleur-peintre-a-vevey\/#primaryimage","url":"https:\/\/www.artisanlocal.ch\/c\/wp-content\/uploads\/2024\/10\/peintre.jpg","contentUrl":"https:\/\/www.artisanlocal.ch\/c\/wp-content\/uploads\/2024\/10\/peintre.jpg","width":1920,"height":300},{"@type":"BreadcrumbList","@id":"https:\/\/www.artisanlocal.ch\/c\/engager-le-meilleur-peintre-a-vevey\/#breadcrumb","itemListElement":[{"@type":"ListItem","position":1,"name":"Accueil","item":"https:\/\/www.artisanlocal.ch\/c\/"},{"@type":"ListItem","position":2,"name":"Peintre \u00e0 Vevey"}]},{"@type":"WebSite","@id":"https:\/\/www.artisanlocal.ch\/c\/#website","url":"https:\/\/www.artisanlocal.ch\/c\/","name":"Artisanlocal","description":"","publisher":{"@id":"https:\/\/www.artisanlocal.ch\/c\/#organization"},"potentialAction":[{"@type":"SearchAction","target":{"@type":"EntryPoint","urlTemplate":"https:\/\/www.artisanlocal.ch\/c\/?s={search_term_string}"},"query-input":{"@type":"PropertyValueSpecification","valueRequired":true,"valueName":"search_term_string"}}],"inLanguage":"fr-FR"},{"@type":"Organization","@id":"https:\/\/www.artisanlocal.ch\/c\/#organization","name":"Artisanlocal","url":"https:\/\/www.artisanlocal.ch\/c\/","logo":{"@type":"ImageObject","inLanguage":"fr-FR","@id":"https:\/\/www.artisanlocal.ch\/c\/#\/schema\/logo\/image\/","url":"https:\/\/www.artisanlocal.ch\/c\/wp-content\/uploads\/2024\/02\/logo-artisanlocal-h.svg","contentUrl":"https:\/\/www.artisanlocal.ch\/c\/wp-content\/uploads\/2024\/02\/logo-artisanlocal-h.svg","caption":"Artisanlocal"},"image":{"@id":"https:\/\/www.artisanlocal.ch\/c\/#\/schema\/logo\/image\/"}}]}},"_links":{"self":[{"href":"https:\/\/www.artisanlocal.ch\/c\/wp-json\/wp\/v2\/pages\/729","targetHints":{"allow":["GET"]}}],"collection":[{"href":"https:\/\/www.artisanlocal.ch\/c\/wp-json\/wp\/v2\/pages"}],"about":[{"href":"https:\/\/www.artisanlocal.ch\/c\/wp-json\/wp\/v2\/types\/page"}],"author":[{"embeddable":true,"href":"https:\/\/www.artisanlocal.ch\/c\/wp-json\/wp\/v2\/users\/4"}],"replies":[{"embeddable":true,"href":"https:\/\/www.artisanlocal.ch\/c\/wp-json\/wp\/v2\/comments?post=729"}],"version-history":[{"count":1,"href":"https:\/\/www.artisanlocal.ch\/c\/wp-json\/wp\/v2\/pages\/729\/revisions"}],"predecessor-version":[{"id":5352,"href":"https:\/\/www.artisanlocal.ch\/c\/wp-json\/wp\/v2\/pages\/729\/revisions\/5352"}],"wp:featuredmedia":[{"embeddable":true,"href":"https:\/\/www.artisanlocal.ch\/c\/wp-json\/wp\/v2\/media\/2756"}],"wp:attachment":[{"href":"https:\/\/www.artisanlocal.ch\/c\/wp-json\/wp\/v2\/media?parent=729"}],"wp:term":[{"taxonomy":"profession","embeddable":true,"href":"https:\/\/www.artisanlocal.ch\/c\/wp-json\/wp\/v2\/profession?post=729"},{"taxonomy":"location","embeddable":true,"href":"https:\/\/www.artisanlocal.ch\/c\/wp-json\/wp\/v2\/location?post=729"},{"taxonomy":"canton","embeddable":true,"href":"https:\/\/www.artisanlocal.ch\/c\/wp-json\/wp\/v2\/canton?post=729"}],"curies":[{"name":"wp","href":"https:\/\/api.w.org\/{rel}","templated":true}]}}